{"id":19208,"date":"2025-04-07T06:18:13","date_gmt":"2025-04-07T06:18:13","guid":{"rendered":"https:\/\/www.hydraulic-cylinders.net\/product\/boom-cylinder-for-xcmg-wheel-excavator-xe150w\/"},"modified":"2025-04-07T06:18:16","modified_gmt":"2025-04-07T06:18:16","slug":"boom-cylinder-for-xcmg-wheel-excavator-xe150w","status":"publish","type":"product","link":"https:\/\/www.hydraulic-cylinders.net\/pl\/produkt\/boom-cylinder-for-xcmg-wheel-excavator-xe150w\/","title":{"rendered":"Si\u0142ownik wysi\u0119gnika do koparki ko\u0142owej XCMG XE150W"},"content":{"rendered":"<h1>Si\u0142ownik wysi\u0119gnika do koparki ko\u0142owej XCMG XE150W<\/h1>\n<h2>Przegl\u0105d cylindra wysi\u0119gnika<\/h2>\n<p>Si\u0142ownik wysi\u0119gnika jest kluczowym elementem uk\u0142ad\u00f3w hydraulicznych, zaprojektowanym specjalnie do sterowania ruchem wysi\u0119gnik\u00f3w w r\u00f3\u017cnych maszynach ci\u0119\u017ckich, takich jak koparki, koparko-\u0142adowarki i \u0142adowarki czo\u0142owe. Umo\u017cliwia podnoszenie, opuszczanie i przechylanie wysi\u0119gnika, u\u0142atwiaj\u0105c wydajne zadania zwi\u0105zane z prze\u0142adunkiem materia\u0142\u00f3w. Si\u0142ownik wysi\u0119gnika to rodzaj si\u0142ownika hydraulicznego, kt\u00f3ry wykorzystuje ci\u015bnienie p\u0142ynu hydraulicznego do wykonywania tych funkcji, co czyni go niezb\u0119dnym do obs\u0142ugi maszyn budowlanych i rolniczych.<\/p>\n<p><img decoding=\"async\" src=\"https:\/\/www.hydraulic-cylinders.net\/wp-content\/uploads\/2025\/04\/songte-company-1.webp\" alt=\"Si\u0142ownik wysi\u0119gnika\"><\/p>\n<h3>Funkcjonalno\u015b\u0107 i zastosowania<\/h3>\n<p>Si\u0142ownik wysi\u0119gnika odgrywa kluczow\u0105 rol\u0119 w uk\u0142adzie hydraulicznym koparki. Umo\u017cliwiaj\u0105c wysuwanie i wsuwanie wysi\u0119gnika, zapewnia on si\u0142\u0119 niezb\u0119dn\u0105 do efektywnego kopania, podnoszenia i transportu materia\u0142\u00f3w. Si\u0142owniki te s\u0105 zaprojektowane do pracy pod wysokim ci\u015bnieniem, zapewniaj\u0105c precyzj\u0119 ruchu i stabilno\u015b\u0107 podczas pracy. Ich zastosowania wykraczaj\u0105 poza koparki, co czyni je niezb\u0119dnymi w r\u00f3\u017cnych maszynach ci\u0119\u017ckich.<\/p>\n<h2>Cechy cylindra wysi\u0119gnika<\/h2>\n<ul>\n<li><strong>Wysoka wytrzyma\u0142o\u015b\u0107 i trwa\u0142o\u015b\u0107:<\/strong> Wykonany z wysokowytrzyma\u0142ej stali lub aluminium si\u0142ownik wysi\u0119gnika jest odporny na wysokie ci\u015bnienie i du\u017ce obci\u0105\u017cenia, dzi\u0119ki czemu nadaje si\u0119 do pracy w trudnych warunkach. Konstrukcja si\u0142ownika uwzgl\u0119dnia r\u00f3wnie\u017c odporno\u015b\u0107 na zu\u017cycie i korozj\u0119, co wyd\u0142u\u017ca jego \u017cywotno\u015b\u0107.<\/li>\n<li><strong>Wydajna praca uk\u0142adu hydraulicznego:<\/strong> Si\u0142ownik wykorzystuje ci\u015bnienie oleju hydraulicznego do p\u0142ynnego wysuwania i wsuwania, umo\u017cliwiaj\u0105c szybk\u0105 reakcj\u0119 na polecenia steruj\u0105ce i zapewniaj\u0105c du\u017c\u0105 si\u0142\u0119 pchania i ci\u0105gni\u0119cia, idealn\u0105 do wykonywania ci\u0119\u017ckich i skomplikowanych zada\u0144.<\/li>\n<li><strong>R\u00f3\u017cne typy:<\/strong> Dost\u0119pne w konfiguracji jednostronnego dzia\u0142ania (dzia\u0142anie hydrauliczne w jednym kierunku) lub dwustronnego dzia\u0142ania (dzia\u0142anie hydrauliczne w obu kierunkach), aby sprosta\u0107 r\u00f3\u017cnym potrzebom operacyjnym. Niekt\u00f3re modele s\u0105 teleskopowe, co pozwala na wi\u0119ksze wysuni\u0119cie bez zwi\u0119kszania wymiar\u00f3w zewn\u0119trznych, co idealnie sprawdza si\u0119 w zastosowaniach o ograniczonej przestrzeni.<\/li>\n<\/ul>\n<h3>Mo\u017cliwo\u015bci produkcyjne<\/h3>\n<p>Nasze produkty doskonale zast\u0119puj\u0105 te si\u0142owniki hydrauliczne, gwarantuj\u0105c jako\u015b\u0107 i wydajno\u015b\u0107 odpowiadaj\u0105c\u0105 standardom przemys\u0142owym.<\/p>\n<p><img decoding=\"async\" src=\"https:\/\/www.hydraulic-cylinders.net\/wp-content\/uploads\/2025\/04\/songte-cylinder-head-with-all-kinds-excavator-models.webp\" alt=\"Produkcja cylindr\u00f3w wysi\u0119gnika\"><\/p>\n<h2>Scenariusze zastosowa\u0144<\/h2>\n<ul>\n<li><strong>Sprz\u0119t budowlany:<\/strong> W koparkach si\u0142owniki wysi\u0119gnika s\u0105 niezb\u0119dne do kopania, za\u0142adunku i przemieszczania gleby lub gruzu. Umo\u017cliwiaj\u0105 one precyzyjne wykonywanie r\u00f3\u017cnych zada\u0144, takich jak kopanie row\u00f3w i transport materia\u0142\u00f3w.<\/li>\n<li><strong>Koparko-\u0142adowarki:<\/strong> W koparko-\u0142adowarkach si\u0142ownik wysi\u0119gnika pomaga podczas kopania i podnoszenia, zwi\u0119kszaj\u0105c wydajno\u015b\u0107 i efektywno\u015b\u0107 prac budowlanych i ogrodniczych.<\/li>\n<li><strong>Maszyny rolnicze:<\/strong> Stosowane w \u0142adowarkach czo\u0142owych si\u0142owniki wysi\u0119gnika s\u0105 niezb\u0119dne do nabierania, podnoszenia i transportu gleby, siana i innych materia\u0142\u00f3w. Ich solidna konstrukcja u\u0142atwia prace rolnicze wymagaj\u0105ce podnoszenia du\u017cych ci\u0119\u017car\u00f3w.<\/li>\n<li><strong>Funkcje koparki:<\/strong> Si\u0142ownik wysi\u0119gnika umo\u017cliwia zag\u0142\u0119bianie si\u0119 \u0142y\u017cki koparki w gleb\u0119, co u\u0142atwia efektywne kopanie, co jest niezwykle istotne w przypadku projekt\u00f3w budowlanych.<\/li>\n<li><strong>\u0141adowarki:<\/strong> W \u0142adowarkach czo\u0142owych si\u0142owniki wysi\u0119gnika zapewniaj\u0105 si\u0142\u0119 niezb\u0119dn\u0105 do wydajnego podnoszenia i zrzucania \u0142adunk\u00f3w, co ma kluczowe znaczenie w przypadku transportu materia\u0142\u00f3w na placach budowy.<\/li>\n<\/ul>\n<h2>Zagadnienia projektowe i kryteria wyboru<\/h2>\n<h3>No\u015bno\u015b\u0107<\/h3>\n<p>Ud\u017awig si\u0142ownika wysi\u0119gnika jest kluczowym czynnikiem, kt\u00f3ry nale\u017cy wzi\u0105\u0107 pod uwag\u0119. Musi on by\u0107 w stanie ud\u017awign\u0105\u0107 maksymaln\u0105 mas\u0119 przewidywan\u0105 podczas operacji bez ryzyka awarii. Konstrukcja powinna zapewnia\u0107 stabilno\u015b\u0107 si\u0142ownika przy zmiennych obci\u0105\u017ceniach, zmniejszaj\u0105c ryzyko wypadk\u00f3w.<\/p>\n<h3>Integralno\u015b\u0107 uszczelnienia<\/h3>\n<p>Skuteczne uszczelnienie jest niezb\u0119dne, aby zapobiec wyciekom p\u0142ynu hydraulicznego, kt\u00f3re mog\u0105 prowadzi\u0107 do obni\u017cenia wydajno\u015bci i potencjalnych zagro\u017ce\u0144. Wyb\u00f3r uszczelnie\u0144 powinien by\u0107 oparty na konkretnych warunkach pracy, w tym temperaturze i nara\u017ceniu na zanieczyszczenia.<\/p>\n<h3>Trwa\u0142o\u015b\u0107<\/h3>\n<p>Trwa\u0142o\u015b\u0107 ma kluczowe znaczenie w sektorze budowlanym i rolniczym, gdzie sprz\u0119t jest nara\u017cony na trudne warunki. Wyb\u00f3r materia\u0142\u00f3w odpornych na zu\u017cycie i korozj\u0119 wyd\u0142u\u017ca \u017cywotno\u015b\u0107 si\u0142ownika wysi\u0119gnika, gwarantuj\u0105c niezawodn\u0105 prac\u0119 przez d\u0142ugi czas.<\/p>\n<h3>Funkcje bezpiecze\u0144stwa<\/h3>\n<p>W konstrukcji si\u0142ownika wysi\u0119gnika nale\u017cy uwzgl\u0119dni\u0107 zabezpieczenia, aby zapobiec wypadkom podczas pracy. Nale\u017c\u0105 do nich zawory bezpiecze\u0144stwa i uk\u0142ady redukcji ci\u015bnienia, kt\u00f3re chroni\u0105 przed przeci\u0105\u017ceniem i zapewniaj\u0105 bezpieczne przenoszenie ci\u0119\u017ckich \u0142adunk\u00f3w.<\/p>\n<h3>Dost\u0119pno\u015b\u0107 konserwacyjna<\/h3>\n<p>Konstrukcja powinna umo\u017cliwia\u0107 \u0142atwy dost\u0119p do podzespo\u0142\u00f3w w celach konserwacyjnych. Regularne kontrole i serwisowanie s\u0105 kluczowe dla wyd\u0142u\u017cenia \u017cywotno\u015bci si\u0142ownika hydraulicznego i zapewnienia optymalnej wydajno\u015bci.<\/p>\n<p><img decoding=\"async\" src=\"https:\/\/www.hydraulic-cylinders.net\/wp-content\/uploads\/2025\/04\/songte-oil-pipes-and-spare-parts.webp\" alt=\"Cz\u0119\u015bci cylindr\u00f3w hydraulicznych\"><\/p>\n<h2>Uszczelnianie i smarowanie<\/h2>\n<p>Skuteczne uszczelnienie i smarowanie s\u0105 kluczowe dla wydajno\u015bci si\u0142ownik\u00f3w wysi\u0119gnika. R\u00f3\u017cne elementy uszczelniaj\u0105ce, takie jak uszczelnienia t\u0142oka i t\u0142oczyska, zapewniaj\u0105 utrzymanie p\u0142ynu hydraulicznego wewn\u0105trz si\u0142ownika. Preferowane s\u0105 uszczelnienia wykonane z trwa\u0142ych materia\u0142\u00f3w, takich jak poliuretan i kauczuk nitrylowy, ze wzgl\u0119du na ich odporno\u015b\u0107 na zu\u017cycie.<\/p>\n<p>Korpus cylindra i gwintowane powierzchnie ko\u0144cowe musz\u0105 zosta\u0107 poddane precyzyjnej obr\u00f3bce w celu zwi\u0119kszenia odporno\u015bci na zu\u017cycie. Dodatkowo, regularne smarowanie odpowiednim olejem hydraulicznym jest niezb\u0119dne dla zapewnienia p\u0142ynnej pracy i zapobiegania uszkodzeniom wewn\u0119trznym spowodowanym tarciem.<\/p>\n<h2>Regularne kontrole i \u015brodki konserwacji zapobiegawczej<\/h2>\n<ul>\n<li><strong>Regularne kontrole:<\/strong> Przeprowadzaj rutynowe kontrole w celu wykrycia oznak zu\u017cycia lub uszkodze\u0144. Obejmuje to sprawdzenie uszczelek pod k\u0105tem wyciek\u00f3w i upewnienie si\u0119, \u017ce wszystkie podzespo\u0142y dzia\u0142aj\u0105 prawid\u0142owo.<\/li>\n<li><strong>Prawid\u0142owe smarowanie:<\/strong> Upewnij si\u0119, \u017ce poziom oleju hydraulicznego jest odpowiedni i \u017ce stosowany olej jest odpowiedni do warunk\u00f3w pracy, aby zachowa\u0107 optymaln\u0105 wydajno\u015b\u0107.<\/li>\n<li><strong>Wymiana uszczelki:<\/strong> W razie potrzeby wymieniaj uszczelki, aby zapobiec wyciekom i utrzyma\u0107 ci\u015bnienie hydrauliczne. Regularne kontrole mog\u0105 pom\u00f3c w ustaleniu, kiedy uszczelki zaczynaj\u0105 szwankowa\u0107.<\/li>\n<\/ul>\n<h2>Wytyczne dotycz\u0105ce instalacji<\/h2>\n<p>Prawid\u0142owy monta\u017c si\u0142ownika wysi\u0119gnika ma kluczowe znaczenie dla jego wydajno\u015bci i trwa\u0142o\u015bci. Upewnij si\u0119, \u017ce wsporniki monta\u017cowe s\u0105 odpowiednio wyr\u00f3wnane, a si\u0142ownik jest solidnie zamocowany, aby zapobiec jego przemieszczaniu si\u0119 podczas pracy. U\u017cyj odpowiednich podp\u00f3r monta\u017cowych, aby ustabilizowa\u0107 si\u0142ownik i post\u0119puj zgodnie ze specyfikacjami producenta dotycz\u0105cymi ustawie\u0144 momentu obrotowego.<\/p>\n<p>Podczas monta\u017cu nale\u017cy zwr\u00f3ci\u0107 uwag\u0119 na po\u0142\u0105czenia hydrauliczne, aby unikn\u0105\u0107 wyciek\u00f3w. Nale\u017cy upewni\u0107 si\u0119, \u017ce wszystkie w\u0119\u017ce i z\u0142\u0105czki s\u0105 prawid\u0142owo pod\u0142\u0105czone i sprawdzone pod k\u0105tem zu\u017cycia. Po monta\u017cu nale\u017cy przetestowa\u0107 system, aby upewni\u0107 si\u0119, \u017ce si\u0142ownik dzia\u0142a zgodnie z przeznaczeniem, i dokona\u0107 niezb\u0119dnych regulacji.<\/p>\n<h2>Typowe zadania konserwacyjne<\/h2>\n<ul>\n<li><strong>Regularne kontrole:<\/strong> Zaplanuj regularne przegl\u0105dy, aby wykry\u0107 oznaki zu\u017cycia lub potencjalne problemy. To proaktywne podej\u015bcie pomaga zidentyfikowa\u0107 problemy, zanim doprowadz\u0105 do powa\u017cnych awarii.<\/li>\n<li><strong>Prawid\u0142owe smarowanie:<\/strong> Nale\u017cy zadba\u0107 o odpowiednie smarowanie cylindra w\u0142a\u015bciwym olejem hydraulicznym, aby zapobiec zu\u017cyciu spowodowanemu tarciem i zapewni\u0107 p\u0142ynn\u0105 prac\u0119.<\/li>\n<li><strong>Wymiana uszczelek i kontrola kalibracji:<\/strong> Regularnie sprawdzaj uszczelki pod k\u0105tem uszkodze\u0144 i wymieniaj je w razie potrzeby. Kontrola kalibracji jest r\u00f3wnie\u017c niezb\u0119dna, aby zapewni\u0107, \u017ce butla dzia\u0142a w okre\u015blonych granicach.<\/li>\n<\/ul>\n<h2>Zagadnienia bezpiecze\u0144stwa i czynniki \u015brodowiskowe<\/h2>\n<p>Podczas u\u017cytkowania si\u0142ownik\u00f3w wysi\u0119gnika niezwykle wa\u017cne jest przestrzeganie \u015brodk\u00f3w bezpiecze\u0144stwa w celu ochrony operator\u00f3w i sprz\u0119tu. Wdro\u017cenie odpowiednich program\u00f3w szkoleniowych dla operator\u00f3w gwarantuje, \u017ce rozumiej\u0105 oni zasady bezpiecznej obs\u0142ugi maszyn. Ponadto, utrzymanie czystego \u015brodowiska pracy minimalizuje ryzyko zwi\u0105zane z wyciekami i wyciekami, przyczyniaj\u0105c si\u0119 do bezpiecze\u0144stwa w miejscu pracy.<\/p>\n<h2>Rozwi\u0105zywanie typowych problem\u00f3w<\/h2>\n<ul>\n<li><strong>Przeciek:<\/strong> Sprawd\u017a, czy nie ma nieszczelnych uszczelek lub uszkodzonych po\u0142\u0105cze\u0144. Wymiana zu\u017cytych uszczelek i upewnienie si\u0119, \u017ce wszystkie przy\u0142\u0105cza s\u0105 szczelne, mo\u017ce rozwi\u0105za\u0107 ten problem.<\/li>\n<li><strong>Powolny ruch:<\/strong> Je\u017celi wysi\u0119gnik dzia\u0142a powoli, sprawd\u017a poziom p\u0142ynu hydraulicznego i rozwa\u017c sprawdzenie, czy w przewodach hydraulicznych nie ma zator\u00f3w.<\/li>\n<li><strong>Nietypowe d\u017awi\u0119ki:<\/strong> Odg\u0142osy zgrzytania lub stukania mog\u0105 wskazywa\u0107 na uszkodzenie wewn\u0119trzne. Nale\u017cy natychmiast przerwa\u0107 prac\u0119 i sprawdzi\u0107 cylinder.<\/li>\n<\/ul>\n<h2>Wskaz\u00f3wki dotycz\u0105ce rozwi\u0105zywania problem\u00f3w<\/h2>\n<p>Aby skutecznie diagnozowa\u0107 i rozwi\u0105zywa\u0107 problemy z si\u0142ownikiem wysi\u0119gnika, nale\u017cy regularnie monitorowa\u0107 jego dzia\u0142anie i zwraca\u0107 uwag\u0119 na wszelkie zmiany w dzia\u0142aniu. \u015arodki zapobiegawcze, takie jak przestrzeganie harmonogram\u00f3w konserwacji i stosowanie wysokiej jako\u015bci p\u0142yn\u00f3w hydraulicznych, mog\u0105 pom\u00f3c zmniejszy\u0107 prawdopodobie\u0144stwo wyst\u0105pienia problem\u00f3w. Monitorowanie ci\u015bnienia hydraulicznego i dokonywanie niezb\u0119dnych regulacji r\u00f3wnie\u017c przyczynia si\u0119 do wyd\u0142u\u017cenia \u017cywotno\u015bci si\u0142ownika.<\/p>\n<p><img decoding=\"async\" src=\"https:\/\/www.hydraulic-cylinders.net\/wp-content\/uploads\/2025\/04\/songte-bushings-with-all-kinds-of-excavator-models.webp\" alt=\"Komponenty si\u0142ownika wysi\u0119gnika\"><\/p>\n<h2>Przegl\u0105d firmy<\/h2>\n<p>Jeste\u015bmy wiod\u0105cym producentem zamiennych si\u0142ownik\u00f3w hydraulicznych, oferuj\u0105cym szerok\u0105 gam\u0119 produkt\u00f3w, dzi\u0119ki kt\u00f3rym stali\u015bmy si\u0119 jednym z czo\u0142owych producent\u00f3w i hurtownik\u00f3w na rynku krajowym i mi\u0119dzynarodowym. Nasze zaanga\u017cowanie w d\u0105\u017cenie do doskona\u0142o\u015bci znajduje odzwierciedlenie w naszych dopracowanych strategiach produkcyjnych oraz wykorzystaniu zaawansowanych technologii i wykwalifikowanych specjalist\u00f3w.<\/p>\n<p>Stawiamy na jako\u015b\u0107, wykorzystuj\u0105c wysokiej klasy sprz\u0119t produkcyjny i solidny system kontroli jako\u015bci, aby zapewni\u0107, \u017ce nasze produkty spe\u0142niaj\u0105 rygorystyczne standardy bran\u017cowe. Nasza umiej\u0119tno\u015b\u0107 dostosowywania rozwi\u0105za\u0144 do zr\u00f3\u017cnicowanych potrzeb klient\u00f3w, a dedykowany serwis posprzeda\u017cowy wzmacnia nasze zaanga\u017cowanie w satysfakcj\u0119 klienta.<\/p>\n<p><img decoding=\"async\" src=\"https:\/\/www.hydraulic-cylinders.net\/wp-content\/uploads\/2025\/04\/songte-company-4.webp\" alt=\"Przegl\u0105d firmy\"><br \/>\n<img decoding=\"async\" src=\"https:\/\/www.hydraulic-cylinders.net\/wp-content\/uploads\/2025\/04\/songte-company-3.webp\" alt=\"Firma produkcyjna\"><\/p>\n<p>Autor: lyl<\/p>","protected":false},"excerpt":{"rendered":"<p>Boom Cylinder For XCMG Wheel Excavator XE150W Overview of the Boom Cylinder The boom cylinder is a vital component in hydraulic systems, specifically designed to control the movement of booms in various heavy machinery, such as excavators, backhoes, and front loaders. It enables the boom to lift, lower, and tilt, facilitating efficient material handling tasks. [&hellip;]<\/p>","protected":false},"featured_media":17879,"comment_status":"open","ping_status":"closed","template":"","meta":{"_et_pb_use_builder":"","_et_pb_old_content":"","_et_gb_content_width":""},"product_brand":[],"product_cat":[1546],"product_tag":[1547,1496],"class_list":{"0":"post-19208","1":"product","2":"type-product","3":"status-publish","4":"has-post-thumbnail","6":"product_cat-boom-cylinders","7":"product_tag-boom-cylinders","8":"product_tag-hydraulic-cylinders","10":"first","11":"instock","12":"shipping-taxable","13":"product-type-simple"},"amp_enabled":true,"_links":{"self":[{"href":"https:\/\/www.hydraulic-cylinders.net\/pl\/wp-json\/wp\/v2\/product\/19208","targetHints":{"allow":["GET"]}}],"collection":[{"href":"https:\/\/www.hydraulic-cylinders.net\/pl\/wp-json\/wp\/v2\/product"}],"about":[{"href":"https:\/\/www.hydraulic-cylinders.net\/pl\/wp-json\/wp\/v2\/types\/product"}],"replies":[{"embeddable":true,"href":"https:\/\/www.hydraulic-cylinders.net\/pl\/wp-json\/wp\/v2\/comments?post=19208"}],"wp:featuredmedia":[{"embeddable":true,"href":"https:\/\/www.hydraulic-cylinders.net\/pl\/wp-json\/wp\/v2\/media\/17879"}],"wp:attachment":[{"href":"https:\/\/www.hydraulic-cylinders.net\/pl\/wp-json\/wp\/v2\/media?parent=19208"}],"wp:term":[{"taxonomy":"product_brand","embeddable":true,"href":"https:\/\/www.hydraulic-cylinders.net\/pl\/wp-json\/wp\/v2\/product_brand?post=19208"},{"taxonomy":"product_cat","embeddable":true,"href":"https:\/\/www.hydraulic-cylinders.net\/pl\/wp-json\/wp\/v2\/product_cat?post=19208"},{"taxonomy":"product_tag","embeddable":true,"href":"https:\/\/www.hydraulic-cylinders.net\/pl\/wp-json\/wp\/v2\/product_tag?post=19208"}],"curies":[{"name":"wp","href":"https:\/\/api.w.org\/{rel}","templated":true}]}}