{"id":19210,"date":"2025-04-07T06:18:18","date_gmt":"2025-04-07T06:18:18","guid":{"rendered":"https:\/\/www.hydraulic-cylinders.net\/product\/boom-cylinder-for-xcmg-wheel-excavator-et110\/"},"modified":"2025-04-07T06:18:21","modified_gmt":"2025-04-07T06:18:21","slug":"boom-cylinder-for-xcmg-wheel-excavator-et110","status":"publish","type":"product","link":"https:\/\/www.hydraulic-cylinders.net\/pl\/produkt\/boom-cylinder-for-xcmg-wheel-excavator-et110\/","title":{"rendered":"Si\u0142ownik wysi\u0119gnika do koparki ko\u0142owej XCMG ET110"},"content":{"rendered":"<h1>Si\u0142ownik wysi\u0119gnika do koparki ko\u0142owej XCMG ET110<\/h1>\n<h2>Zrozumienie cylindra wysi\u0119gnika<\/h2>\n<p>Si\u0142ownik wysi\u0119gnika jest kluczowym elementem uk\u0142ad\u00f3w hydraulicznych ci\u0119\u017ckich maszyn, szczeg\u00f3lnie koparek, koparko-\u0142adowarek i \u0142adowarek czo\u0142owych. Jest to rodzaj si\u0142ownika hydraulicznego zaprojektowanego specjalnie do sterowania ruchem wysi\u0119gnika lub \u0142y\u017cki, umo\u017cliwiaj\u0105c jego podnoszenie, opuszczanie i przechylanie. Ta funkcjonalno\u015b\u0107 jest niezb\u0119dna podczas prac zwi\u0105zanych z prze\u0142adunkiem materia\u0142\u00f3w, poniewa\u017c pozwala operatorom wykonywa\u0107 r\u00f3\u017cnorodne czynno\u015bci z precyzj\u0105 i wydajno\u015bci\u0105.<\/p>\n<p>Si\u0142ownik wysi\u0119gnika dzia\u0142a w oparciu o zasady hydrauliki, gdzie ci\u015bnienie oleju hydraulicznego umo\u017cliwia p\u0142ynne ruchy. W koparkach takich jak koparka ko\u0142owa XCMG ET110, si\u0142owniki te zapewniaj\u0105 niezb\u0119dn\u0105 si\u0142\u0119 ud\u017awigu i pr\u0119dko\u015b\u0107, u\u0142atwiaj\u0105c kopanie, za\u0142adunek i transport materia\u0142\u00f3w. Ich konstrukcja gwarantuje trwa\u0142o\u015b\u0107 i niezawodno\u015b\u0107, dzi\u0119ki czemu idealnie nadaj\u0105 si\u0119 do wymagaj\u0105cych zada\u0144 budowlanych.<\/p>\n<p><img decoding=\"async\" src=\"https:\/\/www.hydraulic-cylinders.net\/wp-content\/uploads\/2025\/04\/songte-company-1.webp\" alt=\"Si\u0142ownik wysi\u0119gnika do koparek\" \/><\/p>\n<h2>G\u0142\u00f3wne cechy cylindra wysi\u0119gnika<\/h2>\n<ul>\n<li>\n<h3>Wysoka wytrzyma\u0142o\u015b\u0107 i trwa\u0142o\u015b\u0107<\/h3>\n<p>Si\u0142ownik wysi\u0119gnika wykonany z wytrzyma\u0142ej stali lub aluminium zaprojektowano tak, aby wytrzymywa\u0142 wysokie ci\u015bnienia i du\u017ce obci\u0105\u017cenia, dzi\u0119ki czemu nadaje si\u0119 do pracy w trudnych warunkach.<\/p>\n<\/li>\n<li>\n<h3>Wydajna praca hydrauliczna<\/h3>\n<p>Si\u0142ownik wykorzystuje ci\u015bnienie oleju hydraulicznego do p\u0142ynnego wysuwania i wsuwania, co pozwala na szybk\u0105 reakcj\u0119 na polecenia operatora i generuje du\u017c\u0105 si\u0142\u0119 pchania i ci\u0105gni\u0119cia przy podnoszeniu ci\u0119\u017ckich przedmiot\u00f3w.<\/p>\n<\/li>\n<li>\n<h3>R\u00f3\u017cne typy<\/h3>\n<p>Dost\u0119pny w konfiguracji jednostronnego dzia\u0142ania (hydrauliczne dzia\u0142anie w jednym kierunku) lub dwustronnego dzia\u0142ania (hydrauliczne dzia\u0142anie w obu kierunkach), si\u0142ownik wysi\u0119gnika mo\u017ce sprosta\u0107 r\u00f3\u017cnorodnym potrzebom operacyjnym. Niekt\u00f3re modele s\u0105 teleskopowe, co pozwala na wi\u0119ksze wysuni\u0119cie bez zwi\u0119kszania wymiar\u00f3w zewn\u0119trznych, co jest idealne w ciasnych przestrzeniach.<\/p>\n<\/li>\n<li>\n<h3>Konstrukcja modu\u0142owa<\/h3>\n<p>Modu\u0142owa natura naszych si\u0142ownik\u00f3w wysi\u0119gnika pozwala na \u0142atw\u0105 wymian\u0119 i konserwacj\u0119, co dodatkowo zwi\u0119ksza ich u\u017cyteczno\u015b\u0107 w r\u00f3\u017cnych modelach maszyn.<\/p>\n<\/li>\n<li>\n<h3>In\u017cynieria precyzyjna<\/h3>\n<p>Zaprojektowane z dba\u0142o\u015bci\u0105 o szczeg\u00f3\u0142y, te cylindry gwarantuj\u0105 kompatybilno\u015b\u0107 i optymaln\u0105 wydajno\u015b\u0107 r\u00f3\u017cnych marek i modeli koparek.<\/p>\n<\/li>\n<\/ul>\n<p>Nasze produkty mog\u0105 z powodzeniem zast\u0105pi\u0107 istniej\u0105ce si\u0142owniki hydrauliczne, zapewniaj\u0105c bezproblemow\u0105 prac\u0119 i niezawodno\u015b\u0107.<\/p>\n<p><img decoding=\"async\" src=\"https:\/\/www.hydraulic-cylinders.net\/wp-content\/uploads\/2025\/04\/songte-cylinder-head-with-all-kinds-excavator-models.webp\" alt=\"Wymiana cylindra hydraulicznego\" \/><\/p>\n<h2>Zastosowania cylindra wysi\u0119gnika<\/h2>\n<h3>Sprz\u0119t budowlany<\/h3>\n<p>W koparkach si\u0142ownik wysi\u0119gnika odgrywa kluczow\u0105 rol\u0119 podczas kopania, za\u0142adunku i przemieszczania gleby lub gruzu. U\u0142atwia on przegubowe ustawienie wysi\u0119gnika, zapewniaj\u0105c precyzyjn\u0105 kontrol\u0119 podczas kopania wykop\u00f3w lub podnoszenia ci\u0119\u017ckich materia\u0142\u00f3w. W koparko-\u0142adowarkach si\u0142ownik \u0142y\u017cki wspomaga zar\u00f3wno kopanie, jak i podnoszenie, co czyni go niezb\u0119dnym do przygotowania terenu i transportu materia\u0142\u00f3w.<\/p>\n<h3>Maszyny rolnicze<\/h3>\n<p>W \u0142adowarkach czo\u0142owych si\u0142owniki wysi\u0119gnika s\u0105 niezb\u0119dne do nabierania, podnoszenia i transportu gleby, siana i innych materia\u0142\u00f3w. Umo\u017cliwiaj\u0105 rolnikom efektywne wykonywanie r\u00f3\u017cnorodnych zada\u0144, od karczowania p\u00f3l po za\u0142adunek ci\u0119\u017car\u00f3wek produktami rolnymi.<\/p>\n<h3>Koparki<\/h3>\n<p>W koparkach si\u0142ownik \u0142y\u017cki umo\u017cliwia efektywne kopanie, umo\u017cliwiaj\u0105c \u0142y\u017cce skuteczn\u0105 penetracj\u0119 gleby. Ta funkcja jest niezb\u0119dna w budownictwie, pracach ziemnych i innych pracach ziemnych.<\/p>\n<h3>\u0141adowarki<\/h3>\n<p>W \u0142adowarkach czo\u0142owych si\u0142owniki wysi\u0119gnika pomagaj\u0105 w efektywnym podnoszeniu i wysypywaniu materia\u0142\u00f3w. Zwi\u0119kszaj\u0105 wydajno\u015b\u0107, umo\u017cliwiaj\u0105c operatorom obs\u0142ug\u0119 du\u017cych ilo\u015bci materia\u0142\u00f3w w kr\u00f3tkim czasie, a tym samym podnosz\u0105c og\u00f3ln\u0105 wydajno\u015b\u0107 operacyjn\u0105.<\/p>\n<h2>Zagadnienia projektowe i kryteria wyboru<\/h2>\n<h3>No\u015bno\u015b\u0107<\/h3>\n<p>Przy wyborze si\u0142ownika wysi\u0119gnika, jednym z najwa\u017cniejszych kryteri\u00f3w jest jego ud\u017awig. Si\u0142ownik musi by\u0107 w stanie wytrzyma\u0107 maksymalne obci\u0105\u017cenie przewidywane podczas pracy bez ryzyka awarii. Wymaga to dog\u0142\u0119bnej znajomo\u015bci ci\u0119\u017caru przenoszonych materia\u0142\u00f3w oraz si\u0142 dzia\u0142aj\u0105cych podczas u\u017cytkowania.<\/p>\n<h3>Wydajno\u015b\u0107 uszczelnienia<\/h3>\n<p>Skuteczno\u015b\u0107 uszczelnienia si\u0142ownika wysi\u0119gnika ma kluczowe znaczenie dla zapobiegania wyciekom p\u0142ynu hydraulicznego. Wysokiej jako\u015bci uszczelki, takie jak uszczelki t\u0142oka i t\u0142oczyska, zapewniaj\u0105 szczelno\u015b\u0107 oleju hydraulicznego, co jest niezb\u0119dne do utrzymania ci\u015bnienia i wydajno\u015bci operacyjnej. Stosowanie uszczelnie\u0144 wykonanych z trwa\u0142ych materia\u0142\u00f3w, takich jak poliuretan lub kauczuk nitrylowy, mo\u017ce znacznie wyd\u0142u\u017cy\u0107 \u017cywotno\u015b\u0107 i wydajno\u015b\u0107 si\u0142ownika.<\/p>\n<h3>Trwa\u0142o\u015b\u0107<\/h3>\n<p>Trwa\u0142o\u015b\u0107 jest kluczowym czynnikiem, poniewa\u017c si\u0142owniki wysi\u0119gnika cz\u0119sto pracuj\u0105 w trudnych warunkach. Wysokiej jako\u015bci materia\u0142y i pow\u0142oki odporne na korozj\u0119 i zu\u017cycie wyd\u0142u\u017caj\u0105 \u017cywotno\u015b\u0107 si\u0142ownika. Regularna konserwacja i przegl\u0105dy mog\u0105 r\u00f3wnie\u017c pom\u00f3c we wczesnym wykryciu zu\u017cycia, eliminuj\u0105c powa\u017cniejsze problemy w przysz\u0142o\u015bci.<\/p>\n<h3>Bezpiecze\u0144stwo<\/h3>\n<p>Konstrukcja si\u0142ownik\u00f3w wysi\u0119gnika musi uwzgl\u0119dnia\u0107 funkcje bezpiecze\u0144stwa. Obejmuje to systemy redukcji ci\u015bnienia zapobiegaj\u0105ce przeci\u0105\u017ceniom oraz wytrzyma\u0142e materia\u0142y odporne na ekstremalne warunki. Operatorzy powinni by\u0107 zawsze przeszkoleni w zakresie procedur bezpiecze\u0144stwa, aby unikn\u0105\u0107 wypadk\u00f3w i awarii sprz\u0119tu.<\/p>\n<h3>Utrzymywalno\u015b\u0107<\/h3>\n<p>\u0141atwo\u015b\u0107 konserwacji jest kluczowa. Projektanci powinni zadba\u0107 o \u0142atwy dost\u0119p do si\u0142ownik\u00f3w wysi\u0119gnika w celu przeprowadzenia kontroli, napraw lub wymiany. Regularne czynno\u015bci konserwacyjne, takie jak wymiana uszczelnie\u0144 i kontrola poziomu p\u0142ynu hydraulicznego, mog\u0105 zapobiec kosztownym przestojom i wyd\u0142u\u017cy\u0107 \u017cywotno\u015b\u0107 sprz\u0119tu.<\/p>\n<p><img decoding=\"async\" src=\"https:\/\/www.hydraulic-cylinders.net\/wp-content\/uploads\/2025\/04\/songte-oil-pipes-and-spare-parts.webp\" alt=\"Cz\u0119\u015bci cylindr\u00f3w hydraulicznych\" \/><\/p>\n<h2>Uszczelnienie i smarowanie si\u0142ownika wysi\u0119gnika<\/h2>\n<p>Skuteczne uszczelnienie i smarowanie s\u0105 kluczowe dla optymalnej pracy si\u0142ownik\u00f3w wysi\u0119gnika. Aby zapobiec wyciekom p\u0142ynu hydraulicznego, stosuje si\u0119 r\u00f3\u017cne elementy uszczelniaj\u0105ce, w tym uszczelnienia t\u0142oczysk i t\u0142oczysk. Uszczelnienia s\u0105 cz\u0119sto wykonane z materia\u0142\u00f3w odpornych na zu\u017cycie, takich jak poliuretan i kauczuk nitrylowy, aby zapewni\u0107 trwa\u0142o\u015b\u0107.<\/p>\n<p>Korpus cylindra i gwintowane powierzchnie ko\u0144cowe s\u0105 poddawane precyzyjnej obr\u00f3bce w celu zwi\u0119kszenia odporno\u015bci na zu\u017cycie. Regularne smarowanie olejem hydraulicznym jest niezb\u0119dne, aby zmniejszy\u0107 tarcie i zu\u017cycie ruchomych cz\u0119\u015bci, zapewniaj\u0105c p\u0142ynn\u0105 i wydajn\u0105 prac\u0119 cylindra. Operatorzy powinni monitorowa\u0107 poziom oleju i w razie potrzeby wymienia\u0107 \u015brodki smarne, aby utrzyma\u0107 wydajno\u015b\u0107.<\/p>\n<h2>Regularne kontrole i \u015brodki konserwacji zapobiegawczej<\/h2>\n<ul>\n<li>\n<h3>Regularne kontrole<\/h3>\n<p>Regularne kontrole s\u0105 niezb\u0119dne do wczesnego wykrywania potencjalnych problem\u00f3w. Operatorzy powinni zwraca\u0107 uwag\u0119 na oznaki zu\u017cycia, wyciek\u00f3w lub uszkodze\u0144, aby upewni\u0107 si\u0119, \u017ce butla jest w optymalnym stanie.<\/p>\n<\/li>\n<li>\n<h3>Prawid\u0142owe smarowanie<\/h3>\n<p>Utrzymanie odpowiedniego poziomu smarowania jest kluczowe dla trwa\u0142o\u015bci si\u0142ownika wysi\u0119gnika. Operatorzy powinni przestrzega\u0107 zalece\u0144 producenta dotycz\u0105cych rodzaj\u00f3w oleju i cz\u0119stotliwo\u015bci smarowania, aby zapobiec nadmiernemu zu\u017cyciu.<\/p>\n<\/li>\n<li>\n<h3>Wymiana uszczelki<\/h3>\n<p>Regularna wymiana uszczelek jest niezb\u0119dna dla zachowania integralno\u015bci p\u0142ynu i zapobiegania wyciekom. Operatorzy powinni monitorowa\u0107 stan uszczelek i wymienia\u0107 je przy pierwszych oznakach zu\u017cycia lub uszkodzenia.<\/p>\n<\/li>\n<\/ul>\n<h2>Wytyczne dotycz\u0105ce monta\u017cu si\u0142ownika wysi\u0119gnika<\/h2>\n<p>Monta\u017c si\u0142ownika wysi\u0119gnika wymaga starannej dba\u0142o\u015bci o szczeg\u00f3\u0142y, aby zapewni\u0107 jego prawid\u0142owe dzia\u0142anie i bezpiecze\u0144stwo. Na pocz\u0105tek nale\u017cy upewni\u0107 si\u0119, \u017ce wszystkie elementy s\u0105 czyste i wolne od zanieczyszcze\u0144. Dok\u0142adnie wyr\u00f3wnaj si\u0142ownik z punktami mocowania maszyny i u\u017cyj odpowiednich wspornik\u00f3w monta\u017cowych, aby go pewnie zamocowa\u0107. Przed uruchomieniem nale\u017cy koniecznie sprawdzi\u0107 szczelno\u015b\u0107 po\u0142\u0105cze\u0144 hydraulicznych. Po zamontowaniu nale\u017cy przetestowa\u0107 si\u0142ownik, wykonuj\u0105c seri\u0119 ruch\u00f3w, aby upewni\u0107 si\u0119, \u017ce wszystko dzia\u0142a zgodnie z oczekiwaniami.<\/p>\n<h2>Typowe zadania konserwacyjne<\/h2>\n<ul>\n<li>\n<h3>Regularne kontrole<\/h3>\n<p>Regularne kontrole pomagaj\u0105 zidentyfikowa\u0107 potencjalne problemy, zanim si\u0119 nasil\u0105. Szukaj oznak zu\u017cycia, wyciek\u00f3w i innych nieprawid\u0142owo\u015bci, aby zapewni\u0107 optymaln\u0105 wydajno\u015b\u0107.<\/p>\n<\/li>\n<li>\n<h3>Odpowiednie smarowanie<\/h3>\n<p>Upewnij si\u0119, \u017ce cylinder jest prawid\u0142owo nasmarowany zalecanym olejem hydraulicznym. Nale\u017cy regularnie przeprowadza\u0107 kontrole, aby utrzyma\u0107 odpowiedni poziom oleju i zapewni\u0107 p\u0142ynn\u0105 prac\u0119.<\/p>\n<\/li>\n<li>\n<h3>Wymiana uszczelek i kontrola kalibracji<\/h3>\n<p>Uszczelki nale\u017cy wymienia\u0107 w odst\u0119pach czasu okre\u015blonych przez producenta. Nale\u017cy przeprowadza\u0107 kontrole kalibracji, aby upewni\u0107 si\u0119, \u017ce butla pracuje w zakresie parametr\u00f3w konstrukcyjnych.<\/p>\n<\/li>\n<\/ul>\n<h2>Zagadnienia bezpiecze\u0144stwa i czynniki \u015brodowiskowe<\/h2>\n<p>Podczas obs\u0142ugi hydraulicznych si\u0142ownik\u00f3w wysi\u0119gnika \u015brodki bezpiecze\u0144stwa s\u0105 niezwykle istotne. Operatorzy musz\u0105 zawsze przestrzega\u0107 protoko\u0142\u00f3w bezpiecze\u0144stwa, aby zminimalizowa\u0107 ryzyko wypadk\u00f3w. Odpowiednie przeszkolenie i znajomo\u015b\u0107 bezpiecznych praktyk obs\u0142ugi mog\u0105 zapobiec obra\u017ceniom cia\u0142a i uszkodzeniom sprz\u0119tu. Dodatkowo nale\u017cy wzi\u0105\u0107 pod uwag\u0119 czynniki \u015brodowiskowe, takie jak nara\u017cenie na ekstremalne temperatury, wilgo\u0107 i zanieczyszczenia, poniewa\u017c mog\u0105 one wp\u0142ywa\u0107 na wydajno\u015b\u0107 i \u017cywotno\u015b\u0107 si\u0142ownika wysi\u0119gnika.<\/p>\n<h2>Rozwi\u0105zywanie typowych problem\u00f3w<\/h2>\n<ul>\n<li>\n<h3>Przeciek<\/h3>\n<p>Wycieki p\u0142ynu hydraulicznego to cz\u0119sty problem w przypadku si\u0142ownik\u00f3w wysi\u0119gnika. Sprawd\u017a, czy uszczelki nie s\u0105 zu\u017cyte lub w\u0119\u017ce nie s\u0105 uszkodzone i wymagaj\u0105 wymiany.<\/p>\n<\/li>\n<li>\n<h3>Powolna praca<\/h3>\n<p>Je\u015bli cylinder pracuje powoli, mo\u017ce to oznacza\u0107 niski poziom p\u0142ynu hydraulicznego lub zapowietrzenie uk\u0142adu. Sprawd\u017a poziom p\u0142ynu i w razie potrzeby odpowietrz uk\u0142ad.<\/p>\n<\/li>\n<li>\n<h3>Niezwyk\u0142e d\u017awi\u0119ki<\/h3>\n<p>Dziwne odg\u0142osy podczas pracy mog\u0105 sygnalizowa\u0107 uszkodzenie wewn\u0119trzne lub niedostateczne smarowanie. Sprawd\u017a cylinder pod k\u0105tem oznak zu\u017cycia i upewnij si\u0119, \u017ce jest prawid\u0142owo smarowany.<\/p>\n<\/li>\n<\/ul>\n<h2>Wskaz\u00f3wki i rozwi\u0105zania dotycz\u0105ce rozwi\u0105zywania problem\u00f3w<\/h2>\n<p>Aby skutecznie diagnozowa\u0107 i rozwi\u0105zywa\u0107 problemy z si\u0142ownikami wysi\u0119gnika, operatorzy powinni prowadzi\u0107 uporz\u0105dkowany rejestr objaw\u00f3w i obserwacji. Regularna konserwacja mo\u017ce znacznie zmniejszy\u0107 prawdopodobie\u0144stwo wyst\u0105pienia nieoczekiwanych awarii. Wdro\u017cenie \u015brodk\u00f3w zapobiegawczych, takich jak regularne przegl\u0105dy i przestrzeganie harmonogram\u00f3w smarowania, mo\u017ce ograniczy\u0107 potencjalne problemy, zanim si\u0119 pojawi\u0105.<\/p>\n<p><img decoding=\"async\" src=\"https:\/\/www.hydraulic-cylinders.net\/wp-content\/uploads\/2025\/04\/songte-bushings-with-all-kinds-of-excavator-models.webp\" alt=\"Tuleja cylindra wysi\u0119gnika\" \/><\/p>\n<h2>O naszej firmie<\/h2>\n<p>Jeste\u015bmy wiod\u0105cym producentem si\u0142ownik\u00f3w hydraulicznych, specjalizuj\u0105cym si\u0119 w dostarczaniu alternatyw dla istniej\u0105cych uk\u0142ad\u00f3w hydraulicznych. Nasza szeroka gama produkt\u00f3w ugruntowa\u0142a nasz\u0105 pozycj\u0119 jednego z czo\u0142owych producent\u00f3w i dystrybutor\u00f3w hurtowych na rynku krajowym i mi\u0119dzynarodowym. Priorytetem jest dla nas doskona\u0142o\u015b\u0107 jako\u015bci, a dzi\u0119ki udoskonalonej strategii zarz\u0105dzania produkcj\u0105 zapewniamy sp\u00f3jno\u015b\u0107 i trwa\u0142o\u015b\u0107 produkt\u00f3w.<\/p>\n<p>Nasz zesp\u00f3\u0142 sk\u0142ada si\u0119 z wysoko wykwalifikowanego personelu technicznego, a do zwi\u0119kszenia naszych mo\u017cliwo\u015bci produkcyjnych wykorzystujemy zaawansowany sprz\u0119t do produkcji cyfrowej oraz specjalistyczne systemy testowe. Dzi\u0119ki silnemu zaanga\u017cowaniu w wydajno\u015b\u0107, precyzj\u0119 i jako\u015b\u0107, zaspokajamy zr\u00f3\u017cnicowane potrzeby klient\u00f3w, gwarantuj\u0105c, \u017ce nasze produkty spe\u0142niaj\u0105 najwy\u017csze standardy.<\/p>\n<p><img decoding=\"async\" src=\"https:\/\/www.hydraulic-cylinders.net\/wp-content\/uploads\/2025\/04\/songte-company-4.webp\" alt=\"Przegl\u0105d firmy\" \/><br \/>\n<img decoding=\"async\" src=\"https:\/\/www.hydraulic-cylinders.net\/wp-content\/uploads\/2025\/04\/songte-company-3.webp\" alt=\"Zak\u0142ad produkcyjny\" \/><\/p>\n<p>Autor: lyl<\/p>","protected":false},"excerpt":{"rendered":"<p>Boom Cylinder For XCMG Wheel Excavator ET110 Understanding the Boom Cylinder A boom cylinder is a crucial component in the hydraulic systems of heavy machinery, particularly in excavators, backhoe loaders, and front loaders. It is a type of hydraulic cylinder specifically designed to control the movement of the boom or bucket, enabling it to lift, [&hellip;]<\/p>","protected":false},"featured_media":17881,"comment_status":"open","ping_status":"closed","template":"","meta":{"_et_pb_use_builder":"","_et_pb_old_content":"","_et_gb_content_width":""},"product_brand":[],"product_cat":[1546],"product_tag":[1547,1496],"class_list":{"0":"post-19210","1":"product","2":"type-product","3":"status-publish","4":"has-post-thumbnail","6":"product_cat-boom-cylinders","7":"product_tag-boom-cylinders","8":"product_tag-hydraulic-cylinders","10":"first","11":"instock","12":"shipping-taxable","13":"product-type-simple"},"amp_enabled":true,"_links":{"self":[{"href":"https:\/\/www.hydraulic-cylinders.net\/pl\/wp-json\/wp\/v2\/product\/19210","targetHints":{"allow":["GET"]}}],"collection":[{"href":"https:\/\/www.hydraulic-cylinders.net\/pl\/wp-json\/wp\/v2\/product"}],"about":[{"href":"https:\/\/www.hydraulic-cylinders.net\/pl\/wp-json\/wp\/v2\/types\/product"}],"replies":[{"embeddable":true,"href":"https:\/\/www.hydraulic-cylinders.net\/pl\/wp-json\/wp\/v2\/comments?post=19210"}],"wp:featuredmedia":[{"embeddable":true,"href":"https:\/\/www.hydraulic-cylinders.net\/pl\/wp-json\/wp\/v2\/media\/17881"}],"wp:attachment":[{"href":"https:\/\/www.hydraulic-cylinders.net\/pl\/wp-json\/wp\/v2\/media?parent=19210"}],"wp:term":[{"taxonomy":"product_brand","embeddable":true,"href":"https:\/\/www.hydraulic-cylinders.net\/pl\/wp-json\/wp\/v2\/product_brand?post=19210"},{"taxonomy":"product_cat","embeddable":true,"href":"https:\/\/www.hydraulic-cylinders.net\/pl\/wp-json\/wp\/v2\/product_cat?post=19210"},{"taxonomy":"product_tag","embeddable":true,"href":"https:\/\/www.hydraulic-cylinders.net\/pl\/wp-json\/wp\/v2\/product_tag?post=19210"}],"curies":[{"name":"wp","href":"https:\/\/api.w.org\/{rel}","templated":true}]}}