{"id":19217,"date":"2025-04-07T06:18:36","date_gmt":"2025-04-07T06:18:36","guid":{"rendered":"https:\/\/www.hydraulic-cylinders.net\/product\/boom-cylinder-for-zoomlion-middle-excavator-ze220elc\/"},"modified":"2025-04-07T06:18:39","modified_gmt":"2025-04-07T06:18:39","slug":"boom-cylinder-for-zoomlion-middle-excavator-ze220elc","status":"publish","type":"product","link":"https:\/\/www.hydraulic-cylinders.net\/pl\/produkt\/boom-cylinder-for-zoomlion-middle-excavator-ze220elc\/","title":{"rendered":"Si\u0142ownik wysi\u0119gnika do koparki \u015brodkowej Zoomlion ZE220ELC"},"content":{"rendered":"<h1>Si\u0142ownik wysi\u0119gnika do koparki \u015brodkowej Zoomlion ZE220ELC<\/h1>\n<h2>Przegl\u0105d produktu<\/h2>\n<p>Si\u0142ownik wysi\u0119gnika do koparki Zoomlion Middle Excavator ZE220ELC to specjalistyczny si\u0142ownik hydrauliczny zaprojektowany do sterowania ruchem wysi\u0119gnika koparki. Ten element odgrywa kluczow\u0105 rol\u0119 w uk\u0142adach hydraulicznych, zapewniaj\u0105c precyzyjn\u0105 prac\u0119 podczas wymagaj\u0105cych zada\u0144. Si\u0142ownik \u0142y\u017cki jest niezb\u0119dny w r\u00f3\u017cnych maszynach ci\u0119\u017ckich, takich jak koparki, koparko-\u0142adowarki i \u0142adowarki czo\u0142owe, u\u0142atwiaj\u0105c podnoszenie, opuszczanie i przechylanie \u0142y\u017cki. Ta funkcjonalno\u015b\u0107 znacznie usprawnia operacje prze\u0142adunku materia\u0142\u00f3w, umo\u017cliwiaj\u0105c wydajne przemieszczanie gleby, gruzu i innych materia\u0142\u00f3w.<\/p>\n<p><img decoding=\"async\" src=\"https:\/\/www.hydraulic-cylinders.net\/wp-content\/uploads\/2025\/04\/songte-company-1.webp\" alt=\"Si\u0142ownik wysi\u0119gnika do koparki\"><\/p>\n<h2>Cechy cylindra wysi\u0119gnika<\/h2>\n<ul>\n<li><strong>Wysoka wytrzyma\u0142o\u015b\u0107 i trwa\u0142o\u015b\u0107:<\/strong> Wykonane z wysokowytrzyma\u0142ej stali lub aluminium, te cylindry wytrzymuj\u0105 wysokie ci\u015bnienie i du\u017ce obci\u0105\u017cenia, doskonale sprawdzaj\u0105c si\u0119 w trudnych warunkach pracy. Specjalna konstrukcja zapewnia odporno\u015b\u0107 na zu\u017cycie i korozj\u0119, wyd\u0142u\u017caj\u0105c ich \u017cywotno\u015b\u0107.<\/li>\n<li><strong>Wydajna praca uk\u0142adu hydraulicznego:<\/strong> Si\u0142ownik wykorzystuje ci\u015bnienie oleju hydraulicznego do p\u0142ynnego wysuwania i wsuwania, co pozwala na szybk\u0105 reakcj\u0119 na polecenia operatora i zapewnia du\u017c\u0105 si\u0142\u0119 pchania i ci\u0105gni\u0119cia, odpowiedni\u0105 do obs\u0142ugi ci\u0119\u017ckich i skomplikowanych zada\u0144.<\/li>\n<li><strong>R\u00f3\u017cne typy:<\/strong> Dost\u0119pne s\u0105 cylindry jednostronnego dzia\u0142ania (hydrauliczne w jednym kierunku) i dwustronnego dzia\u0142ania (hydrauliczne w obu kierunkach), aby sprosta\u0107 zr\u00f3\u017cnicowanym potrzebom operacyjnym. Niekt\u00f3re modele posiadaj\u0105 konstrukcj\u0119 teleskopow\u0105, kt\u00f3ra umo\u017cliwia wi\u0119ksze wysuni\u0119cie bez zwi\u0119kszania wymiar\u00f3w zewn\u0119trznych, dzi\u0119ki czemu idealnie nadaj\u0105 si\u0119 do zastosowa\u0144 w ograniczonej przestrzeni.<\/li>\n<li><strong>Produkcja niestandardowa:<\/strong> Specjalizujemy si\u0119 w produkcji tych cylindr\u00f3w, kt\u00f3re doskonale mog\u0105 zast\u0105pi\u0107 istniej\u0105ce cylindry hydrauliczne, zapewniaj\u0105c kompatybilno\u015b\u0107 i wydajno\u015b\u0107.<\/li>\n<\/ul>\n<p><img decoding=\"async\" src=\"https:\/\/www.hydraulic-cylinders.net\/wp-content\/uploads\/2025\/04\/songte-cylinder-head-with-all-kinds-excavator-models.webp\" alt=\"G\u0142owica cylindra koparki\"><\/p>\n<h2>Scenariusze zastosowa\u0144<\/h2>\n<h3>Sprz\u0119t budowlany<\/h3>\n<p>W koparkach si\u0142owniki wysi\u0119gnika odgrywaj\u0105 kluczow\u0105 rol\u0119 w kopaniu, \u0142adowaniu i przemieszczaniu ziemi i gruzu. Ich precyzyjne sterowanie pozwala operatorom na efektywne wykonywanie r\u00f3\u017cnorodnych zada\u0144, niezale\u017cnie od tego, czy chodzi o kopanie fundament\u00f3w, czy przenoszenie materia\u0142\u00f3w na placu budowy. W koparko-\u0142adowarkach si\u0142ownik \u0142y\u017cki wspomaga nie tylko kopanie, ale tak\u017ce podnoszenie, zwi\u0119kszaj\u0105c wszechstronno\u015b\u0107.<\/p>\n<h3>Maszyny rolnicze<\/h3>\n<p>W przypadku \u0142adowarek czo\u0142owych si\u0142owniki te s\u0105 niezb\u0119dne do nabierania, podnoszenia i transportu gleby, siana i innych materia\u0142\u00f3w. Umo\u017cliwiaj\u0105 rolnikom efektywne zarz\u0105dzanie zasobami, zar\u00f3wno przy za\u0142adunku paszy, jak i przemieszczaniu gleby pod zasiewy.<\/p>\n<h3>Zadania wykopaliskowe<\/h3>\n<p>W koparkach si\u0142ownik \u0142y\u017cki umo\u017cliwia jej penetracj\u0119 w g\u0142\u0105b gruntu, u\u0142atwiaj\u0105c wydajne kopanie. Uk\u0142ad hydrauliczny zapewnia si\u0142\u0119 niezb\u0119dn\u0105 do przebicia si\u0119 przez trudne warunki gruntowe, co jest niezwykle istotne w projektach budowlanych i ogrodniczych.<\/p>\n<h3>Operacje za\u0142adunku<\/h3>\n<p>W \u0142adowarkach czo\u0142owych si\u0142owniki te odgrywaj\u0105 kluczow\u0105 rol\u0119 w efektywnym podnoszeniu i roz\u0142adowywaniu \u0142adunk\u00f3w. Umo\u017cliwiaj\u0105 sprawne przenoszenie materia\u0142\u00f3w, zapewniaj\u0105c operatorom szybki za\u0142adunek i roz\u0142adunek materia\u0142\u00f3w takich jak \u017cwir, ziemia czy gruz budowlany.<\/p>\n<h2>Zagadnienia projektowe i kryteria wyboru<\/h2>\n<h3>No\u015bno\u015b\u0107<\/h3>\n<p>Projektuj\u0105c si\u0142ownik wysi\u0119gnika, jednym z najwa\u017cniejszych czynnik\u00f3w jest jego no\u015bno\u015b\u0107. Ten atrybut okre\u015bla, jaki ci\u0119\u017car si\u0142ownik mo\u017ce bezpiecznie podnie\u015b\u0107 i ud\u017awign\u0105\u0107 podczas pracy. In\u017cynierowie musz\u0105 uwzgl\u0119dni\u0107 maksymalne obci\u0105\u017cenie, jakiemu b\u0119dzie poddawana koparka, upewniaj\u0105c si\u0119, \u017ce si\u0142ownik jest przystosowany do tego ci\u0119\u017caru z odpowiednim marginesem bezpiecze\u0144stwa. Zastosowane materia\u0142y, grubo\u015b\u0107 \u015bcianek si\u0142ownika oraz og\u00f3lna konstrukcja odgrywaj\u0105 istotn\u0105 rol\u0119 w osi\u0105gni\u0119ciu po\u017c\u0105danego ud\u017awigu.<\/p>\n<h3>Wydajno\u015b\u0107 uszczelnienia<\/h3>\n<p>Skuteczne uszczelnienie jest kluczowe dla trwa\u0142o\u015bci i wydajno\u015bci si\u0142ownik\u00f3w hydraulicznych. Uszczelnienia zapobiegaj\u0105 wyciekom p\u0142ynu hydraulicznego, co pozwala utrzyma\u0107 ci\u015bnienie i poprawi\u0107 wydajno\u015b\u0107. Wysokiej jako\u015bci uszczelnienia wykonane z trwa\u0142ych materia\u0142\u00f3w, takich jak poliuretan lub kauczuk nitrylowy, s\u0105 niezb\u0119dne dla zachowania integralno\u015bci systemu. Projekt musi r\u00f3wnie\u017c uwzgl\u0119dnia\u0107 potencjalne zu\u017cycie spowodowane tarciem, aby zapewni\u0107 odporno\u015b\u0107 uszczelnie\u0144 na warunki pracy.<\/p>\n<h3>Trwa\u0142o\u015b\u0107 i d\u0142ugowieczno\u015b\u0107<\/h3>\n<p>Trwa\u0142o\u015b\u0107 jest kluczowym czynnikiem w konstrukcji si\u0142ownik\u00f3w wysi\u0119gnika. Ze wzgl\u0119du na trudne warunki, w jakich cz\u0119sto pracuj\u0105, producenci musz\u0105 stosowa\u0107 materia\u0142y i pow\u0142oki odporne na zu\u017cycie i korozj\u0119. Taka trwa\u0142o\u015b\u0107 nie tylko wyd\u0142u\u017ca \u017cywotno\u015b\u0107 si\u0142ownika, ale tak\u017ce zmniejsza koszty konserwacji i przestoje. Regularna ocena stanu si\u0142ownika mo\u017ce pom\u00f3c w identyfikacji zu\u017cycia, zanim doprowadzi ono do awarii.<\/p>\n<h3>Funkcje bezpiecze\u0144stwa<\/h3>\n<p>Bezpiecze\u0144stwo jest priorytetem przy projektowaniu cylindr\u00f3w hydraulicznych. Funkcje takie jak zawory bezpiecze\u0144stwa zapobiegaj\u0105 przeci\u0105\u017ceniom, a solidna konstrukcja wytrzymuje nieoczekiwane wstrz\u0105sy. Kluczowe jest zapewnienie zgodno\u015bci wszystkich komponent\u00f3w z normami bezpiecze\u0144stwa, poniewa\u017c awarie mog\u0105 prowadzi\u0107 do wypadk\u00f3w zar\u00f3wno dla operator\u00f3w, jak i os\u00f3b postronnych. Skupienie si\u0119 na bezpiecze\u0144stwie ju\u017c na etapie projektowania jest niezb\u0119dne, aby zminimalizowa\u0107 ryzyko zwi\u0105zane z maszynami hydraulicznymi.<\/p>\n<h3>Konserwacja i naprawa<\/h3>\n<p>\u0141atwo\u015b\u0107 konserwacji jest istotnym czynnikiem konstrukcyjnym. Si\u0142owniki hydrauliczne powinny umo\u017cliwia\u0107 regularn\u0105 kontrol\u0119 i serwisowanie, w tym \u0142atwy dost\u0119p do uszczelnie\u0144 i innych podzespo\u0142\u00f3w wymagaj\u0105cych okresowej wymiany. Projektanci musz\u0105 uwzgl\u0119dni\u0107 spos\u00f3b monta\u017cu i u\u017cytkowania si\u0142ownika w po\u0142\u0105czeniu z maszyn\u0105, aby zapewni\u0107 sprawne wykonywanie czynno\u015bci konserwacyjnych bez konieczno\u015bci rozleg\u0142ego demonta\u017cu.<\/p>\n<p><img decoding=\"async\" src=\"https:\/\/www.hydraulic-cylinders.net\/wp-content\/uploads\/2025\/04\/songte-oil-pipes-and-spare-parts.webp\" alt=\"Cz\u0119\u015bci cylindr\u00f3w hydraulicznych\"><\/p>\n<h2>Uszczelnianie i smarowanie<\/h2>\n<p>Uszczelnienie i smarowanie odgrywaj\u0105 kluczow\u0105 rol\u0119 w dzia\u0142aniu cylindr\u00f3w hydraulicznych. R\u00f3\u017cne uszczelnienia, takie jak uszczelnienia t\u0142ok\u00f3w i t\u0142oczysk, zapobiegaj\u0105 wyciekom p\u0142ynu i utrzymuj\u0105 ci\u015bnienie. Uszczelnienia s\u0105 zazwyczaj wykonane z trwa\u0142ych materia\u0142\u00f3w, takich jak poliuretan i kauczuk nitrylowy, zapewniaj\u0105cych odporno\u015b\u0107 na zu\u017cycie i czynniki \u015brodowiskowe. Korpus cylindra i gwintowane ko\u0144c\u00f3wki s\u0105 poddawane precyzyjnej obr\u00f3bce mechanicznej w celu zwi\u0119kszenia odporno\u015bci na zu\u017cycie. Dodatkowo, regularne smarowanie olejem hydraulicznym jest niezb\u0119dne dla zapewnienia p\u0142ynnej pracy i wyd\u0142u\u017cenia \u017cywotno\u015bci cylindra. Regularny harmonogram konserwacji smarowania mo\u017ce zapobiec przedwczesnemu zu\u017cyciu i zapewni\u0107 optymalne funkcjonowanie uk\u0142adu hydraulicznego.<\/p>\n<h2>Regularne kontrole i konserwacja zapobiegawcza<\/h2>\n<ul>\n<li><strong>Regularne kontrole:<\/strong> Regularnie sprawdzaj cylindry pod k\u0105tem oznak zu\u017cycia, nieszczelno\u015bci lub uszkodze\u0144. Wczesne wykrycie problem\u00f3w mo\u017ce zapobiec powa\u017cniejszym awariom w przysz\u0142o\u015bci.<\/li>\n<li><strong>Konserwacja zapobiegawcza:<\/strong> Wdro\u017c harmonogram konserwacji zapobiegawczej, aby rozwi\u0105za\u0107 wszelkie potencjalne problemy, zanim wp\u0142yn\u0105 one na wydajno\u015b\u0107. Obejmuje to sprawdzenie uszczelnie\u0144 i poziomu p\u0142ynu hydraulicznego.<\/li>\n<li><strong>Uzupe\u0142nianie p\u0142yn\u00f3w:<\/strong> Utrzymuj odpowiedni poziom p\u0142ynu hydraulicznego i wymieniaj p\u0142yny zgodnie z zaleceniami producenta, aby zapewni\u0107 optymaln\u0105 wydajno\u015b\u0107 i zapobiec zanieczyszczeniu.<\/li>\n<\/ul>\n<h2>Wytyczne dotycz\u0105ce instalacji<\/h2>\n<p>Prawid\u0142owy monta\u017c si\u0142ownika wysi\u0119gnika ma kluczowe znaczenie dla optymalnej wydajno\u015bci. Najpierw upewnij si\u0119, \u017ce punkty mocowania zar\u00f3wno maszyny, jak i si\u0142ownika s\u0105 czyste i wolne od zanieczyszcze\u0144. Prawid\u0142owo ustaw si\u0142ownik wzgl\u0119dem punkt\u00f3w mocowania, aby unikn\u0105\u0107 nadmiernego obci\u0105\u017cenia podzespo\u0142\u00f3w. U\u017cyj odpowiednich wspornik\u00f3w monta\u017cowych, aby pewnie zamocowa\u0107 si\u0142ownik. Podczas monta\u017cu upewnij si\u0119, \u017ce przewody hydrauliczne s\u0105 prawid\u0142owo pod\u0142\u0105czone i sprawd\u017a szczelno\u015b\u0107 po zako\u0144czeniu konfiguracji. Zaleca si\u0119 przeprowadzenie testu przed rozpocz\u0119ciem normalnej eksploatacji maszyny, aby upewni\u0107 si\u0119, \u017ce dzia\u0142a prawid\u0142owo. Zawsze zapoznaj si\u0119 z instrukcjami producenta dotycz\u0105cymi instalacji, aby uzyska\u0107 szczeg\u00f3\u0142owe instrukcje dostosowane do posiadanego sprz\u0119tu.<\/p>\n<p><img decoding=\"async\" src=\"https:\/\/www.hydraulic-cylinders.net\/wp-content\/uploads\/2025\/04\/songte-chushion-collar.webp\" alt=\"Ko\u0142nierz amortyzuj\u0105cy do cylindra hydraulicznego\"><\/p>\n<h2>Zadania konserwacyjne<\/h2>\n<h3>Regularne kontrole<\/h3>\n<p>Regularne kontrole s\u0105 niezb\u0119dne do wczesnego wykrycia potencjalnych problem\u00f3w. Operatorzy powinni regularnie sprawdza\u0107 oznaki zu\u017cycia, takie jak nietypowe d\u017awi\u0119ki lub wycieki, oraz sprawdza\u0107 og\u00f3lny stan si\u0142ownika hydraulicznego. Rozwi\u0105zywanie drobnych usterek, zanim przerodz\u0105 si\u0119 w powa\u017cne problemy, mo\u017ce zaoszcz\u0119dzi\u0107 na kosztownych naprawach i przestojach.<\/p>\n<h3>Prawid\u0142owe smarowanie<\/h3>\n<p>Utrzymanie prawid\u0142owego smarowania jest niezb\u0119dne do p\u0142ynnej pracy si\u0142ownik\u00f3w hydraulicznych. Regularnie sprawdzaj i uzupe\u0142niaj poziom oleju hydraulicznego, aby zapewni\u0107 odpowiednie smarowanie uszczelek i cz\u0119\u015bci ruchomych, zmniejszaj\u0105c tarcie i zu\u017cycie. Prawid\u0142owe smarowanie pomaga r\u00f3wnie\u017c utrzyma\u0107 ci\u015bnienie w uk\u0142adzie, zwi\u0119kszaj\u0105c wydajno\u015b\u0107 i sprawno\u015b\u0107.<\/p>\n<h3>Wymiana uszczelek i kontrola kalibracji<\/h3>\n<p>Z biegiem czasu uszczelki mog\u0105 si\u0119 zu\u017cywa\u0107 i stawa\u0107 mniej skuteczne. Regularnie sprawdzaj uszczelki pod k\u0105tem uszkodze\u0144 lub zu\u017cycia i wymieniaj je w razie potrzeby. Nale\u017cy r\u00f3wnie\u017c przeprowadza\u0107 kontrole kalibracji, aby upewni\u0107 si\u0119, \u017ce uk\u0142ad hydrauliczny dzia\u0142a zgodnie z wymaganymi parametrami. Obejmuje to sprawdzenie, czy si\u0142ownik wysuwa si\u0119 i chowa p\u0142ynnie, bez zaci\u0119\u0107 i nadmiernego luzu.<\/p>\n<h2>Zagadnienia bezpiecze\u0144stwa i czynniki \u015brodowiskowe<\/h2>\n<p>\u015arodki bezpiecze\u0144stwa podczas u\u017cytkowania si\u0142ownik\u00f3w hydraulicznych s\u0105 kluczowe dla zapobiegania wypadkom i urazom. Operatorzy powinni by\u0107 przeszkoleni w zakresie prawid\u0142owej obs\u0142ugi maszyn, w tym w zakresie ogranicze\u0144 uk\u0142ad\u00f3w hydraulicznych. Ponadto, zapewnienie sprawno\u015bci wszystkich urz\u0105dze\u0144 bezpiecze\u0144stwa jest istotne dla zapobiegania awariom hydraulicznym, kt\u00f3re mog\u0105 prowadzi\u0107 do niebezpiecznych sytuacji. Kwestie \u015brodowiskowe, takie jak prawid\u0142owa utylizacja p\u0142yn\u00f3w hydraulicznych i przestrzeganie przepis\u00f3w, s\u0105 kluczowe dla minimalizacji wp\u0142ywu na lokalne ekosystemy. Wdro\u017cenie protoko\u0142\u00f3w bezpiecze\u0144stwa nie tylko chroni personel, ale tak\u017ce chroni \u015brodowisko przed potencjalnymi zagro\u017ceniami.<\/p>\n<h2>Rozwi\u0105zywanie problem\u00f3w i typowe problemy<\/h2>\n<ul>\n<li><strong>Przeciek:<\/strong> Cz\u0119stym problemem w przypadku si\u0142ownik\u00f3w hydraulicznych jest wyciek p\u0142ynu. Mo\u017ce to wynika\u0107 ze zu\u017cycia uszczelek lub nieprawid\u0142owego monta\u017cu. Regularne kontrole mog\u0105 pom\u00f3c we wczesnym wykryciu i usuni\u0119ciu wyciek\u00f3w.<\/li>\n<li><strong>Powolna praca:<\/strong> Je\u015bli cylinder pracuje wolniej ni\u017c zwykle, mo\u017ce to wskazywa\u0107 na problem z poziomem p\u0142ynu hydraulicznego lub zatory w uk\u0142adzie. Sprawdzenie poziomu p\u0142ynu i upewnienie si\u0119, \u017ce nie ma \u017cadnych przeszk\u00f3d, mo\u017ce rozwi\u0105za\u0107 ten problem.<\/li>\n<li><strong>Nietypowe d\u017awi\u0119ki:<\/strong> Wszelkie nietypowe d\u017awi\u0119ki podczas pracy mog\u0105 sygnalizowa\u0107 wewn\u0119trzne uszkodzenia lub zu\u017cycie. Szybkie ustalenie \u017ar\u00f3d\u0142a tych d\u017awi\u0119k\u00f3w jest kluczowe, aby zapobiec dalszym uszkodzeniom.<\/li>\n<\/ul>\n<h2>Wskaz\u00f3wki dotycz\u0105ce rozwi\u0105zywania problem\u00f3w<\/h2>\n<p>Aby skutecznie zdiagnozowa\u0107 i rozwi\u0105za\u0107 problemy z si\u0142ownikami hydraulicznymi, post\u0119puj zgodnie z poni\u017cszymi wskaz\u00f3wkami:<\/p>\n<ul>\n<li>W celu uzyskania wskaz\u00f3wek dotycz\u0105cych konkretnych kwestii nale\u017cy zawsze zapozna\u0107 si\u0119 z instrukcj\u0105 obs\u0142ugi.<\/li>\n<li>Regularna konserwacja mo\u017ce zapobiec wielu powszechnym problemom, dlatego nale\u017cy przestrzega\u0107 harmonogramu konserwacji.<\/li>\n<li>W przypadku wyst\u0105pienia problemu nale\u017cy od\u0142\u0105czy\u0107 uk\u0142ad hydrauliczny i przeprowadzi\u0107 dok\u0142adn\u0105 kontrol\u0119 w celu zlokalizowania \u017ar\u00f3d\u0142a problemu.<\/li>\n<\/ul>\n<p><img decoding=\"async\" src=\"https:\/\/www.hydraulic-cylinders.net\/wp-content\/uploads\/2025\/04\/songte-bushings-with-all-kinds-of-excavator-models.webp\" alt=\"Tuleje do modeli koparek\"><\/p>\n<h2>O naszej firmie<\/h2>\n<p>Jeste\u015bmy wiod\u0105cym producentem zamiennych si\u0142ownik\u00f3w hydraulicznych, oferuj\u0105cym szerok\u0105 gam\u0119 produkt\u00f3w. Nasze zaanga\u017cowanie w jako\u015b\u0107 uczyni\u0142o nas czo\u0142owym graczem na rynku krajowym i mi\u0119dzynarodowym. D\u0105\u017cymy do doskona\u0142o\u015bci w naszych procesach produkcyjnych, wykorzystuj\u0105c zaawansowany sprz\u0119t do produkcji cyfrowej i profesjonalny system testowania, aby zwi\u0119kszy\u0107 nasze mo\u017cliwo\u015bci produkcyjne. Nasza wykwalifikowana kadra i najnowocze\u015bniejsze zaplecze gwarantuj\u0105, \u017ce zaspokajamy zr\u00f3\u017cnicowane potrzeby naszych klient\u00f3w, zapewniaj\u0105c wydajno\u015b\u0107, dok\u0142adno\u015b\u0107 i wysok\u0105 jako\u015b\u0107 produkt\u00f3w.<\/p>\n<p><img decoding=\"async\" src=\"https:\/\/www.hydraulic-cylinders.net\/wp-content\/uploads\/2025\/04\/songte-company-4.webp\" alt=\"Przegl\u0105d firmy\"><br \/>\n<img decoding=\"async\" src=\"https:\/\/www.hydraulic-cylinders.net\/wp-content\/uploads\/2025\/04\/songte-company-3.webp\" alt=\"Zak\u0142ad produkcyjny firmy\"><\/p>\n<p>Wyr\u00f3\u017cnia nas profesjonalizm, mi\u0119dzynarodowe certyfikaty i us\u0142ugi personalizacji. Jeste\u015bmy dumni z zapewniania doskona\u0142ego wsparcia posprzeda\u017cowego, zapewniaj\u0105c naszym klientom dost\u0119p do doradztwa i pomocy w ka\u017cdej chwili.<\/p>\n<p>Autor: lyl<\/p>","protected":false},"excerpt":{"rendered":"<p>Boom Cylinder For Zoomlion Middle Excavator ZE220ELC Product Overview The Boom Cylinder for the Zoomlion Middle Excavator ZE220ELC is a specialized hydraulic cylinder designed to control the movement of the excavator&#8217;s boom. This component plays a critical role in hydraulic systems, ensuring precise operation during demanding tasks. The bucket cylinder is essential for various heavy [&hellip;]<\/p>","protected":false},"featured_media":17873,"comment_status":"open","ping_status":"closed","template":"","meta":{"_et_pb_use_builder":"","_et_pb_old_content":"","_et_gb_content_width":""},"product_brand":[],"product_cat":[1546],"product_tag":[1547,1496],"class_list":{"0":"post-19217","1":"product","2":"type-product","3":"status-publish","4":"has-post-thumbnail","6":"product_cat-boom-cylinders","7":"product_tag-boom-cylinders","8":"product_tag-hydraulic-cylinders","10":"first","11":"instock","12":"shipping-taxable","13":"product-type-simple"},"amp_enabled":true,"_links":{"self":[{"href":"https:\/\/www.hydraulic-cylinders.net\/pl\/wp-json\/wp\/v2\/product\/19217","targetHints":{"allow":["GET"]}}],"collection":[{"href":"https:\/\/www.hydraulic-cylinders.net\/pl\/wp-json\/wp\/v2\/product"}],"about":[{"href":"https:\/\/www.hydraulic-cylinders.net\/pl\/wp-json\/wp\/v2\/types\/product"}],"replies":[{"embeddable":true,"href":"https:\/\/www.hydraulic-cylinders.net\/pl\/wp-json\/wp\/v2\/comments?post=19217"}],"wp:featuredmedia":[{"embeddable":true,"href":"https:\/\/www.hydraulic-cylinders.net\/pl\/wp-json\/wp\/v2\/media\/17873"}],"wp:attachment":[{"href":"https:\/\/www.hydraulic-cylinders.net\/pl\/wp-json\/wp\/v2\/media?parent=19217"}],"wp:term":[{"taxonomy":"product_brand","embeddable":true,"href":"https:\/\/www.hydraulic-cylinders.net\/pl\/wp-json\/wp\/v2\/product_brand?post=19217"},{"taxonomy":"product_cat","embeddable":true,"href":"https:\/\/www.hydraulic-cylinders.net\/pl\/wp-json\/wp\/v2\/product_cat?post=19217"},{"taxonomy":"product_tag","embeddable":true,"href":"https:\/\/www.hydraulic-cylinders.net\/pl\/wp-json\/wp\/v2\/product_tag?post=19217"}],"curies":[{"name":"wp","href":"https:\/\/api.w.org\/{rel}","templated":true}]}}