{"id":19220,"date":"2025-04-07T06:18:43","date_gmt":"2025-04-07T06:18:43","guid":{"rendered":"https:\/\/www.hydraulic-cylinders.net\/product\/boom-cylinder-for-zoomlion-middle-excavator-ze210elc\/"},"modified":"2025-04-07T06:18:45","modified_gmt":"2025-04-07T06:18:45","slug":"boom-cylinder-for-zoomlion-middle-excavator-ze210elc","status":"publish","type":"product","link":"https:\/\/www.hydraulic-cylinders.net\/pl\/produkt\/boom-cylinder-for-zoomlion-middle-excavator-ze210elc\/","title":{"rendered":"Si\u0142ownik wysi\u0119gnika do koparki \u015brodkowej Zoomlion ZE210ELC"},"content":{"rendered":"<h1>Si\u0142ownik wysi\u0119gnika do koparki \u015brodkowej Zoomlion ZE210ELC<\/h1>\n<h2>Wprowadzenie do cylindra wysi\u0119gnika<\/h2>\n<p>Si\u0142ownik wysi\u0119gnika to kluczowy element hydrauliczny stosowany w r\u00f3\u017cnych maszynach ci\u0119\u017ckich, zaprojektowany specjalnie do koparki Zoomlion Middle Excavator ZE210ELC. Ten si\u0142ownik hydrauliczny jest integraln\u0105 cz\u0119\u015bci\u0105 sterowania ruchem wysi\u0119gnika, umo\u017cliwiaj\u0105c jego podnoszenie, opuszczanie i przechylanie. Funkcjonalno\u015b\u0107 si\u0142ownika wysi\u0119gnika umo\u017cliwia wydajne przenoszenie materia\u0142\u00f3w, co jest niezb\u0119dne w projektach budowlanych i wykopaliskowych.<\/p>\n<p><img decoding=\"async\" src=\"https:\/\/www.hydraulic-cylinders.net\/wp-content\/uploads\/2025\/04\/songte-company-1.webp\" alt=\"Si\u0142ownik wysi\u0119gnika\"><\/p>\n<h3>Definicja i przegl\u0105d<\/h3>\n<p>Si\u0142ownik wysi\u0119gnika to rodzaj si\u0142ownika hydraulicznego zaprojektowanego specjalnie do sterowania prac\u0105 wysi\u0119gnika w ci\u0119\u017ckich maszynach, takich jak koparki, koparko-\u0142adowarki i \u0142adowarki czo\u0142owe. Steruje on ruchem wysi\u0119gnika, u\u0142atwiaj\u0105c podnoszenie, opuszczanie i przechylanie niezb\u0119dne do efektywnego transportu materia\u0142\u00f3w. Dzia\u0142anie si\u0142ownika opiera si\u0119 na ci\u015bnieniu p\u0142ynu hydraulicznego, co zapewnia p\u0142ynny i wydajny ruch, co czyni go niezast\u0105pionym w zastosowaniach wymagaj\u0105cych du\u017cej wytrzyma\u0142o\u015bci.<\/p>\n<h2>G\u0142\u00f3wne cechy cylindra wysi\u0119gnika<\/h2>\n<ul>\n<li><strong>Wysoka wytrzyma\u0142o\u015b\u0107 i trwa\u0142o\u015b\u0107:<\/strong> Wykonany z wysokowytrzyma\u0142ej stali lub aluminium, si\u0142ownik wysi\u0119gnika wytrzymuje wysokie ci\u015bnienie i du\u017ce obci\u0105\u017cenia, pracuj\u0105c w trudnych warunkach. Jego konstrukcja uwzgl\u0119dnia odporno\u015b\u0107 na zu\u017cycie i korozj\u0119, co znacznie wyd\u0142u\u017ca jego \u017cywotno\u015b\u0107.<\/li>\n<li><strong>Wydajna praca uk\u0142adu hydraulicznego:<\/strong> Si\u0142ownik wysi\u0119gnika wykorzystuje ci\u015bnienie p\u0142ynu hydraulicznego w celu uzyskania p\u0142ynnego wysuwania i wsuwania, co pozwala na szybk\u0105 reakcj\u0119 na polecenia steruj\u0105ce i zapewnia znaczn\u0105 si\u0142\u0119 pchania i ci\u0105gni\u0119cia, odpowiedni\u0105 do przenoszenia ci\u0119\u017ckich materia\u0142\u00f3w i wykonywania skomplikowanych zada\u0144.<\/li>\n<li><strong>R\u00f3\u017cne typy:<\/strong> W zale\u017cno\u015bci od potrzeb eksploatacyjnych, u\u017cytkownicy mog\u0105 wybra\u0107 si\u0142owniki jednostronnego dzia\u0142ania (z hydraulik\u0105 w jednym kierunku) lub dwustronnego dzia\u0142ania (z hydraulik\u0105 w obu kierunkach). Niekt\u00f3re modele s\u0105 teleskopowe, co pozwala na wi\u0119ksze wysuni\u0119cie bez zwi\u0119kszania wymiar\u00f3w zewn\u0119trznych, co jest idealne w przypadku ograniczonej przestrzeni.<\/li>\n<li><strong>Rozwi\u0105zania dostosowywane do indywidualnych potrzeb:<\/strong> Produkujemy ten produkt tak, aby idealnie zast\u0105pi\u0142 r\u00f3\u017cne si\u0142owniki hydrauliczne, zapewniaj\u0105c kompatybilno\u015b\u0107 i niezawodno\u015b\u0107 w Pa\u0144stwa maszynach.<\/li>\n<\/ul>\n<p><img decoding=\"async\" src=\"https:\/\/www.hydraulic-cylinders.net\/wp-content\/uploads\/2025\/04\/songte-cylinder-head-with-all-kinds-excavator-models.webp\" alt=\"Modele koparek\"><\/p>\n<h2>Zastosowania cylindra wysi\u0119gnika<\/h2>\n<h3>Sprz\u0119t budowlany<\/h3>\n<p>W koparkach si\u0142ownik wysi\u0119gnika ma kluczowe znaczenie podczas kopania, za\u0142adunku i przemieszczania gleby lub gruzu. Umo\u017cliwia precyzyjne wysuwanie i wsuwanie wysi\u0119gnika, zwi\u0119kszaj\u0105c wydajno\u015b\u0107 operacyjn\u0105 na placach budowy. W koparko-\u0142adowarkach si\u0142ownik wysi\u0119gnika u\u0142atwia zar\u00f3wno kopanie, jak i podnoszenie, co czyni go wszechstronnym wyborem do r\u00f3\u017cnych zastosowa\u0144.<\/p>\n<h3>Maszyny rolnicze<\/h3>\n<p>W \u0142adowarkach czo\u0142owych si\u0142ownik wysi\u0119gnika wspomaga nabieranie, podnoszenie i transport ziemi, siana i innych materia\u0142\u00f3w. Jego zdolno\u015b\u0107 do obs\u0142ugi zr\u00f3\u017cnicowanych obci\u0105\u017ce\u0144 sprawia, \u017ce \u200b\u200bjest on niezb\u0119dny w pracach rolniczych, gdzie wydajno\u015b\u0107 i niezawodno\u015b\u0107 s\u0105 priorytetem.<\/p>\n<h3>Koparki<\/h3>\n<p>Si\u0142ownik wysi\u0119gnika umo\u017cliwia skuteczne zag\u0142\u0119bianie si\u0119 \u0142y\u017cki koparki w gleb\u0119, umo\u017cliwiaj\u0105c wydajne kopanie. Jego solidna konstrukcja gwarantuje odporno\u015b\u0107 na obci\u0105\u017cenia zwi\u0105zane z wielokrotnym u\u017cytkowaniem w trudnych warunkach.<\/p>\n<h3>\u0141adowarki<\/h3>\n<p>W \u0142adowarkach czo\u0142owych si\u0142ownik wysi\u0119gnika jest niezb\u0119dny do podnoszenia i zrzucania \u0142adunk\u00f3w. Zapewnia on si\u0142\u0119 niezb\u0119dn\u0105 do manipulowania ci\u0119\u017ckimi materia\u0142ami, przyczyniaj\u0105c si\u0119 do og\u00f3lnej efektywno\u015bci maszyny podczas prac budowlanych i rozbi\u00f3rkowych.<\/p>\n<h2>Zagadnienia projektowe i kryteria wyboru<\/h2>\n<h3>No\u015bno\u015b\u0107<\/h3>\n<p>Przy wyborze si\u0142ownika wysi\u0119gnika, ud\u017awig jest kluczowym czynnikiem. Si\u0142ownik musi by\u0107 w stanie ud\u017awign\u0105\u0107 maksymaln\u0105 mas\u0119, z jak\u0105 b\u0119dzie si\u0119 styka\u0142 podczas pracy. Wymaga to oceny zar\u00f3wno obci\u0105\u017ce\u0144 statycznych, jak i dynamicznych, aby zapewni\u0107 bezpiecze\u0144stwo i wydajno\u015b\u0107.<\/p>\n<h3>Integralno\u015b\u0107 uszczelnienia<\/h3>\n<p>Uszczelnienie ma kluczowe znaczenie dla utrzymania sprawno\u015bci uk\u0142adu hydraulicznego. Wysokiej jako\u015bci uszczelnienia zapobiegaj\u0105 wyciekom p\u0142ynu hydraulicznego, zapewniaj\u0105c sta\u0142\u0105 wydajno\u015b\u0107 i zmniejszaj\u0105c ryzyko utraty p\u0142ynu, co mog\u0142oby negatywnie wp\u0142yn\u0105\u0107 na sprawno\u015b\u0107 uk\u0142adu. Prawid\u0142owe uszczelnienie chroni r\u00f3wnie\u017c przed zanieczyszczeniami, kt\u00f3re mog\u0142yby uszkodzi\u0107 uk\u0142ad hydrauliczny.<\/p>\n<h3>Trwa\u0142o\u015b\u0107<\/h3>\n<p>Trwa\u0142o\u015b\u0107 odnosi si\u0119 do zdolno\u015bci cylindra do wytrzymywania trudnych warunk\u00f3w pracy przez d\u0142ugi czas. Dotyczy to materia\u0142\u00f3w odpornych na zu\u017cycie, korozj\u0119 i zm\u0119czenie, co zapewnia d\u0142u\u017csz\u0105 \u017cywotno\u015b\u0107 i ni\u017csze koszty konserwacji. Wyb\u00f3r materia\u0142\u00f3w i proces\u00f3w produkcyjnych odgrywa kluczow\u0105 rol\u0119 w zwi\u0119kszaniu trwa\u0142o\u015bci.<\/p>\n<h3>Funkcje bezpiecze\u0144stwa<\/h3>\n<p>Bezpiecze\u0144stwo musi by\u0107 priorytetem podczas projektowania si\u0142ownik\u00f3w hydraulicznych. Obejmuje to zastosowanie zawor\u00f3w bezpiecze\u0144stwa zapobiegaj\u0105cych nadmiernemu ci\u015bnieniu oraz zapewnienie zgodno\u015bci wszystkich podzespo\u0142\u00f3w z przepisami bezpiecze\u0144stwa. Dobrze zaprojektowany si\u0142ownik zapewnia spok\u00f3j ducha podczas pracy.<\/p>\n<h3>Dost\u0119pno\u015b\u0107 konserwacyjna<\/h3>\n<p>Zaprojektowanie si\u0142ownika wysi\u0119gnika z my\u015bl\u0105 o \u0142atwej konserwacji jest kluczowe dla zminimalizowania przestoj\u00f3w. Takie rozwi\u0105zania, jak wyjmowane uszczelki i \u0142atwo dost\u0119pne punkty smarowania, u\u0142atwiaj\u0105 przeprowadzanie rutynowych kontroli i prac konserwacyjnych, przyczyniaj\u0105c si\u0119 do trwa\u0142o\u015bci i niezawodno\u015bci sprz\u0119tu.<\/p>\n<p><img decoding=\"async\" src=\"https:\/\/www.hydraulic-cylinders.net\/wp-content\/uploads\/2025\/04\/songte-oil-pipes-and-spare-parts.webp\" alt=\"Rury olejowe i cz\u0119\u015bci zamienne\"><\/p>\n<h2>Uszczelnianie i smarowanie<\/h2>\n<p>Skuteczno\u015b\u0107 si\u0142ownika wysi\u0119gnika w du\u017cej mierze zale\u017cy od jego system\u00f3w uszczelnie\u0144 i smarowania. W celu utrzymania integralno\u015bci hydraulicznej stosuje si\u0119 r\u00f3\u017cne uszczelnienia, w tym uszczelnienia t\u0142okowe i t\u0142oczyskowe. Preferowane s\u0105 uszczelnienia wykonane z trwa\u0142ych materia\u0142\u00f3w, takich jak poliuretan i kauczuk nitrylowy, ze wzgl\u0119du na ich odporno\u015b\u0107 na zu\u017cycie i czynniki \u015brodowiskowe.<\/p>\n<p>Korpus cylindra i gwintowane powierzchnie ko\u0144cowe s\u0105 poddawane precyzyjnej obr\u00f3bce mechanicznej w celu zwi\u0119kszenia odporno\u015bci na zu\u017cycie, co przek\u0142ada si\u0119 na d\u0142u\u017csz\u0105 \u017cywotno\u015b\u0107. Regularne smarowanie odpowiednim olejem hydraulicznym jest niezb\u0119dne dla utrzymania optymalnego dzia\u0142ania i zapobiegania zu\u017cyciu krytycznych podzespo\u0142\u00f3w.<\/p>\n<h2>Regularne kontrole i konserwacja zapobiegawcza<\/h2>\n<ul>\n<li><strong>Regularne kontrole:<\/strong> Przeprowadzanie rutynowych kontroli jest kluczowe dla identyfikacji potencjalnych problem\u00f3w, zanim si\u0119 nasil\u0105. Sprawd\u017a oznaki zu\u017cycia i wyciek\u00f3w oraz przeprowad\u017a testy operacyjne, aby upewni\u0107 si\u0119, \u017ce wszystko dzia\u0142a prawid\u0142owo.<\/li>\n<li><strong>Prawid\u0142owe smarowanie:<\/strong> Upewnij si\u0119, \u017ce poziom oleju hydraulicznego jest odpowiedni i uzupe\u0142niaj go w razie potrzeby. Stosuj zalecane \u015brodki smarne, aby utrzyma\u0107 optymaln\u0105 wydajno\u015b\u0107 i zmniejszy\u0107 tarcie w uk\u0142adzie.<\/li>\n<li><strong>Wymiana uszczelki:<\/strong> Z biegiem czasu uszczelki mog\u0105 si\u0119 zu\u017cywa\u0107 i wymaga\u0107 wymiany. Regularnie sprawdzaj uszczelki pod k\u0105tem oznak zu\u017cycia i wymieniaj je, aby zapobiec wyciekom p\u0142ynu hydraulicznego.<\/li>\n<\/ul>\n<h2>Wytyczne dotycz\u0105ce instalacji<\/h2>\n<p>Prawid\u0142owy monta\u017c si\u0142ownika wysi\u0119gnika ma kluczowe znaczenie dla jego wydajno\u015bci. Na pocz\u0105tek upewnij si\u0119, \u017ce miejsce monta\u017cu jest czyste i wolne od zanieczyszcze\u0144. U\u017cyj odpowiednich narz\u0119dzi do ustawiania po\u0142o\u017cenia, aby zabezpieczy\u0107 si\u0142ownik na miejscu, upewniaj\u0105c si\u0119, \u017ce jest on prawid\u0142owo ustawiony wzgl\u0119dem innych podzespo\u0142\u00f3w, co zapobiegnie nadmiernym napr\u0119\u017ceniom podczas pracy.<\/p>\n<p>U\u017cyj odpowiednich wspornik\u00f3w monta\u017cowych, aby bezpiecznie zamocowa\u0107 cylinder. Podczas dokr\u0119cania \u015brub nale\u017cy przestrzega\u0107 zalece\u0144 producenta dotycz\u0105cych momentu obrotowego, aby unikn\u0105\u0107 uszkodzenia cylindra. Po monta\u017cu sprawd\u017a prawid\u0142owy poziom p\u0142ynu hydraulicznego i przeprowad\u017a jazd\u0119 pr\u00f3bn\u0105, aby upewni\u0107 si\u0119, \u017ce wszystko dzia\u0142a prawid\u0142owo.<\/p>\n<h2>Typowe zadania konserwacyjne<\/h2>\n<ul>\n<li><strong>Regularne kontrole:<\/strong> Regularne przeprowadzanie kontroli pozwala na wczesne wykrywanie zu\u017cycia i potencjalnych problem\u00f3w, co zapewnia wydajn\u0105 prac\u0119 si\u0142ownika i ogranicza nieoczekiwane przestoje.<\/li>\n<li><strong>Prawid\u0142owe smarowanie:<\/strong> Smarowanie cylindra i jego podzespo\u0142\u00f3w jest niezb\u0119dne do zmniejszenia tarcia i zu\u017cycia, wyd\u0142u\u017caj\u0105c \u017cywotno\u015b\u0107 produktu. Nale\u017cy stosowa\u0107 w\u0142a\u015bciwy rodzaj oleju hydraulicznego, zgodnie ze specyfikacj\u0105 producenta.<\/li>\n<li><strong>Wymiana uszczelki:<\/strong> Regularnie sprawdzaj stan uszczelek i w razie potrzeby wymieniaj je, aby zapobiega\u0107 wyciekom p\u0142yn\u00f3w i utrzyma\u0107 ci\u015bnienie w uk\u0142adzie hydraulicznym.<\/li>\n<\/ul>\n<h2>Zagadnienia bezpiecze\u0144stwa i czynniki \u015brodowiskowe<\/h2>\n<p>Wdro\u017cenie \u015brodk\u00f3w bezpiecze\u0144stwa podczas obs\u0142ugi cylindr\u00f3w hydraulicznych jest niezwykle wa\u017cne. Upewnij si\u0119, \u017ce wszyscy operatorzy s\u0105 przeszkoleni w zakresie bezpiecznej obs\u0142ugi i rozumiej\u0105 potencjalne zagro\u017cenia zwi\u0105zane z systemami hydraulicznymi. Podczas obs\u0142ugi nale\u017cy zawsze nosi\u0107 odzie\u017c ochronn\u0105 i stosowa\u0107 odpowiednie procedury awaryjne.<\/p>\n<h2>Diagnostyka usterek i typowe problemy<\/h2>\n<ul>\n<li><strong>Przeciek:<\/strong> Wyciek p\u0142ynu hydraulicznego mo\u017ce wskazywa\u0107 na awari\u0119 lub uszkodzenie uszczelnienia. Regularne kontrole mog\u0105 pom\u00f3c w zidentyfikowaniu \u017ar\u00f3d\u0142a problemu i szybkiej naprawie.<\/li>\n<li><strong>Obni\u017cona wydajno\u015b\u0107:<\/strong> Je\u015bli cylinder nie reaguje zgodnie z oczekiwaniami, problem mo\u017ce wynika\u0107 z niedostatecznej ilo\u015bci p\u0142ynu hydraulicznego lub zapowietrzenia uk\u0142adu. Nale\u017cy przeprowadzi\u0107 diagnostyk\u0119 w celu ustalenia przyczyny.<\/li>\n<li><strong>Przegrzanie:<\/strong> Nadmierne ciep\u0142o mo\u017ce wynika\u0107 z niedostatecznego smarowania lub du\u017cego tarcia. Monitoruj temperatur\u0119 robocz\u0105 i upewnij si\u0119, \u017ce cylinder jest odpowiednio smarowany.<\/li>\n<\/ul>\n<h2>Wskaz\u00f3wki dotycz\u0105ce rozwi\u0105zywania problem\u00f3w<\/h2>\n<p>Rozwi\u0105zuj\u0105c usterki si\u0142ownika wysi\u0119gnika, nale\u017cy zacz\u0105\u0107 od sprawdzenia poziomu p\u0142ynu hydraulicznego. Nale\u017cy upewni\u0107 si\u0119, \u017ce wszystkie po\u0142\u0105czenia s\u0105 szczelne i sprawdzi\u0107 uszczelki pod k\u0105tem \u015blad\u00f3w zu\u017cycia. Je\u015bli problemy z wydajno\u015bci\u0105 nadal wyst\u0119puj\u0105, nale\u017cy zapozna\u0107 si\u0119 z wytycznymi producenta dotycz\u0105cymi rozwi\u0105zywania konkretnych problem\u00f3w i w razie potrzeby rozwa\u017cy\u0107 konsultacj\u0119 z fachowcem.<\/p>\n<h2>O naszej firmie<\/h2>\n<p>Jeste\u015bmy wiod\u0105cym producentem zamiennych si\u0142ownik\u00f3w hydraulicznych, oferuj\u0105cym szerok\u0105 gam\u0119 produkt\u00f3w, kt\u00f3re zaspokajaj\u0105 potrzeby rynku krajowego i mi\u0119dzynarodowego. Nasze zaanga\u017cowanie w d\u0105\u017cenie do doskona\u0142o\u015bci znajduje odzwierciedlenie w naszych precyzyjnych strategiach produkcyjnych oraz stosowaniu zaawansowanych technologii i wysokiej jako\u015bci materia\u0142\u00f3w.<\/p>\n<p>Koncentruj\u0105c si\u0119 na zaspokajaniu zr\u00f3\u017cnicowanych potrzeb klient\u00f3w, oferujemy rozwi\u0105zania dostosowane do indywidualnych potrzeb. Nasze mi\u0119dzynarodowe certyfikaty potwierdzaj\u0105 nasze zaanga\u017cowanie w jako\u015b\u0107 i niezawodno\u015b\u0107. Nasze zak\u0142ady produkcyjne wyposa\u017cone s\u0105 w najnowocze\u015bniejszy sprz\u0119t, co gwarantuje wysok\u0105 wydajno\u015b\u0107 i precyzj\u0119 ka\u017cdego wytwarzanego przez nas produktu.<\/p>\n<p><img decoding=\"async\" src=\"https:\/\/www.hydraulic-cylinders.net\/wp-content\/uploads\/2025\/04\/songte-company-4.webp\" alt=\"Obiekty firmy\"><br \/>\n<img decoding=\"async\" src=\"https:\/\/www.hydraulic-cylinders.net\/wp-content\/uploads\/2025\/04\/songte-company-3.webp\" alt=\"Linia produkcyjna firmy\"><\/p>\n<p>Autor: lyl<\/p>","protected":false},"excerpt":{"rendered":"<p>Boom Cylinder For Zoomlion Middle Excavator ZE210ELC Introduction to the Boom Cylinder The Boom Cylinder is a critical hydraulic component utilized in various heavy machinery, specifically designed for the Zoomlion Middle Excavator ZE210ELC. This hydraulic cylinder is integral to controlling the movement of the boom, enabling it to lift, lower, and tilt. The functionality of [&hellip;]<\/p>","protected":false},"featured_media":17876,"comment_status":"open","ping_status":"closed","template":"","meta":{"_et_pb_use_builder":"","_et_pb_old_content":"","_et_gb_content_width":""},"product_brand":[],"product_cat":[1546],"product_tag":[1547,1496],"class_list":{"0":"post-19220","1":"product","2":"type-product","3":"status-publish","4":"has-post-thumbnail","6":"product_cat-boom-cylinders","7":"product_tag-boom-cylinders","8":"product_tag-hydraulic-cylinders","10":"first","11":"instock","12":"shipping-taxable","13":"product-type-simple"},"amp_enabled":true,"_links":{"self":[{"href":"https:\/\/www.hydraulic-cylinders.net\/pl\/wp-json\/wp\/v2\/product\/19220","targetHints":{"allow":["GET"]}}],"collection":[{"href":"https:\/\/www.hydraulic-cylinders.net\/pl\/wp-json\/wp\/v2\/product"}],"about":[{"href":"https:\/\/www.hydraulic-cylinders.net\/pl\/wp-json\/wp\/v2\/types\/product"}],"replies":[{"embeddable":true,"href":"https:\/\/www.hydraulic-cylinders.net\/pl\/wp-json\/wp\/v2\/comments?post=19220"}],"wp:featuredmedia":[{"embeddable":true,"href":"https:\/\/www.hydraulic-cylinders.net\/pl\/wp-json\/wp\/v2\/media\/17876"}],"wp:attachment":[{"href":"https:\/\/www.hydraulic-cylinders.net\/pl\/wp-json\/wp\/v2\/media?parent=19220"}],"wp:term":[{"taxonomy":"product_brand","embeddable":true,"href":"https:\/\/www.hydraulic-cylinders.net\/pl\/wp-json\/wp\/v2\/product_brand?post=19220"},{"taxonomy":"product_cat","embeddable":true,"href":"https:\/\/www.hydraulic-cylinders.net\/pl\/wp-json\/wp\/v2\/product_cat?post=19220"},{"taxonomy":"product_tag","embeddable":true,"href":"https:\/\/www.hydraulic-cylinders.net\/pl\/wp-json\/wp\/v2\/product_tag?post=19220"}],"curies":[{"name":"wp","href":"https:\/\/api.w.org\/{rel}","templated":true}]}}