{"id":19224,"date":"2025-04-07T06:19:00","date_gmt":"2025-04-07T06:19:00","guid":{"rendered":"https:\/\/www.hydraulic-cylinders.net\/product\/boom-cylinder-for-zoomlion-large-excavator-ze330e\/"},"modified":"2025-04-07T06:19:03","modified_gmt":"2025-04-07T06:19:03","slug":"boom-cylinder-for-zoomlion-large-excavator-ze330e","status":"publish","type":"product","link":"https:\/\/www.hydraulic-cylinders.net\/pl\/produkt\/boom-cylinder-for-zoomlion-large-excavator-ze330e\/","title":{"rendered":"Si\u0142ownik wysi\u0119gnika do du\u017cej koparki Zoomlion ZE330E"},"content":{"rendered":"<h1>Si\u0142ownik wysi\u0119gnika do du\u017cej koparki Zoomlion ZE330E<\/h1>\n<h2>Wprowadzenie do cylindra wysi\u0119gnika<\/h2>\n<p>The boom cylinder is a vital component of heavy machinery, specifically designed for controlling the movement of the bucket in excavators, backhoe loaders, and front loaders. This hydraulic cylinder allows the bucket to be lifted, lowered, and tilted, enabling efficient material handling tasks. In the context of the Zoomlion Large Excavator ZE330E, the boom cylinder plays a crucial role in enhancing the excavator&#8217;s operational capabilities, making it an indispensable part of the hydraulic system.<\/p>\n<p><img decoding=\"async\" src=\"https:\/\/www.hydraulic-cylinders.net\/wp-content\/uploads\/2025\/04\/songte-company-1.webp\" alt=\"Obraz cylindra wysi\u0119gnika\"><\/p>\n<h3>Funkcja si\u0142ownika wysi\u0119gnika w uk\u0142adach hydraulicznych<\/h3>\n<p>Si\u0142ownik wysi\u0119gnika dzia\u0142a na zasadzie ci\u015bnienia hydraulicznego, przekszta\u0142caj\u0105c energi\u0119 hydrauliczn\u0105 w si\u0142\u0119 mechaniczn\u0105. Dzi\u0119ki temu wysi\u0119gnik mo\u017ce wykonywa\u0107 kluczowe funkcje, takie jak kopanie, podnoszenie i przemieszczanie materia\u0142\u00f3w. Sprawno\u015b\u0107 si\u0142ownika wysi\u0119gnika ma bezpo\u015bredni wp\u0142yw na wydajno\u015b\u0107 koparki, wp\u0142ywaj\u0105c na jej zdolno\u015b\u0107 do przenoszenia du\u017cych ci\u0119\u017car\u00f3w i wykonywania z\u0142o\u017conych zada\u0144.<\/p>\n<h2>Cechy cylindra wysi\u0119gnika<\/h2>\n<ul>\n<li><strong>Wysoka wytrzyma\u0142o\u015b\u0107 i trwa\u0142o\u015b\u0107:<\/strong> Wykonany z wysokowytrzyma\u0142ej stali lub aluminium, si\u0142ownik wysi\u0119gnika wytrzymuje wysokie ci\u015bnienie i du\u017ce obci\u0105\u017cenia, dzi\u0119ki czemu nadaje si\u0119 do pracy w trudnych warunkach. Jego konstrukcja zapewnia odporno\u015b\u0107 na zu\u017cycie i korozj\u0119, co wyd\u0142u\u017ca jego \u017cywotno\u015b\u0107.<\/li>\n<li><strong>Wydajna praca uk\u0142adu hydraulicznego:<\/strong> Si\u0142ownik wykorzystuje ci\u015bnienie oleju hydraulicznego do p\u0142ynnego wysuwania i wsuwania, szybko reaguje na polecenia steruj\u0105ce i zapewnia znaczn\u0105 si\u0142\u0119 pchania i ci\u0105gni\u0119cia. Dzi\u0119ki temu idealnie nadaje si\u0119 do przenoszenia ci\u0119\u017ckich materia\u0142\u00f3w i wykonywania skomplikowanych zada\u0144.<\/li>\n<li><strong>R\u00f3\u017cnorodno\u015b\u0107 typ\u00f3w:<\/strong> Dost\u0119pny w konfiguracji jednostronnego dzia\u0142ania (wykorzystuj\u0105cej ci\u015bnienie hydrauliczne w jednym kierunku) lub dwustronnego dzia\u0142ania (wykorzystuj\u0105cej ci\u015bnienie hydrauliczne w obu kierunkach), si\u0142ownik wysi\u0119gnika mo\u017ce sprosta\u0107 zr\u00f3\u017cnicowanym wymaganiom operacyjnym. Niekt\u00f3re modele s\u0105 teleskopowe, co pozwala na wi\u0119ksze wysuni\u0119cie bez zwi\u0119kszania wymiar\u00f3w zewn\u0119trznych, co jest idealne w zastosowaniach o ograniczonej przestrzeni.<\/li>\n<li><strong>Produkcja niestandardowa:<\/strong> Produkujemy ten produkt i nasze cylindry mog\u0105 doskonale zast\u0105pi\u0107 istniej\u0105ce cylindry hydrauliczne w r\u00f3\u017cnych zastosowaniach.<\/li>\n<li><strong>Zaawansowana konstrukcja:<\/strong> Dzi\u0119ki zastosowaniu najnowocze\u015bniejszych rozwi\u0105za\u0144 konstrukcyjnych si\u0142ownik wysi\u0119gnika gwarantuje wysok\u0105 wydajno\u015b\u0107 i trwa\u0142o\u015b\u0107.<\/li>\n<\/ul>\n<p><img decoding=\"async\" src=\"https:\/\/www.hydraulic-cylinders.net\/wp-content\/uploads\/2025\/04\/songte-cylinder-head-with-all-kinds-excavator-models.webp\" alt=\"Modele koparek Obraz\"><\/p>\n<h2>Zastosowania cylindra wysi\u0119gnika<\/h2>\n<h3>Sprz\u0119t budowlany<\/h3>\n<p>W sprz\u0119cie budowlanym si\u0142owniki wysi\u0119gnika znajduj\u0105 si\u0119 w koparkach, gdzie odgrywaj\u0105 kluczow\u0105 rol\u0119 w kopaniu, za\u0142adunku i przemieszczaniu ziemi i gruzu. Si\u0142ownik wysi\u0119gnika umo\u017cliwia \u0142y\u017cce kopanie g\u0142\u0119boko w ziemi\u0119 i podnoszenie ci\u0119\u017ckich materia\u0142\u00f3w, zwi\u0119kszaj\u0105c wydajno\u015b\u0107 projekt\u00f3w budowlanych.<\/p>\n<h3>Maszyny rolnicze<\/h3>\n<p>W maszynach rolniczych si\u0142owniki wysi\u0119gnika s\u0105 stosowane w \u0142adowarkach czo\u0142owych do nabierania, podnoszenia i transportu gleby, siana i innych materia\u0142\u00f3w. Ich du\u017ca si\u0142a ud\u017awigu pozwala rolnikom szybko i sprawnie wykonywa\u0107 r\u00f3\u017cne zadania, zwi\u0119kszaj\u0105c produktywno\u015b\u0107 gospodarstwa.<\/p>\n<h3>Koparki<\/h3>\n<p>W koparkach si\u0142ownik wysi\u0119gnika u\u0142atwia kopanie, umo\u017cliwiaj\u0105c \u0142y\u017cce skuteczne zag\u0142\u0119bianie si\u0119 w gleb\u0119. Ta funkcjonalno\u015b\u0107 jest niezb\u0119dna podczas takich zada\u0144 jak kopanie row\u00f3w, niwelacja terenu i przygotowanie terenu, zapewniaj\u0105c p\u0142ynne i efektywne wykonywanie prac wykopaliskowych.<\/p>\n<h3>\u0141adowarki<\/h3>\n<p>W \u0142adowarkach czo\u0142owych si\u0142owniki wysi\u0119gnika wspomagaj\u0105 efektywne podnoszenie i przechylanie \u0142adunk\u00f3w. Ta funkcja jest niezb\u0119dna do przenoszenia materia\u0142\u00f3w z jednego miejsca do drugiego, u\u0142atwiaj\u0105c zarz\u0105dzanie projektami z u\u017cyciem ci\u0119\u017ckich materia\u0142\u00f3w.<\/p>\n<h2>Zagadnienia projektowe i kryteria wyboru<\/h2>\n<ul>\n<li><strong>No\u015bno\u015b\u0107:<\/strong> Ud\u017awig si\u0142ownika wysi\u0119gnika jest kluczowym czynnikiem, decyduj\u0105cym o tym, ile ci\u0119\u017caru mo\u017ce on bezpiecznie podnie\u015b\u0107 i opu\u015bci\u0107. Kluczowe jest, aby wybra\u0107 si\u0142ownik, kt\u00f3ry spe\u0142nia lub przekracza wymagane parametry ud\u017awigu dla sprz\u0119tu, z kt\u00f3rym b\u0119dzie u\u017cywany.<\/li>\n<li><strong>Skuteczno\u015b\u0107 uszczelnienia:<\/strong> Skuteczne uszczelnienie jest kluczowe, aby zapobiec wyciekom p\u0142ynu hydraulicznego, kt\u00f3re mog\u0105 obni\u017cy\u0107 wydajno\u015b\u0107 i bezpiecze\u0144stwo uk\u0142adu hydraulicznego. Wysokiej jako\u015bci uszczelnienia zapewniaj\u0105, \u017ce p\u0142yn pozostaje wewn\u0105trz cylindra, co sprzyja niezawodnej pracy.<\/li>\n<li><strong>Trwa\u0142o\u015b\u0107:<\/strong> Materia\u0142y u\u017cyte do produkcji si\u0142ownika wysi\u0119gnika znacz\u0105co wp\u0142ywaj\u0105 na jego trwa\u0142o\u015b\u0107. Wyb\u00f3r si\u0142ownik\u00f3w wykonanych z odpornych materia\u0142\u00f3w wyd\u0142u\u017ca ich \u017cywotno\u015b\u0107 i poprawia wydajno\u015b\u0107 w trudnych warunkach.<\/li>\n<li><strong>Funkcje bezpiecze\u0144stwa:<\/strong> Projekt musi uwzgl\u0119dnia\u0107 kwestie bezpiecze\u0144stwa, w tym zabezpieczenia zapobiegaj\u0105ce nadmiernemu wyd\u0142u\u017ceniu i zapewniaj\u0105ce stabilno\u015b\u0107 podczas pracy. Wdro\u017cenie \u015brodk\u00f3w bezpiecze\u0144stwa chroni zar\u00f3wno sprz\u0119t, jak i operatora.<\/li>\n<li><strong>U\u017cytkowalno\u015b\u0107:<\/strong> Dobrze zaprojektowany si\u0142ownik wysi\u0119gnika powinien by\u0107 \u0142atwy w konserwacji i naprawie. Wyb\u00f3r si\u0142ownika, kt\u00f3ry umo\u017cliwia proste procedury konserwacyjne, mo\u017ce skr\u00f3ci\u0107 przestoje i wyd\u0142u\u017cy\u0107 \u017cywotno\u015b\u0107 sprz\u0119tu.<\/li>\n<\/ul>\n<p><img decoding=\"async\" src=\"https:\/\/www.hydraulic-cylinders.net\/wp-content\/uploads\/2025\/04\/songte-oil-pipes-and-spare-parts.webp\" alt=\"Rury olejowe i cz\u0119\u015bci zamienne Obraz\"><\/p>\n<h2>Uszczelnianie i smarowanie cylindr\u00f3w hydraulicznych<\/h2>\n<p>System uszczelnie\u0144 si\u0142ownika hydraulicznego ma kluczowe znaczenie dla utrzymania jego wydajno\u015bci i trwa\u0142o\u015bci. R\u00f3\u017cne elementy uszczelniaj\u0105ce, takie jak uszczelnienia t\u0142oka i t\u0142oczyska, zapobiegaj\u0105 wyciekaniu p\u0142ynu hydraulicznego z si\u0142ownika. Wyb\u00f3r uszczelnie\u0144 wykonanych z materia\u0142\u00f3w odpornych na zu\u017cycie, takich jak poliuretan i kauczuk nitrylowy, zwi\u0119ksza ich trwa\u0142o\u015b\u0107 i skuteczno\u015b\u0107.<\/p>\n<p>Dodatkowo, wewn\u0119trzne powierzchnie korpusu cylindra i gwintowane powierzchnie ko\u0144cowe poddawane s\u0105 precyzyjnej obr\u00f3bce w celu zwi\u0119kszenia odporno\u015bci na zu\u017cycie. Regularne smarowanie odpowiednim olejem hydraulicznym jest niezb\u0119dne dla zapewnienia p\u0142ynnej pracy i zmniejszenia tarcia, kt\u00f3re mo\u017ce prowadzi\u0107 do przedwczesnego zu\u017cycia.<\/p>\n<h2>\u015arodki konserwacji zapobiegawczej<\/h2>\n<ul>\n<li><strong>Regularne kontrole:<\/strong> Przeprowadzanie rutynowych kontroli si\u0142ownika wysi\u0119gnika jest niezb\u0119dne, aby wcze\u015bnie wykry\u0107 oznaki zu\u017cycia lub uszkodzenia. To proaktywne podej\u015bcie pozwala na terminowe naprawy i wymiany, zapobiegaj\u0105c nieoczekiwanym awariom.<\/li>\n<li><strong>Prawid\u0142owe smarowanie:<\/strong> Zapewnienie odpowiedniego smarowania jest kluczowe dla p\u0142ynnego dzia\u0142ania cylindra. Stosowanie zalecanego oleju hydraulicznego i przestrzeganie harmonogramu smarowania mo\u017ce znacznie wyd\u0142u\u017cy\u0107 \u017cywotno\u015b\u0107 cylindra.<\/li>\n<li><strong>Wymiana uszczelki:<\/strong> Regularna kontrola i wymiana uszczelek wykazuj\u0105cych oznaki zu\u017cycia jest niezb\u0119dna. Uszkodzone uszczelki mog\u0105 prowadzi\u0107 do wyciek\u00f3w p\u0142yn\u00f3w, co obni\u017ca wydajno\u015b\u0107 i niezawodno\u015b\u0107 uk\u0142adu hydraulicznego.<\/li>\n<\/ul>\n<h2>Wytyczne dotycz\u0105ce instalacji<\/h2>\n<p>Prawid\u0142owy monta\u017c si\u0142ownika wysi\u0119gnika ma kluczowe znaczenie dla jego wydajno\u015bci i trwa\u0142o\u015bci. Na pocz\u0105tek nale\u017cy upewni\u0107 si\u0119, \u017ce powierzchnie monta\u017cowe s\u0105 czyste i wolne od zanieczyszcze\u0144. U\u017cyj odpowiednich wspornik\u00f3w monta\u017cowych, aby bezpiecznie zamocowa\u0107 si\u0142ownik. Prawid\u0142owe ustawienie si\u0142ownika jest niezwykle wa\u017cne, aby unikn\u0105\u0107 niepotrzebnego napr\u0119\u017cenia uszczelek i po\u0142\u0105cze\u0144.<\/p>\n<p>Podczas monta\u017cu nale\u017cy przestrzega\u0107 specyfikacji producenta dotycz\u0105cych ustawie\u0144 momentu obrotowego i tolerancji ustawienia. Po monta\u017cu nale\u017cy przeprowadzi\u0107 dok\u0142adn\u0105 kontrol\u0119 pod k\u0105tem ewentualnych wyciek\u00f3w hydraulicznych i upewni\u0107 si\u0119, \u017ce si\u0142ownik dzia\u0142a p\u0142ynnie i bez przeszk\u00f3d. Regularne monitorowanie systemu po monta\u017cu pomo\u017ce szybko wykry\u0107 wszelkie problemy.<\/p>\n<h2>Typowe zadania konserwacyjne<\/h2>\n<ul>\n<li><strong>Regularne kontrole:<\/strong> Regularne kontrole pomagaj\u0105 zidentyfikowa\u0107 potencjalne problemy, zanim stan\u0105 si\u0119 one powa\u017cnymi problemami. Zwr\u00f3\u0107 uwag\u0119 na oznaki zu\u017cycia, wycieki i wszelkie nietypowe d\u017awi\u0119ki podczas pracy.<\/li>\n<li><strong>W\u0142a\u015bciwe smarowanie:<\/strong> Ensuring that the hydraulic cylinder is properly lubricated is crucial for its function. Follow the manufacturer&#8217;s recommendations for lubrication frequency and type.<\/li>\n<li><strong>Wymiana uszczelek i kontrola kalibracji:<\/strong> Okresowa wymiana zu\u017cytych uszczelek i przeprowadzanie kontroli kalibracji pozwala mie\u0107 pewno\u015b\u0107, \u017ce uk\u0142ad hydrauliczny dzia\u0142a zgodnie z zaprojektowanymi parametrami, co przek\u0142ada si\u0119 na wi\u0119ksz\u0105 wydajno\u015b\u0107 i bezpiecze\u0144stwo.<\/li>\n<\/ul>\n<h2>Zagadnienia bezpiecze\u0144stwa i czynniki \u015brodowiskowe<\/h2>\n<p>Podczas pracy z uk\u0142adami hydraulicznymi \u015brodki bezpiecze\u0144stwa maj\u0105 kluczowe znaczenie. Operatorzy musz\u0105 by\u0107 przeszkoleni w zakresie prawid\u0142owej obs\u0142ugi i obs\u0142ugi maszyn wyposa\u017conych w si\u0142owniki wysi\u0119gnika. Nale\u017cy przeprowadza\u0107 regularne kontrole konserwacyjne, aby zapobiec wypadkom spowodowanym przez niesprawny sprz\u0119t. Nale\u017cy r\u00f3wnie\u017c wzi\u0105\u0107 pod uwag\u0119 wp\u0142yw p\u0142yn\u00f3w hydraulicznych na \u015brodowisko i zapewni\u0107 stosowanie odpowiednich metod utylizacji, aby zminimalizowa\u0107 szkody ekologiczne.<\/p>\n<h2>Rozwi\u0105zywanie problem\u00f3w i typowe problemy<\/h2>\n<ul>\n<li><strong>Wycieki p\u0142yn\u00f3w:<\/strong> Jednym z najcz\u0119stszych problem\u00f3w s\u0105 wycieki p\u0142yn\u00f3w, kt\u00f3re mog\u0105 by\u0107 spowodowane zu\u017cytymi uszczelkami lub uszkodzonymi przewodami. Regularna kontrola i terminowa wymiana zu\u017cytych cz\u0119\u015bci s\u0105 kluczowe.<\/li>\n<li><strong>Powolny ruch cylindra:<\/strong> Je\u015bli si\u0142ownik wysi\u0119gnika reaguje powoli, mo\u017ce to oznacza\u0107 niski poziom p\u0142ynu hydraulicznego lub zatory w przewodach hydraulicznych. Sprawdzenie poziomu p\u0142ynu i upewnienie si\u0119, \u017ce przewody s\u0105 dro\u017cne, mo\u017ce rozwi\u0105za\u0107 ten problem.<\/li>\n<li><strong>Nietypowe d\u017awi\u0119ki:<\/strong> Nietypowe d\u017awi\u0119ki podczas pracy cz\u0119sto wskazuj\u0105 na problemy mechaniczne. Sprawdzenie cylindra pod k\u0105tem zu\u017cycia lub uszkodze\u0144 mo\u017ce pom\u00f3c w zidentyfikowaniu problemu.<\/li>\n<\/ul>\n<h2>Wskaz\u00f3wki i rozwi\u0105zania dotycz\u0105ce rozwi\u0105zywania problem\u00f3w<\/h2>\n<p>Aby skutecznie diagnozowa\u0107 i rozwi\u0105zywa\u0107 problemy z si\u0142ownikiem wysi\u0119gnika, operatorzy powinni post\u0119powa\u0107 w spos\u00f3b uporz\u0105dkowany. Zacznij od sprawdzenia widocznych wyciek\u00f3w i upewnienia si\u0119, \u017ce wszystkie z\u0142\u0105cza s\u0105 dobrze dokr\u0119cone. W przypadku wykrycia niskiego poziomu p\u0142ynu nale\u017cy uzupe\u0142ni\u0107 olej hydrauliczny, upewniaj\u0105c si\u0119, \u017ce spe\u0142nia on zalecane parametry. Regularnie monitoruj uk\u0142ad pod k\u0105tem nietypowych d\u017awi\u0119k\u00f3w lub nieprawid\u0142owo\u015bci w dzia\u0142aniu, poniewa\u017c mog\u0105 one wskazywa\u0107 na problemy. Wdro\u017cenie \u015brodk\u00f3w zapobiegawczych, takich jak rutynowe przegl\u0105dy i terminowe naprawy, mo\u017ce znacznie zmniejszy\u0107 prawdopodobie\u0144stwo wyst\u0105pienia problem\u00f3w w przysz\u0142o\u015bci.<\/p>\n<p><img decoding=\"async\" src=\"https:\/\/www.hydraulic-cylinders.net\/wp-content\/uploads\/2025\/04\/songte-bushings-with-all-kinds-of-excavator-models.webp\" alt=\"Tuleje z obrazem modeli koparek\"><\/p>\n<h2>O naszej firmie<\/h2>\n<p>Jeste\u015bmy wiod\u0105cym producentem zamiennych si\u0142ownik\u00f3w hydraulicznych, oferuj\u0105cym szerok\u0105 gam\u0119 produkt\u00f3w, spe\u0142niaj\u0105cych potrzeby rynku krajowego i mi\u0119dzynarodowego. Nasze zaanga\u017cowanie w d\u0105\u017cenie do doskona\u0142o\u015bci jako\u015bci jest wspierane przez zaawansowan\u0105 strategi\u0119 zarz\u0105dzania produkcj\u0105, wykorzystuj\u0105c\u0105 zaawansowane technologie i wykwalifikowan\u0105 kadr\u0119. Stale udoskonalamy nasze procesy produkcyjne, aby zapewni\u0107 wysok\u0105 wydajno\u015b\u0107, dok\u0142adno\u015b\u0107 i jako\u015b\u0107, dostosowuj\u0105c si\u0119 do zr\u00f3\u017cnicowanych wymaga\u0144 klient\u00f3w.<\/p>\n<p>Nasza firma posiada mi\u0119dzynarodowe certyfikaty, co gwarantuje, \u017ce nasze produkty spe\u0142niaj\u0105 \u015bwiatowe standardy. Oferujemy r\u00f3wnie\u017c us\u0142ugi dostosowane do indywidualnych potrzeb, wsparte solidnym sprz\u0119tem produkcyjnym i dedykowanym wsparciem posprzeda\u017cowym.<\/p>\n<p><img decoding=\"async\" src=\"https:\/\/www.hydraulic-cylinders.net\/wp-content\/uploads\/2025\/04\/songte-company-4.webp\" alt=\"Obraz firmy 1\"><\/p>\n<p><img decoding=\"async\" src=\"https:\/\/www.hydraulic-cylinders.net\/wp-content\/uploads\/2025\/04\/songte-company-3.webp\" alt=\"Obraz firmy 2\"><\/p>\n<p>Autor: lyl<\/p>","protected":false},"excerpt":{"rendered":"<p>Boom Cylinder For Zoomlion Large Excavator ZE330E Introduction to Boom Cylinder The boom cylinder is a vital component of heavy machinery, specifically designed for controlling the movement of the bucket in excavators, backhoe loaders, and front loaders. This hydraulic cylinder allows the bucket to be lifted, lowered, and tilted, enabling efficient material handling tasks. In [&hellip;]<\/p>","protected":false},"featured_media":17880,"comment_status":"open","ping_status":"closed","template":"","meta":{"_et_pb_use_builder":"","_et_pb_old_content":"","_et_gb_content_width":""},"product_brand":[],"product_cat":[1546],"product_tag":[1547,1496],"class_list":{"0":"post-19224","1":"product","2":"type-product","3":"status-publish","4":"has-post-thumbnail","6":"product_cat-boom-cylinders","7":"product_tag-boom-cylinders","8":"product_tag-hydraulic-cylinders","10":"first","11":"instock","12":"shipping-taxable","13":"product-type-simple"},"amp_enabled":true,"_links":{"self":[{"href":"https:\/\/www.hydraulic-cylinders.net\/pl\/wp-json\/wp\/v2\/product\/19224","targetHints":{"allow":["GET"]}}],"collection":[{"href":"https:\/\/www.hydraulic-cylinders.net\/pl\/wp-json\/wp\/v2\/product"}],"about":[{"href":"https:\/\/www.hydraulic-cylinders.net\/pl\/wp-json\/wp\/v2\/types\/product"}],"replies":[{"embeddable":true,"href":"https:\/\/www.hydraulic-cylinders.net\/pl\/wp-json\/wp\/v2\/comments?post=19224"}],"wp:featuredmedia":[{"embeddable":true,"href":"https:\/\/www.hydraulic-cylinders.net\/pl\/wp-json\/wp\/v2\/media\/17880"}],"wp:attachment":[{"href":"https:\/\/www.hydraulic-cylinders.net\/pl\/wp-json\/wp\/v2\/media?parent=19224"}],"wp:term":[{"taxonomy":"product_brand","embeddable":true,"href":"https:\/\/www.hydraulic-cylinders.net\/pl\/wp-json\/wp\/v2\/product_brand?post=19224"},{"taxonomy":"product_cat","embeddable":true,"href":"https:\/\/www.hydraulic-cylinders.net\/pl\/wp-json\/wp\/v2\/product_cat?post=19224"},{"taxonomy":"product_tag","embeddable":true,"href":"https:\/\/www.hydraulic-cylinders.net\/pl\/wp-json\/wp\/v2\/product_tag?post=19224"}],"curies":[{"name":"wp","href":"https:\/\/api.w.org\/{rel}","templated":true}]}}