{"id":19250,"date":"2025-04-07T06:22:55","date_gmt":"2025-04-07T06:22:55","guid":{"rendered":"https:\/\/www.hydraulic-cylinders.net\/product\/boom-cylinder-for-sunward-wheel-excavator-swe130w\/"},"modified":"2025-04-07T06:22:58","modified_gmt":"2025-04-07T06:22:58","slug":"boom-cylinder-for-sunward-wheel-excavator-swe130w","status":"publish","type":"product","link":"https:\/\/www.hydraulic-cylinders.net\/pl\/produkt\/boom-cylinder-for-sunward-wheel-excavator-swe130w\/","title":{"rendered":"Si\u0142ownik wysi\u0119gnika do koparki ko\u0142owej Sunward SWE130W"},"content":{"rendered":"<h1>Si\u0142ownik wysi\u0119gnika do koparki ko\u0142owej Sunward SWE130W<\/h1>\n<h2>Wprowadzenie do cylindr\u00f3w wysi\u0119gnika<\/h2>\n<p>Si\u0142ownik wysi\u0119gnika to kluczowy element hydrauliczny, zaprojektowany specjalnie do sterowania ruchem \u0142y\u017cek w ci\u0119\u017ckich maszynach, takich jak koparki, koparko-\u0142adowarki i \u0142adowarki czo\u0142owe. Ten si\u0142ownik hydrauliczny umo\u017cliwia podnoszenie, opuszczanie i przechylanie \u0142y\u017cki, u\u0142atwiaj\u0105c wydajne zadania zwi\u0105zane z prze\u0142adunkiem materia\u0142\u00f3w.<\/p>\n<p><img decoding=\"async\" src=\"https:\/\/www.hydraulic-cylinders.net\/wp-content\/uploads\/2025\/04\/songte-company-1.webp\" alt=\"Obraz cylindra wysi\u0119gnika\"><\/p>\n<p>W uk\u0142adach hydraulicznych si\u0142owniki wysi\u0119gnika odgrywaj\u0105 kluczow\u0105 rol\u0119 w r\u00f3\u017cnych zastosowaniach. Przekszta\u0142caj\u0105 ci\u015bnienie hydrauliczne w si\u0142\u0119 mechaniczn\u0105, umo\u017cliwiaj\u0105c operatorom ci\u0119\u017ckiego sprz\u0119tu wykonywanie skomplikowanych zada\u0144 z precyzj\u0105 i \u0142atwo\u015bci\u0105. Si\u0142owniki te s\u0105 zaprojektowane do pracy pod wysokim ci\u015bnieniem i du\u017cymi obci\u0105\u017ceniami, co czyni je niezb\u0119dnymi w budownictwie, rolnictwie i innych ga\u0142\u0119ziach przemys\u0142u, w kt\u00f3rych wykorzystywany jest ci\u0119\u017cki sprz\u0119t.<\/p>\n<h2>Cechy cylindra wysi\u0119gnika<\/h2>\n<ul>\n<li><strong>Wysoka wytrzyma\u0142o\u015b\u0107 i trwa\u0142o\u015b\u0107:<\/strong> Zazwyczaj wykonane z wysokowytrzyma\u0142ej stali lub aluminium, te cylindry wytrzymuj\u0105 wysokie ci\u015bnienia i du\u017ce obci\u0105\u017cenia, jednocze\u015bnie dostosowuj\u0105c si\u0119 do trudnych warunk\u00f3w pracy. Konstrukcja uwzgl\u0119dnia odporno\u015b\u0107 na zu\u017cycie i korozj\u0119, wyd\u0142u\u017caj\u0105c \u017cywotno\u015b\u0107 produktu.<\/li>\n<li><strong>Wydajna praca uk\u0142adu hydraulicznego:<\/strong> Dzi\u0119ki wykorzystaniu ci\u015bnienia oleju hydraulicznego si\u0142ownik wysi\u0119gnika umo\u017cliwia p\u0142ynne wysuwanie i wsuwanie, szybko reaguje na polecenia operacyjne i zapewnia du\u017c\u0105 si\u0142\u0119 pchania i ci\u0105gni\u0119cia, niezb\u0119dn\u0105 przy wykonywaniu ci\u0119\u017ckich i skomplikowanych zada\u0144.<\/li>\n<li><strong>R\u00f3\u017cne typy:<\/strong> Dost\u0119pne w konfiguracjach jednostronnego dzia\u0142ania (hydraulika w jednym kierunku) lub dwustronnego dzia\u0142ania (hydraulika w obu kierunkach), aby sprosta\u0107 r\u00f3\u017cnym potrzebom operacyjnym. Niekt\u00f3re modele s\u0105 teleskopowe, co pozwala na wi\u0119ksze wysuni\u0119cie bez zwi\u0119kszania wymiar\u00f3w zewn\u0119trznych, i nadaje si\u0119 do zastosowa\u0144 w ograniczonej przestrzeni.<\/li>\n<li><strong>Zaawansowana konstrukcja:<\/strong> Zastosowanie innowacyjnych technik in\u017cynieryjnych w celu poprawy wydajno\u015bci i niezawodno\u015bci, co przek\u0142ada si\u0119 na d\u0142u\u017csz\u0105 \u017cywotno\u015b\u0107 i mniejsze potrzeby konserwacyjne.<\/li>\n<li><strong>Produkcja niestandardowa:<\/strong> Specjalizujemy si\u0119 w produkcji tych cylindr\u00f3w, stanowi\u0105cych doskona\u0142\u0105 alternatyw\u0119 dla istniej\u0105cych cylindr\u00f3w hydraulicznych.<\/li>\n<\/ul>\n<p><img decoding=\"async\" src=\"https:\/\/www.hydraulic-cylinders.net\/wp-content\/uploads\/2025\/04\/songte-cylinder-head-with-all-kinds-excavator-models.webp\" alt=\"Modele koparek\"><\/p>\n<h2>Scenariusze zastosowa\u0144 cylindr\u00f3w wysi\u0119gnika<\/h2>\n<h3>Sprz\u0119t budowlany<\/h3>\n<p>W sprz\u0119cie budowlanym si\u0142owniki wysi\u0119gnika znajduj\u0105 si\u0119 w koparkach, gdzie odgrywaj\u0105 kluczow\u0105 rol\u0119 w kopaniu, za\u0142adunku i przemieszczaniu gleby lub gruzu. Si\u0142owniki te umo\u017cliwiaj\u0105 skuteczne zag\u0142\u0119bianie si\u0119 \u0142y\u017cki w grunt, u\u0142atwiaj\u0105c wykonywanie g\u0142\u0119bokich wykop\u00f3w i szybkie przenoszenie materia\u0142u. Mo\u017cliwo\u015b\u0107 kontrolowania k\u0105ta i g\u0142\u0119boko\u015bci \u0142y\u017cki zwi\u0119ksza wydajno\u015b\u0107 operacyjn\u0105, co sprawia, \u017ce \u200b\u200bsi\u0142owniki wysi\u0119gnika s\u0105 niezb\u0119dne na placach budowy.<\/p>\n<h3>Maszyny rolnicze<\/h3>\n<p>W maszynach rolniczych, takich jak \u0142adowarki czo\u0142owe, si\u0142owniki wysi\u0119gnika s\u0105 niezb\u0119dne do nabierania, podnoszenia i transportu gleby, siana i innych materia\u0142\u00f3w. Umo\u017cliwiaj\u0105 rolnikom \u0142atwe przemieszczanie materia\u0142\u00f3w sypkich, zwi\u0119kszaj\u0105c wydajno\u015b\u0107 i redukuj\u0105c nak\u0142ad pracy. Wszechstronno\u015b\u0107 si\u0142ownik\u00f3w wysi\u0119gnika umo\u017cliwia wykonywanie r\u00f3\u017cnorodnych zada\u0144, od za\u0142adunku zbo\u017ca po przenoszenie ci\u0119\u017ckich bel, co jest kluczowe w nowoczesnym rolnictwie.<\/p>\n<h3>Koparki<\/h3>\n<p>W przypadku koparek, si\u0142owniki wysi\u0119gnika u\u0142atwiaj\u0105 kopanie, umo\u017cliwiaj\u0105c \u0142y\u017cce g\u0142\u0119bok\u0105 penetracj\u0119 gruntu. Proces ten jest kluczowy w budownictwie, kszta\u0142towaniu krajobrazu i pracach komunalnych, gdzie precyzja i g\u0142\u0119boko\u015b\u0107 s\u0105 kluczowe. Wydajno\u015b\u0107 uzyskiwana dzi\u0119ki si\u0142ownikom hydraulicznym skraca czas i nak\u0142ad pracy wymagany do wykonania wykop\u00f3w, co przek\u0142ada si\u0119 na znaczne oszcz\u0119dno\u015bci koszt\u00f3w.<\/p>\n<h3>\u0141adowarki<\/h3>\n<p>W \u0142adowarkach czo\u0142owych si\u0142owniki wysi\u0119gnika wspomagaj\u0105 efektywne podnoszenie i zrzucanie materia\u0142\u00f3w. Si\u0142owniki te poprawiaj\u0105 og\u00f3ln\u0105 funkcjonalno\u015b\u0107 \u0142adowarki, umo\u017cliwiaj\u0105c operatorom podnoszenie \u0142adunk\u00f3w na \u017c\u0105dan\u0105 wysoko\u015b\u0107 w celu ich zrzucenia, usprawniaj\u0105c tym samym przep\u0142yw pracy na placach budowy. Wytrzyma\u0142o\u015b\u0107 i niezawodno\u015b\u0107 si\u0142ownik\u00f3w wysi\u0119gnika przyczyniaj\u0105 si\u0119 do poprawy bezpiecze\u0144stwa i wydajno\u015bci w transporcie materia\u0142\u00f3w.<\/p>\n<h2>Zagadnienia projektowe i kryteria wyboru<\/h2>\n<ul>\n<li><strong>No\u015bno\u015b\u0107:<\/strong> No\u015bno\u015b\u0107 si\u0142ownika wysi\u0119gnika jest kluczowym czynnikiem w jego konstrukcji. Musi on by\u0107 zaprojektowany tak, aby wytrzyma\u0107 maksymalne obci\u0105\u017cenie, jakiemu b\u0119dzie poddawany sprz\u0119t. Wi\u0105\u017ce si\u0119 to z obliczeniem si\u0142 oddzia\u0142uj\u0105cych na si\u0142ownik podczas pracy i upewnieniem si\u0119, \u017ce u\u017cyte materia\u0142y wytrzymaj\u0105 te napr\u0119\u017cenia bezawaryjnie. Dobrze zaprojektowany si\u0142ownik zapewnia bezpiecze\u0144stwo i niezawodno\u015b\u0107 w wymagaj\u0105cych zastosowaniach.<\/li>\n<li><strong>Mechanizmy uszczelniaj\u0105ce:<\/strong> Skuteczne uszczelnienie jest kluczowe, aby zapobiec wyciekom p\u0142ynu hydraulicznego, kt\u00f3re mog\u0105 negatywnie wp\u0142yn\u0105\u0107 na wydajno\u015b\u0107 i prowadzi\u0107 do uszkodze\u0144. Cz\u0119sto stosuje si\u0119 wysokiej jako\u015bci uszczelnienia wykonane z trwa\u0142ych materia\u0142\u00f3w, takich jak poliuretan i kauczuk nitrylowy. Uszczelnienia te musz\u0105 by\u0107 odporne na trudne warunki, w tym wahania temperatury i kontakt z zanieczyszczeniami, zapewniaj\u0105c d\u0142ugowieczno\u015b\u0107 i wydajno\u015b\u0107 uk\u0142adu hydraulicznego.<\/li>\n<li><strong>Trwa\u0142o\u015b\u0107:<\/strong> Trwa\u0142o\u015b\u0107 jest kluczowa w projektowaniu si\u0142ownik\u00f3w wysi\u0119gnika. Musz\u0105 one by\u0107 odporne na zu\u017cycie i uszkodzenia wynikaj\u0105ce z ci\u0105g\u0142ego u\u017cytkowania w trudnych warunkach. Proces projektowania cz\u0119sto obejmuje dob\u00f3r odpowiednich obr\u00f3bek powierzchni i pow\u0142ok, aby zwi\u0119kszy\u0107 odporno\u015b\u0107 na korozj\u0119 i \u015bcieranie, znacz\u0105co wyd\u0142u\u017caj\u0105c \u017cywotno\u015b\u0107 produktu.<\/li>\n<li><strong>Funkcje bezpiecze\u0144stwa:<\/strong> W\u0142\u0105czenie zabezpiecze\u0144 do konstrukcji si\u0142ownik\u00f3w wysi\u0119gnika ma kluczowe znaczenie. Nale\u017c\u0105 do nich zawory bezpiecze\u0144stwa, zapobiegaj\u0105ce przeci\u0105\u017ceniom i zapewniaj\u0105ce wytrzyma\u0142o\u015b\u0107 si\u0142ownika na nieoczekiwane wstrz\u0105sy podczas pracy. Te \u015brodki bezpiecze\u0144stwa chroni\u0105 maszyny i operator\u00f3w, zmniejszaj\u0105c ryzyko wypadk\u00f3w.<\/li>\n<li><strong>Dost\u0119pno\u015b\u0107 konserwacyjna:<\/strong> Projektowanie si\u0142ownik\u00f3w wysi\u0119gnika z my\u015bl\u0105 o \u0142atwej konserwacji jest kluczowe. Obejmuje to wymian\u0119 uszczelnie\u0144, smarowanie cz\u0119\u015bci i kontrol\u0119 podzespo\u0142\u00f3w. \u0141atwy dost\u0119p do krytycznych cz\u0119\u015bci umo\u017cliwia regularne kontrole konserwacyjne, kt\u00f3re pomagaj\u0105 w identyfikacji potencjalnych problem\u00f3w, zanim si\u0119 nasil\u0105, zapewniaj\u0105c ci\u0105g\u0142o\u015b\u0107 pracy.<\/li>\n<\/ul>\n<p><img decoding=\"async\" src=\"https:\/\/www.hydraulic-cylinders.net\/wp-content\/uploads\/2025\/04\/songte-oil-pipes-and-spare-parts.webp\" alt=\"Cz\u0119\u015bci hydrauliczne\"><\/p>\n<h2>Uszczelnianie i smarowanie si\u0142ownik\u00f3w wysi\u0119gnika<\/h2>\n<p>Uszczelnienie i smarowanie si\u0142ownik\u00f3w wysi\u0119gnika ma kluczowe znaczenie dla ich optymalnej wydajno\u015bci i trwa\u0142o\u015bci. Stosowane s\u0105 r\u00f3\u017cne uszczelnienia, w tym uszczelnienia t\u0142oczysk i t\u0142oczysk, aby zapobiec wyciekaniu p\u0142ynu hydraulicznego i przedostawaniu si\u0119 zanieczyszcze\u0144 do cylindra. Wyb\u00f3r materia\u0142\u00f3w uszczelniaj\u0105cych, takich jak poliuretan i kauczuk nitrylowy, ma kluczowe znaczenie, poniewa\u017c zapewniaj\u0105 one odporno\u015b\u0107 na zu\u017cycie i rozdarcie, gwarantuj\u0105c skuteczne uszczelnienie przez d\u0142ugi czas.<\/p>\n<p>Korpus cylindra i gwintowane powierzchnie ko\u0144cowe s\u0105 poddawane starannej obr\u00f3bce w celu zwi\u0119kszenia odporno\u015bci na zu\u017cycie. Regularne smarowanie olejem hydraulicznym jest niezb\u0119dne dla zapewnienia p\u0142ynnej pracy i zapobiegania uszkodzeniom spowodowanym tarciem. Nale\u017cy bezwzgl\u0119dnie upewni\u0107 si\u0119, \u017ce u\u017cywana jest odpowiednia ilo\u015b\u0107 oleju oraz przeprowadza\u0107 rutynowe kontrole, aby unikn\u0105\u0107 pracy cylindra na sucho, co mo\u017ce prowadzi\u0107 do powa\u017cnych uszkodze\u0144.<\/p>\n<h2>Regularne kontrole i \u015brodki konserwacji zapobiegawczej<\/h2>\n<ul>\n<li><strong>Regularne kontrole:<\/strong> Przeprowadzanie rutynowych przegl\u0105d\u00f3w jest niezb\u0119dne do identyfikacji wszelkich oznak zu\u017cycia, wyciek\u00f3w lub uszkodze\u0144. Operatorzy powinni sprawdza\u0107, czy podczas pracy maszyny nie s\u0142ycha\u0107 nietypowych d\u017awi\u0119k\u00f3w lub nie wyst\u0119puj\u0105 problemy z wydajno\u015bci\u0105. Regularne przegl\u0105dy mog\u0105 pom\u00f3c wykry\u0107 drobne problemy, zanim przerodz\u0105 si\u0119 w powa\u017cne naprawy, chroni\u0105c integralno\u015b\u0107 uk\u0142adu hydraulicznego.<\/li>\n<li><strong>Prawid\u0142owe smarowanie:<\/strong> Zapewnienie prawid\u0142owego smarowania ma kluczowe znaczenie dla trwa\u0142o\u015bci si\u0142ownik\u00f3w wysi\u0119gnika. Operatorzy powinni przestrzega\u0107 zalecanego harmonogramu smarowania i stosowa\u0107 odpowiedni olej hydrauliczny. Niedostateczne smarowanie mo\u017ce prowadzi\u0107 do zwi\u0119kszonego tarcia i zu\u017cycia, co ostatecznie skraca \u017cywotno\u015b\u0107 si\u0142ownika.<\/li>\n<li><strong>Wymiana uszczelek i kontrola kalibracji:<\/strong> Okresowa wymiana zu\u017cytych uszczelek i przeprowadzanie kontroli kalibracji jest niezb\u0119dne dla utrzymania optymalnej wydajno\u015bci. Operatorzy powinni zapozna\u0107 si\u0119 z objawami zu\u017cycia uszczelek i by\u0107 gotowi na ich regulacj\u0119 lub wymian\u0119 w razie potrzeby. Kontrole kalibracji zapewniaj\u0105, \u017ce uk\u0142ad hydrauliczny dzia\u0142a w granicach projektowanych parametr\u00f3w, zapobiegaj\u0105c problemom zwi\u0105zanym z niewsp\u00f3\u0142osiowo\u015bci\u0105 lub wahaniami ci\u015bnienia.<\/li>\n<\/ul>\n<p><img decoding=\"async\" src=\"https:\/\/www.hydraulic-cylinders.net\/wp-content\/uploads\/2025\/04\/songte-chushion-collar.webp\" alt=\"Ko\u0142nierz poduszkowy\"><\/p>\n<h2>Zagadnienia bezpiecze\u0144stwa i czynniki \u015brodowiskowe<\/h2>\n<p>Z punktu widzenia bezpiecze\u0144stwa, wdra\u017canie \u015brodk\u00f3w bezpiecze\u0144stwa podczas obs\u0142ugi si\u0142ownik\u00f3w wysi\u0119gnika jest kwesti\u0105 priorytetow\u0105. Operatorzy powinni by\u0107 \u015bwiadomi potencjalnych zagro\u017ce\u0144, takich jak nieoczekiwana awaria si\u0142ownika, i podejmowa\u0107 \u015brodki ostro\u017cno\u015bci, takie jak stosowanie odpowiednich technik podnoszenia i zachowanie bezpiecznej odleg\u0142o\u015bci od ruchomych cz\u0119\u015bci. Ponadto, aby zapewni\u0107 sprawno\u015b\u0107 i bezpiecze\u0144stwo pracy uk\u0142ad\u00f3w hydraulicznych, nale\u017cy uwzgl\u0119dni\u0107 czynniki \u015brodowiskowe, takie jak temperatura, wilgotno\u015b\u0107 i nara\u017cenie na dzia\u0142anie substancji chemicznych.<\/p>\n<h2>Diagnostyka usterek i typowe problemy<\/h2>\n<ul>\n<li><strong>Wycieki hydrauliczne:<\/strong> Jednym z najcz\u0119stszych problem\u00f3w s\u0105 wycieki p\u0142ynu hydraulicznego. Operatorzy powinni regularnie sprawdza\u0107, czy nie wyst\u0119puj\u0105 oznaki wyciek\u00f3w, kt\u00f3re mog\u0105 wskazywa\u0107 na zu\u017cycie uszczelek lub uszkodzenie podzespo\u0142\u00f3w. Szybkie usuwanie wyciek\u00f3w jest niezb\u0119dne, aby zapobiec dalszym uszkodzeniom uk\u0142adu hydraulicznego i zapewni\u0107 optymaln\u0105 wydajno\u015b\u0107.<\/li>\n<li><strong>Powolny lub niesp\u00f3jny ruch:<\/strong> Je\u015bli si\u0142ownik wysi\u0119gnika porusza si\u0119 powoli lub nier\u00f3wnomiernie, mo\u017ce to by\u0107 spowodowane niskim poziomem p\u0142ynu hydraulicznego lub zapowietrzeniem uk\u0142adu. Konieczne jest sprawdzenie poziomu p\u0142ynu i odpowietrzenie uk\u0142adu w razie potrzeby, aby przywr\u00f3ci\u0107 jego prawid\u0142owe dzia\u0142anie.<\/li>\n<li><strong>Przegrzanie:<\/strong> Przegrzanie mo\u017ce wyst\u0105pi\u0107 w przypadku niedoboru p\u0142ynu hydraulicznego lub zanieczyszczenia oleju. Regularnie sprawdzaj poziom p\u0142ynu hydraulicznego pod k\u0105tem zanieczyszcze\u0144 i utrzymuj go na w\u0142a\u015bciwym poziomie, aby zapobiec przegrzaniu i potencjalnemu uszkodzeniu uk\u0142adu.<\/li>\n<\/ul>\n<p>Aby skutecznie diagnozowa\u0107 i rozwi\u0105zywa\u0107 problemy, operatorzy powinni stosowa\u0107 podej\u015bcie systemowe, identyfikuj\u0105c objawy i koreluj\u0105c je z potencjalnymi przyczynami. Wdro\u017cenie \u015brodk\u00f3w zapobiegawczych, takich jak regularna konserwacja i terminowe przegl\u0105dy, mo\u017ce znacznie zmniejszy\u0107 prawdopodobie\u0144stwo wyst\u0105pienia tych problem\u00f3w.<\/p>\n<p><img decoding=\"async\" src=\"https:\/\/www.hydraulic-cylinders.net\/wp-content\/uploads\/2025\/04\/songte-bushings-with-all-kinds-of-excavator-models.webp\" alt=\"Tuleje do koparek\"><\/p>\n<h2>Wnioski: Przegl\u0105d firmy<\/h2>\n<p>Jeste\u015bmy producentem zamiennych cylindr\u00f3w hydraulicznych, oferuj\u0105cym szerok\u0105 gam\u0119 produkt\u00f3w. Nasza firma sta\u0142a si\u0119 jednym z wiod\u0105cych producent\u00f3w i hurtowych dystrybutor\u00f3w cylindr\u00f3w hydraulicznych na rynku krajowym i mi\u0119dzynarodowym. D\u0105\u017cymy do doskona\u0142o\u015bci jako\u015bci, wspieranej przez dopracowan\u0105 strategi\u0119 zarz\u0105dzania produkcj\u0105.<\/p>\n<p>Dzi\u0119ki integracji talent\u00f3w technicznych, zaawansowanego sprz\u0119tu do produkcji cyfrowej oraz specjalistycznych system\u00f3w testowych, stale rozwijamy nasze mo\u017cliwo\u015bci produkcyjne. Nasz potencja\u0142 kreatywny pozwala nam sprosta\u0107 zr\u00f3\u017cnicowanym wymaganiom klient\u00f3w, zapewniaj\u0105c wydajno\u015b\u0107, precyzj\u0119 i wysok\u0105 jako\u015b\u0107. Koncentrujemy si\u0119 na profesjonalnym do\u015bwiadczeniu, mi\u0119dzynarodowych certyfikatach, us\u0142ugach dostosowanych do indywidualnych potrzeb, zaawansowanym sprz\u0119cie produkcyjnym i solidnym wsparciu posprzeda\u017cowym.<\/p>\n<p><img decoding=\"async\" src=\"https:\/\/www.hydraulic-cylinders.net\/wp-content\/uploads\/2025\/04\/songte-company-4.webp\" alt=\"Przegl\u0105d firmy\"><br \/>\n<img decoding=\"async\" src=\"https:\/\/www.hydraulic-cylinders.net\/wp-content\/uploads\/2025\/04\/songte-company-3.webp\" alt=\"Sprz\u0119t firmowy\"><\/p>\n<p>Autor: lyl<\/p>","protected":false},"excerpt":{"rendered":"<p>Boom Cylinder For Sunward Wheel Excavator SWE130W Introduction to Boom Cylinders The Boom Cylinder is a crucial hydraulic component specifically designed for controlling the movement of buckets in heavy machinery such as excavators, backhoe loaders, and front loaders. This hydraulic cylinder enables the bucket to lift, lower, and tilt, facilitating efficient material handling tasks. In [&hellip;]<\/p>","protected":false},"featured_media":17875,"comment_status":"open","ping_status":"closed","template":"","meta":{"_et_pb_use_builder":"","_et_pb_old_content":"","_et_gb_content_width":""},"product_brand":[],"product_cat":[1546],"product_tag":[1547,1496],"class_list":{"0":"post-19250","1":"product","2":"type-product","3":"status-publish","4":"has-post-thumbnail","6":"product_cat-boom-cylinders","7":"product_tag-boom-cylinders","8":"product_tag-hydraulic-cylinders","10":"first","11":"instock","12":"shipping-taxable","13":"product-type-simple"},"amp_enabled":true,"_links":{"self":[{"href":"https:\/\/www.hydraulic-cylinders.net\/pl\/wp-json\/wp\/v2\/product\/19250","targetHints":{"allow":["GET"]}}],"collection":[{"href":"https:\/\/www.hydraulic-cylinders.net\/pl\/wp-json\/wp\/v2\/product"}],"about":[{"href":"https:\/\/www.hydraulic-cylinders.net\/pl\/wp-json\/wp\/v2\/types\/product"}],"replies":[{"embeddable":true,"href":"https:\/\/www.hydraulic-cylinders.net\/pl\/wp-json\/wp\/v2\/comments?post=19250"}],"wp:featuredmedia":[{"embeddable":true,"href":"https:\/\/www.hydraulic-cylinders.net\/pl\/wp-json\/wp\/v2\/media\/17875"}],"wp:attachment":[{"href":"https:\/\/www.hydraulic-cylinders.net\/pl\/wp-json\/wp\/v2\/media?parent=19250"}],"wp:term":[{"taxonomy":"product_brand","embeddable":true,"href":"https:\/\/www.hydraulic-cylinders.net\/pl\/wp-json\/wp\/v2\/product_brand?post=19250"},{"taxonomy":"product_cat","embeddable":true,"href":"https:\/\/www.hydraulic-cylinders.net\/pl\/wp-json\/wp\/v2\/product_cat?post=19250"},{"taxonomy":"product_tag","embeddable":true,"href":"https:\/\/www.hydraulic-cylinders.net\/pl\/wp-json\/wp\/v2\/product_tag?post=19250"}],"curies":[{"name":"wp","href":"https:\/\/api.w.org\/{rel}","templated":true}]}}