{"id":19312,"date":"2025-04-07T06:26:28","date_gmt":"2025-04-07T06:26:28","guid":{"rendered":"https:\/\/www.hydraulic-cylinders.net\/product\/boom-cylinder-for-xgma-small-excavator-xg809e\/"},"modified":"2025-04-07T06:26:31","modified_gmt":"2025-04-07T06:26:31","slug":"boom-cylinder-for-xgma-small-excavator-xg809e","status":"publish","type":"product","link":"https:\/\/www.hydraulic-cylinders.net\/pl\/produkt\/boom-cylinder-for-xgma-small-excavator-xg809e\/","title":{"rendered":"Si\u0142ownik wysi\u0119gnika do ma\u0142ej koparki XGMA XG809E"},"content":{"rendered":"<h1>Si\u0142ownik wysi\u0119gnika do ma\u0142ej koparki XGMA XG809E<\/h1>\n<h2>Wprowadzenie do cylindra wysi\u0119gnika<\/h2>\n<p>Si\u0142ownik wysi\u0119gnika do ma\u0142ej koparki XGMA XG809E to kluczowy element uk\u0142adu hydraulicznego koparek. Zosta\u0142 zaprojektowany specjalnie do sterowania ruchem wysi\u0119gnika, umo\u017cliwiaj\u0105c wykonywanie r\u00f3\u017cnorodnych operacji. Ten si\u0142ownik hydrauliczny umo\u017cliwia podnoszenie, opuszczanie i przechylanie wysi\u0119gnika, u\u0142atwiaj\u0105c efektywne przenoszenie materia\u0142\u00f3w. Si\u0142ownik \u0142y\u017cki, rodzaj si\u0142ownika hydraulicznego, jest niezb\u0119dny do sterowania ruchem osprz\u0119tu ci\u0119\u017ckiego sprz\u0119tu, takiego jak \u0142y\u017cki, koparki i \u0142adowarki czo\u0142owe. Wykorzystuj\u0105c ci\u015bnienie hydrauliczne, si\u0142owniki te zapewniaj\u0105 niezb\u0119dn\u0105 si\u0142\u0119 do podnoszenia i manewrowania ci\u0119\u017ckimi \u0142adunkami, zwi\u0119kszaj\u0105c wydajno\u015b\u0107 na placach budowy.<\/p>\n<p><img decoding=\"async\" src=\"https:\/\/www.hydraulic-cylinders.net\/wp-content\/uploads\/2025\/04\/songte-company-1.webp\" alt=\"Obraz cylindra wysi\u0119gnika\"><\/p>\n<h2>Cechy cylindra wysi\u0119gnika<\/h2>\n<ul>\n<li><strong>Wysoka wytrzyma\u0142o\u015b\u0107 i trwa\u0142o\u015b\u0107:<\/strong> Zazwyczaj wykonane z wysokowytrzyma\u0142ej stali lub aluminium, te cylindry s\u0105 zaprojektowane tak, aby wytrzymywa\u0107 wysokie ci\u015bnienie i du\u017ce obci\u0105\u017cenia, dzi\u0119ki czemu nadaj\u0105 si\u0119 do pracy w trudnych warunkach. Zaprojektowano je z my\u015bl\u0105 o odporno\u015bci na zu\u017cycie i korozj\u0119, co wyd\u0142u\u017ca ich \u017cywotno\u015b\u0107.<\/li>\n<li><strong>Wydajna praca uk\u0142adu hydraulicznego:<\/strong> Wykorzystuj\u0105c ci\u015bnienie oleju hydraulicznego, si\u0142ownik wysi\u0119gnika umo\u017cliwia p\u0142ynne wysuwanie i wsuwanie, umo\u017cliwiaj\u0105c szybk\u0105 reakcj\u0119 na polecenia operatora i dostarczaj\u0105c znaczn\u0105 si\u0142\u0119 pchania i ci\u0105gni\u0119cia, idealn\u0105 do obs\u0142ugi ci\u0119\u017ckich i skomplikowanych zada\u0144.<\/li>\n<li><strong>R\u00f3\u017cne typy:<\/strong> Si\u0142owniki wysi\u0119gnika s\u0105 dost\u0119pne w konfiguracji jednostronnego dzia\u0142ania (dzia\u0142aj\u0105ce w jednym kierunku) lub dwustronnego dzia\u0142ania (dzia\u0142aj\u0105ce w dw\u00f3ch kierunkach), co pozwala na dostosowanie ich do r\u00f3\u017cnych potrzeb operacyjnych. Niekt\u00f3re modele s\u0105 teleskopowe, co pozwala na znaczne wyd\u0142u\u017cenie bez zwi\u0119kszania wymiar\u00f3w zewn\u0119trznych, dzi\u0119ki czemu nadaj\u0105 si\u0119 do zastosowa\u0144 w ograniczonej przestrzeni.<\/li>\n<li><strong>In\u017cynieria precyzyjna:<\/strong> Ka\u017cdy cylinder jest produkowany z precyzj\u0105, aby zapewni\u0107 optymaln\u0105 wydajno\u015b\u0107 i niezawodno\u015b\u0107, co ma kluczowe znaczenie dla utrzymania wydajno\u015bci w zastosowaniach budowlanych i rolniczych.<\/li>\n<li><strong>Zgodno\u015b\u0107:<\/strong> Nasze si\u0142owniki wysi\u0119gnika mog\u0105 doskonale zast\u0105pi\u0107 istniej\u0105ce si\u0142owniki hydrauliczne, zapewniaj\u0105c bezproblemow\u0105 integracj\u0119 i funkcjonalno\u015b\u0107 z Twoim sprz\u0119tem.<\/li>\n<\/ul>\n<p><img decoding=\"async\" src=\"https:\/\/www.hydraulic-cylinders.net\/wp-content\/uploads\/2025\/04\/songte-cylinder-head-with-all-kinds-excavator-models.webp\" alt=\"Kompatybilne modele\"><\/p>\n<h2>Zastosowania cylindra wysi\u0119gnika<\/h2>\n<h3>Sprz\u0119t budowlany<\/h3>\n<p>W maszynach budowlanych, takich jak koparki, si\u0142ownik wysi\u0119gnika jest niezb\u0119dny do kopania, za\u0142adunku i transportu ziemi lub gruzu. Mo\u017cliwo\u015b\u0107 sterowania wysoko\u015bci\u0105 i k\u0105tem wysi\u0119gnika umo\u017cliwia efektywne prace ziemne. Koparko-\u0142adowarki r\u00f3wnie\u017c w du\u017cym stopniu wykorzystuj\u0105 si\u0142ownik wysi\u0119gnika zar\u00f3wno do kopania, jak i podnoszenia, co czyni go niezb\u0119dnym elementem r\u00f3\u017cnych zada\u0144 budowlanych.<\/p>\n<h3>Maszyny rolnicze<\/h3>\n<p>W sprz\u0119cie rolniczym, takim jak \u0142adowarki czo\u0142owe, si\u0142owniki wysi\u0119gnika s\u0142u\u017c\u0105 do nabierania, podnoszenia i transportu gleby, siana i innych materia\u0142\u00f3w. Ich niezawodno\u015b\u0107 zapewnia rolnikom mo\u017cliwo\u015b\u0107 wydajnego wykonywania zada\u0144, zwi\u0119kszaj\u0105c produktywno\u015b\u0107 w r\u00f3\u017cnych rodzajach dzia\u0142alno\u015bci rolniczej.<\/p>\n<h3>Koparki<\/h3>\n<p>W koparkach si\u0142owniki wysi\u0119gnika umo\u017cliwiaj\u0105 zag\u0142\u0119bianie si\u0119 \u0142y\u017cki w grunt, u\u0142atwiaj\u0105c kopanie. Ich solidna konstrukcja umo\u017cliwia wykonywanie prac ziemnych o wysokiej wydajno\u015bci, gwarantuj\u0105c operatorom efektywne przenoszenie materia\u0142u w r\u00f3\u017cnych warunkach.<\/p>\n<h3>\u0141adowarki<\/h3>\n<p>W \u0142adowarkach czo\u0142owych si\u0142owniki wysi\u0119gnika wspomagaj\u0105 podnoszenie i zrzucanie \u0142adunk\u00f3w. Ich zdolno\u015b\u0107 do zapewnienia du\u017cej si\u0142y podnoszenia jest niezb\u0119dna do efektywnego transportu materia\u0142\u00f3w, co czyni je kluczowymi w pracach budowlanych i logistycznych.<\/p>\n<h2>Zagadnienia projektowe i kryteria wyboru<\/h2>\n<h3>No\u015bno\u015b\u0107<\/h3>\n<p>Ud\u017awig si\u0142ownika wysi\u0119gnika jest kluczowym czynnikiem konstrukcyjnym. Musi on by\u0107 w stanie ud\u017awign\u0105\u0107 maksymalny ci\u0119\u017car, jaki sprz\u0119t b\u0119dzie napotyka\u0142 podczas pracy. Zrozumienie szczeg\u00f3\u0142owych wymaga\u0144 dotycz\u0105cych ud\u017awigu jest kluczowe dla zapewnienia bezpiecze\u0144stwa i wydajno\u015bci we wszystkich zastosowaniach.<\/p>\n<h3>Wydajno\u015b\u0107 uszczelnienia<\/h3>\n<p>Skuteczne uszczelnienie jest kluczowe dla utrzymania ci\u015bnienia hydraulicznego w cylindrze. Wysokiej jako\u015bci uszczelki zapobiegaj\u0105 wyciekom i zapewniaj\u0105 wydajn\u0105 prac\u0119 uk\u0142adu hydraulicznego. Wyb\u00f3r odpowiednich materia\u0142\u00f3w uszczelniaj\u0105cych, takich jak poliuretan lub kauczuk nitrylowy, zapewnia d\u0142ugotrwa\u0142\u0105 wydajno\u015b\u0107 i ogranicza potrzeby konserwacyjne.<\/p>\n<h3>Trwa\u0142o\u015b\u0107<\/h3>\n<p>Trwa\u0142o\u015b\u0107 jest kluczowym czynnikiem w projektowaniu si\u0142ownik\u00f3w wysi\u0119gnika. Musz\u0105 one wytrzyma\u0107 ekstremalne warunki, w tym wysokie ci\u015bnienie, wahania temperatury i trudne warunki \u015brodowiskowe. Wyb\u00f3r materia\u0142\u00f3w i konstrukcji zapewniaj\u0105cych trwa\u0142o\u015b\u0107 jest kluczowy dla d\u0142ugoterminowego sukcesu operacyjnego.<\/p>\n<h3>Funkcje bezpiecze\u0144stwa<\/h3>\n<p>\u015arodki bezpiecze\u0144stwa powinny by\u0107 zintegrowane z konstrukcj\u0105 si\u0142ownik\u00f3w wysi\u0119gnika. Obejmuj\u0105 one zabezpieczenia awaryjne i zawory bezpiecze\u0144stwa, kt\u00f3re chroni\u0105 operator\u00f3w i maszyny przed potencjalnymi zagro\u017ceniami. Ocena zabezpiecze\u0144 w procesie doboru ma kluczowe znaczenie dla zapewnienia og\u00f3lnego bezpiecze\u0144stwa operacji.<\/p>\n<h3>\u0141atwo\u015b\u0107 konserwacji<\/h3>\n<p>Kwestie konserwacji s\u0105 kluczowe przy projektowaniu si\u0142ownika wysi\u0119gnika. Funkcje u\u0142atwiaj\u0105ce dost\u0119p w celu przeprowadzenia kontroli, napraw i wymiany mog\u0105 znacznie skr\u00f3ci\u0107 przestoje i zwi\u0119kszy\u0107 wydajno\u015b\u0107 operacyjn\u0105. Dobrze zaprojektowany si\u0142ownik powinien oferowa\u0107 proste procedury konserwacji, aby utrzyma\u0107 go w optymalnym stanie.<\/p>\n<p><img decoding=\"async\" src=\"https:\/\/www.hydraulic-cylinders.net\/wp-content\/uploads\/2025\/04\/songte-oil-pipes-and-spare-parts.webp\" alt=\"Cz\u0119\u015bci hydrauliczne\"><\/p>\n<h2>Uszczelnianie i smarowanie<\/h2>\n<p>Prawid\u0142owe uszczelnienie i smarowanie s\u0105 niezb\u0119dne do efektywnego dzia\u0142ania si\u0142ownik\u00f3w wysi\u0119gnika. R\u00f3\u017cne uszczelnienia, takie jak uszczelnienia t\u0142oka i t\u0142oczyska, odgrywaj\u0105 kluczow\u0105 rol\u0119 w zapobieganiu wyciekom i utrzymywaniu ci\u015bnienia hydraulicznego. Uszczelnienia wykonane z trwa\u0142ych materia\u0142\u00f3w, takich jak poliuretan i kauczuk nitrylowy, zapewniaj\u0105 d\u0142ugowieczno\u015b\u0107 i niezawodno\u015b\u0107 w wymagaj\u0105cych warunkach. Powierzchnie korpusu si\u0142ownika i gwintowane ko\u0144c\u00f3wki s\u0105 precyzyjnie wyko\u0144czone, aby zwi\u0119kszy\u0107 odporno\u015b\u0107 na zu\u017cycie. Regularna konserwacja, w tym terminowe uzupe\u0142nianie oleju hydraulicznego w celu smarowania, jest niezb\u0119dna do utrzymania optymalnej sprawno\u015bci si\u0142ownika i zapobiegania przedwczesnemu zu\u017cyciu lub awarii.<\/p>\n<h2>\u015arodki konserwacji zapobiegawczej<\/h2>\n<ul>\n<li><strong>Regularne kontrole:<\/strong> Rutynowe kontrole si\u0142ownika wysi\u0119gnika pozwalaj\u0105 na wczesne wykrycie oznak zu\u017cycia lub uszkodze\u0144, zapobiegaj\u0105c w ten spos\u00f3b powa\u017cniejszym problemom w przysz\u0142o\u015bci.<\/li>\n<li><strong>Prawid\u0142owe smarowanie:<\/strong> Utrzymywanie odpowiedniego smarowania cylindra jest niezb\u0119dne dla jego p\u0142ynnej pracy. Przestrzeganie zalece\u0144 producenta dotycz\u0105cych cz\u0119stotliwo\u015bci i rodzaju smarowania znacznie wyd\u0142u\u017cy \u017cywotno\u015b\u0107 cylindra.<\/li>\n<li><strong>Wymiana uszczelki:<\/strong> Monitorowanie stanu uszczelnie\u0144 jest kluczowe. Szybka wymiana zu\u017cytych lub uszkodzonych uszczelnie\u0144 zapobiega wyciekom i utrzymuje ci\u015bnienie hydrauliczne.<\/li>\n<\/ul>\n<h2>Wytyczne dotycz\u0105ce instalacji<\/h2>\n<p>Prawid\u0142owy monta\u017c si\u0142ownika wysi\u0119gnika ma kluczowe znaczenie dla optymalnej wydajno\u015bci. Przed monta\u017cem nale\u017cy upewni\u0107 si\u0119, \u017ce wszystkie podzespo\u0142y s\u0105 czyste i wolne od zanieczyszcze\u0144. Prawid\u0142owo wyr\u00f3wnaj si\u0142ownik z punktami mocowania, aby unikn\u0105\u0107 nadmiernego napr\u0119\u017cenia podzespo\u0142\u00f3w. Zaleca si\u0119 u\u017cycie odpowiednich wspornik\u00f3w monta\u017cowych, aby pewnie zamocowa\u0107 si\u0142ownik. Przestrzeganie zalece\u0144 producenta dotycz\u0105cych ustawie\u0144 momentu obrotowego i rodzaj\u00f3w po\u0142\u0105cze\u0144 zwi\u0119kszy niezawodno\u015b\u0107 si\u0142ownika. Po monta\u017cu, przed uruchomieniem sprz\u0119tu, nale\u017cy przeprowadzi\u0107 dok\u0142adn\u0105 kontrol\u0119, aby upewni\u0107 si\u0119, \u017ce wszystko dzia\u0142a prawid\u0142owo.<\/p>\n<h2>Typowe zadania konserwacyjne<\/h2>\n<ul>\n<li><strong>Regularne kontrole:<\/strong> Regularnie sprawdzaj, czy nie ma wyciek\u00f3w, \u015blad\u00f3w zu\u017cycia lub innych nietypowych oznak uszkodze\u0144. Wczesne wykrycie mo\u017ce zapobiec powa\u017cnym awariom.<\/li>\n<li><strong>Prawid\u0142owe smarowanie:<\/strong> Aby zachowa\u0107 wydajno\u015b\u0107 i trwa\u0142o\u015b\u0107 si\u0142ownika hydraulicznego, nale\u017cy go smarowa\u0107 zgodnie z zaleceniami producenta.<\/li>\n<li><strong>Wymiana uszczelki:<\/strong> Sprawd\u017a, czy uszczelki nie s\u0105 zu\u017cyte i w razie potrzeby wymie\u0144 je, aby utrzyma\u0107 ci\u015bnienie hydrauliczne i zapobiec wyciekom.<\/li>\n<\/ul>\n<h2>Zagadnienia bezpiecze\u0144stwa i czynniki \u015brodowiskowe<\/h2>\n<p>Podczas pracy z uk\u0142adami hydraulicznymi bezpiecze\u0144stwo jest najwa\u017cniejsze. Wdro\u017cenie \u015brodk\u00f3w bezpiecze\u0144stwa, takich jak stosowanie sprz\u0119tu ochronnego, przestrzeganie wytycznych operacyjnych oraz zapewnienie odpowiedniego przeszkolenia operator\u00f3w, mo\u017ce zapobiec wypadkom i urazom. \u015awiadomo\u015b\u0107 czynnik\u00f3w \u015brodowiskowych, kt\u00f3re mog\u0105 wp\u0142ywa\u0107 na uk\u0142ady hydrauliczne, takich jak ekstremalne temperatury czy \u015brodowiska korozyjne, jest r\u00f3wnie\u017c kluczowa dla zachowania integralno\u015bci i funkcjonalno\u015bci sprz\u0119tu.<\/p>\n<h2>Rozwi\u0105zywanie problem\u00f3w i typowe problemy<\/h2>\n<ul>\n<li><strong>Przeciek:<\/strong> W przypadku zauwa\u017cenia wycieku p\u0142ynu sprawd\u017a uszczelki i z\u0142\u0105czki pod k\u0105tem zu\u017cycia lub uszkodze\u0144. W razie potrzeby wymie\u0144 uszczelki i upewnij si\u0119, \u017ce wszystkie po\u0142\u0105czenia s\u0105 solidne.<\/li>\n<li><strong>Brak mocy:<\/strong> Je\u015bli cylinder nie reaguje prawid\u0142owo, nale\u017cy sprawdzi\u0107 poziom p\u0142ynu hydraulicznego i upewni\u0107 si\u0119, \u017ce w przewodach hydraulicznych nie ma \u017cadnych blokad.<\/li>\n<li><strong>Nieoczekiwane d\u017awi\u0119ki:<\/strong> Nietypowe d\u017awi\u0119ki podczas pracy mog\u0105 wskazywa\u0107 na zu\u017cycie lub uszkodzenie wewn\u0119trzne. Przeprowad\u017a dok\u0142adn\u0105 kontrol\u0119, aby zidentyfikowa\u0107 \u017ar\u00f3d\u0142o ha\u0142asu i podj\u0105\u0107 dzia\u0142ania naprawcze.<\/li>\n<\/ul>\n<h2>Wskaz\u00f3wki dotycz\u0105ce rozwi\u0105zywania problem\u00f3w<\/h2>\n<p>Aby skutecznie diagnozowa\u0107 i rozwi\u0105zywa\u0107 problemy z si\u0142ownikami wysi\u0119gnika, nale\u017cy prowadzi\u0107 szczeg\u00f3\u0142owy rejestr operacji i nieprawid\u0142owo\u015bci. Regularnie sprawdzaj szczelno\u015b\u0107, monitoruj poziom p\u0142ynu hydraulicznego i nas\u0142uchuj nietypowych d\u017awi\u0119k\u00f3w. \u015arodki zapobiegawcze, takie jak \u015bcis\u0142e przestrzeganie harmonogram\u00f3w konserwacji i stosowanie wysokiej jako\u015bci cz\u0119\u015bci, mog\u0105 znacznie zmniejszy\u0107 prawdopodobie\u0144stwo wyst\u0105pienia problem\u00f3w.<\/p>\n<p><img decoding=\"async\" src=\"https:\/\/www.hydraulic-cylinders.net\/wp-content\/uploads\/2025\/04\/songte-bushings-with-all-kinds-of-excavator-models.webp\" alt=\"Tuleje do koparek\"><\/p>\n<h2>O naszej firmie<\/h2>\n<p>Jeste\u015bmy wiod\u0105cym producentem zamiennych si\u0142ownik\u00f3w hydraulicznych, oferuj\u0105cym szerok\u0105 gam\u0119 produkt\u00f3w, zar\u00f3wno na rynku krajowym, jak i mi\u0119dzynarodowym. D\u0105\u017c\u0105c do doskona\u0142o\u015bci, nasza firma stosuje dopracowan\u0105 strategi\u0119 zarz\u0105dzania produkcj\u0105 w nowoczesnym zak\u0142adzie produkcyjnym. Wykorzystujemy wykwalifikowany personel techniczny, zaawansowany sprz\u0119t do produkcji cyfrowej oraz profesjonalne systemy testowe, aby zwi\u0119kszy\u0107 nasze mo\u017cliwo\u015bci produkcyjne. Stawiaj\u0105c na pierwszym miejscu wysok\u0105 wydajno\u015b\u0107, precyzj\u0119 i jako\u015b\u0107, zaspokajamy zr\u00f3\u017cnicowane potrzeby naszych klient\u00f3w.<\/p>\n<p><img decoding=\"async\" src=\"https:\/\/www.hydraulic-cylinders.net\/wp-content\/uploads\/2025\/04\/songte-company-4.webp\" alt=\"Przegl\u0105d firmy\"><br \/>\n<img decoding=\"async\" src=\"https:\/\/www.hydraulic-cylinders.net\/wp-content\/uploads\/2025\/04\/songte-company-3.webp\" alt=\"Obiekty firmy\"><\/p>\n<p>Oferujemy us\u0142ugi dostosowane do indywidualnych potrzeb klienta, gwarantuj\u0105c, \u017ce nasze produkty spe\u0142niaj\u0105 najwy\u017csze mi\u0119dzynarodowe standardy. Koncentruj\u0105c si\u0119 na efektywnym wsparciu posprzeda\u017cowym, zapewniamy naszym klientom kompleksow\u0105 pomoc przez ca\u0142y cykl \u017cycia naszych produkt\u00f3w.<\/p>\n<p>Autor: lyl<\/p>","protected":false},"excerpt":{"rendered":"<p>Boom Cylinder For XGMA Small Excavator XG809E Introduction to Boom Cylinder The Boom Cylinder for XGMA Small Excavator XG809E is a crucial component in the hydraulic systems of excavators. It is specifically designed to control the movement of the boom, enabling a variety of operations. This hydraulic cylinder allows the boom to raise, lower, and [&hellip;]<\/p>","protected":false},"featured_media":17877,"comment_status":"open","ping_status":"closed","template":"","meta":{"_et_pb_use_builder":"","_et_pb_old_content":"","_et_gb_content_width":""},"product_brand":[],"product_cat":[1546],"product_tag":[1547,1496],"class_list":{"0":"post-19312","1":"product","2":"type-product","3":"status-publish","4":"has-post-thumbnail","6":"product_cat-boom-cylinders","7":"product_tag-boom-cylinders","8":"product_tag-hydraulic-cylinders","10":"first","11":"instock","12":"shipping-taxable","13":"product-type-simple"},"amp_enabled":true,"_links":{"self":[{"href":"https:\/\/www.hydraulic-cylinders.net\/pl\/wp-json\/wp\/v2\/product\/19312","targetHints":{"allow":["GET"]}}],"collection":[{"href":"https:\/\/www.hydraulic-cylinders.net\/pl\/wp-json\/wp\/v2\/product"}],"about":[{"href":"https:\/\/www.hydraulic-cylinders.net\/pl\/wp-json\/wp\/v2\/types\/product"}],"replies":[{"embeddable":true,"href":"https:\/\/www.hydraulic-cylinders.net\/pl\/wp-json\/wp\/v2\/comments?post=19312"}],"wp:featuredmedia":[{"embeddable":true,"href":"https:\/\/www.hydraulic-cylinders.net\/pl\/wp-json\/wp\/v2\/media\/17877"}],"wp:attachment":[{"href":"https:\/\/www.hydraulic-cylinders.net\/pl\/wp-json\/wp\/v2\/media?parent=19312"}],"wp:term":[{"taxonomy":"product_brand","embeddable":true,"href":"https:\/\/www.hydraulic-cylinders.net\/pl\/wp-json\/wp\/v2\/product_brand?post=19312"},{"taxonomy":"product_cat","embeddable":true,"href":"https:\/\/www.hydraulic-cylinders.net\/pl\/wp-json\/wp\/v2\/product_cat?post=19312"},{"taxonomy":"product_tag","embeddable":true,"href":"https:\/\/www.hydraulic-cylinders.net\/pl\/wp-json\/wp\/v2\/product_tag?post=19312"}],"curies":[{"name":"wp","href":"https:\/\/api.w.org\/{rel}","templated":true}]}}