{"id":19313,"date":"2025-04-07T06:26:31","date_gmt":"2025-04-07T06:26:31","guid":{"rendered":"https:\/\/www.hydraulic-cylinders.net\/product\/boom-cylinder-for-xgma-small-excavator-xg815el\/"},"modified":"2025-04-07T06:26:33","modified_gmt":"2025-04-07T06:26:33","slug":"boom-cylinder-for-xgma-small-excavator-xg815el","status":"publish","type":"product","link":"https:\/\/www.hydraulic-cylinders.net\/pl\/produkt\/boom-cylinder-for-xgma-small-excavator-xg815el\/","title":{"rendered":"Si\u0142ownik wysi\u0119gnika do ma\u0142ej koparki XGMA XG815EL"},"content":{"rendered":"<h1>Si\u0142ownik wysi\u0119gnika do ma\u0142ej koparki XGMA XG815EL<\/h1>\n<h2>Przegl\u0105d produktu<\/h2>\n<p>Si\u0142ownik wysi\u0119gnika do ma\u0142ej koparki XGMA XG815EL to kluczowy element uk\u0142ad\u00f3w hydraulicznych, kt\u00f3ry zwi\u0119ksza funkcjonalno\u015b\u0107 r\u00f3\u017cnych ci\u0119\u017ckich maszyn. Ten si\u0142ownik hydrauliczny zosta\u0142 zaprojektowany specjalnie do sterowania ruchem \u0142y\u017cki koparki, koparko-\u0142adowarki i \u0142adowarki czo\u0142owej, umo\u017cliwiaj\u0105c jej sprawne podnoszenie, opuszczanie i przechylanie. Ta funkcjonalno\u015b\u0107 jest niezb\u0119dna podczas prac zwi\u0105zanych z prze\u0142adunkiem materia\u0142\u00f3w, zapewniaj\u0105c operatorom precyzj\u0119 kopania, za\u0142adunku i transportu.<\/p>\n<p><img decoding=\"async\" src=\"https:\/\/www.hydraulic-cylinders.net\/wp-content\/uploads\/2025\/04\/songte-company-1.webp\" alt=\"Si\u0142ownik wysi\u0119gnika do koparki\" \/><\/p>\n<h3>Definicja i funkcja cylindra kube\u0142kowego<\/h3>\n<p>Si\u0142ownik \u0142y\u017cki to rodzaj si\u0142ownika hydraulicznego, kt\u00f3ry odgrywa kluczow\u0105 rol\u0119 w dzia\u0142aniu ci\u0119\u017ckich maszyn. Przekszta\u0142caj\u0105c ci\u015bnienie hydrauliczne w si\u0142\u0119 mechaniczn\u0105, si\u0142owniki te umo\u017cliwiaj\u0105 p\u0142ynne i kontrolowane ruchy \u0142y\u017cki koparki. Mechanizm ten jest niezb\u0119dny w r\u00f3\u017cnych zastosowaniach, od prostych zada\u0144 podnoszenia po z\u0142o\u017cone operacje kopania. Mo\u017cliwo\u015b\u0107 podnoszenia ci\u0119\u017ckich \u0142adunk\u00f3w przy jednoczesnym zapewnieniu stabilno\u015bci i kontroli sprawia, \u017ce \u200b\u200bsi\u0142ownik \u0142y\u017cki jest nieocenionym elementem maszyn budowlanych i rolniczych.<\/p>\n<h2>Cechy produktu<\/h2>\n<ul>\n<li><strong>Wysoka wytrzyma\u0142o\u015b\u0107 i trwa\u0142o\u015b\u0107:<\/strong> Wykonany z wysokowytrzyma\u0142ej stali lub aluminium, nasz si\u0142ownik wysi\u0119gnika jest w stanie wytrzyma\u0107 wysokie ci\u015bnienie i du\u017ce obci\u0105\u017cenia, dzi\u0119ki czemu nadaje si\u0119 do pracy w trudnych warunkach. Jego konstrukcja zapewnia odporno\u015b\u0107 na zu\u017cycie i korozj\u0119, co wyd\u0142u\u017ca jego \u017cywotno\u015b\u0107.<\/li>\n<li><strong>Wydajna praca uk\u0142adu hydraulicznego:<\/strong> Si\u0142ownik wysi\u0119gnika wykorzystuje ci\u015bnienie oleju hydraulicznego, co pozwala na p\u0142ynne wysuwanie i wsuwanie wysi\u0119gnika, szybko reaguje na polecenia operatora i zapewnia znaczn\u0105 si\u0142\u0119 pchania i ci\u0105gni\u0119cia, idealn\u0105 do wykonywania ci\u0119\u017ckich i skomplikowanych zada\u0144.<\/li>\n<li><strong>R\u00f3\u017cnorodno\u015b\u0107 typ\u00f3w:<\/strong> Dost\u0119pne w konfiguracjach jednostronnego dzia\u0142ania (dzia\u0142aj\u0105cych w jednym kierunku) lub dwustronnego dzia\u0142ania (dzia\u0142aj\u0105cych w obu kierunkach), nasze cylindry mo\u017cna dostosowa\u0107 do zr\u00f3\u017cnicowanych wymaga\u0144 operacyjnych. Niekt\u00f3re modele posiadaj\u0105 konstrukcj\u0119 teleskopow\u0105, umo\u017cliwiaj\u0105c\u0105 wi\u0119ksze wysuni\u0119cie bez zwi\u0119kszania wymiar\u00f3w zewn\u0119trznych, co jest idealne w ciasnych przestrzeniach.<\/li>\n<li><strong>Produkcja dostosowana do potrzeb:<\/strong> Jeste\u015bmy w stanie wyprodukowa\u0107 ten produkt, co gwarantuje, \u017ce nasze cylindry hydrauliczne b\u0119d\u0105 idealnym zamiennikiem istniej\u0105cych modeli, spe\u0142niaj\u0105c wysokie standardy wydajno\u015bci i niezawodno\u015bci.<\/li>\n<li><strong>Kompleksowe wsparcie:<\/strong> Nasz zesp\u00f3\u0142 zapewnia kompleksowe wsparcie i doradztwo w ca\u0142ym procesie wyboru i instalacji, gwarantuj\u0105c optymaln\u0105 wydajno\u015b\u0107 i trwa\u0142o\u015b\u0107 si\u0142ownika wysi\u0119gnika.<\/li>\n<\/ul>\n<p><img decoding=\"async\" src=\"https:\/\/www.hydraulic-cylinders.net\/wp-content\/uploads\/2025\/04\/songte-cylinder-head-with-all-kinds-excavator-models.webp\" alt=\"Modele koparek\" \/><\/p>\n<h2>Scenariusze zastosowa\u0144<\/h2>\n<h3>Sprz\u0119t budowlany<\/h3>\n<p>Si\u0142ownik wysi\u0119gnika jest integraln\u0105 cz\u0119\u015bci\u0105 koparek, umo\u017cliwiaj\u0105c wydajne kopanie, \u0142adowanie i przemieszczanie gleby lub gruzu. W koparko-\u0142adowarkach si\u0142ownik \u0142y\u017cki nie tylko u\u0142atwia kopanie, ale tak\u017ce wspomaga operacje podnoszenia, umo\u017cliwiaj\u0105c wszechstronne zastosowanie na placach budowy.<\/p>\n<h3>Maszyny rolnicze<\/h3>\n<p>W \u0142adowarkach czo\u0142owych si\u0142ownik wysi\u0119gnika jest niezb\u0119dny do nabierania, podnoszenia i transportu gleby, siana i innych materia\u0142\u00f3w. Ten element hydrauliczny umo\u017cliwia rolnikom zwi\u0119kszenie wydajno\u015bci poprzez wykonywanie zada\u0144 wymagaj\u0105cych znacznej si\u0142y ud\u017awigu.<\/p>\n<h3>Koparki<\/h3>\n<p>Si\u0142ownik \u0142y\u017cki pozwala na skuteczn\u0105 penetracj\u0119 pod\u0142o\u017ca przez \u0142y\u017ck\u0119 koparki, umo\u017cliwiaj\u0105c \u0142atwe wykopywanie. Obs\u0142uguje on r\u00f3\u017cne g\u0142\u0119boko\u015bci i k\u0105ty kopania, zwi\u0119kszaj\u0105c og\u00f3ln\u0105 wydajno\u015b\u0107 maszyny.<\/p>\n<h3>\u0141adowarki<\/h3>\n<p>W \u0142adowarkach czo\u0142owych si\u0142ownik wysi\u0119gnika wspomaga wydajne podnoszenie i zrzucanie \u0142adunk\u00f3w. Zapewnia niezb\u0119dn\u0105 si\u0142\u0119 do zrzucania materia\u0142\u00f3w na wysoko\u015bci, co jest kluczowe w pracach budowlanych i ogrodniczych.<\/p>\n<h2>Zagadnienia projektowe i kryteria wyboru<\/h2>\n<h3>No\u015bno\u015b\u0107<\/h3>\n<p>Przy wyborze si\u0142ownika wysi\u0119gnika, ud\u017awig jest najwa\u017cniejszym czynnikiem. Si\u0142ownik musi by\u0107 w stanie ud\u017awign\u0105\u0107 maksymaln\u0105 mas\u0119 podnoszonych lub przemieszczanych \u0142adunk\u00f3w bez ryzyka awarii. Dobrze zaprojektowany si\u0142ownik charakteryzuje si\u0119 solidn\u0105 konstrukcj\u0105, kt\u00f3ra r\u00f3wnomiernie rozk\u0142ada napr\u0119\u017cenia i minimalizuje zu\u017cycie podczas pracy.<\/p>\n<h3>Integralno\u015b\u0107 uszczelnienia<\/h3>\n<p>Skuteczne uszczelnienie jest kluczowe, aby zapobiec wyciekom p\u0142ynu hydraulicznego, kt\u00f3re mog\u0105 negatywnie wp\u0142yn\u0105\u0107 na wydajno\u015b\u0107 cylindra. Wysokiej jako\u015bci uszczelki wykonane z trwa\u0142ych materia\u0142\u00f3w, takich jak poliuretan i kauczuk nitrylowy, s\u0105 niezb\u0119dne do utrzymania ci\u015bnienia i wydajno\u015bci. Regularne kontrole stanu uszczelek mog\u0105 zapobiec kosztownym naprawom i przestojom.<\/p>\n<h3>Trwa\u0142o\u015b\u0107<\/h3>\n<p>Trwa\u0142o\u015b\u0107 gwarantuje, \u017ce si\u0142ownik wysi\u0119gnika wytrzyma trudy codziennej eksploatacji w wymagaj\u0105cych warunkach. Obejmuje to odporno\u015b\u0107 na zu\u017cycie i korozj\u0119, uzyskan\u0105 dzi\u0119ki zastosowaniu wysokiej jako\u015bci materia\u0142\u00f3w i metod obr\u00f3bki powierzchni, kt\u00f3re znacznie wyd\u0142u\u017caj\u0105 \u017cywotno\u015b\u0107 si\u0142ownika.<\/p>\n<h3>Funkcje bezpiecze\u0144stwa<\/h3>\n<p>Bezpiecze\u0144stwo jest kluczowym czynnikiem przy projektowaniu si\u0142ownik\u00f3w hydraulicznych. Zastosowanie takich funkcji, jak zabezpieczenie przed przeci\u0105\u017ceniem i odpowiednia konfiguracja monta\u017cu, gwarantuje bezpieczn\u0105 prac\u0119. Funkcje te pomagaj\u0105 zminimalizowa\u0107 ryzyko zwi\u0105zane z awariami hydraulicznymi, chroni\u0105c zar\u00f3wno operator\u00f3w, jak i sprz\u0119t.<\/p>\n<h3>Dost\u0119pno\u015b\u0107 konserwacyjna<\/h3>\n<p>Konstrukcja u\u0142atwiaj\u0105ca konserwacj\u0119 i przegl\u0105dy mo\u017ce znacznie wyd\u0142u\u017cy\u0107 \u017cywotno\u015b\u0107 si\u0142ownika wysi\u0119gnika. \u0141atwy dost\u0119p do podzespo\u0142\u00f3w w celu rutynowych kontroli, smarowania i wymiany uszczelnie\u0144 pozwala zaoszcz\u0119dzi\u0107 czas i obni\u017cy\u0107 koszty eksploatacji.<\/p>\n<p><img decoding=\"async\" src=\"https:\/\/www.hydraulic-cylinders.net\/wp-content\/uploads\/2025\/04\/songte-oil-pipes-and-spare-parts.webp\" alt=\"Elementy hydrauliczne\" \/><\/p>\n<h2>Uszczelnianie i smarowanie<\/h2>\n<p>Skuteczno\u015b\u0107 si\u0142ownika wysi\u0119gnika w du\u017cej mierze zale\u017cy od jego system\u00f3w uszczelnie\u0144 i smarowania. Stosowanie r\u00f3\u017cnych uszczelnie\u0144, w tym uszczelnie\u0144 t\u0142oka i t\u0142oczyska, jest niezb\u0119dne do utrzymania ci\u015bnienia i zapobiegania wyciekom p\u0142ynu hydraulicznego. Uszczelnienia wykonane z materia\u0142\u00f3w odpornych na zu\u017cycie, takich jak poliuretan i kauczuk nitrylowy, zapewniaj\u0105 d\u0142u\u017csz\u0105 \u017cywotno\u015b\u0107 i wydajno\u015b\u0107.<\/p>\n<p>Ponadto korpus cylindra i gwintowane ko\u0144c\u00f3wki powinny by\u0107 precyzyjnie obrobione, aby zwi\u0119kszy\u0107 odporno\u015b\u0107 na zu\u017cycie. Regularne smarowanie odpowiednim olejem hydraulicznym jest kluczowe dla zapewnienia p\u0142ynnej pracy i zapobiegania nadmiernemu zu\u017cyciu cz\u0119\u015bci ruchomych.<\/p>\n<h2>Regularne kontrole i konserwacja zapobiegawcza<\/h2>\n<ul>\n<li><strong>Kontrole rutynowe:<\/strong> Regularnie sprawdzaj cylinder pod k\u0105tem oznak zu\u017cycia, nieszczelno\u015bci lub uszkodze\u0144. Wczesne wykrycie problem\u00f3w mo\u017ce zapobiec powa\u017cniejszym problemom w przysz\u0142o\u015bci.<\/li>\n<li><strong>Prawid\u0142owe smarowanie:<\/strong> Nale\u017cy zadba\u0107 o optymalny poziom oleju hydraulicznego i regularnie smarowa\u0107 ruchome cz\u0119\u015bci, aby zapewni\u0107 p\u0142ynn\u0105 prac\u0119 i zapobiec zu\u017cyciu.<\/li>\n<li><strong>Wymiana uszczelki:<\/strong> Regularnie sprawdzaj stan uszczelek pod k\u0105tem zu\u017cycia. Szybka wymiana uszkodzonych uszczelek mo\u017ce zapobiec wyciekom p\u0142ynu i utrzyma\u0107 wydajno\u015b\u0107 cylindra.<\/li>\n<\/ul>\n<h2>Wytyczne dotycz\u0105ce instalacji<\/h2>\n<p>Prawid\u0142owy monta\u017c si\u0142ownika wysi\u0119gnika ma kluczowe znaczenie dla optymalnej wydajno\u015bci. Podczas monta\u017cu nale\u017cy bezwzgl\u0119dnie ustawi\u0107 si\u0142ownik w odpowiednim po\u0142o\u017ceniu, aby zapobiec nadmiernemu napr\u0119\u017ceniu jego element\u00f3w. Nale\u017cy u\u017cy\u0107 odpowiednich wspornik\u00f3w monta\u017cowych, aby zabezpieczy\u0107 si\u0142ownik na miejscu, zapewniaj\u0105c jego stabilno\u015b\u0107 i prawid\u0142owe podparcie.<\/p>\n<p>Przed monta\u017cem nale\u017cy oczy\u015bci\u0107 wszystkie powierzchnie monta\u017cowe, usuwaj\u0105c brud i zanieczyszczenia, kt\u00f3re mog\u0142yby utrudni\u0107 prawid\u0142owe dopasowanie. Po monta\u017cu nale\u017cy sprawdzi\u0107 szczelno\u015b\u0107 po\u0142\u0105cze\u0144 hydraulicznych i upewni\u0107 si\u0119, \u017ce cylinder jest prawid\u0142owo nape\u0142niony p\u0142ynem hydraulicznym. Po monta\u017cu nale\u017cy przeprowadzi\u0107 test funkcjonalny, aby upewni\u0107 si\u0119, \u017ce cylinder dzia\u0142a p\u0142ynnie i skutecznie.<\/p>\n<h2>Zadania konserwacyjne<\/h2>\n<h3>Regularne kontrole<\/h3>\n<p>Regularne kontrole s\u0105 kluczowe dla wczesnego wykrywania potencjalnych problem\u00f3w. Sprawd\u017a, czy nie ma wyciek\u00f3w p\u0142ynu hydraulicznego, \u015blad\u00f3w zu\u017cycia uszczelek i og\u00f3lnego stanu cylindra. Dokumentowanie tych kontroli pomaga w monitorowaniu wydajno\u015bci i planowaniu przegl\u0105d\u00f3w.<\/p>\n<h3>Odpowiednie smarowanie<\/h3>\n<p>Regularne smarowanie si\u0142ownika wysi\u0119gnika jest kluczowe dla utrzymania jego funkcjonalno\u015bci. Upewnij si\u0119, \u017ce poziom p\u0142ynu hydraulicznego jest odpowiedni i smaruj cz\u0119\u015bci ruchome zgodnie z zaleceniami producenta. Odpowiednie smarowanie minimalizuje tarcie i zu\u017cycie, wyd\u0142u\u017caj\u0105c \u017cywotno\u015b\u0107 si\u0142ownika.<\/p>\n<h3>Wymiana uszczelek i kontrola kalibracji<\/h3>\n<p>Regularnie sprawdzaj uszczelki pod k\u0105tem \u015blad\u00f3w zu\u017cycia i wymieniaj je w razie potrzeby. Kontrole kalibracji s\u0105 r\u00f3wnie\u017c wa\u017cne, aby upewni\u0107 si\u0119, \u017ce si\u0142ownik dzia\u0142a zgodnie z parametrami projektowymi. Przestrzeganie zalecanych procedur kontroli i wymiany zapewni integralno\u015b\u0107 i wydajno\u015b\u0107 si\u0142ownika wysi\u0119gnika.<\/p>\n<p><img decoding=\"async\" src=\"https:\/\/www.hydraulic-cylinders.net\/wp-content\/uploads\/2025\/04\/songte-chushion-collar.webp\" alt=\"Komponenty cylindr\u00f3w hydraulicznych\" \/><\/p>\n<h2>Zagadnienia bezpiecze\u0144stwa i czynniki \u015brodowiskowe<\/h2>\n<p>Podczas u\u017cytkowania cylindr\u00f3w hydraulicznych \u015brodki bezpiecze\u0144stwa maj\u0105 kluczowe znaczenie. Operatorzy powinni zosta\u0107 przeszkoleni w zakresie bezpiecznego obchodzenia si\u0119 z nimi, aby zminimalizowa\u0107 ryzyko wyciek\u00f3w p\u0142ynu hydraulicznego i awarii sprz\u0119tu. Regularne kontrole bezpiecze\u0144stwa i przestrzeganie wytycznych operacyjnych pomagaj\u0105 zapewni\u0107 bezpieczne \u015brodowisko pracy.<\/p>\n<h2>Diagnostyka usterek i typowe problemy<\/h2>\n<ul>\n<li><strong>Przeciek:<\/strong> Wycieki p\u0142yn\u00f3w to cz\u0119sty problem, kt\u00f3ry mo\u017ce prowadzi\u0107 do spadku wydajno\u015bci. Prawid\u0142owe uszczelnienie i regularne kontrole pomagaj\u0105 wcze\u015bnie wykry\u0107 wycieki.<\/li>\n<li><strong>Powolny ruch:<\/strong> Je\u015bli cylinder porusza si\u0119 powoli, mo\u017ce to oznacza\u0107 niski poziom p\u0142ynu hydraulicznego lub zapowietrzenie uk\u0142adu. Odpowietrzenie uk\u0142adu i uzupe\u0142nienie p\u0142ynu hydraulicznego mo\u017ce rozwi\u0105za\u0107 ten problem.<\/li>\n<li><strong>Przegrzanie:<\/strong> Przegrzanie mo\u017ce wyst\u0105pi\u0107 z powodu nadmiernego obci\u0105\u017cenia lub niewystarczaj\u0105cego smarowania. Aby zapobiec przegrzaniu, nale\u017cy zadba\u0107 o prawid\u0142ow\u0105 konserwacj\u0119 i unika\u0107 przekraczania limit\u00f3w obci\u0105\u017cenia.<\/li>\n<\/ul>\n<p>Dzi\u0119ki szybkiemu rozwi\u0105zaniu tych typowych problem\u00f3w operatorzy mog\u0105 utrzyma\u0107 optymaln\u0105 wydajno\u015b\u0107 i wyd\u0142u\u017cy\u0107 \u017cywotno\u015b\u0107 si\u0142ownika wysi\u0119gnika.<\/p>\n<p><img decoding=\"async\" src=\"https:\/\/www.hydraulic-cylinders.net\/wp-content\/uploads\/2025\/04\/songte-bushings-with-all-kinds-of-excavator-models.webp\" alt=\"Tuleje koparki\" \/><\/p>\n<h2>Wniosek<\/h2>\n<p>Nasza firma jest wiod\u0105cym producentem i hurtownikiem alternatywnych si\u0142ownik\u00f3w hydraulicznych na rynku krajowym i mi\u0119dzynarodowym. Stawiamy na doskona\u0142o\u015b\u0107 jako\u015bci, opieraj\u0105c si\u0119 na dopracowanej strategii produkcyjnej, wspieranej przez wykwalifikowany personel, zaawansowany sprz\u0119t do produkcji cyfrowej oraz solidny system testowania. Nasze zaanga\u017cowanie w doskonalenie naszej platformy produkcyjnej gwarantuje, \u017ce spe\u0142niamy zr\u00f3\u017cnicowane potrzeby klient\u00f3w, zachowuj\u0105c jednocze\u015bnie wysok\u0105 wydajno\u015b\u0107, precyzj\u0119 i jako\u015b\u0107 produkt\u00f3w.<\/p>\n<p>K\u0142ad\u0105c nacisk na profesjonalizm, mi\u0119dzynarodowe certyfikaty, zindywidualizowane us\u0142ugi, najnowocze\u015bniejszy sprz\u0119t produkcyjny i kompleksowe wsparcie posprzeda\u017cowe, d\u0105\u017cymy do zapewnienia naszym klientom najwy\u017cszej jako\u015bci rozwi\u0105za\u0144 hydraulicznych.<\/p>\n<p><img decoding=\"async\" src=\"https:\/\/www.hydraulic-cylinders.net\/wp-content\/uploads\/2025\/04\/songte-company-4.webp\" alt=\"Przegl\u0105d firmy\" \/><br \/>\n<img decoding=\"async\" src=\"https:\/\/www.hydraulic-cylinders.net\/wp-content\/uploads\/2025\/04\/songte-company-3.webp\" alt=\"Produkcja firmy\" \/><\/p>\n<p>Autor: lyl<\/p>","protected":false},"excerpt":{"rendered":"<p>Boom Cylinder For XGMA Small Excavator XG815EL Product Overview The Boom Cylinder for the XGMA Small Excavator XG815EL is a critical component in hydraulic systems that enhances the functionality of various heavy machinery. This hydraulic cylinder is specifically designed to control the movement of the bucket in excavators, backhoes, and front loaders, enabling the bucket [&hellip;]<\/p>","protected":false},"featured_media":17878,"comment_status":"open","ping_status":"closed","template":"","meta":{"_et_pb_use_builder":"","_et_pb_old_content":"","_et_gb_content_width":""},"product_brand":[],"product_cat":[1546],"product_tag":[1547,1496],"class_list":{"0":"post-19313","1":"product","2":"type-product","3":"status-publish","4":"has-post-thumbnail","6":"product_cat-boom-cylinders","7":"product_tag-boom-cylinders","8":"product_tag-hydraulic-cylinders","10":"first","11":"instock","12":"shipping-taxable","13":"product-type-simple"},"amp_enabled":true,"_links":{"self":[{"href":"https:\/\/www.hydraulic-cylinders.net\/pl\/wp-json\/wp\/v2\/product\/19313","targetHints":{"allow":["GET"]}}],"collection":[{"href":"https:\/\/www.hydraulic-cylinders.net\/pl\/wp-json\/wp\/v2\/product"}],"about":[{"href":"https:\/\/www.hydraulic-cylinders.net\/pl\/wp-json\/wp\/v2\/types\/product"}],"replies":[{"embeddable":true,"href":"https:\/\/www.hydraulic-cylinders.net\/pl\/wp-json\/wp\/v2\/comments?post=19313"}],"wp:featuredmedia":[{"embeddable":true,"href":"https:\/\/www.hydraulic-cylinders.net\/pl\/wp-json\/wp\/v2\/media\/17878"}],"wp:attachment":[{"href":"https:\/\/www.hydraulic-cylinders.net\/pl\/wp-json\/wp\/v2\/media?parent=19313"}],"wp:term":[{"taxonomy":"product_brand","embeddable":true,"href":"https:\/\/www.hydraulic-cylinders.net\/pl\/wp-json\/wp\/v2\/product_brand?post=19313"},{"taxonomy":"product_cat","embeddable":true,"href":"https:\/\/www.hydraulic-cylinders.net\/pl\/wp-json\/wp\/v2\/product_cat?post=19313"},{"taxonomy":"product_tag","embeddable":true,"href":"https:\/\/www.hydraulic-cylinders.net\/pl\/wp-json\/wp\/v2\/product_tag?post=19313"}],"curies":[{"name":"wp","href":"https:\/\/api.w.org\/{rel}","templated":true}]}}