{"id":19314,"date":"2025-04-07T06:26:33","date_gmt":"2025-04-07T06:26:33","guid":{"rendered":"https:\/\/www.hydraulic-cylinders.net\/product\/boom-cylinder-for-xgma-middle-excavator-xg820\/"},"modified":"2025-04-07T06:26:36","modified_gmt":"2025-04-07T06:26:36","slug":"boom-cylinder-for-xgma-middle-excavator-xg820","status":"publish","type":"product","link":"https:\/\/www.hydraulic-cylinders.net\/pl\/produkt\/boom-cylinder-for-xgma-middle-excavator-xg820\/","title":{"rendered":"Si\u0142ownik wysi\u0119gnika do koparki \u015brodkowej XGMA XG820"},"content":{"rendered":"<h1>Si\u0142ownik wysi\u0119gnika do koparki \u015brodkowej XGMA XG820<\/h1>\n<h2>Przegl\u0105d produktu<\/h2>\n<p>Si\u0142ownik wysi\u0119gnika do koparki XGMA Middle Excavator XG820 to niezb\u0119dny element hydrauliczny przeznaczony do sterowania ruchem wysi\u0119gnik\u00f3w koparki. Odgrywa on kluczow\u0105 rol\u0119 w uk\u0142adzie hydraulicznym, umo\u017cliwiaj\u0105c precyzyjne podnoszenie, opuszczanie i przechylanie \u0142y\u017cki koparki. Ta wszechstronno\u015b\u0107 jest niezb\u0119dna do r\u00f3\u017cnych zada\u0144 zwi\u0105zanych z prze\u0142adunkiem materia\u0142\u00f3w na placach budowy i innych ci\u0119\u017ckich pracach.<\/p>\n<p><img decoding=\"async\" src=\"https:\/\/www.hydraulic-cylinders.net\/wp-content\/uploads\/2025\/04\/songte-company-1.webp\" alt=\"Si\u0142ownik wysi\u0119gnika do koparki \u015brodkowej XGMA XG820\"><\/p>\n<h3>Definicja i funkcjonalno\u015b\u0107<\/h3>\n<p>Si\u0142owniki wysi\u0119gnika to si\u0142owniki hydrauliczne zaprojektowane specjalnie do ci\u0119\u017ckich maszyn, takich jak koparki, koparko-\u0142adowarki i \u0142adowarki czo\u0142owe. Si\u0142owniki te umo\u017cliwiaj\u0105 wysuwanie i wsuwanie wysi\u0119gnika, u\u0142atwiaj\u0105c ruch \u0142y\u017cki w celu wydajnego kopania, podnoszenia i transportu materia\u0142\u00f3w. Ci\u015bnienie w uk\u0142adzie hydraulicznym jest wykorzystywane do zapewnienia p\u0142ynnych i kontrolowanych ruch\u00f3w, dzi\u0119ki czemu operator mo\u017ce z \u0142atwo\u015bci\u0105 obs\u0142ugiwa\u0107 ci\u0119\u017ckie \u0142adunki.<\/p>\n<h2>G\u0142\u00f3wne cechy cylindra wysi\u0119gnika<\/h2>\n<ul>\n<li><strong>Wysoka wytrzyma\u0142o\u015b\u0107 i trwa\u0142o\u015b\u0107:<\/strong> Wykonane z wysokowytrzyma\u0142ej stali lub aluminium, te cylindry wytrzymuj\u0105 wysokie ci\u015bnienie i du\u017ce obci\u0105\u017cenia, dzi\u0119ki czemu nadaj\u0105 si\u0119 do pracy w trudnych warunkach. Konstrukcja jest odporna na zu\u017cycie i korozj\u0119, co wyd\u0142u\u017ca ich \u017cywotno\u015b\u0107.<\/li>\n<li><strong>Wydajna praca uk\u0142adu hydraulicznego:<\/strong> Si\u0142ownik wysi\u0119gnika dzia\u0142a pod wp\u0142ywem ci\u015bnienia oleju hydraulicznego, umo\u017cliwiaj\u0105c p\u0142ynne wysuwanie i wsuwanie. Szybka reakcja na polecenia steruj\u0105ce zapewnia du\u017c\u0105 si\u0142\u0119 pchania i ci\u0105gni\u0119cia, idealn\u0105 do ci\u0119\u017ckich i z\u0142o\u017conych zada\u0144.<\/li>\n<li><strong>R\u00f3\u017cne typy:<\/strong> W zale\u017cno\u015bci od potrzeb operacyjnych oferujemy cylindry jednostronnego dzia\u0142ania (dzia\u0142anie hydrauliczne w jednym kierunku) lub dwustronnego dzia\u0142ania (dzia\u0142anie hydrauliczne w obu kierunkach), przy czym niekt\u00f3re modele maj\u0105 konstrukcj\u0119 teleskopow\u0105 umo\u017cliwiaj\u0105c\u0105 wi\u0119ksz\u0105 d\u0142ugo\u015b\u0107 bez zwi\u0119kszania wymiar\u00f3w zewn\u0119trznych, co jest idealne w przypadku zastosowa\u0144 o ograniczonej przestrzeni.<\/li>\n<\/ul>\n<h3>Nasze mo\u017cliwo\u015bci produkcyjne<\/h3>\n<p>Produkujemy te si\u0142owniki wysi\u0119gnika z najwy\u017csz\u0105 precyzj\u0105, co gwarantuje, \u017ce doskonale zast\u0105pi\u0105 istniej\u0105ce si\u0142owniki hydrauliczne w r\u00f3\u017cnych typach maszyn.<\/p>\n<p><img decoding=\"async\" src=\"https:\/\/www.hydraulic-cylinders.net\/wp-content\/uploads\/2025\/04\/songte-cylinder-head-with-all-kinds-excavator-models.webp\" alt=\"Modele koparek z si\u0142ownikiem wysi\u0119gnika\"><\/p>\n<h2>Zastosowania cylindra wysi\u0119gnika<\/h2>\n<h3>Sprz\u0119t budowlany<\/h3>\n<p>W koparkach si\u0142owniki wysi\u0119gnika odgrywaj\u0105 kluczow\u0105 rol\u0119 podczas kopania, za\u0142adunku i przemieszczania gleby lub gruzu. Umo\u017cliwiaj\u0105 one skuteczn\u0105 penetracj\u0119 gruntu, u\u0142atwiaj\u0105c prace ziemne i zwi\u0119kszaj\u0105c wydajno\u015b\u0107.<\/p>\n<h3>Maszyny rolnicze<\/h3>\n<p>W \u0142adowarkach czo\u0142owych si\u0142owniki wysi\u0119gnika s\u0142u\u017c\u0105 do nabierania, podnoszenia i transportu gleby, siana i innych materia\u0142\u00f3w. Ich hydrauliczne mo\u017cliwo\u015bci umo\u017cliwiaj\u0105 rolnikom szybkie i wydajne wykonywanie zada\u0144, poprawiaj\u0105c og\u00f3ln\u0105 wydajno\u015b\u0107 gospodarstwa.<\/p>\n<h3>Koparki<\/h3>\n<p>Si\u0142ownik wysi\u0119gnika umo\u017cliwia skuteczn\u0105 penetracj\u0119 gruntu przez \u0142y\u017ck\u0119, co u\u0142atwia wykonywanie prac ziemnych. Ta funkcjonalno\u015b\u0107 jest niezb\u0119dna w projektach budowlanych i g\u00f3rniczych, gdzie wymagana jest precyzja kopania.<\/p>\n<h3>\u0141adowarki<\/h3>\n<p>W \u0142adowarkach czo\u0142owych si\u0142owniki wysi\u0119gnika wspomagaj\u0105 wydajne podnoszenie i opr\u00f3\u017cnianie \u0142adunk\u00f3w. Ich konstrukcja zapewnia optymaln\u0105 si\u0142\u0119, zmniejszaj\u0105c wysi\u0142ek operatora i zwi\u0119kszaj\u0105c wydajno\u015b\u0107 operacyjn\u0105.<\/p>\n<h2>Zagadnienia projektowe i kryteria wyboru<\/h2>\n<h3>No\u015bno\u015b\u0107<\/h3>\n<p>Wyb\u00f3r si\u0142ownika wysi\u0119gnika wymaga zrozumienia jego ud\u017awigu. Kluczowe jest wybranie si\u0142ownika, kt\u00f3ry wytrzyma maksymalne obci\u0105\u017cenie, jakiemu b\u0119dzie poddawany podczas pracy. Przeci\u0105\u017cenie mo\u017ce doprowadzi\u0107 do awarii si\u0142ownika lub uszkodzenia koparki.<\/p>\n<h3>Opiecz\u0119towanie<\/h3>\n<p>Skuteczne uszczelnienie ma kluczowe znaczenie dla zapobiegania wyciekom p\u0142ynu hydraulicznego. Wysokiej jako\u015bci uszczelki zapewniaj\u0105 utrzymanie ci\u015bnienia hydraulicznego, przyczyniaj\u0105c si\u0119 do wydajno\u015bci i trwa\u0142o\u015bci si\u0142ownika wysi\u0119gnika. Regularne kontrole zu\u017cycia uszczelek mog\u0105 zapobiec kosztownym naprawom.<\/p>\n<h3>Trwa\u0142o\u015b\u0107<\/h3>\n<p>Trwa\u0142o\u015b\u0107 jest kluczowym czynnikiem w \u015brodowisku budowlanym. Wyb\u00f3r si\u0142ownik\u00f3w wysi\u0119gnika wykonanych z wytrzyma\u0142ych materia\u0142\u00f3w, z pow\u0142okami odpornymi na korozj\u0119 i zu\u017cycie, mo\u017ce znacznie wyd\u0142u\u017cy\u0107 \u017cywotno\u015b\u0107 sprz\u0119tu.<\/p>\n<h3>Bezpiecze\u0144stwo<\/h3>\n<p>Zabezpieczenia, takie jak zawory bezpiecze\u0144stwa i blokady bezpiecze\u0144stwa, s\u0105 niezb\u0119dne do zapobiegania wypadkom podczas pracy. Chroni\u0105 one zar\u00f3wno operatora, jak i maszyn\u0119, zapewniaj\u0105c bezpieczn\u0105 i niezawodn\u0105 prac\u0119.<\/p>\n<h3>Konserwacja<\/h3>\n<p>\u0141atwo\u015b\u0107 konserwacji to kolejny aspekt, kt\u00f3ry nale\u017cy wzi\u0105\u0107 pod uwag\u0119. Si\u0142owniki wysi\u0119gnika, zaprojektowane z my\u015bl\u0105 o szybkim dost\u0119pie do podzespo\u0142\u00f3w w celu kontroli i naprawy, pomagaj\u0105 zminimalizowa\u0107 przestoje, zapewniaj\u0105c p\u0142ynn\u0105 prac\u0119.<\/p>\n<p><img decoding=\"async\" src=\"https:\/\/www.hydraulic-cylinders.net\/wp-content\/uploads\/2025\/04\/songte-oil-pipes-and-spare-parts.webp\" alt=\"Rury olejowe i cz\u0119\u015bci zamienne\"><\/p>\n<h2>Uszczelnianie i smarowanie<\/h2>\n<p>Aby zachowa\u0107 integralno\u015b\u0107 i funkcjonalno\u015b\u0107 si\u0142ownik\u00f3w wysi\u0119gnika, niezb\u0119dne jest odpowiednie uszczelnienie i smarowanie. R\u00f3\u017cne uszczelnienia, takie jak uszczelnienia t\u0142oka i t\u0142oczyska, wykonane s\u0105 z trwa\u0142ych materia\u0142\u00f3w, takich jak poliuretan i kauczuk nitrylowy, co zapewnia odporno\u015b\u0107 na zu\u017cycie. Dodatkowo korpus si\u0142ownika i powierzchnie gwintowane poddawane s\u0105 precyzyjnej obr\u00f3bce, co zwi\u0119ksza ich trwa\u0142o\u015b\u0107. Regularne smarowanie odpowiednim olejem hydraulicznym jest niezb\u0119dne w celu zmniejszenia tarcia i zu\u017cycia, zapewniaj\u0105c d\u0142ugotrwa\u0142\u0105 wydajno\u015b\u0107.<\/p>\n<h2>Regularne kontrole i konserwacja zapobiegawcza<\/h2>\n<ul>\n<li><strong>Rutynowe kontrole:<\/strong> Regularnie sprawdzaj cylinder pod k\u0105tem oznak zu\u017cycia, nieszczelno\u015bci lub uszkodze\u0144. To proaktywne podej\u015bcie pomaga zidentyfikowa\u0107 problemy, zanim si\u0119 nasil\u0105, minimalizuj\u0105c nieoczekiwane przestoje.<\/li>\n<li><strong>Smarowanie:<\/strong> Nale\u017cy pami\u0119ta\u0107 o uzupe\u0142nianiu i wymianie oleju hydraulicznego w razie potrzeby, aby zachowa\u0107 optymaln\u0105 wydajno\u015b\u0107 i zapobiec wewn\u0119trznemu zu\u017cyciu.<\/li>\n<li><strong>Wymiana uszczelki:<\/strong> Monitoruj stan uszczelek i wymieniaj je w razie potrzeby, aby zapobiega\u0107 wyciekom i utrzyma\u0107 ci\u015bnienie hydrauliczne.<\/li>\n<\/ul>\n<h2>Wytyczne dotycz\u0105ce instalacji<\/h2>\n<p>Prawid\u0142owy monta\u017c si\u0142ownika wysi\u0119gnika ma kluczowe znaczenie dla jego wydajno\u015bci i trwa\u0142o\u015bci. Na pocz\u0105tek upewnij si\u0119, \u017ce wszystkie elementy s\u0105 czyste i wolne od zanieczyszcze\u0144. Dok\u0142adnie wyr\u00f3wnaj si\u0142ownik z punktami mocowania, u\u017cywaj\u0105c odpowiednich wspornik\u00f3w monta\u017cowych, aby go zabezpieczy\u0107. Dokr\u0119\u0107 wszystkie elementy mocuj\u0105ce zgodnie ze specyfikacj\u0105 producenta, unikaj\u0105c nadmiernego dokr\u0119cania, aby zapobiec uszkodzeniom. Po monta\u017cu sprawd\u017a poprawno\u015b\u0107 ruchu i wyr\u00f3wnania przed uruchomieniem sprz\u0119tu. Regularnie monitoruj si\u0142ownik pod k\u0105tem oznak niewsp\u00f3\u0142osiowo\u015bci lub nieprawid\u0142owego dzia\u0142ania.<\/p>\n<h2>Typowe zadania konserwacyjne<\/h2>\n<ul>\n<li><strong>Regularne kontrole:<\/strong> Cz\u0119ste kontrole pozwalaj\u0105 wykry\u0107 wszelkie potencjalne problemy na wczesnym etapie, zapewniaj\u0105c optymalny stan si\u0142ownika wysi\u0119gnika i redukuj\u0105c ryzyko awarii w trakcie eksploatacji.<\/li>\n<li><strong>Prawid\u0142owe smarowanie:<\/strong> Odpowiednie smarowanie jest kluczowe dla zachowania skuteczno\u015bci p\u0142ynu hydraulicznego i zapobiegania kontaktowi metalu z metalem, kt\u00f3ry mo\u017ce prowadzi\u0107 do zu\u017cycia i awarii.<\/li>\n<li><strong>Wymiana uszczelki:<\/strong> Okresowo nale\u017cy sprawdza\u0107 stan uszczelek i wymienia\u0107 je, aby utrzyma\u0107 ci\u015bnienie hydrauliczne i zapobiec wyciekom.<\/li>\n<\/ul>\n<h2>Zagadnienia bezpiecze\u0144stwa i czynniki \u015brodowiskowe<\/h2>\n<p>Podczas korzystania z uk\u0142ad\u00f3w hydraulicznych \u015brodki bezpiecze\u0144stwa maj\u0105 kluczowe znaczenie. Operatorzy powinni by\u0107 przeszkoleni w zakresie prawid\u0142owej obs\u0142ugi i procedur obs\u0142ugi si\u0142ownik\u00f3w wysi\u0119gnika, aby zapobiec wypadkom. Ponadto, wzgl\u0119dy \u015brodowiskowe, takie jak zapewnienie prawid\u0142owej utylizacji p\u0142yn\u00f3w hydraulicznych i minimalizacja wyciek\u00f3w, odgrywaj\u0105 istotn\u0105 rol\u0119 w utrzymaniu bezpiecze\u0144stwa i zgodno\u015bci z przepisami ochrony \u015brodowiska.<\/p>\n<h2>Diagnostyka usterek i typowe problemy<\/h2>\n<ul>\n<li><strong>Przeciek:<\/strong> Wyciek p\u0142ynu z cylindra mo\u017ce wskazywa\u0107 na awari\u0119 lub uszkodzenie uszczelki. Sprawd\u017a uszczelki i wymie\u0144 je w razie potrzeby.<\/li>\n<li><strong>Obni\u017cona wydajno\u015b\u0107:<\/strong> Je\u015bli cylinder nie reaguje prawid\u0142owo, nale\u017cy sprawdzi\u0107 poziom p\u0142ynu hydraulicznego lub obecno\u015b\u0107 powietrza w uk\u0142adzie, gdy\u017c mo\u017ce to mie\u0107 wp\u0142yw na wydajno\u015b\u0107.<\/li>\n<li><strong>Nietypowe d\u017awi\u0119ki:<\/strong> Wszelkie zgrzyty lub nietypowe d\u017awi\u0119ki podczas pracy mog\u0105 sugerowa\u0107 uszkodzenie wewn\u0119trzne lub konieczno\u015b\u0107 smarowania. Nale\u017cy natychmiast zbada\u0107 spraw\u0119, aby unikn\u0105\u0107 dalszych uszkodze\u0144.<\/li>\n<\/ul>\n<h2>Wskaz\u00f3wki dotycz\u0105ce rozwi\u0105zywania problem\u00f3w<\/h2>\n<p>Diagnozuj\u0105c problemy z si\u0142ownikiem wysi\u0119gnika, nale\u017cy rozpocz\u0105\u0107 od sprawdzenia, czy nie wyst\u0119puj\u0105 wycieki lub nieprawid\u0142owe dzia\u0142anie. Nale\u017cy upewni\u0107 si\u0119, \u017ce wszystkie po\u0142\u0105czenia hydrauliczne s\u0105 bezpieczne, a poziom p\u0142yn\u00f3w jest odpowiedni. Je\u015bli problem nadal wyst\u0119puje, nale\u017cy zapozna\u0107 si\u0119 ze specyfikacj\u0105 producenta, aby uzyska\u0107 dalsze wskaz\u00f3wki dotycz\u0105ce rozwi\u0105zywania problem\u00f3w. \u015arodki zapobiegawcze, takie jak regularna konserwacja i przestrzeganie instrukcji obs\u0142ugi, mog\u0105 zminimalizowa\u0107 potencjalne problemy i wyd\u0142u\u017cy\u0107 \u017cywotno\u015b\u0107 si\u0142ownika wysi\u0119gnika.<\/p>\n<p><img decoding=\"async\" src=\"https:\/\/www.hydraulic-cylinders.net\/wp-content\/uploads\/2025\/04\/songte-bushings-with-all-kinds-of-excavator-models.webp\" alt=\"Tuleje do modeli koparek\"><\/p>\n<h2>O naszej firmie<\/h2>\n<p>Jeste\u015bmy wiod\u0105cym producentem i hurtowym dystrybutorem si\u0142ownik\u00f3w hydraulicznych, specjalizuj\u0105cym si\u0119 w wysokiej jako\u015bci zamiennikach dla r\u00f3\u017cnych maszyn. Nasza szeroka gama produkt\u00f3w zapewni\u0142a nam pozycj\u0119 zaufanej marki zar\u00f3wno na rynku krajowym, jak i mi\u0119dzynarodowym. D\u0105\u017cymy do doskona\u0142o\u015bci jako\u015bci, wykorzystuj\u0105c precyzyjne strategie produkcji, wsparte wiedz\u0105 techniczn\u0105, zaawansowanym sprz\u0119tem i rygorystycznym systemem kontroli jako\u015bci. Nasze zaanga\u017cowanie w innowacyjno\u015b\u0107 i wydajno\u015b\u0107 pozwala nam sprosta\u0107 zr\u00f3\u017cnicowanym potrzebom klient\u00f3w, zapewniaj\u0105c jednocze\u015bnie najwy\u017csze standardy wydajno\u015bci.<\/p>\n<h3>Nasza wiedza i us\u0142ugi<\/h3>\n<ul>\n<li><strong>Profesjonalizm:<\/strong> Nasz zesp\u00f3\u0142 sk\u0142ada si\u0119 z wykwalifikowanych specjalist\u00f3w, kt\u00f3rych celem jest dostarczanie najwy\u017cszej jako\u015bci produkt\u00f3w i us\u0142ug.<\/li>\n<li><strong>Certyfikaty mi\u0119dzynarodowe:<\/strong> Posiadamy szereg mi\u0119dzynarodowych certyfikat\u00f3w, kt\u00f3re potwierdzaj\u0105 zgodno\u015b\u0107 z globalnymi standardami produkcyjnymi.<\/li>\n<li><strong>Us\u0142ugi niestandardowe:<\/strong> Oferujemy mo\u017cliwo\u015b\u0107 personalizacji, aby spe\u0142ni\u0107 szczeg\u00f3lne wymagania klienta, zwi\u0119kszaj\u0105c og\u00f3ln\u0105 funkcjonalno\u015b\u0107 naszych produkt\u00f3w.<\/li>\n<li><strong>Najnowocze\u015bniejsze obiekty produkcyjne:<\/strong> Dzi\u0119ki naszemu zaawansowanemu sprz\u0119towi produkcyjnemu mo\u017cemy zachowa\u0107 wysok\u0105 precyzj\u0119 i wydajno\u015b\u0107 wytwarzania.<\/li>\n<li><strong>Wsparcie posprzeda\u017cowe:<\/strong> Zapewniamy doskona\u0142\u0105 obs\u0142ug\u0119 posprzeda\u017cow\u0105, gwarantuj\u0105c zadowolenie klienta i pomoc w przypadku jakichkolwiek pyta\u0144 lub problem\u00f3w.<\/li>\n<\/ul>\n<p><img decoding=\"async\" src=\"https:\/\/www.hydraulic-cylinders.net\/wp-content\/uploads\/2025\/04\/songte-company-4.webp\" alt=\"Przegl\u0105d firmy\"><br \/>\n<img decoding=\"async\" src=\"https:\/\/www.hydraulic-cylinders.net\/wp-content\/uploads\/2025\/04\/songte-company-3.webp\" alt=\"Obiekty firmy\"><\/p>\n<p>Autor: lyl<\/p>","protected":false},"excerpt":{"rendered":"<p>Boom Cylinder For XGMA Middle Excavator XG820 Product Overview The Boom Cylinder for the XGMA Middle Excavator XG820 is an essential hydraulic component designed to control the movement of excavator booms. It plays a crucial role in the hydraulic system, allowing for the precise lifting, lowering, and tilting of the excavator&#8217;s bucket. This versatility is [&hellip;]<\/p>","protected":false},"featured_media":17879,"comment_status":"open","ping_status":"closed","template":"","meta":{"_et_pb_use_builder":"","_et_pb_old_content":"","_et_gb_content_width":""},"product_brand":[],"product_cat":[1546],"product_tag":[1547,1496],"class_list":{"0":"post-19314","1":"product","2":"type-product","3":"status-publish","4":"has-post-thumbnail","6":"product_cat-boom-cylinders","7":"product_tag-boom-cylinders","8":"product_tag-hydraulic-cylinders","10":"first","11":"instock","12":"shipping-taxable","13":"product-type-simple"},"amp_enabled":true,"_links":{"self":[{"href":"https:\/\/www.hydraulic-cylinders.net\/pl\/wp-json\/wp\/v2\/product\/19314","targetHints":{"allow":["GET"]}}],"collection":[{"href":"https:\/\/www.hydraulic-cylinders.net\/pl\/wp-json\/wp\/v2\/product"}],"about":[{"href":"https:\/\/www.hydraulic-cylinders.net\/pl\/wp-json\/wp\/v2\/types\/product"}],"replies":[{"embeddable":true,"href":"https:\/\/www.hydraulic-cylinders.net\/pl\/wp-json\/wp\/v2\/comments?post=19314"}],"wp:featuredmedia":[{"embeddable":true,"href":"https:\/\/www.hydraulic-cylinders.net\/pl\/wp-json\/wp\/v2\/media\/17879"}],"wp:attachment":[{"href":"https:\/\/www.hydraulic-cylinders.net\/pl\/wp-json\/wp\/v2\/media?parent=19314"}],"wp:term":[{"taxonomy":"product_brand","embeddable":true,"href":"https:\/\/www.hydraulic-cylinders.net\/pl\/wp-json\/wp\/v2\/product_brand?post=19314"},{"taxonomy":"product_cat","embeddable":true,"href":"https:\/\/www.hydraulic-cylinders.net\/pl\/wp-json\/wp\/v2\/product_cat?post=19314"},{"taxonomy":"product_tag","embeddable":true,"href":"https:\/\/www.hydraulic-cylinders.net\/pl\/wp-json\/wp\/v2\/product_tag?post=19314"}],"curies":[{"name":"wp","href":"https:\/\/api.w.org\/{rel}","templated":true}]}}