{"id":19316,"date":"2025-04-07T06:26:38","date_gmt":"2025-04-07T06:26:38","guid":{"rendered":"https:\/\/www.hydraulic-cylinders.net\/product\/boom-cylinder-for-xgma-middle-excavator-xg822lc\/"},"modified":"2025-04-07T06:26:41","modified_gmt":"2025-04-07T06:26:41","slug":"boom-cylinder-for-xgma-middle-excavator-xg822lc","status":"publish","type":"product","link":"https:\/\/www.hydraulic-cylinders.net\/pl\/produkt\/boom-cylinder-for-xgma-middle-excavator-xg822lc\/","title":{"rendered":"Si\u0142ownik wysi\u0119gnika do koparki \u015brodkowej XGMA XG822LC"},"content":{"rendered":"<h1>Si\u0142ownik wysi\u0119gnika do koparki \u015brodkowej XGMA XG822LC<\/h1>\n<h2>Przegl\u0105d produktu<\/h2>\n<p>Ten <strong>Si\u0142ownik wysi\u0119gnika do koparki \u015brodkowej XGMA XG822LC<\/strong> jest niezb\u0119dnym elementem uk\u0142ad\u00f3w hydraulicznych stosowanych w ci\u0119\u017ckich maszynach. Ten si\u0142ownik hydrauliczny steruje ruchem wysi\u0119gnika koparek, koparko-\u0142adowarek i \u0142adowarek czo\u0142owych. Umo\u017cliwiaj\u0105c podnoszenie, opuszczanie i przechylanie wysi\u0119gnika, u\u0142atwia wydajne zadania zwi\u0105zane z prze\u0142adunkiem materia\u0142\u00f3w.<\/p>\n<p><img decoding=\"async\" src=\"https:\/\/www.hydraulic-cylinders.net\/wp-content\/uploads\/2025\/04\/songte-company-1.webp\" alt=\"Przegl\u0105d cylindr\u00f3w hydraulicznych\" \/><\/p>\n<h3>Definiowanie cylindra wiadra<\/h3>\n<p>Si\u0142ownik czerpakowy to rodzaj si\u0142ownika hydraulicznego przeznaczonego do sterowania ruchem \u0142y\u017cki w ci\u0119\u017ckim sprz\u0119cie. Odgrywa kluczow\u0105 rol\u0119 w pracy koparek, umo\u017cliwiaj\u0105c precyzyjne kopanie, podnoszenie i transport materia\u0142\u00f3w. Ci\u015bnienie hydrauliczne wytwarzane w si\u0142owniku zapewnia p\u0142ynn\u0105 i efektywn\u0105 prac\u0119, co czyni go kluczowym elementem w r\u00f3\u017cnych zastosowaniach budowlanych i rolniczych.<\/p>\n<h2>Cechy produktu<\/h2>\n<ul>\n<li><strong>Wysoka wytrzyma\u0142o\u015b\u0107 i trwa\u0142o\u015b\u0107:<\/strong> Wykonane z wytrzyma\u0142ej stali lub aluminium, cylindry te wytrzymuj\u0105 du\u017ce ci\u015bnienie i obci\u0105\u017cenia, dzi\u0119ki czemu nadaj\u0105 si\u0119 do pracy w trudnych warunkach.<\/li>\n<li><strong>Wydajna praca uk\u0142adu hydraulicznego:<\/strong> Wykorzystuj\u0105c ci\u015bnienie oleju hydraulicznego, zapewniaj\u0105 p\u0142ynne wysuwanie i chowanie, umo\u017cliwiaj\u0105c szybk\u0105 reakcj\u0119 na polecenia steruj\u0105ce.<\/li>\n<li><strong>R\u00f3\u017cne typy:<\/strong> Dost\u0119pne w wersji pojedynczego lub podw\u00f3jnego dzia\u0142ania, aby sprosta\u0107 r\u00f3\u017cnym potrzebom operacyjnym; niekt\u00f3re modele s\u0105 teleskopowe, co pozwala na wi\u0119ksze wyd\u0142u\u017cenie bez zwi\u0119kszania wymiar\u00f3w zewn\u0119trznych.<\/li>\n<li><strong>Odporno\u015b\u0107 na korozj\u0119:<\/strong> Cylindry te zosta\u0142y zaprojektowane z materia\u0142\u00f3w odpornych na zu\u017cycie i korozj\u0119, dzi\u0119ki czemu maj\u0105 d\u0142u\u017csz\u0105 \u017cywotno\u015b\u0107 i mniejsze potrzeby konserwacyjne.<\/li>\n<li><strong>Wszechstronne zastosowania:<\/strong> Nadaje si\u0119 do r\u00f3\u017cnego rodzaju ci\u0119\u017ckich maszyn, zapewniaj\u0105c si\u0142\u0119 potrzebn\u0105 do wykonywania r\u00f3\u017cnych zada\u0144.<\/li>\n<\/ul>\n<h3>Mo\u017cliwo\u015bci produkcyjne<\/h3>\n<p>Specjalizujemy si\u0119 w produkcji wysokiej jako\u015bci si\u0142ownik\u00f3w wysi\u0119gnika, kt\u00f3re doskonale mog\u0105 zast\u0105pi\u0107 istniej\u0105ce si\u0142owniki hydrauliczne w r\u00f3\u017cnego rodzaju maszynach.<\/p>\n<p><img decoding=\"async\" src=\"https:\/\/www.hydraulic-cylinders.net\/wp-content\/uploads\/2025\/04\/songte-cylinder-head-with-all-kinds-excavator-models.webp\" alt=\"Mo\u017cliwo\u015bci produkcyjne\" \/><\/p>\n<h2>Scenariusze zastosowa\u0144<\/h2>\n<h3>Sprz\u0119t budowlany<\/h3>\n<p>W koparkach si\u0142owniki wysi\u0119gnika s\u0105 niezb\u0119dne do kopania, za\u0142adunku i przemieszczania gleby lub gruzu. U\u0142atwiaj\u0105 one wykonywanie r\u00f3\u017cnych czynno\u015bci, zapewniaj\u0105c sprawn\u0105 prac\u0119 na placach budowy. Ponadto, w koparko-\u0142adowarkach si\u0142ownik \u0142y\u017cki wspomaga zar\u00f3wno kopanie, jak i podnoszenie, zwi\u0119kszaj\u0105c og\u00f3ln\u0105 wydajno\u015b\u0107.<\/p>\n<h3>Maszyny rolnicze<\/h3>\n<p>W \u0142adowarkach czo\u0142owych si\u0142owniki wysi\u0119gnika s\u0142u\u017c\u0105 do nabierania, podnoszenia i transportu gleby, siana i innych materia\u0142\u00f3w, co czyni je niezb\u0119dnymi w pracach rolniczych. Ich niezawodna praca gwarantuje sprawne wykonywanie zada\u0144 rolniczych.<\/p>\n<h3>Koparki<\/h3>\n<p>Cylindry \u0142y\u017cki umo\u017cliwiaj\u0105 koparkom efektywn\u0105 penetracj\u0119 gruntu podczas kopania. Ta precyzja jest kluczowa dla osi\u0105gni\u0119cia po\u017c\u0105danej g\u0142\u0119boko\u015bci i szeroko\u015bci wykopu, przyczyniaj\u0105c si\u0119 do dok\u0142adno\u015bci projektu.<\/p>\n<h3>\u0141adowarki<\/h3>\n<p>W \u0142adowarkach czo\u0142owych cylindry te wspomagaj\u0105 wydajne podnoszenie i opr\u00f3\u017cnianie \u0142adunk\u00f3w. Ich wytrzyma\u0142o\u015b\u0107 pozwala operatorom na obs\u0142ug\u0119 ci\u0119\u017ckich materia\u0142\u00f3w, zwi\u0119kszaj\u0105c wydajno\u015b\u0107 w r\u00f3\u017cnych zastosowaniach za\u0142adunkowych.<\/p>\n<h2>Zagadnienia projektowe i kryteria wyboru<\/h2>\n<h3>No\u015bno\u015b\u0107<\/h3>\n<p>Przy wyborze si\u0142ownika wysi\u0119gnika kluczowe jest zrozumienie jego ud\u017awigu. Musi on by\u0107 zaprojektowany tak, aby wytrzyma\u0107 maksymalne obci\u0105\u017cenia spodziewane podczas pracy. Zapewnia to bezpiecze\u0144stwo i wydajno\u015b\u0107 operacyjn\u0105, zapobiegaj\u0105c przedwczesnej awarii.<\/p>\n<h3>Wydajno\u015b\u0107 uszczelnienia<\/h3>\n<p>Uszczelnienie jest kluczowe w przypadku cylindr\u00f3w hydraulicznych. Wysokiej jako\u015bci uszczelki zapobiegaj\u0105 wyciekom p\u0142ynu i utrzymuj\u0105 ci\u015bnienie w uk\u0142adzie. Odpowiednie materia\u0142y uszczelniaj\u0105ce, takie jak poliuretan i kauczuk nitrylowy, zwi\u0119kszaj\u0105 trwa\u0142o\u015b\u0107 i niezawodno\u015b\u0107.<\/p>\n<h3>Trwa\u0142o\u015b\u0107<\/h3>\n<p>Trwa\u0142o\u015b\u0107 jest kluczowym czynnikiem w projektowaniu si\u0142ownik\u00f3w wysi\u0119gnika. Musz\u0105 one wytrzyma\u0107 ekstremalne warunki, w tym wahania temperatury, nara\u017cenie na zanieczyszczenia i obci\u0105\u017cenia mechaniczne. Zastosowane materia\u0142y i techniki konstrukcyjne maj\u0105 ogromny wp\u0142yw na \u017cywotno\u015b\u0107 si\u0142ownik\u00f3w.<\/p>\n<h3>Funkcje bezpiecze\u0144stwa<\/h3>\n<p>Niezb\u0119dne jest uwzgl\u0119dnienie w projekcie zabezpiecze\u0144, takich jak zabezpieczenie przed przeci\u0105\u017ceniem i mechanizmy zabezpieczaj\u0105ce przed awari\u0105. Funkcje te pomagaj\u0105 zapobiega\u0107 wypadkom i awariom sprz\u0119tu, chroni\u0105c zar\u00f3wno operatora, jak i maszyny.<\/p>\n<h3>Zagadnienia konserwacyjne<\/h3>\n<p>Wyb\u00f3r konstrukcji umo\u017cliwiaj\u0105cej \u0142atw\u0105 konserwacj\u0119 jest kluczowy. Takie cechy, jak \u0142atwo dost\u0119pne punkty smarowania i \u0142atwe do wymiany uszczelki, mog\u0105 skr\u00f3ci\u0107 przestoje i wyd\u0142u\u017cy\u0107 \u017cywotno\u015b\u0107 si\u0142ownika.<\/p>\n<p><img decoding=\"async\" src=\"https:\/\/www.hydraulic-cylinders.net\/wp-content\/uploads\/2025\/04\/songte-oil-pipes-and-spare-parts.webp\" alt=\"Zagadnienia konserwacyjne\" \/><\/p>\n<h2>Uszczelnianie i smarowanie<\/h2>\n<p>Skuteczne uszczelnienie i smarowanie s\u0105 kluczowe dla prawid\u0142owego dzia\u0142ania cylindr\u00f3w hydraulicznych. R\u00f3\u017cne uszczelnienia, w tym uszczelnienia t\u0142ok\u00f3w i t\u0142oczysk, s\u0142u\u017c\u0105 do utrzymania ci\u015bnienia i zapobiegania wyciekom. Uszczelnienia wykonane z trwa\u0142ych materia\u0142\u00f3w, takich jak poliuretan i kauczuk nitrylowy, zwi\u0119kszaj\u0105 odporno\u015b\u0107 na zu\u017cycie i wyd\u0142u\u017caj\u0105 \u017cywotno\u015b\u0107 cylindra.<\/p>\n<p>Dodatkowo korpus cylindra i powierzchnie gwintowane poddawane s\u0105 precyzyjnej obr\u00f3bce mechanicznej w celu zwi\u0119kszenia odporno\u015bci na zu\u017cycie. Regularne smarowanie olejem hydraulicznym jest niezb\u0119dne dla zapewnienia p\u0142ynnej pracy i zmniejszenia tarcia, kt\u00f3re mo\u017ce prowadzi\u0107 do przedwczesnego zu\u017cycia.<\/p>\n<h2>Regularne kontrole i konserwacja zapobiegawcza<\/h2>\n<ul>\n<li><strong>Inspekcje wizualne:<\/strong> Regularnie sprawdzaj si\u0142ownik hydrauliczny pod k\u0105tem oznak zu\u017cycia, wyciek\u00f3w lub uszkodze\u0144. Wczesne wykrycie problem\u00f3w mo\u017ce zapobiec powa\u017cnym awariom.<\/li>\n<li><strong>Kontrola smarowania:<\/strong> Aby zapewni\u0107 p\u0142ynn\u0105 prac\u0119 urz\u0105dzenia, nale\u017cy stosowa\u0107 odpowiednie smarowanie zgodnie z zaleceniami producenta.<\/li>\n<li><strong>Wymiana uszczelki:<\/strong> Monitoruj stan uszczelek i wymieniaj je w razie potrzeby. Pomaga to zachowa\u0107 integralno\u015b\u0107 uk\u0142adu hydraulicznego.<\/li>\n<\/ul>\n<h2>Wytyczne dotycz\u0105ce instalacji<\/h2>\n<p>Prawid\u0142owy monta\u017c si\u0142ownika wysi\u0119gnika ma kluczowe znaczenie dla optymalnej wydajno\u015bci. Na pocz\u0105tek upewnij si\u0119, \u017ce wszystkie elementy s\u0105 czyste i wolne od zanieczyszcze\u0144. Dok\u0142adnie wyr\u00f3wnaj si\u0142ownik z punktami mocowania, u\u017cywaj\u0105c odpowiednich wspornik\u00f3w monta\u017cowych, aby go zabezpieczy\u0107. Dokr\u0119\u0107 elementy mocuj\u0105ce z okre\u015blonym momentem obrotowym, aby zapobiec ich luzowaniu podczas pracy.<\/p>\n<p>Sprawd\u017a prawid\u0142owe ustawienie, aby upewni\u0107 si\u0119, \u017ce cylinder dzia\u0142a p\u0142ynnie i bez zb\u0119dnego obci\u0105\u017cenia. Po monta\u017cu przeprowad\u017a dok\u0142adn\u0105 kontrol\u0119, aby upewni\u0107 si\u0119, \u017ce nie ma wyciek\u00f3w i wszystkie po\u0142\u0105czenia s\u0105 dobrze zamocowane. Testowanie dzia\u0142ania pod niskim ci\u015bnieniem mo\u017ce pom\u00f3c w zidentyfikowaniu potencjalnych problem\u00f3w z instalacj\u0105 przed pe\u0142nym uruchomieniem.<\/p>\n<h2>Zadania konserwacyjne<\/h2>\n<ul>\n<li><strong>Regularne kontrole:<\/strong> Rutynowe przeprowadzanie kontroli wizualnych mo\u017ce pom\u00f3c w rozpoznaniu wczesnych oznak zu\u017cycia lub uszkodze\u0144, co pozwala na podj\u0119cie wczesnej interwencji.<\/li>\n<li><strong>Prawid\u0142owe smarowanie:<\/strong> Przestrzeganie zalecanego harmonogramu smarowania jest niezb\u0119dne, aby zapewni\u0107 p\u0142ynn\u0105 prac\u0119 cylindra i zapobiec zu\u017cyciu.<\/li>\n<li><strong>Wymiana uszczelki:<\/strong> Regularnie wymieniaj uszczelki, kt\u00f3re wykazuj\u0105 \u015blady zu\u017cycia, aby zapobiega\u0107 wyciekom i utrzyma\u0107 ci\u015bnienie hydrauliczne.<\/li>\n<\/ul>\n<h2>Zagadnienia bezpiecze\u0144stwa i czynniki \u015brodowiskowe<\/h2>\n<p>\u015arodki bezpiecze\u0144stwa s\u0105 kluczowe podczas pracy z cylindrami hydraulicznymi. Odpowiednie przeszkolenie operator\u00f3w w zakresie bezpiecznej obs\u0142ugi i procedur operacyjnych minimalizuje ryzyko zwi\u0105zane z urz\u0105dzeniami hydraulicznymi. Ponadto, przestrzeganie wytycznych dotycz\u0105cych ochrony \u015brodowiska podczas obs\u0142ugi i konserwacji cylindr\u00f3w hydraulicznych zapewnia zgodno\u015b\u0107 z przepisami, chroni\u0105c zar\u00f3wno pracownik\u00f3w, jak i \u015brodowisko.<\/p>\n<h2>Rozwi\u0105zywanie problem\u00f3w i typowe problemy<\/h2>\n<ul>\n<li><strong>Przeciek:<\/strong> Wycieki p\u0142ynu hydraulicznego mog\u0105 wyst\u0105pi\u0107 z powodu zu\u017cytych uszczelek lub nieprawid\u0142owego monta\u017cu. Problem mo\u017cna zdiagnozowa\u0107 poprzez regularne kontrole wizualne i rozwi\u0105za\u0107 poprzez wymian\u0119 uszczelek lub regulacj\u0119 ustawienia element\u00f3w.<\/li>\n<li><strong>Niesp\u00f3jne dzia\u0142anie:<\/strong> Mo\u017ce to wskazywa\u0107 na problemy z ci\u015bnieniem hydraulicznym lub zatorami. Sprawdzenie poziomu p\u0142yn\u00f3w i filtr\u00f3w mo\u017ce pom\u00f3c w rozwi\u0105zaniu problemu.<\/li>\n<li><strong>Przegrzanie:<\/strong> Przegrzanie mo\u017ce by\u0107 spowodowane niedostatecznym smarowaniem lub przeci\u0105\u017ceniem cylindra. Ocena poziomu smarowania i zapewnienie, \u017ce cylinder pracuje w granicach swojej no\u015bno\u015bci, mo\u017ce zapobiec przegrzaniu.<\/li>\n<\/ul>\n<p>Aby zminimalizowa\u0107 potencjalne problemy, konieczne jest podejmowanie \u015brodk\u00f3w zapobiegawczych, takich jak rutynowe kontrole konserwacyjne i odpowiednie szkolenie operator\u00f3w.<\/p>\n<p><img decoding=\"async\" src=\"https:\/\/www.hydraulic-cylinders.net\/wp-content\/uploads\/2025\/04\/songte-bushings-with-all-kinds-of-excavator-models.webp\" alt=\"Rozwi\u0105zywanie problem\u00f3w\" \/><\/p>\n<h2>Przegl\u0105d firmy<\/h2>\n<p>Jeste\u015bmy wiod\u0105cym producentem zamiennych si\u0142ownik\u00f3w hydraulicznych, oferuj\u0105cym szerok\u0105 gam\u0119 produkt\u00f3w. Nasze zaanga\u017cowanie w d\u0105\u017cenie do doskona\u0142o\u015bci jest wspierane zaawansowanymi praktykami produkcyjnymi i rygorystycznymi procesami kontroli jako\u015bci.<\/p>\n<p>Koncentruj\u0105c si\u0119 na precyzyjnej in\u017cynierii i wysokiej jako\u015bci materia\u0142ach, nasze produkty spe\u0142niaj\u0105 mi\u0119dzynarodowe standardy i certyfikaty. Oferujemy rozwi\u0105zania dostosowane do indywidualnych potrzeb klienta, gwarantuj\u0105c maksymaln\u0105 satysfakcj\u0119.<\/p>\n<p>Nasze najnowocze\u015bniejsze zak\u0142ady produkcyjne wyposa\u017cone s\u0105 w zaawansowane technologie i zatrudniaj\u0105 wykwalifikowany personel, dbaj\u0105cy o utrzymanie najwy\u017cszych standard\u00f3w produkcji. Jeste\u015bmy dumni z naszego wyj\u0105tkowego wsparcia posprzeda\u017cowego i serwisu, zapewniaj\u0105c naszym klientom sta\u0142\u0105 pomoc w zakresie cylindr\u00f3w hydraulicznych.<\/p>\n<p><img decoding=\"async\" src=\"https:\/\/www.hydraulic-cylinders.net\/wp-content\/uploads\/2025\/04\/songte-company-4.webp\" alt=\"Przegl\u0105d firmy\" \/><br \/>\n<img decoding=\"async\" src=\"https:\/\/www.hydraulic-cylinders.net\/wp-content\/uploads\/2025\/04\/songte-company-3.webp\" alt=\"Przegl\u0105d firmy\" \/><\/p>\n<p>Autor: lyl<\/p>","protected":false},"excerpt":{"rendered":"<p>Boom Cylinder For XGMA Middle Excavator XG822LC Product Overview The Boom Cylinder For XGMA Middle Excavator XG822LC is an essential component in hydraulic systems used in heavy machinery. This hydraulic cylinder specifically controls the movement of the boom in excavators, backhoe loaders, and front loaders. By enabling the boom to lift, lower, and tilt, it [&hellip;]<\/p>","protected":false},"featured_media":17881,"comment_status":"open","ping_status":"closed","template":"","meta":{"_et_pb_use_builder":"","_et_pb_old_content":"","_et_gb_content_width":""},"product_brand":[],"product_cat":[1546],"product_tag":[1547,1496],"class_list":{"0":"post-19316","1":"product","2":"type-product","3":"status-publish","4":"has-post-thumbnail","6":"product_cat-boom-cylinders","7":"product_tag-boom-cylinders","8":"product_tag-hydraulic-cylinders","10":"first","11":"instock","12":"shipping-taxable","13":"product-type-simple"},"amp_enabled":true,"_links":{"self":[{"href":"https:\/\/www.hydraulic-cylinders.net\/pl\/wp-json\/wp\/v2\/product\/19316","targetHints":{"allow":["GET"]}}],"collection":[{"href":"https:\/\/www.hydraulic-cylinders.net\/pl\/wp-json\/wp\/v2\/product"}],"about":[{"href":"https:\/\/www.hydraulic-cylinders.net\/pl\/wp-json\/wp\/v2\/types\/product"}],"replies":[{"embeddable":true,"href":"https:\/\/www.hydraulic-cylinders.net\/pl\/wp-json\/wp\/v2\/comments?post=19316"}],"wp:featuredmedia":[{"embeddable":true,"href":"https:\/\/www.hydraulic-cylinders.net\/pl\/wp-json\/wp\/v2\/media\/17881"}],"wp:attachment":[{"href":"https:\/\/www.hydraulic-cylinders.net\/pl\/wp-json\/wp\/v2\/media?parent=19316"}],"wp:term":[{"taxonomy":"product_brand","embeddable":true,"href":"https:\/\/www.hydraulic-cylinders.net\/pl\/wp-json\/wp\/v2\/product_brand?post=19316"},{"taxonomy":"product_cat","embeddable":true,"href":"https:\/\/www.hydraulic-cylinders.net\/pl\/wp-json\/wp\/v2\/product_cat?post=19316"},{"taxonomy":"product_tag","embeddable":true,"href":"https:\/\/www.hydraulic-cylinders.net\/pl\/wp-json\/wp\/v2\/product_tag?post=19316"}],"curies":[{"name":"wp","href":"https:\/\/api.w.org\/{rel}","templated":true}]}}