{"id":19318,"date":"2025-04-07T06:26:43","date_gmt":"2025-04-07T06:26:43","guid":{"rendered":"https:\/\/www.hydraulic-cylinders.net\/product\/boom-cylinder-for-xgma-middle-excavator-xg822el\/"},"modified":"2025-04-07T06:26:45","modified_gmt":"2025-04-07T06:26:45","slug":"boom-cylinder-for-xgma-middle-excavator-xg822el","status":"publish","type":"product","link":"https:\/\/www.hydraulic-cylinders.net\/pl\/produkt\/boom-cylinder-for-xgma-middle-excavator-xg822el\/","title":{"rendered":"Si\u0142ownik wysi\u0119gnika do koparki \u015brodkowej XGMA XG822EL"},"content":{"rendered":"<h1>Si\u0142ownik wysi\u0119gnika do koparki \u015brodkowej XGMA XG822EL<\/h1>\n<h2>Przegl\u0105d produktu<\/h2>\n<p>Si\u0142ownik wysi\u0119gnika do koparki XGMA Middle Excavator XG822EL to kluczowy element uk\u0142adu hydraulicznego koparek. Ten si\u0142ownik hydrauliczny zosta\u0142 zaprojektowany specjalnie do sterowania ruchem ramienia wysi\u0119gnika, umo\u017cliwiaj\u0105c sprawne podnoszenie, opuszczanie i przechylanie \u0142y\u017cki. Odgrywa on kluczow\u0105 rol\u0119 w u\u0142atwianiu zada\u0144 zwi\u0105zanych z prze\u0142adunkiem materia\u0142\u00f3w, co czyni go niezb\u0119dnym w przypadku operacji ci\u0119\u017ckiego sprz\u0119tu.<\/p>\n<p><img decoding=\"async\" src=\"https:\/\/www.hydraulic-cylinders.net\/wp-content\/uploads\/2025\/04\/songte-company-1.webp\" alt=\"Si\u0142ownik wysi\u0119gnika do koparki\"><\/p>\n<h3>Definicja i funkcjonalno\u015b\u0107<\/h3>\n<p>Si\u0142ownik \u0142y\u017cki to rodzaj si\u0142ownika hydraulicznego, kt\u00f3ry reguluje ruch \u0142y\u017cki w r\u00f3\u017cnych maszynach ci\u0119\u017ckich, takich jak koparki, koparko-\u0142adowarki i \u0142adowarki czo\u0142owe. Dzi\u0119ki ci\u015bnieniu hydraulicznemu umo\u017cliwia \u0142y\u017cce wykonywanie podstawowych czynno\u015bci, takich jak kopanie, za\u0142adunek i transport materia\u0142\u00f3w. Konstrukcja si\u0142ownika wysi\u0119gnika zapewnia p\u0142ynn\u0105 i wydajn\u0105 prac\u0119, umo\u017cliwiaj\u0105c precyzyjn\u0105 kontrol\u0119 podczas wymagaj\u0105cych zada\u0144.<\/p>\n<h2>Cechy produktu<\/h2>\n<ul>\n<li><strong>Wysoka wytrzyma\u0142o\u015b\u0107 i trwa\u0142o\u015b\u0107:<\/strong> Wykonany z wysokowytrzyma\u0142ej stali lub aluminium, si\u0142ownik wysi\u0119gnika wytrzymuje wysokie ci\u015bnienie i du\u017ce obci\u0105\u017cenia. Zosta\u0142 zaprojektowany z my\u015bl\u0105 o pracy w trudnych warunkach, ze szczeg\u00f3lnym uwzgl\u0119dnieniem odporno\u015bci na zu\u017cycie i korozj\u0119, aby wyd\u0142u\u017cy\u0107 jego \u017cywotno\u015b\u0107.<\/li>\n<li><strong>Wydajna praca uk\u0142adu hydraulicznego:<\/strong> Si\u0142ownik wykorzystuje ci\u015bnienie oleju hydraulicznego, co zapewnia p\u0142ynne dzia\u0142anie teleskopowe, szybk\u0105 reakcj\u0119 na polecenia operatora i jednoczesne wytwarzanie du\u017cych si\u0142 pchania i ci\u0105gni\u0119cia, pozwalaj\u0105cych na obs\u0142ug\u0119 ci\u0119\u017ckich i skomplikowanych zada\u0144.<\/li>\n<li><strong>R\u00f3\u017cne typy:<\/strong> Dost\u0119pny w konfiguracji jednostronnego dzia\u0142ania (dzia\u0142aj\u0105cy w jednym kierunku) lub dwustronnego dzia\u0142ania (dzia\u0142aj\u0105cy w obu kierunkach), si\u0142ownik wysi\u0119gnika mo\u017cna dobra\u0107 w zale\u017cno\u015bci od konkretnych potrzeb operacyjnych. Niekt\u00f3re modele posiadaj\u0105 konstrukcj\u0119 teleskopow\u0105, umo\u017cliwiaj\u0105c\u0105 wi\u0119ksze wysuni\u0119cie bez zwi\u0119kszania wymiar\u00f3w zewn\u0119trznych, co jest idealne w zastosowaniach o ograniczonej przestrzeni.<\/li>\n<li><strong>Produkcja niestandardowa:<\/strong> Nasze produkty doskonale nadaj\u0105 si\u0119 do wymiany r\u00f3\u017cnych si\u0142ownik\u00f3w hydraulicznych, zapewniaj\u0105c najwy\u017csz\u0105 jako\u015b\u0107 i wydajno\u015b\u0107 oraz kompatybilno\u015b\u0107 z wieloma modelami koparek.<\/li>\n<li><strong>Wszechstronne zastosowania:<\/strong> Si\u0142ownik wysi\u0119gnika mo\u017cna dostosowa\u0107 do r\u00f3\u017cnych maszyn, co zwi\u0119ksza og\u00f3ln\u0105 wydajno\u015b\u0107 operacyjn\u0105 w wielu sektorach.<\/li>\n<\/ul>\n<p><img decoding=\"async\" src=\"https:\/\/www.hydraulic-cylinders.net\/wp-content\/uploads\/2025\/04\/songte-cylinder-head-with-all-kinds-excavator-models.webp\" alt=\"G\u0142owica cylindra do modeli koparek\"><\/p>\n<h2>Scenariusze zastosowa\u0144<\/h2>\n<h3>Sprz\u0119t budowlany<\/h3>\n<p>W sprz\u0119cie budowlanym si\u0142owniki wysi\u0119gnika odgrywaj\u0105 kluczow\u0105 rol\u0119 w koparkach, umo\u017cliwiaj\u0105c im efektywne kopanie, \u0142adowanie i przemieszczanie ziemi i gruzu. Ich konstrukcja zapewnia optymalne podnoszenie i zasi\u0119g, u\u0142atwiaj\u0105c wykonywanie zada\u0144 od kopania row\u00f3w po prace ziemne. W koparko-\u0142adowarkach si\u0142ownik wysi\u0119gnika wspomaga zar\u00f3wno prace ziemne, jak i podnoszenie, maksymalizuj\u0105c wydajno\u015b\u0107 operacyjn\u0105.<\/p>\n<h3>Maszyny rolnicze<\/h3>\n<p>W maszynach rolniczych, takich jak \u0142adowarki czo\u0142owe, si\u0142owniki wysi\u0119gnika s\u0142u\u017c\u0105 do nabierania, podnoszenia i transportu gleby, siana i innych materia\u0142\u00f3w. Ich wytrzyma\u0142o\u015b\u0107 i niezawodno\u015b\u0107 sprawiaj\u0105, \u017ce rolnicy mog\u0105 polega\u0107 na swoim sprz\u0119cie podczas r\u00f3\u017cnych zada\u0144, zwi\u0119kszaj\u0105c wydajno\u015b\u0107 w gospodarstwach rolnych.<\/p>\n<h3>Koparki<\/h3>\n<p>W przypadku koparek si\u0142ownik wysi\u0119gnika umo\u017cliwia skuteczne zag\u0142\u0119bianie si\u0119 \u0142y\u017cki w gleb\u0119, umo\u017cliwiaj\u0105c wydajne kopanie. Uk\u0142ad hydrauliczny zapewnia sta\u0142\u0105 wydajno\u015b\u0107, niezb\u0119dn\u0105 podczas g\u0142\u0119bokich wykop\u00f3w lub w trudnym terenie.<\/p>\n<h3>\u0141adowarki<\/h3>\n<p>W \u0142adowarkach czo\u0142owych si\u0142ownik wysi\u0119gnika odgrywa kluczow\u0105 rol\u0119 w efektywnym podnoszeniu i zrzucaniu materia\u0142\u00f3w. Zapewnia niezb\u0119dn\u0105 moc do podnoszenia ci\u0119\u017ckich \u0142adunk\u00f3w, zachowuj\u0105c jednocze\u015bnie stabilno\u015b\u0107, co jest kluczowe podczas prac budowlanych i prze\u0142adunkowych.<\/p>\n<h2>Zagadnienia projektowe i kryteria wyboru<\/h2>\n<h3>No\u015bno\u015b\u0107<\/h3>\n<p>Przy wyborze si\u0142ownika wysi\u0119gnika kluczowe jest zrozumienie jego ud\u017awigu. Si\u0142ownik musi by\u0107 w stanie utrzyma\u0107 maksymalny ci\u0119\u017car, kt\u00f3ry b\u0119dzie podnoszony lub przemieszczany podczas pracy. Producenci cz\u0119sto podaj\u0105 specyfikacje okre\u015blaj\u0105ce limity ud\u017awigu, kt\u00f3re nale\u017cy dok\u0142adnie rozwa\u017cy\u0107, aby zapobiec awariom podczas u\u017cytkowania. Wyb\u00f3r si\u0142ownika o odpowiednim ud\u017awigu gwarantuje bezpiecze\u0144stwo i wydajno\u015b\u0107.<\/p>\n<h3>Uszczelnienie i trwa\u0142o\u015b\u0107<\/h3>\n<p>Konstrukcja uszczelnienia si\u0142ownika wysi\u0119gnika ma kluczowe znaczenie dla zachowania integralno\u015bci p\u0142ynu hydraulicznego i zapobiegania wyciekom. Wysokiej jako\u015bci uszczelnienia, takie jak uszczelki t\u0142oka i t\u0142oczyska, wykonane z trwa\u0142ych materia\u0142\u00f3w, takich jak poliuretan i kauczuk nitrylowy, s\u0105 kluczowe dla zapewnienia d\u0142ugiej \u017cywotno\u015bci. Korpus si\u0142ownika i gwintowane powierzchnie ko\u0144cowe r\u00f3wnie\u017c powinny by\u0107 precyzyjnie obrobione, aby zwi\u0119kszy\u0107 odporno\u015b\u0107 na zu\u017cycie i zapewni\u0107 d\u0142u\u017csz\u0105 \u017cywotno\u015b\u0107.<\/p>\n<h3>Funkcje bezpiecze\u0144stwa<\/h3>\n<p>Bezpiecze\u0144stwo jest najwa\u017cniejsze podczas obs\u0142ugi ci\u0119\u017ckich maszyn. Konstrukcja si\u0142ownika wysi\u0119gnika powinna zawiera\u0107 zabezpieczenia zapobiegaj\u0105ce nieoczekiwanym awariom. Nale\u017c\u0105 do nich zawory bezpiecze\u0144stwa zapobiegaj\u0105ce nadmiernemu ci\u015bnieniu oraz solidna konstrukcja odporna na trudne warunki. Regularne kontrole i przestrzeganie protoko\u0142\u00f3w bezpiecze\u0144stwa s\u0105 kluczowe dla zachowania integralno\u015bci sprz\u0119tu.<\/p>\n<p><img decoding=\"async\" src=\"https:\/\/www.hydraulic-cylinders.net\/wp-content\/uploads\/2025\/04\/songte-oil-pipes-and-spare-parts.webp\" alt=\"Rury olejowe i cz\u0119\u015bci zamienne\"><\/p>\n<h2>Uszczelnianie i smarowanie<\/h2>\n<p>Prawid\u0142owe uszczelnienie jest niezb\u0119dne do wydajnej pracy cylindr\u00f3w hydraulicznych. Aby zapobiec wyciekom p\u0142ynu hydraulicznego, stosuje si\u0119 r\u00f3\u017cne uszczelnienia, w tym uszczelnienia t\u0142ok\u00f3w i t\u0142oczysk. Wyb\u00f3r trwa\u0142ych materia\u0142\u00f3w, takich jak poliuretan i kauczuk nitrylowy, zwi\u0119ksza odporno\u015b\u0107 na zu\u017cycie, wyd\u0142u\u017caj\u0105c \u017cywotno\u015b\u0107 uszczelnie\u0144. Korpus cylindra i gwintowane ko\u0144c\u00f3wki powinny by\u0107 poddane precyzyjnej obr\u00f3bce mechanicznej w celu zwi\u0119kszenia trwa\u0142o\u015bci.<\/p>\n<p>Regularne smarowanie jest r\u00f3wnie\u017c kluczowe. Nale\u017cy okresowo uzupe\u0142nia\u0107 poziom oleju hydraulicznego, aby zapewni\u0107 optymaln\u0105 prac\u0119 uszczelnie\u0144 i zapobiec zu\u017cyciu element\u00f3w wewn\u0119trznych. Odpowiednie smarowanie zmniejsza tarcie, kt\u00f3re mo\u017ce prowadzi\u0107 do przegrzania i przedwczesnej awarii uk\u0142adu hydraulicznego.<\/p>\n<h2>Regularne kontrole i \u015brodki konserwacji zapobiegawczej<\/h2>\n<ul>\n<li><strong>Regularne kontrole:<\/strong> Przeprowad\u017a dok\u0142adne kontrole si\u0142ownika wysi\u0119gnika, aby zidentyfikowa\u0107 wszelkie oznaki zu\u017cycia lub uszkodzenia. Sprawd\u017a, czy nie wyst\u0119puj\u0105 wycieki, nietypowe d\u017awi\u0119ki lub nieregularne ruchy, kt\u00f3re mog\u0105 wskazywa\u0107 na potencjalne problemy. Wczesne wykrycie mo\u017ce zapobiec kosztownym naprawom i przestojom.<\/li>\n<li><strong>Prawid\u0142owe smarowanie:<\/strong> Upewnij si\u0119, \u017ce poziom oleju hydraulicznego jest utrzymany, a uszczelki odpowiednio nasmarowane. Regularnie sprawdzaj lepko\u015b\u0107 i jako\u015b\u0107 oleju hydraulicznego, wymieniaj\u0105c go w razie potrzeby, aby utrzyma\u0107 optymaln\u0105 wydajno\u015b\u0107.<\/li>\n<li><strong>Wymiana uszczelki:<\/strong> Z biegiem czasu uszczelki mog\u0105 si\u0119 zu\u017cywa\u0107 i wymaga\u0107 wymiany. Nale\u017cy regularnie przeprowadza\u0107 kontrole w celu identyfikacji uszkodzonych uszczelek i terminowo je wymienia\u0107, aby zapobiega\u0107 wyciekom i utrzyma\u0107 sprawno\u015b\u0107 hydrauliczn\u0105.<\/li>\n<\/ul>\n<h2>Wytyczne dotycz\u0105ce instalacji<\/h2>\n<p>Prawid\u0142owy monta\u017c si\u0142ownika wysi\u0119gnika ma kluczowe znaczenie dla jego wydajno\u015bci i trwa\u0142o\u015bci. Na pocz\u0105tek nale\u017cy upewni\u0107 si\u0119, \u017ce wszystkie elementy s\u0105 czyste i wolne od zanieczyszcze\u0144. Nale\u017cy prawid\u0142owo ustawi\u0107 si\u0142ownik wzgl\u0119dem wspornik\u00f3w monta\u017cowych i u\u017cy\u0107 odpowiednich podp\u00f3r monta\u017cowych, aby go zamocowa\u0107. Nale\u017cy upewni\u0107 si\u0119, \u017ce wszystkie elementy mocuj\u0105ce s\u0105 dokr\u0119cone zgodnie ze specyfikacj\u0105 producenta, aby zapobiec ich poluzowaniu podczas pracy.<\/p>\n<p>Podczas monta\u017cu, aby zapobiec nadmiernemu napr\u0119\u017ceniu podzespo\u0142\u00f3w, wa\u017cne jest dok\u0142adne wyosiowanie cylindra. Po zabezpieczeniu cylindra nale\u017cy dwukrotnie sprawdzi\u0107, czy wszystkie przewody hydrauliczne s\u0105 prawid\u0142owo pod\u0142\u0105czone i szczelne. Po monta\u017cu nale\u017cy przetestowa\u0107 system, aby upewni\u0107 si\u0119, \u017ce cylinder dzia\u0142a p\u0142ynnie i prawid\u0142owo.<\/p>\n<h2>Zadania konserwacyjne<\/h2>\n<h3>Regularne kontrole<\/h3>\n<p>Regularne kontrole si\u0142ownika wysi\u0119gnika pomagaj\u0105 zidentyfikowa\u0107 potencjalne problemy, zanim si\u0119 nasil\u0105. Obejmuje to wizualn\u0105 kontrol\u0119 si\u0142ownika pod k\u0105tem oznak zu\u017cycia, sprawdzanie poziomu p\u0142ynu hydraulicznego i upewnienie si\u0119, \u017ce nie ma wyciek\u00f3w. Wdro\u017cenie regularnego harmonogramu kontroli mo\u017ce znacznie wyd\u0142u\u017cy\u0107 \u017cywotno\u015b\u0107 si\u0142ownika.<\/p>\n<h3>Odpowiednie smarowanie<\/h3>\n<p>Prawid\u0142owe smarowanie jest niezb\u0119dne dla zapewnienia p\u0142ynnej pracy si\u0142ownika wysi\u0119gnika. U\u017cywaj zalecanego oleju hydraulicznego i upewnij si\u0119, \u017ce jego poziom jest prawid\u0142owy. Regularnie sprawdzaj poziom zanieczyszcze\u0144 w oleju i wymieniaj go w razie potrzeby, aby utrzyma\u0107 optymaln\u0105 wydajno\u015b\u0107 i zapobiec zu\u017cyciu podzespo\u0142\u00f3w hydraulicznych.<\/p>\n<h3>Wymiana uszczelek i kontrola kalibracji<\/h3>\n<p>Regularnie sprawdzaj uszczelki pod k\u0105tem \u015blad\u00f3w zu\u017cycia i wymieniaj je niezw\u0142ocznie, aby zapobiec wyciekom p\u0142ynu hydraulicznego. Kontrole kalibracji s\u0105 r\u00f3wnie\u017c niezb\u0119dne dla zapewnienia prawid\u0142owego i wydajnego dzia\u0142ania si\u0142ownika. Ustal rutynow\u0105 procedur\u0119 sprawdzania wydajno\u015bci uk\u0142adu hydraulicznego, dostosowuj\u0105c ustawienia w razie potrzeby, aby utrzyma\u0107 optymaln\u0105 prac\u0119.<\/p>\n<p><img decoding=\"async\" src=\"https:\/\/www.hydraulic-cylinders.net\/wp-content\/uploads\/2025\/04\/songte-chushion-collar.webp\" alt=\"Ko\u0142nierz poduszkowy\"><\/p>\n<h2>Zagadnienia bezpiecze\u0144stwa i czynniki \u015brodowiskowe<\/h2>\n<p>Podczas obs\u0142ugi uk\u0142ad\u00f3w hydraulicznych \u015brodki bezpiecze\u0144stwa s\u0105 najwa\u017cniejsze. Operatorzy powinni zosta\u0107 przeszkoleni w zakresie bezpiecznego u\u017cytkowania sprz\u0119tu oraz znaczenia przestrzegania protoko\u0142\u00f3w bezpiecze\u0144stwa w celu minimalizacji ryzyka. Nale\u017cy nosi\u0107 \u015brodki ochrony indywidualnej (PPE), a procedury konserwacyjne powinny by\u0107 przeprowadzane w kontrolowanym \u015brodowisku, aby zapewni\u0107 bezpiecze\u0144stwo.<\/p>\n<p>Nale\u017cy r\u00f3wnie\u017c uwzgl\u0119dni\u0107 czynniki \u015brodowiskowe, poniewa\u017c p\u0142yny hydrauliczne mog\u0105 by\u0107 szkodliwe dla ekosystemu. Prawid\u0142owa utylizacja zu\u017cytych p\u0142yn\u00f3w i przestrzeganie przepis\u00f3w ochrony \u015brodowiska s\u0105 kluczowe dla ograniczenia potencjalnego wp\u0142ywu na \u015brodowisko.<\/p>\n<h2>Diagnostyka usterek i typowe problemy<\/h2>\n<h3>Typowe problemy<\/h3>\n<ul>\n<li><strong>Wycieki p\u0142yn\u00f3w:<\/strong> Mo\u017ce to by\u0107 spowodowane zu\u017cytymi uszczelkami lub uszkodzonymi elementami. Regularne kontrole mog\u0105 pom\u00f3c we wczesnym wykryciu wyciek\u00f3w.<\/li>\n<li><strong>Nieodpowiadaj\u0105cy cylinder:<\/strong> Mo\u017ce to oznacza\u0107 niski poziom p\u0142ynu hydraulicznego lub obecno\u015b\u0107 powietrza w uk\u0142adzie, co mo\u017ce zak\u0142\u00f3ci\u0107 normaln\u0105 prac\u0119 urz\u0105dzenia.<\/li>\n<li><strong>Przegrzanie:<\/strong> Nadmierne ciep\u0142o mo\u017ce by\u0107 wynikiem niewystarczaj\u0105cego smarowania lub przeci\u0105\u017cenia. W takim przypadku nale\u017cy natychmiast podj\u0105\u0107 dzia\u0142ania, aby zapobiec uszkodzeniom.<\/li>\n<\/ul>\n<h3>Wskaz\u00f3wki dotycz\u0105ce rozwi\u0105zywania problem\u00f3w<\/h3>\n<p>Aby skutecznie rozwi\u0105za\u0107 problemy, nale\u017cy zacz\u0105\u0107 od identyfikacji objaw\u00f3w. W przypadku wyciek\u00f3w p\u0142ynu, nale\u017cy sprawdzi\u0107 uszczelki i z\u0142\u0105czki pod k\u0105tem uszkodze\u0144. W przypadku braku reakcji cylindr\u00f3w, nale\u017cy sprawdzi\u0107 poziom p\u0142ynu i w razie potrzeby odpowietrzy\u0107 uk\u0142ad. W przypadku przegrzania nale\u017cy sprawdzi\u0107 procedury smarowania i upewni\u0107 si\u0119, \u017ce uk\u0142ad nie jest przeci\u0105\u017cony.<\/p>\n<p>Regularne przegl\u0105dy i konserwacje mog\u0105 pom\u00f3c zapobiec wyst\u0105pieniu tych problem\u00f3w. Szkolenie operator\u00f3w w zakresie prawid\u0142owego u\u017cytkowania i konserwacji dodatkowo minimalizuje potencjalne problemy, zapewniaj\u0105c wydajn\u0105 prac\u0119 uk\u0142adu hydraulicznego.<\/p>\n<p><img decoding=\"async\" src=\"https:\/\/www.hydraulic-cylinders.net\/wp-content\/uploads\/2025\/04\/songte-bushings-with-all-kinds-of-excavator-models.webp\" alt=\"Tuleje do modeli koparek\"><\/p>\n<h2>Przegl\u0105d firmy<\/h2>\n<p>Jeste\u015bmy wiod\u0105cym producentem zamiennych cylindr\u00f3w hydraulicznych, oferuj\u0105cym szerok\u0105 gam\u0119 produkt\u00f3w zar\u00f3wno na rynek krajowy, jak i mi\u0119dzynarodowy. Nasze d\u0105\u017cenie do doskona\u0142o\u015bci motywuje nas do stosowania skrupulatnych strategii produkcyjnych, wykorzystuj\u0105cych zaawansowane technologie i wykwalifikowanych specjalist\u00f3w, aby zwi\u0119kszy\u0107 nasze mo\u017cliwo\u015bci produkcyjne.<\/p>\n<p>Nasze najnowocze\u015bniejsze zak\u0142ady produkcyjne gwarantuj\u0105 wysok\u0105 wydajno\u015b\u0107, precyzj\u0119 i jako\u015b\u0107 w ca\u0142ym procesie produkcyjnym. Priorytetem jest dla nas zadowolenie klienta, dlatego oferujemy us\u0142ugi dostosowane do indywidualnych potrzeb, poparte mi\u0119dzynarodowymi certyfikatami, kt\u00f3re potwierdzaj\u0105 nasze zaanga\u017cowanie w przestrzeganie standard\u00f3w jako\u015bci.<\/p>\n<p>Dzi\u0119ki solidnemu wsparciu posprzeda\u017cowemu zapewniamy naszym klientom sta\u0142\u0105 pomoc i budujemy d\u0142ugotrwa\u0142e relacje oparte na zaufaniu i niezawodno\u015bci.<\/p>\n<p><img decoding=\"async\" src=\"https:\/\/www.hydraulic-cylinders.net\/wp-content\/uploads\/2025\/04\/songte-company-4.webp\" alt=\"Przegl\u0105d firmy\"><br \/>\n<img decoding=\"async\" src=\"https:\/\/www.hydraulic-cylinders.net\/wp-content\/uploads\/2025\/04\/songte-company-3.webp\" alt=\"Proces produkcyjny firmy\"><\/p>\n<p>Autor: lyl<\/p>","protected":false},"excerpt":{"rendered":"<p>Boom Cylinder For XGMA Middle Excavator XG822EL Product Overview The Boom Cylinder for XGMA Middle Excavator XG822EL is a crucial component in the hydraulic system of excavators. This hydraulic cylinder is specifically designed to control the movement of the boom arm, enabling efficient lifting, lowering, and tilting of the bucket. It plays a vital role [&hellip;]<\/p>","protected":false},"featured_media":17868,"comment_status":"open","ping_status":"closed","template":"","meta":{"_et_pb_use_builder":"","_et_pb_old_content":"","_et_gb_content_width":""},"product_brand":[],"product_cat":[1546],"product_tag":[1547,1496],"class_list":{"0":"post-19318","1":"product","2":"type-product","3":"status-publish","4":"has-post-thumbnail","6":"product_cat-boom-cylinders","7":"product_tag-boom-cylinders","8":"product_tag-hydraulic-cylinders","10":"first","11":"instock","12":"shipping-taxable","13":"product-type-simple"},"amp_enabled":true,"_links":{"self":[{"href":"https:\/\/www.hydraulic-cylinders.net\/pl\/wp-json\/wp\/v2\/product\/19318","targetHints":{"allow":["GET"]}}],"collection":[{"href":"https:\/\/www.hydraulic-cylinders.net\/pl\/wp-json\/wp\/v2\/product"}],"about":[{"href":"https:\/\/www.hydraulic-cylinders.net\/pl\/wp-json\/wp\/v2\/types\/product"}],"replies":[{"embeddable":true,"href":"https:\/\/www.hydraulic-cylinders.net\/pl\/wp-json\/wp\/v2\/comments?post=19318"}],"wp:featuredmedia":[{"embeddable":true,"href":"https:\/\/www.hydraulic-cylinders.net\/pl\/wp-json\/wp\/v2\/media\/17868"}],"wp:attachment":[{"href":"https:\/\/www.hydraulic-cylinders.net\/pl\/wp-json\/wp\/v2\/media?parent=19318"}],"wp:term":[{"taxonomy":"product_brand","embeddable":true,"href":"https:\/\/www.hydraulic-cylinders.net\/pl\/wp-json\/wp\/v2\/product_brand?post=19318"},{"taxonomy":"product_cat","embeddable":true,"href":"https:\/\/www.hydraulic-cylinders.net\/pl\/wp-json\/wp\/v2\/product_cat?post=19318"},{"taxonomy":"product_tag","embeddable":true,"href":"https:\/\/www.hydraulic-cylinders.net\/pl\/wp-json\/wp\/v2\/product_tag?post=19318"}],"curies":[{"name":"wp","href":"https:\/\/api.w.org\/{rel}","templated":true}]}}