{"id":19323,"date":"2025-04-07T06:26:57","date_gmt":"2025-04-07T06:26:57","guid":{"rendered":"https:\/\/www.hydraulic-cylinders.net\/product\/boom-cylinder-for-xgma-wheel-excavator-xg806w\/"},"modified":"2025-04-07T06:27:00","modified_gmt":"2025-04-07T06:27:00","slug":"boom-cylinder-for-xgma-wheel-excavator-xg806w","status":"publish","type":"product","link":"https:\/\/www.hydraulic-cylinders.net\/pl\/produkt\/boom-cylinder-for-xgma-wheel-excavator-xg806w\/","title":{"rendered":"Si\u0142ownik wysi\u0119gnika do koparki ko\u0142owej XGMA XG806W"},"content":{"rendered":"<h1>Si\u0142ownik wysi\u0119gnika do koparki ko\u0142owej XGMA XG806W<\/h1>\n<h2>Wprowadzenie do cylindra wysi\u0119gnika<\/h2>\n<p>Si\u0142ownik wysi\u0119gnika to kluczowy element hydrauliczny zaprojektowany specjalnie do koparki ko\u0142owej XGMA XG806W. Ten si\u0142ownik hydrauliczny u\u0142atwia ruch wysi\u0119gnika koparki, umo\u017cliwiaj\u0105c wydajne kopanie, podnoszenie i przenoszenie materia\u0142\u00f3w. Umo\u017cliwia wysuwanie, wsuwanie i przechylanie wysi\u0119gnika, co czyni go integraln\u0105 cz\u0119\u015bci\u0105 uk\u0142adu hydraulicznego.<\/p>\n<p><img decoding=\"async\" src=\"https:\/\/www.hydraulic-cylinders.net\/wp-content\/uploads\/2025\/04\/songte-company-1.webp\" alt=\"Si\u0142ownik wysi\u0119gnika\"><\/p>\n<h3>Definicja i przegl\u0105d cylindra kube\u0142kowego<\/h3>\n<p>Si\u0142ownik \u0142y\u017cki to rodzaj si\u0142ownika hydraulicznego, kt\u00f3ry jest niezb\u0119dny do sterowania ruchem \u0142y\u017cek r\u00f3\u017cnych ci\u0119\u017ckich maszyn, takich jak koparki, koparko-\u0142adowarki i \u0142adowarki czo\u0142owe. Mechanizm ten umo\u017cliwia operatorom efektywne wykonywanie szeregu zada\u0144 zwi\u0105zanych z prze\u0142adunkiem materia\u0142\u00f3w. Konstrukcja tych si\u0142ownik\u00f3w ma kluczowe znaczenie dla zapewnienia p\u0142ynnej pracy, trwa\u0142o\u015bci i niezawodno\u015bci przy du\u017cych obci\u0105\u017ceniach.<\/p>\n<h2>G\u0142\u00f3wne cechy cylindra wysi\u0119gnika<\/h2>\n<ul>\n<li><strong>Wysoka wytrzyma\u0142o\u015b\u0107 i trwa\u0142o\u015b\u0107:<\/strong> Si\u0142ownik wysi\u0119gnika, zazwyczaj wykonany z wytrzyma\u0142ej stali lub aluminium, wytrzymuje du\u017ce ci\u015bnienie i obci\u0105\u017cenia, przystosowuj\u0105c si\u0119 do trudnych warunk\u00f3w pracy, a jednocze\u015bnie jest odporny na zu\u017cycie i korozj\u0119, co wyd\u0142u\u017ca jego \u017cywotno\u015b\u0107.<\/li>\n<li><strong>Wydajna praca uk\u0142adu hydraulicznego:<\/strong> Wykorzystuj\u0105c ci\u015bnienie oleju hydraulicznego, umo\u017cliwia p\u0142ynne ruchy wysuwania i wsuwania, szybko reaguje na polecenia operatora i zapewnia znaczn\u0105 si\u0142\u0119 pchania i ci\u0105gni\u0119cia, idealn\u0105 do wykonywania ci\u0119\u017ckich i skomplikowanych zada\u0144.<\/li>\n<li><strong>R\u00f3\u017cne typy:<\/strong> Dost\u0119pne w konfiguracji jednostronnego dzia\u0142ania (dzia\u0142aj\u0105ce hydraulicznie w jednym kierunku) lub dwustronnego dzia\u0142ania (dzia\u0142aj\u0105ce hydraulicznie w obu kierunkach), niekt\u00f3re modele s\u0105 teleskopowe, co pozwala na wi\u0119ksze wysuni\u0119cie bez zwi\u0119kszania wymiar\u00f3w zewn\u0119trznych, co jest idealne w przypadku zastosowa\u0144 o ograniczonej przestrzeni.<\/li>\n<\/ul>\n<h3>Idealny zamiennik cylindr\u00f3w hydraulicznych<\/h3>\n<p>Produkujemy ten produkt, aby idealnie zast\u0105pi\u0107 istniej\u0105ce si\u0142owniki hydrauliczne. Nasze precyzyjnie zaprojektowane komponenty zapewniaj\u0105 bezproblemow\u0105 integracj\u0119 z obecnymi maszynami.<\/p>\n<p><img decoding=\"async\" src=\"https:\/\/www.hydraulic-cylinders.net\/wp-content\/uploads\/2025\/04\/songte-cylinder-head-with-all-kinds-excavator-models.webp\" alt=\"Zamienny cylinder hydrauliczny\"><\/p>\n<h2>Zastosowania cylindra wysi\u0119gnika<\/h2>\n<h3>Sprz\u0119t budowlany<\/h3>\n<p>W koparkach si\u0142ownik wysi\u0119gnika jest niezb\u0119dny do kopania, za\u0142adunku i transportu gleby lub gruzu. Umo\u017cliwia on wykonywanie ruch\u00f3w roboczych z du\u017c\u0105 si\u0142\u0105, co czyni go niezb\u0119dnym podczas prac budowlanych.<\/p>\n<h3>Maszyny rolnicze<\/h3>\n<p>W \u0142adowarkach czo\u0142owych si\u0142ownik wysi\u0119gnika ma kluczowe znaczenie dla nabierania, podnoszenia i transportu ziemi, siana i innych materia\u0142\u00f3w. Zwi\u0119ksza wydajno\u015b\u0107 w gospodarstwach rolnych, umo\u017cliwiaj\u0105c szybkie i wydajne przenoszenie materia\u0142\u00f3w.<\/p>\n<h3>Koparki<\/h3>\n<p>W koparkach si\u0142ownik wysi\u0119gnika umo\u017cliwia \u0142y\u017cce penetracj\u0119 gruntu, zapewniaj\u0105c efektywne kopanie. Ta funkcjonalno\u015b\u0107 jest niezb\u0119dna w przypadku r\u00f3\u017cnych projekt\u00f3w wykopaliskowych, zwi\u0119kszaj\u0105c wydajno\u015b\u0107 operacyjn\u0105.<\/p>\n<h3>\u0141adowarki<\/h3>\n<p>W \u0142adowarkach czo\u0142owych si\u0142owniki wysi\u0119gnika wspomagaj\u0105 wydajne podnoszenie i zrzucanie \u0142adunk\u00f3w. Ta funkcja jest niezb\u0119dna w zastosowaniach budowlanych i przemys\u0142owych, gdzie cz\u0119sto zachodzi potrzeba przenoszenia materia\u0142\u00f3w.<\/p>\n<h2>Zagadnienia projektowe i kryteria wyboru<\/h2>\n<h3>No\u015bno\u015b\u0107<\/h3>\n<p>No\u015bno\u015b\u0107 si\u0142ownika wysi\u0119gnika okre\u015bla jego zdolno\u015b\u0107 do bezpiecznego przenoszenia okre\u015blonych ci\u0119\u017car\u00f3w. Prawid\u0142owe obliczenia obci\u0105\u017cenia zapewniaj\u0105, \u017ce si\u0142ownik dzia\u0142a w dopuszczalnych granicach, zapobiegaj\u0105c uszkodzeniom konstrukcji.<\/p>\n<h3>Opiecz\u0119towanie<\/h3>\n<p>Skuteczne uszczelnienie jest kluczowe dla utrzymania ci\u015bnienia hydraulicznego i zapobiegania wyciekom p\u0142ynu. Wysokiej jako\u015bci uszczelki, takie jak pier\u015bcienie uszczelniaj\u0105ce t\u0142oka i uszczelki t\u0142oczyska, s\u0105 niezb\u0119dne dla optymalnej wydajno\u015bci i trwa\u0142o\u015bci.<\/p>\n<h3>Trwa\u0142o\u015b\u0107<\/h3>\n<p>Trwa\u0142o\u015b\u0107 ma kluczowe znaczenie w trudnych warunkach pracy. Wyb\u00f3r materia\u0142\u00f3w i konstrukcji odpornych na zu\u017cycie i korozj\u0119 znacznie wyd\u0142u\u017ca \u017cywotno\u015b\u0107 si\u0142ownik\u00f3w wysi\u0119gnika, zmniejszaj\u0105c cz\u0119stotliwo\u015b\u0107 ich wymiany.<\/p>\n<h3>Bezpiecze\u0144stwo<\/h3>\n<p>Aby chroni\u0107 operator\u00f3w podczas pracy, konstrukcja musi by\u0107 zintegrowana z funkcjami bezpiecze\u0144stwa. Obejmuje to takie elementy, jak zawory bezpiecze\u0144stwa i mechanizmy zabezpieczaj\u0105ce przed przeci\u0105\u017ceniem, zapewniaj\u0105ce bezpieczne dzia\u0142anie.<\/p>\n<h3>Konserwacja<\/h3>\n<p>Zaprojektowane z my\u015bl\u0105 o \u0142atwej konserwacji, u\u0142atwiaj\u0105 regularne kontrole i serwisowanie, zapewniaj\u0105c, \u017ce si\u0142ownik wysi\u0119gnika pozostaje w optymalnym stanie i zmniejszaj\u0105c przestoje maszyn.<\/p>\n<p><img decoding=\"async\" src=\"https:\/\/www.hydraulic-cylinders.net\/wp-content\/uploads\/2025\/04\/songte-oil-pipes-and-spare-parts.webp\" alt=\"Elementy hydrauliczne\"><\/p>\n<h2>Uszczelnianie i smarowanie<\/h2>\n<p>Skuteczne uszczelnienie i smarowanie maj\u0105 kluczowe znaczenie dla wydajno\u015bci si\u0142ownika wysi\u0119gnika. Stosowane s\u0105 r\u00f3\u017cne elementy uszczelniaj\u0105ce, takie jak pier\u015bcienie uszczelniaj\u0105ce t\u0142oka i uszczelnienia t\u0142oczyska, cz\u0119sto wykonane z trwa\u0142ych materia\u0142\u00f3w, takich jak poliuretan i kauczuk nitrylowy. Korpus si\u0142ownika i gwintowane powierzchnie ko\u0144cowe poddawane s\u0105 precyzyjnej obr\u00f3bce w celu zwi\u0119kszenia odporno\u015bci na zu\u017cycie. Regularna konserwacja, w tym uzupe\u0142nianie oleju hydraulicznego w celu smarowania, jest niezb\u0119dna dla zapewnienia p\u0142ynnego dzia\u0142ania i zapobiegania uszkodzeniom.<\/p>\n<h2>\u015arodki konserwacji zapobiegawczej<\/h2>\n<ul>\n<li><strong>Regularne kontrole:<\/strong> Przeprowadzaj rutynowe kontrole, aby zidentyfikowa\u0107 oznaki zu\u017cycia lub wyciek\u00f3w. Wczesne wykrycie mo\u017ce zapobiec powa\u017cniejszym problemom w przysz\u0142o\u015bci.<\/li>\n<li><strong>Prawid\u0142owe smarowanie:<\/strong> Upewnij si\u0119, \u017ce olej hydrauliczny jest nape\u0142niony do zalecanego poziomu i \u017ce wszystkie ruchome cz\u0119\u015bci s\u0105 odpowiednio nasmarowane, aby zminimalizowa\u0107 tarcie.<\/li>\n<li><strong>Wymiana uszczelki:<\/strong> Monitoruj stan uszczelek i wymieniaj je, gdy pojawi\u0105 si\u0119 oznaki zu\u017cycia. Pomaga to utrzyma\u0107 integralno\u015b\u0107 i wydajno\u015b\u0107 systemu.<\/li>\n<\/ul>\n<h2>Wytyczne dotycz\u0105ce instalacji<\/h2>\n<p>Prawid\u0142owy monta\u017c si\u0142ownika wysi\u0119gnika ma kluczowe znaczenie dla jego wydajno\u015bci. Na pocz\u0105tek upewnij si\u0119, \u017ce wszystkie komponenty s\u0105 czyste i wolne od zanieczyszcze\u0144. Prawid\u0142owo ustaw si\u0142ownik, aby zapobiec jego przesuni\u0119ciu, kt\u00f3re mo\u017ce prowadzi\u0107 do przedwczesnego zu\u017cycia. U\u017cyj odpowiednich wspornik\u00f3w monta\u017cowych, aby zabezpieczy\u0107 si\u0142ownik na miejscu, zapewniaj\u0105c stabilno\u015b\u0107 podczas pracy. Przestrzegaj zalece\u0144 producenta dotycz\u0105cych momentu obrotowego, aby unikn\u0105\u0107 uszkodze\u0144. Po monta\u017cu sprawd\u017a poziom p\u0142ynu hydraulicznego i przetestuj system, aby potwierdzi\u0107 jego prawid\u0142owe dzia\u0142anie.<\/p>\n<h2>Typowe zadania konserwacyjne<\/h2>\n<ul>\n<li><strong>Regularne kontrole:<\/strong> Regularnie przeprowadzaj kontrole w celu wykrycia wyciek\u00f3w lub zu\u017cycia. To proaktywne podej\u015bcie mo\u017ce zapobiec kosztownym naprawom.<\/li>\n<li><strong>W\u0142a\u015bciwe smarowanie:<\/strong> Regularnie smaruj wszystkie ruchome cz\u0119\u015bci, aby zapewni\u0107 p\u0142ynn\u0105 prac\u0119 i zapobiec zu\u017cyciu podzespo\u0142\u00f3w.<\/li>\n<li><strong>Wymiana uszczelki:<\/strong> Regularnie sprawdzaj stan uszczelnie\u0144 i wymieniaj je w razie potrzeby, aby zachowa\u0107 integralno\u015b\u0107 hydrauliczn\u0105.<\/li>\n<\/ul>\n<h2>Zagadnienia bezpiecze\u0144stwa i czynniki \u015brodowiskowe<\/h2>\n<p>Wdro\u017cenie \u015brodk\u00f3w bezpiecze\u0144stwa podczas u\u017cytkowania si\u0142ownik\u00f3w wysi\u0119gnika jest niezb\u0119dne dla ochrony operator\u00f3w i sprz\u0119tu. Obejmuje to przeszkolenie personelu w zakresie prawid\u0142owej obs\u0142ugi i technik operacyjnych, zapewnienie, \u017ce wszystkie os\u0142ony bezpiecze\u0144stwa s\u0105 na swoim miejscu oraz utrzymanie czystego \u015brodowiska pracy w celu zapobiegania wypadkom.<\/p>\n<h2>Rozwi\u0105zywanie problem\u00f3w i typowe problemy<\/h2>\n<ul>\n<li><strong>Przeciek:<\/strong> Mo\u017ce to wskazywa\u0107 na zu\u017cycie uszczelek. Sprawd\u017a i wymie\u0144 uszczelki w razie potrzeby, aby przywr\u00f3ci\u0107 ich dzia\u0142anie.<\/li>\n<li><strong>Powolna praca:<\/strong> Mo\u017ce to by\u0107 spowodowane niskim poziomem p\u0142ynu hydraulicznego lub zanieczyszczeniem. Sprawd\u017a poziom p\u0142ynu i wymie\u0144 go w razie potrzeby.<\/li>\n<li><strong>Nadmierny ha\u0142as:<\/strong> Nietypowe d\u017awi\u0119ki mog\u0105 sygnalizowa\u0107 problemy mechaniczne. Zbadaj przyczyn\u0119 i niezw\u0142ocznie zajmij si\u0119 problemem.<\/li>\n<\/ul>\n<h2>Wskaz\u00f3wki dotycz\u0105ce rozwi\u0105zywania b\u0142\u0119d\u00f3w<\/h2>\n<p>Aby skutecznie rozwi\u0105za\u0107 problemy, zacznij od systematycznej diagnostyki. W przypadku wycieku zidentyfikuj \u017ar\u00f3d\u0142o i wymie\u0144 uszczelki. W przypadku spowolnienia pracy sprawd\u017a poziom p\u0142yn\u00f3w i stan filtra. Wdra\u017caj \u015brodki zapobiegawcze, takie jak regularne przegl\u0105dy konserwacyjne i terminowe naprawy, aby zminimalizowa\u0107 ryzyko wyst\u0105pienia problem\u00f3w w przysz\u0142o\u015bci.<\/p>\n<p><img decoding=\"async\" src=\"https:\/\/www.hydraulic-cylinders.net\/wp-content\/uploads\/2025\/04\/songte-bushings-with-all-kinds-of-excavator-models.webp\" alt=\"Tuleje koparki\"><\/p>\n<h2>O naszej firmie<\/h2>\n<p>Jeste\u015bmy wiod\u0105cym producentem zamiennych si\u0142ownik\u00f3w hydraulicznych, oferuj\u0105cym szerok\u0105 gam\u0119 produkt\u00f3w, dzi\u0119ki kt\u00f3rej stali\u015bmy si\u0119 jednym z czo\u0142owych producent\u00f3w i hurtownik\u00f3w na rynku krajowym i mi\u0119dzynarodowym. Kierujemy si\u0119 strategi\u0105 doskona\u0142o\u015bci jako\u015bci, wspieran\u0105 przez zaawansowane procesy produkcyjne. Nasze zaanga\u017cowanie w rozw\u00f3j technologiczny i wykorzystanie zaawansowanych, cyfrowych urz\u0105dze\u0144 produkcyjnych gwarantuje nam ci\u0105g\u0142e doskonalenie naszych mo\u017cliwo\u015bci produkcyjnych, zaspokajaj\u0105c zr\u00f3\u017cnicowane potrzeby klient\u00f3w poprzez wysok\u0105 wydajno\u015b\u0107, precyzj\u0119 i jako\u015b\u0107.<\/p>\n<h3>Nasza wiedza specjalistyczna<\/h3>\n<ul>\n<li><strong>Profesjonalizm:<\/strong> Nasz zesp\u00f3\u0142 posiada bogate do\u015bwiadczenie w zakresie uk\u0142ad\u00f3w hydraulicznych, co gwarantuje rozw\u00f3j produkt\u00f3w najwy\u017cszej klasy.<\/li>\n<li><strong>Certyfikaty mi\u0119dzynarodowe:<\/strong> Przestrzegamy mi\u0119dzynarodowych norm, co gwarantuje, \u017ce nasze produkty spe\u0142niaj\u0105 \u015bwiatowe wymogi jako\u015bciowe.<\/li>\n<li><strong>Us\u0142ugi dostosowane do indywidualnych potrzeb:<\/strong> Oferujemy rozwi\u0105zania dostosowane do indywidualnych potrzeb klient\u00f3w, zwi\u0119kszaj\u0105c tym samym poziom ich zadowolenia.<\/li>\n<li><strong>Zaawansowany sprz\u0119t produkcyjny:<\/strong> Nasz najnowocze\u015bniejszy park maszynowy pozwala na precyzyjn\u0105 produkcj\u0119 i wysok\u0105 jako\u015b\u0107 produkt\u00f3w.<\/li>\n<li><strong>Wsparcie posprzeda\u017cowe:<\/strong> Zapewniamy solidne us\u0142ugi wsparcia, gwarantuj\u0105c zadowolenie klienta i ci\u0105g\u0142\u0105 wydajno\u015b\u0107 operacyjn\u0105.<\/li>\n<\/ul>\n<p><img decoding=\"async\" src=\"https:\/\/www.hydraulic-cylinders.net\/wp-content\/uploads\/2025\/04\/songte-company-4.webp\" alt=\"Przegl\u0105d firmy\"><br \/>\n<img decoding=\"async\" src=\"https:\/\/www.hydraulic-cylinders.net\/wp-content\/uploads\/2025\/04\/songte-company-3.webp\" alt=\"Obiekty firmy\"><\/p>\n<p>Autor: lyl<\/p>","protected":false},"excerpt":{"rendered":"<p>Boom Cylinder For XGMA Wheel Excavator XG806W Introduction to Boom Cylinder The Boom Cylinder is a crucial hydraulic component specifically designed for the XGMA Wheel Excavator XG806W. This hydraulic cylinder facilitates the movement of the excavator&#8217;s boom, allowing for efficient digging, lifting, and material handling tasks. It enables the boom to extend, retract, and tilt, [&hellip;]<\/p>","protected":false},"featured_media":17873,"comment_status":"open","ping_status":"closed","template":"","meta":{"_et_pb_use_builder":"","_et_pb_old_content":"","_et_gb_content_width":""},"product_brand":[],"product_cat":[1546],"product_tag":[1547,1496],"class_list":{"0":"post-19323","1":"product","2":"type-product","3":"status-publish","4":"has-post-thumbnail","6":"product_cat-boom-cylinders","7":"product_tag-boom-cylinders","8":"product_tag-hydraulic-cylinders","10":"first","11":"instock","12":"shipping-taxable","13":"product-type-simple"},"amp_enabled":true,"_links":{"self":[{"href":"https:\/\/www.hydraulic-cylinders.net\/pl\/wp-json\/wp\/v2\/product\/19323","targetHints":{"allow":["GET"]}}],"collection":[{"href":"https:\/\/www.hydraulic-cylinders.net\/pl\/wp-json\/wp\/v2\/product"}],"about":[{"href":"https:\/\/www.hydraulic-cylinders.net\/pl\/wp-json\/wp\/v2\/types\/product"}],"replies":[{"embeddable":true,"href":"https:\/\/www.hydraulic-cylinders.net\/pl\/wp-json\/wp\/v2\/comments?post=19323"}],"wp:featuredmedia":[{"embeddable":true,"href":"https:\/\/www.hydraulic-cylinders.net\/pl\/wp-json\/wp\/v2\/media\/17873"}],"wp:attachment":[{"href":"https:\/\/www.hydraulic-cylinders.net\/pl\/wp-json\/wp\/v2\/media?parent=19323"}],"wp:term":[{"taxonomy":"product_brand","embeddable":true,"href":"https:\/\/www.hydraulic-cylinders.net\/pl\/wp-json\/wp\/v2\/product_brand?post=19323"},{"taxonomy":"product_cat","embeddable":true,"href":"https:\/\/www.hydraulic-cylinders.net\/pl\/wp-json\/wp\/v2\/product_cat?post=19323"},{"taxonomy":"product_tag","embeddable":true,"href":"https:\/\/www.hydraulic-cylinders.net\/pl\/wp-json\/wp\/v2\/product_tag?post=19323"}],"curies":[{"name":"wp","href":"https:\/\/api.w.org\/{rel}","templated":true}]}}