{"id":19324,"date":"2025-04-07T06:27:00","date_gmt":"2025-04-07T06:27:00","guid":{"rendered":"https:\/\/www.hydraulic-cylinders.net\/product\/boom-cylinder-for-xgma-wheel-excavator-xg807w\/"},"modified":"2025-04-07T06:27:02","modified_gmt":"2025-04-07T06:27:02","slug":"boom-cylinder-for-xgma-wheel-excavator-xg807w","status":"publish","type":"product","link":"https:\/\/www.hydraulic-cylinders.net\/pl\/produkt\/boom-cylinder-for-xgma-wheel-excavator-xg807w\/","title":{"rendered":"Si\u0142ownik wysi\u0119gnika do koparki ko\u0142owej XGMA XG807W"},"content":{"rendered":"<h1>Si\u0142ownik wysi\u0119gnika do koparki ko\u0142owej XGMA XG807W<\/h1>\n<h2>Definicja i przegl\u0105d cylindr\u00f3w kube\u0142kowych<\/h2>\n<p>Si\u0142ownik wysi\u0119gnika to integralny element zaprojektowany specjalnie do sterowania ruchem \u0142y\u017cek w r\u00f3\u017cnych maszynach ci\u0119\u017ckich, takich jak koparki, koparko-\u0142adowarki i \u0142adowarki czo\u0142owe. Ten si\u0142ownik hydrauliczny umo\u017cliwia podnoszenie, opuszczanie i przechylanie \u0142y\u017cki, u\u0142atwiaj\u0105c wydajne zadania zwi\u0105zane z prze\u0142adunkiem materia\u0142\u00f3w. W uk\u0142adach hydraulicznych si\u0142owniki \u0142y\u017cki odgrywaj\u0105 kluczow\u0105 rol\u0119, przekszta\u0142caj\u0105c ci\u015bnienie p\u0142ynu hydraulicznego w si\u0142\u0119 mechaniczn\u0105, umo\u017cliwiaj\u0105c operatorom wykonywanie z\u0142o\u017conych ruch\u00f3w z precyzj\u0105 i \u0142atwo\u015bci\u0105.<\/p>\n<p><img decoding=\"async\" src=\"https:\/\/www.hydraulic-cylinders.net\/wp-content\/uploads\/2025\/04\/songte-company-1.webp\" alt=\"Obraz cylindra hydraulicznego\"><\/p>\n<p>Dzi\u0119ki zastosowaniu oleju hydraulicznego si\u0142owniki te zapewniaj\u0105 p\u0142ynn\u0105 i wydajn\u0105 prac\u0119, niezb\u0119dn\u0105 do zada\u0144 wymagaj\u0105cych podnoszenia i manewrowania ci\u0119\u017ckimi \u0142adunkami. Konstrukcja uwzgl\u0119dnia wysok\u0105 trwa\u0142o\u015b\u0107 i odporno\u015b\u0107 na zu\u017cycie, gwarantuj\u0105c wytrzyma\u0142o\u015b\u0107 si\u0142ownika w trudnych warunkach pracy przy jednoczesnym zachowaniu wydajno\u015bci operacyjnej. Zdolno\u015b\u0107 si\u0142ownika wysi\u0119gnika do pracy pod ci\u015bnieniem sprawia, \u017ce \u200b\u200bjest on niezb\u0119dnym elementem wyposa\u017cenia w sektorze budowlanym i rolniczym.<\/p>\n<h2>Cechy cylindra wysi\u0119gnika<\/h2>\n<ul>\n<li><strong>Wysoka wytrzyma\u0142o\u015b\u0107 i trwa\u0142o\u015b\u0107:<\/strong> Wykonane z wysokowytrzyma\u0142ej stali lub aluminium, wytrzymuj\u0105 wysokie ci\u015bnienie i du\u017ce obci\u0105\u017cenia, a jednocze\u015bnie s\u0105 przystosowane do trudnych warunk\u00f3w pracy. Zaprojektowane z my\u015bl\u0105 o odporno\u015bci na zu\u017cycie i korozj\u0119, co wyd\u0142u\u017ca ich \u017cywotno\u015b\u0107.<\/li>\n<li><strong>Wydajna praca uk\u0142adu hydraulicznego:<\/strong> Wykorzystuje ci\u015bnienie oleju hydraulicznego do p\u0142ynnego wysuwania i wsuwania, szybko reaguje na polecenia steruj\u0105ce i zapewnia du\u017c\u0105 si\u0142\u0119 pchania i ci\u0105gni\u0119cia, co czyni go odpowiednim do przenoszenia ci\u0119\u017ckich materia\u0142\u00f3w i skomplikowanych zada\u0144.<\/li>\n<li><strong>R\u00f3\u017cne typy:<\/strong> Dost\u0119pne w konfiguracji jednostronnego dzia\u0142ania (wykorzystuj\u0105cej si\u0142\u0119 hydrauliczn\u0105 w jednym kierunku) i dwustronnego dzia\u0142ania (wykorzystuj\u0105cej si\u0142\u0119 hydrauliczn\u0105 w obu kierunkach), aby sprosta\u0107 zr\u00f3\u017cnicowanym potrzebom operacyjnym. Niekt\u00f3re modele s\u0105 teleskopowe, co pozwala na wi\u0119ksze wysuni\u0119cie bez zwi\u0119kszania wymiar\u00f3w zewn\u0119trznych, co jest idealne do zastosowa\u0144 w ograniczonej przestrzeni.<\/li>\n<li><strong>Rozwi\u0105zania dostosowywane do indywidualnych potrzeb:<\/strong> Jeste\u015bmy w stanie wyprodukowa\u0107 ten produkt, a nasza oferta doskonale zast\u0119puje r\u00f3\u017cnorodne si\u0142owniki hydrauliczne. Nasze mo\u017cliwo\u015bci produkcyjne pozwalaj\u0105 na tworzenie rozwi\u0105za\u0144 dostosowanych do specyficznych wymaga\u0144 maszyn.<\/li>\n<li><strong>Zapewnienie jako\u015bci:<\/strong> Ka\u017cdy si\u0142ownik wysi\u0119gnika przechodzi rygorystyczne testy w celu zapewnienia niezawodno\u015bci i wydajno\u015bci, zgodnie ze standardami bran\u017cowymi w zakresie bezpiecze\u0144stwa i wydajno\u015bci.<\/li>\n<\/ul>\n<p><img decoding=\"async\" src=\"https:\/\/www.hydraulic-cylinders.net\/wp-content\/uploads\/2025\/04\/songte-cylinder-head-with-all-kinds-excavator-models.webp\" alt=\"Modele koparek Obraz\"><\/p>\n<h2>Scenariusze zastosowa\u0144 cylindra wysi\u0119gnika<\/h2>\n<h3>Sprz\u0119t budowlany<\/h3>\n<p>W koparkach si\u0142owniki wysi\u0119gnika s\u0105 niezb\u0119dne do kopania, za\u0142adunku i przemieszczania gleby lub gruzu. Zapewniaj\u0105 one niezb\u0119dn\u0105 si\u0142\u0119 do penetracji gruntu, zwi\u0119kszaj\u0105c wydajno\u015b\u0107 i efektywno\u015b\u0107 wykop\u00f3w. Mo\u017cliwo\u015b\u0107 podnoszenia i przechylania \u0142y\u017cki pozwala na precyzyjn\u0105 kontrol\u0119 podczas przemieszczania materia\u0142\u00f3w, zwi\u0119kszaj\u0105c wydajno\u015b\u0107 na placach budowy.<\/p>\n<h3>Maszyny rolnicze<\/h3>\n<p>W \u0142adowarkach czo\u0142owych si\u0142ownik wysi\u0119gnika u\u0142atwia za\u0142adunek, podnoszenie i transport ziemi, siana i innych materia\u0142\u00f3w. Jego niezawodne dzia\u0142anie jest kluczowe w przypadku zada\u0144 takich jak karmienie zwierz\u0105t gospodarskich czy karczowanie p\u00f3l, gdzie wymagana jest szybko\u015b\u0107 i wydajno\u015b\u0107.<\/p>\n<h3>Koparki<\/h3>\n<p>Si\u0142ownik wysi\u0119gnika umo\u017cliwia koparkom wykonywanie prac kopania, umo\u017cliwiaj\u0105c \u0142y\u017cce g\u0142\u0119bokie zag\u0142\u0119bianie si\u0119 w gleb\u0119. Ta funkcja jest niezb\u0119dna w projektach budowlanych i ogrodniczych, gdzie precyzyjna g\u0142\u0119boko\u015b\u0107 wykopu jest niezb\u0119dna do po\u0142o\u017cenia fundament\u00f3w lub innych zastosowa\u0144.<\/p>\n<h3>\u0141adowarki<\/h3>\n<p>W \u0142adowarkach czo\u0142owych si\u0142owniki wysi\u0119gnika wspomagaj\u0105 efektywne podnoszenie i opr\u00f3\u017cnianie \u0142adunk\u00f3w. Zapewniaj\u0105 one moc potrzebn\u0105 do podnoszenia ci\u0119\u017ckich materia\u0142\u00f3w, gwarantuj\u0105c p\u0142ynn\u0105 prac\u0119 podczas za\u0142adunku ci\u0119\u017car\u00f3wek lub transportu materia\u0142\u00f3w na placu budowy.<\/p>\n<h2>Zagadnienia projektowe i kryteria wyboru<\/h2>\n<h3>No\u015bno\u015b\u0107<\/h3>\n<p>No\u015bno\u015b\u0107 si\u0142ownika wysi\u0119gnika jest kluczowym czynnikiem projektowym. Musi by\u0107 ona odpowiednia do konkretnych zada\u0144 i maszyn, z kt\u00f3rymi b\u0119dzie u\u017cywana. In\u017cynierowie obliczaj\u0105 wymagan\u0105 no\u015bno\u015b\u0107 na podstawie przewidywanych mas i si\u0142 wyst\u0119puj\u0105cych podczas pracy, zapewniaj\u0105c, \u017ce si\u0142ownik b\u0119dzie w stanie bezpiecznie ud\u017awign\u0105\u0107 obci\u0105\u017cenie bez ryzyka awarii.<\/p>\n<h3>Mo\u017cliwo\u015b\u0107 uszczelnienia<\/h3>\n<p>Skuteczne uszczelnienie jest niezb\u0119dne do prawid\u0142owego dzia\u0142ania si\u0142ownik\u00f3w hydraulicznych. Wysokiej jako\u015bci uszczelki zapobiegaj\u0105 wyciekom p\u0142ynu hydraulicznego, utrzymuj\u0105c ci\u015bnienie w uk\u0142adzie i zapewniaj\u0105c p\u0142ynn\u0105 prac\u0119. Uszczelnienia nale\u017cy dobiera\u0107 pod k\u0105tem ich kompatybilno\u015bci z p\u0142ynem hydraulicznym oraz odporno\u015bci na warunki pracy panuj\u0105ce w otoczeniu.<\/p>\n<h3>Trwa\u0142o\u015b\u0107<\/h3>\n<p>Trwa\u0142o\u015b\u0107 jest kluczowym czynnikiem w projektowaniu cylindr\u00f3w hydraulicznych. Zastosowane materia\u0142y musz\u0105 by\u0107 odporne na zu\u017cycie i uszkodzenia wynikaj\u0105ce z ci\u0105g\u0142ego ruchu i nara\u017cenia na trudne warunki atmosferyczne. Materia\u0142y i pow\u0142oki o wysokiej wytrzyma\u0142o\u015bci mog\u0105 zwi\u0119kszy\u0107 trwa\u0142o\u015b\u0107, wyd\u0142u\u017caj\u0105c \u017cywotno\u015b\u0107 cylindra.<\/p>\n<h3>Funkcje bezpiecze\u0144stwa<\/h3>\n<p>Bezpiecze\u0144stwo jest priorytetem w projektowaniu cylindr\u00f3w hydraulicznych. Zastosowanie takich funkcji jak zawory bezpiecze\u0144stwa mo\u017ce zapobiec przeci\u0105\u017ceniom i potencjalnym, katastrofalnym awariom. Te \u015brodki bezpiecze\u0144stwa s\u0105 niezb\u0119dne dla ochrony operator\u00f3w i sprz\u0119tu podczas pracy.<\/p>\n<h3>Utrzymywalno\u015b\u0107<\/h3>\n<p>Projektowanie z my\u015bl\u0105 o \u0142atwej konserwacji ma kluczowe znaczenie dla minimalizacji przestoj\u00f3w i wyd\u0142u\u017cenia \u017cywotno\u015bci sprz\u0119tu. Takie cechy, jak \u0142atwo dost\u0119pne smarowniczki i prosty demonta\u017c w celu dokonania napraw, s\u0105 kluczowymi elementami branymi pod uwag\u0119 w procesie projektowania.<\/p>\n<p><img decoding=\"async\" src=\"https:\/\/www.hydraulic-cylinders.net\/wp-content\/uploads\/2025\/04\/songte-oil-pipes-and-spare-parts.webp\" alt=\"Obraz cz\u0119\u015bci zamiennych do cylindra hydraulicznego\"><\/p>\n<h2>Uszczelnienie i smarowanie cylindra hydraulicznego<\/h2>\n<p>Uszczelnienie i smarowanie cylindr\u00f3w hydraulicznych ma kluczowe znaczenie dla utrzymania wydajno\u015bci i trwa\u0142o\u015bci. Aby zapobiec wyciekom p\u0142ynu hydraulicznego, stosuje si\u0119 r\u00f3\u017cne uszczelnienia, w tym uszczelnienia t\u0142oczysk i t\u0142oczysk. Uszczelnienia te s\u0105 zazwyczaj wykonane z trwa\u0142ych materia\u0142\u00f3w, takich jak poliuretan lub kauczuk nitrylowy, kt\u00f3re s\u0105 odporne na zu\u017cycie i \u015bcieranie. Prawid\u0142owy dob\u00f3r materia\u0142\u00f3w uszczelniaj\u0105cych ma kluczowe znaczenie, poniewa\u017c musz\u0105 one by\u0107 odporne na warunki pracy i rodzaj stosowanego p\u0142ynu hydraulicznego.<\/p>\n<p>Korpus cylindra i gwintowane powierzchnie ko\u0144cowe poddawane s\u0105 precyzyjnej obr\u00f3bce wyko\u0144czeniowej w celu zwi\u0119kszenia odporno\u015bci na zu\u017cycie. Regularne smarowanie olejem hydraulicznym jest niezb\u0119dne dla zapewnienia p\u0142ynnej pracy i zapobiegania tarciu mi\u0119dzy ruchomymi cz\u0119\u015bciami. Wi\u0105\u017ce si\u0119 to z okresowym uzupe\u0142nianiem oleju hydraulicznego i sprawdzaniem, czy nie wyst\u0119puj\u0105 oznaki zu\u017cycia uszczelnie\u0144.<\/p>\n<h2>Regularne kontrole i \u015brodki konserwacji zapobiegawczej<\/h2>\n<ul>\n<li><strong>Regularne kontrole:<\/strong> Regularne kontrole cylindra hydraulicznego pozwalaj\u0105 na wczesne wykrycie zu\u017cycia. Nale\u017cy zwr\u00f3ci\u0107 uwag\u0119 na wszelkie oznaki wyciek\u00f3w, korozji lub uszkodze\u0144 fizycznych. Regularne kontrole wizualne mog\u0105 pom\u00f3c unikn\u0105\u0107 powa\u017cniejszych problem\u00f3w w przysz\u0142o\u015bci.<\/li>\n<li><strong>W\u0142a\u015bciwe smarowanie:<\/strong> Upewnij si\u0119, \u017ce cylinder jest zawsze odpowiednio smarowany. Zapobiega to przegrzaniu i zmniejsza zu\u017cycie uszczelek oraz cz\u0119\u015bci ruchomych. U\u017cywaj zalecanego \u015brodka smarnego i post\u0119puj zgodnie z zaleceniami producenta dotycz\u0105cymi cz\u0119stotliwo\u015bci i ilo\u015bci smarowania.<\/li>\n<li><strong>Wymiana uszczelek:<\/strong> Regularnie sprawdzaj i wymieniaj uszczelki w razie potrzeby, aby utrzyma\u0107 optymaln\u0105 wydajno\u015b\u0107. Uszczelki mog\u0105 z czasem ulec zu\u017cyciu, co prowadzi do wyciek\u00f3w i spadku wydajno\u015bci. Posiadanie zapasu uszczelek zamiennych mo\u017ce zminimalizowa\u0107 przestoje.<\/li>\n<\/ul>\n<h2>Prawid\u0142owe wytyczne dotycz\u0105ce instalacji<\/h2>\n<p>Prawid\u0142owy monta\u017c si\u0142ownika wysi\u0119gnika ma kluczowe znaczenie dla jego efektywnego dzia\u0142ania. Na pocz\u0105tek nale\u017cy upewni\u0107 si\u0119, \u017ce wszystkie elementy s\u0105 czyste i wolne od zanieczyszcze\u0144. Dok\u0142adnie wyosiowa\u0107 si\u0142ownik, aby zapobiec nadmiernemu napr\u0119\u017ceniu i zu\u017cyciu uszczelnie\u0144. Niezb\u0119dne jest u\u017cycie odpowiednich wspornik\u00f3w monta\u017cowych, aby pewnie zamocowa\u0107 si\u0142ownik, zapewniaj\u0105c stabilno\u015b\u0107 podczas pracy.<\/p>\n<p>Podczas monta\u017cu nale\u017cy zwr\u00f3ci\u0107 uwag\u0119 na szczelno\u015b\u0107 i szczelno\u015b\u0107 po\u0142\u0105cze\u0144 hydraulicznych. Po monta\u017cu nale\u017cy przetestowa\u0107 uk\u0142ad, aby upewni\u0107 si\u0119, \u017ce cylinder dzia\u0142a p\u0142ynnie, bez niepokoj\u0105cych d\u017awi\u0119k\u00f3w i wyciek\u00f3w. Regularnie sprawdzaj ustawienie i stan cylindra, aby zapewni\u0107 jego ci\u0105g\u0142\u0105 wydajno\u015b\u0107.<\/p>\n<h2>Typowe zadania konserwacyjne<\/h2>\n<ul>\n<li><strong>Regularne kontrole:<\/strong> Wa\u017cne jest przeprowadzanie rutynowych kontroli szczelno\u015bci, zu\u017cycia i og\u00f3lnego stanu cylindr\u00f3w. Systematyczne monitorowanie mo\u017ce zapobiec rozwojowi powa\u017cniejszych problem\u00f3w.<\/li>\n<li><strong>Smarowanie:<\/strong> Stosuj odpowiedni harmonogram smarowania, aby zapewni\u0107 dobre smarowanie wewn\u0119trznych podzespo\u0142\u00f3w, redukuj\u0105c tarcie i zu\u017cycie.<\/li>\n<li><strong>Wymiana uszczelki:<\/strong> W razie potrzeby wymieniaj uszczelki, aby utrzyma\u0107 wydajno\u015b\u0107 uk\u0142adu hydraulicznego. Regularna konserwacja uszczelek mo\u017ce zapobiec wyciekom i poprawi\u0107 wydajno\u015b\u0107.<\/li>\n<\/ul>\n<h2>Zagadnienia bezpiecze\u0144stwa i czynniki \u015brodowiskowe<\/h2>\n<p>Podczas obs\u0142ugi cylindr\u00f3w hydraulicznych nale\u017cy \u015bci\u015ble przestrzega\u0107 \u015brodk\u00f3w bezpiecze\u0144stwa. Operatorzy powinni by\u0107 przeszkoleni w zakresie rozpoznawania zagro\u017ce\u0144 zwi\u0105zanych z urz\u0105dzeniami hydraulicznymi, w tym potencjalnych obra\u017ce\u0144 spowodowanych ci\u015bnieniem. Stosowanie sprz\u0119tu ochronnego, przestrzeganie instrukcji obs\u0142ugi i konserwacja sprz\u0119tu mog\u0105 znacznie zmniejszy\u0107 ryzyko wypadk\u00f3w. Ponadto nale\u017cy wzi\u0105\u0107 pod uwag\u0119 czynniki \u015brodowiskowe, takie jak zapewnienie prawid\u0142owego przechowywania i zarz\u0105dzania p\u0142ynami hydraulicznymi w celu zapobiegania zanieczyszczeniu gleby i \u017ar\u00f3de\u0142 wody.<\/p>\n<h2>Rozwi\u0105zywanie problem\u00f3w i typowe problemy<\/h2>\n<ul>\n<li><strong>Nieszczelne uszczelki:<\/strong> To cz\u0119sty problem, cz\u0119sto spowodowany zu\u017cyciem lub nieprawid\u0142owym monta\u017cem. Regularne kontrole i terminowa wymiana uszczelek s\u0105 niezb\u0119dne, aby zapobiec wyciekom.<\/li>\n<li><strong>Nieodpowiadaj\u0105cy cylinder:<\/strong> Brak reakcji si\u0142ownika mo\u017ce wskazywa\u0107 na niski poziom p\u0142ynu hydraulicznego lub zapowietrzenie uk\u0142adu. Sprawd\u017a poziom p\u0142ynu i w razie potrzeby odpowietrz uk\u0142ad.<\/li>\n<li><strong>Przegrzanie:<\/strong> Mo\u017ce si\u0119 tak zdarzy\u0107, je\u015bli smarowanie jest niewystarczaj\u0105ce. Nale\u017cy przestrzega\u0107 harmonogram\u00f3w smarowania i sprawdzi\u0107, czy w uk\u0142adzie hydraulicznym nie ma zator\u00f3w.<\/li>\n<\/ul>\n<h2>Wskaz\u00f3wki i rozwi\u0105zania dotycz\u0105ce rozwi\u0105zywania problem\u00f3w<\/h2>\n<p>Aby skutecznie diagnozowa\u0107 i rozwi\u0105zywa\u0107 problemy z si\u0142ownikiem wysi\u0119gnika, operatorzy powinni zacz\u0105\u0107 od identyfikacji objaw\u00f3w. Regularne czynno\u015bci konserwacyjne mog\u0105 zapobiec wielu problemom, na przyk\u0142ad poprzez zapewnienie dobrego stanu uszczelnie\u0144 i odpowiedniego poziomu p\u0142ynu hydraulicznego. W przypadku braku reakcji, nale\u017cy sprawdzi\u0107 przewody hydrauliczne pod k\u0105tem zator\u00f3w lub powietrza. W przypadku wyciek\u00f3w, nale\u017cy sprawdzi\u0107 szczelno\u015b\u0107 uszczelnie\u0144 i po\u0142\u0105cze\u0144. Dzia\u0142ania prewencyjne, takie jak przestrzeganie harmonogramu konserwacji, mog\u0105 zminimalizowa\u0107 potencjalne problemy i wyd\u0142u\u017cy\u0107 \u017cywotno\u015b\u0107 podzespo\u0142\u00f3w hydraulicznych.<\/p>\n<p><img decoding=\"async\" src=\"https:\/\/www.hydraulic-cylinders.net\/wp-content\/uploads\/2025\/04\/songte-bushings-with-all-kinds-of-excavator-models.webp\" alt=\"Obraz tulei koparki\"><\/p>\n<h2>Przegl\u0105d firmy<\/h2>\n<p>Jeste\u015bmy producentem specjalizuj\u0105cym si\u0119 w produkcji zamiennych si\u0142ownik\u00f3w hydraulicznych, oferuj\u0105cym szerok\u0105 gam\u0119 produkt\u00f3w, co plasuje nas w czo\u0142\u00f3wce producent\u00f3w i hurtownik\u00f3w na rynku krajowym i mi\u0119dzynarodowym. Nasze zaanga\u017cowanie w d\u0105\u017cenie do doskona\u0142o\u015bci znajduje odzwierciedlenie w naszym udoskonalonym warsztacie produkcyjnym i systematycznych strategiach zarz\u0105dzania produkcj\u0105. Stale doskonalimy nasze mo\u017cliwo\u015bci produkcyjne, wykorzystuj\u0105c wykwalifikowanych technik\u00f3w, zaawansowany sprz\u0119t do produkcji cyfrowej oraz rygorystyczne systemy testowania.<\/p>\n<p>Nasz\u0105 firm\u0119 wyr\u00f3\u017cnia skupienie na innowacjach technologicznych, wysokie standardy jako\u015bci oraz rozwi\u0105zania szyte na miar\u0119, kt\u00f3re spe\u0142niaj\u0105 zr\u00f3\u017cnicowane potrzeby klient\u00f3w. Nasze zak\u0142ady produkcyjne charakteryzuj\u0105 si\u0119 wysok\u0105 wydajno\u015bci\u0105, precyzj\u0105 i jako\u015bci\u0105, co pozwala nam spe\u0142nia\u0107 zr\u00f3\u017cnicowane wymagania naszych klient\u00f3w, od specjalistycznych projekt\u00f3w po produkty standardowe.<\/p>\n<p><img decoding=\"async\" src=\"https:\/\/www.hydraulic-cylinders.net\/wp-content\/uploads\/2025\/04\/songte-company-4.webp\" alt=\"Obraz firmy 1\"><br \/>\n<img decoding=\"async\" src=\"https:\/\/www.hydraulic-cylinders.net\/wp-content\/uploads\/2025\/04\/songte-company-3.webp\" alt=\"Obraz firmy 2\"><\/p>\n<p>Autor: lyl<\/p>","protected":false},"excerpt":{"rendered":"<p>Boom Cylinder For XGMA Wheel Excavator XG807W Definition and Overview of Bucket Cylinders The Boom Cylinder is an integral component specifically designed for controlling the movement of buckets in various heavy machinery such as excavators, backhoe loaders, and front loaders. This hydraulic cylinder enables the bucket to lift, lower, and tilt, facilitating efficient material handling [&hellip;]<\/p>","protected":false},"featured_media":17874,"comment_status":"open","ping_status":"closed","template":"","meta":{"_et_pb_use_builder":"","_et_pb_old_content":"","_et_gb_content_width":""},"product_brand":[],"product_cat":[1546],"product_tag":[1547,1496],"class_list":{"0":"post-19324","1":"product","2":"type-product","3":"status-publish","4":"has-post-thumbnail","6":"product_cat-boom-cylinders","7":"product_tag-boom-cylinders","8":"product_tag-hydraulic-cylinders","10":"first","11":"instock","12":"shipping-taxable","13":"product-type-simple"},"amp_enabled":true,"_links":{"self":[{"href":"https:\/\/www.hydraulic-cylinders.net\/pl\/wp-json\/wp\/v2\/product\/19324","targetHints":{"allow":["GET"]}}],"collection":[{"href":"https:\/\/www.hydraulic-cylinders.net\/pl\/wp-json\/wp\/v2\/product"}],"about":[{"href":"https:\/\/www.hydraulic-cylinders.net\/pl\/wp-json\/wp\/v2\/types\/product"}],"replies":[{"embeddable":true,"href":"https:\/\/www.hydraulic-cylinders.net\/pl\/wp-json\/wp\/v2\/comments?post=19324"}],"wp:featuredmedia":[{"embeddable":true,"href":"https:\/\/www.hydraulic-cylinders.net\/pl\/wp-json\/wp\/v2\/media\/17874"}],"wp:attachment":[{"href":"https:\/\/www.hydraulic-cylinders.net\/pl\/wp-json\/wp\/v2\/media?parent=19324"}],"wp:term":[{"taxonomy":"product_brand","embeddable":true,"href":"https:\/\/www.hydraulic-cylinders.net\/pl\/wp-json\/wp\/v2\/product_brand?post=19324"},{"taxonomy":"product_cat","embeddable":true,"href":"https:\/\/www.hydraulic-cylinders.net\/pl\/wp-json\/wp\/v2\/product_cat?post=19324"},{"taxonomy":"product_tag","embeddable":true,"href":"https:\/\/www.hydraulic-cylinders.net\/pl\/wp-json\/wp\/v2\/product_tag?post=19324"}],"curies":[{"name":"wp","href":"https:\/\/api.w.org\/{rel}","templated":true}]}}