{"id":19404,"date":"2025-04-07T06:32:42","date_gmt":"2025-04-07T06:32:42","guid":{"rendered":"https:\/\/www.hydraulic-cylinders.net\/product\/boom-cylinder-for-ihi-small-excavator-ihi100ns\/"},"modified":"2025-04-07T06:32:44","modified_gmt":"2025-04-07T06:32:44","slug":"boom-cylinder-for-ihi-small-excavator-ihi100ns","status":"publish","type":"product","link":"https:\/\/www.hydraulic-cylinders.net\/pl\/produkt\/boom-cylinder-for-ihi-small-excavator-ihi100ns\/","title":{"rendered":"Si\u0142ownik wysi\u0119gnika do ma\u0142ej koparki IHI IHI100NS"},"content":{"rendered":"<h1>Si\u0142ownik wysi\u0119gnika do ma\u0142ej koparki IHI IHI100NS<\/h1>\n<h2>Wprowadzenie do cylindr\u00f3w wysi\u0119gnika<\/h2>\n<p>Si\u0142ownik wysi\u0119gnika, zwany r\u00f3wnie\u017c si\u0142ownikiem \u0142y\u017cki, jest kluczowym elementem uk\u0142ad\u00f3w hydraulicznych w ci\u0119\u017ckich maszynach. Si\u0142owniki te steruj\u0105 ruchem \u0142y\u017cek koparek, koparko-\u0142adowarek i \u0142adowarek czo\u0142owych, umo\u017cliwiaj\u0105c podnoszenie, opuszczanie i przechylanie \u0142y\u017cki. Funkcja ta jest niezb\u0119dna do r\u00f3\u017cnych zada\u0144 zwi\u0105zanych z prze\u0142adunkiem materia\u0142\u00f3w, co czyni si\u0142owniki wysi\u0119gnika niezb\u0119dnymi w pracach budowlanych i wykopaliskowych. Si\u0142ownik hydrauliczny wykorzystuje do pracy spr\u0119\u017cony p\u0142yn hydrauliczny, zapewniaj\u0105c efektywne i bezpieczne zarz\u0105dzanie du\u017cymi \u0142adunkami.<\/p>\n<p><img decoding=\"async\" src=\"https:\/\/www.hydraulic-cylinders.net\/wp-content\/uploads\/2025\/04\/songte-company-1.webp\" alt=\"Obraz cylindra wysi\u0119gnika\" \/><\/p>\n<h2>Cechy cylindra wysi\u0119gnika<\/h2>\n<ul>\n<li><strong>Wysoka wytrzyma\u0142o\u015b\u0107 i trwa\u0142o\u015b\u0107:<\/strong> Wykonane z wysokowytrzyma\u0142ej stali lub aluminium, te cylindry wytrzymuj\u0105 wysokie ci\u015bnienia i du\u017ce obci\u0105\u017cenia, dzi\u0119ki czemu nadaj\u0105 si\u0119 do pracy w trudnych warunkach. Ich konstrukcja zapewnia odporno\u015b\u0107 na zu\u017cycie i korozj\u0119, co wyd\u0142u\u017ca ich \u017cywotno\u015b\u0107.<\/li>\n<li><strong>Wydajna praca uk\u0142adu hydraulicznego:<\/strong> Si\u0142ownik wysi\u0119gnika dzia\u0142a p\u0142ynnie dzi\u0119ki ci\u015bnieniu oleju hydraulicznego, umo\u017cliwiaj\u0105c szybk\u0105 reakcj\u0119 na polecenia operacyjne i zapewniaj\u0105c w ten spos\u00f3b znaczn\u0105 si\u0142\u0119 pchania i ci\u0105gni\u0119cia podczas wykonywania ci\u0119\u017ckich i skomplikowanych zada\u0144.<\/li>\n<li><strong>R\u00f3\u017cne typy:<\/strong> W zale\u017cno\u015bci od wymaga\u0144 operacyjnych mo\u017cna wybiera\u0107 pomi\u0119dzy si\u0142ownikami jednostronnego dzia\u0142ania (dzia\u0142aj\u0105cymi w jednym kierunku) i dwustronnego dzia\u0142ania (dzia\u0142aj\u0105cymi w obu kierunkach), przy czym niekt\u00f3re modele s\u0105 teleskopowe, co zapewnia wi\u0119kszy zasi\u0119g bez konieczno\u015bci zwi\u0119kszania wymiar\u00f3w zewn\u0119trznych.<\/li>\n<\/ul>\n<h2>Mo\u017cliwo\u015bci produkcyjne<\/h2>\n<p>Jeste\u015bmy w stanie wyprodukowa\u0107 ten produkt z wysok\u0105 precyzj\u0105. Nasze si\u0142owniki wysi\u0119gnika mog\u0105 doskonale zast\u0105pi\u0107 r\u00f3\u017cne si\u0142owniki hydrauliczne, zapewniaj\u0105c bezproblemow\u0105 integracj\u0119 z istniej\u0105cymi maszynami.<\/p>\n<p><img decoding=\"async\" src=\"https:\/\/www.hydraulic-cylinders.net\/wp-content\/uploads\/2025\/04\/songte-cylinder-head-with-all-kinds-excavator-models.webp\" alt=\"Modele koparek\" \/><\/p>\n<h2>Zastosowania cylindra wysi\u0119gnika<\/h2>\n<h3>Sprz\u0119t budowlany<\/h3>\n<p>W koparkach si\u0142owniki wysi\u0119gnika odgrywaj\u0105 kluczow\u0105 rol\u0119 w kopaniu, za\u0142adunku i transporcie gleby lub gruzu. U\u0142atwiaj\u0105 kopanie, umo\u017cliwiaj\u0105c \u0142y\u017cce zag\u0142\u0119bianie si\u0119 w grunt i wspomagaj\u0105 podnoszenie, co pozwala na efektywne przemieszczanie materia\u0142\u00f3w.<\/p>\n<h3>Maszyny rolnicze<\/h3>\n<p>W \u0142adowarkach czo\u0142owych si\u0142owniki wysi\u0119gnika odpowiadaj\u0105 za nabieranie, podnoszenie i transport gleby, siana i innych materia\u0142\u00f3w. Ich konstrukcja zwi\u0119ksza wydajno\u015b\u0107 prac rolniczych, co czyni je niezb\u0119dnymi w rolnictwie.<\/p>\n<h3>Koparki<\/h3>\n<p>W koparkach si\u0142ownik wysi\u0119gnika umo\u017cliwia \u0142y\u017cce penetracj\u0119 gruntu, co jest kluczowe podczas prac wykopaliskowych. Pozwala to na sprawne kopanie, przyczyniaj\u0105c si\u0119 do skr\u00f3cenia czasu realizacji projektu.<\/p>\n<h3>\u0141adowarki<\/h3>\n<p>W \u0142adowarkach czo\u0142owych si\u0142owniki wysi\u0119gnika wspomagaj\u0105 efektywne podnoszenie i zrzucanie \u0142adunk\u00f3w. Ich dzia\u0142anie hydrauliczne zapewnia niezb\u0119dn\u0105 si\u0142\u0119 do przenoszenia ci\u0119\u017ckich materia\u0142\u00f3w, gwarantuj\u0105c p\u0142ynn\u0105 prac\u0119 na placach budowy.<\/p>\n<h2>Zagadnienia projektowe i kryteria wyboru<\/h2>\n<h3>No\u015bno\u015b\u0107<\/h3>\n<p>Przy wyborze si\u0142ownika wysi\u0119gnika kluczowe jest zrozumienie jego ud\u017awigu. Musi on by\u0107 w stanie ud\u017awign\u0105\u0107 maksymaln\u0105 mas\u0119, z jak\u0105 b\u0119dzie si\u0119 styka\u0142 podczas pracy. Producenci cz\u0119sto podaj\u0105 szczeg\u00f3\u0142owe dane dotycz\u0105ce ud\u017awigu, kt\u00f3re gwarantuj\u0105 bezpieczn\u0105 prac\u0119 si\u0142ownika w przewidywanych warunkach.<\/p>\n<h3>Mechanizm uszczelniaj\u0105cy<\/h3>\n<p>Mechanizm uszczelniaj\u0105cy si\u0142ownika hydraulicznego ma kluczowe znaczenie dla utrzymania ci\u015bnienia i zapobiegania wyciekom. Wyb\u00f3r wysokiej jako\u015bci uszczelek wykonanych z trwa\u0142ych materia\u0142\u00f3w wyd\u0142u\u017ca \u017cywotno\u015b\u0107 i wydajno\u015b\u0107 si\u0142ownika. Prawid\u0142owe uszczelnienie zmniejsza r\u00f3wnie\u017c ryzyko zanieczyszczenia uk\u0142adu hydraulicznego.<\/p>\n<h3>Trwa\u0142o\u015b\u0107<\/h3>\n<p>Trwa\u0142o\u015b\u0107 jest kwesti\u0105 priorytetow\u0105. Materia\u0142y u\u017cyte do produkcji powinny by\u0107 odporne na czynniki \u015brodowiskowe, takie jak wilgo\u0107, zmiany temperatury i zu\u017cycie fizyczne. Solidna konstrukcja mo\u017ce znacznie obni\u017cy\u0107 koszty konserwacji i zwi\u0119kszy\u0107 wydajno\u015b\u0107 operacyjn\u0105.<\/p>\n<h3>Funkcje bezpiecze\u0144stwa<\/h3>\n<p>Bezpiecze\u0144stwo jest kluczowym aspektem konstrukcji cylindr\u00f3w hydraulicznych. Takie rozwi\u0105zania jak zawory bezpiecze\u0144stwa i solidna konstrukcja pomagaj\u0105 zapobiega\u0107 wypadkom podczas pracy. Bezpiecze\u0144stwo nigdy nie powinno by\u0107 zagro\u017cone, dlatego wyb\u00f3r cylindr\u00f3w spe\u0142niaj\u0105cych bran\u017cowe normy bezpiecze\u0144stwa jest kluczowy.<\/p>\n<h3>Dost\u0119pno\u015b\u0107 konserwacyjna<\/h3>\n<p>\u0141atwo\u015b\u0107 konserwacji to kolejne wa\u017cne kryterium. Konstrukcja powinna umo\u017cliwia\u0107 \u0142atwy dost\u0119p do podzespo\u0142\u00f3w wymagaj\u0105cych regularnych przegl\u0105d\u00f3w i serwisowania. Skraca to przestoje i zapewnia p\u0142ynn\u0105 prac\u0119 uk\u0142adu hydraulicznego, wyd\u0142u\u017caj\u0105c \u017cywotno\u015b\u0107 sprz\u0119tu.<\/p>\n<p><img decoding=\"async\" src=\"https:\/\/www.hydraulic-cylinders.net\/wp-content\/uploads\/2025\/04\/songte-oil-pipes-and-spare-parts.webp\" alt=\"Cz\u0119\u015bci hydrauliczne\" \/><\/p>\n<h2>Uszczelnianie i smarowanie<\/h2>\n<p>Funkcjonalno\u015b\u0107 si\u0142ownik\u00f3w wysi\u0119gnika w du\u017cej mierze zale\u017cy od skutecznego uszczelnienia i smarowania. R\u00f3\u017cne uszczelnienia, w tym uszczelnienia t\u0142oczysk i t\u0142oczysk, s\u0105 niezb\u0119dne do zapobiegania wyciekom p\u0142ynu hydraulicznego. Uszczelnienia wykonane z poliuretanu i kauczuku nitrylowego s\u0105 powszechnie stosowane ze wzgl\u0119du na ich odporno\u015b\u0107 na zu\u017cycie. Korpus si\u0142ownika i gwintowane ko\u0144c\u00f3wki s\u0105 poddawane precyzyjnej obr\u00f3bce mechanicznej, aby zwi\u0119kszy\u0107 ich odporno\u015b\u0107 na zu\u017cycie. Regularne smarowanie olejem hydraulicznym jest r\u00f3wnie\u017c niezb\u0119dne do utrzymania optymalnej wydajno\u015bci i zmniejszenia tarcia mi\u0119dzy ruchomymi cz\u0119\u015bciami.<\/p>\n<h2>\u015arodki konserwacji zapobiegawczej<\/h2>\n<ul>\n<li><strong>Regularne kontrole:<\/strong> Przeprowad\u017a kontrol\u0119 wizualn\u0105 pod k\u0105tem oznak zu\u017cycia lub wyciek\u00f3w. Wczesne wykrycie drobnych usterek mo\u017ce zapobiec wi\u0119kszym problemom, kt\u00f3re mog\u0105 prowadzi\u0107 do kosztownych napraw.<\/li>\n<li><strong>Smarowanie:<\/strong> Utrzymuj uk\u0142ad hydrauliczny w dobrym stanie smarowania, aby zminimalizowa\u0107 zu\u017cycie uszczelek i cz\u0119\u015bci ruchomych. Prawid\u0142owe smarowanie zapewnia p\u0142ynniejsz\u0105 prac\u0119 i wyd\u0142u\u017ca \u017cywotno\u015b\u0107 cylindra.<\/li>\n<li><strong>Wymiana uszczelki:<\/strong> Regularnie sprawdzaj stan uszczelek i wymieniaj je w razie potrzeby, aby zapobiega\u0107 wyciekom i utrzyma\u0107 ci\u015bnienie hydrauliczne.<\/li>\n<\/ul>\n<h2>Wytyczne dotycz\u0105ce instalacji produktu<\/h2>\n<p>Monta\u017c si\u0142ownika wysi\u0119gnika wymaga precyzji i staranno\u015bci. Zacznij od upewnienia si\u0119, \u017ce wszystkie elementy s\u0105 czyste i wolne od zanieczyszcze\u0144. Prawid\u0142owo wyr\u00f3wnaj si\u0142ownik ze wspornikami monta\u017cowymi, u\u017cywaj\u0105c odpowiednich podp\u00f3r monta\u017cowych, aby go zabezpieczy\u0107. Dokr\u0119\u0107 wszystkie z\u0142\u0105cza mocno, unikaj\u0105c nadmiernego dokr\u0119cania, kt\u00f3re mog\u0142oby uszkodzi\u0107 z\u0142\u0105cza. Po monta\u017cu sprawd\u017a wyr\u00f3wnanie, aby upewni\u0107 si\u0119, \u017ce si\u0142ownik dzia\u0142a p\u0142ynnie i bez przeszk\u00f3d. Na koniec nape\u0142nij uk\u0142ad hydrauliczny odpowiednim olejem hydraulicznym i przeprowad\u017a pr\u00f3b\u0119 ci\u015bnieniow\u0105, aby zweryfikowa\u0107 jego dzia\u0142anie przed u\u017cyciem.<\/p>\n<h2>Zadania konserwacyjne<\/h2>\n<ul>\n<li><strong>Regularne kontrole:<\/strong> Przeprowadzaj cz\u0119ste kontrole, aby wcze\u015bnie identyfikowa\u0107 potencjalne problemy. Praktyka ta jest niezb\u0119dna do utrzymania integralno\u015bci operacyjnej uk\u0142adu hydraulicznego.<\/li>\n<li><strong>Prawid\u0142owe smarowanie:<\/strong> Upewnij si\u0119, \u017ce poziom oleju hydraulicznego jest odpowiedni i uzupe\u0142niaj go w razie potrzeby, aby zachowa\u0107 wydajno\u015b\u0107 i zmniejszy\u0107 tarcie.<\/li>\n<li><strong>Wymiana i kalibracja uszczelki:<\/strong> Regularnie wymieniaj zu\u017cyte uszczelki i wykonuj kontrole kalibracji, aby mie\u0107 pewno\u015b\u0107, \u017ce system dzia\u0142a w ramach okre\u015blonych parametr\u00f3w.<\/li>\n<\/ul>\n<h2>Zagadnienia bezpiecze\u0144stwa i czynniki \u015brodowiskowe<\/h2>\n<p>Wdro\u017cenie \u015brodk\u00f3w bezpiecze\u0144stwa podczas u\u017cytkowania cylindr\u00f3w hydraulicznych jest niezwykle wa\u017cne. Operatorzy powinni by\u0107 przeszkoleni w zakresie zagro\u017ce\u0144 zwi\u0105zanych z maszynami hydraulicznymi, w tym potencjalnych zagro\u017ce\u0144 zwi\u0105zanych z wyciekami i spadkami ci\u015bnienia. Nale\u017cy zawsze nosi\u0107 odpowiedni sprz\u0119t ochronny, a maszyny nale\u017cy obs\u0142ugiwa\u0107 w okre\u015blonych granicach, aby zapobiec wypadkom. Istotn\u0105 rol\u0119 odgrywaj\u0105 r\u00f3wnie\u017c wzgl\u0119dy \u015brodowiskowe, poniewa\u017c wycieki mog\u0105 prowadzi\u0107 do ska\u017cenia. Dbanie o prawid\u0142ow\u0105 konserwacj\u0119 uk\u0142ad\u00f3w hydraulicznych minimalizuje wp\u0142yw na \u015brodowisko.<\/p>\n<h2>Rozwi\u0105zywanie problem\u00f3w i typowe problemy<\/h2>\n<ul>\n<li><strong>Przeciek:<\/strong> Je\u015bli z cylindra wycieka p\u0142yn, sprawd\u017a uszczelki pod k\u0105tem zu\u017cycia lub uszkodze\u0144. W razie potrzeby wymie\u0144 uszczelki, aby przywr\u00f3ci\u0107 ich funkcjonalno\u015b\u0107.<\/li>\n<li><strong>S\u0142aba wydajno\u015b\u0107:<\/strong> Je\u015bli cylinder nie reaguje prawid\u0142owo, sprawd\u017a poziom p\u0142ynu hydraulicznego i upewnij si\u0119, \u017ce w przewodach hydraulicznych nie ma \u017cadnych blokad.<\/li>\n<li><strong>Nietypowe d\u017awi\u0119ki:<\/strong> Ha\u0142asy podczas pracy mog\u0105 wskazywa\u0107 na uszkodzenia wewn\u0119trzne. Natychmiast zatrzymaj prac\u0119 i zle\u0107 sprawdzenie cylindra specjali\u015bcie.<\/li>\n<\/ul>\n<h2>Wskaz\u00f3wki dotycz\u0105ce rozwi\u0105zywania problem\u00f3w<\/h2>\n<p>Aby skutecznie diagnozowa\u0107 i rozwi\u0105zywa\u0107 problemy, nale\u017cy zacz\u0105\u0107 od zapoznania si\u0119 z instrukcj\u0105 obs\u0142ugi systemu w celu znalezienia szczeg\u00f3\u0142owych wskaz\u00f3wek. W przypadku wyciek\u00f3w, nale\u017cy rozwa\u017cy\u0107 u\u017cycie barwnika do zlokalizowania \u017ar\u00f3d\u0142a. Zawsze wymieniaj uszczelki na cz\u0119\u015bci OEM, aby zapewni\u0107 kompatybilno\u015b\u0107 i wydajno\u015b\u0107. Regularne kontrole konserwacyjne mog\u0105 pom\u00f3c zapobiec eskalacji wielu problem\u00f3w w powa\u017cne awarie. Prowadzenie szczeg\u00f3\u0142owych rejestr\u00f3w konserwacji i napraw mo\u017ce r\u00f3wnie\u017c pom\u00f3c w identyfikacji powtarzaj\u0105cych si\u0119 problem\u00f3w.<\/p>\n<p><img decoding=\"async\" src=\"https:\/\/www.hydraulic-cylinders.net\/wp-content\/uploads\/2025\/04\/songte-bushings-with-all-kinds-of-excavator-models.webp\" alt=\"Modele tulei\" \/><\/p>\n<h2>O naszej firmie<\/h2>\n<p>Jeste\u015bmy wiod\u0105cym producentem i hurtownikiem si\u0142ownik\u00f3w hydraulicznych, specjalizuj\u0105cym si\u0119 w cz\u0119\u015bciach zamiennych do r\u00f3\u017cnych modeli. Dbaj\u0105c o wyj\u0105tkow\u0105 jako\u015b\u0107, nasza strategia zarz\u0105dzania produkcj\u0105 opiera si\u0119 na zaawansowanych technikach produkcyjnych. Nasze zak\u0142ady wyposa\u017cone s\u0105 w wysokiej klasy sprz\u0119t produkcyjny i rygorystyczny system testowania, co gwarantuje najwy\u017csz\u0105 jako\u015b\u0107 produkt\u00f3w. Nasz zesp\u00f3\u0142 wykwalifikowanych specjalist\u00f3w stale udoskonala nasz\u0105 platform\u0119 produkcyjn\u0105, gwarantuj\u0105c spe\u0142nienie zr\u00f3\u017cnicowanych wymaga\u0144 klient\u00f3w poprzez wydajne, precyzyjne i wysokiej jako\u015bci produkty.<\/p>\n<p><img decoding=\"async\" src=\"https:\/\/www.hydraulic-cylinders.net\/wp-content\/uploads\/2025\/04\/songte-company-4.webp\" alt=\"Obraz firmy 1\" \/><br \/>\n<img decoding=\"async\" src=\"https:\/\/www.hydraulic-cylinders.net\/wp-content\/uploads\/2025\/04\/songte-company-3.webp\" alt=\"Obraz firmy 2\" \/><\/p>\n<p>Nasze do\u015bwiadczenie wykracza poza produkcj\u0119 produkt\u00f3w i obejmuje profesjonalne us\u0142ugi, mi\u0119dzynarodowe certyfikaty oraz rozwi\u0105zania dostosowane do indywidualnych potrzeb klienta. Nasze zaanga\u017cowanie w obs\u0142ug\u0119 klienta gwarantuje wsparcie przez ca\u0142y cykl \u017cycia naszych produkt\u00f3w.<\/p>\n<p>Autor: lyl<\/p>","protected":false},"excerpt":{"rendered":"<p>Boom Cylinder For IHI Small Excavator IHI100NS Introduction to Boom Cylinders A boom cylinder, also referred to as a bucket cylinder, is a vital component of hydraulic systems in heavy machinery. These cylinders control the motion of excavator buckets, backhoes, and front loaders, allowing for the raising, lowering, and tilting of the bucket. This function [&hellip;]<\/p>","protected":false},"featured_media":17879,"comment_status":"open","ping_status":"closed","template":"","meta":{"_et_pb_use_builder":"","_et_pb_old_content":"","_et_gb_content_width":""},"product_brand":[],"product_cat":[1546],"product_tag":[1547,1496],"class_list":{"0":"post-19404","1":"product","2":"type-product","3":"status-publish","4":"has-post-thumbnail","6":"product_cat-boom-cylinders","7":"product_tag-boom-cylinders","8":"product_tag-hydraulic-cylinders","10":"first","11":"instock","12":"shipping-taxable","13":"product-type-simple"},"amp_enabled":true,"_links":{"self":[{"href":"https:\/\/www.hydraulic-cylinders.net\/pl\/wp-json\/wp\/v2\/product\/19404","targetHints":{"allow":["GET"]}}],"collection":[{"href":"https:\/\/www.hydraulic-cylinders.net\/pl\/wp-json\/wp\/v2\/product"}],"about":[{"href":"https:\/\/www.hydraulic-cylinders.net\/pl\/wp-json\/wp\/v2\/types\/product"}],"replies":[{"embeddable":true,"href":"https:\/\/www.hydraulic-cylinders.net\/pl\/wp-json\/wp\/v2\/comments?post=19404"}],"wp:featuredmedia":[{"embeddable":true,"href":"https:\/\/www.hydraulic-cylinders.net\/pl\/wp-json\/wp\/v2\/media\/17879"}],"wp:attachment":[{"href":"https:\/\/www.hydraulic-cylinders.net\/pl\/wp-json\/wp\/v2\/media?parent=19404"}],"wp:term":[{"taxonomy":"product_brand","embeddable":true,"href":"https:\/\/www.hydraulic-cylinders.net\/pl\/wp-json\/wp\/v2\/product_brand?post=19404"},{"taxonomy":"product_cat","embeddable":true,"href":"https:\/\/www.hydraulic-cylinders.net\/pl\/wp-json\/wp\/v2\/product_cat?post=19404"},{"taxonomy":"product_tag","embeddable":true,"href":"https:\/\/www.hydraulic-cylinders.net\/pl\/wp-json\/wp\/v2\/product_tag?post=19404"}],"curies":[{"name":"wp","href":"https:\/\/api.w.org\/{rel}","templated":true}]}}