{"id":19415,"date":"2025-04-07T06:33:25","date_gmt":"2025-04-07T06:33:25","guid":{"rendered":"https:\/\/www.hydraulic-cylinders.net\/product\/boom-cylinder-for-bobcat-small-excavator-e85\/"},"modified":"2025-04-07T06:33:28","modified_gmt":"2025-04-07T06:33:28","slug":"boom-cylinder-for-bobcat-small-excavator-e85","status":"publish","type":"product","link":"https:\/\/www.hydraulic-cylinders.net\/pl\/produkt\/boom-cylinder-for-bobcat-small-excavator-e85\/","title":{"rendered":"Si\u0142ownik wysi\u0119gnika do ma\u0142ej koparki Bobcat E85"},"content":{"rendered":"<h1>Si\u0142ownik wysi\u0119gnika do ma\u0142ej koparki Bobcat E85<\/h1>\n<h2>Przegl\u0105d produktu<\/h2>\n<p>Si\u0142ownik wysi\u0119gnika do ma\u0142ej koparki Bobcat E85 to kluczowy element hydrauliczny, kt\u00f3ry odgrywa kluczow\u0105 rol\u0119 w wydajno\u015bci ci\u0119\u017ckich maszyn. Ten si\u0142ownik hydrauliczny zosta\u0142 zaprojektowany specjalnie do sterowania ruchem wysi\u0119gnika w koparkach, koparko-\u0142adowarkach i \u0142adowarkach czo\u0142owych. Umo\u017cliwia podnoszenie, opuszczanie i przechylanie wysi\u0119gnika, u\u0142atwiaj\u0105c wydajne zadania zwi\u0105zane z prze\u0142adunkiem materia\u0142\u00f3w. Zasadniczo si\u0142ownik \u0142y\u017cki to rodzaj si\u0142ownika hydraulicznego, kt\u00f3ry przekszta\u0142ca ci\u015bnienie hydrauliczne w si\u0142\u0119 mechaniczn\u0105, umo\u017cliwiaj\u0105c p\u0142ynne i kontrolowane ruchy. Jest to szczeg\u00f3lnie wa\u017cne w zastosowaniach budowlanych i wykopaliskowych, gdzie wymagana jest precyzja i moc.<\/p>\n<p><img decoding=\"async\" src=\"https:\/\/www.hydraulic-cylinders.net\/wp-content\/uploads\/2025\/04\/songte-company-1.webp\" alt=\"Obraz cylindra hydraulicznego\"><\/p>\n<h2>Cechy cylindra wysi\u0119gnika<\/h2>\n<ul>\n<li><strong>Wysoka wytrzyma\u0142o\u015b\u0107 i trwa\u0142o\u015b\u0107:<\/strong> Wykonany z wysokowytrzyma\u0142ej stali lub aluminium, ten cylinder wytrzymuje wysokie ci\u015bnienie i du\u017ce obci\u0105\u017cenia, dzi\u0119ki czemu nadaje si\u0119 do pracy w trudnych warunkach. Konstrukcja uwzgl\u0119dnia odporno\u015b\u0107 na zu\u017cycie i korozj\u0119, aby wyd\u0142u\u017cy\u0107 \u017cywotno\u015b\u0107 produktu.<\/li>\n<li><strong>Wydajna praca uk\u0142adu hydraulicznego:<\/strong> Wykorzystuje ci\u015bnienie p\u0142ynu hydraulicznego do p\u0142ynnego wysuwania i wsuwania, umo\u017cliwiaj\u0105c szybk\u0105 reakcj\u0119 na polecenia steruj\u0105ce i zapewniaj\u0105c du\u017c\u0105 si\u0142\u0119 pchania i ci\u0105gni\u0119cia podczas wykonywania ci\u0119\u017ckich i skomplikowanych zada\u0144.<\/li>\n<li><strong>R\u00f3\u017cne typy:<\/strong> Dost\u0119pne w wersji jednostronnego dzia\u0142ania (hydrauliczne w jednym kierunku) lub dwustronnego dzia\u0142ania (hydrauliczne w obu kierunkach), aby sprosta\u0107 zr\u00f3\u017cnicowanym potrzebom operacyjnym. Niekt\u00f3re modele posiadaj\u0105 konstrukcj\u0119 teleskopow\u0105, kt\u00f3ra zapewnia wi\u0119kszy zasi\u0119g bez zwi\u0119kszania wymiar\u00f3w zewn\u0119trznych, co jest idealne w zastosowaniach o ograniczonej przestrzeni.<\/li>\n<li><strong>Zgodno\u015b\u0107:<\/strong> Nasze produkty doskonale zast\u0119puj\u0105 te si\u0142owniki hydrauliczne, zapewniaj\u0105c bezproblemow\u0105 integracj\u0119 i dzia\u0142anie.<\/li>\n<li><strong>Wszechstronne zastosowania:<\/strong> Mo\u017cna go stosowa\u0107 w r\u00f3\u017cnych maszynach, zwi\u0119kszaj\u0105c og\u00f3ln\u0105 wydajno\u015b\u0107 i efektywno\u015b\u0107 wykonywania zada\u0144.<\/li>\n<\/ul>\n<p><img decoding=\"async\" src=\"https:\/\/www.hydraulic-cylinders.net\/wp-content\/uploads\/2025\/04\/songte-cylinder-head-with-all-kinds-excavator-models.webp\" alt=\"Model cylindra koparki\"><\/p>\n<h2>Zastosowania cylindra wysi\u0119gnika<\/h2>\n<h3>Sprz\u0119t budowlany<\/h3>\n<p>W koparkach si\u0142owniki wysi\u0119gnika s\u0105 niezb\u0119dne do efektywnego kopania, za\u0142adunku i przemieszczania gleby lub gruzu. Umo\u017cliwiaj\u0105 precyzyjne ruchy niezb\u0119dne do wykopywania g\u0142\u0119bokich wykop\u00f3w lub podnoszenia ci\u0119\u017ckich \u0142adunk\u00f3w. Mo\u017cliwo\u015b\u0107 szybkiego wysuwania i chowania zapewnia sprawn\u0105 realizacj\u0119 prac budowlanych, co czyni je nieocenionymi na ka\u017cdym placu budowy.<\/p>\n<h3>Maszyny rolnicze<\/h3>\n<p>Stosowane w \u0142adowarkach czo\u0142owych si\u0142owniki wysi\u0119gnika wspomagaj\u0105 nabieranie, podnoszenie i transport ziemi, siana i innych materia\u0142\u00f3w. Ich zdolno\u015b\u0107 do obs\u0142ugi ci\u0119\u017ckich \u0142adunk\u00f3w przy jednoczesnym zapewnieniu precyzyjnej kontroli jest kluczowa w rolnictwie, gdzie terminowe i precyzyjne dzia\u0142anie mo\u017ce znacz\u0105co wp\u0142yn\u0105\u0107 na wydajno\u015b\u0107.<\/p>\n<h3>Koparki<\/h3>\n<p>W koparkach si\u0142ownik wysi\u0119gnika umo\u017cliwia skuteczne zag\u0142\u0119bianie si\u0119 \u0142y\u017cki w gleb\u0119, co przek\u0142ada si\u0119 na sprawne wykopy. Ta funkcjonalno\u015b\u0107 jest niezb\u0119dna w r\u00f3\u017cnych zastosowaniach, od prac ziemnych po du\u017ce projekty budowlane, gdzie mo\u017cliwo\u015b\u0107 szybkiego i precyzyjnego kopania ma kluczowe znaczenie.<\/p>\n<h3>\u0141adowarki<\/h3>\n<p>W \u0142adowarkach czo\u0142owych si\u0142owniki wysi\u0119gnika odgrywaj\u0105 kluczow\u0105 rol\u0119 w efektywnym podnoszeniu i opr\u00f3\u017cnianiu \u0142adunk\u00f3w. Ich wytrzyma\u0142o\u015b\u0107 i szybko\u015b\u0107 reakcji sprawiaj\u0105, \u017ce idealnie nadaj\u0105 si\u0119 do transportu materia\u0142\u00f3w w magazynach, na placach budowy i w rolnictwie, gdzie szybkie i efektywne przenoszenie materia\u0142\u00f3w jest kluczowe.<\/p>\n<h2>Zagadnienia projektowe i kryteria wyboru<\/h2>\n<h3>No\u015bno\u015b\u0107<\/h3>\n<p>Ud\u017awig si\u0142ownika wysi\u0119gnika ma kluczowe znaczenie. Musi on by\u0107 zaprojektowany tak, aby wytrzyma\u0107 maksymalne obci\u0105\u017cenie, jakiemu b\u0119dzie poddawany podczas pracy. Gwarantuje to bezpieczn\u0105 i efektywn\u0105 prac\u0119 si\u0142ownika pod ci\u015bnieniem, bez awarii. Wyb\u00f3r si\u0142ownika o odpowiedniej no\u015bno\u015bci jest kluczowy dla unikni\u0119cia uszkodze\u0144 sprz\u0119tu i utrzymania wydajno\u015bci operacyjnej. Prawid\u0142owe obliczenia oparte na specyfikacji maszyny i przewidywanych obci\u0105\u017ceniach s\u0105 kluczowe dla dokonania w\u0142a\u015bciwego wyboru.<\/p>\n<h3>Opiecz\u0119towanie<\/h3>\n<p>Skuteczne uszczelnienie ma kluczowe znaczenie dla utrzymania ci\u015bnienia hydraulicznego i zapobiegania wyciekom. Przy wyborze uszczelnie\u0144 nale\u017cy priorytetowo traktowa\u0107 materia\u0142y odporne na zu\u017cycie i warunki pracy. Ze wzgl\u0119du na trwa\u0142o\u015b\u0107 i odporno\u015b\u0107 na dzia\u0142anie chemikali\u00f3w zaleca si\u0119 stosowanie wysokiej jako\u015bci uszczelnie\u0144 z poliuretanu lub kauczuku nitrylowego. Prawid\u0142owa konstrukcja uszczelnienia znacz\u0105co wp\u0142ywa na og\u00f3ln\u0105 niezawodno\u015b\u0107 i \u017cywotno\u015b\u0107 si\u0142ownika.<\/p>\n<h3>Trwa\u0142o\u015b\u0107<\/h3>\n<p>Trwa\u0142o\u015b\u0107 jest kluczowa dla si\u0142ownik\u00f3w wysi\u0119gnika, szczeg\u00f3lnie w wymagaj\u0105cych zastosowaniach. Zastosowane materia\u0142y powinny by\u0107 odporne na zu\u017cycie i korozj\u0119, co gwarantuje wytrzyma\u0142o\u015b\u0107 si\u0142ownika na trudy intensywnego u\u017cytkowania. Regularne przegl\u0105dy i konserwacja pozwalaj\u0105 na wczesne wykrycie oznak zu\u017cycia, przed\u0142u\u017caj\u0105c \u017cywotno\u015b\u0107 produktu. Inwestycja w wysokiej jako\u015bci materia\u0142y i techniki konstrukcyjne mo\u017ce ograniczy\u0107 problemy zwi\u0105zane z cz\u0119stymi wymianami i przestojami.<\/p>\n<h3>Bezpiecze\u0144stwo<\/h3>\n<p>Aby chroni\u0107 operator\u00f3w i maszyny, konstrukcja musi uwzgl\u0119dnia\u0107 funkcje bezpiecze\u0144stwa. Obejmuje to m.in. zastosowanie zawor\u00f3w bezpiecze\u0144stwa i zapewnienie bezpiecznej pracy cylindra w ekstremalnych warunkach. Regularne audyty bezpiecze\u0144stwa i przestrzeganie protoko\u0142\u00f3w bezpiecze\u0144stwa s\u0105 niezb\u0119dne do ograniczenia ryzyka zwi\u0105zanego z awariami hydraulicznymi.<\/p>\n<h3>Utrzymywalno\u015b\u0107<\/h3>\n<p>\u0141atwo\u015b\u0107 konserwacji powinna by\u0107 priorytetem przy wyborze si\u0142ownika wysi\u0119gnika. Cechy konstrukcyjne umo\u017cliwiaj\u0105ce \u0142atwy dost\u0119p do podzespo\u0142\u00f3w w celu smarowania, kontroli i naprawy mog\u0105 zaoszcz\u0119dzi\u0107 czas i pieni\u0105dze. Wdro\u017cenie harmonogramu konserwacji zapobiegawczej mo\u017ce zwi\u0119kszy\u0107 niezawodno\u015b\u0107 si\u0142ownika, zapewniaj\u0105c jego wydajn\u0105 prac\u0119 przez ca\u0142y okres jego eksploatacji.<\/p>\n<p><img decoding=\"async\" src=\"https:\/\/www.hydraulic-cylinders.net\/wp-content\/uploads\/2025\/04\/songte-oil-pipes-and-spare-parts.webp\" alt=\"Obraz cz\u0119\u015bci hydraulicznych\"><\/p>\n<h2>Uszczelnianie i smarowanie<\/h2>\n<p>Prawid\u0142owe uszczelnienie jest kluczowe w uk\u0142adach hydraulicznych. R\u00f3\u017cne uszczelnienia, takie jak uszczelnienia t\u0142ok\u00f3w i t\u0142oczysk, zapobiegaj\u0105 wyciekom p\u0142ynu hydraulicznego i utrzymuj\u0105 ci\u015bnienie w cylindrze. Uszczelnienia powinny by\u0107 wykonane z trwa\u0142ych materia\u0142\u00f3w, takich jak poliuretan lub kauczuk nitrylowy, aby by\u0142y odporne na zu\u017cycie i warunki \u015brodowiskowe. Ponadto korpus cylindra i gwintowane powierzchnie ko\u0144cowe musz\u0105 by\u0107 precyzyjnie obrobione, aby zwi\u0119kszy\u0107 odporno\u015b\u0107 na zu\u017cycie. Regularne smarowanie odpowiednim olejem hydraulicznym jest niezb\u0119dne w celu zminimalizowania tarcia i poprawy wydajno\u015bci. To nie tylko wyd\u0142u\u017ca \u017cywotno\u015b\u0107 uszczelnie\u0144, ale tak\u017ce zapewnia p\u0142ynn\u0105 prac\u0119 uk\u0142adu hydraulicznego.<\/p>\n<h2>Regularne kontrole i konserwacja zapobiegawcza<\/h2>\n<ul>\n<li><strong>Regularne kontrole:<\/strong> Zaplanuj rutynowe kontrole, aby zidentyfikowa\u0107 wszelkie oznaki zu\u017cycia lub uszkodze\u0144. To proaktywne podej\u015bcie mo\u017ce pom\u00f3c wykry\u0107 problemy na wczesnym etapie, zanim przerodz\u0105 si\u0119 w powa\u017cne problemy.<\/li>\n<li><strong>W\u0142a\u015bciwe smarowanie:<\/strong> Upewnij si\u0119, \u017ce olej hydrauliczny jest utrzymywany na w\u0142a\u015bciwym poziomie i ma w\u0142a\u015bciwy rodzaj, aby zapewni\u0107 optymaln\u0105 wydajno\u015b\u0107. Regularnie sprawdzaj i wymieniaj olej w razie potrzeby, aby unikn\u0105\u0107 problem\u00f3w zwi\u0105zanych z awari\u0105 smarowania.<\/li>\n<li><strong>Wymiana uszczelki:<\/strong> Monitoruj stan uszczelek pod k\u0105tem zu\u017cycia i wymieniaj je w razie potrzeby, aby zapobiec wyciekom i utrzyma\u0107 ci\u015bnienie w uk\u0142adzie. Regularne kontrole uszczelek s\u0105 niezb\u0119dne dla zapewnienia d\u0142ugiej \u017cywotno\u015bci si\u0142ownika hydraulicznego.<\/li>\n<\/ul>\n<h2>Wytyczne dotycz\u0105ce instalacji<\/h2>\n<p>Prawid\u0142owy monta\u017c si\u0142ownika wysi\u0119gnika ma kluczowe znaczenie dla optymalnej wydajno\u015bci. Zacznij od upewnienia si\u0119, \u017ce si\u0142ownik jest prawid\u0142owo wyr\u00f3wnany ze wspornikami monta\u017cowymi, poniewa\u017c niewsp\u00f3\u0142osiowo\u015b\u0107 mo\u017ce prowadzi\u0107 do nadmiernego zu\u017cycia i potencjalnej awarii. U\u017cyj odpowiednich element\u00f3w monta\u017cowych, aby zabezpieczy\u0107 si\u0142ownik na miejscu i unikaj nadmiernego dokr\u0119cania, kt\u00f3re mog\u0142oby uszkodzi\u0107 podzespo\u0142y. Post\u0119puj zgodnie ze specyfikacjami producenta dotycz\u0105cymi po\u0142\u0105cze\u0144 hydraulicznych i upewnij si\u0119, \u017ce wszystkie przy\u0142\u0105cza s\u0105 dobrze dokr\u0119cone, aby zapobiec wyciekom. Po monta\u017cu wykonaj jazd\u0119 pr\u00f3bn\u0105, aby sprawdzi\u0107, czy nie wyst\u0119puj\u0105 nieprawid\u0142owo\u015bci w dzia\u0142aniu. Regularnie monitoruj si\u0142ownik podczas pocz\u0105tkowej eksploatacji, aby upewni\u0107 si\u0119, \u017ce wszystko dzia\u0142a prawid\u0142owo i bezpiecznie.<\/p>\n<h2>Typowe zadania konserwacyjne<\/h2>\n<h3>Regularne kontrole<\/h3>\n<p>Regularne kontrole s\u0105 niezb\u0119dne do identyfikacji potencjalnych problem\u00f3w, zanim stan\u0105 si\u0119 powa\u017cne. Sprawd\u017a oznaki wyciek\u00f3w, zu\u017cycia i og\u00f3ln\u0105 sprawno\u015b\u0107. Kontrola wizualna cz\u0119sto mo\u017ce ujawni\u0107 problemy wymagaj\u0105ce rozwi\u0105zania. Dokumentowanie ustale\u0144 i szybkie reagowanie na nie mo\u017ce pom\u00f3c w utrzymaniu wydajno\u015bci operacyjnej.<\/p>\n<h3>Odpowiednie smarowanie<\/h3>\n<p>Regularne smarowanie uk\u0142adu hydraulicznego jest niezb\u0119dne dla zminimalizowania tarcia i zu\u017cycia. Nale\u017cy stosowa\u0107 zalecany olej hydrauliczny i zapewni\u0107 odpowiednie smarowanie wszystkich ruchomych cz\u0119\u015bci. Taka praktyka nie tylko wyd\u0142u\u017ca \u017cywotno\u015b\u0107 podzespo\u0142\u00f3w, ale tak\u017ce poprawia og\u00f3ln\u0105 wydajno\u015b\u0107 uk\u0142adu. Ustalenie harmonogramu smarowania mo\u017ce pom\u00f3c w utrzymaniu regularno\u015bci w tym zakresie.<\/p>\n<h3>Wymiana uszczelki<\/h3>\n<p>Wymiana uszczelek w ramach regularnej konserwacji jest kluczowa dla zapobiegania wyciekom. Monitoruj stan uszczelek i wymieniaj je, zanim wyka\u017c\u0105 znaczne zu\u017cycie. Prawid\u0142owa konserwacja uszczelek zapewnia utrzymanie ci\u015bnienia i prawid\u0142owe funkcjonowanie uk\u0142adu, unikaj\u0105c w ten spos\u00f3b kosztownych napraw zwi\u0105zanych z awariami hydraulicznymi.<\/p>\n<p><img decoding=\"async\" src=\"https:\/\/www.hydraulic-cylinders.net\/wp-content\/uploads\/2025\/04\/songte-chushion-collar.webp\" alt=\"Obraz ko\u0142nierza poduszkowego\"><\/p>\n<h2>Zagadnienia bezpiecze\u0144stwa i czynniki \u015brodowiskowe<\/h2>\n<p>Podczas pracy z uk\u0142adami hydraulicznymi \u015brodki bezpiecze\u0144stwa s\u0105 najwa\u017cniejsze. Operatorzy powinni by\u0107 przeszkoleni w zakresie bezpiecznego u\u017cytkowania sprz\u0119tu i zna\u0107 potencjalne zagro\u017cenia zwi\u0105zane z awariami hydraulicznymi. Nale\u017cy stosowa\u0107 \u015brodki ochrony indywidualnej (PPE), aby zminimalizowa\u0107 ryzyko podczas obs\u0142ugi i konserwacji. Ponadto nale\u017cy wzi\u0105\u0107 pod uwag\u0119 kwestie ochrony \u015brodowiska, koncentruj\u0105c si\u0119 na prawid\u0142owym obchodzeniu si\u0119 z p\u0142ynami hydraulicznymi i materia\u0142ami oraz ich utylizacji, aby zapobiec zanieczyszczeniu i zapewni\u0107 zgodno\u015b\u0107 z przepisami ochrony \u015brodowiska.<\/p>\n<h2>Rozwi\u0105zywanie problem\u00f3w i typowe problemy<\/h2>\n<ul>\n<li><strong>Przeciek:<\/strong> Najcz\u0119stsz\u0105 przyczyn\u0105 s\u0105 zu\u017cyte uszczelki lub nieprawid\u0142owy monta\u017c. Sprawd\u017a uszczelki i z\u0142\u0105czki i wymie\u0144 je w razie potrzeby.<\/li>\n<li><strong>Niskie ci\u015bnienie:<\/strong> Mo\u017ce to wskazywa\u0107 na nieszczelno\u015bci w uk\u0142adzie, niedob\u00f3r p\u0142ynu hydraulicznego lub problemy z pomp\u0105. Dok\u0142adnie sprawd\u017a uk\u0142ad, aby zidentyfikowa\u0107 \u017ar\u00f3d\u0142o problemu.<\/li>\n<li><strong>Nieodpowiadaj\u0105cy cylinder:<\/strong> Mo\u017ce to by\u0107 spowodowane uwi\u0119zieniem powietrza w przewodach hydraulicznych, niskim poziomem p\u0142ynu lub zatorami. Odpowietrz uk\u0142ad, sprawd\u017a poziom p\u0142ynu i usu\u0144 wszelkie przeszkody.<\/li>\n<\/ul>\n<h2>Wskaz\u00f3wki dotycz\u0105ce rozwi\u0105zywania problem\u00f3w<\/h2>\n<p>Diagnozuj\u0105c problemy, zacznij od sprawdzenia parametr\u00f3w operacyjnych i sprawd\u017a, czy nie ma widocznych uszkodze\u0144. Sprawdzenie poziomu i jako\u015bci p\u0142yn\u00f3w cz\u0119sto pozwala na ujawnienie przyczyny awarii. Wdra\u017caj systematyczne podej\u015bcie do rozwi\u0105zywania problem\u00f3w, dokumentuj\u0105c ustalenia i podj\u0119te dzia\u0142ania, aby stworzy\u0107 kompleksow\u0105 histori\u0119 konserwacji. \u015arodki zapobiegawcze, takie jak regularna konserwacja i kontrole systemu, mog\u0105 znacznie zmniejszy\u0107 prawdopodobie\u0144stwo wyst\u0105pienia problem\u00f3w w przysz\u0142o\u015bci.<\/p>\n<p><img decoding=\"async\" src=\"https:\/\/www.hydraulic-cylinders.net\/wp-content\/uploads\/2025\/04\/songte-bushings-with-all-kinds-of-excavator-models.webp\" alt=\"Obraz tulei koparki\"><\/p>\n<h2>Przegl\u0105d firmy<\/h2>\n<p>Jeste\u015bmy wiod\u0105cym producentem zamiennych si\u0142ownik\u00f3w hydraulicznych, oferuj\u0105cym szerok\u0105 gam\u0119 produkt\u00f3w zar\u00f3wno na rynek krajowy, jak i mi\u0119dzynarodowy. Nasze zaanga\u017cowanie w d\u0105\u017cenie do doskona\u0142o\u015bci jako\u015bci jest wspierane przez nasze skrupulatne strategie produkcyjne i zaawansowane systemy zarz\u0105dzania produkcj\u0105. Wykorzystuj\u0105c wykwalifikowany personel techniczny i najnowocze\u015bniejszy sprz\u0119t do produkcji cyfrowej, stale udoskonalamy nasze platformy produkcyjne, aby podnosi\u0107 jako\u015b\u0107 produkt\u00f3w. Nasze mo\u017cliwo\u015bci pozwalaj\u0105 nam sprawnie i precyzyjnie spe\u0142nia\u0107 zr\u00f3\u017cnicowane wymagania klient\u00f3w, gwarantuj\u0105c wysoki poziom ich satysfakcji.<\/p>\n<p>Nasz profesjonalizm znajduje odzwierciedlenie w mi\u0119dzynarodowych certyfikatach i oferowanych przez nas us\u0142ugach niestandardowych. Wykorzystujemy najnowocze\u015bniejszy sprz\u0119t produkcyjny i zapewniamy solidne wsparcie posprzeda\u017cowe, aby odpowiedzie\u0107 na pytania i w\u0105tpliwo\u015bci klient\u00f3w. Dzi\u0119ki naszemu zaanga\u017cowaniu w jako\u015b\u0107 i obs\u0142ug\u0119 d\u0105\u017cymy do tego, aby by\u0107 preferowanym wyborem w bran\u017cy cylindr\u00f3w hydraulicznych.<\/p>\n<p><img decoding=\"async\" src=\"https:\/\/www.hydraulic-cylinders.net\/wp-content\/uploads\/2025\/04\/songte-company-4.webp\" alt=\"Wizerunek firmy\"><br \/>\n<img decoding=\"async\" src=\"https:\/\/www.hydraulic-cylinders.net\/wp-content\/uploads\/2025\/04\/songte-company-3.webp\" alt=\"Wizerunek firmy\"><\/p>\n<p>Autor: lyl<\/p>","protected":false},"excerpt":{"rendered":"<p>Boom Cylinder For Bobcat Small Excavator E85 Product Overview The Boom Cylinder for Bobcat Small Excavator E85 is a vital hydraulic component that plays a crucial role in the performance of heavy machinery. This hydraulic cylinder is specifically designed to control the movement of the boom in excavators, backhoes, and front loaders. It enables the [&hellip;]<\/p>","protected":false},"featured_media":17875,"comment_status":"open","ping_status":"closed","template":"","meta":{"_et_pb_use_builder":"","_et_pb_old_content":"","_et_gb_content_width":""},"product_brand":[],"product_cat":[1546],"product_tag":[1547,1496],"class_list":{"0":"post-19415","1":"product","2":"type-product","3":"status-publish","4":"has-post-thumbnail","6":"product_cat-boom-cylinders","7":"product_tag-boom-cylinders","8":"product_tag-hydraulic-cylinders","10":"first","11":"instock","12":"shipping-taxable","13":"product-type-simple"},"amp_enabled":true,"_links":{"self":[{"href":"https:\/\/www.hydraulic-cylinders.net\/pl\/wp-json\/wp\/v2\/product\/19415","targetHints":{"allow":["GET"]}}],"collection":[{"href":"https:\/\/www.hydraulic-cylinders.net\/pl\/wp-json\/wp\/v2\/product"}],"about":[{"href":"https:\/\/www.hydraulic-cylinders.net\/pl\/wp-json\/wp\/v2\/types\/product"}],"replies":[{"embeddable":true,"href":"https:\/\/www.hydraulic-cylinders.net\/pl\/wp-json\/wp\/v2\/comments?post=19415"}],"wp:featuredmedia":[{"embeddable":true,"href":"https:\/\/www.hydraulic-cylinders.net\/pl\/wp-json\/wp\/v2\/media\/17875"}],"wp:attachment":[{"href":"https:\/\/www.hydraulic-cylinders.net\/pl\/wp-json\/wp\/v2\/media?parent=19415"}],"wp:term":[{"taxonomy":"product_brand","embeddable":true,"href":"https:\/\/www.hydraulic-cylinders.net\/pl\/wp-json\/wp\/v2\/product_brand?post=19415"},{"taxonomy":"product_cat","embeddable":true,"href":"https:\/\/www.hydraulic-cylinders.net\/pl\/wp-json\/wp\/v2\/product_cat?post=19415"},{"taxonomy":"product_tag","embeddable":true,"href":"https:\/\/www.hydraulic-cylinders.net\/pl\/wp-json\/wp\/v2\/product_tag?post=19415"}],"curies":[{"name":"wp","href":"https:\/\/api.w.org\/{rel}","templated":true}]}}