{"id":19441,"date":"2025-04-07T06:47:41","date_gmt":"2025-04-07T06:47:41","guid":{"rendered":"https:\/\/www.hydraulic-cylinders.net\/product\/boom-cylinder-for-case-small-excavator-cx130b\/"},"modified":"2025-04-07T06:47:44","modified_gmt":"2025-04-07T06:47:44","slug":"boom-cylinder-for-case-small-excavator-cx130b","status":"publish","type":"product","link":"https:\/\/www.hydraulic-cylinders.net\/pl\/produkt\/boom-cylinder-for-case-small-excavator-cx130b\/","title":{"rendered":"Si\u0142ownik wysi\u0119gnika do ma\u0142ej koparki Case CX130B"},"content":{"rendered":"<h1>Si\u0142ownik wysi\u0119gnika do ma\u0142ej koparki Case CX130B<\/h1>\n<h2>Przegl\u0105d produktu<\/h2>\n<p>Si\u0142ownik wysi\u0119gnika do ma\u0142ej koparki Case CX130B to specjalistyczny si\u0142ownik hydrauliczny przeznaczony do sterowania ruchem \u0142y\u017cki w r\u00f3\u017cnych maszynach ci\u0119\u017ckich, takich jak koparki, koparko-\u0142adowarki i \u0142adowarki czo\u0142owe. Ten element hydrauliczny umo\u017cliwia podnoszenie, opuszczanie i przechylanie \u0142y\u017cki, u\u0142atwiaj\u0105c wydajne przenoszenie materia\u0142\u00f3w. Si\u0142ownik \u0142y\u017cki odgrywa kluczow\u0105 rol\u0119 w uk\u0142adach hydraulicznych, umo\u017cliwiaj\u0105c p\u0142ynne i precyzyjne ruchy niezb\u0119dne podczas prac ziemnych i za\u0142adunkowych.<\/p>\n<p><img decoding=\"async\" src=\"https:\/\/www.hydraulic-cylinders.net\/wp-content\/uploads\/2025\/04\/songte-company-1.webp\" alt=\"Si\u0142ownik wysi\u0119gnika do koparek\" \/><\/p>\n<h2>Cechy cylindra wysi\u0119gnika<\/h2>\n<ul>\n<li><strong>Wysoka wytrzyma\u0142o\u015b\u0107 i trwa\u0142o\u015b\u0107:<\/strong> Wykonany z wytrzyma\u0142ej stali lub aluminium cylinder zaprojektowano tak, aby wytrzymywa\u0142 wysokie ci\u015bnienie i du\u017ce obci\u0105\u017cenia, dzi\u0119ki czemu nadaje si\u0119 do pracy w trudnych warunkach.<\/li>\n<li><strong>Wydajna praca uk\u0142adu hydraulicznego:<\/strong> Wykorzystuje ci\u015bnienie oleju hydraulicznego do p\u0142ynnego wysuwania i wsuwania, umo\u017cliwiaj\u0105c szybk\u0105 reakcj\u0119 na polecenia steruj\u0105ce i zapewniaj\u0105c du\u017c\u0105 si\u0142\u0119 pchania i ci\u0105gni\u0119cia.<\/li>\n<li><strong>Dost\u0119pne r\u00f3\u017cne typy:<\/strong> Dost\u0119pne s\u0105 si\u0142owniki jednostronnego dzia\u0142ania (wykorzystuj\u0105ce ci\u015bnienie hydrauliczne w jednym kierunku) lub dwustronnego dzia\u0142ania (wykorzystuj\u0105ce ci\u015bnienie hydrauliczne w obu kierunkach), przy czym niekt\u00f3re modele s\u0105 teleskopowe, co pozwala na wi\u0119ksze wysuni\u0119cie bez zwi\u0119kszania wymiar\u00f3w zewn\u0119trznych.<\/li>\n<li><strong>Rozwi\u0105zania dostosowywane do indywidualnych potrzeb:<\/strong> Nasze produkty mog\u0105 by\u0107 wyprodukowane w taki spos\u00f3b, aby idealnie zast\u0105pi\u0107 istniej\u0105ce si\u0142owniki hydrauliczne, zapewniaj\u0105c kompatybilno\u015b\u0107 z r\u00f3\u017cnymi modelami koparek.<\/li>\n<li><strong>Ekonomiczna konstrukcja:<\/strong> Zaprojektowane z my\u015bl\u0105 o minimalnej konserwacji i optymalnej wydajno\u015bci, co zmniejsza og\u00f3lne koszty eksploatacji maszyn.<\/li>\n<\/ul>\n<p><img decoding=\"async\" src=\"https:\/\/www.hydraulic-cylinders.net\/wp-content\/uploads\/2025\/04\/songte-cylinder-head-with-all-kinds-excavator-models.webp\" alt=\"Modele cylindr\u00f3w koparek\" \/><\/p>\n<h2>Zastosowania cylindra wysi\u0119gnika<\/h2>\n<h3>Sprz\u0119t budowlany<\/h3>\n<p>W maszynach budowlanych si\u0142owniki wysi\u0119gnika odgrywaj\u0105 kluczow\u0105 rol\u0119 w koparkach, umo\u017cliwiaj\u0105c kopanie, za\u0142adunek i przemieszczanie ziemi lub gruzu. W koparko-\u0142adowarkach si\u0142ownik \u0142y\u017cki wspomaga zar\u00f3wno kopanie, jak i podnoszenie, zapewniaj\u0105c wydajn\u0105 prac\u0119 na placach budowy.<\/p>\n<h3>Maszyny rolnicze<\/h3>\n<p>Stosowane w \u0142adowarkach czo\u0142owych si\u0142owniki wysi\u0119gnika u\u0142atwiaj\u0105 zgarnianie, podnoszenie i transport gleby, siana i innych materia\u0142\u00f3w. Ta wszechstronno\u015b\u0107 jest niezb\u0119dna w rolnictwie, kt\u00f3re wymaga niezawodnego sprz\u0119tu do transportu materia\u0142\u00f3w.<\/p>\n<h3>Koparki<\/h3>\n<p>W koparkach si\u0142ownik wysi\u0119gnika umo\u017cliwia skuteczn\u0105 penetracj\u0119 \u0142y\u017cki w grunt, umo\u017cliwiaj\u0105c kopanie. Jego konstrukcja gwarantuje stabilno\u015b\u0107 \u0142y\u017cki podczas wykonywania r\u00f3\u017cnych prac zwi\u0105zanych z penetracj\u0105 gruntu.<\/p>\n<h3>\u0141adowarki<\/h3>\n<p>W \u0142adowarkach czo\u0142owych si\u0142owniki wysi\u0119gnika wspomagaj\u0105 wydajne podnoszenie i zrzucanie materia\u0142\u00f3w. Ich moc hydrauliczna ma kluczowe znaczenie dla obs\u0142ugi ci\u0119\u017ckich \u0142adunk\u00f3w i zwi\u0119kszenia wydajno\u015bci w budownictwie i rolnictwie.<\/p>\n<h2>Zagadnienia projektowe i kryteria wyboru<\/h2>\n<h3>No\u015bno\u015b\u0107<\/h3>\n<p>No\u015bno\u015b\u0107 si\u0142ownika wysi\u0119gnika jest fundamentalnym czynnikiem konstrukcyjnym. Musi on by\u0107 w stanie ud\u017awign\u0105\u0107 ci\u0119\u017car i si\u0142y dzia\u0142aj\u0105ce podczas pracy. In\u017cynierowie oceniaj\u0105 obci\u0105\u017cenia, kt\u00f3rym b\u0119dzie poddawana koparka, aby okre\u015bli\u0107 odpowiednie parametry techniczne si\u0142ownika.<\/p>\n<h3>Integralno\u015b\u0107 uszczelnienia<\/h3>\n<p>Uszczelnienie ma kluczowe znaczenie dla utrzymania ci\u015bnienia hydraulicznego i zapobiegania wyciekom p\u0142ynu. Wyb\u00f3r wysokiej jako\u015bci uszczelnie\u0144, takich jak uszczelnienia t\u0142ok\u00f3w i t\u0142oczysk, zapewnia optymaln\u0105 wydajno\u015b\u0107 i trwa\u0142o\u015b\u0107 si\u0142ownika hydraulicznego. Regularne kontrole i konserwacja s\u0105 niezb\u0119dne do utrzymania integralno\u015bci uszczelnie\u0144.<\/p>\n<h3>Trwa\u0142o\u015b\u0107<\/h3>\n<p>Trwa\u0142o\u015b\u0107 jest kluczowa w projektowaniu si\u0142ownik\u00f3w hydraulicznych, poniewa\u017c elementy te s\u0105 nara\u017cone na du\u017ce obci\u0105\u017cenia i zmienne warunki \u015brodowiskowe. Materia\u0142y i pow\u0142oki odporne na zu\u017cycie i korozj\u0119 s\u0105 niezb\u0119dne dla wyd\u0142u\u017cenia \u017cywotno\u015bci si\u0142ownika wysi\u0119gnika.<\/p>\n<h3>Funkcje bezpiecze\u0144stwa<\/h3>\n<p>Projektowanie z my\u015bl\u0105 o bezpiecze\u0144stwie obejmuje integracj\u0119 funkcji minimalizuj\u0105cych ryzyko podczas eksploatacji. Nale\u017c\u0105 do nich zawory bezpiecze\u0144stwa, kt\u00f3re zapobiegaj\u0105 przeci\u0105\u017ceniu, oraz solidne punkty mocowania, kt\u00f3re zwi\u0119kszaj\u0105 stabilno\u015b\u0107 podczas u\u017cytkowania.<\/p>\n<h3>Utrzymywalno\u015b\u0107<\/h3>\n<p>Dobrze zaprojektowany si\u0142ownik hydrauliczny powinien umo\u017cliwia\u0107 \u0142atw\u0105 konserwacj\u0119. Obejmuje to dost\u0119pno\u015b\u0107 punkt\u00f3w smarowania, proste procedury wymiany uszczelnie\u0144 oraz jasne wytyczne dotycz\u0105ce kontroli i serwisowania, aby zapewni\u0107 ci\u0105g\u0142\u0105 wydajno\u015b\u0107 operacyjn\u0105.<\/p>\n<p><img decoding=\"async\" src=\"https:\/\/www.hydraulic-cylinders.net\/wp-content\/uploads\/2025\/04\/songte-oil-pipes-and-spare-parts.webp\" alt=\"Cz\u0119\u015bci i akcesoria hydrauliczne\" \/><\/p>\n<h2>Uszczelnianie i smarowanie<\/h2>\n<p>Uszczelnienie i smarowanie si\u0142ownik\u00f3w wysi\u0119gnika ma kluczowe znaczenie dla ich wydajno\u015bci i trwa\u0142o\u015bci. Powszechnie stosowane s\u0105 r\u00f3\u017cne elementy uszczelniaj\u0105ce, takie jak uszczelnienia t\u0142oka i t\u0142oczyska. Dob\u00f3r materia\u0142\u00f3w, takich jak poliuretan i kauczuk nitrylowy, ma kluczowe znaczenie dla ich odporno\u015bci na zu\u017cycie. Dodatkowo, dok\u0142adna obr\u00f3bka powierzchni korpusu si\u0142ownika i ko\u0144c\u00f3wek gwintowanych zwi\u0119ksza odporno\u015b\u0107 na zu\u017cycie. Regularne smarowanie olejem hydraulicznym jest niezb\u0119dne dla zapewnienia p\u0142ynnej pracy i zapobiegania przedwczesnemu zu\u017cyciu element\u00f3w wewn\u0119trznych.<\/p>\n<h2>\u015arodki konserwacji zapobiegawczej<\/h2>\n<ul>\n<li><strong>Regularne kontrole:<\/strong> Nale\u017cy przeprowadza\u0107 rutynowe kontrole wizualne i funkcjonalne w celu wykrycia wszelkich oznak zu\u017cycia, wyciek\u00f3w lub uszkodze\u0144. Wczesne wykrycie pomaga w rozwi\u0105zaniu potencjalnych problem\u00f3w, zanim si\u0119 nasil\u0105.<\/li>\n<li><strong>Prawid\u0142owe smarowanie:<\/strong> Zapewnienie odpowiedniego smarowania cylindra hydraulicznego w\u0142a\u015bciwym olejem hydraulicznym zmniejsza tarcie i zu\u017cycie, wyd\u0142u\u017caj\u0105c \u017cywotno\u015b\u0107 cylindra.<\/li>\n<li><strong>Wymiana uszczelki:<\/strong> Nale\u017cy regularnie sprawdza\u0107 uszczelnienia i niezw\u0142ocznie wymienia\u0107 wszelkie zu\u017cyte lub uszkodzone uszczelki, aby zapobiega\u0107 wyciekom i utrzyma\u0107 ci\u015bnienie hydrauliczne.<\/li>\n<\/ul>\n<h2>Wytyczne dotycz\u0105ce instalacji<\/h2>\n<p>Prawid\u0142owy monta\u017c si\u0142ownika wysi\u0119gnika ma kluczowe znaczenie dla optymalnej wydajno\u015bci. Zacznij od upewnienia si\u0119, \u017ce si\u0142ownik jest prawid\u0142owo wyr\u00f3wnany ze wspornikami monta\u017cowymi. U\u017cyj odpowiednich narz\u0119dzi monta\u017cowych, aby zabezpieczy\u0107 si\u0142ownik na miejscu i sprawd\u017a, czy wszystkie z\u0142\u0105czki s\u0105 dokr\u0119cone zgodnie ze specyfikacj\u0105 producenta. Koniecznie sprawd\u017a, czy nie ma \u017cadnych przeszk\u00f3d, kt\u00f3re mog\u0142yby utrudnia\u0107 ruch si\u0142ownika podczas pracy. Po monta\u017cu przetestuj uk\u0142ad hydrauliczny, aby upewni\u0107 si\u0119, \u017ce si\u0142ownik dzia\u0142a p\u0142ynnie, bez wyciek\u00f3w i nieprawid\u0142owo\u015bci.<\/p>\n<h2>Zadania konserwacyjne<\/h2>\n<ul>\n<li><strong>Regularne kontrole:<\/strong> Przeprowadzaj okresowe kontrole uk\u0142adu hydraulicznego, aby wcze\u015bnie wykry\u0107 potencjalne problemy.<\/li>\n<li><strong>W\u0142a\u015bciwe smarowanie:<\/strong> Ensure that the cylinder is lubricated according to the manufacturer&#8217;s recommendations to maintain performance.<\/li>\n<li><strong>Wymiana uszczelki:<\/strong> Monitoruj stan uszczelek i wymieniaj je w razie potrzeby, aby zapobiega\u0107 wyciekom i utrzyma\u0107 ci\u015bnienie hydrauliczne.<\/li>\n<\/ul>\n<h2>Zagadnienia bezpiecze\u0144stwa i czynniki \u015brodowiskowe<\/h2>\n<p>\u015arodki bezpiecze\u0144stwa s\u0105 niezwykle istotne w przypadku uk\u0142ad\u00f3w hydraulicznych. Operatorzy powinni zosta\u0107 przeszkoleni w zakresie prawid\u0142owych procedur obs\u0142ugi, aby zminimalizowa\u0107 ryzyko podczas pracy. Ponadto nale\u017cy zwr\u00f3ci\u0107 uwag\u0119 na czynniki \u015brodowiskowe, takie jak zapobieganie wyciekom p\u0142ynu hydraulicznego, kt\u00f3re mog\u0105 mie\u0107 negatywny wp\u0142yw na otaczaj\u0105cy ekosystem.<\/p>\n<h2>Rozwi\u0105zywanie problem\u00f3w i typowe problemy<\/h2>\n<ul>\n<li><strong>Przeciek:<\/strong> Najcz\u0119stsz\u0105 przyczyn\u0105 s\u0105 zu\u017cyte uszczelki. Sprawd\u017a uszczelki i wymie\u0144 je w razie potrzeby.<\/li>\n<li><strong>S\u0142aba wydajno\u015b\u0107:<\/strong> Mo\u017ce wskazywa\u0107 na niedostateczne smarowanie lub poziom p\u0142ynu hydraulicznego. Sprawd\u017a i uzupe\u0142nij olej hydrauliczny w razie potrzeby.<\/li>\n<li><strong>Zaci\u0119cia cylindr\u00f3w:<\/strong> Cz\u0119sto z powodu niewsp\u00f3\u0142osiowo\u015bci. Nale\u017cy zadba\u0107 o prawid\u0142owe wsp\u00f3\u0142osiowo\u015b\u0107 podczas monta\u017cu i regularnych kontroli konserwacyjnych.<\/li>\n<\/ul>\n<h2>Wskaz\u00f3wki dotycz\u0105ce diagnostyki awarii<\/h2>\n<p>Aby skutecznie rozwi\u0105zywa\u0107 problemy, operatorzy powinni prowadzi\u0107 rejestr problem\u00f3w z wydajno\u015bci\u0105 i podj\u0119tych dzia\u0142a\u0144 naprawczych. Zrozumienie typowych przyczyn awarii pomaga w szybkim diagnozowaniu problem\u00f3w. Regularna konserwacja zapobiegawcza mo\u017ce znacznie zmniejszy\u0107 cz\u0119stotliwo\u015b\u0107 wyst\u0119powania awarii i poprawi\u0107 og\u00f3ln\u0105 niezawodno\u015b\u0107 uk\u0142adu hydraulicznego.<\/p>\n<p><img decoding=\"async\" src=\"https:\/\/www.hydraulic-cylinders.net\/wp-content\/uploads\/2025\/04\/songte-bushings-with-all-kinds-of-excavator-models.webp\" alt=\"Tuleje koparki\" \/><\/p>\n<h2>O naszej firmie<\/h2>\n<p>Jeste\u015bmy wiod\u0105cym producentem i hurtownikiem si\u0142ownik\u00f3w hydraulicznych, d\u0105\u017c\u0105cym do oferowania szerokiej gamy produkt\u00f3w, spe\u0142niaj\u0105cych potrzeby rynku krajowego i mi\u0119dzynarodowego. Nasze d\u0105\u017cenie do doskona\u0142o\u015bci jest poparte dopracowan\u0105 strategi\u0105 produkcyjn\u0105, wykorzystuj\u0105c\u0105 zaawansowane technologie i precyzyjne procesy produkcyjne. Stale udoskonalamy nasze mo\u017cliwo\u015bci produkcyjne, aby zapewni\u0107 wysok\u0105 jako\u015b\u0107 produkt\u00f3w i skutecznie sprosta\u0107 zr\u00f3\u017cnicowanym potrzebom klient\u00f3w.<\/p>\n<p>Nasza specjalizacja obejmuje:<\/p>\n<ul>\n<li><strong>Profesjonalizm:<\/strong> Nasz zesp\u00f3\u0142 sk\u0142ada si\u0119 z wykwalifikowanych specjalist\u00f3w zajmuj\u0105cych si\u0119 produkcj\u0105 wysokiej jako\u015bci element\u00f3w hydraulicznych.<\/li>\n<li><strong>Certyfikaty mi\u0119dzynarodowe:<\/strong> Nasze produkty spe\u0142niaj\u0105 mi\u0119dzynarodowe standardy jako\u015bci, gwarantuj\u0105c niezawodno\u015b\u0107 i wydajno\u015b\u0107.<\/li>\n<li><strong>Us\u0142ugi niestandardowe:<\/strong> Oferujemy rozwi\u0105zania dostosowane do indywidualnych potrzeb klienta.<\/li>\n<li><strong>Zaawansowany sprz\u0119t:<\/strong> Wykorzystanie najnowocze\u015bniejszego sprz\u0119tu produkcyjnego zapewniaj\u0105cego precyzj\u0119 i wydajno\u015b\u0107.<\/li>\n<li><strong>Wsparcie posprzeda\u017cowe:<\/strong> Zapewniamy kompleksow\u0105 obs\u0142ug\u0119 posprzeda\u017cow\u0105, aby zagwarantowa\u0107 zadowolenie i wsparcie klienta.<\/li>\n<\/ul>\n<p><img decoding=\"async\" src=\"https:\/\/www.hydraulic-cylinders.net\/wp-content\/uploads\/2025\/04\/songte-company-4.webp\" alt=\"Nasza firma\" \/><br \/>\n<img decoding=\"async\" src=\"https:\/\/www.hydraulic-cylinders.net\/wp-content\/uploads\/2025\/04\/songte-company-3.webp\" alt=\"Proces produkcyjny\" \/><\/p>\n<p>Autor: lyl<\/p>","protected":false},"excerpt":{"rendered":"<p>Boom Cylinder For Case Small Excavator CX130B Product Overview The Boom Cylinder for Case Small Excavator CX130B is a specialized hydraulic cylinder designed for controlling the movement of the bucket in various heavy machinery, such as excavators, backhoe loaders, and front loaders. This hydraulic component allows the bucket to lift, lower, and tilt, facilitating efficient [&hellip;]<\/p>","protected":false},"featured_media":17870,"comment_status":"open","ping_status":"closed","template":"","meta":{"_et_pb_use_builder":"","_et_pb_old_content":"","_et_gb_content_width":""},"product_brand":[],"product_cat":[1546],"product_tag":[1547,1496],"class_list":{"0":"post-19441","1":"product","2":"type-product","3":"status-publish","4":"has-post-thumbnail","6":"product_cat-boom-cylinders","7":"product_tag-boom-cylinders","8":"product_tag-hydraulic-cylinders","10":"first","11":"instock","12":"shipping-taxable","13":"product-type-simple"},"amp_enabled":true,"_links":{"self":[{"href":"https:\/\/www.hydraulic-cylinders.net\/pl\/wp-json\/wp\/v2\/product\/19441","targetHints":{"allow":["GET"]}}],"collection":[{"href":"https:\/\/www.hydraulic-cylinders.net\/pl\/wp-json\/wp\/v2\/product"}],"about":[{"href":"https:\/\/www.hydraulic-cylinders.net\/pl\/wp-json\/wp\/v2\/types\/product"}],"replies":[{"embeddable":true,"href":"https:\/\/www.hydraulic-cylinders.net\/pl\/wp-json\/wp\/v2\/comments?post=19441"}],"wp:featuredmedia":[{"embeddable":true,"href":"https:\/\/www.hydraulic-cylinders.net\/pl\/wp-json\/wp\/v2\/media\/17870"}],"wp:attachment":[{"href":"https:\/\/www.hydraulic-cylinders.net\/pl\/wp-json\/wp\/v2\/media?parent=19441"}],"wp:term":[{"taxonomy":"product_brand","embeddable":true,"href":"https:\/\/www.hydraulic-cylinders.net\/pl\/wp-json\/wp\/v2\/product_brand?post=19441"},{"taxonomy":"product_cat","embeddable":true,"href":"https:\/\/www.hydraulic-cylinders.net\/pl\/wp-json\/wp\/v2\/product_cat?post=19441"},{"taxonomy":"product_tag","embeddable":true,"href":"https:\/\/www.hydraulic-cylinders.net\/pl\/wp-json\/wp\/v2\/product_tag?post=19441"}],"curies":[{"name":"wp","href":"https:\/\/api.w.org\/{rel}","templated":true}]}}