{"id":19443,"date":"2025-04-07T06:47:47","date_gmt":"2025-04-07T06:47:47","guid":{"rendered":"https:\/\/www.hydraulic-cylinders.net\/product\/boom-cylinder-for-case-middle-excavator-cx21b-em\/"},"modified":"2025-04-07T06:47:49","modified_gmt":"2025-04-07T06:47:49","slug":"boom-cylinder-for-case-middle-excavator-cx21b-em","status":"publish","type":"product","link":"https:\/\/www.hydraulic-cylinders.net\/pl\/produkt\/boom-cylinder-for-case-middle-excavator-cx21b-em\/","title":{"rendered":"Si\u0142ownik wysi\u0119gnika do koparki Case Middle Excavator CX21B-EM"},"content":{"rendered":"<h1>Si\u0142ownik wysi\u0119gnika do koparki Case Middle Excavator CX21B-EM<\/h1>\n<h2>Zrozumienie cylindr\u00f3w wysi\u0119gnika<\/h2>\n<p>Si\u0142ownik wysi\u0119gnika do koparki Case Middle Excavator CX21B-EM to kluczowy element uk\u0142ad\u00f3w hydraulicznych stosowanych w ci\u0119\u017ckich maszynach. Te si\u0142owniki hydrauliczne zosta\u0142y zaprojektowane specjalnie do sterowania ruchem \u0142y\u017cek w koparkach, koparko-\u0142adowarkach i \u0142adowarkach czo\u0142owych. Umo\u017cliwiaj\u0105 one podnoszenie, opuszczanie i przechylanie \u0142y\u017cki, u\u0142atwiaj\u0105c wydajne zadania zwi\u0105zane z prze\u0142adunkiem materia\u0142\u00f3w.<\/p>\n<p><img decoding=\"async\" src=\"https:\/\/www.hydraulic-cylinders.net\/wp-content\/uploads\/2025\/04\/songte-company-1.webp\" alt=\"Si\u0142ownik hydrauliczny\" \/><\/p>\n<p>Zazwyczaj si\u0142ownik czerpakowy to rodzaj si\u0142ownika hydraulicznego, kt\u00f3ry dzia\u0142a poprzez wykorzystanie ci\u015bnienia oleju hydraulicznego. Umo\u017cliwia to p\u0142ynne ruchy wysuwania i wsuwania, szybk\u0105 reakcj\u0119 na polecenia operatora, a jednocze\u015bnie dostarcza du\u017c\u0105 si\u0142\u0119 ci\u0105gni\u0119cia i pchania. Zaprojektowano je z my\u015bl\u0105 o trwa\u0142o\u015bci i wydajno\u015bci, co czyni je niezb\u0119dnymi w wielu zastosowaniach, od maszyn budowlanych po rolnicze.<\/p>\n<h2>Cechy cylindra wysi\u0119gnika<\/h2>\n<ul>\n<li><strong>Wysoka wytrzyma\u0142o\u015b\u0107 i trwa\u0142o\u015b\u0107:<\/strong> Wykonane z wysokowytrzyma\u0142ej stali lub aluminium, te cylindry wytrzymuj\u0105 wysokie ci\u015bnienia i du\u017ce obci\u0105\u017cenia, dzi\u0119ki czemu nadaj\u0105 si\u0119 do pracy w trudnych warunkach. Zaprojektowano je z my\u015bl\u0105 o odporno\u015bci na zu\u017cycie i korozj\u0119, co wyd\u0142u\u017ca ich \u017cywotno\u015b\u0107.<\/li>\n<li><strong>Wydajna praca uk\u0142adu hydraulicznego:<\/strong> Wykorzystuj\u0105c ci\u015bnienie oleju hydraulicznego, si\u0142owniki te zapewniaj\u0105 p\u0142ynne wysuwanie i wsuwanie. Szybko reaguj\u0105 na polecenia, zapewniaj\u0105c du\u017c\u0105 si\u0142\u0119 ci\u0105gni\u0119cia i pchania, niezb\u0119dn\u0105 do przenoszenia ci\u0119\u017ckich przedmiot\u00f3w i wykonywania skomplikowanych zada\u0144.<\/li>\n<li><strong>R\u00f3\u017cne typy:<\/strong> Dost\u0119pne w wersji jednostronnego dzia\u0142ania (dzia\u0142aj\u0105cej hydraulicznie w jednym kierunku) lub dwustronnego dzia\u0142ania (dzia\u0142aj\u0105cej w obu kierunkach), si\u0142owniki te mo\u017cna dostosowa\u0107 do konkretnych potrzeb operacyjnych. Niekt\u00f3re modele s\u0105 teleskopowe, co pozwala na wi\u0119ksze wysuni\u0119cie bez zwi\u0119kszania wymiar\u00f3w zewn\u0119trznych, co jest idealne w zastosowaniach o ograniczonej przestrzeni.<\/li>\n<li><strong>Solidna konstrukcja:<\/strong> Konstrukcja si\u0142ownika wysi\u0119gnika uwzgl\u0119dnia rygorystyczne wymagania ci\u0119\u017ckich operacji, zapewniaj\u0105c niezawodno\u015b\u0107 i optymaln\u0105 wydajno\u015b\u0107 w r\u00f3\u017cnych warunkach eksploatacyjnych.<\/li>\n<li><strong>\u0141atwa integracja:<\/strong> Nasze si\u0142owniki wysi\u0119gnika mog\u0105 bezproblemowo zast\u0105pi\u0107 istniej\u0105ce si\u0142owniki hydrauliczne, zapewniaj\u0105c kompatybilno\u015b\u0107 i bezproblemow\u0105 instalacj\u0119.<\/li>\n<\/ul>\n<p><img decoding=\"async\" src=\"https:\/\/www.hydraulic-cylinders.net\/wp-content\/uploads\/2025\/04\/songte-cylinder-head-with-all-kinds-excavator-models.webp\" alt=\"Modele koparek\" \/><\/p>\n<h2>Zastosowania cylindra wysi\u0119gnika<\/h2>\n<h3>Sprz\u0119t budowlany<\/h3>\n<p>W sprz\u0119cie budowlanym si\u0142ownik wysi\u0119gnika ma kluczowe znaczenie dla koparek. Odgrywa on znacz\u0105c\u0105 rol\u0119 w kopaniu, \u0142adowaniu i przemieszczaniu gleby lub gruzu. Generowana przez niego moc hydrauliczna pozwala koparce na wydajne wykonywanie tych zada\u0144, co czyni j\u0105 niezast\u0105pionym narz\u0119dziem na ka\u017cdym placu budowy. W koparko-\u0142adowarkach si\u0142ownik \u0142y\u017cki wspomaga zar\u00f3wno prace wykopowe, jak i podnoszenie, zapewniaj\u0105c wszechstronno\u015b\u0107 w obs\u0142udze r\u00f3\u017cnych materia\u0142\u00f3w.<\/p>\n<h3>Maszyny rolnicze<\/h3>\n<p>W maszynach rolniczych si\u0142ownik wysi\u0119gnika cz\u0119sto znajduje zastosowanie w \u0142adowarkach czo\u0142owych. Odpowiada on za nabieranie, podnoszenie i transport gleby, siana i innych materia\u0142\u00f3w. Dzia\u0142anie hydrauliczne umo\u017cliwia tym maszynom \u0142atwe podnoszenie du\u017cych ci\u0119\u017car\u00f3w, usprawniaj\u0105c prac\u0119 w gospodarstwach rolnych i w rolnictwie.<\/p>\n<h3>Koparki<\/h3>\n<p>W koparkach si\u0142ownik wysi\u0119gnika u\u0142atwia kopanie, umo\u017cliwiaj\u0105c \u0142y\u017cce skuteczne zag\u0142\u0119bianie si\u0119 w gleb\u0119. Ta funkcja hydrauliczna jest niezb\u0119dna do wykonywania r\u00f3\u017cnorodnych prac ziemnych, od kopania row\u00f3w po kopanie fundament\u00f3w, zapewniaj\u0105c operatorom precyzj\u0119 i si\u0142\u0119 kopania.<\/p>\n<h3>\u0141adowarki<\/h3>\n<p>W \u0142adowarkach czo\u0142owych cylindry wysi\u0119gnika wspomagaj\u0105 wydajne podnoszenie i zrzucanie materia\u0142\u00f3w. Ta funkcjonalno\u015b\u0107 jest kluczowa w przypadku zada\u0144 takich jak za\u0142adunek ci\u0119\u017car\u00f3wek czy oczyszczanie plac\u00f3w budowy, gdzie efektywne przemieszczanie materia\u0142\u00f3w mo\u017ce znacz\u0105co wp\u0142yn\u0105\u0107 na wydajno\u015b\u0107.<\/p>\n<h2>Zagadnienia projektowe i standardy wyboru<\/h2>\n<h3>No\u015bno\u015b\u0107<\/h3>\n<p>Przy projektowaniu si\u0142ownika wysi\u0119gnika, ud\u017awig jest kwesti\u0105 priorytetow\u0105. Si\u0142ownik musi by\u0107 w stanie ud\u017awign\u0105\u0107 maksymalny ci\u0119\u017car, jaki b\u0119dzie podnosi\u0142 lub przemieszcza\u0142. Si\u0142ownik o niewystarczaj\u0105cym ud\u017awigu mo\u017ce ulec awarii pod wp\u0142ywem ci\u015bnienia, co mo\u017ce prowadzi\u0107 do uszkodzenia sprz\u0119tu lub niebezpiecznych warunk\u00f3w pracy. Dlatego producenci cz\u0119sto przeprowadzaj\u0105 rygorystyczne testy, aby upewni\u0107 si\u0119, \u017ce ich produkty spe\u0142niaj\u0105 lub przekraczaj\u0105 wymagane parametry ud\u017awigu.<\/p>\n<h3>Opiecz\u0119towanie<\/h3>\n<p>Uszczelnienie to kolejny kluczowy aspekt konstrukcji cylindra hydraulicznego. Skuteczne uszczelnienia zapobiegaj\u0105 wyciekom p\u0142ynu hydraulicznego, kt\u00f3re mog\u0105 obni\u017cy\u0107 wydajno\u015b\u0107 i doprowadzi\u0107 do awarii uk\u0142adu hydraulicznego. Wysokiej jako\u015bci uszczelnienia s\u0105 niezb\u0119dne do utrzymania ci\u015bnienia i zapewnienia d\u0142ugiej \u017cywotno\u015bci cylindra. W celu zwi\u0119kszenia trwa\u0142o\u015bci i odporno\u015bci na zu\u017cycie stosuje si\u0119 r\u00f3\u017cne materia\u0142y, takie jak poliuretan i kauczuk nitrylowy.<\/p>\n<h3>Trwa\u0142o\u015b\u0107<\/h3>\n<p>Trwa\u0142o\u015b\u0107 jest kluczowym czynnikiem w konstrukcji si\u0142ownika wysi\u0119gnika. Bior\u0105c pod uwag\u0119 trudne warunki, w jakich pracuj\u0105 te si\u0142owniki, musz\u0105 by\u0107 one wykonane z materia\u0142\u00f3w odpornych na zu\u017cycie, korozj\u0119 i zm\u0119czenie. Producenci cz\u0119sto stosuj\u0105 zaawansowane materia\u0142y i pow\u0142oki, aby wyd\u0142u\u017cy\u0107 \u017cywotno\u015b\u0107 swoich produkt\u00f3w, zapewniaj\u0105c ich sprawne dzia\u0142anie w r\u00f3\u017cnych warunkach \u015brodowiskowych.<\/p>\n<h3>Bezpiecze\u0144stwo<\/h3>\n<p>Przy projektowaniu cylindr\u00f3w hydraulicznych priorytetem s\u0105 wzgl\u0119dy bezpiecze\u0144stwa. Takie elementy jak zawory bezpiecze\u0144stwa i mechanizmy zabezpieczaj\u0105ce przed awari\u0105 maj\u0105 kluczowe znaczenie dla zapobiegania wypadkom spowodowanym nag\u0142ymi skokami ci\u015bnienia lub awari\u0105 cylindra. Producenci musz\u0105 przestrzega\u0107 norm i przepis\u00f3w bezpiecze\u0144stwa, aby zapewni\u0107 bezpiecze\u0144stwo swoich produkt\u00f3w w ci\u0119\u017ckich maszynach.<\/p>\n<h3>Konserwacja<\/h3>\n<p>Konserwacja jest kluczowym elementem konstrukcyjnym si\u0142ownika wysi\u0119gnika. \u0141atwy dost\u0119p do podzespo\u0142\u00f3w w celu serwisowania i napraw mo\u017ce znacznie skr\u00f3ci\u0107 przestoje i obni\u017cy\u0107 koszty konserwacji. Producenci cz\u0119sto projektuj\u0105 si\u0142owniki z funkcjami umo\u017cliwiaj\u0105cymi \u0142atw\u0105 inspekcj\u0119 i serwisowanie, zapewniaj\u0105c d\u0142ugotrwa\u0142\u0105 niezawodno\u015b\u0107 i wydajno\u015b\u0107.<\/p>\n<p><img decoding=\"async\" src=\"https:\/\/www.hydraulic-cylinders.net\/wp-content\/uploads\/2025\/04\/songte-oil-pipes-and-spare-parts.webp\" alt=\"Rury olejowe i cz\u0119\u015bci zamienne\" \/><\/p>\n<h2>Uszczelnianie i smarowanie<\/h2>\n<p>Skuteczne uszczelnienie i smarowanie s\u0105 kluczowe dla wydajno\u015bci i trwa\u0142o\u015bci cylindr\u00f3w hydraulicznych. R\u00f3\u017cne elementy uszczelniaj\u0105ce, takie jak uszczelnienia t\u0142ok\u00f3w i t\u0142oczysk, s\u0105 niezb\u0119dne do zapobiegania wyciekom p\u0142ynu hydraulicznego. Dob\u00f3r materia\u0142\u00f3w uszczelniaj\u0105cych, takich jak poliuretan i kauczuk nitrylowy, odgrywa istotn\u0105 rol\u0119 w og\u00f3lnej trwa\u0142o\u015bci i odporno\u015bci na zu\u017cycie.<\/p>\n<p>Korpus cylindra i gwintowane powierzchnie ko\u0144cowe s\u0105 poddawane precyzyjnej obr\u00f3bce mechanicznej w celu zwi\u0119kszenia odporno\u015bci na zu\u017cycie, co gwarantuje zachowanie integralno\u015bci cylindra przez d\u0142ugi czas. Regularne smarowanie olejem hydraulicznym jest niezb\u0119dne, poniewa\u017c zmniejsza tarcie i zapobiega zu\u017cyciu element\u00f3w wewn\u0119trznych, optymalizuj\u0105c dzia\u0142anie cylindra.<\/p>\n<h2>Regularna konserwacja i \u015brodki zapobiegawcze<\/h2>\n<ul>\n<li><strong>Rutynowe kontrole:<\/strong> Regularne kontrole si\u0142ownika wysi\u0119gnika s\u0105 niezb\u0119dne do identyfikacji potencjalnych problem\u00f3w, zanim si\u0119 nasil\u0105. Operatorzy powinni sprawdza\u0107, czy nie ma \u015blad\u00f3w zu\u017cycia, wyciek\u00f3w lub uszkodze\u0144 i niezw\u0142ocznie rozwi\u0105zywa\u0107 te problemy, aby utrzyma\u0107 optymaln\u0105 wydajno\u015b\u0107.<\/li>\n<li><strong>Prawid\u0142owe smarowanie:<\/strong> Zapewnienie odpowiedniego smarowania cylindra jest kluczowe dla p\u0142ynnej pracy. Operatorzy powinni przestrzega\u0107 zalece\u0144 producenta dotycz\u0105cych cz\u0119stotliwo\u015bci smarowania i stosowa\u0107 odpowiedni rodzaj oleju hydraulicznego, aby zapobiec nadmiernemu zu\u017cyciu.<\/li>\n<li><strong>Wymiana uszczelki:<\/strong> Z biegiem czasu uszczelki mog\u0105 ulec zniszczeniu i wymaga\u0107 wymiany. Regularne sprawdzanie uszczelek pod k\u0105tem \u015blad\u00f3w zu\u017cycia mo\u017ce pom\u00f3c zapobiec wyciekom i utrzyma\u0107 wydajno\u015b\u0107 uk\u0142adu hydraulicznego. Operatorzy powinni by\u0107 przygotowani na wymian\u0119 uszczelek w ramach rutynowej konserwacji.<\/li>\n<\/ul>\n<h2>Wytyczne dotycz\u0105ce instalacji<\/h2>\n<p>Prawid\u0142owy monta\u017c si\u0142ownika wysi\u0119gnika ma kluczowe znaczenie dla jego wydajno\u015bci i trwa\u0142o\u015bci. Na pocz\u0105tek nale\u017cy upewni\u0107 si\u0119, \u017ce powierzchnie monta\u017cowe s\u0105 czyste i wolne od zanieczyszcze\u0144. Nale\u017cy prawid\u0142owo wyr\u00f3wna\u0107 si\u0142ownik z punktami mocowania, u\u017cywaj\u0105c odpowiednich wspornik\u00f3w monta\u017cowych, aby go zamocowa\u0107. Po wyr\u00f3wnaniu, nale\u017cy r\u00f3wnomiernie dokr\u0119ci\u0107 \u015bruby mocuj\u0105ce, aby unikn\u0105\u0107 napr\u0119\u017cenia si\u0142ownika.<\/p>\n<p>Zwr\u00f3\u0107 uwag\u0119 na po\u0142\u0105czenia hydrauliczne, upewniaj\u0105c si\u0119, \u017ce s\u0105 prawid\u0142owo zamontowane i szczelne. Po monta\u017cu przeprowad\u017a pr\u00f3b\u0119 ci\u015bnieniow\u0105, aby sprawdzi\u0107, czy uk\u0142ad hydrauliczny dzia\u0142a prawid\u0142owo. Regularnie sprawdzaj instalacj\u0119 pod k\u0105tem oznak zu\u017cycia lub niewsp\u00f3\u0142osiowo\u015bci, poniewa\u017c nawet drobne odchylenia mog\u0105 z czasem prowadzi\u0107 do powa\u017cnych problem\u00f3w z wydajno\u015bci\u0105.<\/p>\n<h2>Zadania konserwacyjne<\/h2>\n<ul>\n<li><strong>Regularne kontrole:<\/strong> Zaplanuj okresowe kontrole, aby oceni\u0107 stan si\u0142ownika wysi\u0119gnika. Szukaj \u015blad\u00f3w zu\u017cycia, korozji lub wyciek\u00f3w p\u0142ynu hydraulicznego. Wczesne rozpoznanie problem\u00f3w mo\u017ce zapobiec powa\u017cniejszym problemom w przysz\u0142o\u015bci.<\/li>\n<li><strong>W\u0142a\u015bciwe smarowanie:<\/strong> Upewnij si\u0119, \u017ce cylinder jest smarowany zgodnie ze specyfikacj\u0105 producenta. U\u017cywaj wysokiej jako\u015bci oleju hydraulicznego i utrzymuj odpowiedni poziom oleju, aby zminimalizowa\u0107 tarcie i zu\u017cycie.<\/li>\n<li><strong>Wymiana uszczelek i kontrola kalibracji:<\/strong> Monitoruj zu\u017cycie uszczelek i wymieniaj je w razie potrzeby. Kontrole kalibracji nale\u017cy przeprowadza\u0107 regularnie, aby zapewni\u0107, \u017ce cylinder dzia\u0142a w okre\u015blonych parametrach, zwi\u0119kszaj\u0105c og\u00f3ln\u0105 wydajno\u015b\u0107.<\/li>\n<\/ul>\n<h2>Zagadnienia bezpiecze\u0144stwa i czynniki \u015brodowiskowe<\/h2>\n<p>Podczas korzystania z si\u0142ownik\u00f3w hydraulicznych, takich jak si\u0142ownik wysi\u0119gnika, priorytetem jest zapewnienie bezpiecze\u0144stwa. Operatorzy powinni by\u0107 przeszkoleni w zakresie prawid\u0142owych technik obs\u0142ugi, aby zminimalizowa\u0107 ryzyko wypadk\u00f3w. Zawsze nale\u017cy nosi\u0107 sprz\u0119t ochronny podczas pracy i przestrzega\u0107 wszystkich przepis\u00f3w bezpiecze\u0144stwa, aby chroni\u0107 zar\u00f3wno personel, jak i sprz\u0119t. Ponadto nale\u017cy wzi\u0105\u0107 pod uwag\u0119 czynniki \u015brodowiskowe, takie jak warunki pracy i potencjalne zagro\u017cenia, kt\u00f3re mog\u0105 wp\u0142ywa\u0107 na wydajno\u015b\u0107 uk\u0142adu hydraulicznego.<\/p>\n<h2>Diagnostyka usterek i typowe problemy<\/h2>\n<ul>\n<li><strong>Przeciek:<\/strong> Jednym z cz\u0119stych problem\u00f3w jest wyciek, kt\u00f3ry mo\u017ce wynika\u0107 ze zu\u017cycia uszczelek lub nieprawid\u0142owego monta\u017cu. Aby zdiagnozowa\u0107 problem, nale\u017cy sprawdzi\u0107 uszczelki i po\u0142\u0105czenia pod k\u0105tem zu\u017cycia lub uszkodze\u0144 i w razie potrzeby wymieni\u0107.<\/li>\n<li><strong>Obni\u017cona wydajno\u015b\u0107:<\/strong> Je\u015bli si\u0142ownik wysi\u0119gnika wykazuje zmniejszon\u0105 moc lub responsywno\u015b\u0107, mo\u017ce to wskazywa\u0107 na niski poziom p\u0142ynu hydraulicznego lub jego zanieczyszczenie. Sprawd\u017a poziom i jako\u015b\u0107 p\u0142ynu oraz wymie\u0144 go w razie potrzeby, aby przywr\u00f3ci\u0107 wydajno\u015b\u0107.<\/li>\n<li><strong>Nietypowy ha\u0142as:<\/strong> Dziwne d\u017awi\u0119ki podczas pracy cz\u0119sto sygnalizuj\u0105 problemy mechaniczne. Sprawd\u017a cylinder pod k\u0105tem oznak zu\u017cycia lub uszkodze\u0144 wewn\u0119trznych i niezw\u0142ocznie rozwi\u0105\u017c te problemy, aby unikn\u0105\u0107 dalszych komplikacji.<\/li>\n<\/ul>\n<h2>Wskaz\u00f3wki dotycz\u0105ce rozwi\u0105zywania problem\u00f3w<\/h2>\n<p>Aby skutecznie diagnozowa\u0107 i rozwi\u0105zywa\u0107 problemy z si\u0142ownikiem wysi\u0119gnika, nale\u017cy przestrzega\u0107 nast\u0119puj\u0105cych wskaz\u00f3wek: identyfikowa\u0107 wszelkie oznaki wycieku i niezw\u0142ocznie wymienia\u0107 zu\u017cyte uszczelki, utrzymywa\u0107 odpowiedni poziom p\u0142yn\u00f3w, aby zapobiec pogorszeniu wydajno\u015bci, oraz regularnie sprawdza\u0107 si\u0142ownik pod k\u0105tem zu\u017cycia lub uszkodze\u0144. Wdra\u017caj \u015brodki zapobiegawcze, takie jak rutynowa konserwacja i odpowiednie szkolenie operator\u00f3w, aby zminimalizowa\u0107 ryzyko wyst\u0105pienia problem\u00f3w w przysz\u0142o\u015bci.<\/p>\n<p><img decoding=\"async\" src=\"https:\/\/www.hydraulic-cylinders.net\/wp-content\/uploads\/2025\/04\/songte-bushings-with-all-kinds-of-excavator-models.webp\" alt=\"Tuleje z modelami koparek\" \/><\/p>\n<h2>Przegl\u0105d firmy<\/h2>\n<p>Jeste\u015bmy wiod\u0105cym producentem zamiennych si\u0142ownik\u00f3w hydraulicznych, oferuj\u0105cym szerok\u0105 gam\u0119 produkt\u00f3w, zar\u00f3wno na rynku krajowym, jak i mi\u0119dzynarodowym. Nasze zaanga\u017cowanie w d\u0105\u017cenie do doskona\u0142o\u015bci jako\u015bci jest widoczne w naszych dopracowanych procesach produkcyjnych, wspieranych przez zaawansowan\u0105 technologi\u0119 i wykwalifikowanych specjalist\u00f3w. Stale rozwijamy nasze mo\u017cliwo\u015bci produkcyjne, aby sprosta\u0107 zr\u00f3\u017cnicowanym potrzebom klient\u00f3w, zapewniaj\u0105c wysok\u0105 wydajno\u015b\u0107, precyzj\u0119 i jako\u015b\u0107.<\/p>\n<p>Nasza firma szczyci si\u0119 oferowaniem spersonalizowanych us\u0142ug, mi\u0119dzynarodowymi certyfikatami i solidnym wsparciem posprzeda\u017cowym. Nasz najnowocze\u015bniejszy sprz\u0119t produkcyjny i skrupulatne \u015brodki kontroli jako\u015bci gwarantuj\u0105, \u017ce ka\u017cdy produkt spe\u0142nia najwy\u017csze standardy. Koncentruj\u0105c si\u0119 na innowacjach i zadowoleniu klienta, z zaanga\u017cowaniem dostarczamy rozwi\u0105zania, kt\u00f3re usprawniaj\u0105 dzia\u0142alno\u015b\u0107 naszych klient\u00f3w.<\/p>\n<p><img decoding=\"async\" src=\"https:\/\/www.hydraulic-cylinders.net\/wp-content\/uploads\/2025\/04\/songte-company-4.webp\" alt=\"Przegl\u0105d firmy\" \/><br \/>\n<img decoding=\"async\" src=\"https:\/\/www.hydraulic-cylinders.net\/wp-content\/uploads\/2025\/04\/songte-company-3.webp\" alt=\"Sprz\u0119t firmowy\" \/><\/p>\n<p>Autor: lyl<\/p>","protected":false},"excerpt":{"rendered":"<p>Boom Cylinder For Case Middle Excavator CX21B-EM Understanding Boom Cylinders The Boom Cylinder for Case Middle Excavator CX21B-EM is a vital component of hydraulic systems used in heavy machinery. These hydraulic cylinders are specifically designed to control the movement of buckets in excavators, backhoe loaders, and front loaders. They enable the bucket to lift, lower, [&hellip;]<\/p>","protected":false},"featured_media":17872,"comment_status":"open","ping_status":"closed","template":"","meta":{"_et_pb_use_builder":"","_et_pb_old_content":"","_et_gb_content_width":""},"product_brand":[],"product_cat":[1546],"product_tag":[1547,1496],"class_list":{"0":"post-19443","1":"product","2":"type-product","3":"status-publish","4":"has-post-thumbnail","6":"product_cat-boom-cylinders","7":"product_tag-boom-cylinders","8":"product_tag-hydraulic-cylinders","10":"first","11":"instock","12":"shipping-taxable","13":"product-type-simple"},"amp_enabled":true,"_links":{"self":[{"href":"https:\/\/www.hydraulic-cylinders.net\/pl\/wp-json\/wp\/v2\/product\/19443","targetHints":{"allow":["GET"]}}],"collection":[{"href":"https:\/\/www.hydraulic-cylinders.net\/pl\/wp-json\/wp\/v2\/product"}],"about":[{"href":"https:\/\/www.hydraulic-cylinders.net\/pl\/wp-json\/wp\/v2\/types\/product"}],"replies":[{"embeddable":true,"href":"https:\/\/www.hydraulic-cylinders.net\/pl\/wp-json\/wp\/v2\/comments?post=19443"}],"wp:featuredmedia":[{"embeddable":true,"href":"https:\/\/www.hydraulic-cylinders.net\/pl\/wp-json\/wp\/v2\/media\/17872"}],"wp:attachment":[{"href":"https:\/\/www.hydraulic-cylinders.net\/pl\/wp-json\/wp\/v2\/media?parent=19443"}],"wp:term":[{"taxonomy":"product_brand","embeddable":true,"href":"https:\/\/www.hydraulic-cylinders.net\/pl\/wp-json\/wp\/v2\/product_brand?post=19443"},{"taxonomy":"product_cat","embeddable":true,"href":"https:\/\/www.hydraulic-cylinders.net\/pl\/wp-json\/wp\/v2\/product_cat?post=19443"},{"taxonomy":"product_tag","embeddable":true,"href":"https:\/\/www.hydraulic-cylinders.net\/pl\/wp-json\/wp\/v2\/product_tag?post=19443"}],"curies":[{"name":"wp","href":"https:\/\/api.w.org\/{rel}","templated":true}]}}