{"id":19449,"date":"2025-04-07T06:48:06","date_gmt":"2025-04-07T06:48:06","guid":{"rendered":"https:\/\/www.hydraulic-cylinders.net\/product\/boom-cylinder-for-case-large-excavator-cx470b\/"},"modified":"2025-04-07T06:48:09","modified_gmt":"2025-04-07T06:48:09","slug":"boom-cylinder-for-case-large-excavator-cx470b","status":"publish","type":"product","link":"https:\/\/www.hydraulic-cylinders.net\/pl\/produkt\/boom-cylinder-for-case-large-excavator-cx470b\/","title":{"rendered":"Si\u0142ownik wysi\u0119gnika do du\u017cej koparki Case CX470B"},"content":{"rendered":"<h1>Si\u0142ownik wysi\u0119gnika do du\u017cej koparki Case CX470B<\/h1>\n<h2>Przegl\u0105d cylindra wysi\u0119gnika<\/h2>\n<p>Si\u0142ownik wysi\u0119gnika to si\u0142ownik hydrauliczny zaprojektowany specjalnie do sterowania ruchem \u0142y\u017cek w r\u00f3\u017cnych maszynach ci\u0119\u017ckich, takich jak koparki, koparko-\u0142adowarki i \u0142adowarki czo\u0142owe. Ten element umo\u017cliwia podnoszenie, opuszczanie i przechylanie \u0142y\u017cki, co czyni go niezb\u0119dnym do zada\u0144 zwi\u0105zanych z prze\u0142adunkiem materia\u0142\u00f3w. Wykorzystuj\u0105c spr\u0119\u017cony p\u0142yn hydrauliczny, si\u0142ownik wysi\u0119gnika skutecznie przenosi si\u0142\u0119, umo\u017cliwiaj\u0105c p\u0142ynne i wydajne wykonywanie tych operacji. Zdolno\u015b\u0107 uk\u0142adu hydraulicznego do obs\u0142ugi du\u017cych obci\u0105\u017ce\u0144 i wykonywania precyzyjnych ruch\u00f3w sprawia, \u017ce \u200b\u200bsi\u0142ownik wysi\u0119gnika jest niezb\u0119dnym elementem ka\u017cdego sprz\u0119tu budowlanego lub rolniczego.<\/p>\n<p><img decoding=\"async\" src=\"https:\/\/www.hydraulic-cylinders.net\/wp-content\/uploads\/2025\/04\/songte-company-1.webp\" alt=\"Obraz cylindra wysi\u0119gnika\"><\/p>\n<h2>G\u0142\u00f3wne cechy cylindra wysi\u0119gnika<\/h2>\n<ul>\n<li><strong>Wysoka wytrzyma\u0142o\u015b\u0107 i trwa\u0142o\u015b\u0107:<\/strong> Si\u0142ownik wysi\u0119gnika, zazwyczaj wykonany z wysokowytrzyma\u0142ej stali lub aluminium, wytrzymuje wysokie ci\u015bnienie i du\u017ce obci\u0105\u017cenia, dzi\u0119ki czemu nadaje si\u0119 do pracy w trudnych warunkach. Jego konstrukcja uwzgl\u0119dnia odporno\u015b\u0107 na zu\u017cycie i korozj\u0119, co wyd\u0142u\u017ca jego \u017cywotno\u015b\u0107.<\/li>\n<li><strong>Wydajna praca uk\u0142adu hydraulicznego:<\/strong> Wykorzystuj\u0105c ci\u015bnienie oleju hydraulicznego, si\u0142ownik wysi\u0119gnika zapewnia p\u0142ynne wysuwanie i wsuwanie. Szybko reaguje na polecenia steruj\u0105ce, generuj\u0105c du\u017c\u0105 si\u0142\u0119 pchania i ci\u0105gni\u0119cia, idealn\u0105 do przenoszenia ci\u0119\u017ckich \u0142adunk\u00f3w i wykonywania skomplikowanych zada\u0144.<\/li>\n<li><strong>R\u00f3\u017cnorodno\u015b\u0107 typ\u00f3w:<\/strong> Dost\u0119pny w konfiguracji jednostronnego dzia\u0142ania (dzia\u0142aj\u0105cy w jednym kierunku) lub dwustronnego dzia\u0142ania (dzia\u0142aj\u0105cy w obu kierunkach), si\u0142ownik wysi\u0119gnika mo\u017ce sprosta\u0107 r\u00f3\u017cnym potrzebom operacyjnym. Niekt\u00f3re modele s\u0105 teleskopowe, co pozwala na wi\u0119ksze wysuni\u0119cie bez zwi\u0119kszania wymiar\u00f3w zewn\u0119trznych, dzi\u0119ki czemu idealnie nadaj\u0105 si\u0119 do zastosowa\u0144 w ograniczonej przestrzeni.<\/li>\n<li><strong>Bezproblemowa kompatybilno\u015b\u0107:<\/strong> Nasze produkty doskonale zast\u0119puj\u0105 istniej\u0105ce si\u0142owniki hydrauliczne, zapewniaj\u0105c ci\u0105g\u0142o\u015b\u0107 i wydajno\u015b\u0107 pracy.<\/li>\n<li><strong>Opcje dostosowywania:<\/strong> Dost\u0119pne s\u0105 rozwi\u0105zania dostosowane do konkretnych wymaga\u0144 wydajno\u015bciowych, zwi\u0119kszaj\u0105ce wszechstronno\u015b\u0107 ci\u0119\u017ckiego sprz\u0119tu.<\/li>\n<\/ul>\n<p><img decoding=\"async\" src=\"https:\/\/www.hydraulic-cylinders.net\/wp-content\/uploads\/2025\/04\/songte-cylinder-head-with-all-kinds-excavator-models.webp\" alt=\"Obraz zgodno\u015bci modelu koparki\"><\/p>\n<h2>Zastosowania cylindra wysi\u0119gnika<\/h2>\n<h3>Sprz\u0119t budowlany<\/h3>\n<p>W koparkach si\u0142ownik wysi\u0119gnika odgrywa kluczow\u0105 rol\u0119 podczas kopania, za\u0142adunku i przemieszczania gleby lub gruzu. W koparko-\u0142adowarkach si\u0142ownik \u0142y\u017cki wspomaga zar\u00f3wno kopanie, jak i podnoszenie, umo\u017cliwiaj\u0105c efektywne wykorzystanie sprz\u0119tu.<\/p>\n<h3>Maszyny rolnicze<\/h3>\n<p>Si\u0142ownik wysi\u0119gnika, stosowany w \u0142adowarkach czo\u0142owych, umo\u017cliwia nabieranie, podnoszenie i transport ziemi, siana i innych materia\u0142\u00f3w. Ta funkcjonalno\u015b\u0107 jest niezb\u0119dna do zada\u0144 takich jak za\u0142adunek upraw czy zagospodarowanie odpad\u00f3w rolniczych, co czyni go kluczowym elementem nowoczesnego rolnictwa.<\/p>\n<h3>Koparki<\/h3>\n<p>Si\u0142ownik wysi\u0119gnika umo\u017cliwia precyzyjne kopanie, umo\u017cliwiaj\u0105c \u0142y\u017cce skuteczne zag\u0142\u0119bianie si\u0119 w gleb\u0119. Ta funkcja jest niezb\u0119dna w r\u00f3\u017cnych projektach wykopaliskowych, od kszta\u0142towania krajobrazu po du\u017ce place budowy, gwarantuj\u0105c sprawne i dok\u0142adne wykonanie prac.<\/p>\n<h3>\u0141adowarki<\/h3>\n<p>W \u0142adowarkach czo\u0142owych si\u0142ownik wysi\u0119gnika przyczynia si\u0119 do efektywnego podnoszenia i opr\u00f3\u017cniania \u0142adunk\u00f3w. Jego zdolno\u015b\u0107 do \u0142atwego przenoszenia ci\u0119\u017ckich materia\u0142\u00f3w usprawnia operacje i zwi\u0119ksza wydajno\u015b\u0107 w r\u00f3\u017cnych sektorach, w tym w budownictwie i gospodarce odpadami.<\/p>\n<h2>Zagadnienia projektowe i kryteria wyboru<\/h2>\n<h3>No\u015bno\u015b\u0107<\/h3>\n<p>Przy wyborze si\u0142ownika wysi\u0119gnika kluczowe jest zrozumienie jego ud\u017awigu. Si\u0142ownik musi by\u0107 w stanie wytrzyma\u0107 maksymalne obci\u0105\u017cenie i ci\u015bnienie, jakiemu b\u0119dzie poddawany podczas pracy. Prawid\u0142owe obliczenia zapewniaj\u0105 bezpiecze\u0144stwo i wydajno\u015b\u0107, zapobiegaj\u0105c potencjalnym awariom, kt\u00f3re mog\u0142yby skutkowa\u0107 wypadkami lub uszkodzeniem sprz\u0119tu.<\/p>\n<h3>Opiecz\u0119towanie<\/h3>\n<p>Skuteczne uszczelnienie jest kluczowe, aby zapobiec wyciekom p\u0142ynu hydraulicznego, kt\u00f3re mog\u0105 obni\u017cy\u0107 wydajno\u015b\u0107 uk\u0142adu hydraulicznego. Wysokiej jako\u015bci uszczelki wykonane z trwa\u0142ych materia\u0142\u00f3w, takich jak poliuretan lub kauczuk nitrylowy, s\u0105 niezb\u0119dne do utrzymania optymalnej wydajno\u015bci i wyd\u0142u\u017cenia \u017cywotno\u015bci cylindra.<\/p>\n<h3>Trwa\u0142o\u015b\u0107<\/h3>\n<p>Trwa\u0142o\u015b\u0107 jest istotnym czynnikiem w projektowaniu si\u0142ownik\u00f3w wysi\u0119gnika. Podzespo\u0142y musz\u0105 by\u0107 odporne na ekstremalne warunki, w tym wahania temperatury, wilgo\u0107 i materia\u0142y \u015bcierne. Wyb\u00f3r wytrzyma\u0142ych materia\u0142\u00f3w i wyko\u0144cze\u0144 pomaga zapewni\u0107 niezawodn\u0105 prac\u0119 si\u0142ownika przez d\u0142ugi czas.<\/p>\n<h3>Bezpiecze\u0144stwo<\/h3>\n<p>Funkcje bezpiecze\u0144stwa s\u0105 kluczowe w projektowaniu cylindr\u00f3w hydraulicznych. Nale\u017c\u0105 do nich mechanizmy zabezpieczaj\u0105ce przed przeci\u0105\u017ceniem oraz zawory bezpiecze\u0144stwa, kt\u00f3re zapobiegaj\u0105 nadmiernemu wzrostowi ci\u015bnienia. Zapewnienie zgodno\u015bci konstrukcji z normami bezpiecze\u0144stwa ma kluczowe znaczenie dla ochrony operator\u00f3w i sprz\u0119tu.<\/p>\n<h3>Dost\u0119pno\u015b\u0107 konserwacyjna<\/h3>\n<p>Projektowanie z my\u015bl\u0105 o \u0142atwo\u015bci konserwacji mo\u017ce znacz\u0105co skr\u00f3ci\u0107 przestoje. Punkty dost\u0119pu do smarowania, kontroli i wymiany uszczelnie\u0144 powinny by\u0107 strategicznie rozmieszczone, aby umo\u017cliwi\u0107 \u0142atw\u0105 obs\u0142ug\u0119 serwisow\u0105, zapewniaj\u0105c optymalny stan techniczny sprz\u0119tu.<\/p>\n<p><img decoding=\"async\" src=\"https:\/\/www.hydraulic-cylinders.net\/wp-content\/uploads\/2025\/04\/songte-oil-pipes-and-spare-parts.webp\" alt=\"Obraz element\u00f3w hydraulicznych\"><\/p>\n<h2>Uszczelnianie i smarowanie<\/h2>\n<p>Stosowanie r\u00f3\u017cnorodnych uszczelnie\u0144, w tym uszczelnie\u0144 t\u0142oczysk i t\u0142oczysk, jest niezb\u0119dne do utrzymania integralno\u015bci cylindra hydraulicznego. Uszczelnienia wykonane z materia\u0142\u00f3w odpornych na zu\u017cycie, takich jak poliuretan i kauczuk nitrylowy, zapewniaj\u0105 trwa\u0142o\u015b\u0107 i niezawodno\u015b\u0107. Korpus cylindra i gwintowane powierzchnie ko\u0144cowe s\u0105 precyzyjnie obrabiane w celu zwi\u0119kszenia odporno\u015bci na zu\u017cycie. Regularne smarowanie olejem hydraulicznym jest niezb\u0119dne dla zapewnienia p\u0142ynnej pracy i zapobiegania zu\u017cyciu spowodowanemu tarciem, dlatego konieczne s\u0105 rutynowe kontrole i uzupe\u0142nianie oleju w celu zapewnienia odpowiedniego smarowania.<\/p>\n<h2>\u015arodki konserwacji zapobiegawczej<\/h2>\n<ul>\n<li><strong>Regularne kontrole:<\/strong> Cz\u0119ste kontrole pomagaj\u0105 zidentyfikowa\u0107 potencjalne problemy, zanim si\u0119 nasil\u0105. Obejmuje to sprawdzenie szczelno\u015bci, zu\u017cycia i prawid\u0142owego dzia\u0142ania.<\/li>\n<li><strong>W\u0142a\u015bciwe smarowanie:<\/strong> Zapewnienie odpowiedniego smarowania cylindra zapobiega przegrzaniu i zmniejsza zu\u017cycie. Regularne stosowanie w\u0142a\u015bciwego rodzaju oleju hydraulicznego jest niezb\u0119dne dla utrzymania wydajno\u015bci.<\/li>\n<li><strong>Wymiana uszczelki:<\/strong> Z biegiem czasu uszczelki ulegaj\u0105 degradacji. Regularna wymiana zu\u017cytych uszczelek jest kluczowa dla zachowania integralno\u015bci uk\u0142adu hydraulicznego i zapobiegania wyciekom.<\/li>\n<\/ul>\n<h2>Wytyczne dotycz\u0105ce instalacji<\/h2>\n<p>Prawid\u0142owy monta\u017c si\u0142ownika wysi\u0119gnika ma kluczowe znaczenie dla optymalnej wydajno\u015bci. Zacznij od upewnienia si\u0119, \u017ce miejsce monta\u017cu jest czyste i wolne od zanieczyszcze\u0144. U\u017cyj odpowiednich narz\u0119dzi do ustawiania, aby zagwarantowa\u0107 prawid\u0142owe ustawienie si\u0142ownika, co pomo\u017ce unikn\u0105\u0107 niepotrzebnego obci\u0105\u017cenia podzespo\u0142\u00f3w. U\u017cyj odpowiednich wspornik\u00f3w monta\u017cowych, aby pewnie zamocowa\u0107 si\u0142ownik. Podczas monta\u017cu upewnij si\u0119, \u017ce elementy \u0142\u0105cz\u0105ce s\u0105 odpowiednio wyregulowane, aby unikn\u0105\u0107 rozbie\u017cno\u015bci. Przestrzeganie tych zasad zwi\u0119kszy wydajno\u015b\u0107 i wyd\u0142u\u017cy \u017cywotno\u015b\u0107 si\u0142ownika wysi\u0119gnika.<\/p>\n<h2>Typowe zadania konserwacyjne<\/h2>\n<ul>\n<li><strong>Regularne kontrole:<\/strong> Rutynowe kontrole s\u0105 niezb\u0119dne, aby wykry\u0107 wszelkie oznaki zu\u017cycia lub wycieki, kt\u00f3re mog\u0105 wp\u0142ywa\u0107 na wydajno\u015b\u0107. Prawid\u0142owe kontrole mog\u0105 pom\u00f3c we wczesnym wykryciu problem\u00f3w, zmniejszaj\u0105c koszty napraw.<\/li>\n<li><strong>W\u0142a\u015bciwe smarowanie:<\/strong> Utrzymanie prawid\u0142owego poziomu smarowania jest kluczowe dla wydajno\u015bci uk\u0142adu hydraulicznego. Regularnie sprawdzaj i uzupe\u0142niaj olej hydrauliczny w razie potrzeby, aby zapewni\u0107 p\u0142ynn\u0105 prac\u0119.<\/li>\n<li><strong>Wymiana uszczelki:<\/strong> Regularnie sprawdzaj i wymieniaj uszczelki, aby zapobiec wyciekom p\u0142ynu hydraulicznego. To zadanie konserwacyjne ma kluczowe znaczenie dla zachowania integralno\u015bci i funkcjonalno\u015bci uk\u0142adu.<\/li>\n<\/ul>\n<h2>Zagadnienia bezpiecze\u0144stwa i czynniki \u015brodowiskowe<\/h2>\n<p>Podczas u\u017cytkowania si\u0142ownik\u00f3w hydraulicznych, wdra\u017canie \u015brodk\u00f3w bezpiecze\u0144stwa jest niezwykle istotne. Operatorzy powinni by\u0107 przeszkoleni w zakresie bezpiecznej obs\u0142ugi sprz\u0119tu i rozumie\u0107 potencjalne zagro\u017cenia zwi\u0105zane z uk\u0142adami hydraulicznymi. Ponadto, stosowanie przyjaznych dla \u015brodowiska p\u0142yn\u00f3w hydraulicznych mo\u017ce pom\u00f3c w ograniczeniu wp\u0142ywu na \u015brodowisko w przypadku wyciek\u00f3w lub rozlania. Przestrzeganie protoko\u0142\u00f3w bezpiecze\u0144stwa i wytycznych \u015brodowiskowych jest kluczowe dla zapewnienia bezpiecznego \u015brodowiska pracy.<\/p>\n<h2>Rozwi\u0105zywanie problem\u00f3w i typowe problemy<\/h2>\n<ul>\n<li><strong>Przeciek:<\/strong> Jednym z najcz\u0119stszych problem\u00f3w s\u0105 wycieki, kt\u00f3re mog\u0105 wynika\u0107 ze zu\u017cycia uszczelek lub uszkodzenia podzespo\u0142\u00f3w. Regularne kontrole s\u0105 niezb\u0119dne do wczesnego wykrywania wyciek\u00f3w.<\/li>\n<li><strong>Niesp\u00f3jne dzia\u0142anie:<\/strong> Je\u015bli si\u0142ownik wysi\u0119gnika dzia\u0142a nier\u00f3wnomiernie, mo\u017ce to oznacza\u0107 obecno\u015b\u0107 powietrza w p\u0142ynie hydraulicznym lub awari\u0119 pompy. Szybka diagnoza problemu mo\u017ce zapobiec powa\u017cniejszym uszkodzeniom.<\/li>\n<li><strong>Brak ruchu:<\/strong> Je\u015bli cylinder si\u0119 nie porusza, sprawd\u017a, czy nie ma zator\u00f3w lub niskiego poziomu p\u0142ynu hydraulicznego. Upewnienie si\u0119, \u017ce uk\u0142ad jest prawid\u0142owo nape\u0142niony i dro\u017cny, jest niezb\u0119dne do jego prawid\u0142owego dzia\u0142ania.<\/li>\n<\/ul>\n<h2>Wskaz\u00f3wki dotycz\u0105ce rozwi\u0105zywania problem\u00f3w<\/h2>\n<p>Aby skutecznie diagnozowa\u0107 i rozwi\u0105zywa\u0107 problemy z si\u0142ownikiem wysi\u0119gnika, nale\u017cy rozpocz\u0105\u0107 od przeprowadzenia dok\u0142adnych inspekcji w celu zidentyfikowania wszelkich widocznych usterek. Regularna konserwacja, obejmuj\u0105ca sprawdzanie poziomu p\u0142yn\u00f3w i wymian\u0119 zu\u017cytych uszczelek, mo\u017ce pom\u00f3c zapobiec wielu typowym problemom. Ustalenie harmonogramu rutynowej konserwacji jest przydatne dla zapewnienia d\u0142ugoterminowej niezawodno\u015bci i wydajno\u015bci. Podejmuj\u0105c dzia\u0142ania zapobiegawcze, operatorzy mog\u0105 zminimalizowa\u0107 wyst\u0119powanie problem\u00f3w i wyd\u0142u\u017cy\u0107 \u017cywotno\u015b\u0107 uk\u0142adu hydraulicznego.<\/p>\n<p><img decoding=\"async\" src=\"https:\/\/www.hydraulic-cylinders.net\/wp-content\/uploads\/2025\/04\/songte-bushings-with-all-kinds-of-excavator-models.webp\" alt=\"Obraz tulei koparki\"><\/p>\n<h2>Profil firmy<\/h2>\n<p>Jeste\u015bmy wiod\u0105cym producentem zamiennych cylindr\u00f3w hydraulicznych, oferuj\u0105cym szerok\u0105 gam\u0119 produkt\u00f3w. Nasze zaanga\u017cowanie w jako\u015b\u0107 i doskona\u0142o\u015b\u0107 zapewni\u0142o nam pozycj\u0119 jednego z czo\u0142owych producent\u00f3w i hurtownik\u00f3w na rynku krajowym i mi\u0119dzynarodowym. Przestrzegamy rygorystycznej strategii zarz\u0105dzania produkcj\u0105, kt\u00f3ra k\u0142adzie nacisk na udoskonalone procesy produkcyjne. Nasze inwestycje w talent techniczny, zaawansowany sprz\u0119t cyfrowy i profesjonalne systemy testowe stale zwi\u0119kszaj\u0105 nasze mo\u017cliwo\u015bci produkcyjne. Jeste\u015bmy dumni z zapewniania wysokiej wydajno\u015bci, precyzji i jako\u015bci, aby sprosta\u0107 zr\u00f3\u017cnicowanym potrzebom naszych klient\u00f3w.<\/p>\n<p><img decoding=\"async\" src=\"https:\/\/www.hydraulic-cylinders.net\/wp-content\/uploads\/2025\/04\/songte-company-4.webp\" alt=\"Obraz firmy 1\"><br \/>\n<img decoding=\"async\" src=\"https:\/\/www.hydraulic-cylinders.net\/wp-content\/uploads\/2025\/04\/songte-company-3.webp\" alt=\"Obraz firmy 2\"><\/p>\n<p>Autor: lyl<\/p>","protected":false},"excerpt":{"rendered":"<p>Boom Cylinder For Case Large Excavator CX470B Overview of the Boom Cylinder The boom cylinder is a hydraulic cylinder specifically designed to control the movement of buckets in various heavy machinery such as excavators, backhoe loaders, and front loaders. This component allows the bucket to be lifted, lowered, and tilted, making it essential for material [&hellip;]<\/p>","protected":false},"featured_media":17878,"comment_status":"open","ping_status":"closed","template":"","meta":{"_et_pb_use_builder":"","_et_pb_old_content":"","_et_gb_content_width":""},"product_brand":[],"product_cat":[1546],"product_tag":[1547,1496],"class_list":{"0":"post-19449","1":"product","2":"type-product","3":"status-publish","4":"has-post-thumbnail","6":"product_cat-boom-cylinders","7":"product_tag-boom-cylinders","8":"product_tag-hydraulic-cylinders","10":"first","11":"instock","12":"shipping-taxable","13":"product-type-simple"},"amp_enabled":true,"_links":{"self":[{"href":"https:\/\/www.hydraulic-cylinders.net\/pl\/wp-json\/wp\/v2\/product\/19449","targetHints":{"allow":["GET"]}}],"collection":[{"href":"https:\/\/www.hydraulic-cylinders.net\/pl\/wp-json\/wp\/v2\/product"}],"about":[{"href":"https:\/\/www.hydraulic-cylinders.net\/pl\/wp-json\/wp\/v2\/types\/product"}],"replies":[{"embeddable":true,"href":"https:\/\/www.hydraulic-cylinders.net\/pl\/wp-json\/wp\/v2\/comments?post=19449"}],"wp:featuredmedia":[{"embeddable":true,"href":"https:\/\/www.hydraulic-cylinders.net\/pl\/wp-json\/wp\/v2\/media\/17878"}],"wp:attachment":[{"href":"https:\/\/www.hydraulic-cylinders.net\/pl\/wp-json\/wp\/v2\/media?parent=19449"}],"wp:term":[{"taxonomy":"product_brand","embeddable":true,"href":"https:\/\/www.hydraulic-cylinders.net\/pl\/wp-json\/wp\/v2\/product_brand?post=19449"},{"taxonomy":"product_cat","embeddable":true,"href":"https:\/\/www.hydraulic-cylinders.net\/pl\/wp-json\/wp\/v2\/product_cat?post=19449"},{"taxonomy":"product_tag","embeddable":true,"href":"https:\/\/www.hydraulic-cylinders.net\/pl\/wp-json\/wp\/v2\/product_tag?post=19449"}],"curies":[{"name":"wp","href":"https:\/\/api.w.org\/{rel}","templated":true}]}}