{"id":19454,"date":"2025-04-07T06:48:22","date_gmt":"2025-04-07T06:48:22","guid":{"rendered":"https:\/\/www.hydraulic-cylinders.net\/product\/boom-cylinder-for-case-wheel-excavator-wx218\/"},"modified":"2025-04-07T06:48:34","modified_gmt":"2025-04-07T06:48:34","slug":"boom-cylinder-for-case-wheel-excavator-wx218","status":"publish","type":"product","link":"https:\/\/www.hydraulic-cylinders.net\/pl\/produkt\/boom-cylinder-for-case-wheel-excavator-wx218\/","title":{"rendered":"Si\u0142ownik wysi\u0119gnika do koparki ko\u0142owej Case WX218"},"content":{"rendered":"<h1>Si\u0142ownik wysi\u0119gnika do koparki ko\u0142owej Case WX218<\/h1>\n<h2>Wprowadzenie do cylindra wysi\u0119gnika<\/h2>\n<p>Si\u0142ownik wysi\u0119gnika, znany r\u00f3wnie\u017c jako si\u0142ownik \u0142y\u017cki, jest kluczowym elementem uk\u0142ad\u00f3w hydraulicznych steruj\u0105cych ruchem osprz\u0119tu kopi\u0105cego w ci\u0119\u017ckich maszynach, takich jak koparki, koparko-\u0142adowarki i \u0142adowarki czo\u0142owe. Ten si\u0142ownik hydrauliczny umo\u017cliwia podnoszenie, opuszczanie i przechylanie \u0142y\u017cki, u\u0142atwiaj\u0105c wydajne przenoszenie materia\u0142\u00f3w w r\u00f3\u017cnych zastosowaniach. Zaprojektowany z my\u015bl\u0105 o odporno\u015bci na wysokie ci\u015bnienia i trudne warunki pracy, si\u0142ownik wysi\u0119gnika odgrywa istotn\u0105 rol\u0119 w zwi\u0119kszaniu mo\u017cliwo\u015bci operacyjnych sprz\u0119tu budowlanego i rolniczego.<\/p>\n<p><img decoding=\"async\" src=\"https:\/\/www.hydraulic-cylinders.net\/wp-content\/uploads\/2025\/04\/songte-company-1.webp\" alt=\"Si\u0142ownik wysi\u0119gnika\" \/><\/p>\n<h2>Cechy cylindra wysi\u0119gnika<\/h2>\n<ul>\n<li><strong>Wysoka wytrzyma\u0142o\u015b\u0107 i trwa\u0142o\u015b\u0107:<\/strong> Typically made from high-strength steel or aluminum, capable of withstanding high pressure and heavy loads. Designed with wear resistance and corrosion protection, extending the product&#8217;s lifespan.<\/li>\n<li><strong>Wydajna praca uk\u0142adu hydraulicznego:<\/strong> Wykorzystuje ci\u015bnienie oleju hydraulicznego do p\u0142ynnego wysuwania i wsuwania, zapewniaj\u0105c szybk\u0105 reakcj\u0119 na polecenia steruj\u0105ce i generuj\u0105c du\u017ce si\u0142y pchania i ci\u0105gni\u0119cia, odpowiednie do ci\u0119\u017ckich i skomplikowanych zada\u0144.<\/li>\n<li><strong>R\u00f3\u017cne typy:<\/strong> Dost\u0119pne w wersji jednostronnego dzia\u0142ania (dzia\u0142aj\u0105cej w jednym kierunku) lub dwustronnego dzia\u0142ania (dzia\u0142aj\u0105cej w obu kierunkach), dostosowanej do r\u00f3\u017cnych potrzeb operacyjnych. Niekt\u00f3re modele s\u0105 teleskopowe, co pozwala na wi\u0119ksze wysuni\u0119cie bez zwi\u0119kszania wymiar\u00f3w zewn\u0119trznych, co jest idealne w zastosowaniach o ograniczonej przestrzeni.<\/li>\n<li><strong>Produkcja niestandardowa:<\/strong> Specjalizujemy si\u0119 w produkcji si\u0142ownik\u00f3w wysi\u0119gnika, kt\u00f3re doskonale zast\u0105pi\u0105 istniej\u0105ce si\u0142owniki hydrauliczne, zapewniaj\u0105c kompatybilno\u015b\u0107 i wydajno\u015b\u0107.<\/li>\n<li><strong>Zaawansowana in\u017cynieria:<\/strong> Zaprojektowane z precyzj\u0105, aby spe\u0142nia\u0107 rygorystyczne standardy bran\u017cowe, gwarantuj\u0105c niezawodno\u015b\u0107 i wydajno\u015b\u0107.<\/li>\n<\/ul>\n<p><img decoding=\"async\" src=\"https:\/\/www.hydraulic-cylinders.net\/wp-content\/uploads\/2025\/04\/songte-cylinder-head-with-all-kinds-excavator-models.webp\" alt=\"Si\u0142ownik hydrauliczny\" \/><\/p>\n<h2>Zastosowania cylindra wysi\u0119gnika<\/h2>\n<h3>Sprz\u0119t budowlany<\/h3>\n<p>W koparkach si\u0142owniki wysi\u0119gnika s\u0105 niezb\u0119dne do takich zada\u0144, jak kopanie, za\u0142adunek i przemieszczanie gleby lub gruzu. U\u0142atwiaj\u0105 kopanie, umo\u017cliwiaj\u0105c \u0142y\u017cce sprawn\u0105 penetracj\u0119 gruntu. Ponadto, w koparko-\u0142adowarkach si\u0142ownik wysi\u0119gnika wspomaga zar\u00f3wno kopanie, jak i podnoszenie, co czyni go wszechstronnym elementem maszyn budowlanych.<\/p>\n<h3>Maszyny rolnicze<\/h3>\n<p>\u0141adowarki czo\u0142owe wykorzystuj\u0105 si\u0142owniki wysi\u0119gnika do nabierania, podnoszenia i transportu gleby, siana i innych materia\u0142\u00f3w, usprawniaj\u0105c procesy rolnicze. Si\u0142owniki te umo\u017cliwiaj\u0105 rolnikom szybkie i efektywne wykonywanie zada\u0144, zwi\u0119kszaj\u0105c wydajno\u015b\u0107 w rolnictwie.<\/p>\n<h3>Koparki<\/h3>\n<p>W koparkach si\u0142ownik wysi\u0119gnika umo\u017cliwia zag\u0142\u0119bianie si\u0119 \u0142y\u017cki w gleb\u0119, zapewniaj\u0105c si\u0142\u0119 niezb\u0119dn\u0105 do jej rozbicia i usuni\u0119cia materia\u0142u. Ta funkcja jest niezb\u0119dna w projektach budowlanych i ogrodniczych, gdzie wymagane s\u0105 precyzyjne wykopy.<\/p>\n<h3>\u0141adowarki<\/h3>\n<p>W \u0142adowarkach czo\u0142owych si\u0142owniki wysi\u0119gnika wspomagaj\u0105 wydajne podnoszenie i zrzucanie materia\u0142\u00f3w. Przyczyniaj\u0105 si\u0119 do og\u00f3lnej wydajno\u015bci \u0142adowarek, co czyni je niezb\u0119dnymi na placach budowy i w \u015brodowiskach zwi\u0105zanych z prze\u0142adunkiem materia\u0142\u00f3w.<\/p>\n<h2>Zagadnienia projektowe i kryteria wyboru<\/h2>\n<h3>No\u015bno\u015b\u0107<\/h3>\n<p>Ud\u017awig si\u0142ownika wysi\u0119gnika jest kluczowym czynnikiem konstrukcyjnym. Okre\u015bla on, ile ci\u0119\u017caru si\u0142ownik mo\u017ce bezpiecznie unie\u015b\u0107, co jest kluczowe dla zapobiegania awariom sprz\u0119tu i zapewnienia bezpiecze\u0144stwa operacyjnego. Przeci\u0105\u017cenie mo\u017ce prowadzi\u0107 do powa\u017cnych awarii, dlatego dob\u00f3r si\u0142ownika o odpowiedniej no\u015bno\u015bci do konkretnego zastosowania jest kluczowy.<\/p>\n<h3>Mechanizmy uszczelniaj\u0105ce<\/h3>\n<p>Skuteczne uszczelnienie jest niezb\u0119dne w przypadku cylindr\u00f3w hydraulicznych, aby zapobiec wyciekom i utrzyma\u0107 ci\u015bnienie. Niezb\u0119dne s\u0105 wysokiej jako\u015bci uszczelnienia, takie jak uszczelnienia t\u0142ok\u00f3w i t\u0142oczysk, wykonane z trwa\u0142ych materia\u0142\u00f3w, takich jak poliuretan i kauczuk nitrylowy. Uszczelnienia te musz\u0105 by\u0107 zaprojektowane tak, aby wytrzyma\u0107 warunki pracy, w tym wahania ci\u015bnienia i temperatury, aby zapewni\u0107 d\u0142ugotrwa\u0142\u0105 wydajno\u015b\u0107.<\/p>\n<h3>Trwa\u0142o\u015b\u0107<\/h3>\n<p>Durability is a key consideration in the design of boom cylinders. They must be constructed from robust materials that can endure harsh working environments. Factors such as material strength, resistance to wear, and anti-corrosion features are vital for extending the cylinder&#8217;s operational life and minimizing maintenance requirements.<\/p>\n<h3>Funkcje bezpiecze\u0144stwa<\/h3>\n<p>W\u0142\u0105czenie funkcji bezpiecze\u0144stwa do konstrukcji si\u0142ownik\u00f3w wysi\u0119gnika jest niezb\u0119dne dla ochrony zar\u00f3wno sprz\u0119tu, jak i operator\u00f3w. Zawory bezpiecze\u0144stwa, mechanizmy awaryjnego zwalniania i wzmocnienia konstrukcyjne mog\u0105 znacz\u0105co zwi\u0119kszy\u0107 bezpiecze\u0144stwo uk\u0142ad\u00f3w hydraulicznych, minimalizuj\u0105c ryzyko wypadk\u00f3w podczas pracy.<\/p>\n<h3>Dost\u0119pno\u015b\u0107 konserwacyjna<\/h3>\n<p>Konstrukcja powinna u\u0142atwia\u0107 konserwacj\u0119 i przegl\u0105dy. Takie rozwi\u0105zania, jak demontowalne podzespo\u0142y i \u0142atwe w obs\u0142udze punkty smarowania i wymiany uszczelnie\u0144, mog\u0105 znacznie upro\u015bci\u0107 czynno\u015bci konserwacyjne, zapewniaj\u0105c optymalny stan si\u0142ownika wysi\u0119gnika przez ca\u0142y okres jego eksploatacji.<\/p>\n<p><img decoding=\"async\" src=\"https:\/\/www.hydraulic-cylinders.net\/wp-content\/uploads\/2025\/04\/songte-oil-pipes-and-spare-parts.webp\" alt=\"Rury olejowe i cz\u0119\u015bci zamienne\" \/><\/p>\n<h2>Uszczelnianie i smarowanie<\/h2>\n<p>Effective sealing and lubrication are essential for the optimal performance of boom cylinders. Various sealing components, including piston seals and rod seals, should be chosen based on their material properties, such as wear resistance and durability. Using high-quality materials like polyurethane and nitrile rubber can enhance the seals&#8217; performance under harsh conditions. Additionally, the cylinder body and threaded ends should undergo fine machining to improve wear resistance.<\/p>\n<p>Regularne smarowanie odpowiednim olejem hydraulicznym jest r\u00f3wnie\u017c kluczowe dla utrzymania p\u0142ynnej pracy i zapobiegania zu\u017cyciu. Okresowe kontrole i terminowe smarowanie mog\u0105 znacznie wyd\u0142u\u017cy\u0107 \u017cywotno\u015b\u0107 si\u0142ownika wysi\u0119gnika, zapewniaj\u0105c jego sprawne dzia\u0142anie przez d\u0142u\u017cszy czas.<\/p>\n<h2>Regularne kontrole i \u015brodki konserwacji zapobiegawczej<\/h2>\n<ul>\n<li><strong>Rutynowe kontrole:<\/strong> Regularnie przeprowadzaj kontrole wizualne pod k\u0105tem oznak zu\u017cycia, wyciek\u00f3w lub uszkodze\u0144. Wczesne wykrycie problem\u00f3w mo\u017ce zapobiec wi\u0119kszym problemom i kosztownym naprawom.<\/li>\n<li><strong>Prawid\u0142owe smarowanie:<\/strong> Upewnij si\u0119, \u017ce si\u0142ownik wysi\u0119gnika jest odpowiednio smarowany, aby zapobiec tarciu i zu\u017cyciu. U\u017cywaj zalecanego oleju hydraulicznego i post\u0119puj zgodnie z harmonogramem smarowania opisanym w instrukcji obs\u0142ugi.<\/li>\n<li><strong>Wymiana uszczelki:<\/strong> Monitor the condition of seals and replace them as necessary to maintain pressure and prevent leaks. Regular replacement of worn seals can drastically improve the cylinder&#8217;s efficiency.<\/li>\n<\/ul>\n<h2>Wytyczne dotycz\u0105ce instalacji<\/h2>\n<p>Prawid\u0142owy monta\u017c si\u0142ownika wysi\u0119gnika ma kluczowe znaczenie dla jego wydajno\u015bci i trwa\u0142o\u015bci. Zacznij od upewnienia si\u0119, \u017ce miejsce pracy jest czyste i wolne od zanieczyszcze\u0144. Podczas monta\u017cu si\u0142ownika nale\u017cy go prawid\u0142owo wyr\u00f3wna\u0107 z punktami mocowania, aby unikn\u0105\u0107 niewsp\u00f3\u0142osiowo\u015bci, kt\u00f3ra mo\u017ce prowadzi\u0107 do przedwczesnego zu\u017cycia lub awarii. U\u017cyj odpowiednich wspornik\u00f3w monta\u017cowych i element\u00f3w mocuj\u0105cych, aby pewnie zamocowa\u0107 si\u0142ownik na miejscu.<\/p>\n<p>Podczas dokr\u0119cania \u015brub nale\u017cy przestrzega\u0107 zalece\u0144 producenta dotycz\u0105cych momentu obrotowego, aby zapewni\u0107 bezpieczne dopasowanie bez uszkodzenia element\u00f3w. Po monta\u017cu nale\u017cy ponownie sprawdzi\u0107 ustawienie przed uruchomieniem maszyny. Nale\u017cy r\u00f3wnie\u017c pami\u0119ta\u0107 o nape\u0142nieniu uk\u0142adu hydraulicznego odpowiednim olejem hydraulicznym i odpowietrzeniu uk\u0142adu przed u\u017cyciem.<\/p>\n<h2>Typowe zadania konserwacyjne<\/h2>\n<ul>\n<li><strong>Regularne kontrole:<\/strong> Regularne kontrole zu\u017cycia s\u0105 niezb\u0119dne. Szukaj nieszczelno\u015bci, uszkodzonych uszczelek lub \u015blad\u00f3w korozji, aby wcze\u015bnie wykry\u0107 problemy.<\/li>\n<li><strong>W\u0142a\u015bciwe smarowanie:<\/strong> Upewnij si\u0119, \u017ce olej hydrauliczny jest uzupe\u0142niany i \u017ce smarowanie jest prawid\u0142owe. Zapobiega to tarciu i wyd\u0142u\u017ca \u017cywotno\u015b\u0107 cylindra.<\/li>\n<li><strong>Wymiana uszczelki:<\/strong> Monitoruj stan uszczelek pod k\u0105tem zu\u017cycia i okresowo je wymieniaj, aby zapobiega\u0107 wyciekom i utrzyma\u0107 ci\u015bnienie hydrauliczne. Prawid\u0142owo dzia\u0142aj\u0105ce uszczelki maj\u0105 kluczowe znaczenie dla wydajno\u015bci si\u0142ownika wysi\u0119gnika.<\/li>\n<\/ul>\n<h2>Zagadnienia bezpiecze\u0144stwa i czynniki \u015brodowiskowe<\/h2>\n<p>Podczas obs\u0142ugi si\u0142ownik\u00f3w wysi\u0119gnika \u015brodki bezpiecze\u0144stwa s\u0105 najwa\u017cniejsze. Podczas konserwacji lub przegl\u0105d\u00f3w nale\u017cy zawsze nosi\u0107 odpowiedni sprz\u0119t ochrony osobistej (PPE), taki jak r\u0119kawice i okulary ochronne. Przed rozpocz\u0119ciem jakichkolwiek prac przy si\u0142ownikach nale\u017cy upewni\u0107 si\u0119, \u017ce uk\u0142ad hydrauliczny jest rozhermetyzowany, aby zapobiec ich przypadkowemu uruchomieniu. Nale\u017cy r\u00f3wnie\u017c wzi\u0105\u0107 pod uwag\u0119 wp\u0142yw p\u0142yn\u00f3w hydraulicznych na \u015brodowisko; stosowanie biodegradowalnych olej\u00f3w hydraulicznych mo\u017ce pom\u00f3c w ograniczeniu potencjalnego zanieczyszczenia.<\/p>\n<h2>Rozwi\u0105zywanie problem\u00f3w i typowe problemy<\/h2>\n<ul>\n<li><strong>Wyciek p\u0142ynu hydraulicznego:<\/strong> Cz\u0119stym problemem s\u0105 wycieki, kt\u00f3re mog\u0105 wynika\u0107 ze zu\u017cycia uszczelek lub uszkodzenia podzespo\u0142\u00f3w. Regularnie sprawdzaj stan uszczelek i wymieniaj je w razie potrzeby, aby zapobiec wyciekom.<\/li>\n<li><strong>Powolny lub niereaguj\u0105cy ruch cylindra:<\/strong> Mo\u017ce to wskazywa\u0107 na niski poziom p\u0142ynu hydraulicznego lub zapowietrzenie uk\u0142adu. Upewnij si\u0119, \u017ce poziom p\u0142ynu jest odpowiedni i w razie potrzeby odpowietrz uk\u0142ad.<\/li>\n<li><strong>Nietypowe d\u017awi\u0119ki:<\/strong> Zgrzytanie lub skrzypienie mo\u017ce sygnalizowa\u0107 problemy mechaniczne. Nale\u017cy niezw\u0142ocznie zbada\u0107 i usun\u0105\u0107 wszelkie nietypowe d\u017awi\u0119ki, aby unikn\u0105\u0107 dalszych uszkodze\u0144.<\/li>\n<\/ul>\n<h2>Wskaz\u00f3wki dotycz\u0105ce rozwi\u0105zywania problem\u00f3w<\/h2>\n<p>Aby skutecznie rozwi\u0105zywa\u0107 problemy, zacznij od identyfikacji objaw\u00f3w i zidentyfikowania potencjalnych przyczyn. Regularna konserwacja jest kluczowa dla zapobiegania problemom, dlatego ustal proaktywny harmonogram konserwacji. Je\u015bli problemy nie ust\u0105pi\u0105, rozwa\u017c konsultacj\u0119 ze specjalist\u0105 w celu przeprowadzenia szczeg\u00f3\u0142owej diagnostyki i naprawy. Wdro\u017cenie \u015brodk\u00f3w zapobiegawczych mo\u017ce znacznie zmniejszy\u0107 prawdopodobie\u0144stwo wyst\u0105pienia problem\u00f3w w przysz\u0142o\u015bci.<\/p>\n<p><img decoding=\"async\" src=\"https:\/\/www.hydraulic-cylinders.net\/wp-content\/uploads\/2025\/04\/songte-bushings-with-all-kinds-of-excavator-models.webp\" alt=\"Tuleje z modelami koparek\" \/><\/p>\n<h2>O naszej firmie<\/h2>\n<p>Jeste\u015bmy wiod\u0105cym producentem i hurtowym dystrybutorem si\u0142ownik\u00f3w hydraulicznych, specjalizuj\u0105cym si\u0119 w produkcji wysokiej jako\u015bci si\u0142ownik\u00f3w zamiennych. Nasz szeroki asortyment produkt\u00f3w plasuje nas w czo\u0142\u00f3wce producent\u00f3w na rynku krajowym i mi\u0119dzynarodowym. Przestrzegamy najwy\u017cszych standard\u00f3w jako\u015bci, kieruj\u0105c si\u0119 zaanga\u017cowaniem w precyzj\u0119 produkcji i innowacyjne strategie zarz\u0105dzania produkcj\u0105.<\/p>\n<p>Our facility utilizes advanced manufacturing equipment, skilled technicians, and a robust quality control system to continuously improve our production capabilities. We focus on high efficiency, accuracy, and superior quality to meet our customers&#8217; diverse needs.<\/p>\n<p><img decoding=\"async\" src=\"https:\/\/www.hydraulic-cylinders.net\/wp-content\/uploads\/2025\/04\/songte-company-4.webp\" alt=\"Przegl\u0105d firmy\" \/><br \/>\n<img decoding=\"async\" src=\"https:\/\/www.hydraulic-cylinders.net\/wp-content\/uploads\/2025\/04\/songte-company-3.webp\" alt=\"Firma produkcyjna\" \/><\/p>\n<p>Oferujemy r\u00f3wnie\u017c us\u0142ugi dostosowane do indywidualnych potrzeb, mi\u0119dzynarodowe certyfikaty i dedykowane wsparcie posprzeda\u017cowe, aby zapewni\u0107 naszym klientom najlepsze rozwi\u0105zania dostosowane do ich indywidualnych potrzeb.<\/p>\n<p>Autor: lyl<\/p>","protected":false},"excerpt":{"rendered":"<p>Boom Cylinder For Case Wheel Excavator WX218 Introduction to Boom Cylinder The boom cylinder, also known as a bucket cylinder, is a crucial component in hydraulic systems that control the movement of digging attachments on heavy machinery such as excavators, backhoe loaders, and front loaders. This hydraulic cylinder enables the bucket to lift, lower, and [&hellip;]<\/p>","protected":false},"featured_media":17868,"comment_status":"open","ping_status":"closed","template":"","meta":{"_et_pb_use_builder":"","_et_pb_old_content":"","_et_gb_content_width":""},"product_brand":[],"product_cat":[1546],"product_tag":[1547,1496],"class_list":{"0":"post-19454","1":"product","2":"type-product","3":"status-publish","4":"has-post-thumbnail","6":"product_cat-boom-cylinders","7":"product_tag-boom-cylinders","8":"product_tag-hydraulic-cylinders","10":"first","11":"instock","12":"shipping-taxable","13":"product-type-simple"},"amp_enabled":true,"_links":{"self":[{"href":"https:\/\/www.hydraulic-cylinders.net\/pl\/wp-json\/wp\/v2\/product\/19454","targetHints":{"allow":["GET"]}}],"collection":[{"href":"https:\/\/www.hydraulic-cylinders.net\/pl\/wp-json\/wp\/v2\/product"}],"about":[{"href":"https:\/\/www.hydraulic-cylinders.net\/pl\/wp-json\/wp\/v2\/types\/product"}],"replies":[{"embeddable":true,"href":"https:\/\/www.hydraulic-cylinders.net\/pl\/wp-json\/wp\/v2\/comments?post=19454"}],"wp:featuredmedia":[{"embeddable":true,"href":"https:\/\/www.hydraulic-cylinders.net\/pl\/wp-json\/wp\/v2\/media\/17868"}],"wp:attachment":[{"href":"https:\/\/www.hydraulic-cylinders.net\/pl\/wp-json\/wp\/v2\/media?parent=19454"}],"wp:term":[{"taxonomy":"product_brand","embeddable":true,"href":"https:\/\/www.hydraulic-cylinders.net\/pl\/wp-json\/wp\/v2\/product_brand?post=19454"},{"taxonomy":"product_cat","embeddable":true,"href":"https:\/\/www.hydraulic-cylinders.net\/pl\/wp-json\/wp\/v2\/product_cat?post=19454"},{"taxonomy":"product_tag","embeddable":true,"href":"https:\/\/www.hydraulic-cylinders.net\/pl\/wp-json\/wp\/v2\/product_tag?post=19454"}],"curies":[{"name":"wp","href":"https:\/\/api.w.org\/{rel}","templated":true}]}}