{"id":19457,"date":"2025-04-07T06:48:40","date_gmt":"2025-04-07T06:48:40","guid":{"rendered":"https:\/\/www.hydraulic-cylinders.net\/product\/boom-cylinder-for-world-small-excavator-w218\/"},"modified":"2025-04-07T06:48:42","modified_gmt":"2025-04-07T06:48:42","slug":"boom-cylinder-for-world-small-excavator-w218","status":"publish","type":"product","link":"https:\/\/www.hydraulic-cylinders.net\/pl\/produkt\/boom-cylinder-for-world-small-excavator-w218\/","title":{"rendered":"Si\u0142ownik wysi\u0119gnika do ma\u0142ej koparki World W218"},"content":{"rendered":"<h1>Si\u0142ownik wysi\u0119gnika do ma\u0142ej koparki World W218<\/h1>\n<h2>Przegl\u0105d produktu<\/h2>\n<p>Si\u0142ownik wysi\u0119gnika do ma\u0142ej koparki World W218 to specjalistyczny si\u0142ownik hydrauliczny przeznaczony do sterowania ruchem \u0142y\u017cki w r\u00f3\u017cnych zastosowaniach ci\u0119\u017ckiego sprz\u0119tu, w tym koparek, koparko-\u0142adowarek i \u0142adowarek czo\u0142owych. Ten si\u0142ownik hydrauliczny umo\u017cliwia podnoszenie, opuszczanie i przechylanie \u0142y\u017cki, u\u0142atwiaj\u0105c wydajne zadania zwi\u0105zane z prze\u0142adunkiem materia\u0142\u00f3w. Si\u0142ownik \u0142y\u017cki odgrywa kluczow\u0105 rol\u0119 w uk\u0142adach hydraulicznych maszyn budowlanych, zapewniaj\u0105c precyzj\u0119 pracy podczas kopania, za\u0142adunku i transportu materia\u0142\u00f3w.<\/p>\n<p><img decoding=\"async\" src=\"https:\/\/www.hydraulic-cylinders.net\/wp-content\/uploads\/2025\/04\/songte-company-1.webp\" alt=\"Si\u0142ownik wysi\u0119gnika do koparki\" \/><\/p>\n<h3>Definicja i funkcjonalno\u015b\u0107<\/h3>\n<p>Si\u0142ownik czerpakowy to rodzaj si\u0142ownika hydraulicznego, kt\u00f3ry wykorzystuje p\u0142yn hydrauliczny do generowania ruchu liniowego. Dzia\u0142a pod ci\u015bnieniem, umo\u017cliwiaj\u0105c ci\u0119\u017ckim maszynom wykonywanie zada\u0144 z du\u017c\u0105 si\u0142\u0105 i precyzj\u0105. Konstrukcja tego si\u0142ownika uwzgl\u0119dnia takie czynniki, jak wytrzyma\u0142o\u015b\u0107, trwa\u0142o\u015b\u0107 i odporno\u015b\u0107 na korozj\u0119, dzi\u0119ki czemu nadaje si\u0119 on do pracy w trudnych warunkach. Si\u0142owniki te s\u0105 niezb\u0119dne w maszynach budowlanych i rolniczych, umo\u017cliwiaj\u0105c operatorom p\u0142ynne i efektywne wykonywanie r\u00f3\u017cnorodnych zada\u0144.<\/p>\n<h2>Cechy cylindra wysi\u0119gnika<\/h2>\n<ul>\n<li><strong>Wysoka wytrzyma\u0142o\u015b\u0107 i trwa\u0142o\u015b\u0107:<\/strong> Cylindry te, wykonane zazwyczaj z wytrzyma\u0142ej stali lub aluminium, wytrzymuj\u0105 du\u017ce ci\u015bnienie i obci\u0105\u017cenia, dzi\u0119ki czemu nadaj\u0105 si\u0119 do pracy w trudnych warunkach.<\/li>\n<li><strong>Wydajna praca uk\u0142adu hydraulicznego:<\/strong> Zastosowanie ci\u015bnienia oleju hydraulicznego pozwala na p\u0142ynne wysuwanie i wsuwanie, co pozwala na szybk\u0105 reakcj\u0119 na polecenia steruj\u0105ce i zapewnia du\u017c\u0105 si\u0142\u0119 pchania i ci\u0105gni\u0119cia.<\/li>\n<li><strong>R\u00f3\u017cne typy:<\/strong> Dost\u0119pne w konfiguracjach jednostronnego dzia\u0142ania (dzia\u0142aj\u0105cych w jednym kierunku) lub dwustronnego dzia\u0142ania (dzia\u0142aj\u0105cych w obu kierunkach), dostosowuj\u0105c si\u0119 do r\u00f3\u017cnych potrzeb operacyjnych. Niekt\u00f3re modele posiadaj\u0105 konstrukcj\u0119 teleskopow\u0105, umo\u017cliwiaj\u0105c\u0105 wi\u0119ksze wysuni\u0119cie bez zwi\u0119kszania wymiar\u00f3w zewn\u0119trznych.<\/li>\n<li><strong>Odporno\u015b\u0107 na korozj\u0119:<\/strong> Zaprojektowane z materia\u0142\u00f3w odpornych na zu\u017cycie i korozj\u0119, wyd\u0142u\u017caj\u0105 \u017cywotno\u015b\u0107 i niezawodno\u015b\u0107 si\u0142ownika hydraulicznego nawet w niesprzyjaj\u0105cych warunkach.<\/li>\n<li><strong>Opcje dostosowywania:<\/strong> Nasze cylindry mo\u017cna dostosowa\u0107 do r\u00f3\u017cnych modeli koparek, co gwarantuje spe\u0142nienie konkretnych wymaga\u0144 operacyjnych.<\/li>\n<\/ul>\n<p><img decoding=\"async\" src=\"https:\/\/www.hydraulic-cylinders.net\/wp-content\/uploads\/2025\/04\/songte-cylinder-head-with-all-kinds-excavator-models.webp\" alt=\"G\u0142owica cylindra koparki\" \/><\/p>\n<h2>Zastosowania cylindra wysi\u0119gnika<\/h2>\n<h3>Sprz\u0119t budowlany<\/h3>\n<p>W koparkach si\u0142owniki wysi\u0119gnika odgrywaj\u0105 kluczow\u0105 rol\u0119 w kopaniu, za\u0142adunku i przemieszczaniu ziemi lub gruzu. Pozwalaj\u0105 operatorowi kontrolowa\u0107 g\u0142\u0119boko\u015b\u0107 i k\u0105t nachylenia \u0142y\u017cki, zwi\u0119kszaj\u0105c wydajno\u015b\u0107 i precyzj\u0119 podczas prac wykopowych. Ich niezawodna praca przyczynia si\u0119 do skr\u00f3cenia przestoj\u00f3w, co czyni je niezb\u0119dnym elementem na placach budowy.<\/p>\n<h3>Maszyny rolnicze<\/h3>\n<p>W \u0142adowarkach czo\u0142owych si\u0142owniki wysi\u0119gnika u\u0142atwiaj\u0105 nabieranie, podnoszenie i transport ziemi, siana i innych materia\u0142\u00f3w. Ich zdolno\u015b\u0107 do obs\u0142ugi ci\u0119\u017ckich \u0142adunk\u00f3w szybko zwi\u0119ksza wydajno\u015b\u0107 w gospodarstwach rolnych, umo\u017cliwiaj\u0105c efektywne zarz\u0105dzanie gruntami i zbi\u00f3r plon\u00f3w. Ta wszechstronno\u015b\u0107 sprawia, \u017ce \u200b\u200bs\u0105 one niezast\u0105pione w sektorze rolniczym.<\/p>\n<h3>Koparki<\/h3>\n<p>W koparkach si\u0142ownik wysi\u0119gnika umo\u017cliwia skuteczne zag\u0142\u0119bianie si\u0119 \u0142y\u017cki w gleb\u0119, umo\u017cliwiaj\u0105c kopanie z du\u017c\u0105 si\u0142\u0105. Zapewniaj\u0105c si\u0142\u0119 niezb\u0119dn\u0105 do przebicia si\u0119 przez twardy teren, si\u0142owniki te optymalizuj\u0105 proces kopania, co przek\u0142ada si\u0119 na kr\u00f3tszy czas realizacji projektu i ni\u017csze koszty robocizny.<\/p>\n<h3>\u0141adowarki<\/h3>\n<p>W \u0142adowarkach czo\u0142owych si\u0142owniki wysi\u0119gnika wspomagaj\u0105 efektywne podnoszenie i przechylanie \u0142adunk\u00f3w. Ich konstrukcja zapewnia operatorom \u0142atwo\u015b\u0107 obs\u0142ugi r\u00f3\u017cnych materia\u0142\u00f3w, od lu\u017anej ziemi po ci\u0119\u017ckie palety. Ta funkcja zwi\u0119ksza funkcjonalno\u015b\u0107 \u0142adowarki w r\u00f3\u017cnych zastosowaniach, zapewniaj\u0105c maksymaln\u0105 elastyczno\u015b\u0107 operacyjn\u0105.<\/p>\n<h2>Zagadnienia projektowe i kryteria wyboru<\/h2>\n<h3>No\u015bno\u015b\u0107<\/h3>\n<p>Przy wyborze si\u0142ownika wysi\u0119gnika kluczowe jest zrozumienie jego ud\u017awigu. Si\u0142ownik musi by\u0107 zaprojektowany tak, aby wytrzyma\u0107 maksymalne obci\u0105\u017cenie przewidywane podczas pracy. Wymaga to uwzgl\u0119dnienia takich czynnik\u00f3w, jak masa przenoszonych materia\u0142\u00f3w oraz specyficzne wymagania maszyny. Prawid\u0142owo dobrany si\u0142ownik zapewni bezpiecze\u0144stwo i wydajno\u015b\u0107, zapobiegaj\u0105c przedwczesnym awariom i wypadkom.<\/p>\n<h3>Uszczelnienie i trwa\u0142o\u015b\u0107<\/h3>\n<p>Skuteczne uszczelnienie jest kluczowe w cylindrach hydraulicznych, aby zapobiega\u0107 wyciekom i utrzymywa\u0107 ci\u015bnienie. Wysokiej jako\u015bci uszczelki wykonane z materia\u0142\u00f3w takich jak poliuretan i kauczuk nitrylowy s\u0105 niezb\u0119dne dla trwa\u0142o\u015bci i wydajno\u015bci. Konstrukcja musi r\u00f3wnie\u017c umo\u017cliwia\u0107 \u0142atw\u0105 wymian\u0119 uszczelek, poniewa\u017c regularna konserwacja jest kluczowa dla d\u0142ugotrwa\u0142ej eksploatacji.<\/p>\n<h3>Funkcje bezpiecze\u0144stwa<\/h3>\n<p>Bezpiecze\u0144stwo powinno by\u0107 zawsze priorytetem w projektowaniu cylindr\u00f3w hydraulicznych. Zastosowanie takich funkcji, jak zawory bezpiecze\u0144stwa i mechanizmy zabezpieczaj\u0105ce przed przeci\u0105\u017ceniem, mo\u017ce zapobiec powa\u017cnym awariom. Zintegrowanie tych zabezpiecze\u0144 z konstrukcj\u0105 cylindra zapewni ochron\u0119 operator\u00f3w i sprz\u0119tu podczas pracy.<\/p>\n<p><img decoding=\"async\" src=\"https:\/\/www.hydraulic-cylinders.net\/wp-content\/uploads\/2025\/04\/songte-oil-pipes-and-spare-parts.webp\" alt=\"Cz\u0119\u015bci cylindr\u00f3w hydraulicznych\" \/><\/p>\n<h2>Uszczelnianie i smarowanie<\/h2>\n<p>Skuteczne uszczelnienie i smarowanie maj\u0105 kluczowe znaczenie dla wydajno\u015bci si\u0142ownik\u00f3w wysi\u0119gnika. Zastosowanie r\u00f3\u017cnych element\u00f3w uszczelniaj\u0105cych, takich jak uszczelnienia t\u0142oka i t\u0142oczyska, zapewnia utrzymanie p\u0142ynu hydraulicznego w si\u0142owniku, zapobiegaj\u0105c wyciekom, kt\u00f3re mog\u0142yby negatywnie wp\u0142yn\u0105\u0107 na jego dzia\u0142anie. Uszczelnienia wykonane z trwa\u0142ych materia\u0142\u00f3w, takich jak poliuretan i kauczuk nitrylowy, zapewniaj\u0105 odporno\u015b\u0107 na zu\u017cycie i czynniki \u015brodowiskowe.<\/p>\n<p>Ponadto korpus cylindra i gwintowane powierzchnie ko\u0144cowe poddawane s\u0105 precyzyjnej obr\u00f3bce w celu zwi\u0119kszenia odporno\u015bci na zu\u017cycie. Regularne smarowanie odpowiednim olejem hydraulicznym jest wymagane dla zapewnienia p\u0142ynnej pracy, minimalizacji tarcia i wyd\u0142u\u017cenia \u017cywotno\u015bci cylindra. Operatorzy powinni monitorowa\u0107 poziom oleju i uzupe\u0142nia\u0107 go w razie potrzeby, aby unikn\u0105\u0107 problem\u00f3w eksploatacyjnych.<\/p>\n<h2>\u015arodki konserwacji zapobiegawczej<\/h2>\n<ul>\n<li><strong>Regularne kontrole:<\/strong> Rutynowe kontrole uk\u0142adu hydraulicznego mog\u0105 pom\u00f3c zidentyfikowa\u0107 zu\u017cycie i potencjalne problemy, zanim si\u0119 nasil\u0105. Sprawd\u017a, czy nie ma wyciek\u00f3w, uszkodzonych uszczelek i \u015blad\u00f3w zu\u017cycia na korpusie cylindra.<\/li>\n<li><strong>W\u0142a\u015bciwe smarowanie:<\/strong> Kluczowe jest upewnienie si\u0119, \u017ce olej hydrauliczny jest na w\u0142a\u015bciwym poziomie i w\u0142a\u015bciwego rodzaju. Regularnie sprawdzaj poziom oleju pod k\u0105tem zanieczyszcze\u0144 i wymieniaj go zgodnie z zaleceniami producenta.<\/li>\n<li><strong>Wymiana uszczelki:<\/strong> Monitoruj uszczelki pod k\u0105tem oznak zu\u017cycia. Regularna wymiana uszczelek mo\u017ce zapobiec wyciekom i zapewni\u0107 sta\u0142\u0105 wydajno\u015b\u0107. Wa\u017cne jest, aby mie\u0107 pod r\u0119k\u0105 zapasowe uszczelki, aby m\u00f3c szybko dokona\u0107 naprawy.<\/li>\n<\/ul>\n<h2>Wytyczne dotycz\u0105ce instalacji<\/h2>\n<p>Prawid\u0142owy monta\u017c si\u0142ownika wysi\u0119gnika jest niezb\u0119dny dla optymalnej wydajno\u015bci i trwa\u0142o\u015bci. Na pocz\u0105tek upewnij si\u0119, \u017ce miejsce pracy jest czyste i \u017ce masz pod r\u0119k\u0105 wszystkie niezb\u0119dne narz\u0119dzia. Dok\u0142adnie ustaw si\u0142ownik wzgl\u0119dem wspornik\u00f3w monta\u017cowych, aby zapobiec nadmiernym napr\u0119\u017ceniom podczas pracy. Zaleca si\u0119 u\u017cycie odpowiednich wspornik\u00f3w monta\u017cowych w celu zabezpieczenia si\u0142ownika na miejscu.<\/p>\n<p>Podczas monta\u017cu nale\u017cy upewni\u0107 si\u0119, \u017ce wszystkie po\u0142\u0105czenia hydrauliczne s\u0105 szczelne i szczelne. Sprawd\u017a uk\u0142ad hydrauliczny pod k\u0105tem ewentualnych przeszk\u00f3d, kt\u00f3re mog\u0142yby utrudnia\u0107 przep\u0142yw. Po monta\u017cu nale\u017cy wykona\u0107 pr\u00f3b\u0119, aby upewni\u0107 si\u0119, \u017ce si\u0142ownik wysuwa si\u0119 i chowa p\u0142ynnie, bez \u017cadnych nietypowych d\u017awi\u0119k\u00f3w i oporu.<\/p>\n<h2>Typowe zadania konserwacyjne<\/h2>\n<h3>Regularne kontrole<\/h3>\n<p>Regularne kontrole si\u0142ownika wysi\u0119gnika s\u0105 kluczowe dla zapewnienia prawid\u0142owego dzia\u0142ania wszystkich podzespo\u0142\u00f3w. Nale\u017cy zwraca\u0107 uwag\u0119 na oznaki zu\u017cycia, takie jak zarysowania na si\u0142owniku lub nieprawid\u0142owo\u015bci w dzia\u0142aniu mechanizmu. Wczesne wykrycie problem\u00f3w mo\u017ce obni\u017cy\u0107 koszty zwi\u0105zane z powa\u017cnymi naprawami i zwi\u0119kszy\u0107 bezpiecze\u0144stwo podczas pracy.<\/p>\n<h3>Prawid\u0142owe smarowanie<\/h3>\n<p>Utrzymanie prawid\u0142owego smarowania jest kluczowe dla p\u0142ynnej pracy cylindr\u00f3w hydraulicznych. Upewnij si\u0119, \u017ce olej hydrauliczny jest czysty i nape\u0142niony do zalecanego poziomu. Regularnie sprawdzaj, czy nie ma wyciek\u00f3w, poniewa\u017c niski poziom oleju mo\u017ce prowadzi\u0107 do spadku wydajno\u015bci i zwi\u0119kszonego zu\u017cycia element\u00f3w cylindra.<\/p>\n<h3>Wymiana uszczelek i kontrola kalibracji<\/h3>\n<p>Wymiana uszczelek w odpowiednich odst\u0119pach czasu jest wa\u017cna, aby zapobiec wyciekom i utrzyma\u0107 ci\u015bnienie hydrauliczne. Regularnie przeprowadzaj kontrole kalibracji, aby upewni\u0107 si\u0119, \u017ce si\u0142ownik pracuje zgodnie z okre\u015blonymi parametrami. Prawid\u0142owa kalibracja mo\u017ce poprawi\u0107 wydajno\u015b\u0107 i wyd\u0142u\u017cy\u0107 \u017cywotno\u015b\u0107 si\u0142ownika hydraulicznego.<\/p>\n<p><img decoding=\"async\" src=\"https:\/\/www.hydraulic-cylinders.net\/wp-content\/uploads\/2025\/04\/songte-chushion-collar.webp\" alt=\"Ko\u0142nierz poduszkowy\" \/><\/p>\n<h2>Zagadnienia bezpiecze\u0144stwa i czynniki \u015brodowiskowe<\/h2>\n<p>Podczas pracy z cylindrami hydraulicznymi niezwykle wa\u017cne jest wdro\u017cenie \u015brodk\u00f3w bezpiecze\u0144stwa. Operatorzy powinni nosi\u0107 odpowiedni sprz\u0119t ochronny i by\u0107 przeszkoleni w zakresie bezpiecznych procedur operacyjnych. Regularne audyty bezpiecze\u0144stwa mog\u0105 pom\u00f3c w identyfikacji potencjalnych zagro\u017ce\u0144 zwi\u0105zanych z uk\u0142adami hydraulicznymi. Zapewnienie, \u017ce wszystkie podzespo\u0142y s\u0105 w dobrym stanie technicznym i dzia\u0142aj\u0105 prawid\u0142owo, dodatkowo zmniejszy ryzyko podczas pracy.<\/p>\n<h2>Diagnostyka usterek i typowe problemy<\/h2>\n<ul>\n<li><strong>Wycieki p\u0142yn\u00f3w:<\/strong> Sprawd\u017a, czy nie ma widocznych wyciek\u00f3w wok\u00f3\u0142 uszczelek i po\u0142\u0105cze\u0144. Utrata p\u0142ynu mo\u017ce prowadzi\u0107 do spadk\u00f3w ci\u015bnienia i pogorszenia wydajno\u015bci. Sprawd\u017a i wymie\u0144 zu\u017cyte uszczelki lub dokr\u0119\u0107 po\u0142\u0105czenia, je\u015bli to konieczne.<\/li>\n<li><strong>Nier\u00f3wnomierny ruch cylindra:<\/strong> Je\u015bli cylinder porusza si\u0119 powoli lub szarpnie, mo\u017ce to oznacza\u0107 zapowietrzenie uk\u0142adu hydraulicznego lub niski poziom p\u0142ynu. Odpowietrz uk\u0142ad i upewnij si\u0119, \u017ce poziom p\u0142ynu jest prawid\u0142owy.<\/li>\n<li><strong>Przegrzanie:<\/strong> Nadmierne ciep\u0142o mo\u017ce by\u0107 oznak\u0105 zanieczyszczenia p\u0142ynu lub przeci\u0105\u017cenia cylindra. Regularnie sprawdzaj czysto\u015b\u0107 i lepko\u015b\u0107 p\u0142ynu hydraulicznego.<\/li>\n<\/ul>\n<h2>Wskaz\u00f3wki dotycz\u0105ce rozwi\u0105zywania problem\u00f3w<\/h2>\n<p>Aby skutecznie zdiagnozowa\u0107 i rozwi\u0105za\u0107 problemy z si\u0142ownikiem wysi\u0119gnika, post\u0119puj zgodnie z poni\u017cszymi wskaz\u00f3wkami. Zacznij od zidentyfikowania objaw\u00f3w i dok\u0142adnej kontroli wszystkich podzespo\u0142\u00f3w. Niezw\u0142ocznie usu\u0144 wszelkie nieszczelno\u015bci, poniewa\u017c zaniedbanie tego mo\u017ce prowadzi\u0107 do powa\u017cniejszych problem\u00f3w. Je\u015bli si\u0142ownik wykazuje oznaki zu\u017cycia lub uszkodzenia, rozwa\u017c jego wymian\u0119, aby utrzyma\u0107 sprawno\u015b\u0107 operacyjn\u0105.<\/p>\n<p>\u015arodki zapobiegawcze, takie jak regularne kontrole konserwacyjne, dbanie o prawid\u0142owe smarowanie i stosowanie wysokiej jako\u015bci p\u0142ynu hydraulicznego, mog\u0105 pom\u00f3c zminimalizowa\u0107 potencjalne problemy. Dzi\u0119ki proaktywnemu podej\u015bciu operatorzy mog\u0105 wyd\u0142u\u017cy\u0107 \u017cywotno\u015b\u0107 si\u0142ownika wysi\u0119gnika i poprawi\u0107 jego og\u00f3ln\u0105 wydajno\u015b\u0107.<\/p>\n<p><img decoding=\"async\" src=\"https:\/\/www.hydraulic-cylinders.net\/wp-content\/uploads\/2025\/04\/songte-bushings-with-all-kinds-of-excavator-models.webp\" alt=\"Tuleje koparki\" \/><\/p>\n<h2>Przegl\u0105d firmy<\/h2>\n<p>Jeste\u015bmy wiod\u0105cym producentem i hurtowym dystrybutorem si\u0142ownik\u00f3w hydraulicznych, znanym z szerokiej gamy produkt\u00f3w. Nasze d\u0105\u017cenie do doskona\u0142o\u015bci motywuje nas do wdra\u017cania przemys\u0142owych strategii zarz\u0105dzania produkcj\u0105, wykorzystuj\u0105cych najnowocze\u015bniejsze technologie i wykwalifikowanych pracownik\u00f3w. Stale rozwijamy nasze mo\u017cliwo\u015bci produkcyjne, aby sprosta\u0107 zr\u00f3\u017cnicowanym potrzebom klient\u00f3w z wysok\u0105 wydajno\u015bci\u0105 i precyzj\u0105.<\/p>\n<p>Nasze produkty s\u0105 wytwarzane zgodnie z rygorystycznymi standardami kontroli jako\u015bci, zgodnie z mi\u0119dzynarodowymi certyfikatami. Oferujemy us\u0142ugi dostosowane do indywidualnych wymaga\u0144 klienta, zapewniaj\u0105c optymaln\u0105 wydajno\u015b\u0107 ka\u017cdego produktu. Dzi\u0119ki rozbudowanej obs\u0142udze posprzeda\u017cowej wspieramy klient\u00f3w przez ca\u0142y cykl \u017cycia produktu, zapewniaj\u0105c us\u0142ugi konserwacji i wymiany, aby zmaksymalizowa\u0107 jego wykorzystanie i zminimalizowa\u0107 przestoje.<\/p>\n<p><img decoding=\"async\" src=\"https:\/\/www.hydraulic-cylinders.net\/wp-content\/uploads\/2025\/04\/songte-company-4.webp\" alt=\"Obiekt firmy\" \/><br \/>\n<img decoding=\"async\" src=\"https:\/\/www.hydraulic-cylinders.net\/wp-content\/uploads\/2025\/04\/songte-company-3.webp\" alt=\"Proces produkcyjny\" \/><\/p>\n<p>Autor: lyl<\/p>","protected":false},"excerpt":{"rendered":"<p>Boom Cylinder For World Small Excavator W218 Product Overview The Boom Cylinder for the World Small Excavator W218 is a specialized hydraulic cylinder designed to control the movement of the bucket in various heavy machinery applications, including excavators, backhoe loaders, and front loaders. This hydraulic cylinder enables the bucket to lift, lower, and tilt, facilitating [&hellip;]<\/p>","protected":false},"featured_media":17871,"comment_status":"open","ping_status":"closed","template":"","meta":{"_et_pb_use_builder":"","_et_pb_old_content":"","_et_gb_content_width":""},"product_brand":[],"product_cat":[1546],"product_tag":[1547,1496],"class_list":{"0":"post-19457","1":"product","2":"type-product","3":"status-publish","4":"has-post-thumbnail","6":"product_cat-boom-cylinders","7":"product_tag-boom-cylinders","8":"product_tag-hydraulic-cylinders","10":"first","11":"instock","12":"shipping-taxable","13":"product-type-simple"},"amp_enabled":true,"_links":{"self":[{"href":"https:\/\/www.hydraulic-cylinders.net\/pl\/wp-json\/wp\/v2\/product\/19457","targetHints":{"allow":["GET"]}}],"collection":[{"href":"https:\/\/www.hydraulic-cylinders.net\/pl\/wp-json\/wp\/v2\/product"}],"about":[{"href":"https:\/\/www.hydraulic-cylinders.net\/pl\/wp-json\/wp\/v2\/types\/product"}],"replies":[{"embeddable":true,"href":"https:\/\/www.hydraulic-cylinders.net\/pl\/wp-json\/wp\/v2\/comments?post=19457"}],"wp:featuredmedia":[{"embeddable":true,"href":"https:\/\/www.hydraulic-cylinders.net\/pl\/wp-json\/wp\/v2\/media\/17871"}],"wp:attachment":[{"href":"https:\/\/www.hydraulic-cylinders.net\/pl\/wp-json\/wp\/v2\/media?parent=19457"}],"wp:term":[{"taxonomy":"product_brand","embeddable":true,"href":"https:\/\/www.hydraulic-cylinders.net\/pl\/wp-json\/wp\/v2\/product_brand?post=19457"},{"taxonomy":"product_cat","embeddable":true,"href":"https:\/\/www.hydraulic-cylinders.net\/pl\/wp-json\/wp\/v2\/product_cat?post=19457"},{"taxonomy":"product_tag","embeddable":true,"href":"https:\/\/www.hydraulic-cylinders.net\/pl\/wp-json\/wp\/v2\/product_tag?post=19457"}],"curies":[{"name":"wp","href":"https:\/\/api.w.org\/{rel}","templated":true}]}}