{"id":19463,"date":"2025-04-07T06:48:56","date_gmt":"2025-04-07T06:48:56","guid":{"rendered":"https:\/\/www.hydraulic-cylinders.net\/product\/boom-cylinder-for-world-middle-excavator-w2215-8\/"},"modified":"2025-04-07T06:48:59","modified_gmt":"2025-04-07T06:48:59","slug":"boom-cylinder-for-world-middle-excavator-w2215-8","status":"publish","type":"product","link":"https:\/\/www.hydraulic-cylinders.net\/pl\/produkt\/boom-cylinder-for-world-middle-excavator-w2215-8\/","title":{"rendered":"Si\u0142ownik wysi\u0119gnika do koparki World Middle W2215-8"},"content":{"rendered":"<h1>Si\u0142ownik wysi\u0119gnika do koparki World Middle W2215-8<\/h1>\n<h2>Przegl\u0105d cylindra wysi\u0119gnika<\/h2>\n<p>Si\u0142ownik wysi\u0119gnika to kluczowy element uk\u0142ad\u00f3w hydraulicznych, zaprojektowany specjalnie do sterowania ruchem \u0142y\u017cek w r\u00f3\u017cnych maszynach ci\u0119\u017ckich, takich jak koparki, koparko-\u0142adowarki i \u0142adowarki czo\u0142owe. Ten si\u0142ownik hydrauliczny umo\u017cliwia podnoszenie, opuszczanie i przechylanie \u0142y\u017cki, u\u0142atwiaj\u0105c wydajne zadania zwi\u0105zane z prze\u0142adunkiem materia\u0142\u00f3w. Zasadniczo si\u0142ownik wysi\u0119gnika przekszta\u0142ca ci\u015bnienie hydrauliczne w ruch liniowy, umo\u017cliwiaj\u0105c operatorom wykonywanie skomplikowanych zada\u0144 zwi\u0105zanych z kopaniem, za\u0142adunkiem i podnoszeniem z precyzj\u0105 i \u0142atwo\u015bci\u0105.<\/p>\n<p><img decoding=\"async\" src=\"https:\/\/www.hydraulic-cylinders.net\/wp-content\/uploads\/2025\/04\/songte-company-1.webp\" alt=\"Si\u0142ownik wysi\u0119gnika\" \/><\/p>\n<h2>Cechy cylindra wysi\u0119gnika<\/h2>\n<ul>\n<li>\n<h3>Wysoka wytrzyma\u0142o\u015b\u0107 i trwa\u0142o\u015b\u0107<\/h3>\n<p>Wykonane z wysokowytrzyma\u0142ej stali lub aluminium, si\u0142owniki wysi\u0119gnika s\u0105 zaprojektowane tak, aby wytrzymywa\u0107 wysokie ci\u015bnienie i du\u017ce obci\u0105\u017cenia w trudnych warunkach pracy. Ich konstrukcja koncentruje si\u0119 na odporno\u015bci na zu\u017cycie i korozj\u0119, co znacznie wyd\u0142u\u017ca ich \u017cywotno\u015b\u0107.<\/p>\n<\/li>\n<li>\n<h3>Wydajna praca hydrauliczna<\/h3>\n<p>Si\u0142ownik wysi\u0119gnika wykorzystuje ci\u015bnienie oleju hydraulicznego, aby zapewni\u0107 p\u0142ynne ruchy wysuwania i wsuwania. Pozwala to na szybk\u0105 reakcj\u0119 na polecenia steruj\u0105ce, zapewniaj\u0105c du\u017c\u0105 si\u0142\u0119 pchania i ci\u0105gni\u0119cia, co czyni go idealnym do przenoszenia ci\u0119\u017ckich materia\u0142\u00f3w i skomplikowanych zada\u0144 operacyjnych.<\/p>\n<\/li>\n<li>\n<h3>R\u00f3\u017cne typy<\/h3>\n<p>Dost\u0119pne w r\u00f3\u017cnych konfiguracjach, si\u0142owniki wysi\u0119gnika mo\u017cna wybra\u0107 jako jednostronnego dzia\u0142ania (dzia\u0142aj\u0105ce w jednym kierunku) lub dwustronnego dzia\u0142ania (dzia\u0142aj\u0105ce w obu kierunkach), aby spe\u0142ni\u0107 r\u00f3\u017cne potrzeby operacyjne. Niekt\u00f3re modele posiadaj\u0105 konstrukcj\u0119 teleskopow\u0105, umo\u017cliwiaj\u0105c\u0105 wi\u0119ksze wysuni\u0119cie bez zwi\u0119kszania wymiar\u00f3w zewn\u0119trznych, co sprawdza si\u0119 w zastosowaniach o ograniczonej przestrzeni.<\/p>\n<\/li>\n<\/ul>\n<h2>Mo\u017cliwo\u015bci produkcyjne<\/h2>\n<p>Nasza firma specjalizuje si\u0119 w produkcji si\u0142ownik\u00f3w wysi\u0119gnika, co gwarantuje, \u017ce nasze produkty mog\u0105 doskonale zast\u0105pi\u0107 istniej\u0105ce si\u0142owniki hydrauliczne w wielu zastosowaniach.<\/p>\n<p><img decoding=\"async\" src=\"https:\/\/www.hydraulic-cylinders.net\/wp-content\/uploads\/2025\/04\/songte-cylinder-head-with-all-kinds-excavator-models.webp\" alt=\"Modele koparek\" \/><\/p>\n<h2>Zastosowania cylindr\u00f3w wysi\u0119gnika<\/h2>\n<ul>\n<li>\n<h3>Sprz\u0119t budowlany<\/h3>\n<p>W koparkach si\u0142owniki wysi\u0119gnika odgrywaj\u0105 kluczow\u0105 rol\u0119 w kopaniu, \u0142adowaniu i przemieszczaniu gleby lub gruzu. Ich zdolno\u015b\u0107 do sterowania k\u0105tem i g\u0142\u0119boko\u015bci\u0105 \u0142y\u017cki pozwala na sprawne prowadzenie prac ziemnych. W koparko-\u0142adowarkach si\u0142owniki te wspomagaj\u0105 nie tylko kopanie, ale tak\u017ce podnoszenie materia\u0142\u00f3w, zwi\u0119kszaj\u0105c og\u00f3ln\u0105 wydajno\u015b\u0107 na placach budowy.<\/p>\n<\/li>\n<li>\n<h3>Maszyny rolnicze<\/h3>\n<p>Si\u0142owniki wysi\u0119gnika, stosowane w \u0142adowarkach czo\u0142owych, s\u0105 niezb\u0119dne do nabierania, podnoszenia i transportu gleby, siana i innych materia\u0142\u00f3w. Ich niezawodna praca przyczynia si\u0119 do efektywnej pracy w rolnictwie, umo\u017cliwiaj\u0105c szybki prze\u0142adunek produkt\u00f3w rolnych.<\/p>\n<\/li>\n<li>\n<h3>Wykop<\/h3>\n<p>Si\u0142owniki wysi\u0119gnika umo\u017cliwiaj\u0105 koparkom skuteczn\u0105 penetracj\u0119 gruntu, u\u0142atwiaj\u0105c kopanie. Ta funkcja jest kluczowa w przypadku r\u00f3\u017cnych projekt\u00f3w wykopaliskowych, w tym fundament\u00f3w, kszta\u0142towania krajobrazu i instalacji medi\u00f3w, gdzie wymagana jest precyzja kopania.<\/p>\n<\/li>\n<li>\n<h3>\u0141adowarki<\/h3>\n<p>W \u0142adowarkach czo\u0142owych si\u0142owniki wysi\u0119gnika wspomagaj\u0105 wydajne podnoszenie i zrzucanie materia\u0142\u00f3w. Ich konstrukcja zapewnia bezpieczne podnoszenie i przechylanie \u0142adunk\u00f3w, zapewniaj\u0105c wi\u0119ksz\u0105 wszechstronno\u015b\u0107 w zadaniach zwi\u0105zanych z transportem materia\u0142\u00f3w na placach budowy.<\/p>\n<\/li>\n<\/ul>\n<h2>Zagadnienia projektowe dotycz\u0105ce cylindr\u00f3w wysi\u0119gnika<\/h2>\n<ul>\n<li>\n<h3>No\u015bno\u015b\u0107<\/h3>\n<p>Podstawowym czynnikiem konstrukcyjnym jest ud\u017awig si\u0142ownika wysi\u0119gnika. Ka\u017cdy si\u0142ownik musi by\u0107 zaprojektowany tak, aby wytrzyma\u0107 maksymalne oczekiwane obci\u0105\u017cenie bez uszczerbku dla bezpiecze\u0144stwa i wydajno\u015bci. Obliczenie odpowiedniego ud\u017awigu wymaga oceny masy materia\u0142\u00f3w, \u015brodowiska pracy oraz przeznaczenia maszyny. Si\u0142owniki o du\u017cej no\u015bno\u015bci musz\u0105 by\u0107 wykonane z wytrzyma\u0142ych materia\u0142\u00f3w, aby zapobiec awariom w ekstremalnych warunkach, zapewniaj\u0105c niezawodno\u015b\u0107 i bezpiecze\u0144stwo podczas pracy.<\/p>\n<\/li>\n<li>\n<h3>Wydajno\u015b\u0107 uszczelnienia<\/h3>\n<p>Skuteczne uszczelnienie ma kluczowe znaczenie w uk\u0142adach hydraulicznych, poniewa\u017c zapobiega wyciekom i utrzymuje ci\u015bnienie. Si\u0142owniki wysi\u0119gnika s\u0105 projektowane z wykorzystaniem zaawansowanych technologii uszczelniania, wykorzystuj\u0105cych materia\u0142y takie jak poliuretan lub kauczuk nitrylowy, aby zwi\u0119kszy\u0107 trwa\u0142o\u015b\u0107 i odporno\u015b\u0107 na zu\u017cycie. Konstrukcja musi gwarantowa\u0107 skuteczno\u015b\u0107 uszczelnie\u0144 w zmiennych temperaturach, ci\u015bnieniach i przy nara\u017ceniu na dzia\u0142anie p\u0142yn\u00f3w hydraulicznych. Regularna konserwacja i kontrole s\u0105 niezb\u0119dne, aby zapewni\u0107 nienaruszone uszczelnienia, poniewa\u017c ka\u017cda degradacja mo\u017ce prowadzi\u0107 do problem\u00f3w z wydajno\u015bci\u0105 i wzrostu koszt\u00f3w eksploatacji.<\/p>\n<\/li>\n<li>\n<h3>Trwa\u0142o\u015b\u0107<\/h3>\n<p>Trwa\u0142o\u015b\u0107 jest kluczowym czynnikiem w projektowaniu si\u0142ownik\u00f3w wysi\u0119gnika. Musz\u0105 one wytrzyma\u0107 trudne warunki pracy, w tym nara\u017cenie na dzia\u0142anie cz\u0105stek \u015bciernych, ekstremalnych temperatur i substancji \u017cr\u0105cych. Producenci cz\u0119sto stosuj\u0105 takie rozwi\u0105zania, jak chromowanie twarde i specjalistyczne pow\u0142oki, aby zwi\u0119kszy\u0107 twardo\u015b\u0107 powierzchni i odporno\u015b\u0107 na korozj\u0119. Ta dba\u0142o\u015b\u0107 o trwa\u0142o\u015b\u0107 nie tylko wyd\u0142u\u017ca \u017cywotno\u015b\u0107 si\u0142ownik\u00f3w, ale tak\u017ce zmniejsza cz\u0119stotliwo\u015b\u0107 napraw i wymian, co przek\u0142ada si\u0119 na oszcz\u0119dno\u015bci dla operator\u00f3w.<\/p>\n<\/li>\n<li>\n<h3>Funkcje bezpiecze\u0144stwa<\/h3>\n<p>Bezpiecze\u0144stwo jest priorytetem w projektowaniu podzespo\u0142\u00f3w hydraulicznych. Si\u0142owniki wysi\u0119gnika s\u0105 wyposa\u017cone w takie funkcje, jak zawory bezpiecze\u0144stwa, kt\u00f3re zapobiegaj\u0105 nadmiernemu ci\u015bnieniu i potencjalnej awarii. Projektanci bior\u0105 r\u00f3wnie\u017c pod uwag\u0119 og\u00f3ln\u0105 integralno\u015b\u0107 strukturaln\u0105 si\u0142ownika, aby wytrzyma\u0107 nieoczekiwane uderzenia lub obci\u0105\u017cenia. Regularne kontrole i przestrzeganie protoko\u0142\u00f3w bezpiecze\u0144stwa mog\u0105 pom\u00f3c ograniczy\u0107 ryzyko zwi\u0105zane z awariami sprz\u0119tu hydraulicznego, zapewniaj\u0105c bezpieczn\u0105 prac\u0119 w r\u00f3\u017cnych zastosowaniach.<\/p>\n<\/li>\n<li>\n<h3>\u0141atwo\u015b\u0107 konserwacji<\/h3>\n<p>Projektowanie si\u0142ownik\u00f3w wysi\u0119gnika z my\u015bl\u0105 o \u0142atwo\u015bci konserwacji mo\u017ce znacznie zwi\u0119kszy\u0107 wydajno\u015b\u0107 operacyjn\u0105. Takie rozwi\u0105zania, jak \u0142atwo dost\u0119pne smarowniczki i modu\u0142owe komponenty, umo\u017cliwiaj\u0105 szybsze serwisowanie i wymian\u0119. Przemy\u015blana konstrukcja u\u0142atwia rutynowe czynno\u015bci konserwacyjne, skracaj\u0105c przestoje i poprawiaj\u0105c wydajno\u015b\u0107. Producenci powinni r\u00f3wnie\u017c udost\u0119pnia\u0107 jasne wytyczne i dokumentacj\u0119 dotycz\u0105c\u0105 procedur konserwacyjnych, aby operatorzy mogli skutecznie dba\u0107 o sw\u00f3j sprz\u0119t.<\/p>\n<\/li>\n<\/ul>\n<p><img decoding=\"async\" src=\"https:\/\/www.hydraulic-cylinders.net\/wp-content\/uploads\/2025\/04\/songte-oil-pipes-and-spare-parts.webp\" alt=\"Rury olejowe i cz\u0119\u015bci zamienne\" \/><\/p>\n<h2>Uszczelnianie i smarowanie si\u0142ownik\u00f3w wysi\u0119gnika<\/h2>\n<p>Prawid\u0142owe uszczelnienie i smarowanie s\u0105 kluczowe dla optymalnej pracy si\u0142ownik\u00f3w wysi\u0119gnika. R\u00f3\u017cne elementy uszczelniaj\u0105ce, takie jak uszczelnienia t\u0142oka i t\u0142oczyska, odgrywaj\u0105 kluczow\u0105 rol\u0119 w zapobieganiu wyciekom i utrzymywaniu ci\u015bnienia. Dob\u00f3r materia\u0142\u00f3w uszczelniaj\u0105cych, takich jak poliuretan i kauczuk nitrylowy, zapewnia trwa\u0142o\u015b\u0107 i odporno\u015b\u0107 na zu\u017cycie, co jest niezb\u0119dne w \u015brodowiskach o wysokim ci\u015bnieniu. Dodatkowo, korpus si\u0142ownika i gwintowane powierzchnie ko\u0144cowe s\u0105 precyzyjnie obrabiane w celu zwi\u0119kszenia odporno\u015bci na zu\u017cycie.<\/p>\n<p>Regularne smarowanie olejem hydraulicznym jest niezb\u0119dne dla zapewnienia p\u0142ynnej pracy i zmniejszenia tarcia mi\u0119dzy ruchomymi cz\u0119\u015bciami. Operatorzy powinni monitorowa\u0107 poziom oleju i uzupe\u0142nia\u0107 smar w razie potrzeby, aby utrzyma\u0107 optymaln\u0105 wydajno\u015b\u0107. Wdro\u017cenie regularnego harmonogramu smarowania mo\u017ce znacznie wyd\u0142u\u017cy\u0107 \u017cywotno\u015b\u0107 uk\u0142adu hydraulicznego i zapobiec kosztownym naprawom spowodowanym zaniedbaniem.<\/p>\n<h2>\u015arodki konserwacji zapobiegawczej<\/h2>\n<ul>\n<li>\n<h3>Regularne kontrole<\/h3>\n<p>Regularne kontrole si\u0142ownik\u00f3w wysi\u0119gnika s\u0105 niezb\u0119dne do identyfikacji oznak zu\u017cycia, wyciek\u00f3w lub uszkodze\u0144. Operatorzy powinni sprawdza\u0107 uszczelki, po\u0142\u0105czenia i korpus si\u0142ownika pod k\u0105tem wszelkich nieprawid\u0142owo\u015bci. Szybkie rozwi\u0105zywanie problem\u00f3w wykrytych podczas kontroli mo\u017ce zapobiec powa\u017cniejszym problemom i zapewni\u0107 bezpieczn\u0105 prac\u0119 sprz\u0119tu.<\/p>\n<\/li>\n<li>\n<h3>Odpowiednie smarowanie<\/h3>\n<p>Utrzymanie prawid\u0142owego smarowania ma kluczowe znaczenie dla trwa\u0142o\u015bci si\u0142ownik\u00f3w wysi\u0119gnika. Operatorzy powinni przestrzega\u0107 zalece\u0144 producenta dotycz\u0105cych cz\u0119stotliwo\u015bci smarowania i upewni\u0107 si\u0119, \u017ce u\u017cywaj\u0105 w\u0142a\u015bciwego rodzaju oleju hydraulicznego. Regularne sprawdzanie i uzupe\u0142nianie poziomu oleju pomaga unikn\u0105\u0107 nadmiernego zu\u017cycia element\u00f3w si\u0142ownika.<\/p>\n<\/li>\n<li>\n<h3>Wymiana uszczelki<\/h3>\n<p>Z biegiem czasu uszczelnienia mog\u0105 si\u0119 zu\u017cywa\u0107 i traci\u0107 swoj\u0105 skuteczno\u015b\u0107. Kluczowa jest wymiana uszczelnie\u0144 przy pierwszych oznakach zu\u017cycia, aby zapobiec wyciekom i utrzyma\u0107 ci\u015bnienie hydrauliczne. Operatorzy powinni posiada\u0107 zapas uszczelnie\u0144 zamiennych i przestrzega\u0107 planu konserwacji, aby zapewni\u0107 terminow\u0105 wymian\u0119.<\/p>\n<\/li>\n<\/ul>\n<h2>Wytyczne dotycz\u0105ce monta\u017cu si\u0142ownik\u00f3w wysi\u0119gnika<\/h2>\n<p>Monta\u017c si\u0142ownika wysi\u0119gnika wymaga starannej dba\u0142o\u015bci o szczeg\u00f3\u0142y, aby zapewni\u0107 optymaln\u0105 wydajno\u015b\u0107 i trwa\u0142o\u015b\u0107. Oto kilka podstawowych wskaz\u00f3wek:<\/p>\n<ul>\n<li>Upewnij si\u0119, \u017ce miejsce pracy jest czyste i wolne od zanieczyszcze\u0144, aby zapobiec zanieczyszczeniu podczas instalacji.<\/li>\n<li>U\u017cyj odpowiednich narz\u0119dzi do prawid\u0142owego ustawienia cylindra wzgl\u0119dem punkt\u00f3w mocowania. Niew\u0142a\u015bciwe ustawienie mo\u017ce spowodowa\u0107 przedwczesne zu\u017cycie i awari\u0119.<\/li>\n<li>Zastosuj odpowiednie wsporniki monta\u017cowe, aby zabezpieczy\u0107 cylinder na miejscu. Upewnij si\u0119, \u017ce wszystkie elementy mocuj\u0105ce s\u0105 dokr\u0119cone zgodnie ze specyfikacj\u0105 producenta.<\/li>\n<li>Po instalacji sprawd\u017a szczelno\u015b\u0107 po\u0142\u0105cze\u0144 hydraulicznych. Przed ponownym uruchomieniem urz\u0105dzenia wykonaj pr\u00f3b\u0119 ci\u015bnieniow\u0105, aby potwierdzi\u0107 integralno\u015b\u0107 uk\u0142adu.<\/li>\n<li>Aby mie\u0107 pewno\u015b\u0107, \u017ce przestrzegane s\u0105 normy bezpiecze\u0144stwa, nale\u017cy zapozna\u0107 si\u0119 z instrukcj\u0105 obs\u0142ugi, w kt\u00f3rej zawarto konkretne zalecenia lub wymagania dotycz\u0105ce instalacji.<\/li>\n<\/ul>\n<h2>Typowe zadania konserwacyjne<\/h2>\n<ul>\n<li>\n<h3>Regularne kontrole<\/h3>\n<p>Cz\u0119ste kontrole si\u0142ownika wysi\u0119gnika s\u0105 niezb\u0119dne do wczesnego wykrywania potencjalnych problem\u00f3w. Szukaj nieszczelno\u015bci, korozji lub uszkodze\u0144 fizycznych. Dokumentuj i niezw\u0142ocznie reaguj na wszelkie ustalenia, aby unikn\u0105\u0107 powa\u017cniejszych problem\u00f3w w przysz\u0142o\u015bci.<\/p>\n<\/li>\n<li>\n<h3>Odpowiednie smarowanie<\/h3>\n<p>Smarowanie nale\u017cy przeprowadza\u0107 regularnie, zgodnie z zaleceniami producenta. Nale\u017cy upewni\u0107 si\u0119, \u017ce u\u017cywany jest odpowiedni olej hydrauliczny i \u017ce punkty smarowania s\u0105 \u0142atwo dost\u0119pne w celu konserwacji. Prawid\u0142owe smarowanie minimalizuje zu\u017cycie cz\u0119\u015bci ruchomych, poprawiaj\u0105c wydajno\u015b\u0107 cylindra.<\/p>\n<\/li>\n<li>\n<h3>Wymiana i kalibracja uszczelek<\/h3>\n<p>Monitoruj stan uszczelek i wymieniaj je, gdy pojawi\u0105 si\u0119 oznaki zu\u017cycia. Kalibracja uk\u0142adu hydraulicznego jest r\u00f3wnie\u017c kluczowa dla utrzymania optymalnej wydajno\u015bci. Post\u0119puj zgodnie z instrukcjami producenta dotycz\u0105cymi wszelkich niezb\u0119dnych regulacji, aby zapewni\u0107 prawid\u0142owe dzia\u0142anie.<\/p>\n<\/li>\n<\/ul>\n<p><img decoding=\"async\" src=\"https:\/\/www.hydraulic-cylinders.net\/wp-content\/uploads\/2025\/04\/songte-chushion-collar.webp\" alt=\"Ko\u0142nierz poduszkowy\" \/><\/p>\n<h2>Zagadnienia bezpiecze\u0144stwa i czynniki \u015brodowiskowe<\/h2>\n<p>Podczas pracy z si\u0142ownikami wysi\u0119gnika, \u015brodki bezpiecze\u0144stwa musz\u0105 by\u0107 priorytetem, aby chroni\u0107 operator\u00f3w i sprz\u0119t. Odpowiednie przeszkolenie w zakresie obs\u0142ugi uk\u0142adu hydraulicznego jest niezb\u0119dne dla zapobiegania wypadkom. Operatorzy powinni zawsze nosi\u0107 odpowiedni sprz\u0119t ochronny i przestrzega\u0107 ustalonych protoko\u0142\u00f3w bezpiecze\u0144stwa, aby zminimalizowa\u0107 ryzyko zwi\u0105zane z awariami uk\u0142adu hydraulicznego.<\/p>\n<p>Nale\u017cy r\u00f3wnie\u017c uwzgl\u0119dni\u0107 czynniki \u015brodowiskowe, takie jak wp\u0142yw p\u0142yn\u00f3w hydraulicznych na lokalne ekosystemy. Wdro\u017cenie \u015brodk\u00f3w zapobiegaj\u0105cych wyciekom i stosowanie przyjaznych dla \u015brodowiska olej\u00f3w hydraulicznych mo\u017ce pom\u00f3c zmniejszy\u0107 potencjalne szkody dla \u015brodowiska. Regularne szkolenia z zakresu bezpiecze\u0144stwa i najlepszych praktyk \u015brodowiskowych powinny by\u0107 cz\u0119\u015bci\u0105 procedur operacyjnych.<\/p>\n<h2>Rozwi\u0105zywanie problem\u00f3w i typowe problemy<\/h2>\n<ul>\n<li>\n<h3>Problemy z wyciekami<\/h3>\n<p>Wycieki w uk\u0142adzie hydraulicznym mog\u0105 wynika\u0107 ze zu\u017cytych uszczelek lub uszkodzonych z\u0142\u0105czy. W przypadku wykrycia wycieku, kluczowe jest zidentyfikowanie \u017ar\u00f3d\u0142a i natychmiastowe usuni\u0119cie go, poniewa\u017c nawet niewielkie wycieki mog\u0105 z czasem prowadzi\u0107 do powa\u017cnych problem\u00f3w z wydajno\u015bci\u0105.<\/p>\n<\/li>\n<li>\n<h3>Obni\u017cona wydajno\u015b\u0107<\/h3>\n<p>Je\u015bli si\u0142ownik wysi\u0119gnika nie dzia\u0142a p\u0142ynnie lub brakuje mu mocy, przyczyn\u0105 mo\u017ce by\u0107 niski poziom p\u0142ynu hydraulicznego lub zanieczyszczenie. Regularnie sprawdzaj poziom p\u0142ynu i wymie\u0144 olej hydrauliczny, je\u015bli wydaje si\u0119 zabrudzony lub zu\u017cyty.<\/p>\n<\/li>\n<li>\n<h3>Ha\u0142as podczas pracy<\/h3>\n<p>Nietypowe d\u017awi\u0119ki podczas pracy mog\u0105 wskazywa\u0107 na wewn\u0119trzne zu\u017cycie lub uszkodzenie. Wa\u017cne jest, aby niezw\u0142ocznie zbada\u0107 wszelkie nietypowe d\u017awi\u0119ki, poniewa\u017c mog\u0105 one by\u0107 oznak\u0105 g\u0142\u0119bszych problem\u00f3w mechanicznych w systemie.<\/p>\n<\/li>\n<\/ul>\n<p>Aby skutecznie diagnozowa\u0107 i rozwi\u0105zywa\u0107 problemy, operatorzy powinni przeprowadza\u0107 rutynowe kontrole i prowadzi\u0107 szczeg\u00f3\u0142ow\u0105 dokumentacj\u0119 wszelkich napotkanych problem\u00f3w. Wdra\u017caj \u015brodki zapobiegawcze, takie jak regularne harmonogramy konserwacji i monitorowanie systemu, aby zminimalizowa\u0107 potencjalne problemy.<\/p>\n<p><img decoding=\"async\" src=\"https:\/\/www.hydraulic-cylinders.net\/wp-content\/uploads\/2025\/04\/songte-bushings-with-all-kinds-of-excavator-models.webp\" alt=\"Tuleje z modelami koparek\" \/><\/p>\n<h2>Wprowadzenie do firmy<\/h2>\n<p>Jeste\u015bmy wiod\u0105cym producentem zamiennych si\u0142ownik\u00f3w hydraulicznych, oferuj\u0105cym szerok\u0105 gam\u0119 produkt\u00f3w, spe\u0142niaj\u0105cych zr\u00f3\u017cnicowane potrzeby rynku krajowego i mi\u0119dzynarodowego. Nasze zaanga\u017cowanie w d\u0105\u017cenie do doskona\u0142o\u015bci znajduje odzwierciedlenie w naszych skrupulatnych strategiach zarz\u0105dzania produkcj\u0105, kt\u00f3re opieraj\u0105 si\u0119 na wykwalifikowanym personelu, zaawansowanym sprz\u0119cie do produkcji cyfrowej oraz specjalistycznych systemach testowych. To zaanga\u017cowanie w jako\u015b\u0107 pozwala nam stale zwi\u0119ksza\u0107 nasze mo\u017cliwo\u015bci produkcyjne i skutecznie reagowa\u0107 na potrzeby klient\u00f3w.<\/p>\n<p>Nasza firma wyr\u00f3\u017cnia si\u0119 w bran\u017cy dzi\u0119ki skupieniu na profesjonalizmie, mi\u0119dzynarodowym certyfikatom i us\u0142ugom dostosowanym do indywidualnych potrzeb. Wykorzystujemy najnowocze\u015bniejszy sprz\u0119t produkcyjny i zapewniamy solidne wsparcie posprzeda\u017cowe, aby zapewni\u0107 satysfakcj\u0119 klienta. To kompleksowe podej\u015bcie pozwala nam dostarcza\u0107 produkty spe\u0142niaj\u0105ce najwy\u017csze standardy jako\u015bci i wydajno\u015bci.<\/p>\n<p><img decoding=\"async\" src=\"https:\/\/www.hydraulic-cylinders.net\/wp-content\/uploads\/2025\/04\/songte-company-4.webp\" alt=\"Przegl\u0105d firmy\" \/><br \/>\n<img decoding=\"async\" src=\"https:\/\/www.hydraulic-cylinders.net\/wp-content\/uploads\/2025\/04\/songte-company-3.webp\" alt=\"Obiekty firmy\" \/><\/p>\n<p>Autor: lyl<\/p>","protected":false},"excerpt":{"rendered":"<p>Boom Cylinder For World Middle Excavator W2215-8 Overview of Boom Cylinder The boom cylinder is a crucial component in hydraulic systems, specifically designed to control the movement of buckets in various heavy machinery such as excavators, backhoe loaders, and front loaders. This hydraulic cylinder enables the bucket to lift, lower, and tilt, facilitating efficient material [&hellip;]<\/p>","protected":false},"featured_media":17877,"comment_status":"open","ping_status":"closed","template":"","meta":{"_et_pb_use_builder":"","_et_pb_old_content":"","_et_gb_content_width":""},"product_brand":[],"product_cat":[1546],"product_tag":[1547,1496],"class_list":{"0":"post-19463","1":"product","2":"type-product","3":"status-publish","4":"has-post-thumbnail","6":"product_cat-boom-cylinders","7":"product_tag-boom-cylinders","8":"product_tag-hydraulic-cylinders","10":"first","11":"instock","12":"shipping-taxable","13":"product-type-simple"},"amp_enabled":true,"_links":{"self":[{"href":"https:\/\/www.hydraulic-cylinders.net\/pl\/wp-json\/wp\/v2\/product\/19463","targetHints":{"allow":["GET"]}}],"collection":[{"href":"https:\/\/www.hydraulic-cylinders.net\/pl\/wp-json\/wp\/v2\/product"}],"about":[{"href":"https:\/\/www.hydraulic-cylinders.net\/pl\/wp-json\/wp\/v2\/types\/product"}],"replies":[{"embeddable":true,"href":"https:\/\/www.hydraulic-cylinders.net\/pl\/wp-json\/wp\/v2\/comments?post=19463"}],"wp:featuredmedia":[{"embeddable":true,"href":"https:\/\/www.hydraulic-cylinders.net\/pl\/wp-json\/wp\/v2\/media\/17877"}],"wp:attachment":[{"href":"https:\/\/www.hydraulic-cylinders.net\/pl\/wp-json\/wp\/v2\/media?parent=19463"}],"wp:term":[{"taxonomy":"product_brand","embeddable":true,"href":"https:\/\/www.hydraulic-cylinders.net\/pl\/wp-json\/wp\/v2\/product_brand?post=19463"},{"taxonomy":"product_cat","embeddable":true,"href":"https:\/\/www.hydraulic-cylinders.net\/pl\/wp-json\/wp\/v2\/product_cat?post=19463"},{"taxonomy":"product_tag","embeddable":true,"href":"https:\/\/www.hydraulic-cylinders.net\/pl\/wp-json\/wp\/v2\/product_tag?post=19463"}],"curies":[{"name":"wp","href":"https:\/\/api.w.org\/{rel}","templated":true}]}}