{"id":19470,"date":"2025-04-07T06:49:14","date_gmt":"2025-04-07T06:49:14","guid":{"rendered":"https:\/\/www.hydraulic-cylinders.net\/product\/boom-cylinder-for-world-large-excavator-w2360blc-8\/"},"modified":"2025-04-07T06:49:17","modified_gmt":"2025-04-07T06:49:17","slug":"boom-cylinder-for-world-large-excavator-w2360blc-8","status":"publish","type":"product","link":"https:\/\/www.hydraulic-cylinders.net\/pl\/produkt\/boom-cylinder-for-world-large-excavator-w2360blc-8\/","title":{"rendered":"Si\u0142ownik wysi\u0119gnika do koparki World Large W2360BLC-8"},"content":{"rendered":"<h1>Si\u0142ownik wysi\u0119gnika do koparki World Large W2360BLC-8<\/h1>\n<h2>Zrozumienie cylindr\u00f3w wysi\u0119gnika<\/h2>\n<p>Si\u0142ownik wysi\u0119gnika, zaprojektowany specjalnie do ci\u0119\u017ckich maszyn, takich jak koparki, odgrywa kluczow\u0105 rol\u0119 w uk\u0142adzie hydraulicznym. Ten si\u0142ownik hydrauliczny s\u0142u\u017cy do sterowania ruchem \u0142y\u017cki koparki, koparko-\u0142adowarki i \u0142adowarki czo\u0142owej. Umo\u017cliwiaj\u0105c podnoszenie, opuszczanie i przechylanie \u0142y\u017cki, u\u0142atwia wydajne przenoszenie materia\u0142\u00f3w. Ten niezb\u0119dny element dzia\u0142a pod wp\u0142ywem ci\u015bnienia oleju hydraulicznego, co pozwala na precyzyjne przemieszczanie i manipulowanie ci\u0119\u017ckimi \u0142adunkami.<\/p>\n<p><img decoding=\"async\" src=\"https:\/\/www.hydraulic-cylinders.net\/wp-content\/uploads\/2025\/04\/songte-company-1.webp\" alt=\"Si\u0142ownik wysi\u0119gnika do koparki\" \/><\/p>\n<h2>Cechy cylindra wysi\u0119gnika<\/h2>\n<ul>\n<li><strong>Wysoka wytrzyma\u0142o\u015b\u0107 i trwa\u0142o\u015b\u0107:<\/strong> Wykonane z wytrzyma\u0142ej stali lub aluminium, wytrzymuj\u0105 du\u017ce ci\u015bnienia i obci\u0105\u017cenia, s\u0105 odporne na zu\u017cycie i korozj\u0119, co wyd\u0142u\u017ca ich \u017cywotno\u015b\u0107.<\/li>\n<li><strong>Wydajna praca uk\u0142adu hydraulicznego:<\/strong> P\u0142ynne dzia\u0142anie mechanizmu wysuwania i wsuwania wykorzystuj\u0105ce ci\u015bnienie oleju hydraulicznego pozwala na szybk\u0105 reakcj\u0119 na polecenia steruj\u0105ce i dostarcza mocnych wra\u017ce\u0144 podczas pchania i ci\u0105gni\u0119cia, odpowiednich do zada\u0144 wymagaj\u0105cych du\u017cej wytrzyma\u0142o\u015bci.<\/li>\n<li><strong>R\u00f3\u017cnorodno\u015b\u0107 typ\u00f3w:<\/strong> Dost\u0119pne w wersji z si\u0142ownikami jednostronnego dzia\u0142ania (wykorzystuj\u0105cymi si\u0142\u0119 hydrauliczn\u0105 w jednym kierunku) lub dwustronnego dzia\u0142ania (wykorzystuj\u0105cymi si\u0142\u0119 hydrauliczn\u0105 w obu kierunkach). Niekt\u00f3re modele s\u0105 wyposa\u017cone w opcje teleskopowe umo\u017cliwiaj\u0105ce uzyskanie wi\u0119kszego zasi\u0119gu bez zwi\u0119kszania wymiar\u00f3w zewn\u0119trznych, co jest idealne w przypadku ograniczonej przestrzeni.<\/li>\n<\/ul>\n<p>Nasze produkty mog\u0105 doskonale zast\u0105pi\u0107 te si\u0142owniki hydrauliczne.<\/p>\n<p><img decoding=\"async\" src=\"https:\/\/www.hydraulic-cylinders.net\/wp-content\/uploads\/2025\/04\/songte-cylinder-head-with-all-kinds-excavator-models.webp\" alt=\"Modele koparek\" \/><\/p>\n<h2>Scenariusze zastosowa\u0144 cylindr\u00f3w wysi\u0119gnika<\/h2>\n<h3>Sprz\u0119t budowlany<\/h3>\n<p>W koparkach si\u0142owniki wysi\u0119gnika s\u0105 niezb\u0119dne do kopania, za\u0142adunku i przemieszczania gleby lub gruzu. Umo\u017cliwiaj\u0105 precyzyjn\u0105 kontrol\u0119 niezb\u0119dn\u0105 do skutecznej penetracji gruntu, co czyni je niezast\u0105pionymi w pracach budowlanych.<\/p>\n<h3>Maszyny rolnicze<\/h3>\n<p>Stosowane w \u0142adowarkach czo\u0142owych si\u0142owniki wysi\u0119gnika u\u0142atwiaj\u0105 nabieranie, podnoszenie i transport ziemi, siana i innych materia\u0142\u00f3w. Ich solidna konstrukcja gwarantuje, \u017ce mog\u0105 one wydajnie sprosta\u0107 wymaganiom prac rolniczych.<\/p>\n<h3>Koparki<\/h3>\n<p>W koparkach si\u0142ownik wysi\u0119gnika odgrywa kluczow\u0105 rol\u0119 w ruchu kopania, umo\u017cliwiaj\u0105c \u0142y\u017cce skuteczne zag\u0142\u0119bianie si\u0119 w gleb\u0119. Funkcja ta jest niezb\u0119dna w szerokim zakresie zada\u0144 kopania w zr\u00f3\u017cnicowanym terenie.<\/p>\n<h3>\u0141adowarki<\/h3>\n<p>W \u0142adowarkach czo\u0142owych si\u0142owniki wysi\u0119gnika pomagaj\u0105 w efektywnym podnoszeniu i zrzucaniu materia\u0142\u00f3w, zwi\u0119kszaj\u0105c wydajno\u015b\u0107 i efektywno\u015b\u0107 operacyjn\u0105 na placach budowy.<\/p>\n<h2>Zagadnienia projektowe i kryteria wyboru<\/h2>\n<h3>No\u015bno\u015b\u0107<\/h3>\n<p>Przy wyborze si\u0142ownika wysi\u0119gnika, ud\u017awig ma kluczowe znaczenie. Okre\u015bla on maksymalny ci\u0119\u017car, jaki si\u0142ownik mo\u017ce bezpiecznie podnie\u015b\u0107 i manipulowa\u0107. In\u017cynierowie musz\u0105 obliczy\u0107 przewidywane obci\u0105\u017cenia podczas pracy, aby zapewni\u0107 bezpiecze\u0144stwo i wydajno\u015b\u0107.<\/p>\n<h3>Opiecz\u0119towanie<\/h3>\n<p>Uszczelnienie ma kluczowe znaczenie dla zapobiegania wyciekom p\u0142ynu hydraulicznego. Wysokiej jako\u015bci uszczelnienia zapewniaj\u0105 trwa\u0142o\u015b\u0107 i skuteczno\u015b\u0107, chroni\u0105c przed zanieczyszczeniami i utrzymuj\u0105c ci\u015bnienie w uk\u0142adzie. Prawid\u0142owy dob\u00f3r materia\u0142\u00f3w uszczelniaj\u0105cych, takich jak poliuretan lub kauczuk nitrylowy, zwi\u0119ksza trwa\u0142o\u015b\u0107.<\/p>\n<h3>Trwa\u0142o\u015b\u0107<\/h3>\n<p>Trwa\u0142o\u015b\u0107 jest kluczowa, poniewa\u017c si\u0142owniki wysi\u0119gnika pracuj\u0105 w trudnych warunkach. Projekty producent\u00f3w, uwzgl\u0119dniaj\u0105ce odporno\u015b\u0107 na zu\u017cycie i ochron\u0119 przed korozj\u0105, znacznie wyd\u0142u\u017caj\u0105 \u017cywotno\u015b\u0107 tych podzespo\u0142\u00f3w.<\/p>\n<h3>Bezpiecze\u0144stwo<\/h3>\n<p>W projekt musz\u0105 by\u0107 wkomponowane zabezpieczenia, aby zapobiec awariom, kt\u00f3re mog\u0142yby prowadzi\u0107 do wypadk\u00f3w. Obejmuje to zawory bezpiecze\u0144stwa i mechanizmy zabezpieczaj\u0105ce, kt\u00f3re zapobiegaj\u0105 niekontrolowanym ruchom.<\/p>\n<h3>Konserwacja<\/h3>\n<p>\u0141atwo\u015b\u0107 konserwacji jest kluczowym czynnikiem konstrukcyjnym. Cylindry powinny umo\u017cliwia\u0107 \u0142atw\u0105 kontrol\u0119, smarowanie i wymian\u0119 cz\u0119\u015bci, minimalizuj\u0105c przestoje i koszty serwisowania.<\/p>\n<p><img decoding=\"async\" src=\"https:\/\/www.hydraulic-cylinders.net\/wp-content\/uploads\/2025\/04\/songte-oil-pipes-and-spare-parts.webp\" alt=\"Elementy hydrauliczne\" \/><\/p>\n<h2>Uszczelnienie i smarowanie cylindra<\/h2>\n<p>Skuteczne uszczelnienie uzyskuje si\u0119 dzi\u0119ki zastosowaniu r\u00f3\u017cnych typ\u00f3w uszczelnie\u0144, w tym uszczelnie\u0144 t\u0142oczysk i t\u0142oczysk, kt\u00f3re s\u0105 wykonane z trwa\u0142ych materia\u0142\u00f3w, takich jak poliuretan i kauczuk nitrylowy, co zwi\u0119ksza odporno\u015b\u0107 na zu\u017cycie. Korpus cylindra i gwintowane powierzchnie ko\u0144cowe s\u0105 poddawane precyzyjnej obr\u00f3bce w celu zwi\u0119kszenia trwa\u0142o\u015bci. Regularne smarowanie odpowiednim olejem hydraulicznym jest r\u00f3wnie\u017c niezb\u0119dne dla optymalnej wydajno\u015bci, zapewniaj\u0105c p\u0142ynn\u0105 prac\u0119 i minimalizuj\u0105c zu\u017cycie.<\/p>\n<h2>Regularne kontrole i zadania konserwacji zapobiegawczej<\/h2>\n<ul>\n<li><strong>Kontrole rutynowe:<\/strong> Regularne kontrole pozwalaj\u0105 na wczesne wykrycie zu\u017cycia i uszkodze\u0144, co pozwala na terminow\u0105 napraw\u0119 i unikni\u0119cie powa\u017cniejszych problem\u00f3w.<\/li>\n<li><strong>Prawid\u0142owe smarowanie:<\/strong> Zapewnienie odpowiedniego smarowania pozwala na p\u0142ynne dzia\u0142anie uk\u0142adu hydraulicznego i wyd\u0142u\u017ca \u017cywotno\u015b\u0107 podzespo\u0142\u00f3w.<\/li>\n<li><strong>Wymiana uszczelek i kontrola kalibracji:<\/strong> Rutynowe kontrole zu\u017cycia uszczelek i kalibracji pozwalaj\u0105 zachowa\u0107 skuteczno\u015b\u0107 dzia\u0142ania cylindra i zapobiegaj\u0105 wyciekom lub awariom.<\/li>\n<\/ul>\n<h2>Wytyczne dotycz\u0105ce instalacji<\/h2>\n<p>Prawid\u0142owy monta\u017c ma kluczowe znaczenie dla wydajno\u015bci si\u0142ownik\u00f3w wysi\u0119gnika. Na pocz\u0105tek upewnij si\u0119, \u017ce wszystkie powierzchnie monta\u017cowe s\u0105 czyste i wolne od zanieczyszcze\u0144. Ustaw si\u0142ownik prawid\u0142owo wzgl\u0119dem punkt\u00f3w mocowania, u\u017cywaj\u0105c odpowiednich wspornik\u00f3w monta\u017cowych, aby go zamocowa\u0107. Post\u0119puj zgodnie z zaleceniami producenta dotycz\u0105cymi momentu obrotowego i upewnij si\u0119, \u017ce przewody s\u0105 pod\u0142\u0105czone bez zagi\u0119\u0107. Regularnie sprawdzaj ustawienie podczas monta\u017cu, aby unikn\u0105\u0107 nadmiernego obci\u0105\u017cenia podzespo\u0142\u00f3w. Po zamocowaniu si\u0142ownika sprawd\u017a, czy uk\u0142ad hydrauliczny jest prawid\u0142owo nape\u0142niony p\u0142ynem i nie ma w nim p\u0119cherzyk\u00f3w powietrza.<\/p>\n<h2>Typowe zadania konserwacyjne<\/h2>\n<h3>Regularna kontrola<\/h3>\n<p>Przeprowadzanie rutynowych kontroli pozwala na wczesne wykrycie problem\u00f3w, takich jak nieszczelno\u015bci, zu\u017cycie czy niewsp\u00f3\u0142osiowo\u015b\u0107. Regularne kontrole pomagaj\u0105 utrzyma\u0107 wydajno\u015b\u0107 operacyjn\u0105 i bezpiecze\u0144stwo cylindra.<\/p>\n<h3>Odpowiednie smarowanie<\/h3>\n<p>Smarowanie uk\u0142adu hydraulicznego zapewnia p\u0142ynn\u0105 prac\u0119 wszystkich ruchomych cz\u0119\u015bci, zmniejszaj\u0105c tarcie i zu\u017cycie. Praktyka ta ma kluczowe znaczenie dla trwa\u0142o\u015bci cylindra.<\/p>\n<h3>Wymiana uszczelek i kontrola kalibracji<\/h3>\n<p>Monitorowanie stanu uszczelnie\u0144 pod k\u0105tem zu\u017cycia i przeprowadzanie kontroli kalibracji zapewnia utrzymanie sprawno\u015bci si\u0142ownika. Wymiana zu\u017cytych uszczelnie\u0144 zapobiega wyciekom p\u0142ynu hydraulicznego i utrzymuje integralno\u015b\u0107 uk\u0142adu.<\/p>\n<p><img decoding=\"async\" src=\"https:\/\/www.hydraulic-cylinders.net\/wp-content\/uploads\/2025\/04\/songte-chushion-collar.webp\" alt=\"Ko\u0142nierz poduszkowy\" \/><\/p>\n<h2>Zagadnienia bezpiecze\u0144stwa i czynniki \u015brodowiskowe<\/h2>\n<p>\u015arodki bezpiecze\u0144stwa maj\u0105 kluczowe znaczenie podczas obs\u0142ugi si\u0142ownik\u00f3w wysi\u0119gnika. Operatorzy musz\u0105 by\u0107 przeszkoleni w zakresie zagro\u017ce\u0144 zwi\u0105zanych z uk\u0142adami hydraulicznymi, w tym mo\u017cliwo\u015bci wyciek\u00f3w i awarii. Prawid\u0142owe praktyki obs\u0142ugi i konserwacji przyczyniaj\u0105 si\u0119 do bezpieczniejszego \u015brodowiska pracy, zmniejszaj\u0105c ryzyko wypadk\u00f3w.<\/p>\n<h2>Rozwi\u0105zywanie problem\u00f3w i typowe problemy<\/h2>\n<ul>\n<li><strong>Przeciek:<\/strong> Wycieki p\u0142ynu hydraulicznego mog\u0105 wyst\u0105pi\u0107 z powodu zu\u017cytych uszczelek lub uszkodzonych przewod\u00f3w. Regularnie sprawdzaj uszczelki i przewody i wymieniaj je w razie potrzeby.<\/li>\n<li><strong>Niewystarczaj\u0105ca moc:<\/strong> Je\u017celi si\u0142ownik nie podnosi \u0142adunku w wystarczaj\u0105cym stopniu, nale\u017cy sprawdzi\u0107 poziom p\u0142ynu hydraulicznego i upewni\u0107 si\u0119, \u017ce w uk\u0142adzie nie ma \u017cadnych blokad.<\/li>\n<li><strong>Nietypowe d\u017awi\u0119ki:<\/strong> Zgrzytanie lub syczenie mo\u017ce wskazywa\u0107 na uszkodzenie wewn\u0119trzne lub zapowietrzenie uk\u0142adu. Przeprowad\u017a dok\u0142adn\u0105 kontrol\u0119 i w razie potrzeby odpowietrz uk\u0142ad.<\/li>\n<\/ul>\n<p>Wdro\u017cenie \u015brodk\u00f3w zapobiegawczych, takich jak regularna konserwacja i kontrole, mo\u017ce znacz\u0105co zmniejszy\u0107 prawdopodobie\u0144stwo wyst\u0105pienia tych problem\u00f3w, zapewniaj\u0105c niezawodne i bezpieczne \u015brodowisko operacyjne.<\/p>\n<p><img decoding=\"async\" src=\"https:\/\/www.hydraulic-cylinders.net\/wp-content\/uploads\/2025\/04\/songte-bushings-with-all-kinds-of-excavator-models.webp\" alt=\"Tuleje do koparek\" \/><\/p>\n<h2>O naszej firmie<\/h2>\n<p>Jeste\u015bmy wiod\u0105cym producentem zamiennych si\u0142ownik\u00f3w hydraulicznych, oferuj\u0105cym szerok\u0105 gam\u0119 produkt\u00f3w, kt\u00f3re uczyni\u0142y nas czo\u0142owym graczem na rynku krajowym i mi\u0119dzynarodowym. Nasze d\u0105\u017cenie do doskona\u0142o\u015bci jest poparte dopracowan\u0105 strategi\u0105 zarz\u0105dzania produkcj\u0105, kt\u00f3ra k\u0142adzie nacisk na wysokie standardy jako\u015bci. Nasz zesp\u00f3\u0142 sk\u0142ada si\u0119 z wykwalifikowanych specjalist\u00f3w, a my wykorzystujemy zaawansowany sprz\u0119t do produkcji cyfrowej i systemy testowe, stale ulepszaj\u0105c nasze linie produkcyjne. To zaanga\u017cowanie w jako\u015b\u0107 gwarantuje, \u017ce zaspokajamy zr\u00f3\u017cnicowane potrzeby klient\u00f3w, zapewniaj\u0105c wysok\u0105 wydajno\u015b\u0107, precyzj\u0119 i najwy\u017csz\u0105 jako\u015b\u0107 produkt\u00f3w.<\/p>\n<p>Jeste\u015bmy dumni z naszej specjalizacji, mi\u0119dzynarodowych certyfikat\u00f3w, us\u0142ug niestandardowych, zaawansowanego sprz\u0119tu produkcyjnego i wyj\u0105tkowego wsparcia posprzeda\u017cowego.<\/p>\n<p><img decoding=\"async\" src=\"https:\/\/www.hydraulic-cylinders.net\/wp-content\/uploads\/2025\/04\/songte-company-4.webp\" alt=\"Przegl\u0105d firmy\" \/><br \/>\n<img decoding=\"async\" src=\"https:\/\/www.hydraulic-cylinders.net\/wp-content\/uploads\/2025\/04\/songte-company-3.webp\" alt=\"Firma produkcyjna\" \/><\/p>\n<p>Autor: lyl<\/p>","protected":false},"excerpt":{"rendered":"<p>Boom Cylinder For World Large Excavator W2360BLC-8 Understanding Boom Cylinders A boom cylinder, specifically designed for heavy machinery like excavators, plays a crucial role in the hydraulic system. This hydraulic cylinder is engineered to control the movement of the bucket in excavators, backhoe loaders, and front loaders. By enabling the bucket to lift, lower, and [&hellip;]<\/p>","protected":false},"featured_media":17869,"comment_status":"open","ping_status":"closed","template":"","meta":{"_et_pb_use_builder":"","_et_pb_old_content":"","_et_gb_content_width":""},"product_brand":[],"product_cat":[1546],"product_tag":[1547,1496],"class_list":{"0":"post-19470","1":"product","2":"type-product","3":"status-publish","4":"has-post-thumbnail","6":"product_cat-boom-cylinders","7":"product_tag-boom-cylinders","8":"product_tag-hydraulic-cylinders","10":"first","11":"instock","12":"shipping-taxable","13":"product-type-simple"},"amp_enabled":true,"_links":{"self":[{"href":"https:\/\/www.hydraulic-cylinders.net\/pl\/wp-json\/wp\/v2\/product\/19470","targetHints":{"allow":["GET"]}}],"collection":[{"href":"https:\/\/www.hydraulic-cylinders.net\/pl\/wp-json\/wp\/v2\/product"}],"about":[{"href":"https:\/\/www.hydraulic-cylinders.net\/pl\/wp-json\/wp\/v2\/types\/product"}],"replies":[{"embeddable":true,"href":"https:\/\/www.hydraulic-cylinders.net\/pl\/wp-json\/wp\/v2\/comments?post=19470"}],"wp:featuredmedia":[{"embeddable":true,"href":"https:\/\/www.hydraulic-cylinders.net\/pl\/wp-json\/wp\/v2\/media\/17869"}],"wp:attachment":[{"href":"https:\/\/www.hydraulic-cylinders.net\/pl\/wp-json\/wp\/v2\/media?parent=19470"}],"wp:term":[{"taxonomy":"product_brand","embeddable":true,"href":"https:\/\/www.hydraulic-cylinders.net\/pl\/wp-json\/wp\/v2\/product_brand?post=19470"},{"taxonomy":"product_cat","embeddable":true,"href":"https:\/\/www.hydraulic-cylinders.net\/pl\/wp-json\/wp\/v2\/product_cat?post=19470"},{"taxonomy":"product_tag","embeddable":true,"href":"https:\/\/www.hydraulic-cylinders.net\/pl\/wp-json\/wp\/v2\/product_tag?post=19470"}],"curies":[{"name":"wp","href":"https:\/\/api.w.org\/{rel}","templated":true}]}}