{"id":19471,"date":"2025-04-07T06:49:18","date_gmt":"2025-04-07T06:49:18","guid":{"rendered":"https:\/\/www.hydraulic-cylinders.net\/product\/boom-cylinder-for-world-large-excavator-w2700-8\/"},"modified":"2025-04-07T06:49:21","modified_gmt":"2025-04-07T06:49:21","slug":"boom-cylinder-for-world-large-excavator-w2700-8","status":"publish","type":"product","link":"https:\/\/www.hydraulic-cylinders.net\/pl\/produkt\/boom-cylinder-for-world-large-excavator-w2700-8\/","title":{"rendered":"Si\u0142ownik wysi\u0119gnika do koparki World Large W2700-8"},"content":{"rendered":"<h1>Si\u0142ownik wysi\u0119gnika do koparki World Large W2700-8<\/h1>\n<h2>Przegl\u0105d produktu<\/h2>\n<p>Si\u0142ownik wysi\u0119gnika, zaprojektowany specjalnie do du\u017cych koparek, takich jak W2700-8, jest kluczowym elementem uk\u0142ad\u00f3w hydraulicznych. Jest to rodzaj si\u0142ownika hydraulicznego, kt\u00f3ry odgrywa kluczow\u0105 rol\u0119 w sterowaniu ruchem \u0142y\u017cki w ci\u0119\u017ckich maszynach, takich jak koparki, koparko-\u0142adowarki i \u0142adowarki czo\u0142owe. Si\u0142ownik ten umo\u017cliwia podnoszenie, opuszczanie i przechylanie \u0142y\u017cki, u\u0142atwiaj\u0105c wykonywanie r\u00f3\u017cnych zada\u0144 zwi\u0105zanych z prze\u0142adunkiem materia\u0142\u00f3w z precyzj\u0105 i wydajno\u015bci\u0105.<\/p>\n<p>W uk\u0142adach hydraulicznych si\u0142ownik wysi\u0119gnika dzia\u0142a poprzez zamian\u0119 energii hydraulicznej w energi\u0119 mechaniczn\u0105. Pod wp\u0142ywem ci\u015bnienia p\u0142yn hydrauliczny wp\u0142ywa do cylindra, poruszaj\u0105c t\u0142ok, kt\u00f3ry z kolei nap\u0119dza ruch \u0142y\u017cki. Mechanizm ten jest niezb\u0119dny do wykonywania zada\u0144 takich jak kopanie, podnoszenie i transport materia\u0142\u00f3w, co czyni go niezb\u0119dnym w pracach budowlanych i wykopach.<\/p>\n<p><img decoding=\"async\" src=\"https:\/\/www.hydraulic-cylinders.net\/wp-content\/uploads\/2025\/04\/songte-company-1.webp\" alt=\"Si\u0142ownik wysi\u0119gnika do koparek\" \/><\/p>\n<h2>Cechy cylindra wysi\u0119gnika<\/h2>\n<h3>Wysoka wytrzyma\u0142o\u015b\u0107 i trwa\u0142o\u015b\u0107<\/h3>\n<ul>\n<li>Wykonane ze stali o wysokiej wytrzyma\u0142o\u015bci lub aluminium, aby wytrzyma\u0107 du\u017ce ci\u015bnienia i du\u017ce obci\u0105\u017cenia.<\/li>\n<li>Zaprojektowane tak, aby wytrzymywa\u0107 trudne warunki pracy, dzi\u0119ki odporno\u015bci na zu\u017cycie i korozj\u0119.<\/li>\n<li>Zaprojektowane z my\u015bl\u0105 o d\u0142ugotrwa\u0142ej wydajno\u015bci, optymalizuj\u0105ce odst\u0119py mi\u0119dzy przegl\u0105dami.<\/li>\n<\/ul>\n<h3>Wydajna praca hydrauliczna<\/h3>\n<ul>\n<li>Wykorzystuje ci\u015bnienie oleju hydraulicznego do p\u0142ynnego i wydajnego wysuwania i wsuwania.<\/li>\n<li>Zapewnia szybk\u0105 reakcj\u0119 na polecenia operatora, zwi\u0119kszaj\u0105c produktywno\u015b\u0107.<\/li>\n<li>Potrafi generowa\u0107 znaczne si\u0142y pchaj\u0105ce i ci\u0105gn\u0105ce, nadaje si\u0119 do trudnych zada\u0144.<\/li>\n<\/ul>\n<h3>R\u00f3\u017cne typy<\/h3>\n<ul>\n<li>Dost\u0119pne w konfiguracji jednostronnego dzia\u0142ania (dzia\u0142a w jednym kierunku) lub dwustronnego dzia\u0142ania (dzia\u0142a w obu kierunkach).<\/li>\n<li>Niekt\u00f3re modele posiadaj\u0105 konstrukcj\u0119 teleskopow\u0105, kt\u00f3ra umo\u017cliwia wi\u0119ksze wysuni\u0119cie urz\u0105dzenia bez zwi\u0119kszania jego wymiar\u00f3w zewn\u0119trznych, co jest idealnym rozwi\u0105zaniem w przypadku ograniczonej przestrzeni.<\/li>\n<\/ul>\n<h2>Nasze mo\u017cliwo\u015bci produkcyjne<\/h2>\n<p>Specjalizujemy si\u0119 w produkcji wysokiej jako\u015bci si\u0142ownik\u00f3w wysi\u0119gnika, kt\u00f3re doskonale zast\u0119puj\u0105 istniej\u0105ce si\u0142owniki hydrauliczne. Nasze produkty s\u0105 projektowane zgodnie z rygorystycznymi normami, gwarantuj\u0105c niezawodno\u015b\u0107 i najwy\u017csz\u0105 wydajno\u015b\u0107.<\/p>\n<p><img decoding=\"async\" src=\"https:\/\/www.hydraulic-cylinders.net\/wp-content\/uploads\/2025\/04\/songte-cylinder-head-with-all-kinds-excavator-models.webp\" alt=\"Modele cylindr\u00f3w koparek\" \/><\/p>\n<h2>Zastosowania cylindra wysi\u0119gnika<\/h2>\n<h3>Sprz\u0119t budowlany<\/h3>\n<p>W koparkach si\u0142owniki wysi\u0119gnika odgrywaj\u0105 kluczow\u0105 rol\u0119 w kopaniu, za\u0142adunku i przemieszczaniu gleby lub gruzu. Umo\u017cliwiaj\u0105 precyzyjn\u0105 kontrol\u0119, umo\u017cliwiaj\u0105c operatorom sprawne manewrowanie ci\u0119\u017ckimi \u0142adunkami. W koparko-\u0142adowarkach si\u0142owniki wysi\u0119gnika wspomagaj\u0105 zar\u00f3wno kopanie, jak i podnoszenie, zwi\u0119kszaj\u0105c og\u00f3ln\u0105 wydajno\u015b\u0107 na placach budowy.<\/p>\n<h3>Maszyny rolnicze<\/h3>\n<p>\u0141adowarki czo\u0142owe wykorzystuj\u0105 si\u0142owniki wysi\u0119gnika do nabierania, podnoszenia i transportu gleby, siana i innych materia\u0142\u00f3w. Ich zdolno\u015b\u0107 do obs\u0142ugi r\u00f3\u017cnorodnych \u0142adunk\u00f3w czyni je nieocenionymi w pracach rolniczych, poprawiaj\u0105c wydajno\u015b\u0107 zada\u0144 zwi\u0105zanych z prze\u0142adunkiem materia\u0142\u00f3w w r\u00f3\u017cnych ga\u0142\u0119ziach rolnictwa.<\/p>\n<h3>Koparki<\/h3>\n<p>W koparkach si\u0142owniki wysi\u0119gnika u\u0142atwiaj\u0105 kopanie, umo\u017cliwiaj\u0105c \u0142y\u017cce skuteczne zag\u0142\u0119bianie si\u0119 w grunt. Ta funkcja jest niezb\u0119dna podczas prac ziemnych, umo\u017cliwiaj\u0105c operatorom osi\u0105gni\u0119cie optymalnej g\u0142\u0119boko\u015bci kopania i wydajno\u015bci.<\/p>\n<h3>\u0141adowarki<\/h3>\n<p>W \u0142adowarkach czo\u0142owych si\u0142owniki wysi\u0119gnika odgrywaj\u0105 kluczow\u0105 rol\u0119 w efektywnym podnoszeniu i zrzucaniu materia\u0142\u00f3w. Ich konstrukcja umo\u017cliwia p\u0142ynn\u0105 prac\u0119, zapewniaj\u0105c \u0142adowarkom bezpieczn\u0105 i wydajn\u0105 obs\u0142ug\u0119 \u0142adunk\u00f3w, co jest kluczowe w pracach budowlanych i przy prze\u0142adunku materia\u0142\u00f3w.<\/p>\n<h2>Zagadnienia projektowe i kryteria wyboru<\/h2>\n<h3>No\u015bno\u015b\u0107<\/h3>\n<p>No\u015bno\u015b\u0107 si\u0142ownika wysi\u0119gnika jest kluczowym czynnikiem w jego konstrukcji. Musi on by\u0107 w stanie wytrzyma\u0107 maksymalne obci\u0105\u017cenia wyst\u0119puj\u0105ce podczas pracy bez awarii. Wymaga to doboru materia\u0142\u00f3w i proces\u00f3w produkcyjnych, kt\u00f3re zapewni\u0105 integralno\u015b\u0107 konstrukcji pod wp\u0142ywem napr\u0119\u017ce\u0144. In\u017cynierowie cz\u0119sto przeprowadzaj\u0105 obszerne testy w celu sprawdzenia no\u015bno\u015bci, aby upewni\u0107 si\u0119, \u017ce si\u0142ownik sprosta wymaganiom przewidywanych zastosowa\u0144.<\/p>\n<h3>Uszczelnienie i trwa\u0142o\u015b\u0107<\/h3>\n<p>Uszczelnienie jest kluczowe dla zapobiegania wyciekom p\u0142ynu hydraulicznego i utrzymania wydajno\u015bci operacyjnej. Wysokiej jako\u015bci uszczelki wykonane z trwa\u0142ych materia\u0142\u00f3w, takich jak poliuretan lub kauczuk nitrylowy, s\u0105 niezb\u0119dne dla zapewnienia trwa\u0142o\u015bci i prawid\u0142owego dzia\u0142ania. Ponadto konstrukcja cylindra musi minimalizowa\u0107 zu\u017cycie uszczelek w miar\u0119 up\u0142ywu czasu, zmniejszaj\u0105c cz\u0119stotliwo\u015b\u0107 konserwacji i wymian.<\/p>\n<h3>Funkcje bezpiecze\u0144stwa<\/h3>\n<p>W\u0142\u0105czenie funkcji bezpiecze\u0144stwa do konstrukcji si\u0142ownik\u00f3w wysi\u0119gnika ma kluczowe znaczenie. Obejmuje to zawory bezpiecze\u0144stwa i blokady bezpiecze\u0144stwa, zapobiegaj\u0105ce przypadkowym ruchom lub awariom podczas pracy. Regularne kontrole bezpiecze\u0144stwa i przestrzeganie norm bran\u017cowych s\u0105 kluczowe dla zapewnienia prawid\u0142owego dzia\u0142ania tych funkcji oraz ochrony operator\u00f3w i sprz\u0119tu.<\/p>\n<p><img decoding=\"async\" src=\"https:\/\/www.hydraulic-cylinders.net\/wp-content\/uploads\/2025\/04\/songte-oil-pipes-and-spare-parts.webp\" alt=\"Elementy hydrauliczne\" \/><\/p>\n<h2>Uszczelnianie i smarowanie<\/h2>\n<p>Skuteczne uszczelnienie i smarowanie s\u0105 kluczowe dla trwa\u0142o\u015bci si\u0142ownik\u00f3w wysi\u0119gnika. R\u00f3\u017cne elementy uszczelniaj\u0105ce, takie jak uszczelnienia t\u0142oka i t\u0142oczyska, s\u0142u\u017c\u0105 do utrzymania ci\u015bnienia w si\u0142owniku i zapobiegania wyciekom. Uszczelnienia wykonane z trwa\u0142ych materia\u0142\u00f3w, takich jak poliuretan i kauczuk nitrylowy, zapewniaj\u0105 odporno\u015b\u0107 na zu\u017cycie. Dodatkowo, korpus si\u0142ownika i gwintowane powierzchnie ko\u0144cowe s\u0105 poddawane precyzyjnej obr\u00f3bce mechanicznej w celu zwi\u0119kszenia odporno\u015bci na zu\u017cycie.<\/p>\n<p>Rutynowe smarowanie olejem hydraulicznym jest niezb\u0119dne do zmniejszenia tarcia i zu\u017cycia ruchomych cz\u0119\u015bci. Operatorzy powinni zadba\u0107 o stosowanie w\u0142a\u015bciwego rodzaju i ilo\u015bci oleju hydraulicznego, a regularne kontrole powinny by\u0107 przeprowadzane w celu utrzymania prawid\u0142owego poziomu smarowania, zwi\u0119kszaj\u0105c tym samym wydajno\u015b\u0107 cylindra.<\/p>\n<h2>\u015arodki konserwacji zapobiegawczej<\/h2>\n<ul>\n<li><strong>Regularne kontrole:<\/strong> Regularne kontrole szczelno\u015bci, zu\u017cycia i og\u00f3lnego stanu mog\u0105 zapobiec powa\u017cnym awariom. Kontrole wizualne powinny koncentrowa\u0107 si\u0119 na uszczelnieniach, po\u0142\u0105czeniach i korpusie cylindra.<\/li>\n<li><strong>Prawid\u0142owe smarowanie:<\/strong> Upewnij si\u0119, \u017ce si\u0142ownik wysi\u0119gnika jest odpowiednio smarowany odpowiednim olejem hydraulicznym. Zmniejsza to tarcie i wyd\u0142u\u017ca \u017cywotno\u015b\u0107 podzespo\u0142u.<\/li>\n<li><strong>Wymiana uszczelki:<\/strong> Regularnie sprawdzaj stan uszczelek i wymieniaj je w razie potrzeby, aby zapobiega\u0107 wyciekom i utrzyma\u0107 wydajno\u015b\u0107. Proaktywne podej\u015bcie do konserwacji uszczelek ma kluczowe znaczenie dla niezawodno\u015bci operacyjnej.<\/li>\n<\/ul>\n<h2>Wytyczne dotycz\u0105ce instalacji<\/h2>\n<p>Prawid\u0142owy monta\u017c si\u0142ownik\u00f3w wysi\u0119gnika ma kluczowe znaczenie dla optymalnej wydajno\u015bci. Najpierw upewnij si\u0119, \u017ce wszystkie komponenty s\u0105 czyste i wolne od zanieczyszcze\u0144. Wyr\u00f3wnaj si\u0142ownik z punktami mocowania, u\u017cywaj\u0105c odpowiednich wspornik\u00f3w monta\u017cowych, aby go zabezpieczy\u0107. Dokr\u0119\u0107 \u015bruby zgodnie ze specyfikacj\u0105 producenta, aby zapobiec ich poluzowaniu podczas pracy.<\/p>\n<p>Dok\u0142adnie sprawd\u017a u\u0142o\u017cenie przewod\u00f3w hydraulicznych, aby unikn\u0105\u0107 za\u0142ama\u0144 lub skr\u0119ce\u0144, kt\u00f3re mog\u0142yby wp\u0142yn\u0105\u0107 na przep\u0142yw p\u0142ynu. Po monta\u017cu nape\u0142nij uk\u0142ad hydrauliczny zalecanym olejem i odpowietrz uk\u0142ad, aby zapewni\u0107 jego p\u0142ynn\u0105 prac\u0119. Na koniec przeprowad\u017a pr\u00f3by, aby zweryfikowa\u0107 dzia\u0142anie i rozwi\u0105za\u0107 wszelkie problemy przed uruchomieniem na pe\u0142n\u0105 skal\u0119.<\/p>\n<h3>Typowe zadania konserwacyjne<\/h3>\n<ul>\n<li><strong>Regularne kontrole:<\/strong> Regularne kontrole pod k\u0105tem wyciek\u00f3w, zu\u017cycia i og\u00f3lnego stanu s\u0105 niezb\u0119dne, aby zapobiec awariom. Operatorzy powinni zapozna\u0107 si\u0119 z oznakami zu\u017cycia i niezw\u0142ocznie je naprawia\u0107.<\/li>\n<li><strong>W\u0142a\u015bciwe smarowanie:<\/strong> Upewnij si\u0119, \u017ce si\u0142ownik wysi\u0119gnika jest smarowany odpowiednim olejem hydraulicznym i w odpowiedniej ilo\u015bci. Pomaga to zmniejszy\u0107 tarcie i wyd\u0142u\u017cy\u0107 \u017cywotno\u015b\u0107 si\u0142ownika.<\/li>\n<li><strong>Wymiana uszczelki:<\/strong> Regularna kontrola stanu uszczelek pod k\u0105tem zu\u017cycia i ich wymiana s\u0105 niezwykle istotne, aby zapobiec wyciekom. Regularna konserwacja uszczelek zapewnia maksymaln\u0105 wydajno\u015b\u0107 si\u0142ownika.<\/li>\n<\/ul>\n<p><img decoding=\"async\" src=\"https:\/\/www.hydraulic-cylinders.net\/wp-content\/uploads\/2025\/04\/songte-chushion-collar.webp\" alt=\"Ko\u0142nierz poduszkowy\" \/><\/p>\n<h2>Zagadnienia bezpiecze\u0144stwa i czynniki \u015brodowiskowe<\/h2>\n<p>\u015arodki bezpiecze\u0144stwa s\u0105 niezwykle istotne podczas obs\u0142ugi i konserwacji si\u0142ownik\u00f3w wysi\u0119gnika. Operatorzy powinni nosi\u0107 odpowiedni sprz\u0119t ochrony osobistej (PPE) i przestrzega\u0107 protoko\u0142\u00f3w bezpiecze\u0144stwa, aby zminimalizowa\u0107 ryzyko. Regularne szkolenia i programy u\u015bwiadamiaj\u0105ce mog\u0105 poszerzy\u0107 wiedz\u0119 na temat bezpiecznej obs\u0142ugi i potencjalnych zagro\u017ce\u0144 zwi\u0105zanych z uk\u0142adami hydraulicznymi. Ponadto, czynniki \u015brodowiskowe, takie jak wycieki p\u0142yn\u00f3w, powinny by\u0107 starannie kontrolowane, aby zapobiega\u0107 zanieczyszczeniom i promowa\u0107 zr\u00f3wnowa\u017cone praktyki w bran\u017cy.<\/p>\n<h2>Diagnostyka i typowe problemy<\/h2>\n<ul>\n<li><strong>Przeciek:<\/strong> Wyciek mo\u017ce wyst\u0105pi\u0107 z powodu zu\u017cytych uszczelek lub uszkodzonych podzespo\u0142\u00f3w. Identyfikacja \u017ar\u00f3d\u0142a jest kluczowa dla terminowej naprawy.<\/li>\n<li><strong>Powolna praca:<\/strong> Je\u017celi cylinder pracuje powoli, mo\u017ce to oznacza\u0107 niski poziom p\u0142ynu hydraulicznego lub obecno\u015b\u0107 powietrza w uk\u0142adzie, co wymaga natychmiastowej interwencji.<\/li>\n<li><strong>Ruchy nieregularne:<\/strong> Nieregularne ruchy mog\u0105 by\u0107 spowodowane brakiem r\u00f3wnowagi ci\u015bnie\u0144 lub wadliwym sterowaniem. W zwi\u0105zku z tym, w celu zapewnienia skutecznego dzia\u0142ania, konieczna jest szczeg\u00f3\u0142owa diagnostyka.<\/li>\n<\/ul>\n<h2>Wskaz\u00f3wki dotycz\u0105ce rozwi\u0105zywania problem\u00f3w<\/h2>\n<p>Aby skutecznie zdiagnozowa\u0107 problemy, nale\u017cy zacz\u0105\u0107 od zidentyfikowania wszelkich widocznych wyciek\u00f3w lub nietypowych d\u017awi\u0119k\u00f3w podczas pracy. Regularna konserwacja i przegl\u0105dy mog\u0105 znacznie zmniejszy\u0107 prawdopodobie\u0144stwo wyst\u0105pienia typowych problem\u00f3w. Wdra\u017canie proaktywnych \u015brodk\u00f3w, takich jak terminowa wymiana uszczelnie\u0144 i rutynowe kontrole poziomu p\u0142yn\u00f3w, minimalizuje ryzyko awarii i wyd\u0142u\u017ca og\u00f3ln\u0105 \u017cywotno\u015b\u0107 si\u0142ownika wysi\u0119gnika.<\/p>\n<p><img decoding=\"async\" src=\"https:\/\/www.hydraulic-cylinders.net\/wp-content\/uploads\/2025\/04\/songte-bushings-with-all-kinds-of-excavator-models.webp\" alt=\"Tuleje koparki\" \/><\/p>\n<h2>Przegl\u0105d firmy<\/h2>\n<p>Jeste\u015bmy wiod\u0105cym producentem zamiennych si\u0142ownik\u00f3w hydraulicznych, oferuj\u0105cym szerok\u0105 gam\u0119 produkt\u00f3w, kt\u00f3re ugruntowa\u0142y nasz\u0105 pozycj\u0119 lidera na rynku krajowym i mi\u0119dzynarodowym. Nasze zaanga\u017cowanie w d\u0105\u017cenie do doskona\u0142o\u015bci znajduje odzwierciedlenie w udoskonalonych procesach produkcyjnych i przestrzeganiu surowych standard\u00f3w jako\u015bci. Koncentruj\u0105c si\u0119 na strategiach zarz\u0105dzania produkcj\u0105 wysokiej jako\u015bci, wykorzystujemy zaawansowane technologie i wykwalifikowany personel, aby zwi\u0119kszy\u0107 nasze mo\u017cliwo\u015bci produkcyjne.<\/p>\n<p>Nasze zak\u0142ady s\u0105 wyposa\u017cone w najnowocze\u015bniejszy sprz\u0119t produkcyjny i rygorystyczne systemy testowe, co gwarantuje, \u017ce ka\u017cdy produkt spe\u0142nia nasze standardy jako\u015bci. Oferujemy r\u00f3wnie\u017c rozwi\u0105zania dostosowane do zr\u00f3\u017cnicowanych potrzeb naszych klient\u00f3w, gwarantuj\u0105c satysfakcj\u0119 i niezawodno\u015b\u0107 we wszystkich zastosowaniach.<\/p>\n<p><img decoding=\"async\" src=\"https:\/\/www.hydraulic-cylinders.net\/wp-content\/uploads\/2025\/04\/songte-company-4.webp\" alt=\"Firma produkcyjna\" \/><br \/>\n<img decoding=\"async\" src=\"https:\/\/www.hydraulic-cylinders.net\/wp-content\/uploads\/2025\/04\/songte-company-3.webp\" alt=\"Sprz\u0119t firmowy\" \/><\/p>\n<p>Autor: lyl<\/p>","protected":false},"excerpt":{"rendered":"<p>Boom Cylinder For World Large Excavator W2700-8 Product Overview The Boom Cylinder, specifically designed for large excavators like the W2700-8, is a critical component in hydraulic systems. It is a type of hydraulic cylinder that plays an essential role in controlling the movement of the bucket on heavy machinery such as excavators, backhoes, and front [&hellip;]<\/p>","protected":false},"featured_media":17870,"comment_status":"open","ping_status":"closed","template":"","meta":{"_et_pb_use_builder":"","_et_pb_old_content":"","_et_gb_content_width":""},"product_brand":[],"product_cat":[1546],"product_tag":[1547,1496],"class_list":{"0":"post-19471","1":"product","2":"type-product","3":"status-publish","4":"has-post-thumbnail","6":"product_cat-boom-cylinders","7":"product_tag-boom-cylinders","8":"product_tag-hydraulic-cylinders","10":"first","11":"instock","12":"shipping-taxable","13":"product-type-simple"},"amp_enabled":true,"_links":{"self":[{"href":"https:\/\/www.hydraulic-cylinders.net\/pl\/wp-json\/wp\/v2\/product\/19471","targetHints":{"allow":["GET"]}}],"collection":[{"href":"https:\/\/www.hydraulic-cylinders.net\/pl\/wp-json\/wp\/v2\/product"}],"about":[{"href":"https:\/\/www.hydraulic-cylinders.net\/pl\/wp-json\/wp\/v2\/types\/product"}],"replies":[{"embeddable":true,"href":"https:\/\/www.hydraulic-cylinders.net\/pl\/wp-json\/wp\/v2\/comments?post=19471"}],"wp:featuredmedia":[{"embeddable":true,"href":"https:\/\/www.hydraulic-cylinders.net\/pl\/wp-json\/wp\/v2\/media\/17870"}],"wp:attachment":[{"href":"https:\/\/www.hydraulic-cylinders.net\/pl\/wp-json\/wp\/v2\/media?parent=19471"}],"wp:term":[{"taxonomy":"product_brand","embeddable":true,"href":"https:\/\/www.hydraulic-cylinders.net\/pl\/wp-json\/wp\/v2\/product_brand?post=19471"},{"taxonomy":"product_cat","embeddable":true,"href":"https:\/\/www.hydraulic-cylinders.net\/pl\/wp-json\/wp\/v2\/product_cat?post=19471"},{"taxonomy":"product_tag","embeddable":true,"href":"https:\/\/www.hydraulic-cylinders.net\/pl\/wp-json\/wp\/v2\/product_tag?post=19471"}],"curies":[{"name":"wp","href":"https:\/\/api.w.org\/{rel}","templated":true}]}}