{"id":19485,"date":"2025-04-07T06:50:13","date_gmt":"2025-04-07T06:50:13","guid":{"rendered":"https:\/\/www.hydraulic-cylinders.net\/product\/boom-cylinder-for-jchi-ns60c\/"},"modified":"2025-04-07T06:50:15","modified_gmt":"2025-04-07T06:50:15","slug":"boom-cylinder-for-jchi-ns60c","status":"publish","type":"product","link":"https:\/\/www.hydraulic-cylinders.net\/pl\/produkt\/boom-cylinder-for-jchi-ns60c\/","title":{"rendered":"Si\u0142ownik wysi\u0119gnika do JCHI NS60C"},"content":{"rendered":"<h1>Si\u0142ownik wysi\u0119gnika do JCHI NS60C<\/h1>\n<h2>Wprowadzenie do cylindr\u00f3w wysi\u0119gnika<\/h2>\n<p>Si\u0142ownik wysi\u0119gnika JCHI NS60C to kluczowy element uk\u0142ad\u00f3w hydraulicznych, zaprojektowany specjalnie do sterowania ruchem \u0142y\u017cek w r\u00f3\u017cnych maszynach ci\u0119\u017ckich, takich jak koparki, koparko-\u0142adowarki i \u0142adowarki czo\u0142owe. Si\u0142owniki te umo\u017cliwiaj\u0105 podnoszenie, opuszczanie i przechylanie \u0142y\u017cki, u\u0142atwiaj\u0105c wydajne przenoszenie materia\u0142\u00f3w. Jako si\u0142ownik hydrauliczny, przekszta\u0142ca energi\u0119 hydrauliczn\u0105 w energi\u0119 mechaniczn\u0105, zapewniaj\u0105c si\u0142\u0119 niezb\u0119dn\u0105 do wykonywania wymagaj\u0105cych zada\u0144. Si\u0142ownik wysi\u0119gnika odgrywa kluczow\u0105 rol\u0119 w zapewnieniu p\u0142ynnej pracy sprz\u0119tu budowlanego i rolniczego, umo\u017cliwiaj\u0105c operatorom precyzyjne wykonywanie szerokiego zakresu funkcji.<\/p>\n<p><img decoding=\"async\" src=\"https:\/\/www.hydraulic-cylinders.net\/wp-content\/uploads\/2025\/04\/songte-company-1.webp\" alt=\"Si\u0142ownik wysi\u0119gnika do JCHI NS60C\"><\/p>\n<h2>Cechy cylindra wysi\u0119gnika<\/h2>\n<h3>Wysoka wytrzyma\u0142o\u015b\u0107 i trwa\u0142o\u015b\u0107<\/h3>\n<ul>\n<li>Wykonane ze stali o wysokiej wytrzyma\u0142o\u015bci lub aluminium, zaprojektowane tak, aby wytrzyma\u0107 du\u017ce ci\u015bnienie i du\u017ce obci\u0105\u017cenia.<\/li>\n<li>Zaprojektowane tak, aby przystosowa\u0107 si\u0119 do trudnych warunk\u00f3w pracy, ze szczeg\u00f3lnym uwzgl\u0119dnieniem odporno\u015bci na zu\u017cycie i korozj\u0119 w celu zwi\u0119kszenia trwa\u0142o\u015bci.<\/li>\n<\/ul>\n<h3>Wydajna praca hydrauliczna<\/h3>\n<ul>\n<li>Wykorzystuje ci\u015bnienie oleju hydraulicznego w celu uzyskania p\u0142ynnego wysuwania i wsuwania, szybko reaguj\u0105c na polecenia steruj\u0105ce.<\/li>\n<li>Zapewnia du\u017c\u0105 si\u0142\u0119 pchania i ci\u0105gni\u0119cia, idealn\u0105 do przenoszenia ci\u0119\u017ckich \u0142adunk\u00f3w i skomplikowanych zada\u0144 operacyjnych.<\/li>\n<\/ul>\n<h3>Dost\u0119pne r\u00f3\u017cne typy<\/h3>\n<ul>\n<li>Dost\u0119pne s\u0105 si\u0142owniki jednostronnego dzia\u0142ania (dzia\u0142anie hydrauliczne w jednym kierunku) lub dwustronnego dzia\u0142ania (dzia\u0142anie hydrauliczne w obu kierunkach) spe\u0142niaj\u0105ce r\u00f3\u017cne wymagania operacyjne.<\/li>\n<li>Niekt\u00f3re modele posiadaj\u0105 konstrukcj\u0119 teleskopow\u0105, kt\u00f3ra umo\u017cliwia wi\u0119ksze wysuni\u0119cie urz\u0105dzenia bez zwi\u0119kszania jego wymiar\u00f3w zewn\u0119trznych, co jest przydatne w przypadku zastosowa\u0144 o ograniczonej przestrzeni.<\/li>\n<\/ul>\n<h2>Mo\u017cliwo\u015bci produkcyjne<\/h2>\n<p>Specjalizujemy si\u0119 w produkcji wysokiej jako\u015bci si\u0142ownik\u00f3w wysi\u0119gnika, kt\u00f3re doskonale zast\u0119puj\u0105 istniej\u0105ce si\u0142owniki hydrauliczne. Nasze do\u015bwiadczenie gwarantuje, \u017ce nasze produkty spe\u0142niaj\u0105 najwy\u017csze standardy bran\u017cowe.<\/p>\n<p><img decoding=\"async\" src=\"https:\/\/www.hydraulic-cylinders.net\/wp-content\/uploads\/2025\/04\/songte-cylinder-head-with-all-kinds-excavator-models.webp\" alt=\"Produkcja cylindr\u00f3w hydraulicznych\"><\/p>\n<h2>Scenariusze zastosowa\u0144<\/h2>\n<h3>Sprz\u0119t budowlany<\/h3>\n<p>W koparkach si\u0142owniki wysi\u0119gnika s\u0105 niezb\u0119dne do kopania, za\u0142adunku i przemieszczania ziemi lub gruzu. Zapewniaj\u0105 one niezb\u0119dny ruch, aby \u0142y\u017cka mog\u0142a zag\u0142\u0119bi\u0107 si\u0119 w grunt, umo\u017cliwiaj\u0105c wydajne prace ziemne. W koparko-\u0142adowarkach si\u0142ownik wysi\u0119gnika wspomaga zar\u00f3wno kopanie, jak i podnoszenie, co czyni go wszechstronnym narz\u0119dziem w projektach budowlanych.<\/p>\n<h3>Maszyny rolnicze<\/h3>\n<p>W przypadku \u0142adowarek czo\u0142owych si\u0142owniki wysi\u0119gnika u\u0142atwiaj\u0105 nabieranie, podnoszenie i transport ziemi, siana i innych materia\u0142\u00f3w. Zapewniaj\u0105 p\u0142ynn\u0105 prac\u0119 w zadaniach wymagaj\u0105cych precyzji i mocy, zwi\u0119kszaj\u0105c wydajno\u015b\u0107 prac rolniczych.<\/p>\n<h3>Koparki<\/h3>\n<p>W koparkach cylindry wysi\u0119gnika umo\u017cliwiaj\u0105 skuteczne zag\u0142\u0119bianie si\u0119 \u0142y\u017cki w gleb\u0119 podczas kopania. Si\u0142a hydrauliczna generowana przez si\u0142ownik jest niezb\u0119dna do przebijania si\u0119 przez trudne powierzchnie, co czyni go kluczowym elementem podczas prac ziemnych.<\/p>\n<h3>\u0141adowarki<\/h3>\n<p>W \u0142adowarkach czo\u0142owych si\u0142owniki wysi\u0119gnika przyczyniaj\u0105 si\u0119 do wydajnego podnoszenia i opr\u00f3\u017cniania \u0142adunk\u00f3w. Umo\u017cliwiaj\u0105 operatorom szybkie wykonywanie zada\u0144, zwi\u0119kszaj\u0105c wydajno\u015b\u0107 na placach budowy.<\/p>\n<h2>Zagadnienia projektowe i kryteria wyboru<\/h2>\n<h3>No\u015bno\u015b\u0107<\/h3>\n<p>Przy projektowaniu si\u0142ownik\u00f3w wysi\u0119gnika, ud\u017awig jest kwesti\u0105 priorytetow\u0105. Si\u0142ownik musi by\u0107 w stanie ud\u017awign\u0105\u0107 maksymalne obci\u0105\u017cenie, jakie maszyny mog\u0105 napotka\u0107 podczas pracy. Wymaga to starannego doboru materia\u0142\u00f3w i projektu konstrukcyjnego, aby zapewni\u0107 bezpiecze\u0144stwo i niezawodno\u015b\u0107, zapobiegaj\u0105c awariom podczas intensywnego u\u017cytkowania. Aby uzyska\u0107 optymaln\u0105 konstrukcj\u0119, in\u017cynierowie musz\u0105 uwzgl\u0119dni\u0107 takie czynniki, jak rozk\u0142ad napr\u0119\u017ce\u0144, granice zm\u0119czenia i wytrzyma\u0142o\u015b\u0107 materia\u0142u.<\/p>\n<h3>Opiecz\u0119towanie<\/h3>\n<p>Skuteczne uszczelnienie jest kluczowe w cylindrach hydraulicznych, aby zapobiec wyciekom p\u0142ynu i utrzyma\u0107 ci\u015bnienie. Wysokiej jako\u015bci uszczelnienia, takie jak uszczelnienia t\u0142ok\u00f3w i t\u0142oczysk, s\u0105 niezb\u0119dne dla zapewnienia trwa\u0142o\u015bci cylindra. Materia\u0142y na uszczelnienia powinny obejmowa\u0107 materia\u0142y odporne na \u015bcieranie, takie jak poliuretan i kauczuk nitrylowy, kt\u00f3re wytrzymuj\u0105 trudne warunki i zachowuj\u0105 wydajno\u015b\u0107 przez d\u0142ugi czas.<\/p>\n<h3>Trwa\u0142o\u015b\u0107<\/h3>\n<p>Trwa\u0142o\u015b\u0107 jest kluczowym czynnikiem w projektowaniu si\u0142ownik\u00f3w wysi\u0119gnika, poniewa\u017c cz\u0119sto s\u0105 one nara\u017cone na ekstremalne warunki. Zastosowanie materia\u0142\u00f3w o wysokiej wytrzyma\u0142o\u015bci w po\u0142\u0105czeniu z pow\u0142okami ochronnymi zwi\u0119ksza odporno\u015b\u0107 na zu\u017cycie i korozj\u0119, wyd\u0142u\u017caj\u0105c tym samym \u017cywotno\u015b\u0107 si\u0142ownika. Regularne testy i \u015brodki kontroli jako\u015bci s\u0105 kluczowe dla zapewnienia, \u017ce \u200b\u200bprodukty spe\u0142niaj\u0105 standardy trwa\u0142o\u015bci.<\/p>\n<h3>Bezpiecze\u0144stwo<\/h3>\n<p>Wzgl\u0119dy bezpiecze\u0144stwa przy projektowaniu si\u0142ownik\u00f3w wysi\u0119gnika obejmuj\u0105 zapewnienie ich odporno\u015bci na nieoczekiwane przeci\u0105\u017cenia i awarie mechaniczne. Funkcje bezpiecze\u0144stwa, takie jak zawory bezpiecze\u0144stwa i solidne systemy monta\u017cowe, s\u0105 niezb\u0119dne, aby zapobiega\u0107 wypadkom i zwi\u0119ksza\u0107 bezpiecze\u0144stwo operatora. Regularne kontrole i przestrzeganie przepis\u00f3w bezpiecze\u0144stwa s\u0105 niezb\u0119dne, aby ograniczy\u0107 ryzyko zwi\u0105zane z operacjami hydraulicznymi.<\/p>\n<h3>Konserwacja<\/h3>\n<p>\u0141atwo\u015b\u0107 konserwacji to kolejny istotny aspekt konstrukcyjny. Si\u0142owniki wysi\u0119gnika powinny by\u0107 zaprojektowane tak, aby zapewni\u0107 \u0142atwy dost\u0119p do kluczowych podzespo\u0142\u00f3w, umo\u017cliwiaj\u0105c rutynowe kontrole i naprawy. Dobrze opracowany harmonogram konserwacji, obejmuj\u0105cy regularne kontrole i terminow\u0105 wymian\u0119 zu\u017cytych cz\u0119\u015bci, mo\u017ce znacz\u0105co wp\u0142yn\u0105\u0107 na wydajno\u015b\u0107 i \u017cywotno\u015b\u0107 uk\u0142adu hydraulicznego.<\/p>\n<p><img decoding=\"async\" src=\"https:\/\/www.hydraulic-cylinders.net\/wp-content\/uploads\/2025\/04\/songte-oil-pipes-and-spare-parts.webp\" alt=\"Cz\u0119\u015bci cylindr\u00f3w hydraulicznych\"><\/p>\n<h2>Uszczelnianie i smarowanie<\/h2>\n<p>Skuteczne uszczelnienie i smarowanie s\u0105 kluczowe dla optymalnej pracy si\u0142ownik\u00f3w wysi\u0119gnika. R\u00f3\u017cne uszczelnienia, w tym uszczelnienia t\u0142oczysk i t\u0142oczysk, s\u0105 stosowane w celu utrzymania ci\u015bnienia hydraulicznego i zapobiegania wyciekom oleju. Wyb\u00f3r materia\u0142\u00f3w uszczelniaj\u0105cych, takich jak poliuretan i kauczuk nitrylowy, zwi\u0119ksza odporno\u015b\u0107 na zu\u017cycie i trwa\u0142o\u015b\u0107.<\/p>\n<p>Precyzyjna obr\u00f3bka korpusu cylindra i gwintowanych powierzchni ko\u0144cowych jest niezb\u0119dna dla zwi\u0119kszenia odporno\u015bci na zu\u017cycie i zapewnienia prawid\u0142owego uszczelnienia. Dodatkowo, regularne smarowanie olejem hydraulicznym jest niezb\u0119dne dla zmniejszenia tarcia i zapewnienia p\u0142ynnej pracy. Operatorzy powinni przestrzega\u0107 zalecanego harmonogramu smarowania, aby zapewni\u0107 odpowiednie nasmarowanie wszystkich ruchomych cz\u0119\u015bci, minimalizuj\u0105c zu\u017cycie i wyd\u0142u\u017caj\u0105c \u017cywotno\u015b\u0107 cylindra.<\/p>\n<h2>Regularne kontrole i \u015brodki konserwacji zapobiegawczej<\/h2>\n<ul>\n<li><strong>Regularne kontrole:<\/strong> Regularnie przeprowadzaj kontrole wizualne pod k\u0105tem oznak zu\u017cycia, wyciek\u00f3w lub uszkodze\u0144. Wczesne wykrycie problem\u00f3w mo\u017ce zapobiec powa\u017cniejszym problemom w przysz\u0142o\u015bci.<\/li>\n<li><strong>W\u0142a\u015bciwe smarowanie:<\/strong> Nale\u017cy zadba\u0107 o utrzymanie odpowiedniego poziomu oleju hydraulicznego oraz o odpowiednie smarowanie wszystkich uszczelek i ruchomych cz\u0119\u015bci, aby zapobiec tarciu i zu\u017cyciu.<\/li>\n<li><strong>Wymiana uszczelki:<\/strong> Regularnie sprawdzaj uszczelki pod k\u0105tem \u015blad\u00f3w zu\u017cycia i w razie potrzeby wymieniaj je, aby zachowa\u0107 integralno\u015b\u0107 hydrauliczn\u0105 i zapobiec wyciekom.<\/li>\n<\/ul>\n<h2>Prawid\u0142owe wytyczne dotycz\u0105ce instalacji<\/h2>\n<p>Podczas monta\u017cu si\u0142ownika wysi\u0119gnika nale\u017cy upewni\u0107 si\u0119, \u017ce punkty mocowania s\u0105 czyste i wolne od zanieczyszcze\u0144. Prawid\u0142owe ustawienie si\u0142ownika ma kluczowe znaczenie dla unikni\u0119cia nadmiernego obci\u0105\u017cenia podzespo\u0142\u00f3w. Nale\u017cy u\u017cy\u0107 odpowiednich wspornik\u00f3w monta\u017cowych, aby zabezpieczy\u0107 si\u0142ownik na miejscu i zapewni\u0107 jego solidne zakotwiczenie. Nale\u017cy przestrzega\u0107 zalece\u0144 producenta dotycz\u0105cych momentu obrotowego, aby unikn\u0105\u0107 nadmiernego lub niedostatecznego dokr\u0119cenia \u015brub.<\/p>\n<p>Podczas monta\u017cu nale\u017cy sprawdzi\u0107 prawid\u0142owe po\u0142o\u017cenie przewod\u00f3w hydraulicznych, upewniaj\u0105c si\u0119, \u017ce nie s\u0105 one zagi\u0119te ani nadmiernie zgi\u0119te. Po monta\u017cu nale\u017cy dok\u0142adnie sprawdzi\u0107 uk\u0142ad hydrauliczny, aby upewni\u0107 si\u0119, \u017ce nie ma wyciek\u00f3w i wszystkie funkcje dzia\u0142aj\u0105 prawid\u0142owo. Zaleca si\u0119 przeprowadzenie pr\u00f3by, aby upewni\u0107 si\u0119, \u017ce si\u0142ownik dzia\u0142a prawid\u0142owo w warunkach obci\u0105\u017cenia.<\/p>\n<h2>Zadania konserwacyjne<\/h2>\n<h3>Regularne kontrole<\/h3>\n<p>Regularne kontrole s\u0105 niezb\u0119dne do identyfikacji potencjalnych problem\u00f3w, zanim si\u0119 nasil\u0105. Sprawd\u017a cylinder pod k\u0105tem \u015blad\u00f3w zu\u017cycia, wyciek\u00f3w lub uszkodze\u0144 i natychmiast rozwi\u0105\u017c wszelkie problemy, aby unikn\u0105\u0107 kosztownych napraw w przysz\u0142o\u015bci. Prowadzenie dziennika konserwacji pomaga monitorowa\u0107 stan cylindra w czasie.<\/p>\n<h3>Odpowiednie smarowanie<\/h3>\n<p>Prawid\u0142owe smarowanie jest kluczowe dla wydajno\u015bci i trwa\u0142o\u015bci si\u0142ownik\u00f3w wysi\u0119gnika. Nale\u017cy stosowa\u0107 zalecany rodzaj oleju hydraulicznego i przestrzega\u0107 zalece\u0144 producenta dotycz\u0105cych cz\u0119stotliwo\u015bci smarowania. Regularnie sprawdzaj poziom oleju i wymieniaj go w razie potrzeby, aby utrzyma\u0107 optymaln\u0105 wydajno\u015b\u0107.<\/p>\n<h3>Wymiana uszczelek i kontrola kalibracji<\/h3>\n<p>Regularna wymiana uszczelek jest kluczowa dla zachowania integralno\u015bci uk\u0142adu hydraulicznego. Sprawdzaj uszczelki pod k\u0105tem zu\u017cycia i wymieniaj je w razie potrzeby. Dodatkowo, kalibruj si\u0142ownik, aby zapewni\u0107 jego prawid\u0142owe dzia\u0142anie. Prawid\u0142owe ustawienie i kalibracja pomagaj\u0105 unikn\u0105\u0107 przedwczesnego zu\u017cycia i zapewniaj\u0105 wydajn\u0105 prac\u0119.<\/p>\n<p><img decoding=\"async\" src=\"https:\/\/www.hydraulic-cylinders.net\/wp-content\/uploads\/2025\/04\/songte-chushion-collar.webp\" alt=\"Monta\u017c cylindra\"><\/p>\n<h2>Zagadnienia bezpiecze\u0144stwa i czynniki \u015brodowiskowe<\/h2>\n<p>\u015arodki bezpiecze\u0144stwa maj\u0105 kluczowe znaczenie w przypadku uk\u0142ad\u00f3w hydraulicznych. Operatorzy musz\u0105 by\u0107 przeszkoleni w zakresie bezpiecznych procedur obs\u0142ugi oraz znaczenia stosowania \u015brodk\u00f3w ochrony indywidualnej (PPE). Nale\u017cy przeprowadza\u0107 regularne audyty bezpiecze\u0144stwa, aby zapewni\u0107 zgodno\u015b\u0107 z bran\u017cowymi normami bezpiecze\u0144stwa. Ponadto, aby zminimalizowa\u0107 wp\u0142yw na \u015brodowisko, nale\u017cy przestrzega\u0107 zasad ochrony \u015brodowiska, takich jak prawid\u0142owa utylizacja olej\u00f3w i materia\u0142\u00f3w hydraulicznych.<\/p>\n<h2>Rozwi\u0105zywanie problem\u00f3w i typowe problemy<\/h2>\n<ul>\n<li><strong>Przeciek:<\/strong> Sprawd\u017a uszczelki i z\u0142\u0105czki pod k\u0105tem uszkodze\u0144. Wymie\u0144 zu\u017cyte uszczelki i upewnij si\u0119, \u017ce wszystkie po\u0142\u0105czenia s\u0105 dobrze zamocowane, aby zapobiec wyciekowi p\u0142ynu hydraulicznego.<\/li>\n<li><strong>Niesp\u00f3jne dzia\u0142anie:<\/strong> Sprawd\u017a poziom p\u0142ynu hydraulicznego i upewnij si\u0119, \u017ce uk\u0142ad jest odpowietrzony. Usu\u0144 wszelkie uwi\u0119zione powietrze i upewnij si\u0119, \u017ce poziom p\u0142ynu jest odpowiedni dla optymalnej wydajno\u015bci.<\/li>\n<li><strong>Powolna reakcja:<\/strong> Sprawd\u017a pomp\u0119 hydrauliczn\u0105 i filtr pod k\u0105tem zator\u00f3w. W razie potrzeby wymie\u0144 filtry i upewnij si\u0119, \u017ce pompa dzia\u0142a prawid\u0142owo, aby zapewni\u0107 przep\u0142yw p\u0142ynu.<\/li>\n<\/ul>\n<h2>Wskaz\u00f3wki dotycz\u0105ce obs\u0142ugi b\u0142\u0119d\u00f3w<\/h2>\n<p>Aby skutecznie diagnozowa\u0107 i rozwi\u0105zywa\u0107 problemy z si\u0142ownikami wysi\u0119gnika, zawsze nale\u017cy zacz\u0105\u0107 od dok\u0142adnej inspekcji systemu. Sprawd\u017a, czy nie ma widocznych wyciek\u00f3w i nas\u0142uchuj nietypowych d\u017awi\u0119k\u00f3w, kt\u00f3re mog\u0105 wskazywa\u0107 na problemy. Wdra\u017caj \u015brodki zapobiegawcze, takie jak rutynowa konserwacja, aby zminimalizowa\u0107 potencjalne problemy i zapewni\u0107 d\u0142ug\u0105 \u017cywotno\u015b\u0107 sprz\u0119tu.<\/p>\n<p><img decoding=\"async\" src=\"https:\/\/www.hydraulic-cylinders.net\/wp-content\/uploads\/2025\/04\/songte-bushings-with-all-kinds-of-excavator-models.webp\" alt=\"Modele koparek\"><\/p>\n<h2>O naszej firmie<\/h2>\n<p>Jeste\u015bmy wiod\u0105cym producentem zamiennych si\u0142ownik\u00f3w hydraulicznych, oferuj\u0105cym szerok\u0105 gam\u0119 produkt\u00f3w. Nasze zaanga\u017cowanie w d\u0105\u017cenie do doskona\u0142o\u015bci zapewni\u0142o nam pozycj\u0119 czo\u0142owego producenta i dystrybutora hurtowego na rynku krajowym i mi\u0119dzynarodowym. Stawiamy na jako\u015b\u0107, wykorzystuj\u0105c precyzyjne strategie produkcyjne w po\u0142\u0105czeniu z zaawansowanym sprz\u0119tem do produkcji cyfrowej i profesjonalnymi systemami testowania.<\/p>\n<p>Nasza platforma produkcyjna stale podnosi jako\u015b\u0107 produkt\u00f3w dzi\u0119ki rygorystycznym standardom i praktykom. Dzi\u0119ki silnemu potencja\u0142owi w zakresie innowacji i efektywno\u015bci produkcji, przestrzegamy zasad wysokiej dok\u0142adno\u015bci i jako\u015bci, aby sprosta\u0107 zr\u00f3\u017cnicowanym potrzebom klient\u00f3w. Nasze profesjonalne us\u0142ugi obejmuj\u0105 rozwi\u0105zania szyte na miar\u0119, mi\u0119dzynarodowe certyfikaty oraz kompleksowe wsparcie posprzeda\u017cowe, gwarantuj\u0105ce satysfakcj\u0119 klienta.<\/p>\n<p><img decoding=\"async\" src=\"https:\/\/www.hydraulic-cylinders.net\/wp-content\/uploads\/2025\/04\/songte-company-4.webp\" alt=\"Przegl\u0105d firmy\"><br \/>\n<img decoding=\"async\" src=\"https:\/\/www.hydraulic-cylinders.net\/wp-content\/uploads\/2025\/04\/songte-company-3.webp\" alt=\"Obiekty produkcyjne firmy\"><\/p>\n<p>Autor: lyl<\/p>","protected":false},"excerpt":{"rendered":"<p>Boom Cylinder For JCHI NS60C Introduction to Boom Cylinders The Boom Cylinder for JCHI NS60C is a crucial component in hydraulic systems, specifically designed to control the movement of buckets in various heavy machinery such as excavators, backhoe loaders, and front loaders. These cylinders enable the bucket to lift, lower, and tilt, facilitating material handling [&hellip;]<\/p>","protected":false},"featured_media":17869,"comment_status":"open","ping_status":"closed","template":"","meta":{"_et_pb_use_builder":"","_et_pb_old_content":"","_et_gb_content_width":""},"product_brand":[],"product_cat":[1546],"product_tag":[1547,1496],"class_list":{"0":"post-19485","1":"product","2":"type-product","3":"status-publish","4":"has-post-thumbnail","6":"product_cat-boom-cylinders","7":"product_tag-boom-cylinders","8":"product_tag-hydraulic-cylinders","10":"first","11":"instock","12":"shipping-taxable","13":"product-type-simple"},"amp_enabled":true,"_links":{"self":[{"href":"https:\/\/www.hydraulic-cylinders.net\/pl\/wp-json\/wp\/v2\/product\/19485","targetHints":{"allow":["GET"]}}],"collection":[{"href":"https:\/\/www.hydraulic-cylinders.net\/pl\/wp-json\/wp\/v2\/product"}],"about":[{"href":"https:\/\/www.hydraulic-cylinders.net\/pl\/wp-json\/wp\/v2\/types\/product"}],"replies":[{"embeddable":true,"href":"https:\/\/www.hydraulic-cylinders.net\/pl\/wp-json\/wp\/v2\/comments?post=19485"}],"wp:featuredmedia":[{"embeddable":true,"href":"https:\/\/www.hydraulic-cylinders.net\/pl\/wp-json\/wp\/v2\/media\/17869"}],"wp:attachment":[{"href":"https:\/\/www.hydraulic-cylinders.net\/pl\/wp-json\/wp\/v2\/media?parent=19485"}],"wp:term":[{"taxonomy":"product_brand","embeddable":true,"href":"https:\/\/www.hydraulic-cylinders.net\/pl\/wp-json\/wp\/v2\/product_brand?post=19485"},{"taxonomy":"product_cat","embeddable":true,"href":"https:\/\/www.hydraulic-cylinders.net\/pl\/wp-json\/wp\/v2\/product_cat?post=19485"},{"taxonomy":"product_tag","embeddable":true,"href":"https:\/\/www.hydraulic-cylinders.net\/pl\/wp-json\/wp\/v2\/product_tag?post=19485"}],"curies":[{"name":"wp","href":"https:\/\/api.w.org\/{rel}","templated":true}]}}