{"id":19496,"date":"2025-04-07T06:50:52","date_gmt":"2025-04-07T06:50:52","guid":{"rendered":"https:\/\/www.hydraulic-cylinders.net\/product\/boom-cylinder-for-jove-jv235lc\/"},"modified":"2025-04-07T06:50:54","modified_gmt":"2025-04-07T06:50:54","slug":"boom-cylinder-for-jove-jv235lc","status":"publish","type":"product","link":"https:\/\/www.hydraulic-cylinders.net\/pl\/produkt\/boom-cylinder-for-jove-jv235lc\/","title":{"rendered":"Si\u0142ownik wysi\u0119gnika do Jove JV235LC"},"content":{"rendered":"<h1>Si\u0142ownik wysi\u0119gnika do Jove JV235LC<\/h1>\n<h2>Przegl\u0105d produktu<\/h2>\n<p>Si\u0142ownik wysi\u0119gnika do Jove JV235LC to specjalistyczny si\u0142ownik hydrauliczny przeznaczony do sterowania ruchem \u0142y\u017cek r\u00f3\u017cnego rodzaju maszyn ci\u0119\u017ckich. Ten niezb\u0119dny element odgrywa kluczow\u0105 rol\u0119 w uk\u0142adach hydraulicznych, szczeg\u00f3lnie w koparkach, koparko-\u0142adowarkach i \u0142adowarkach czo\u0142owych. Umo\u017cliwia podnoszenie, opuszczanie i przechylanie \u0142y\u017cki, u\u0142atwiaj\u0105c efektywne przenoszenie materia\u0142\u00f3w. Si\u0142ownik \u0142y\u017cki zosta\u0142 specjalnie zaprojektowany, aby sprosta\u0107 rygorystycznym wymaganiom ci\u0119\u017ckich prac i zapewni\u0107 optymaln\u0105 funkcjonalno\u015b\u0107 w trudnych warunkach.<\/p>\n<p><img decoding=\"async\" src=\"https:\/\/www.hydraulic-cylinders.net\/wp-content\/uploads\/2025\/04\/songte-company-1.webp\" alt=\"Si\u0142ownik hydrauliczny\"><\/p>\n<h2>Cechy cylindra wysi\u0119gnika<\/h2>\n<ul>\n<li>\n<h3>Wysoka wytrzyma\u0142o\u015b\u0107 i trwa\u0142o\u015b\u0107<\/h3>\n<p>    Si\u0142ownik wysi\u0119gnika, zazwyczaj wykonany z wysokowytrzyma\u0142ej stali lub aluminium, wytrzymuje wysokie ci\u015bnienie i du\u017ce obci\u0105\u017cenia, dzi\u0119ki czemu nadaje si\u0119 do pracy w trudnych warunkach. Jego konstrukcja uwzgl\u0119dnia odporno\u015b\u0107 na zu\u017cycie i korozj\u0119, co zapewnia d\u0142ug\u0105 \u017cywotno\u015b\u0107.<\/li>\n<li>\n<h3>Wydajna praca hydrauliczna<\/h3>\n<p>    Dzi\u0119ki wykorzystaniu ci\u015bnienia oleju hydraulicznego si\u0142ownik wykonuje p\u0142ynne ruchy wysuwania i wsuwania, szybko reaguj\u0105c na polecenia steruj\u0105ce, zapewniaj\u0105c silne dzia\u0142anie pchaj\u0105ce i ci\u0105gn\u0105ce, idealne do przenoszenia ci\u0119\u017ckich przedmiot\u00f3w i wykonywania skomplikowanych zada\u0144.<\/li>\n<li>\n<h3>R\u00f3\u017cne typy<\/h3>\n<p>    Klienci mog\u0105 wybiera\u0107 mi\u0119dzy cylindrami jednostronnego dzia\u0142ania (dzia\u0142anie hydrauliczne w jednym kierunku) i dwustronnego dzia\u0142ania (dzia\u0142anie hydrauliczne w obu kierunkach), aby sprosta\u0107 r\u00f3\u017cnym potrzebom operacyjnym. Niekt\u00f3re modele posiadaj\u0105 konstrukcj\u0119 teleskopow\u0105, umo\u017cliwiaj\u0105c\u0105 wi\u0119ksze wysuni\u0119cie bez zwi\u0119kszania wymiar\u00f3w zewn\u0119trznych, co jest idealne w zastosowaniach o ograniczonej przestrzeni.<\/li>\n<li>\n<h3>Zgodno\u015b\u0107<\/h3>\n<p>    Nasze produkty zaprojektowano tak, aby idealnie zast\u0105pi\u0107 te si\u0142owniki hydrauliczne, zapewniaj\u0105c bezproblemow\u0105 integracj\u0119 i funkcjonalno\u015b\u0107 z istniej\u0105cymi maszynami.<\/li>\n<li>\n<h3>Zapewnienie jako\u015bci<\/h3>\n<p>    Nasze procesy produkcyjne podlegaj\u0105 surowym protoko\u0142om kontroli jako\u015bci, aby mie\u0107 pewno\u015b\u0107, \u017ce ka\u017cdy si\u0142ownik wysi\u0119gnika spe\u0142nia bran\u017cowe standardy dotycz\u0105ce wydajno\u015bci i niezawodno\u015bci.<\/li>\n<\/ul>\n<p><img decoding=\"async\" src=\"https:\/\/www.hydraulic-cylinders.net\/wp-content\/uploads\/2025\/04\/songte-cylinder-head-with-all-kinds-excavator-models.webp\" alt=\"Modele koparek\"><\/p>\n<h2>Scenariusze zastosowa\u0144<\/h2>\n<ul>\n<li>\n<h3>Sprz\u0119t budowlany<\/h3>\n<p>    W koparkach si\u0142ownik wysi\u0119gnika jest niezb\u0119dny do kopania, za\u0142adunku i przemieszczania gleby lub gruzu. Zapewnia on skuteczn\u0105 penetracj\u0119 \u0142y\u017cki w pod\u0142o\u017ce, zapewniaj\u0105c jednocze\u015bnie niezb\u0119dn\u0105 si\u0142\u0119 ud\u017awigu do podnoszenia materia\u0142\u00f3w. W koparko-\u0142adowarkach si\u0142ownik \u0142y\u017cki wspomaga nie tylko kopanie, ale tak\u017ce podnoszenie materia\u0142\u00f3w podczas prac budowlanych.<\/h3>\n<\/li>\n<li>\n<h3>Maszyny rolnicze<\/h3>\n<p>    Si\u0142ownik wysi\u0119gnika, stosowany w \u0142adowarkach czo\u0142owych, ma kluczowe znaczenie dla nabierania, podnoszenia i transportu gleby, siana i innych materia\u0142\u00f3w. Zapewnia wydajn\u0105 prac\u0119 sprz\u0119tu, umo\u017cliwiaj\u0105c rolnikom \u0142atwe prze\u0142adowywanie du\u017cych ilo\u015bci materia\u0142\u00f3w.<\/h3>\n<\/li>\n<li>\n<h3>Koparki<\/h3>\n<p>    W koparkach si\u0142ownik wysi\u0119gnika u\u0142atwia kopanie, umo\u017cliwiaj\u0105c skuteczne zag\u0142\u0119bianie si\u0119 \u0142y\u017cki w gleb\u0119, umo\u017cliwiaj\u0105c operatorom szybkie i wydajne wykonywanie prac wykopaliskowych. Jego solidna konstrukcja gwarantuje odporno\u015b\u0107 na obci\u0105\u017cenia zwi\u0105zane z ci\u0105g\u0142\u0105 prac\u0105 w r\u00f3\u017cnych warunkach glebowych.<\/h3>\n<\/li>\n<li>\n<h3>\u0141adowarki<\/h3>\n<p>    W \u0142adowarkach czo\u0142owych si\u0142ownik wysi\u0119gnika odgrywa kluczow\u0105 rol\u0119 w efektywnym podnoszeniu i zrzucaniu \u0142adunk\u00f3w, zwi\u0119kszaj\u0105c wydajno\u015b\u0107 poprzez skr\u00f3cenie czasu cykli podczas transportu materia\u0142\u00f3w.<\/h3>\n<\/li>\n<\/ul>\n<h2>Zagadnienia projektowe i standardy wyboru<\/h2>\n<ul>\n<li>\n<h3>No\u015bno\u015b\u0107<\/h3>\n<p>    Ud\u017awig jest najwa\u017cniejszym czynnikiem przy wyborze si\u0142ownika wysi\u0119gnika. Musi on by\u0107 w stanie ud\u017awign\u0105\u0107 maksymalny ci\u0119\u017car, jaki b\u0119dzie stosowany podczas operacji, bez uszczerbku dla bezpiecze\u0144stwa i wydajno\u015bci. Wymaga to rygorystycznych test\u00f3w i analiz, aby upewni\u0107 si\u0119, \u017ce si\u0142ownik wytrzyma obci\u0105\u017cenia dynamiczne i nieoczekiwane napr\u0119\u017cenia.<\/h3>\n<\/li>\n<li>\n<h3>Wydajno\u015b\u0107 uszczelnienia<\/h3>\n<p>    Skuteczne uszczelnienie jest kluczowe dla zapobiegania wyciekom p\u0142ynu hydraulicznego i utrzymania optymalnego ci\u015bnienia w cylindrze. Wysokiej jako\u015bci uszczelki wykonane z materia\u0142\u00f3w takich jak poliuretan i kauczuk nitrylowy s\u0105 niezb\u0119dne, aby sprosta\u0107 trudnym warunkom \u015brodowiska hydraulicznego, zapewniaj\u0105c jednocze\u015bnie trwa\u0142o\u015b\u0107 i niezawodno\u015b\u0107.<\/h3>\n<\/li>\n<li>\n<h3>Trwa\u0142o\u015b\u0107<\/h3>\n<p>    Materia\u0142y u\u017cyte do budowy si\u0142ownika wysi\u0119gnika musz\u0105 by\u0107 odporne na zu\u017cycie i korozj\u0119. Wyb\u00f3r stali o wysokiej wytrzyma\u0142o\u015bci lub aluminium, w po\u0142\u0105czeniu z pow\u0142okami ochronnymi, zwi\u0119ksza trwa\u0142o\u015b\u0107 i wyd\u0142u\u017ca \u017cywotno\u015b\u0107 w trudnych warunkach pracy.<\/h3>\n<\/li>\n<li>\n<h3>Funkcje bezpiecze\u0144stwa<\/h3>\n<p>    Bezpiecze\u0144stwo jest najwa\u017cniejsze w uk\u0142adach hydraulicznych. Konstrukcja powinna zawiera\u0107 zabezpieczenia zapobiegaj\u0105ce nadmiernemu rozci\u0105gni\u0119ciu lub zapadni\u0119ciu. Dodatkowo, zawory bezpiecze\u0144stwa, kt\u00f3re uwalniaj\u0105 ci\u015bnienie w przypadku awarii, s\u0105 kluczowe dla zapewnienia ochrony operatora podczas u\u017cytkowania.<\/h3>\n<\/li>\n<li>\n<h3>Dost\u0119pno\u015b\u0107 konserwacyjna<\/h3>\n<p>    Zaprojektowanie si\u0142ownika wysi\u0119gnika z my\u015bl\u0105 o \u0142atwej konserwacji gwarantuje operatorom mo\u017cliwo\u015b\u0107 przeprowadzania rutynowych kontroli i napraw przy minimalnym przestoju. Dotyczy to r\u00f3wnie\u017c dost\u0119pu do uszczelnie\u0144, punkt\u00f3w smarowania oraz \u0142atwego demonta\u017cu w celu dokonania napraw.<\/h3>\n<\/li>\n<\/ul>\n<p><img decoding=\"async\" src=\"https:\/\/www.hydraulic-cylinders.net\/wp-content\/uploads\/2025\/04\/songte-oil-pipes-and-spare-parts.webp\" alt=\"Rury olejowe i cz\u0119\u015bci zamienne\"><\/p>\n<h2>Uszczelnianie i smarowanie<\/h2>\n<p>Integralno\u015b\u0107 cylindr\u00f3w hydraulicznych w du\u017cej mierze zale\u017cy od skutecznego uszczelnienia i smarowania. Aby zapobiec wyciekom p\u0142ynu hydraulicznego i zanieczyszczeniom, stosuje si\u0119 r\u00f3\u017cne uszczelnienia, takie jak uszczelnienia t\u0142oczysk i t\u0142oczysk. Aby zapewni\u0107 trwa\u0142o\u015b\u0107, powszechnie stosuje si\u0119 uszczelnienia wykonane z materia\u0142\u00f3w odpornych na zu\u017cycie, w tym poliuretanu i kauczuku nitrylowego. Ponadto korpusy cylindr\u00f3w i gwintowane powierzchnie ko\u0144cowe poddawane s\u0105 precyzyjnej obr\u00f3bce mechanicznej w celu zwi\u0119kszenia odporno\u015bci na zu\u017cycie. Regularne smarowanie olejem hydraulicznym jest niezb\u0119dne, aby zminimalizowa\u0107 tarcie mi\u0119dzy ruchomymi cz\u0119\u015bciami, zapewniaj\u0105c p\u0142ynn\u0105 prac\u0119 i wyd\u0142u\u017caj\u0105c \u017cywotno\u015b\u0107 podzespo\u0142u.<\/p>\n<h2>\u015arodki konserwacji zapobiegawczej<\/h2>\n<ul>\n<li>\n<h3>Regularne kontrole<\/h3>\n<p>    Cz\u0119ste kontrole pomagaj\u0105 zidentyfikowa\u0107 zu\u017cycie i potencjalne problemy, zanim si\u0119 nasil\u0105. Operatorzy powinni sprawdza\u0107 szczelno\u015b\u0107, sprawdza\u0107 uszczelki i z\u0142\u0105cza oraz ocenia\u0107 og\u00f3lny stan si\u0142ownika hydraulicznego.<\/h3>\n<\/li>\n<li>\n<h3>Odpowiednie smarowanie<\/h3>\n<p>    Utrzymywanie odpowiedniego smarowania si\u0142ownika hydraulicznego jest kluczowe dla zapobiegania zu\u017cyciu i zapewnienia wydajnej pracy. Operatorzy powinni regularnie sprawdza\u0107 i w razie potrzeby uzupe\u0142nia\u0107 poziom p\u0142ynu hydraulicznego.<\/h3>\n<\/li>\n<li>\n<h3>Wymiana uszczelki<\/h3>\n<p>    Z biegiem czasu uszczelki mog\u0105 si\u0119 zu\u017cywa\u0107 i wymaga\u0107 wymiany. Regularne monitorowanie stanu uszczelek i terminowa wymiana s\u0105 niezb\u0119dne dla utrzymania integralno\u015bci i wydajno\u015bci hydraulicznej.<\/h3>\n<\/li>\n<\/ul>\n<h2>Wytyczne dotycz\u0105ce instalacji<\/h2>\n<p>Prawid\u0142owy monta\u017c si\u0142ownika wysi\u0119gnika ma kluczowe znaczenie dla zapewnienia optymalnej wydajno\u015bci i bezpiecze\u0144stwa. Na pocz\u0105tek nale\u017cy upewni\u0107 si\u0119, \u017ce wszystkie komponenty s\u0105 czyste i wolne od zanieczyszcze\u0144. Dok\u0142adnie wyr\u00f3wnaj si\u0142ownik z punktami mocowania, aby zapobiec jego przesuni\u0119ciu, kt\u00f3re mo\u017ce prowadzi\u0107 do przedwczesnego zu\u017cycia lub awarii. U\u017cyj odpowiednich wspornik\u00f3w monta\u017cowych, aby zabezpieczy\u0107 si\u0142ownik na miejscu, zapewniaj\u0105c jego solidne i stabilne zamocowanie. Po monta\u017cu sprawd\u017a dok\u0142adnie, czy po\u0142\u0105czenia hydrauliczne s\u0105 szczelne i nie ma wyciek\u00f3w. Przed uruchomieniem maszyny nale\u017cy przeprowadzi\u0107 jazd\u0119 pr\u00f3bn\u0105, aby upewni\u0107 si\u0119, \u017ce si\u0142ownik dzia\u0142a prawid\u0142owo i bezproblemowo reaguje na polecenia steruj\u0105ce.<\/p>\n<h2>Typowe zadania konserwacyjne<\/h2>\n<ul>\n<li>\n<h3>Regularne kontrole<\/h3>\n<p>    Okresowe przegl\u0105dy pomagaj\u0105 zidentyfikowa\u0107 wczesne oznaki zu\u017cycia lub zbli\u017caj\u0105cej si\u0119 awarii. Kluczowe jest opracowanie harmonogramu regularnych przegl\u0105d\u00f3w, aby utrzyma\u0107 optymaln\u0105 wydajno\u015b\u0107 i zapobiec nieoczekiwanym przestojom.<\/h3>\n<\/li>\n<li>\n<h3>Prawid\u0142owe smarowanie<\/h3>\n<p>    Zapewnienie prawid\u0142owego smarowania si\u0142ownika hydraulicznego minimalizuje tarcie i zu\u017cycie. Operatorzy powinni przestrzega\u0107 zalece\u0144 producenta dotycz\u0105cych cz\u0119stotliwo\u015bci smarowania i rodzaj\u00f3w p\u0142yn\u00f3w, aby zachowa\u0107 integralno\u015b\u0107 uk\u0142adu.<\/h3>\n<\/li>\n<li>\n<h3>Wymiana uszczelek i kontrola kalibracji<\/h3>\n<p>    Regularna wymiana uszczelek jest niezb\u0119dna, aby zapobiec wyciekom i utrzyma\u0107 wydajno\u015b\u0107 hydrauliczn\u0105. Regularne kontrole kalibracji zapewniaj\u0105, \u017ce si\u0142ownik dzia\u0142a w okre\u015blonych parametrach i mog\u0105 pom\u00f3c unikn\u0105\u0107 problem\u00f3w eksploatacyjnych.<\/h3>\n<\/li>\n<\/ul>\n<p><img decoding=\"async\" src=\"https:\/\/www.hydraulic-cylinders.net\/wp-content\/uploads\/2025\/04\/songte-chushion-collar.webp\" alt=\"Ko\u0142nierz poduszkowy\"><\/p>\n<h2>Zagadnienia bezpiecze\u0144stwa i czynniki \u015brodowiskowe<\/h2>\n<p>W przypadku uk\u0142ad\u00f3w hydraulicznych \u015brodki bezpiecze\u0144stwa maj\u0105 kluczowe znaczenie. Operatorzy powinni by\u0107 przeszkoleni w zakresie prawid\u0142owej obs\u0142ugi i eksploatacji maszyn hydraulicznych, aby zminimalizowa\u0107 ryzyko zwi\u0105zane z uk\u0142adami ci\u015bnieniowymi. Wdro\u017cenie protoko\u0142\u00f3w bezpiecze\u0144stwa, takich jak noszenie sprz\u0119tu ochronnego i przestrzeganie procedur blokowania i etykietowania podczas konserwacji, jest niezb\u0119dne. Ponadto, aby zminimalizowa\u0107 wp\u0142yw operacji hydraulicznych na \u015brodowisko, kluczowe jest uwzgl\u0119dnienie czynnik\u00f3w \u015brodowiskowych, takich jak hermetyczne przechowywanie p\u0142yn\u00f3w hydraulicznych i w\u0142a\u015bciwa utylizacja zanieczyszczonych materia\u0142\u00f3w.<\/p>\n<h2>Rozwi\u0105zywanie problem\u00f3w i typowe problemy<\/h2>\n<ul>\n<li>\n<h3>Wycieki hydrauliczne<\/h3>\n<p>    Wycieki mog\u0105 by\u0107 spowodowane zu\u017cytymi uszczelkami lub uszkodzonymi przy\u0142\u0105czami. Identyfikacja \u017ar\u00f3d\u0142a wycieku jest kluczowa dla skutecznej naprawy. Operatorzy powinni regularnie sprawdza\u0107 uszczelki i po\u0142\u0105czenia oraz niezw\u0142ocznie wymienia\u0107 zu\u017cyte cz\u0119\u015bci, aby zapobiec utracie ci\u015bnienia hydraulicznego.<\/h3>\n<\/li>\n<li>\n<h3>Powolny lub nier\u00f3wny ruch<\/h3>\n<p>    Je\u015bli cylinder nie wysuwa si\u0119 ani nie chowa p\u0142ynnie, mo\u017ce to wskazywa\u0107 na problemy z poziomem p\u0142ynu hydraulicznego lub uszkodzenia wewn\u0119trzne. Operatorzy powinni sprawdzi\u0107 poziom p\u0142ynu i sprawdzi\u0107 cylinder pod k\u0105tem ewentualnych przeszk\u00f3d lub uszkodze\u0144, kt\u00f3re mog\u0142yby utrudnia\u0107 ruch.<\/h3>\n<\/li>\n<li>\n<h3>Nadmierny ha\u0142as<\/h3>\n<p>    Nietypowe odg\u0142osy podczas pracy mog\u0105 \u015bwiadczy\u0107 o zu\u017cyciu wewn\u0119trznym lub niedostatecznym smarowaniu. Operatorzy powinni natychmiast zaj\u0105\u0107 si\u0119 wszelkimi problemami zwi\u0105zanymi z ha\u0142asem, sprawdzaj\u0105c cylinder i upewniaj\u0105c si\u0119, \u017ce jest on odpowiednio smarowany.<\/h3>\n<\/li>\n<\/ul>\n<h2>Wskaz\u00f3wki dotycz\u0105ce rozwi\u0105zywania problem\u00f3w<\/h2>\n<p>Aby skutecznie diagnozowa\u0107 i rozwi\u0105zywa\u0107 problemy, operatorzy powinni stosowa\u0107 systematyczne procedury rozwi\u0105zywania problem\u00f3w. Zacznij od sprawdzenia poziomu p\u0142ynu hydraulicznego i uzupe\u0142nij go w razie potrzeby. Sprawd\u017a wszystkie uszczelki i po\u0142\u0105czenia pod k\u0105tem oznak zu\u017cycia lub wyciek\u00f3w. Nas\u0142uchuj nietypowych d\u017awi\u0119k\u00f3w dochodz\u0105cych z wn\u0119trza urz\u0105dzenia, kt\u00f3re mog\u0105 wskazywa\u0107 na problemy wewn\u0119trzne. Wdra\u017caj \u015brodki zapobiegawcze, takie jak regularna konserwacja i terminowe naprawy, aby zmniejszy\u0107 prawdopodobie\u0144stwo ponownego wyst\u0105pienia problem\u00f3w. Prowadzenie szczeg\u00f3\u0142owego dziennika konserwacji mo\u017ce r\u00f3wnie\u017c pom\u00f3c w identyfikacji schemat\u00f3w, kt\u00f3re mog\u0105 prowadzi\u0107 do awarii.<\/p>\n<p><img decoding=\"async\" src=\"https:\/\/www.hydraulic-cylinders.net\/wp-content\/uploads\/2025\/04\/songte-bushings-with-all-kinds-of-excavator-models.webp\" alt=\"Tuleje z modelami koparek\"><\/p>\n<h2>O naszej firmie<\/h2>\n<p>Jeste\u015bmy wiod\u0105cym producentem zamiennych si\u0142ownik\u00f3w hydraulicznych, oferuj\u0105cym szerok\u0105 gam\u0119 produkt\u00f3w, dzi\u0119ki kt\u00f3rym stali\u015bmy si\u0119 jednym z czo\u0142owych producent\u00f3w i hurtownik\u00f3w na rynku krajowym i mi\u0119dzynarodowym. Nasze zaanga\u017cowanie w d\u0105\u017cenie do doskona\u0142o\u015bci znajduje odzwierciedlenie w naszych dopracowanych strategiach produkcyjnych, wykorzystuj\u0105cych zaawansowane technologie, wysokiej klasy sprz\u0119t do produkcji cyfrowej oraz solidne systemy testowe. Stale udoskonalamy nasz\u0105 platform\u0119 produkcyjn\u0105 i podnosimy jako\u015b\u0107 produkt\u00f3w dzi\u0119ki skrupulatnym procesom produkcyjnym. Nasze mo\u017cliwo\u015bci pozwalaj\u0105 nam skutecznie zaspokaja\u0107 zr\u00f3\u017cnicowane potrzeby klient\u00f3w, zapewniaj\u0105c wysok\u0105 precyzj\u0119 i jako\u015b\u0107.<\/p>\n<p><img decoding=\"async\" src=\"https:\/\/www.hydraulic-cylinders.net\/wp-content\/uploads\/2025\/04\/songte-company-4.webp\" alt=\"Wizerunek firmy\"><br \/>\n<img decoding=\"async\" src=\"https:\/\/www.hydraulic-cylinders.net\/wp-content\/uploads\/2025\/04\/songte-company-3.webp\" alt=\"Wizerunek firmy\"><\/p>\n<p>Autor: lyl<\/p>","protected":false},"excerpt":{"rendered":"<p>Boom Cylinder For Jove JV235LC Product Overview The Boom Cylinder for Jove JV235LC is a specialized hydraulic cylinder designed to control the movement of various heavy machinery buckets. This essential component plays a critical role in hydraulic systems, particularly in excavators, backhoe loaders, and front-end loaders. It enables the bucket to lift, lower, and tilt, [&hellip;]<\/p>","protected":false},"featured_media":17880,"comment_status":"open","ping_status":"closed","template":"","meta":{"_et_pb_use_builder":"","_et_pb_old_content":"","_et_gb_content_width":""},"product_brand":[],"product_cat":[1546],"product_tag":[1547,1496],"class_list":{"0":"post-19496","1":"product","2":"type-product","3":"status-publish","4":"has-post-thumbnail","6":"product_cat-boom-cylinders","7":"product_tag-boom-cylinders","8":"product_tag-hydraulic-cylinders","10":"first","11":"instock","12":"shipping-taxable","13":"product-type-simple"},"amp_enabled":true,"_links":{"self":[{"href":"https:\/\/www.hydraulic-cylinders.net\/pl\/wp-json\/wp\/v2\/product\/19496","targetHints":{"allow":["GET"]}}],"collection":[{"href":"https:\/\/www.hydraulic-cylinders.net\/pl\/wp-json\/wp\/v2\/product"}],"about":[{"href":"https:\/\/www.hydraulic-cylinders.net\/pl\/wp-json\/wp\/v2\/types\/product"}],"replies":[{"embeddable":true,"href":"https:\/\/www.hydraulic-cylinders.net\/pl\/wp-json\/wp\/v2\/comments?post=19496"}],"wp:featuredmedia":[{"embeddable":true,"href":"https:\/\/www.hydraulic-cylinders.net\/pl\/wp-json\/wp\/v2\/media\/17880"}],"wp:attachment":[{"href":"https:\/\/www.hydraulic-cylinders.net\/pl\/wp-json\/wp\/v2\/media?parent=19496"}],"wp:term":[{"taxonomy":"product_brand","embeddable":true,"href":"https:\/\/www.hydraulic-cylinders.net\/pl\/wp-json\/wp\/v2\/product_brand?post=19496"},{"taxonomy":"product_cat","embeddable":true,"href":"https:\/\/www.hydraulic-cylinders.net\/pl\/wp-json\/wp\/v2\/product_cat?post=19496"},{"taxonomy":"product_tag","embeddable":true,"href":"https:\/\/www.hydraulic-cylinders.net\/pl\/wp-json\/wp\/v2\/product_tag?post=19496"}],"curies":[{"name":"wp","href":"https:\/\/api.w.org\/{rel}","templated":true}]}}