{"id":19497,"date":"2025-04-07T06:50:56","date_gmt":"2025-04-07T06:50:56","guid":{"rendered":"https:\/\/www.hydraulic-cylinders.net\/product\/boom-cylinder-for-jove-jv365lc\/"},"modified":"2025-04-07T06:50:58","modified_gmt":"2025-04-07T06:50:58","slug":"boom-cylinder-for-jove-jv365lc","status":"publish","type":"product","link":"https:\/\/www.hydraulic-cylinders.net\/pl\/produkt\/boom-cylinder-for-jove-jv365lc\/","title":{"rendered":"Si\u0142ownik wysi\u0119gnika do Jove JV365LC"},"content":{"rendered":"<h1>Si\u0142ownik wysi\u0119gnika do Jove JV365LC<\/h1>\n<h2>Przegl\u0105d produktu<\/h2>\n<p>Ten <strong>Si\u0142ownik wysi\u0119gnika do Jove JV365LC<\/strong> to specjalistyczny si\u0142ownik hydrauliczny przeznaczony do sterowania ruchem \u0142y\u017cek w ci\u0119\u017ckich maszynach, takich jak koparki, koparko-\u0142adowarki i \u0142adowarki czo\u0142owe. Si\u0142owniki te odgrywaj\u0105 kluczow\u0105 rol\u0119 w podnoszeniu, opuszczaniu i przechylaniu \u0142y\u017cek, u\u0142atwiaj\u0105c r\u00f3\u017cnorodne zadania zwi\u0105zane z prze\u0142adunkiem materia\u0142\u00f3w. Si\u0142ownik \u0142y\u017cki dzia\u0142a w uk\u0142adach hydraulicznych, przekszta\u0142caj\u0105c energi\u0119 hydrauliczn\u0105 w si\u0142\u0119 mechaniczn\u0105, umo\u017cliwiaj\u0105c p\u0142ynn\u0105 i wydajn\u0105 prac\u0119 w wymagaj\u0105cych warunkach.<\/p>\n<p><img decoding=\"async\" src=\"https:\/\/www.hydraulic-cylinders.net\/wp-content\/uploads\/2025\/04\/songte-company-1.webp\" alt=\"Si\u0142ownik wysi\u0119gnika do Jove JV365LC\"><\/p>\n<h3>G\u0142\u00f3wne cechy<\/h3>\n<ul>\n<li><strong>Wysoka wytrzyma\u0142o\u015b\u0107 i trwa\u0142o\u015b\u0107:<\/strong> Wykonane z wysokowytrzyma\u0142ej stali lub aluminium, te cylindry wytrzymuj\u0105 wysokie ci\u015bnienie i du\u017ce obci\u0105\u017cenia. Ich konstrukcja zapewnia odporno\u015b\u0107 na zu\u017cycie i korozj\u0119, co wyd\u0142u\u017ca ich \u017cywotno\u015b\u0107.<\/li>\n<li><strong>Wydajna praca uk\u0142adu hydraulicznego:<\/strong> Wykorzystuj\u0105 ci\u015bnienie oleju hydraulicznego do p\u0142ynnego wysuwania i wsuwania, szybko reaguj\u0105 na polecenia steruj\u0105ce, a jednocze\u015bnie zapewniaj\u0105 znaczn\u0105 si\u0142\u0119 pchania i ci\u0105gni\u0119cia, co jest idealne do obs\u0142ugi ci\u0119\u017ckich i skomplikowanych zada\u0144.<\/li>\n<li><strong>R\u00f3\u017cne typy:<\/strong> Dost\u0119pne w wersjach jednostronnego dzia\u0142ania (hydrauliczne dzia\u0142anie w jednym kierunku) i dwustronnego dzia\u0142ania (hydrauliczne dzia\u0142anie w obu kierunkach), co pozwala na dostosowanie do zr\u00f3\u017cnicowanych potrzeb operacyjnych. Niekt\u00f3re modele posiadaj\u0105 konstrukcj\u0119 teleskopow\u0105, kt\u00f3ra umo\u017cliwia wi\u0119ksze wysuni\u0119cie bez zwi\u0119kszania wymiar\u00f3w zewn\u0119trznych, co jest idealne do zastosowa\u0144 w ograniczonej przestrzeni.<\/li>\n<li><strong>Produkcja niestandardowa:<\/strong> Jeste\u015bmy w stanie wyprodukowa\u0107 ten produkt, co gwarantuje, \u017ce nasze cylindry hydrauliczne b\u0119d\u0105 idealnym zamiennikiem istniej\u0105cych modeli.<\/li>\n<\/ul>\n<p><img decoding=\"async\" src=\"https:\/\/www.hydraulic-cylinders.net\/wp-content\/uploads\/2025\/04\/songte-cylinder-head-with-all-kinds-excavator-models.webp\" alt=\"G\u0142owica cylindra hydraulicznego\"><\/p>\n<h2>Aplikacje<\/h2>\n<h3>Sprz\u0119t budowlany<\/h3>\n<p>W sektorze budowlanym si\u0142owniki wysi\u0119gnika stanowi\u0105 kluczowe elementy koparek, umo\u017cliwiaj\u0105c wykopywanie, za\u0142adunek i transport ziemi lub gruzu. Ich funkcjonalno\u015b\u0107 ma kluczowe znaczenie zar\u00f3wno podczas kopania, jak i podnoszenia w koparko-\u0142adowarkach, zwi\u0119kszaj\u0105c og\u00f3ln\u0105 wydajno\u015b\u0107 projekt\u00f3w budowlanych. Precyzyjny ruch, jaki zapewniaj\u0105 te si\u0142owniki, u\u0142atwia precyzyjne kopanie i przenoszenie materia\u0142u, zapewniaj\u0105c wydajno\u015b\u0107 na placach budowy.<\/p>\n<h3>Maszyny rolnicze<\/h3>\n<p>\u0141adowacze czo\u0142owe wyposa\u017cone w si\u0142owniki wysi\u0119gnika s\u0105 niezb\u0119dne w pracach rolniczych, umo\u017cliwiaj\u0105c podnoszenie, nabieranie i transport r\u00f3\u017cnych materia\u0142\u00f3w, takich jak gleba i siano. Ta wszechstronno\u015b\u0107 jest kluczowa dla rolnik\u00f3w, kt\u00f3rzy chc\u0105 efektywnie zarz\u0105dza\u0107 zasobami, umo\u017cliwiaj\u0105c szybsze i bardziej efektywne prowadzenie prac w gospodarstwie. Niezawodno\u015b\u0107 tych si\u0142ownik\u00f3w ma bezpo\u015bredni wp\u0142yw na wydajno\u015b\u0107 maszyn rolniczych, co czyni je niezb\u0119dnymi w nowoczesnych praktykach rolniczych.<\/p>\n<h3>Koparki<\/h3>\n<p>W koparkach cylindry wysi\u0119gnika umo\u017cliwiaj\u0105 zag\u0142\u0119bianie si\u0119 \u0142y\u017cki w grunt podczas kopania. Umo\u017cliwia to wydajne wykopywanie r\u00f3\u017cnorodnych materia\u0142\u00f3w, od lu\u017anej gleby po twarde powierzchnie. Si\u0142a hydrauliczna generowana przez te cylindry zwi\u0119ksza wydajno\u015b\u0107 koparki, czyni\u0105c j\u0105 niezb\u0119dnym narz\u0119dziem w budownictwie i g\u00f3rnictwie. Ich zdolno\u015b\u0107 do pracy pod du\u017cym obci\u0105\u017ceniem gwarantuje terminow\u0105 realizacj\u0119 projekt\u00f3w przy minimalnym przestoju.<\/p>\n<h3>\u0141adowarki<\/h3>\n<p>W \u0142adowarkach czo\u0142owych si\u0142owniki wysi\u0119gnika odpowiadaj\u0105 za efektywne podnoszenie i przechylanie \u0142adunk\u00f3w. Zapewniaj\u0105 one niezb\u0119dn\u0105 si\u0142\u0119 do obs\u0142ugi ci\u0119\u017ckich materia\u0142\u00f3w, gwarantuj\u0105c p\u0142ynn\u0105 prac\u0119 podczas za\u0142adunku i roz\u0142adunku. Wydajno\u015b\u0107 tych si\u0142ownik\u00f3w znacz\u0105co wp\u0142ywa na mo\u017cliwo\u015bci operacyjne \u0142adowarki, usprawniaj\u0105c przep\u0142yw pracy na placach budowy i w operacjach zwi\u0105zanych z prze\u0142adunkiem materia\u0142\u00f3w.<\/p>\n<h2>Zagadnienia projektowe i kryteria wyboru<\/h2>\n<h3>No\u015bno\u015b\u0107<\/h3>\n<p>Przy wyborze si\u0142ownika wysi\u0119gnika, kluczowe jest uwzgl\u0119dnienie jego ud\u017awigu. Si\u0142ownik musi by\u0107 zaprojektowany tak, aby ud\u017awign\u0105\u0107 ci\u0119\u017cary wyst\u0119puj\u0105ce w jego docelowych zastosowaniach. Wyb\u00f3r si\u0142ownika o niewystarczaj\u0105cym ud\u017awigu mo\u017ce prowadzi\u0107 do awarii i stwarza\u0107 zagro\u017cenie dla bezpiecze\u0144stwa. Dlatego zrozumienie limit\u00f3w ud\u017awigu i zapewnienie odpowiedniego doboru si\u0142ownika ma kluczowe znaczenie dla bezpiecznej i efektywnej pracy.<\/p>\n<h3>Uszczelnienie i trwa\u0142o\u015b\u0107<\/h3>\n<p>Skuteczne uszczelnienie jest kluczowe dla trwa\u0142o\u015bci cylindr\u00f3w hydraulicznych. Konstrukcja musi zawiera\u0107 wysokiej jako\u015bci uszczelki, kt\u00f3re zapobiegaj\u0105 wyciekom p\u0142ynu hydraulicznego, a jednocze\u015bnie przedostawaniu si\u0119 zanieczyszcze\u0144 do cylindra. Materia\u0142y uszczelniaj\u0105ce, takie jak poliuretan i kauczuk nitrylowy, nale\u017cy dobiera\u0107 ze wzgl\u0119du na ich odporno\u015b\u0107 na zu\u017cycie i trwa\u0142o\u015b\u0107. Prawid\u0142owe uszczelnienie wyd\u0142u\u017ca \u017cywotno\u015b\u0107 cylindra, zmniejsza potrzeby konserwacyjne i zapewnia sta\u0142\u0105 wydajno\u015b\u0107 hydrauliczn\u0105.<\/p>\n<h3>Funkcje bezpiecze\u0144stwa<\/h3>\n<p>Bezpiecze\u0144stwo jest priorytetem przy projektowaniu cylindr\u00f3w hydraulicznych. Funkcje takie jak zawory bezpiecze\u0144stwa i solidne mocowania zwi\u0119kszaj\u0105 bezpiecze\u0144stwo eksploatacji. Zabezpieczaj\u0105 one przed nadmiernym ci\u015bnieniem i zapewniaj\u0105 bezpieczne zamocowanie cylindra podczas pracy. Regularne kontrole i przestrzeganie protoko\u0142\u00f3w bezpiecze\u0144stwa dodatkowo zwi\u0119kszaj\u0105 bezpiecze\u0144stwo operacji z u\u017cyciem cylindr\u00f3w hydraulicznych.<\/p>\n<h3>Konserwacja i serwisowanie<\/h3>\n<p>Projektowanie si\u0142ownik\u00f3w hydraulicznych z my\u015bl\u0105 o \u0142atwo\u015bci konserwacji jest kluczowe dla zapewnienia ich trwa\u0142o\u015bci i niezawodno\u015bci. Si\u0142owniki powinny by\u0107 skonstruowane w spos\u00f3b umo\u017cliwiaj\u0105cy \u0142atwy dost\u0119p podczas rutynowych kontroli i napraw. Obejmuje to takie elementy, jak wymienne uszczelnienia i \u0142atwo dost\u0119pne punkty smarowania, kt\u00f3re u\u0142atwiaj\u0105 regularne kontrole konserwacyjne, zmniejszaj\u0105c ryzyko nieoczekiwanych awarii i wyd\u0142u\u017caj\u0105c \u017cywotno\u015b\u0107 sprz\u0119tu.<\/p>\n<p><img decoding=\"async\" src=\"https:\/\/www.hydraulic-cylinders.net\/wp-content\/uploads\/2025\/04\/songte-oil-pipes-and-spare-parts.webp\" alt=\"Cz\u0119\u015bci cylindr\u00f3w hydraulicznych\"><\/p>\n<h2>Uszczelnianie i smarowanie<\/h2>\n<p>Wydajno\u015b\u0107 i trwa\u0142o\u015b\u0107 si\u0142ownik\u00f3w wysi\u0119gnika w du\u017cej mierze zale\u017c\u0105 od skutecznych strategii uszczelniania i smarowania. R\u00f3\u017cne elementy uszczelniaj\u0105ce, takie jak uszczelnienia t\u0142oka i t\u0142oczyska, odgrywaj\u0105 kluczow\u0105 rol\u0119 w utrzymaniu integralno\u015bci uk\u0142ad\u00f3w hydraulicznych. Preferowane s\u0105 uszczelnienia wykonane z materia\u0142\u00f3w odpornych na zu\u017cycie, takich jak poliuretan i kauczuk nitrylowy, ze wzgl\u0119du na ich odporno\u015b\u0107 na trudne warunki pracy.<\/p>\n<p>Co wi\u0119cej, korpus cylindra i gwintowane powierzchnie ko\u0144cowe poddawane s\u0105 starannej obr\u00f3bce w celu zwi\u0119kszenia odporno\u015bci na zu\u017cycie. Regularne smarowanie odpowiednim olejem hydraulicznym jest niezb\u0119dne, aby zminimalizowa\u0107 tarcie i zu\u017cycie, zapewniaj\u0105c p\u0142ynn\u0105 prac\u0119. Ta rutynowa konserwacja wyd\u0142u\u017ca \u017cywotno\u015b\u0107 cylindra hydraulicznego, jednocze\u015bnie utrzymuj\u0105c optymaln\u0105 wydajno\u015b\u0107.<\/p>\n<h2>Regularne kontrole i konserwacja zapobiegawcza<\/h2>\n<ul>\n<li><strong>Regularne kontrole:<\/strong> Regularne kontrole uk\u0142adu hydraulicznego s\u0105 kluczowe dla identyfikacji potencjalnych problem\u00f3w, zanim si\u0119 nasil\u0105. Obejmuje to sprawdzenie szczelno\u015bci, sprawdzenie uszczelek pod k\u0105tem zu\u017cycia oraz upewnienie si\u0119, \u017ce poziom p\u0142ynu hydraulicznego jest odpowiedni.<\/li>\n<li><strong>Prawid\u0142owe smarowanie:<\/strong> Utrzymywanie odpowiedniego smarowania podzespo\u0142\u00f3w hydraulicznych zapobiega nadmiernemu zu\u017cyciu. Regularne uzupe\u0142nianie p\u0142ynu hydraulicznego i dbanie o to, aby \u015brodek smarny by\u0142 wolny od zanieczyszcze\u0144, mo\u017ce znacznie wyd\u0142u\u017cy\u0107 \u017cywotno\u015b\u0107 uk\u0142adu.<\/li>\n<li><strong>Wymiana uszczelki:<\/strong> Z biegiem czasu uszczelki ulegaj\u0105 zu\u017cyciu. Wdro\u017cenie harmonogramu kontroli i wymiany uszczelek jest kluczowe dla zapobiegania wyciekom i utrzymania integralno\u015bci systemu. Regularne kontrole kalibracji mog\u0105 r\u00f3wnie\u017c pom\u00f3c w identyfikacji wszelkich rozbie\u017cno\u015bci, kt\u00f3re mog\u0105 prowadzi\u0107 do problem\u00f3w z wydajno\u015bci\u0105.<\/li>\n<\/ul>\n<h2>Wytyczne dotycz\u0105ce instalacji<\/h2>\n<p>Prawid\u0142owy monta\u017c si\u0142ownika wysi\u0119gnika ma kluczowe znaczenie dla zapewnienia optymalnej wydajno\u015bci i bezpiecze\u0144stwa. Nale\u017cy uwa\u017cnie przeczyta\u0107 instrukcje i wytyczne producenta. Prawid\u0142owo ustawi\u0107 si\u0142ownik wzgl\u0119dem punkt\u00f3w mocowania, aby unikn\u0105\u0107 nadmiernego napr\u0119\u017cenia podzespo\u0142u. Zaleca si\u0119 u\u017cycie odpowiednich wspornik\u00f3w monta\u017cowych w celu zabezpieczenia si\u0142ownika na miejscu. Przed przetestowaniem systemu nale\u017cy upewni\u0107 si\u0119, \u017ce wszystkie po\u0142\u0105czenia hydrauliczne s\u0105 szczelne i szczelne. Po monta\u017cu nale\u017cy przeprowadzi\u0107 dok\u0142adn\u0105 kontrol\u0119, aby upewni\u0107 si\u0119, \u017ce si\u0142ownik dzia\u0142a p\u0142ynnie i wydajnie. Regularnie monitoruj instalacj\u0119 pod k\u0105tem oznak zu\u017cycia lub wyciek\u00f3w, aby proaktywnie rozwi\u0105zywa\u0107 problemy.<\/p>\n<h2>Zadania konserwacyjne<\/h2>\n<h3>Regularna kontrola<\/h3>\n<p>Rutynowe kontrole s\u0105 podstaw\u0105 utrzymania wydajno\u015bci si\u0142ownik\u00f3w hydraulicznych. Polegaj\u0105 one na wizualnym sprawdzaniu ewentualnych \u015blad\u00f3w zu\u017cycia lub uszkodze\u0144, szczeg\u00f3lnie uszczelnie\u0144 i punkt\u00f3w mocowania. Prowadzenie rejestru kontroli mo\u017ce pom\u00f3c w monitorowaniu wydajno\u015bci si\u0142ownika w czasie i identyfikowaniu trend\u00f3w, kt\u00f3re mog\u0105 wskazywa\u0107 na potencjalne problemy.<\/p>\n<h3>Prawid\u0142owe smarowanie<\/h3>\n<p>Smarowanie jest kluczowym aspektem konserwacji cylindra hydraulicznego. Zapewnienie odpowiedniego smarowania wszystkich ruchomych cz\u0119\u015bci mo\u017ce zapobiec tarciu i zu\u017cyciu, wyd\u0142u\u017caj\u0105c \u017cywotno\u015b\u0107 cylindra. Aby utrzyma\u0107 optymaln\u0105 prac\u0119, wa\u017cne jest stosowanie p\u0142ynu hydraulicznego zalecanego przez producenta i regularne sprawdzanie jego poziomu.<\/p>\n<h3>Wymiana uszczelki<\/h3>\n<p>Poniewa\u017c uszczelki ulegaj\u0105 ci\u0105g\u0142emu zu\u017cyciu, ich regularna wymiana jest niezb\u0119dna, aby zapobiec wyciekom i utrzyma\u0107 integralno\u015b\u0107 systemu. Podczas rutynowej konserwacji nale\u017cy sprawdza\u0107 uszczelki pod k\u0105tem uszkodze\u0144 lub zu\u017cycia i w razie potrzeby wymienia\u0107 je. Takie proaktywne podej\u015bcie pomo\u017ce utrzyma\u0107 wydajno\u015b\u0107 i bezpiecze\u0144stwo uk\u0142adu hydraulicznego, jednocze\u015bnie zmniejszaj\u0105c prawdopodobie\u0144stwo nieoczekiwanych przestoj\u00f3w.<\/p>\n<p><img decoding=\"async\" src=\"https:\/\/www.hydraulic-cylinders.net\/wp-content\/uploads\/2025\/04\/songte-chushion-collar.webp\" alt=\"Ko\u0142nierz amortyzuj\u0105cy do cylindr\u00f3w hydraulicznych\"><\/p>\n<h2>Zagadnienia bezpiecze\u0144stwa i czynniki \u015brodowiskowe<\/h2>\n<p>Podczas u\u017cytkowania cylindr\u00f3w hydraulicznych, kluczowe znaczenie ma wdro\u017cenie odpowiednich \u015brodk\u00f3w bezpiecze\u0144stwa. Operatorzy powinni by\u0107 przeszkoleni w zakresie potencjalnych zagro\u017ce\u0144 zwi\u0105zanych z uk\u0142adami hydraulicznymi, w tym ryzyka uwolnienia ci\u015bnienia i wycieku p\u0142ynu. Podczas pracy nale\u017cy zawsze nosi\u0107 \u015brodki ochrony indywidualnej (PPE). Ponadto nale\u017cy wzi\u0105\u0107 pod uwag\u0119 kwestie \u015brodowiskowe, takie jak odpowiednia utylizacja p\u0142yn\u00f3w hydraulicznych i materia\u0142\u00f3w konserwacyjnych, aby zapobiec zanieczyszczeniu gleby i wody. Przestrzeganie protoko\u0142\u00f3w bezpiecze\u0144stwa nie tylko chroni pracownik\u00f3w, ale tak\u017ce pomaga w przestrzeganiu przepis\u00f3w ochrony \u015brodowiska.<\/p>\n<h2>Rozwi\u0105zywanie typowych problem\u00f3w<\/h2>\n<ul>\n<li><strong>Wycieki p\u0142ynu hydraulicznego:<\/strong> Jednym z najcz\u0119stszych problem\u00f3w jest wyst\u0119powanie wyciek\u00f3w p\u0142ynu hydraulicznego. Mo\u017ce to by\u0107 spowodowane zu\u017cytymi uszczelkami lub nieprawid\u0142owymi po\u0142\u0105czeniami. Aby rozwi\u0105za\u0107 ten problem, nale\u017cy sprawdzi\u0107 uk\u0142ad pod k\u0105tem uszkodzonych uszczelek i w razie potrzeby je wymieni\u0107.<\/li>\n<li><strong>Nier\u00f3wnomierny ruch cylindra:<\/strong> Je\u015bli cylinder pracuje nier\u00f3wnomiernie, przyczyn\u0105 mo\u017ce by\u0107 uwi\u0119zione powietrze w przewodach hydraulicznych lub niewystarczaj\u0105ca ilo\u015b\u0107 p\u0142ynu hydraulicznego. Odpowietrzenie uk\u0142adu w celu usuni\u0119cia uwi\u0119zionego powietrza i sprawdzenie poziomu p\u0142ynu mo\u017ce pom\u00f3c przywr\u00f3ci\u0107 sta\u0142\u0105 wydajno\u015b\u0107.<\/li>\n<li><strong>Przegrzanie:<\/strong> Nadmierne ciep\u0142o mo\u017ce wynika\u0107 z przeci\u0105\u017cenia lub niedostatecznego smarowania. Regularnie monitoruj temperatur\u0119 robocz\u0105 i upewniaj si\u0119, \u017ce p\u0142yn hydrauliczny jest czysty i ma odpowiedni poziom, aby ograniczy\u0107 ryzyko przegrzania.<\/li>\n<\/ul>\n<h2>\u015arodki zapobiegawcze<\/h2>\n<p>Aby zminimalizowa\u0107 potencjalne problemy z si\u0142ownikami hydraulicznymi, niezb\u0119dne jest podj\u0119cie dzia\u0142a\u0144 zapobiegawczych. Regularna konserwacja i terminowe przegl\u0105dy pozwalaj\u0105 zidentyfikowa\u0107 problemy, zanim si\u0119 nasil\u0105, zmniejszaj\u0105c ryzyko nieoczekiwanych awarii. Odpowiednie szkolenie operator\u00f3w mo\u017ce r\u00f3wnie\u017c zwi\u0119kszy\u0107 bezpiecze\u0144stwo i wydajno\u015b\u0107 u\u017cytkowania uk\u0142ad\u00f3w hydraulicznych. Wreszcie, utrzymanie czystego i dobrze nasmarowanego p\u0142ynu hydraulicznego mo\u017ce znacznie zmniejszy\u0107 zu\u017cycie i wyd\u0142u\u017cy\u0107 \u017cywotno\u015b\u0107 podzespo\u0142\u00f3w.<\/p>\n<p><img decoding=\"async\" src=\"https:\/\/www.hydraulic-cylinders.net\/wp-content\/uploads\/2025\/04\/songte-bushings-with-all-kinds-of-excavator-models.webp\" alt=\"Tuleje do modeli koparek\"><\/p>\n<h2>Wprowadzenie do firmy<\/h2>\n<p>Jeste\u015bmy wiod\u0105cym producentem zamiennych si\u0142ownik\u00f3w hydraulicznych, oferuj\u0105cym szerok\u0105 gam\u0119 produkt\u00f3w, dzi\u0119ki kt\u00f3rym stali\u015bmy si\u0119 jednym z czo\u0142owych producent\u00f3w i hurtownik\u00f3w na rynku krajowym i mi\u0119dzynarodowym. Nasze zaanga\u017cowanie w d\u0105\u017cenie do doskona\u0142o\u015bci jako\u015bci jest poparte dopracowan\u0105 strategi\u0105 produkcyjn\u0105, wykorzystuj\u0105c\u0105 zaawansowany sprz\u0119t do cyfrowej produkcji i profesjonalne systemy testowania.<\/p>\n<p>Nasze warsztaty stale udoskonalaj\u0105 swoje platformy produkcyjne, zapewniaj\u0105c sprawny i wysokiej jako\u015bci proces produkcji. K\u0142ad\u0105c nacisk na talent techniczny i innowacyjno\u015b\u0107, d\u0105\u017cymy do tego, aby sprawnie i skutecznie zaspokaja\u0107 zr\u00f3\u017cnicowane potrzeby klient\u00f3w. Skupienie si\u0119 na wysokiej wydajno\u015bci, precyzji i jako\u015bci pozwala nam dostarcza\u0107 najwy\u017cszej jako\u015bci produkty, kt\u00f3re przetrwaj\u0105 pr\u00f3b\u0119 czasu.<\/p>\n<p><img decoding=\"async\" src=\"https:\/\/www.hydraulic-cylinders.net\/wp-content\/uploads\/2025\/04\/songte-company-4.webp\" alt=\"Przegl\u0105d firmy\"><br \/>\n<img decoding=\"async\" src=\"https:\/\/www.hydraulic-cylinders.net\/wp-content\/uploads\/2025\/04\/songte-company-3.webp\" alt=\"Obiekty firmy\"><\/p>\n<p>Autor: lyl<\/p>","protected":false},"excerpt":{"rendered":"<p>Boom Cylinder For Jove JV365LC Product Overview The Boom Cylinder for Jove JV365LC is a specialized hydraulic cylinder designed for controlling the movement of buckets in heavy machinery such as excavators, backhoe loaders, and front loaders. These cylinders play a crucial role in enabling the lifting, lowering, and tilting of buckets, facilitating various material handling [&hellip;]<\/p>","protected":false},"featured_media":17881,"comment_status":"open","ping_status":"closed","template":"","meta":{"_et_pb_use_builder":"","_et_pb_old_content":"","_et_gb_content_width":""},"product_brand":[],"product_cat":[1546],"product_tag":[1547,1496],"class_list":{"0":"post-19497","1":"product","2":"type-product","3":"status-publish","4":"has-post-thumbnail","6":"product_cat-boom-cylinders","7":"product_tag-boom-cylinders","8":"product_tag-hydraulic-cylinders","10":"first","11":"instock","12":"shipping-taxable","13":"product-type-simple"},"amp_enabled":true,"_links":{"self":[{"href":"https:\/\/www.hydraulic-cylinders.net\/pl\/wp-json\/wp\/v2\/product\/19497","targetHints":{"allow":["GET"]}}],"collection":[{"href":"https:\/\/www.hydraulic-cylinders.net\/pl\/wp-json\/wp\/v2\/product"}],"about":[{"href":"https:\/\/www.hydraulic-cylinders.net\/pl\/wp-json\/wp\/v2\/types\/product"}],"replies":[{"embeddable":true,"href":"https:\/\/www.hydraulic-cylinders.net\/pl\/wp-json\/wp\/v2\/comments?post=19497"}],"wp:featuredmedia":[{"embeddable":true,"href":"https:\/\/www.hydraulic-cylinders.net\/pl\/wp-json\/wp\/v2\/media\/17881"}],"wp:attachment":[{"href":"https:\/\/www.hydraulic-cylinders.net\/pl\/wp-json\/wp\/v2\/media?parent=19497"}],"wp:term":[{"taxonomy":"product_brand","embeddable":true,"href":"https:\/\/www.hydraulic-cylinders.net\/pl\/wp-json\/wp\/v2\/product_brand?post=19497"},{"taxonomy":"product_cat","embeddable":true,"href":"https:\/\/www.hydraulic-cylinders.net\/pl\/wp-json\/wp\/v2\/product_cat?post=19497"},{"taxonomy":"product_tag","embeddable":true,"href":"https:\/\/www.hydraulic-cylinders.net\/pl\/wp-json\/wp\/v2\/product_tag?post=19497"}],"curies":[{"name":"wp","href":"https:\/\/api.w.org\/{rel}","templated":true}]}}