{"id":19498,"date":"2025-04-07T06:50:58","date_gmt":"2025-04-07T06:50:58","guid":{"rendered":"https:\/\/www.hydraulic-cylinders.net\/product\/boom-cylinder-for-tck-hd1023lc-8h\/"},"modified":"2025-04-07T06:51:01","modified_gmt":"2025-04-07T06:51:01","slug":"boom-cylinder-for-tck-hd1023lc-8h","status":"publish","type":"product","link":"https:\/\/www.hydraulic-cylinders.net\/pl\/produkt\/boom-cylinder-for-tck-hd1023lc-8h\/","title":{"rendered":"Si\u0142ownik wysi\u0119gnika do TCK HD1023LC-8H"},"content":{"rendered":"<h1>Si\u0142ownik wysi\u0119gnika do TCK HD1023LC-8H<\/h1>\n<h2>Wprowadzenie do cylindra wysi\u0119gnika<\/h2>\n<p>Si\u0142ownik wysi\u0119gnika to niezb\u0119dny element hydrauliczny stosowany w r\u00f3\u017cnych maszynach ci\u0119\u017ckich, w szczeg\u00f3lno\u015bci koparkach, koparko-\u0142adowarkach i \u0142adowarkach czo\u0142owych. Ten si\u0142ownik hydrauliczny s\u0142u\u017cy do sterowania ruchem \u0142y\u017cki, umo\u017cliwiaj\u0105c jej precyzyjne podnoszenie, opuszczanie i przechylanie. Sprawne dzia\u0142anie si\u0142ownika wysi\u0119gnika ma kluczowe znaczenie podczas prac zwi\u0105zanych z prze\u0142adunkiem materia\u0142\u00f3w, poniewa\u017c zapewnia on si\u0142\u0119 niezb\u0119dn\u0105 do efektywnego manipulowania du\u017cymi \u0142adunkami.<\/p>\n<p><img decoding=\"async\" src=\"https:\/\/www.hydraulic-cylinders.net\/wp-content\/uploads\/2025\/04\/songte-company-1.webp\" alt=\"Si\u0142ownik wysi\u0119gnika\" \/><\/p>\n<h2>G\u0142\u00f3wne cechy<\/h2>\n<ul>\n<li><strong>Wysoka wytrzyma\u0142o\u015b\u0107 i trwa\u0142o\u015b\u0107:<\/strong> Si\u0142ownik wysi\u0119gnika, zazwyczaj wykonany z wysokowytrzyma\u0142ej stali lub aluminium, wytrzymuje wysokie ci\u015bnienia i du\u017ce obci\u0105\u017cenia. Jego konstrukcja uwzgl\u0119dnia odporno\u015b\u0107 na zu\u017cycie i korozj\u0119, co wyd\u0142u\u017ca jego \u017cywotno\u015b\u0107.<\/li>\n<li><strong>Wydajna praca uk\u0142adu hydraulicznego:<\/strong> Si\u0142ownik wykorzystuje ci\u015bnienie p\u0142ynu hydraulicznego, aby zapewni\u0107 p\u0142ynne wysuwanie i wsuwanie, szybko reaguje na polecenia operatora i zapewnia znaczn\u0105 si\u0142\u0119 pchania i ci\u0105gni\u0119cia, idealn\u0105 do obs\u0142ugi ci\u0119\u017ckich i skomplikowanych zada\u0144.<\/li>\n<li><strong>R\u00f3\u017cne typy:<\/strong> Dost\u0119pne w konfiguracji jednostronnego dzia\u0142ania (dzia\u0142a w jednym kierunku) lub dwustronnego dzia\u0142ania (dzia\u0142a w obu kierunkach), spe\u0142niaj\u0105 r\u00f3\u017cnorodne wymagania operacyjne. Niekt\u00f3re modele s\u0105 teleskopowe, co pozwala na wi\u0119ksze wysuni\u0119cie bez zwi\u0119kszania wymiar\u00f3w zewn\u0119trznych, co sprawdza si\u0119 w zastosowaniach o ograniczonej przestrzeni.<\/li>\n<\/ul>\n<p>Produkujemy wysokiej jako\u015bci si\u0142owniki wysi\u0119gnika, kt\u00f3re doskonale nadaj\u0105 si\u0119 do wymiany istniej\u0105cych si\u0142ownik\u00f3w hydraulicznych w Pa\u0144stwa maszynach.<\/p>\n<p><img decoding=\"async\" src=\"https:\/\/www.hydraulic-cylinders.net\/wp-content\/uploads\/2025\/04\/songte-cylinder-head-with-all-kinds-excavator-models.webp\" alt=\"Modele koparek\" \/><\/p>\n<h2>Zastosowania cylindra wysi\u0119gnika<\/h2>\n<h3>Sprz\u0119t budowlany<\/h3>\n<p>W koparkach si\u0142owniki wysi\u0119gnika s\u0105 niezb\u0119dne do kopania, za\u0142adunku i przemieszczania gleby lub gruzu. Umo\u017cliwiaj\u0105 one \u0142y\u017cce sprawn\u0105 penetracj\u0119 gruntu, umo\u017cliwiaj\u0105c efektywne prace ziemne. W koparko-\u0142adowarkach si\u0142owniki te wspomagaj\u0105 zar\u00f3wno kopanie, jak i podnoszenie, co czyni je niezast\u0105pionymi w pracach budowlanych.<\/p>\n<h3>Maszyny rolnicze<\/h3>\n<p>W \u0142adowarkach czo\u0142owych si\u0142owniki wysi\u0119gnika s\u0142u\u017c\u0105 do nabierania, podnoszenia i transportu gleby, siana i innych materia\u0142\u00f3w. Ich solidne dzia\u0142anie hydrauliczne zapewnia szybkie i wydajne wykonywanie prac rolniczych, umo\u017cliwiaj\u0105c \u0142atw\u0105 obs\u0142ug\u0119 du\u017cych ilo\u015bci materia\u0142\u00f3w.<\/p>\n<h3>Koparki<\/h3>\n<p>W koparkach si\u0142ownik wysi\u0119gnika u\u0142atwia kopanie, umo\u017cliwiaj\u0105c \u0142y\u017cce g\u0142\u0119bok\u0105 penetracj\u0119 gleby. Ta funkcjonalno\u015b\u0107 jest kluczowa w przypadku r\u00f3\u017cnych zastosowa\u0144 kopania, zapewniaj\u0105c optymaln\u0105 wydajno\u015b\u0107 maszyny.<\/p>\n<h3>\u0141adowarki<\/h3>\n<p>W \u0142adowarkach czo\u0142owych si\u0142owniki wysi\u0119gnika wspomagaj\u0105 efektywne podnoszenie i zrzucanie \u0142adunk\u00f3w. Zapewniaj\u0105 one precyzyjne przemieszczanie ci\u0119\u017ckich materia\u0142\u00f3w z jednego miejsca do drugiego, znacznie zwi\u0119kszaj\u0105c wydajno\u015b\u0107 za\u0142adunku.<\/p>\n<h2>Zagadnienia projektowe i kryteria wyboru<\/h2>\n<h3>No\u015bno\u015b\u0107<\/h3>\n<p>Przy wyborze si\u0142ownika wysi\u0119gnika, ocena jego ud\u017awigu ma kluczowe znaczenie. Si\u0142ownik musi by\u0107 w stanie wytrzyma\u0107 maksymalne obci\u0105\u017cenie wyst\u0119puj\u0105ce w warunkach roboczych. Wi\u0105\u017ce si\u0119 to z ocen\u0105 ci\u015bnienia hydraulicznego i wytrzyma\u0142o\u015bci mechanicznej element\u00f3w si\u0142ownika, aby zapewni\u0107 niezawodno\u015b\u0107 i bezpiecze\u0144stwo podczas pracy.<\/p>\n<h3>Opiecz\u0119towanie<\/h3>\n<p>Skuteczne uszczelnienie jest niezb\u0119dne dla trwa\u0142o\u015bci cylindr\u00f3w hydraulicznych. Wysokiej jako\u015bci uszczelki zapobiegaj\u0105 wyciekom p\u0142ynu hydraulicznego, kt\u00f3re mog\u0105 pogorszy\u0107 wydajno\u015b\u0107 i prowadzi\u0107 do awarii. Wyb\u00f3r odpowiednich materia\u0142\u00f3w uszczelniaj\u0105cych, takich jak poliuretan i kauczuk nitrylowy, mo\u017ce znacznie zwi\u0119kszy\u0107 trwa\u0142o\u015b\u0107 i niezawodno\u015b\u0107.<\/p>\n<h3>Trwa\u0142o\u015b\u0107<\/h3>\n<p>Trwa\u0142o\u015b\u0107 to kluczowy atrybut si\u0142ownik\u00f3w wysi\u0119gnika. Powinny by\u0107 one zaprojektowane tak, aby wytrzyma\u0107 trudne warunki pracy, w tym ekstremalne temperatury i kontakt z materia\u0142ami korozyjnymi. Zastosowanie zaawansowanych materia\u0142\u00f3w i pow\u0142ok ochronnych mo\u017ce wyd\u0142u\u017cy\u0107 \u017cywotno\u015b\u0107 si\u0142ownika i poprawi\u0107 jego wydajno\u015b\u0107 w wymagaj\u0105cych warunkach.<\/p>\n<h3>Bezpiecze\u0144stwo<\/h3>\n<p>Projektuj\u0105c si\u0142ownik hydrauliczny, zawsze nale\u017cy bra\u0107 pod uwag\u0119 kwestie bezpiecze\u0144stwa. Takie rozwi\u0105zania jak zawory bezpiecze\u0144stwa i mechanizmy zabezpieczaj\u0105ce pomagaj\u0105 zapobiega\u0107 powa\u017cnym awariom i zapewniaj\u0105 bezpieczn\u0105 prac\u0119. Zrozumienie norm bezpiecze\u0144stwa obowi\u0105zuj\u0105cych w uk\u0142adach hydraulicznych jest kluczowe przy wyborze si\u0142ownika wysi\u0119gnika.<\/p>\n<h3>Konserwacja i naprawa<\/h3>\n<p>Konstrukcja si\u0142ownika wysi\u0119gnika powinna umo\u017cliwia\u0107 \u0142atw\u0105 konserwacj\u0119 i napraw\u0119. Obejmuje to funkcje umo\u017cliwiaj\u0105ce szybki dost\u0119p do uszczelnie\u0144 i innych podzespo\u0142\u00f3w w celu ich kontroli i wymiany. Regularne czynno\u015bci konserwacyjne mog\u0105 znacznie wyd\u0142u\u017cy\u0107 \u017cywotno\u015b\u0107 si\u0142ownika i zapewni\u0107 optymaln\u0105 wydajno\u015b\u0107.<\/p>\n<p><img decoding=\"async\" src=\"https:\/\/www.hydraulic-cylinders.net\/wp-content\/uploads\/2025\/04\/songte-oil-pipes-and-spare-parts.webp\" alt=\"Cz\u0119\u015bci hydrauliczne\" \/><\/p>\n<h2>Uszczelnianie i smarowanie<\/h2>\n<p>Skuteczne uszczelnienie i smarowanie s\u0105 kluczowe dla prawid\u0142owego dzia\u0142ania cylindr\u00f3w hydraulicznych. Aby zapewni\u0107 szczelno\u015b\u0107, nale\u017cy stosowa\u0107 r\u00f3\u017cne rodzaje uszczelnie\u0144, takie jak uszczelnienia t\u0142ok\u00f3w i t\u0142oczysk. Uszczelnienia powinny by\u0107 wykonane z materia\u0142\u00f3w odpornych na zu\u017cycie, takich jak poliuretan i kauczuk nitrylowy, co zapewnia doskona\u0142\u0105 trwa\u0142o\u015b\u0107. Korpus cylindra i gwintowane ko\u0144c\u00f3wki powinny by\u0107 precyzyjnie obrobione, aby zwi\u0119kszy\u0107 odporno\u015b\u0107 na zu\u017cycie. Regularne smarowanie odpowiednim olejem hydraulicznym jest niezb\u0119dne dla zapewnienia p\u0142ynnej pracy i zmniejszenia zu\u017cycia cz\u0119\u015bci ruchomych.<\/p>\n<h2>Regularne kontrole i konserwacja zapobiegawcza<\/h2>\n<ul>\n<li><strong>Regularne kontrole:<\/strong> Przeprowadzanie rutynowych kontroli mo\u017ce pom\u00f3c w wykryciu wczesnych oznak zu\u017cycia, co pozwala na podj\u0119cie dzia\u0142a\u0144 naprawczych zanim potencjalne problemy si\u0119 pogorsz\u0105.<\/li>\n<li><strong>Prawid\u0142owe smarowanie:<\/strong> Utrzymywanie odpowiedniego poziomu smarowania jest kluczowe dla zapobiegania uszkodzeniom wynikaj\u0105cym z tarcia i zapewnienia p\u0142ynnej pracy uk\u0142adu hydraulicznego.<\/li>\n<li><strong>Wymiana uszczelki:<\/strong> Regularne sprawdzanie i wymiana uszczelek w razie potrzeby zapobiegnie wyciekom p\u0142ynu hydraulicznego i zapewni integralno\u015b\u0107 uk\u0142adu.<\/li>\n<\/ul>\n<h2>Wytyczne dotycz\u0105ce instalacji<\/h2>\n<p>Prawid\u0142owy monta\u017c si\u0142ownika wysi\u0119gnika ma kluczowe znaczenie dla optymalnej wydajno\u015bci. Zacznij od upewnienia si\u0119, \u017ce si\u0142ownik jest prawid\u0142owo ustawiony wzgl\u0119dem punkt\u00f3w mocowania maszyny, aby unikn\u0105\u0107 nadmiernych napr\u0119\u017ce\u0144. U\u017cyj odpowiednich wspornik\u00f3w monta\u017cowych, aby zabezpieczy\u0107 si\u0142ownik na miejscu, zapobiegaj\u0105c jego przemieszczaniu si\u0119, kt\u00f3re mog\u0142oby prowadzi\u0107 do awarii. Dok\u0142adnie przestrzegaj specyfikacji producenta dotycz\u0105cych po\u0142\u0105cze\u0144 hydraulicznych, aby zapewni\u0107 prawid\u0142owy przep\u0142yw p\u0142ynu i unikn\u0105\u0107 wyciek\u00f3w. Po monta\u017cu przeprowad\u017a dok\u0142adn\u0105 kontrol\u0119, aby upewni\u0107 si\u0119, \u017ce wszystkie elementy s\u0105 solidnie zamocowane i dzia\u0142aj\u0105 prawid\u0142owo.<\/p>\n<h2>Zadania konserwacyjne<\/h2>\n<ul>\n<li><strong>Regularne kontrole:<\/strong> Rutynowe kontrole pod k\u0105tem oznak zu\u017cycia, nieszczelno\u015bci i prawid\u0142owego ustawienia s\u0105 kluczowe. Nale\u017cy zwraca\u0107 uwag\u0119 na og\u00f3lny stan cylindra i jego podzespo\u0142\u00f3w, reaguj\u0105c na wszelkie problemy na bie\u017c\u0105co.<\/li>\n<li><strong>W\u0142a\u015bciwe smarowanie:<\/strong> Upewnij si\u0119, \u017ce poziom oleju hydraulicznego jest uzupe\u0142niony do zalecanych poziom\u00f3w. Aby zapewni\u0107 optymaln\u0105 wydajno\u015b\u0107, stosuj wysokiej jako\u015bci \u015brodki smarne, kt\u00f3re spe\u0142niaj\u0105 lub przewy\u017cszaj\u0105 specyfikacje producenta.<\/li>\n<li><strong>Wymiana uszczelki:<\/strong> Regularnie sprawdzaj uszczelki pod k\u0105tem \u015blad\u00f3w zu\u017cycia i wymieniaj je w razie potrzeby, aby zapobiec wyciekom p\u0142ynu hydraulicznego. To zadanie konserwacyjne ma kluczowe znaczenie dla zachowania integralno\u015bci i wydajno\u015bci uk\u0142adu.<\/li>\n<\/ul>\n<p>Prawid\u0142owy monta\u017c, smarowanie i regulacja s\u0105 kluczowe dla maksymalizacji \u017cywotno\u015bci si\u0142ownika wysi\u0119gnika. Zaleca si\u0119 stosowanie w\u0142a\u015bciwych technik osiowania podczas monta\u017cu, aby unikn\u0105\u0107 napr\u0119\u017ce\u0144 w si\u0142owniku. Przestrzeganie zalecanych protoko\u0142\u00f3w kontroli, napraw i wymiany dodatkowo wyd\u0142u\u017cy \u017cywotno\u015b\u0107 uk\u0142adu hydraulicznego.<\/p>\n<p><img decoding=\"async\" src=\"https:\/\/www.hydraulic-cylinders.net\/wp-content\/uploads\/2025\/04\/songte-chushion-collar.webp\" alt=\"Ko\u0142nierz poduszkowy\" \/><\/p>\n<h2>Zagadnienia bezpiecze\u0144stwa i czynniki \u015brodowiskowe<\/h2>\n<p>W przypadku cylindr\u00f3w hydraulicznych, wdra\u017canie \u015brodk\u00f3w bezpiecze\u0144stwa ma kluczowe znaczenie. Zawsze nale\u017cy przestrzega\u0107 protoko\u0142\u00f3w bezpiecze\u0144stwa podczas instalacji i konserwacji, aby zapobiec wypadkom. Dodatkowo nale\u017cy wzi\u0105\u0107 pod uwag\u0119 czynniki \u015brodowiskowe, takie jak w\u0142a\u015bciwa utylizacja p\u0142yn\u00f3w hydraulicznych i wp\u0142yw wyciek\u00f3w na otaczaj\u0105ce ekosystemy. Stosowanie biodegradowalnych p\u0142yn\u00f3w hydraulicznych mo\u017ce pom\u00f3c w ograniczeniu zagro\u017ce\u0144 dla \u015brodowiska.<\/p>\n<h2>Diagnostyka usterek i typowe problemy<\/h2>\n<ul>\n<li><strong>Wyciek p\u0142ynu hydraulicznego:<\/strong> Problem ten mo\u017ce wynika\u0107 ze zu\u017cytych uszczelek lub uszkodzonych przewod\u00f3w. Regularne kontrole mog\u0105 pom\u00f3c we wczesnym wykryciu wyciek\u00f3w, umo\u017cliwiaj\u0105c terminow\u0105 napraw\u0119.<\/li>\n<li><strong>Powolny ruch cylindra:<\/strong> Je\u017celi cylinder nie wysuwa si\u0119 lub nie chowa p\u0142ynnie, mo\u017ce to oznacza\u0107 niski poziom p\u0142ynu hydraulicznego lub zanieczyszczenie uk\u0142adu.<\/li>\n<li><strong>Nietypowe d\u017awi\u0119ki:<\/strong> Odg\u0142osy zgrzytania i trzaskania podczas pracy urz\u0105dzenia mog\u0105 sygnalizowa\u0107 problemy mechaniczne w cylindrze lub uk\u0142adzie hydraulicznym.<\/li>\n<\/ul>\n<p>Aby skutecznie rozwi\u0105zywa\u0107 problemy, zawsze nale\u017cy zapozna\u0107 si\u0119 z wytycznymi producenta i korzysta\u0107 z narz\u0119dzi diagnostycznych, aby precyzyjnie zlokalizowa\u0107 problem. Wdro\u017cenie \u015brodk\u00f3w zapobiegawczych, takich jak regularna konserwacja i przegl\u0105dy, mo\u017ce znacznie zmniejszy\u0107 prawdopodobie\u0144stwo wyst\u0105pienia problem\u00f3w.<\/p>\n<p><img decoding=\"async\" src=\"https:\/\/www.hydraulic-cylinders.net\/wp-content\/uploads\/2025\/04\/songte-bushings-with-all-kinds-of-excavator-models.webp\" alt=\"Tuleje\" \/><\/p>\n<h2>Podsumowanie: O naszej firmie<\/h2>\n<p>Jeste\u015bmy wiod\u0105cym producentem zamiennych si\u0142ownik\u00f3w hydraulicznych, oferuj\u0105cym szerok\u0105 gam\u0119 produkt\u00f3w, kt\u00f3re zaspokajaj\u0105 potrzeby rynku krajowego i mi\u0119dzynarodowego. Nasze zaanga\u017cowanie w d\u0105\u017cenie do doskona\u0142o\u015bci jako\u015bci jest wspierane przez udoskonalone procesy produkcyjne i najnowocze\u015bniejsze strategie zarz\u0105dzania produkcj\u0105. Nasza firma stale udoskonala swoje platformy produkcyjne, wykorzystuj\u0105c wykwalifikowanych technik\u00f3w, zaawansowany sprz\u0119t do produkcji cyfrowej oraz profesjonalne systemy testowe. Jeste\u015bmy dumni z naszej zdolno\u015bci do zaspokajania zr\u00f3\u017cnicowanych potrzeb klient\u00f3w, zapewniaj\u0105c wysok\u0105 wydajno\u015b\u0107, dok\u0142adno\u015b\u0107 i jako\u015b\u0107.<\/p>\n<p>Dysponuj\u0105c wiedz\u0105 specjalistyczn\u0105, mi\u0119dzynarodowymi certyfikatami, dostosowanymi do potrzeb us\u0142ugami, zaawansowanym sprz\u0119tem produkcyjnym i doskona\u0142ym wsparciem posprzeda\u017cowym, jeste\u015bmy oddani dostarczaniu rozwi\u0105za\u0144 hydraulicznych przekraczaj\u0105cych oczekiwania.<\/p>\n<p><img decoding=\"async\" src=\"https:\/\/www.hydraulic-cylinders.net\/wp-content\/uploads\/2025\/04\/songte-company-4.webp\" alt=\"Obraz firmy 1\" \/><br \/>\n<img decoding=\"async\" src=\"https:\/\/www.hydraulic-cylinders.net\/wp-content\/uploads\/2025\/04\/songte-company-3.webp\" alt=\"Obraz firmy 2\" \/><\/p>\n<p>Autor: lyl<\/p>","protected":false},"excerpt":{"rendered":"<p>Boom Cylinder For TCK HD1023LC-8H Introduction to Boom Cylinder The Boom Cylinder is an essential hydraulic component used in various heavy machinery, particularly excavators, backhoe loaders, and front loaders. This hydraulic cylinder is designed to control the movement of the bucket, allowing it to lift, lower, and tilt with precision. The efficient operation of the [&hellip;]<\/p>","protected":false},"featured_media":17867,"comment_status":"open","ping_status":"closed","template":"","meta":{"_et_pb_use_builder":"","_et_pb_old_content":"","_et_gb_content_width":""},"product_brand":[],"product_cat":[1546],"product_tag":[1547,1496],"class_list":{"0":"post-19498","1":"product","2":"type-product","3":"status-publish","4":"has-post-thumbnail","6":"product_cat-boom-cylinders","7":"product_tag-boom-cylinders","8":"product_tag-hydraulic-cylinders","10":"first","11":"instock","12":"shipping-taxable","13":"product-type-simple"},"amp_enabled":true,"_links":{"self":[{"href":"https:\/\/www.hydraulic-cylinders.net\/pl\/wp-json\/wp\/v2\/product\/19498","targetHints":{"allow":["GET"]}}],"collection":[{"href":"https:\/\/www.hydraulic-cylinders.net\/pl\/wp-json\/wp\/v2\/product"}],"about":[{"href":"https:\/\/www.hydraulic-cylinders.net\/pl\/wp-json\/wp\/v2\/types\/product"}],"replies":[{"embeddable":true,"href":"https:\/\/www.hydraulic-cylinders.net\/pl\/wp-json\/wp\/v2\/comments?post=19498"}],"wp:featuredmedia":[{"embeddable":true,"href":"https:\/\/www.hydraulic-cylinders.net\/pl\/wp-json\/wp\/v2\/media\/17867"}],"wp:attachment":[{"href":"https:\/\/www.hydraulic-cylinders.net\/pl\/wp-json\/wp\/v2\/media?parent=19498"}],"wp:term":[{"taxonomy":"product_brand","embeddable":true,"href":"https:\/\/www.hydraulic-cylinders.net\/pl\/wp-json\/wp\/v2\/product_brand?post=19498"},{"taxonomy":"product_cat","embeddable":true,"href":"https:\/\/www.hydraulic-cylinders.net\/pl\/wp-json\/wp\/v2\/product_cat?post=19498"},{"taxonomy":"product_tag","embeddable":true,"href":"https:\/\/www.hydraulic-cylinders.net\/pl\/wp-json\/wp\/v2\/product_tag?post=19498"}],"curies":[{"name":"wp","href":"https:\/\/api.w.org\/{rel}","templated":true}]}}