{"id":19513,"date":"2025-04-07T06:51:44","date_gmt":"2025-04-07T06:51:44","guid":{"rendered":"https:\/\/www.hydraulic-cylinders.net\/product\/boom-cylinder-for-tls-hde18\/"},"modified":"2025-04-07T06:51:47","modified_gmt":"2025-04-07T06:51:47","slug":"boom-cylinder-for-tls-hde18","status":"publish","type":"product","link":"https:\/\/www.hydraulic-cylinders.net\/pl\/produkt\/boom-cylinder-for-tls-hde18\/","title":{"rendered":"Si\u0142ownik wysi\u0119gnika do TLS HDE18"},"content":{"rendered":"<h1>Si\u0142ownik wysi\u0119gnika do TLS HDE18<\/h1>\n<h2>Przegl\u0105d produktu<\/h2>\n<p>Si\u0142ownik wysi\u0119gnika do TLS HDE18 to niezb\u0119dny element hydrauliczny, specjalnie zaprojektowany do sterowania ruchem ramion wysi\u0119gnika w r\u00f3\u017cnych zastosowaniach ci\u0119\u017ckiego sprz\u0119tu. Ten si\u0142ownik hydrauliczny jest niezb\u0119dny w koparkach, koparko-\u0142adowarkach i \u0142adowarkach czo\u0142owych, umo\u017cliwiaj\u0105c tym maszynom podnoszenie, opuszczanie i przechylanie \u0142y\u017cek podczas wykonywania zada\u0144 zwi\u0105zanych z prze\u0142adunkiem materia\u0142\u00f3w.<\/p>\n<p>Te si\u0142owniki czerpakowe to si\u0142owniki hydrauliczne zaprojektowane tak, aby wytrzymywa\u0142y ekstremalne ci\u015bnienia i obci\u0105\u017cenia, dostosowuj\u0105c si\u0119 do trudnych warunk\u00f3w pracy. Maj\u0105 one kluczowe znaczenie dla precyzyjnej kontroli nad funkcjami operacyjnymi maszyn, zapewniaj\u0105c wydajn\u0105 prac\u0119 w wymagaj\u0105cych zadaniach.<\/p>\n<p><img decoding=\"async\" src=\"https:\/\/www.hydraulic-cylinders.net\/wp-content\/uploads\/2025\/04\/songte-company-1.webp\" alt=\"Si\u0142ownik wysi\u0119gnika\" \/><\/p>\n<h2>G\u0142\u00f3wne cechy<\/h2>\n<ul>\n<li><strong>Wysoka wytrzyma\u0142o\u015b\u0107 i trwa\u0142o\u015b\u0107:<\/strong> Wykonane z wysokowytrzyma\u0142ej stali lub aluminium, te cylindry wytrzymuj\u0105 wysokie ci\u015bnienie i du\u017ce obci\u0105\u017cenia, dzi\u0119ki czemu nadaj\u0105 si\u0119 do pracy w trudnych warunkach. Zaprojektowane z my\u015bl\u0105 o odporno\u015bci na zu\u017cycie i korozj\u0119, zapewniaj\u0105 d\u0142u\u017csz\u0105 \u017cywotno\u015b\u0107.<\/li>\n<li><strong>Wydajna praca uk\u0142adu hydraulicznego:<\/strong> Wykorzystuj\u0105c ci\u015bnienie oleju hydraulicznego, si\u0142ownik wysi\u0119gnika zapewnia p\u0142ynne i responsywne wysuwanie i wsuwanie, dostarczaj\u0105c mocnych wra\u017ce\u0144 podczas pchania i ci\u0105gni\u0119cia, niezb\u0119dnych przy przenoszeniu ci\u0119\u017ckich materia\u0142\u00f3w i wykonywaniu skomplikowanych zada\u0144.<\/li>\n<li><strong>R\u00f3\u017cne typy:<\/strong> Dost\u0119pne opcje obejmuj\u0105 cylindry jednostronnego dzia\u0142ania (dzia\u0142aj\u0105ce w jednym kierunku) i dwustronnego dzia\u0142ania (dzia\u0142aj\u0105ce w obu kierunkach), kt\u00f3re spe\u0142niaj\u0105 zr\u00f3\u017cnicowane potrzeby operacyjne. Niekt\u00f3re modele s\u0105 teleskopowe, co pozwala na wi\u0119ksze wysuni\u0119cie bez zwi\u0119kszania wymiar\u00f3w zewn\u0119trznych, co jest idealne w ciasnych przestrzeniach.<\/li>\n<\/ul>\n<h2>Produkcja i wymiana<\/h2>\n<p>Nasza firma specjalizuje si\u0119 w produkcji tego produktu, zapewniaj\u0105c doskona\u0142y zamiennik istniej\u0105cych na rynku cylindr\u00f3w hydraulicznych.<\/p>\n<p><img decoding=\"async\" src=\"https:\/\/www.hydraulic-cylinders.net\/wp-content\/uploads\/2025\/04\/songte-cylinder-head-with-all-kinds-excavator-models.webp\" alt=\"Modele koparek\" \/><\/p>\n<h2>Scenariusze zastosowa\u0144<\/h2>\n<h3>Sprz\u0119t budowlany<\/h3>\n<p>W koparkach si\u0142owniki wysi\u0119gnika odgrywaj\u0105 kluczow\u0105 rol\u0119 w kopaniu, za\u0142adunku i przemieszczaniu ziemi i gruzu. Si\u0142ownik \u0142y\u017cki wspomaga zar\u00f3wno kopanie, jak i podnoszenie, zwi\u0119kszaj\u0105c wydajno\u015b\u0107 i efektywno\u015b\u0107 maszyn na placach budowy.<\/p>\n<h3>Maszyny rolnicze<\/h3>\n<p>W \u0142adowarkach czo\u0142owych si\u0142owniki te wspomagaj\u0105 nabieranie, podnoszenie i transport ziemi, siana i innych materia\u0142\u00f3w. Hydrauliczny mechanizm wysi\u0119gnika umo\u017cliwia precyzyjn\u0105 prac\u0119, niezb\u0119dn\u0105 w pracach rolniczych.<\/p>\n<h3>Koparki<\/h3>\n<p>Cylindry \u0142y\u017cki umo\u017cliwiaj\u0105 kopanie, umo\u017cliwiaj\u0105c jej skuteczn\u0105 penetracj\u0119 gleby. Ta funkcja jest niezb\u0119dna podczas prac wykopaliskowych w r\u00f3\u017cnych warunkach, przyczyniaj\u0105c si\u0119 do wzrostu wydajno\u015bci i efektywno\u015bci.<\/p>\n<h3>\u0141adowarki<\/h3>\n<p>W \u0142adowarkach czo\u0142owych si\u0142owniki wysi\u0119gnika odgrywaj\u0105 istotn\u0105 rol\u0119 w efektywnym podnoszeniu i zrzucaniu materia\u0142\u00f3w. Ich konstrukcja zapewnia precyzj\u0119 i \u0142atwo\u015b\u0107 obs\u0142ugi ci\u0119\u017ckich \u0142adunk\u00f3w, co czyni je niezast\u0105pionymi w pracach za\u0142adunkowych.<\/p>\n<h2>Zagadnienia projektowe i kryteria wyboru<\/h2>\n<h3>No\u015bno\u015b\u0107<\/h3>\n<p>Jednym z g\u0142\u00f3wnych za\u0142o\u017ce\u0144 konstrukcyjnych si\u0142ownik\u00f3w wysi\u0119gnika jest ich ud\u017awig. Kluczowe jest zapewnienie, \u017ce si\u0142ownik wytrzyma maksymalne obci\u0105\u017cenie robocze bez uszczerbku dla bezpiecze\u0144stwa i wydajno\u015bci. Du\u017ca ud\u017awig pozwala si\u0142ownikowi na efektywne dzia\u0142anie w r\u00f3\u017cnych zastosowaniach, minimalizuj\u0105c ryzyko awarii podczas intensywnych prac.<\/p>\n<h3>Wydajno\u015b\u0107 uszczelnienia<\/h3>\n<p>Skuteczne uszczelnienie jest kluczowe dla zapobiegania wyciekom p\u0142ynu hydraulicznego, kt\u00f3re mog\u0105 prowadzi\u0107 do problem\u00f3w z wydajno\u015bci\u0105 i wzrostu koszt\u00f3w konserwacji. Wysokiej jako\u015bci uszczelki wykonane z trwa\u0142ych materia\u0142\u00f3w s\u0105 niezb\u0119dne do utrzymania szczelno\u015bci uk\u0142adu hydraulicznego i zapewnienia jego p\u0142ynnej pracy.<\/p>\n<h3>Trwa\u0142o\u015b\u0107<\/h3>\n<p>Trwa\u0142o\u015b\u0107 jest kluczowym czynnikiem w projektowaniu si\u0142ownik\u00f3w wysi\u0119gnika. Cz\u0119sto s\u0105 one nara\u017cone na trudne warunki \u015brodowiskowe, dlatego niezb\u0119dna jest ich odporno\u015b\u0107 na zu\u017cycie i korozj\u0119. Materia\u0142y i pow\u0142oki stosowane w konstrukcji musz\u0105 by\u0107 dobrane tak, aby wyd\u0142u\u017cy\u0107 \u017cywotno\u015b\u0107 si\u0142ownika przy jednoczesnym zachowaniu wydajno\u015bci operacyjnej.<\/p>\n<h3>Funkcje bezpiecze\u0144stwa<\/h3>\n<p>Bezpiecze\u0144stwo jest priorytetem przy projektowaniu cylindr\u00f3w hydraulicznych. Zastosowanie zabezpiecze\u0144, takich jak zawory bezpiecze\u0144stwa, mo\u017ce zapobiec przeci\u0105\u017ceniom i potencjalnym wypadkom, zapewniaj\u0105c operatorom i maszynom bezpieczne \u015brodowisko pracy.<\/p>\n<h3>Dost\u0119pno\u015b\u0107 konserwacyjna<\/h3>\n<p>Konstrukcja si\u0142ownik\u00f3w wysi\u0119gnika powinna umo\u017cliwia\u0107 \u0142atwy dost\u0119p podczas konserwacji i napraw. Takie podej\u015bcie skraca przestoje i zwi\u0119ksza wydajno\u015b\u0107 operacyjn\u0105, zapewniaj\u0105c sprawno\u015b\u0107 i wydajno\u015b\u0107 sprz\u0119tu.<\/p>\n<p><img decoding=\"async\" src=\"https:\/\/www.hydraulic-cylinders.net\/wp-content\/uploads\/2025\/04\/songte-oil-pipes-and-spare-parts.webp\" alt=\"Rury olejowe i cz\u0119\u015bci zamienne\" \/><\/p>\n<h2>Uszczelnianie i smarowanie<\/h2>\n<p>Wydajno\u015b\u0107 si\u0142ownik\u00f3w wysi\u0119gnika w du\u017cej mierze zale\u017cy od skutecznego uszczelnienia i smarowania. R\u00f3\u017cne uszczelnienia, takie jak uszczelnienia t\u0142okowe i t\u0142oczyskowe, zapobiegaj\u0105 wyciekom p\u0142ynu i utrzymuj\u0105 ci\u015bnienie. Uszczelnienia wykonane z poliuretanu i kauczuku nitrylowego zapewniaj\u0105 odporno\u015b\u0107 na zu\u017cycie i trwa\u0142o\u015b\u0107, gwarantuj\u0105c d\u0142ugotrwa\u0142\u0105 funkcjonalno\u015b\u0107.<\/p>\n<p>Korpus cylindra i gwintowane powierzchnie ko\u0144cowe s\u0105 precyzyjnie obrobione, aby zwi\u0119kszy\u0107 odporno\u015b\u0107 na zu\u017cycie. Dodatkowo, regularne smarowanie olejem hydraulicznym jest niezb\u0119dne, aby zapewni\u0107 p\u0142ynn\u0105 prac\u0119 i zapobiec nadmiernemu zu\u017cyciu element\u00f3w wewn\u0119trznych.<\/p>\n<h2>Regularne kontrole i konserwacja zapobiegawcza<\/h2>\n<ul>\n<li><strong>Rutynowe kontrole:<\/strong> Regularne przegl\u0105dy uk\u0142adu hydraulicznego mog\u0105 pom\u00f3c zidentyfikowa\u0107 potencjalne problemy, zanim si\u0119 nasil\u0105. Kontrola pod k\u0105tem wyciek\u00f3w, zu\u017cycia i og\u00f3lnej wydajno\u015bci uk\u0142adu ma kluczowe znaczenie dla konserwacji.<\/li>\n<li><strong>Prawid\u0142owe smarowanie:<\/strong> Zapewnienie odpowiedniego smarowania zmniejsza tarcie i zu\u017cycie, wyd\u0142u\u017caj\u0105c \u017cywotno\u015b\u0107 si\u0142ownika hydraulicznego. Regularne smarowanie odpowiednim olejem hydraulicznym jest niezb\u0119dne dla utrzymania optymalnej wydajno\u015bci.<\/li>\n<li><strong>Wymiana uszczelki:<\/strong> Z biegiem czasu uszczelki mog\u0105 ulec degradacji i wymaga\u0107 wymiany. Regularne sprawdzanie stanu uszczelek i ich wymiana w razie potrzeby jest kluczowa dla zachowania integralno\u015bci systemu.<\/li>\n<\/ul>\n<h2>Wytyczne dotycz\u0105ce instalacji<\/h2>\n<p>Aby zapewni\u0107 d\u0142ugotrwa\u0142\u0105 prac\u0119 si\u0142ownika wysi\u0119gnika, kluczowy jest prawid\u0142owy monta\u017c. Zacznij od prawid\u0142owego ustawienia si\u0142ownika wzgl\u0119dem punkt\u00f3w mocowania, aby zapobiec jego rozbie\u017cno\u015bciom, kt\u00f3re mog\u0142yby prowadzi\u0107 do przedwczesnej awarii. Zaleca si\u0119 u\u017cycie odpowiednich wspornik\u00f3w monta\u017cowych, aby pewnie zamocowa\u0107 si\u0142ownik.<\/p>\n<p>Po ustawieniu nale\u017cy upewni\u0107 si\u0119, \u017ce wszystkie przewody hydrauliczne s\u0105 prawid\u0142owo pod\u0142\u0105czone, aby unikn\u0105\u0107 wyciek\u00f3w. Po monta\u017cu nale\u017cy przeprowadzi\u0107 dok\u0142adn\u0105 kontrol\u0119, aby upewni\u0107 si\u0119, \u017ce wszystkie elementy s\u0105 solidnie zamocowane i \u017ce si\u0142ownik dzia\u0142a p\u0142ynnie i bez przeszk\u00f3d. Na koniec nale\u017cy post\u0119powa\u0107 zgodnie z zaleceniami producenta dotycz\u0105cymi wst\u0119pnego testowania, aby potwierdzi\u0107, \u017ce monta\u017c zosta\u0142 wykonany prawid\u0142owo.<\/p>\n<h2>Typowe zadania konserwacyjne<\/h2>\n<ul>\n<li><strong>Regularne kontrole:<\/strong> Regularne kontrole zu\u017cycia i funkcjonalno\u015bci mog\u0105 pom\u00f3c zapobiec nieoczekiwanym awariom. Obejmuje to sprawdzenie uszczelek i przewod\u00f3w hydraulicznych pod k\u0105tem wyciek\u00f3w i uszkodze\u0144.<\/li>\n<li><strong>W\u0142a\u015bciwe smarowanie:<\/strong> Utrzymanie prawid\u0142owego smarowania si\u0142ownika hydraulicznego jest niezb\u0119dne dla zmniejszenia tarcia i zu\u017cycia. Regularnie sprawdzaj i uzupe\u0142niaj olej hydrauliczny w razie potrzeby.<\/li>\n<li><strong>Wymiana uszczelki:<\/strong> Regularnie sprawdzaj stan uszczelnie\u0144 i wymieniaj je, aby zachowa\u0107 integralno\u015b\u0107 hydrauliczn\u0105 i wydajno\u015b\u0107. Utrzymanie sprawno\u015bci uszczelnie\u0144 jest kluczowe dla wydajnej pracy.<\/li>\n<\/ul>\n<h2>Zagadnienia bezpiecze\u0144stwa i czynniki \u015brodowiskowe<\/h2>\n<p>Podczas obs\u0142ugi cylindr\u00f3w hydraulicznych, wdra\u017canie \u015brodk\u00f3w bezpiecze\u0144stwa jest niezb\u0119dne, aby chroni\u0107 zar\u00f3wno operatora, jak i \u015brodowisko. Obejmuje to zapewnienie, \u017ce wszystkie os\u0142ony bezpiecze\u0144stwa s\u0105 na swoim miejscu i \u017ce operatorzy s\u0105 przeszkoleni w zakresie bezpiecznych procedur obs\u0142ugi. Regularne kontrole konserwacyjne mog\u0105 ujawni\u0107 potencjalne zagro\u017cenia, takie jak wycieki lub zu\u017cyte cz\u0119\u015bci, kt\u00f3re mog\u0105 stanowi\u0107 zagro\u017cenie dla bezpiecze\u0144stwa.<\/p>\n<h2>Rozwi\u0105zywanie problem\u00f3w i typowe problemy<\/h2>\n<ul>\n<li><strong>Wyciek hydrauliczny:<\/strong> Jednym z cz\u0119stych problem\u00f3w jest wyciek p\u0142ynu hydraulicznego, kt\u00f3ry mo\u017ce wyst\u0105pi\u0107 z powodu zu\u017cytych uszczelek lub nieprawid\u0142owych po\u0142\u0105cze\u0144. Regularne kontrole pozwalaj\u0105 na wczesne wykrycie wyciek\u00f3w i szybk\u0105 napraw\u0119.<\/li>\n<li><strong>S\u0142aba wydajno\u015b\u0107:<\/strong> Je\u015bli si\u0142ownik wysi\u0119gnika nie wysuwa si\u0119 ani nie chowa p\u0142ynnie, mo\u017ce to oznacza\u0107 niski poziom p\u0142ynu hydraulicznego lub uszkodzenie wewn\u0119trzne. Sprawd\u017a poziom p\u0142ynu i sprawd\u017a elementy wewn\u0119trzne pod k\u0105tem zu\u017cycia lub uszkodze\u0144.<\/li>\n<li><strong>Ha\u0142as podczas pracy:<\/strong> Nietypowe d\u017awi\u0119ki mog\u0105 sygnalizowa\u0107 problemy mechaniczne w cylindrze. Wczesne zaj\u0119cie si\u0119 tymi problemami mo\u017ce zapobiec dalszym uszkodzeniom i zapewni\u0107 bezpieczn\u0105 eksploatacj\u0119.<\/li>\n<\/ul>\n<p>Aby zminimalizowa\u0107 potencjalne problemy, konieczne jest wdro\u017cenie \u015brodk\u00f3w zapobiegawczych, takich jak rutynowa konserwacja i stosowanie wysokiej jako\u015bci p\u0142yn\u00f3w hydraulicznych, aby zapewni\u0107 d\u0142ug\u0105 \u017cywotno\u015b\u0107 si\u0142ownika wysi\u0119gnika.<\/p>\n<p><img decoding=\"async\" src=\"https:\/\/www.hydraulic-cylinders.net\/wp-content\/uploads\/2025\/04\/songte-bushings-with-all-kinds-of-excavator-models.webp\" alt=\"Tuleje koparki\" \/><\/p>\n<h2>O naszej firmie<\/h2>\n<p>Jeste\u015bmy wiod\u0105cym producentem i hurtowym dystrybutorem si\u0142ownik\u00f3w hydraulicznych, specjalizuj\u0105cym si\u0119 w dostarczaniu wysokiej jako\u015bci rozwi\u0105za\u0144 zamiennych. Nasza szeroka gama produkt\u00f3w zapewni\u0142a nam pozycj\u0119 czo\u0142owego gracza na rynku krajowym i mi\u0119dzynarodowym. Przestrzegamy rygorystycznych standard\u00f3w jako\u015bci, wykorzystuj\u0105c zaawansowane strategie produkcyjne, wykwalifikowany personel techniczny i zaawansowane systemy kontroli, aby zwi\u0119kszy\u0107 nasze mo\u017cliwo\u015bci produkcyjne.<\/p>\n<p>Nasze d\u0105\u017cenie do doskona\u0142o\u015bci przejawia si\u0119 w wysokiej wydajno\u015bci, precyzji i jako\u015bci, co pozwala nam sprosta\u0107 zr\u00f3\u017cnicowanym potrzebom klient\u00f3w. Oferujemy specjalistyczne us\u0142ugi, mi\u0119dzynarodowe certyfikaty i rozwi\u0105zania dostosowane do indywidualnych potrzeb, gwarantuj\u0105c naszym klientom najwy\u017cszy standard cylindr\u00f3w hydraulicznych i wsparcia.<\/p>\n<p><img decoding=\"async\" src=\"https:\/\/www.hydraulic-cylinders.net\/wp-content\/uploads\/2025\/04\/songte-company-4.webp\" alt=\"Obraz firmy 1\" \/><br \/>\n<img decoding=\"async\" src=\"https:\/\/www.hydraulic-cylinders.net\/wp-content\/uploads\/2025\/04\/songte-company-3.webp\" alt=\"Obraz firmy 2\" \/><\/p>\n<p>Autor: lyl<\/p>","protected":false},"excerpt":{"rendered":"<p>Boom Cylinder For TLS HDE18 Product Overview The Boom Cylinder for TLS HDE18 is an essential hydraulic component specifically designed for controlling the movement of boom arms in various heavy machinery applications. This hydraulic cylinder is vital for excavators, backhoe loaders, and front-end loaders, enabling these machines to lift, lower, and tilt their buckets while [&hellip;]<\/p>","protected":false},"featured_media":17881,"comment_status":"open","ping_status":"closed","template":"","meta":{"_et_pb_use_builder":"","_et_pb_old_content":"","_et_gb_content_width":""},"product_brand":[],"product_cat":[1546],"product_tag":[1547,1496],"class_list":{"0":"post-19513","1":"product","2":"type-product","3":"status-publish","4":"has-post-thumbnail","6":"product_cat-boom-cylinders","7":"product_tag-boom-cylinders","8":"product_tag-hydraulic-cylinders","10":"first","11":"instock","12":"shipping-taxable","13":"product-type-simple"},"amp_enabled":true,"_links":{"self":[{"href":"https:\/\/www.hydraulic-cylinders.net\/pl\/wp-json\/wp\/v2\/product\/19513","targetHints":{"allow":["GET"]}}],"collection":[{"href":"https:\/\/www.hydraulic-cylinders.net\/pl\/wp-json\/wp\/v2\/product"}],"about":[{"href":"https:\/\/www.hydraulic-cylinders.net\/pl\/wp-json\/wp\/v2\/types\/product"}],"replies":[{"embeddable":true,"href":"https:\/\/www.hydraulic-cylinders.net\/pl\/wp-json\/wp\/v2\/comments?post=19513"}],"wp:featuredmedia":[{"embeddable":true,"href":"https:\/\/www.hydraulic-cylinders.net\/pl\/wp-json\/wp\/v2\/media\/17881"}],"wp:attachment":[{"href":"https:\/\/www.hydraulic-cylinders.net\/pl\/wp-json\/wp\/v2\/media?parent=19513"}],"wp:term":[{"taxonomy":"product_brand","embeddable":true,"href":"https:\/\/www.hydraulic-cylinders.net\/pl\/wp-json\/wp\/v2\/product_brand?post=19513"},{"taxonomy":"product_cat","embeddable":true,"href":"https:\/\/www.hydraulic-cylinders.net\/pl\/wp-json\/wp\/v2\/product_cat?post=19513"},{"taxonomy":"product_tag","embeddable":true,"href":"https:\/\/www.hydraulic-cylinders.net\/pl\/wp-json\/wp\/v2\/product_tag?post=19513"}],"curies":[{"name":"wp","href":"https:\/\/api.w.org\/{rel}","templated":true}]}}