{"id":19514,"date":"2025-04-07T06:51:47","date_gmt":"2025-04-07T06:51:47","guid":{"rendered":"https:\/\/www.hydraulic-cylinders.net\/product\/boom-cylinder-for-carter-ct18-7bs\/"},"modified":"2025-04-07T06:51:49","modified_gmt":"2025-04-07T06:51:49","slug":"boom-cylinder-for-carter-ct18-7bs","status":"publish","type":"product","link":"https:\/\/www.hydraulic-cylinders.net\/pl\/produkt\/boom-cylinder-for-carter-ct18-7bs\/","title":{"rendered":"Si\u0142ownik wysi\u0119gnika do Carter CT18-7BS"},"content":{"rendered":"<h1>Si\u0142ownik wysi\u0119gnika do Carter CT18-7BS<\/h1>\n<h2>Zrozumienie cylindra wysi\u0119gnika<\/h2>\n<p>Si\u0142ownik wysi\u0119gnika jest kluczowym elementem r\u00f3\u017cnych maszyn ci\u0119\u017ckich, zaprojektowanym specjalnie do sterowania ruchem \u0142y\u017cki koparki, koparko-\u0142adowarki i \u0142adowarki czo\u0142owej. Jako rodzaj si\u0142ownika hydraulicznego, odgrywa on kluczow\u0105 rol\u0119 w podnoszeniu, opuszczaniu i przechylaniu, usprawniaj\u0105c tym samym zadania zwi\u0105zane z prze\u0142adunkiem materia\u0142\u00f3w. Funkcja si\u0142ownika wysi\u0119gnika wykracza poza zwyk\u0142y ruch; pomaga on uzyska\u0107 precyzyjn\u0105 kontrol\u0119 nad osprz\u0119tem, co jest niezb\u0119dne do efektywnej pracy w wymagaj\u0105cych warunkach.<\/p>\n<p><img decoding=\"async\" src=\"https:\/\/www.hydraulic-cylinders.net\/wp-content\/uploads\/2025\/04\/songte-company-1.webp\" alt=\"Obraz cylindra wysi\u0119gnika\"><\/p>\n<h3>G\u0142\u00f3wne cechy cylindra wysi\u0119gnika<\/h3>\n<ul>\n<li><strong>Wysoka wytrzyma\u0142o\u015b\u0107 i trwa\u0142o\u015b\u0107:<\/strong> Wykonane z wytrzyma\u0142ej stali lub aluminium, zaprojektowane tak, aby wytrzyma\u0107 du\u017ce ci\u015bnienie i du\u017ce obci\u0105\u017cenia, a jednocze\u015bnie przystosowane do trudnych warunk\u00f3w pracy.<\/li>\n<li><strong>Wydajna praca uk\u0142adu hydraulicznego:<\/strong> Wykorzystuje ci\u015bnienie p\u0142ynu hydraulicznego, aby umo\u017cliwi\u0107 p\u0142ynne wysuwanie i wsuwanie, szybko reaguje na polecenia operacyjne i zapewnia znaczn\u0105 si\u0142\u0119 pchania i ci\u0105gni\u0119cia.<\/li>\n<li><strong>R\u00f3\u017cne typy:<\/strong> Dost\u0119pne w wersji jednostronnego dzia\u0142ania (dzia\u0142aj\u0105cej w jednym kierunku) lub dwustronnego dzia\u0142ania (dzia\u0142aj\u0105cej w obu kierunkach), spe\u0142niaj\u0105ce r\u00f3\u017cne potrzeby operacyjne. Niekt\u00f3re modele s\u0105 teleskopowe, co pozwala na wi\u0119ksze wyd\u0142u\u017cenie bez zwi\u0119kszania wymiar\u00f3w zewn\u0119trznych.<\/li>\n<\/ul>\n<h2>Nasze mo\u017cliwo\u015bci produkcyjne<\/h2>\n<p>Z dum\u0105 produkujemy te si\u0142owniki wysi\u0119gnika, stanowi\u0105ce doskona\u0142y zamiennik istniej\u0105cych si\u0142ownik\u00f3w hydraulicznych w r\u00f3\u017cnych zastosowaniach.<\/p>\n<p><img decoding=\"async\" src=\"https:\/\/www.hydraulic-cylinders.net\/wp-content\/uploads\/2025\/04\/songte-cylinder-head-with-all-kinds-excavator-models.webp\" alt=\"Obraz g\u0142owicy cylindra\"><\/p>\n<h3>Zastosowania cylindra wysi\u0119gnika<\/h3>\n<ul>\n<li><strong>Sprz\u0119t budowlany:<\/strong> Znajduj\u0105ce si\u0119 w koparkach si\u0142owniki wysi\u0119gnika s\u0105 niezb\u0119dne do kopania, za\u0142adunku i przemieszczania gleby lub gruzu. W koparko-\u0142adowarkach u\u0142atwiaj\u0105 zar\u00f3wno kopanie, jak i podnoszenie, co czyni je niezb\u0119dnymi w pracach budowlanych.<\/li>\n<li><strong>Maszyny rolnicze:<\/strong> Si\u0142owniki te, stosowane w \u0142adowarkach czo\u0142owych, pomagaj\u0105 w nabieraniu, podnoszeniu i transporcie gleby, siana i innych materia\u0142\u00f3w, zwi\u0119kszaj\u0105c wydajno\u015b\u0107 w zastosowaniach rolniczych.<\/li>\n<li><strong>Koparki:<\/strong> Si\u0142ownik wysi\u0119gnika umo\u017cliwia zag\u0142\u0119bianie si\u0119 \u0142y\u017cki w pod\u0142o\u017ce, umo\u017cliwiaj\u0105c efektywne kopanie. Odgrywa on kluczow\u0105 rol\u0119 w zapewnieniu wydajnego wykonywania zada\u0144 przez kopark\u0119.<\/li>\n<li><strong>\u0141adowarki:<\/strong> W \u0142adowarkach czo\u0142owych si\u0142owniki wysi\u0119gnika odpowiadaj\u0105 za podnoszenie i zrzucanie \u0142adunk\u00f3w, gwarantuj\u0105c efektywne przenoszenie materia\u0142u w trakcie pracy.<\/li>\n<\/ul>\n<h2>Zagadnienia projektowe i kryteria wyboru<\/h2>\n<ul>\n<li><strong>No\u015bno\u015b\u0107:<\/strong> Si\u0142ownik wysi\u0119gnika musi by\u0107 zaprojektowany do obs\u0142ugi okre\u015blonego ud\u017awigu, aby zapewni\u0107 bezpieczn\u0105 i efektywn\u0105 prac\u0119. Przeci\u0105\u017cenie mo\u017ce prowadzi\u0107 do powa\u017cnych awarii, dlatego wyb\u00f3r si\u0142ownika spe\u0142niaj\u0105cego wymagania danego zadania jest niezwykle wa\u017cny.<\/li>\n<li><strong>Jako\u015b\u0107 uszczelnienia:<\/strong> Skuteczne uszczelnienie jest kluczowe w uk\u0142adach hydraulicznych, aby zapobiega\u0107 wyciekom i utrzymywa\u0107 ci\u015bnienie. Wysokiej jako\u015bci uszczelki zapewniaj\u0105 trwa\u0142o\u015b\u0107 i wydajno\u015b\u0107 cylindra, zmniejszaj\u0105c potrzeb\u0119 cz\u0119stej konserwacji.<\/li>\n<li><strong>Trwa\u0142o\u015b\u0107:<\/strong> Materia\u0142y u\u017cyte do budowy musz\u0105 by\u0107 odporne na zu\u017cycie i korozj\u0119, aby mie\u0107 pewno\u015b\u0107, \u017ce cylinder wytrzyma d\u0142ugotrwa\u0142e u\u017cytkowanie w trudnych warunkach bez znacz\u0105cej degradacji.<\/li>\n<li><strong>Funkcje bezpiecze\u0144stwa:<\/strong> Aby zapobiec wypadkom i zapewni\u0107 bezpieczn\u0105 eksploatacj\u0119, konstrukcja musi zawiera\u0107 mechanizmy bezpiecze\u0144stwa. Obejmuje to takie funkcje, jak zawory bezpiecze\u0144stwa i funkcje zatrzymania awaryjnego.<\/li>\n<li><strong>Dost\u0119pno\u015b\u0107 konserwacyjna:<\/strong> Projekt powinien umo\u017cliwia\u0107 \u0142atwy dost\u0119p do podzespo\u0142\u00f3w w celu przeprowadzania rutynowej konserwacji, co pozwoli na wykonywanie prac konserwacyjnych bez nadmiernych przestoj\u00f3w.<\/li>\n<\/ul>\n<p><img decoding=\"async\" src=\"https:\/\/www.hydraulic-cylinders.net\/wp-content\/uploads\/2025\/04\/songte-oil-pipes-and-spare-parts.webp\" alt=\"Obraz rur naftowych\"><\/p>\n<h2>Uszczelnienie i smarowanie cylindra<\/h2>\n<p>Si\u0142ownik wysi\u0119gnika wykorzystuje r\u00f3\u017cne elementy uszczelniaj\u0105ce, takie jak uszczelnienia t\u0142oka i t\u0142oczyska, cz\u0119sto wykonane z materia\u0142\u00f3w odpornych na zu\u017cycie, takich jak poliuretan i kauczuk nitrylowy. Korpus si\u0142ownika i gwintowane powierzchnie ko\u0144cowe s\u0105 precyzyjnie obrabiane w celu zwi\u0119kszenia trwa\u0142o\u015bci. Regularne smarowanie olejem hydraulicznym jest niezb\u0119dne dla zapewnienia p\u0142ynnej pracy i zapobiegania zu\u017cyciu spowodowanemu tarciem.<\/p>\n<h2>\u015arodki konserwacji zapobiegawczej<\/h2>\n<ul>\n<li>Regularnie przeprowadzaj kontrole, aby wcze\u015bnie wykry\u0107 oznaki zu\u017cycia lub uszkodze\u0144.<\/li>\n<li>Nale\u017cy zadba\u0107 o odpowiednie smarowanie w celu zmniejszenia tarcia i zu\u017cycia.<\/li>\n<li>W razie potrzeby wymie\u0144 uszczelki, aby zapobiec przeciekom i utrzyma\u0107 integralno\u015b\u0107 ci\u015bnienia.<\/li>\n<\/ul>\n<h2>Wytyczne dotycz\u0105ce instalacji<\/h2>\n<p>Prawid\u0142owy monta\u017c si\u0142ownika wysi\u0119gnika ma kluczowe znaczenie dla optymalnej wydajno\u015bci. Zacznij od upewnienia si\u0119, \u017ce miejsce jest czyste i wolne od zanieczyszcze\u0144. Dok\u0142adnie ustaw si\u0142ownik wzgl\u0119dem punkt\u00f3w mocowania, u\u017cywaj\u0105c odpowiednich wspornik\u00f3w monta\u017cowych, aby go zabezpieczy\u0107. Dokr\u0119\u0107 wszystkie elementy mocuj\u0105ce zgodnie ze specyfikacj\u0105 producenta, aby unikn\u0105\u0107 wibracji lub przesuni\u0119cia podczas pracy. Przed rozpocz\u0119ciem pracy upewnij si\u0119, \u017ce wszystkie po\u0142\u0105czenia hydrauliczne s\u0105 szczelne, sprawdzaj\u0105c uszczelki i z\u0142\u0105cza.<\/p>\n<h3>Typowe zadania konserwacyjne<\/h3>\n<ul>\n<li><strong>Regularne kontrole:<\/strong> Aby zachowa\u0107 funkcjonalno\u015b\u0107, konieczne jest przeprowadzanie regularnych kontroli w celu wykrycia wyciek\u00f3w, zu\u017cycia i sprawdzenia og\u00f3lnego stanu urz\u0105dzenia.<\/li>\n<li><strong>Prawid\u0142owe smarowanie:<\/strong> Regularne smarowanie zapobiega zu\u017cyciu i wyd\u0142u\u017ca \u017cywotno\u015b\u0107 cylindra.<\/li>\n<li><strong>Wymiana uszczelki:<\/strong> Regularna wymiana uszczelek zapewnia wydajno\u015b\u0107 i zapobiega wyciekom p\u0142ynu, zachowuj\u0105c wydajno\u015b\u0107 cylindra.<\/li>\n<\/ul>\n<h2>Zagadnienia bezpiecze\u0144stwa i czynniki \u015brodowiskowe<\/h2>\n<p>Podczas pracy z si\u0142ownikami hydraulicznymi \u015brodki bezpiecze\u0144stwa maj\u0105 kluczowe znaczenie. Operatorzy powinni by\u0107 przeszkoleni w zakresie zagro\u017ce\u0144 zwi\u0105zanych z uk\u0142adami hydraulicznymi i przestrzega\u0107 protoko\u0142\u00f3w bezpiecze\u0144stwa, aby unikn\u0105\u0107 wypadk\u00f3w. Czynniki \u015brodowiskowe, takie jak nara\u017cenie na ekstremalne temperatury i substancje \u017cr\u0105ce, mog\u0105 wp\u0142ywa\u0107 na integralno\u015b\u0107 i wydajno\u015b\u0107 si\u0142ownika wysi\u0119gnika, dlatego nale\u017cy wzi\u0105\u0107 pod uwag\u0119 w\u0142a\u015bciwy dob\u00f3r materia\u0142\u00f3w i kwestie konstrukcyjne.<\/p>\n<h2>Diagnostyka usterek i typowe problemy<\/h2>\n<ul>\n<li><strong>Przeciek:<\/strong> Najcz\u0119stsze przyczyny to zu\u017cyte uszczelki lub uszkodzone okucia. Regularne kontrole mog\u0105 pom\u00f3c w szybkiej identyfikacji i rozwi\u0105zaniu tych problem\u00f3w.<\/li>\n<li><strong>S\u0142aba wydajno\u015b\u0107:<\/strong> Niedostateczny poziom oleju lub zanieczyszczenie mog\u0105 prowadzi\u0107 do spowolnienia pracy. Zapewnienie prawid\u0142owego poziomu i jako\u015bci p\u0142yn\u00f3w jest kluczowe dla efektywnego dzia\u0142ania.<\/li>\n<li><strong>Przegrzanie:<\/strong> Mo\u017ce to by\u0107 spowodowane nadmiernym obci\u0105\u017ceniem lub niedostatecznym smarowaniem. Monitorowanie temperatury i zapewnienie odpowiedniego smarowania mo\u017ce zminimalizowa\u0107 to ryzyko.<\/li>\n<\/ul>\n<h3>Wskaz\u00f3wki dotycz\u0105ce rozwi\u0105zywania problem\u00f3w<\/h3>\n<p>Aby skutecznie diagnozowa\u0107 i rozwi\u0105zywa\u0107 problemy, operatorzy powinni przeprowadza\u0107 dok\u0142adne kontrole, utrzymywa\u0107 odpowiedni poziom p\u0142yn\u00f3w i w razie potrzeby wymienia\u0107 zu\u017cyte podzespo\u0142y. \u015arodki zapobiegawcze, takie jak regularna konserwacja i prawid\u0142owe praktyki operacyjne, mog\u0105 znacznie ograniczy\u0107 wyst\u0119powanie potencjalnych problem\u00f3w.<\/p>\n<p><img decoding=\"async\" src=\"https:\/\/www.hydraulic-cylinders.net\/wp-content\/uploads\/2025\/04\/songte-bushings-with-all-kinds-of-excavator-models.webp\" alt=\"Obraz tulei\"><\/p>\n<h2>O naszej firmie<\/h2>\n<p>Jeste\u015bmy wiod\u0105cym producentem i hurtowym dystrybutorem zamiennych si\u0142ownik\u00f3w hydraulicznych, d\u0105\u017c\u0105c do zapewnienia najwy\u017cszej jako\u015bci. Nasza zr\u00f3\u017cnicowana oferta produktowa zapewni\u0142a nam pozycj\u0119 czo\u0142owego gracza na rynku krajowym i mi\u0119dzynarodowym. Dzi\u0119ki udoskonalonym strategiom produkcyjnym, wykorzystujemy zaawansowane technologie i wykwalifikowany personel, aby zwi\u0119kszy\u0107 nasze mo\u017cliwo\u015bci produkcyjne, gwarantuj\u0105c wysok\u0105 wydajno\u015b\u0107 i precyzj\u0119 w zaspokajaniu r\u00f3\u017cnorodnych potrzeb klient\u00f3w.<\/p>\n<h3>Nasza wiedza specjalistyczna<\/h3>\n<ul>\n<li><strong>Profesjonalizm:<\/strong> Nasz zesp\u00f3\u0142 sk\u0142ada si\u0119 z ekspert\u00f3w w dziedzinie uk\u0142ad\u00f3w hydraulicznych, co gwarantuje, \u017ce wszystkie produkty spe\u0142niaj\u0105 rygorystyczne normy wydajno\u015bci.<\/li>\n<li><strong>Certyfikaty mi\u0119dzynarodowe:<\/strong> Spe\u0142niamy \u015bwiatowe standardy, co gwarantuje niezawodno\u015b\u0107 i bezpiecze\u0144stwo naszych produkt\u00f3w.<\/li>\n<li><strong>Rozwi\u0105zania niestandardowe:<\/strong> Oferujemy produkty dostosowane do indywidualnych potrzeb klient\u00f3w, buduj\u0105c d\u0142ugoterminowe partnerstwa.<\/li>\n<li><strong>Zaawansowany sprz\u0119t produkcyjny:<\/strong> Wykorzystuj\u0105c najnowocze\u015bniejsze maszyny, zwi\u0119kszamy wydajno\u015b\u0107 produkcji i jako\u015b\u0107 produkt\u00f3w.<\/li>\n<li><strong>Wsparcie posprzeda\u017cowe:<\/strong> Nasze zaanga\u017cowanie wykracza poza sprzeda\u017c, zapewniaj\u0105c naszym klientom kompleksowe wsparcie i serwis.<\/li>\n<\/ul>\n<p><img decoding=\"async\" src=\"https:\/\/www.hydraulic-cylinders.net\/wp-content\/uploads\/2025\/04\/songte-company-4.webp\" alt=\"Wizerunek firmy\"><br \/>\n<img decoding=\"async\" src=\"https:\/\/www.hydraulic-cylinders.net\/wp-content\/uploads\/2025\/04\/songte-company-3.webp\" alt=\"Wizerunek firmy\"><\/p>\n<p>Autor: lyl<\/p>","protected":false},"excerpt":{"rendered":"<p>Boom Cylinder For Carter CT18-7BS Understanding the Boom Cylinder The boom cylinder is a crucial component in various heavy machinery, specifically designed for controlling the movement of the bucket in excavators, backhoes, and front loaders. As a type of hydraulic cylinder, it plays a vital role in facilitating lifting, lowering, and tilting actions, thereby enhancing [&hellip;]<\/p>","protected":false},"featured_media":17867,"comment_status":"open","ping_status":"closed","template":"","meta":{"_et_pb_use_builder":"","_et_pb_old_content":"","_et_gb_content_width":""},"product_brand":[],"product_cat":[1546],"product_tag":[1547,1496],"class_list":{"0":"post-19514","1":"product","2":"type-product","3":"status-publish","4":"has-post-thumbnail","6":"product_cat-boom-cylinders","7":"product_tag-boom-cylinders","8":"product_tag-hydraulic-cylinders","10":"first","11":"instock","12":"shipping-taxable","13":"product-type-simple"},"amp_enabled":true,"_links":{"self":[{"href":"https:\/\/www.hydraulic-cylinders.net\/pl\/wp-json\/wp\/v2\/product\/19514","targetHints":{"allow":["GET"]}}],"collection":[{"href":"https:\/\/www.hydraulic-cylinders.net\/pl\/wp-json\/wp\/v2\/product"}],"about":[{"href":"https:\/\/www.hydraulic-cylinders.net\/pl\/wp-json\/wp\/v2\/types\/product"}],"replies":[{"embeddable":true,"href":"https:\/\/www.hydraulic-cylinders.net\/pl\/wp-json\/wp\/v2\/comments?post=19514"}],"wp:featuredmedia":[{"embeddable":true,"href":"https:\/\/www.hydraulic-cylinders.net\/pl\/wp-json\/wp\/v2\/media\/17867"}],"wp:attachment":[{"href":"https:\/\/www.hydraulic-cylinders.net\/pl\/wp-json\/wp\/v2\/media?parent=19514"}],"wp:term":[{"taxonomy":"product_brand","embeddable":true,"href":"https:\/\/www.hydraulic-cylinders.net\/pl\/wp-json\/wp\/v2\/product_brand?post=19514"},{"taxonomy":"product_cat","embeddable":true,"href":"https:\/\/www.hydraulic-cylinders.net\/pl\/wp-json\/wp\/v2\/product_cat?post=19514"},{"taxonomy":"product_tag","embeddable":true,"href":"https:\/\/www.hydraulic-cylinders.net\/pl\/wp-json\/wp\/v2\/product_tag?post=19514"}],"curies":[{"name":"wp","href":"https:\/\/api.w.org\/{rel}","templated":true}]}}