{"id":19515,"date":"2025-04-07T06:51:49","date_gmt":"2025-04-07T06:51:49","guid":{"rendered":"https:\/\/www.hydraulic-cylinders.net\/product\/boom-cylinder-for-carter-ct60-8a-8b\/"},"modified":"2025-04-07T06:51:52","modified_gmt":"2025-04-07T06:51:52","slug":"boom-cylinder-for-carter-ct60-8a-8b","status":"publish","type":"product","link":"https:\/\/www.hydraulic-cylinders.net\/pl\/produkt\/boom-cylinder-for-carter-ct60-8a-8b\/","title":{"rendered":"Si\u0142ownik wysi\u0119gnika do Carter CT60-8A-8B"},"content":{"rendered":"<h1>Si\u0142ownik wysi\u0119gnika do Carter CT60-8A-8B<\/h1>\n<h2>Wprowadzenie do cylindra wysi\u0119gnika<\/h2>\n<p>Si\u0142ownik wysi\u0119gnika to specjalistyczny si\u0142ownik hydrauliczny przeznaczony do sterowania ruchem \u0142y\u017cek w r\u00f3\u017cnych maszynach ci\u0119\u017ckich, takich jak koparki, koparko-\u0142adowarki i \u0142adowarki czo\u0142owe. Ten element hydrauliczny umo\u017cliwia podnoszenie, opuszczanie i przechylanie \u0142y\u017cki, u\u0142atwiaj\u0105c przenoszenie materia\u0142\u00f3w w budownictwie i rolnictwie. Si\u0142ownik \u0142y\u017cki odgrywa kluczow\u0105 rol\u0119 w uk\u0142adzie hydraulicznym, zapewniaj\u0105c p\u0142ynn\u0105 i wydajn\u0105 prac\u0119 podczas podnoszenia ci\u0119\u017ckich \u0142adunk\u00f3w.<\/p>\n<p><img decoding=\"async\" src=\"https:\/\/www.hydraulic-cylinders.net\/wp-content\/uploads\/2025\/04\/songte-company-1.webp\" alt=\"Si\u0142ownik wysi\u0119gnika\" \/><\/p>\n<h2>Cechy cylindra wysi\u0119gnika<\/h2>\n<ul>\n<li>\n<h3>Wysoka wytrzyma\u0142o\u015b\u0107 i trwa\u0142o\u015b\u0107<\/h3>\n<p>    Zazwyczaj wykonane z wysokowytrzyma\u0142ej stali lub aluminium, te cylindry s\u0105 zaprojektowane tak, aby wytrzymywa\u0107 wysokie ci\u015bnienia i du\u017ce obci\u0105\u017cenia, dzi\u0119ki czemu nadaj\u0105 si\u0119 do pracy w trudnych warunkach. Ich konstrukcja zapewnia r\u00f3wnie\u017c odporno\u015b\u0107 na zu\u017cycie i korozj\u0119, co wyd\u0142u\u017ca ich \u017cywotno\u015b\u0107.<\/li>\n<li>\n<h3>Wydajna praca hydrauliczna<\/h3>\n<p>    Wykorzystuj\u0105c ci\u015bnienie oleju hydraulicznego, si\u0142ownik wysi\u0119gnika umo\u017cliwia p\u0142ynne wysuwanie i wsuwanie, szybko reaguje na polecenia operatora i zapewnia du\u017c\u0105 si\u0142\u0119 pchania i ci\u0105gni\u0119cia. Dzi\u0119ki temu idealnie nadaj\u0105 si\u0119 do przenoszenia ci\u0119\u017ckich materia\u0142\u00f3w i wykonywania skomplikowanych zada\u0144.<\/li>\n<li>\n<h3>R\u00f3\u017cne typy<\/h3>\n<p>    Si\u0142owniki wysi\u0119gnika mo\u017cna dobra\u0107 w zale\u017cno\u015bci od potrzeb, w tym jednostronnego dzia\u0142ania (wykorzystuj\u0105c si\u0142\u0119 hydrauliczn\u0105 w jednym kierunku) lub dwustronnego dzia\u0142ania (wykorzystuj\u0105c si\u0142\u0119 hydrauliczn\u0105 w obu kierunkach). Niekt\u00f3re modele s\u0105 teleskopowe, co pozwala na wi\u0119ksze wysuni\u0119cie bez zwi\u0119kszania wymiar\u00f3w zewn\u0119trznych, co sprawdza si\u0119 w zastosowaniach o ograniczonej przestrzeni.<\/li>\n<\/ul>\n<h2>Mo\u017cliwo\u015bci produkcyjne<\/h2>\n<p>Jeste\u015bmy w stanie wyprodukowa\u0107 ten si\u0142ownik wysi\u0119gnika z precyzj\u0105 i jako\u015bci\u0105, kt\u00f3ra pozwoli mu doskonale zast\u0105pi\u0107 istniej\u0105ce si\u0142owniki hydrauliczne.<\/p>\n<p><img decoding=\"async\" src=\"https:\/\/www.hydraulic-cylinders.net\/wp-content\/uploads\/2025\/04\/songte-cylinder-head-with-all-kinds-excavator-models.webp\" alt=\"Mo\u017cliwo\u015bci produkcyjne\" \/><\/p>\n<h2>Zastosowania cylindra wysi\u0119gnika<\/h2>\n<h3>Sprz\u0119t budowlany<\/h3>\n<p>W koparkach si\u0142owniki wysi\u0119gnika s\u0105 niezb\u0119dne do kopania, za\u0142adunku i przemieszczania ziemi lub gruzu. Odgrywaj\u0105 kluczow\u0105 rol\u0119 w umo\u017cliwieniu skutecznej penetracji gruntu przez \u0142y\u017ck\u0119, co umo\u017cliwia sprawne wykopy i transport materia\u0142u.<\/p>\n<h3>Maszyny rolnicze<\/h3>\n<p>W \u0142adowarkach czo\u0142owych si\u0142owniki wysi\u0119gnika wspomagaj\u0105 nabieranie, podnoszenie i transport ziemi, siana i innych materia\u0142\u00f3w. Ich niezawodna praca ma kluczowe znaczenie dla optymalizacji prac rolniczych i zwi\u0119kszenia wydajno\u015bci gospodarstw rolnych.<\/p>\n<h3>Koparki<\/h3>\n<p>Si\u0142ownik wysi\u0119gnika umo\u017cliwia koparkom wykonywanie prac kopania, umo\u017cliwiaj\u0105c \u0142y\u017cce \u0142atwe zag\u0142\u0119bianie si\u0119 w gleb\u0119. Ta funkcjonalno\u015b\u0107 jest niezb\u0119dna w przypadku r\u00f3\u017cnych projekt\u00f3w budowlanych i ogrodniczych.<\/p>\n<h3>\u0141adowarki<\/h3>\n<p>W \u0142adowarkach czo\u0142owych si\u0142ownik wysi\u0119gnika wspomaga efektywne podnoszenie i zrzucanie materia\u0142\u00f3w. Jest to kluczowe na placach budowy, gdzie konieczne jest sprawne przemieszczanie ci\u0119\u017ckich materia\u0142\u00f3w.<\/p>\n<h2>Zagadnienia projektowe i kryteria wyboru<\/h2>\n<ul>\n<li>\n<h3>No\u015bno\u015b\u0107<\/h3>\n<p>    Przy wyborze si\u0142ownika wysi\u0119gnika kluczowe jest zrozumienie jego ud\u017awigu. Si\u0142ownik musi by\u0107 w stanie wytrzyma\u0107 maksymalne obci\u0105\u017cenie, jakiemu b\u0119dzie poddawany podczas pracy, bez uszczerbku dla bezpiecze\u0144stwa i wydajno\u015bci. Aby upewni\u0107 si\u0119, \u017ce si\u0142ownik ma odpowiednie parametry do danego zastosowania, nale\u017cy wzi\u0105\u0107 pod uwag\u0119 takie czynniki, jak ci\u0119\u017car przenoszonych materia\u0142\u00f3w i nachylenie terenu.<\/h3>\n<\/li>\n<li>\n<h3>Opiecz\u0119towanie<\/h3>\n<p>    Systemy uszczelnie\u0144 stosowane w si\u0142ownikach wysi\u0119gnika maj\u0105 fundamentalne znaczenie dla ich wydajno\u015bci. Wysokiej jako\u015bci uszczelnienia zapobiegaj\u0105 wyciekom p\u0142ynu hydraulicznego, kt\u00f3re mog\u0105 prowadzi\u0107 do obni\u017cenia wydajno\u015bci i potencjalnego uszkodzenia si\u0142ownika. R\u00f3\u017cne materia\u0142y uszczelniaj\u0105ce, takie jak poliuretan i kauczuk nitrylowy, s\u0105 dobierane ze wzgl\u0119du na ich trwa\u0142o\u015b\u0107 i odporno\u015b\u0107 na zu\u017cycie, co zapewnia d\u0142ug\u0105 \u017cywotno\u015b\u0107 si\u0142ownika.<\/h3>\n<\/li>\n<li>\n<h3>Trwa\u0142o\u015b\u0107<\/h3>\n<p>    Materia\u0142y u\u017cyte do produkcji si\u0142ownik\u00f3w wysi\u0119gnika maj\u0105 ogromny wp\u0142yw na ich trwa\u0142o\u015b\u0107. Materia\u0142y o wysokiej wytrzyma\u0142o\u015bci s\u0105 niezb\u0119dne do wytrzymywania trudnych warunk\u00f3w pracy i napr\u0119\u017ce\u0144 mechanicznych. Regularna ocena zu\u017cycia mo\u017ce pom\u00f3c w okre\u015bleniu, kiedy si\u0142ownik wymaga serwisu lub wymiany.<\/h3>\n<\/li>\n<li>\n<h3>Bezpiecze\u0144stwo<\/h3>\n<p>    Funkcje bezpiecze\u0144stwa, takie jak zawory bezpiecze\u0144stwa i blokady bezpiecze\u0144stwa, s\u0105 istotnymi elementami konstrukcji si\u0142ownik\u00f3w wysi\u0119gnika. Pomagaj\u0105 one zapobiega\u0107 wypadkom podczas pracy, zapewniaj\u0105c spok\u00f3j ducha operatorom pracuj\u0105cym z ci\u0119\u017ckim sprz\u0119tem.<\/h3>\n<\/li>\n<li>\n<h3>Konserwacja<\/h3>\n<p>    Wyb\u00f3r si\u0142ownika wysi\u0119gnika zaprojektowanego z my\u015bl\u0105 o \u0142atwej konserwacji mo\u017ce znacznie skr\u00f3ci\u0107 przestoje. Funkcje u\u0142atwiaj\u0105ce szybkie przegl\u0105dy, smarowanie i wymian\u0119 uszczelnie\u0144 mog\u0105 wyd\u0142u\u017cy\u0107 \u017cywotno\u015b\u0107 si\u0142ownika, zapewniaj\u0105c jego sprawne dzia\u0142anie przez d\u0142u\u017cszy czas.<\/h3>\n<\/li>\n<\/ul>\n<p><img decoding=\"async\" src=\"https:\/\/www.hydraulic-cylinders.net\/wp-content\/uploads\/2025\/04\/songte-oil-pipes-and-spare-parts.webp\" alt=\"Rozwa\u017cania projektowe\" \/><\/p>\n<h2>Uszczelnienie i smarowanie cylindra<\/h2>\n<p>Skuteczne uszczelnienie ma kluczowe znaczenie dla wydajno\u015bci si\u0142ownik\u00f3w wysi\u0119gnika. R\u00f3\u017cne elementy uszczelniaj\u0105ce, takie jak uszczelnienia t\u0142oczysk i t\u0142oczysk, s\u0142u\u017c\u0105 do zatrzymania p\u0142ynu hydraulicznego, zapobiegaj\u0105c jednocze\u015bnie przedostawaniu si\u0119 zanieczyszcze\u0144 zewn\u0119trznych do cylindra. Uszczelnienia wykonane z trwa\u0142ych materia\u0142\u00f3w, takich jak poliuretan i kauczuk nitrylowy, zapewniaj\u0105 odporno\u015b\u0107 na zu\u017cycie i trudne warunki pracy. Ponadto korpus si\u0142ownika i gwintowane powierzchnie ko\u0144cowe poddawane s\u0105 precyzyjnej obr\u00f3bce mechanicznej w celu zwi\u0119kszenia odporno\u015bci na zu\u017cycie. Regularne smarowanie olejem hydraulicznym jest niezb\u0119dne do zminimalizowania tarcia i zapewnienia p\u0142ynnej pracy ruchomych cz\u0119\u015bci.<\/p>\n<h2>Regularne kontrole i konserwacja zapobiegawcza<\/h2>\n<ul>\n<li>\n<h3>Rutynowe kontrole<\/h3>\n<p>    Przeprowadzanie rutynowych kontroli si\u0142ownika wysi\u0119gnika jest niezb\u0119dne do identyfikacji potencjalnych problem\u00f3w, zanim stan\u0105 si\u0119 one powa\u017cne. Obejmuje to sprawdzanie szczelno\u015bci, zu\u017cycia i uszkodze\u0144, kt\u00f3re mog\u0105 wskazywa\u0107 na ukryte usterki mechaniczne. Regularny monitoring zapewnia optymalny stan techniczny sprz\u0119tu, wyd\u0142u\u017caj\u0105c tym samym jego \u017cywotno\u015b\u0107.<\/h3>\n<\/li>\n<li>\n<h3>Odpowiednie smarowanie<\/h3>\n<p>    Prawid\u0142owe smarowanie cylindr\u00f3w hydraulicznych ma kluczowe znaczenie dla zmniejszenia tarcia i zu\u017cycia mi\u0119dzy ruchomymi cz\u0119\u015bciami. Aby utrzyma\u0107 wydajno\u015b\u0107 cylindra, nale\u017cy przestrzega\u0107 zalece\u0144 producenta dotycz\u0105cych cz\u0119stotliwo\u015bci i ilo\u015bci smarowania. Odpowiednie smarowanie nie tylko zapobiega przedwczesnemu zu\u017cyciu, ale tak\u017ce zwi\u0119ksza wydajno\u015b\u0107 uk\u0142adu hydraulicznego.<\/h3>\n<\/li>\n<li>\n<h3>Wymiana uszczelki<\/h3>\n<p>    Uszczelki s\u0105 cz\u0119stym elementem eksploatacyjnym w si\u0142ownikach hydraulicznych, a ich terminowa wymiana jest kluczowa dla unikni\u0119cia wyciek\u00f3w hydraulicznych. Regularna kontrola pod k\u0105tem oznak zu\u017cycia lub uszkodze\u0144 mo\u017ce pom\u00f3c w ustaleniu, kiedy nale\u017cy wymieni\u0107 uszczelki. Nale\u017cy przestrzega\u0107 odpowiednich procedur wymiany uszczelek, aby zapewni\u0107 szczelne dopasowanie i zapobiec przysz\u0142ym wyciekom.<\/h3>\n<\/li>\n<\/ul>\n<p><img decoding=\"async\" src=\"https:\/\/www.hydraulic-cylinders.net\/wp-content\/uploads\/2025\/04\/songte-chushion-collar.webp\" alt=\"Zadania konserwacyjne\" \/><\/p>\n<h2>Zagadnienia bezpiecze\u0144stwa i czynniki \u015brodowiskowe<\/h2>\n<p>Podczas pracy z uk\u0142adami hydraulicznymi \u015brodki bezpiecze\u0144stwa s\u0105 najwa\u017cniejsze. Operatorzy powinni by\u0107 przeszkoleni w zakresie prawid\u0142owego u\u017cytkowania sprz\u0119tu hydraulicznego, w tym w zakresie zagro\u017ce\u0144 zwi\u0105zanych z uk\u0142adami wysokoci\u015bnieniowymi. Ponadto, regularne kontrole konserwacyjne s\u0105 niezb\u0119dne, aby zapewni\u0107 prawid\u0142owe dzia\u0142anie wszystkich podzespo\u0142\u00f3w, minimalizuj\u0105c tym samym ryzyko wypadk\u00f3w. Nale\u017cy r\u00f3wnie\u017c uwzgl\u0119dni\u0107 czynniki \u015brodowiskowe, takie jak wycieki oleju i zanieczyszczenia, stosuj\u0105c przyjazne dla \u015brodowiska p\u0142yny hydrauliczne i wdra\u017caj\u0105c odpowiednie procedury utylizacji wszelkich odpad\u00f3w powstaj\u0105cych podczas konserwacji.<\/p>\n<h2>Diagnostyka usterek i typowe problemy<\/h2>\n<ul>\n<li>\n<h3>Wycieki hydrauliczne<\/h3>\n<p>    Jednym z najcz\u0119stszych problem\u00f3w z si\u0142ownikami wysi\u0119gnika s\u0105 wycieki p\u0142ynu hydraulicznego. Mog\u0105 one wyst\u0105pi\u0107 z powodu zu\u017cytych uszczelnie\u0144 lub uszkodzonych podzespo\u0142\u00f3w, co prowadzi do obni\u017cenia wydajno\u015bci i potencjalnych zagro\u017ce\u0144 dla bezpiecze\u0144stwa. Regularne kontrole mog\u0105 pom\u00f3c we wczesnym wykryciu wyciek\u00f3w, umo\u017cliwiaj\u0105c szybk\u0105 napraw\u0119.<\/h3>\n<\/li>\n<li>\n<h3>Powolny czas reakcji<\/h3>\n<p>    Je\u015bli si\u0142ownik wysi\u0119gnika reaguje powoli na polecenia operatora, mo\u017ce to oznacza\u0107 zapowietrzenie uk\u0142adu hydraulicznego lub niski poziom p\u0142ynu. Problem ten mo\u017ce wymaga\u0107 odpowietrzenia uk\u0142adu lub uzupe\u0142nienia p\u0142ynu hydraulicznego w celu przywr\u00f3cenia prawid\u0142owego dzia\u0142ania.<\/h3>\n<\/li>\n<li>\n<h3>Zwi\u0119kszony poziom ha\u0142asu<\/h3>\n<p>    Nietypowy ha\u0142as podczas pracy mo\u017ce wskazywa\u0107 na problemy mechaniczne, takie jak niewsp\u00f3\u0142osiowo\u015b\u0107 cylindra lub brak smarowania. Operatorzy powinni zbada\u0107 przyczyn\u0119 ha\u0142asu, aby zapobiec dalszym uszkodzeniom uk\u0142adu hydraulicznego.<\/h3>\n<\/li>\n<\/ul>\n<h2>Wskaz\u00f3wki i rozwi\u0105zania dotycz\u0105ce rozwi\u0105zywania problem\u00f3w<\/h2>\n<p>Aby skutecznie diagnozowa\u0107 i rozwi\u0105zywa\u0107 problemy z si\u0142ownikami wysi\u0119gnika, operatorzy powinni post\u0119powa\u0107 w spos\u00f3b uporz\u0105dkowany. Rozpocznij od sprawdzenia szczelno\u015bci zewn\u0119trznej i poziomu p\u0142yn\u00f3w. W przypadku wykrycia wyciek\u00f3w wymie\u0144 niezb\u0119dne uszczelki i podzespo\u0142y. W przypadku d\u0142ugiego czasu reakcji upewnij si\u0119, \u017ce uk\u0142ad hydrauliczny jest odpowietrzony, a poziom p\u0142yn\u00f3w jest odpowiedni. Szybka reakcja na wszelkie nietypowe odg\u0142osy zapobiegnie powik\u0142aniom, a operatorzy powinni zapozna\u0107 si\u0119 z wytycznymi producenta dotycz\u0105cymi szczeg\u00f3\u0142owych procedur rozwi\u0105zywania problem\u00f3w. \u015arodki zapobiegawcze, takie jak regularna konserwacja i przegl\u0105dy, s\u0105 niezb\u0119dne do minimalizacji potencjalnych problem\u00f3w i zapewnienia niezawodnej pracy.<\/p>\n<p><img decoding=\"async\" src=\"https:\/\/www.hydraulic-cylinders.net\/wp-content\/uploads\/2025\/04\/songte-bushings-with-all-kinds-of-excavator-models.webp\" alt=\"Rozwi\u0105zywanie problem\u00f3w\" \/><\/p>\n<h2>O naszej firmie<\/h2>\n<p>Jeste\u015bmy producentem zamiennych si\u0142ownik\u00f3w hydraulicznych, oferuj\u0105cym szerok\u0105 gam\u0119 produkt\u00f3w, dzi\u0119ki kt\u00f3rym stali\u015bmy si\u0119 jednym z wiod\u0105cych producent\u00f3w i hurtownik\u00f3w na rynku krajowym i mi\u0119dzynarodowym. D\u0105\u017cymy do doskona\u0142o\u015bci jako\u015bci poprzez dopracowan\u0105 strategi\u0119 produkcyjn\u0105, k\u0142ad\u0105c\u0105 nacisk na przemys\u0142owe zarz\u0105dzanie produkcj\u0105. Nasza firma stale rozwija swoje mo\u017cliwo\u015bci produkcyjne poprzez integracj\u0119 wykwalifikowanego personelu technicznego, zaawansowanego cyfrowego sprz\u0119tu produkcyjnego oraz profesjonalnych system\u00f3w testowych. To zaanga\u017cowanie w jako\u015b\u0107 i precyzj\u0119 pozwala nam skutecznie zaspokaja\u0107 zr\u00f3\u017cnicowane potrzeby klient\u00f3w.<\/p>\n<p><img decoding=\"async\" src=\"https:\/\/www.hydraulic-cylinders.net\/wp-content\/uploads\/2025\/04\/songte-company-4.webp\" alt=\"Przegl\u0105d firmy\" \/><br \/>\n<img decoding=\"async\" src=\"https:\/\/www.hydraulic-cylinders.net\/wp-content\/uploads\/2025\/04\/songte-company-3.webp\" alt=\"Przegl\u0105d firmy\" \/><\/p>\n<p>Nasza firma szczyci si\u0119 swoim profesjonalizmem, mi\u0119dzynarodowymi certyfikatami, zindywidualizowanymi us\u0142ugami, najnowocze\u015bniejszym sprz\u0119tem produkcyjnym i wyj\u0105tkow\u0105 obs\u0142ug\u0105 posprzeda\u017cow\u0105, dzi\u0119ki czemu nasi klienci otrzymuj\u0105 najlepsze mo\u017cliwe produkty i wsparcie.<\/p>\n<p>Autor: lyl<\/p>","protected":false},"excerpt":{"rendered":"<p>Boom Cylinder For Carter CT60-8A-8B Introduction to Boom Cylinder The Boom Cylinder is a specialized hydraulic cylinder designed to control the movement of buckets in various heavy machinery, such as excavators, backhoe loaders, and front loaders. This hydraulic component enables the bucket to lift, lower, and tilt, facilitating material handling tasks in construction and agriculture. [&hellip;]<\/p>","protected":false},"featured_media":17868,"comment_status":"open","ping_status":"closed","template":"","meta":{"_et_pb_use_builder":"","_et_pb_old_content":"","_et_gb_content_width":""},"product_brand":[],"product_cat":[1546],"product_tag":[1547,1496],"class_list":{"0":"post-19515","1":"product","2":"type-product","3":"status-publish","4":"has-post-thumbnail","6":"product_cat-boom-cylinders","7":"product_tag-boom-cylinders","8":"product_tag-hydraulic-cylinders","10":"first","11":"instock","12":"shipping-taxable","13":"product-type-simple"},"amp_enabled":true,"_links":{"self":[{"href":"https:\/\/www.hydraulic-cylinders.net\/pl\/wp-json\/wp\/v2\/product\/19515","targetHints":{"allow":["GET"]}}],"collection":[{"href":"https:\/\/www.hydraulic-cylinders.net\/pl\/wp-json\/wp\/v2\/product"}],"about":[{"href":"https:\/\/www.hydraulic-cylinders.net\/pl\/wp-json\/wp\/v2\/types\/product"}],"replies":[{"embeddable":true,"href":"https:\/\/www.hydraulic-cylinders.net\/pl\/wp-json\/wp\/v2\/comments?post=19515"}],"wp:featuredmedia":[{"embeddable":true,"href":"https:\/\/www.hydraulic-cylinders.net\/pl\/wp-json\/wp\/v2\/media\/17868"}],"wp:attachment":[{"href":"https:\/\/www.hydraulic-cylinders.net\/pl\/wp-json\/wp\/v2\/media?parent=19515"}],"wp:term":[{"taxonomy":"product_brand","embeddable":true,"href":"https:\/\/www.hydraulic-cylinders.net\/pl\/wp-json\/wp\/v2\/product_brand?post=19515"},{"taxonomy":"product_cat","embeddable":true,"href":"https:\/\/www.hydraulic-cylinders.net\/pl\/wp-json\/wp\/v2\/product_cat?post=19515"},{"taxonomy":"product_tag","embeddable":true,"href":"https:\/\/www.hydraulic-cylinders.net\/pl\/wp-json\/wp\/v2\/product_tag?post=19515"}],"curies":[{"name":"wp","href":"https:\/\/api.w.org\/{rel}","templated":true}]}}