{"id":19517,"date":"2025-04-07T06:51:54","date_gmt":"2025-04-07T06:51:54","guid":{"rendered":"https:\/\/www.hydraulic-cylinders.net\/product\/boom-cylinder-for-carter-ct150-8\/"},"modified":"2025-04-07T06:51:56","modified_gmt":"2025-04-07T06:51:56","slug":"boom-cylinder-for-carter-ct150-8","status":"publish","type":"product","link":"https:\/\/www.hydraulic-cylinders.net\/pl\/produkt\/boom-cylinder-for-carter-ct150-8\/","title":{"rendered":"Si\u0142ownik wysi\u0119gnika do Carter CT150-8"},"content":{"rendered":"<h1>Si\u0142ownik wysi\u0119gnika do Carter CT150-8<\/h1>\n<h2>Wprowadzenie do cylindra wysi\u0119gnika<\/h2>\n<p>Si\u0142ownik wysi\u0119gnika to kluczowy element uk\u0142ad\u00f3w hydraulicznych ci\u0119\u017ckich maszyn, szczeg\u00f3lnie koparek, koparko-\u0142adowarek i \u0142adowarek czo\u0142owych. Zosta\u0142 zaprojektowany specjalnie do sterowania ruchem \u0142y\u017cki, umo\u017cliwiaj\u0105c podnoszenie, opuszczanie i przechylanie, niezb\u0119dne do wydajnego transportu materia\u0142\u00f3w. Si\u0142ownik \u0142y\u017cki, rodzaj si\u0142ownika hydraulicznego, odgrywa kluczow\u0105 rol\u0119 w tych operacjach, zapewniaj\u0105c si\u0142\u0119 niezb\u0119dn\u0105 do precyzyjnego wykonywania ci\u0119\u017ckich zada\u0144.<\/p>\n<p><img decoding=\"async\" src=\"https:\/\/www.hydraulic-cylinders.net\/wp-content\/uploads\/2025\/04\/songte-company-1.webp\" alt=\"Si\u0142ownik wysi\u0119gnika\" \/><\/p>\n<h3>Definicja i przegl\u0105d<\/h3>\n<p>Si\u0142ownik \u0142y\u017cki dzia\u0142a poprzez zamian\u0119 ci\u015bnienia hydraulicznego na si\u0142\u0119 mechaniczn\u0105. Po doprowadzeniu p\u0142ynu hydraulicznego do cylindra, popycha on t\u0142ok, kt\u00f3ry z kolei porusza przymocowane rami\u0119 lub \u0142y\u017ck\u0119. System ten zapewnia p\u0142ynne i kontrolowane ruchy, co czyni go niezast\u0105pionym w zastosowaniach budowlanych i rolniczych, gdzie konieczne jest przemieszczanie lub manipulowanie ci\u0119\u017ckimi materia\u0142ami. Wydajno\u015b\u0107 i niezawodno\u015b\u0107 si\u0142ownika wysi\u0119gnika zapewniaj\u0105 operatorom szybkie i wydajne wykonywanie zada\u0144, minimalizuj\u0105c przestoje i maksymalizuj\u0105c wydajno\u015b\u0107.<\/p>\n<h2>G\u0142\u00f3wne cechy cylindra wysi\u0119gnika<\/h2>\n<ul>\n<li><strong>Wysoka wytrzyma\u0142o\u015b\u0107 i trwa\u0142o\u015b\u0107:<\/strong> Wykonane z wysokowytrzyma\u0142ej stali lub aluminium, zaprojektowane tak, aby wytrzymywa\u0107 du\u017ce ci\u015bnienie i obci\u0105\u017cenia, a jednocze\u015bnie odporne na zu\u017cycie i korozj\u0119.<\/li>\n<li><strong>Wydajna praca uk\u0142adu hydraulicznego:<\/strong> Wykorzystuje ci\u015bnienie oleju hydraulicznego do p\u0142ynnego i szybkiego wysuwania i wsuwania, zapewniaj\u0105c du\u017c\u0105 si\u0142\u0119 pchania i ci\u0105gni\u0119cia, odpowiedni\u0105 do ci\u0119\u017ckich lub skomplikowanych zada\u0144.<\/li>\n<li><strong>R\u00f3\u017cne typy:<\/strong> Dost\u0119pne w konfiguracji jednostronnego dzia\u0142ania (wykorzystuj\u0105cej si\u0142\u0119 hydrauliczn\u0105 w jednym kierunku) lub dwustronnego dzia\u0142ania (wykorzystuj\u0105cej si\u0142\u0119 hydrauliczn\u0105 w obu kierunkach), przy czym niekt\u00f3re modele maj\u0105 konstrukcj\u0119 teleskopow\u0105 zapewniaj\u0105c\u0105 wi\u0119kszy zasi\u0119g bez konieczno\u015bci zwi\u0119kszania wymiar\u00f3w zewn\u0119trznych.<\/li>\n<li><strong>Opcje dostosowywania:<\/strong> Mo\u017cna je dostosowa\u0107 do konkretnych potrzeb maszyn i wymaga\u0144 operacyjnych, zwi\u0119kszaj\u0105c wszechstronno\u015b\u0107 w r\u00f3\u017cnych zastosowaniach.<\/li>\n<li><strong>\u0141atwa instalacja i konserwacja:<\/strong> Zaprojektowane z my\u015bl\u0105 o \u0142atwej instalacji i przyjaznych u\u017cytkownikowi funkcjach konserwacji, umo\u017cliwiaj\u0105cych szybk\u0105 wymian\u0119 i napraw\u0119.<\/li>\n<\/ul>\n<p>Jeste\u015bmy producentem tego produktu i nasze cylindry mog\u0105 doskonale zast\u0105pi\u0107 te cylindry hydrauliczne.<\/p>\n<p><img decoding=\"async\" src=\"https:\/\/www.hydraulic-cylinders.net\/wp-content\/uploads\/2025\/04\/songte-cylinder-head-with-all-kinds-excavator-models.webp\" alt=\"Modele koparek\" \/><\/p>\n<h2>Zastosowania cylindra wysi\u0119gnika<\/h2>\n<h3>Sprz\u0119t budowlany<\/h3>\n<p>W koparkach si\u0142owniki wysi\u0119gnika s\u0105 niezb\u0119dne do kopania, za\u0142adunku i przemieszczania gleby lub gruzu. Umo\u017cliwiaj\u0105 one \u0142y\u017cce si\u0119gni\u0119cie g\u0142\u0119boko w grunt, co przek\u0142ada si\u0119 na wydajne wykopywanie materia\u0142\u00f3w. W koparko-\u0142adowarkach si\u0142owniki te u\u0142atwiaj\u0105 zar\u00f3wno kopanie, jak i podnoszenie, zapewniaj\u0105c wszechstronno\u015b\u0107 na placach budowy.<\/p>\n<h3>Maszyny rolnicze<\/h3>\n<p>W \u0142adowarkach czo\u0142owych si\u0142owniki wysi\u0119gnika s\u0142u\u017c\u0105 do nabierania, podnoszenia i transportu gleby, siana i innych materia\u0142\u00f3w. Dzi\u0119ki temu s\u0105 one niezb\u0119dne do zada\u0144 takich jak za\u0142adunek ci\u0119\u017car\u00f3wek czy transport paszy i produkt\u00f3w sypkich, znacz\u0105co zwi\u0119kszaj\u0105c wydajno\u015b\u0107 gospodarstw rolnych.<\/p>\n<h3>Zadania wykopaliskowe<\/h3>\n<p>W koparkach cylinder \u0142y\u017cki umo\u017cliwia jej penetracj\u0119 w g\u0142\u0105b gruntu, umo\u017cliwiaj\u0105c efektywne wykonywanie prac wykopaliskowych. Ta funkcja jest kluczowa w przypadku projekt\u00f3w budowlanych, karczowania terenu i kszta\u0142towania krajobrazu, gdzie wymagana jest precyzja kopania.<\/p>\n<h3>Aplikacje \u0142adowarki<\/h3>\n<p>W \u0142adowarkach czo\u0142owych si\u0142owniki wysi\u0119gnika wspomagaj\u0105 wydajne podnoszenie i zrzucanie \u0142adunk\u00f3w. Zapewniaj\u0105 one niezb\u0119dn\u0105 si\u0142\u0119 do obs\u0142ugi ci\u0119\u017ckich materia\u0142\u00f3w, co czyni je niezb\u0119dnymi do r\u00f3\u017cnych zada\u0144 za\u0142adunku i roz\u0142adunku.<\/p>\n<h2>Zagadnienia projektowe i kryteria wyboru<\/h2>\n<h3>No\u015bno\u015b\u0107<\/h3>\n<p>No\u015bno\u015b\u0107 si\u0142ownika wysi\u0119gnika jest kluczowym czynnikiem konstrukcyjnym. Si\u0142ownik musi by\u0107 zaprojektowany tak, aby ud\u017awign\u0105\u0107 maksymaln\u0105 mas\u0119, z jak\u0105 b\u0119dzie si\u0119 styka\u0142 podczas pracy. Obejmuje to ocen\u0119 warto\u015bci ci\u015bnienia, wytrzyma\u0142o\u015bci materia\u0142u i og\u00f3lnej konstrukcji, aby zapewni\u0107 bezpiecze\u0144stwo i funkcjonalno\u015b\u0107 przy du\u017cych obci\u0105\u017ceniach.<\/p>\n<h3>Wydajno\u015b\u0107 uszczelnienia<\/h3>\n<p>Uszczelnienie ma kluczowe znaczenie dla prawid\u0142owego dzia\u0142ania cylindr\u00f3w hydraulicznych. Wysokiej jako\u015bci uszczelki zapobiegaj\u0105 wyciekom p\u0142ynu hydraulicznego, zapewniaj\u0105c wydajn\u0105 prac\u0119 i utrzymanie ci\u015bnienia. Wyb\u00f3r materia\u0142\u00f3w uszczelniaj\u0105cych, takich jak poliuretan lub kauczuk nitrylowy, wp\u0142ywa na trwa\u0142o\u015b\u0107 i wydajno\u015b\u0107, szczeg\u00f3lnie w trudnych warunkach.<\/p>\n<h3>Trwa\u0142o\u015b\u0107<\/h3>\n<p>Trwa\u0142o\u015b\u0107 jest kluczowym czynnikiem w projektowaniu si\u0142ownik\u00f3w wysi\u0119gnika. Musz\u0105 one wytrzyma\u0107 ekstremalne warunki, w tym wysokie ci\u015bnienia i temperatury, a jednocze\u015bnie by\u0107 odporne na zu\u017cycie i korozj\u0119. Wymaga to starannego doboru materia\u0142\u00f3w i pow\u0142ok ochronnych, aby wyd\u0142u\u017cy\u0107 \u017cywotno\u015b\u0107 si\u0142ownika.<\/p>\n<h3>Funkcje bezpiecze\u0144stwa<\/h3>\n<p>W\u0142\u0105czenie zabezpiecze\u0144 do konstrukcji si\u0142ownik\u00f3w wysi\u0119gnika ma kluczowe znaczenie. Obejmuj\u0105 one mechanizmy zapobiegaj\u0105ce nadmiernemu wysuni\u0119ciu, zabezpieczenia przed przeci\u0105\u017ceniem oraz systemy redukcji ci\u015bnienia, zapewniaj\u0105ce bezpiecze\u0144stwo operatora i niezawodno\u015b\u0107 sprz\u0119tu podczas pracy.<\/p>\n<h3>Dost\u0119pno\u015b\u0107 konserwacyjna<\/h3>\n<p>Projektowanie z my\u015bl\u0105 o dost\u0119pno\u015bci serwisowej jest kluczowe dla skr\u00f3cenia przestoj\u00f3w. Takie cechy, jak \u0142atwy dost\u0119p do uszczelnie\u0144 i punkt\u00f3w smarowania, mog\u0105 znacznie upro\u015bci\u0107 czynno\u015bci konserwacyjne, umo\u017cliwiaj\u0105c terminowe naprawy i wyd\u0142u\u017caj\u0105c \u017cywotno\u015b\u0107 si\u0142ownika.<\/p>\n<p><img decoding=\"async\" src=\"https:\/\/www.hydraulic-cylinders.net\/wp-content\/uploads\/2025\/04\/songte-oil-pipes-and-spare-parts.webp\" alt=\"Rury olejowe i cz\u0119\u015bci zamienne\" \/><\/p>\n<h2>Uszczelnienie i smarowanie cylindra<\/h2>\n<p>Skuteczne uszczelnienie i smarowanie s\u0105 kluczowe dla wydajno\u015bci si\u0142ownika wysi\u0119gnika. R\u00f3\u017cne rodzaje uszczelnie\u0144, takie jak uszczelnienia t\u0142oka i t\u0142oczyska, zapobiegaj\u0105 wyciekom p\u0142ynu hydraulicznego, zapewniaj\u0105c jednocze\u015bnie p\u0142ynn\u0105 prac\u0119. Uszczelnienia wykonane z materia\u0142\u00f3w odpornych na zu\u017cycie, takich jak poliuretan i kauczuk nitrylowy, zwi\u0119kszaj\u0105 trwa\u0142o\u015b\u0107 i niezawodno\u015b\u0107.<\/p>\n<p>Korpus cylindra i gwintowane powierzchnie ko\u0144cowe poddawane s\u0105 precyzyjnej obr\u00f3bce mechanicznej w celu zwi\u0119kszenia odporno\u015bci na zu\u017cycie i skuteczno\u015bci uszczelnienia, zapewniaj\u0105c wydajn\u0105 prac\u0119 cylindra w warunkach wysokiego ci\u015bnienia. Regularne smarowanie odpowiednim olejem hydraulicznym jest niezb\u0119dne do zmniejszenia tarcia i zu\u017cycia, umo\u017cliwiaj\u0105c p\u0142ynny ruch t\u0142oka w cylindrze.<\/p>\n<h2>\u015arodki konserwacji zapobiegawczej<\/h2>\n<ul>\n<li><strong>Regularne kontrole:<\/strong> Przeprowadzaj rutynowe kontrole w celu wykrycia wszelkich oznak zu\u017cycia lub uszkodze\u0144, aby zapewni\u0107 terminow\u0105 napraw\u0119, zanim problemy stan\u0105 si\u0119 powa\u017cniejsze.<\/li>\n<li><strong>Smarowanie:<\/strong> Aby zachowa\u0107 optymaln\u0105 wydajno\u015b\u0107 i zapobiec zu\u017cyciu, nale\u017cy zadba\u0107 o odpowiednie smarowanie cylindra w\u0142a\u015bciwym olejem hydraulicznym.<\/li>\n<li><strong>Wymiana uszczelki:<\/strong> Regularnie sprawdzaj stan uszczelek i wymieniaj je w razie potrzeby, aby zapobiega\u0107 wyciekom i zachowa\u0107 integralno\u015b\u0107 ci\u015bnienia.<\/li>\n<\/ul>\n<h2>Wytyczne dotycz\u0105ce instalacji<\/h2>\n<p>Prawid\u0142owy monta\u017c si\u0142ownika wysi\u0119gnika ma kluczowe znaczenie dla optymalnej wydajno\u015bci. Najpierw upewnij si\u0119, \u017ce powierzchnie monta\u017cowe s\u0105 czyste i wolne od zanieczyszcze\u0144. Ostro\u017cnie ustaw si\u0142ownik w odpowiednim po\u0142o\u017ceniu, u\u017cywaj\u0105c odpowiednich wspornik\u00f3w monta\u017cowych, aby go zabezpieczy\u0107. Nale\u017cy bezwzgl\u0119dnie unika\u0107 niewsp\u00f3\u0142osiowo\u015bci, poniewa\u017c mo\u017ce to prowadzi\u0107 do przedwczesnego zu\u017cycia i awarii si\u0142ownika.<\/p>\n<p>Podczas monta\u017cu nale\u017cy upewni\u0107 si\u0119, \u017ce wszystkie po\u0142\u0105czenia hydrauliczne s\u0105 szczelne i szczelne. Po monta\u017cu nale\u017cy sprawdzi\u0107 dzia\u0142anie si\u0142ownika pod obci\u0105\u017ceniem, aby upewni\u0107 si\u0119, \u017ce dzia\u0142a prawid\u0142owo. Monitorowanie nietypowych d\u017awi\u0119k\u00f3w lub ruch\u00f3w podczas pracy mo\u017ce pom\u00f3c we wczesnym wykryciu potencjalnych problem\u00f3w.<\/p>\n<h2>Typowe zadania konserwacyjne<\/h2>\n<ul>\n<li><strong>Regularne kontrole:<\/strong> Przeprowad\u017a ogl\u0119dziny wizualne pod k\u0105tem wyciek\u00f3w, p\u0119kni\u0119\u0107 i innych oznak zu\u017cycia. Pozwoli to na wczesne wykrycie potencjalnych problem\u00f3w i zapewni sprawne dzia\u0142anie si\u0142ownika.<\/li>\n<li><strong>Prawid\u0142owe smarowanie:<\/strong> Upewnij si\u0119, \u017ce cylinder jest smarowany zgodnie ze specyfikacj\u0105 producenta. Niedostateczne smarowanie mo\u017ce prowadzi\u0107 do zwi\u0119kszonego tarcia i zu\u017cycia, skracaj\u0105c \u017cywotno\u015b\u0107 cylindra.<\/li>\n<li><strong>Wymiana uszczelki:<\/strong> Regularnie sprawdzaj stan uszczelek i wymieniaj je w razie potrzeby, aby zapobiega\u0107 wyciekom p\u0142yn\u00f3w i zachowa\u0107 wydajno\u015b\u0107.<\/li>\n<\/ul>\n<p>Prawid\u0142owe ustawienie cylindra podczas monta\u017cu jest kluczowe. Nale\u017cy u\u017cy\u0107 odpowiednich wspornik\u00f3w monta\u017cowych, aby zabezpieczy\u0107 cylinder, chroni\u0105c go przed napr\u0119\u017ceniami wynikaj\u0105cymi z niewsp\u00f3\u0142osiowo\u015bci. Nale\u017cy przestrzega\u0107 zalecanych procedur kontroli, naprawy i wymiany podzespo\u0142\u00f3w, aby zachowa\u0107 funkcjonalno\u015b\u0107 cylindra i wyd\u0142u\u017cy\u0107 jego \u017cywotno\u015b\u0107.<\/p>\n<p><img decoding=\"async\" src=\"https:\/\/www.hydraulic-cylinders.net\/wp-content\/uploads\/2025\/04\/songte-chushion-collar.webp\" alt=\"Ko\u0142nierz poduszkowy\" \/><\/p>\n<h2>Zagadnienia bezpiecze\u0144stwa i czynniki \u015brodowiskowe<\/h2>\n<p>Podczas u\u017cytkowania si\u0142ownik\u00f3w wysi\u0119gnika \u015brodki bezpiecze\u0144stwa s\u0105 niezwykle istotne. Operatorzy powinni by\u0107 przeszkoleni w zakresie dzia\u0142ania uk\u0142ad\u00f3w hydraulicznych i zwi\u0105zanych z tym zagro\u017ce\u0144. Nale\u017cy nosi\u0107 odpowiedni sprz\u0119t bezpiecze\u0144stwa, a maszyny nale\u017cy regularnie kontrolowa\u0107, aby zapobiega\u0107 wypadkom. \u015awiadomo\u015b\u0107 wp\u0142ywu p\u0142yn\u00f3w hydraulicznych na \u015brodowisko i odpowiednie metody utylizacji zu\u017cytych p\u0142yn\u00f3w s\u0105 r\u00f3wnie\u017c kluczowe dla minimalizacji szk\u00f3d dla \u015brodowiska.<\/p>\n<h2>Rozwi\u0105zywanie typowych problem\u00f3w<\/h2>\n<ul>\n<li><strong>Utrata mocy:<\/strong> Je\u015bli cylinder nie zapewnia odpowiedniej si\u0142y, sprawd\u017a, czy w uk\u0142adzie hydraulicznym nie ma wyciek\u00f3w lub czy poziom p\u0142ynu nie jest zbyt niski, co mog\u0142oby mie\u0107 wp\u0142yw na wydajno\u015b\u0107.<\/li>\n<li><strong>Ha\u0142a\u015bliwa praca:<\/strong> Nietypowe odg\u0142osy mog\u0105 wskazywa\u0107 na niewsp\u00f3\u0142osiowo\u015b\u0107, brak smarowania lub zu\u017cyte uszczelki. Sprawd\u017a uk\u0142ad pod k\u0105tem problem\u00f3w i podejmij odpowiednie dzia\u0142ania naprawcze.<\/li>\n<li><strong>Powolny ruch:<\/strong> D\u0142ugi czas reakcji mo\u017ce wynika\u0107 ze zu\u017cycia wewn\u0119trznego, zanieczyszczenia p\u0142ynu hydraulicznego lub problem\u00f3w z pomp\u0105 hydrauliczn\u0105. Regularna konserwacja mo\u017ce pom\u00f3c z\u0142agodzi\u0107 te problemy.<\/li>\n<\/ul>\n<p>Aby skutecznie rozwi\u0105zywa\u0107 problemy, zawsze nale\u017cy zapozna\u0107 si\u0119 z wytycznymi producenta i skonsultowa\u0107 si\u0119 ze specjalist\u0105 od hydrauliki, je\u015bli problem nadal wyst\u0119puje. \u015arodki zapobiegawcze, takie jak regularna konserwacja i przegl\u0105dy, mog\u0105 znacznie zmniejszy\u0107 prawdopodobie\u0144stwo wyst\u0105pienia tych typowych problem\u00f3w.<\/p>\n<p><img decoding=\"async\" src=\"https:\/\/www.hydraulic-cylinders.net\/wp-content\/uploads\/2025\/04\/songte-bushings-with-all-kinds-of-excavator-models.webp\" alt=\"Tuleje z modelami koparek\" \/><\/p>\n<h2>Przegl\u0105d firmy<\/h2>\n<p>Jeste\u015bmy producentem alternatywnych si\u0142ownik\u00f3w hydraulicznych, oferuj\u0105cym szerok\u0105 gam\u0119 produkt\u00f3w, dzi\u0119ki kt\u00f3rym stali\u015bmy si\u0119 jednym z wiod\u0105cych producent\u00f3w i hurtownik\u00f3w na rynku krajowym i mi\u0119dzynarodowym. Kierujemy si\u0119 zasad\u0105 doskona\u0142o\u015bci jako\u015bci, wspieran\u0105 przez doskona\u0142y warsztat produkcyjny i strategi\u0119 zarz\u0105dzania produkcj\u0105 przemys\u0142ow\u0105. Nasza firma stale rozwija swoje mo\u017cliwo\u015bci produkcyjne dzi\u0119ki wykwalifikowanemu personelowi, zaawansowanemu sprz\u0119towi do produkcji cyfrowej oraz profesjonalnym systemom testowym.<\/p>\n<p>D\u0105\u017c\u0105c do wysokiej wydajno\u015bci, precyzji i jako\u015bci, zaspokajamy zr\u00f3\u017cnicowane potrzeby klient\u00f3w, zapewniaj\u0105c jednocze\u015bnie najwy\u017csze standardy produkcji. Nasze do\u015bwiadczenie w zakresie personalizacji, mi\u0119dzynarodowe certyfikaty, najnowocze\u015bniejszy sprz\u0119t produkcyjny oraz dedykowany serwis posprzeda\u017cowy dodatkowo umacniaj\u0105 nasz\u0105 pozycj\u0119 zaufanego lidera w bran\u017cy si\u0142ownik\u00f3w hydraulicznych.<\/p>\n<p><img decoding=\"async\" src=\"https:\/\/www.hydraulic-cylinders.net\/wp-content\/uploads\/2025\/04\/songte-company-4.webp\" alt=\"Przegl\u0105d firmy 1\" \/><br \/>\n<img decoding=\"async\" src=\"https:\/\/www.hydraulic-cylinders.net\/wp-content\/uploads\/2025\/04\/songte-company-3.webp\" alt=\"Przegl\u0105d firmy 2\" \/><\/p>\n<p>Autor: lyl<\/p>","protected":false},"excerpt":{"rendered":"<p>Boom Cylinder For Carter CT150-8 Introduction to the Boom Cylinder The Boom Cylinder is a vital component in the hydraulic systems of heavy machinery, particularly in excavators, backhoes, and front loaders. It is specifically designed to control the movement of the bucket, allowing for lifting, lowering, and tilting actions essential for efficient material handling tasks. [&hellip;]<\/p>","protected":false},"featured_media":17870,"comment_status":"open","ping_status":"closed","template":"","meta":{"_et_pb_use_builder":"","_et_pb_old_content":"","_et_gb_content_width":""},"product_brand":[],"product_cat":[1546],"product_tag":[1547,1496],"class_list":{"0":"post-19517","1":"product","2":"type-product","3":"status-publish","4":"has-post-thumbnail","6":"product_cat-boom-cylinders","7":"product_tag-boom-cylinders","8":"product_tag-hydraulic-cylinders","10":"first","11":"instock","12":"shipping-taxable","13":"product-type-simple"},"amp_enabled":true,"_links":{"self":[{"href":"https:\/\/www.hydraulic-cylinders.net\/pl\/wp-json\/wp\/v2\/product\/19517","targetHints":{"allow":["GET"]}}],"collection":[{"href":"https:\/\/www.hydraulic-cylinders.net\/pl\/wp-json\/wp\/v2\/product"}],"about":[{"href":"https:\/\/www.hydraulic-cylinders.net\/pl\/wp-json\/wp\/v2\/types\/product"}],"replies":[{"embeddable":true,"href":"https:\/\/www.hydraulic-cylinders.net\/pl\/wp-json\/wp\/v2\/comments?post=19517"}],"wp:featuredmedia":[{"embeddable":true,"href":"https:\/\/www.hydraulic-cylinders.net\/pl\/wp-json\/wp\/v2\/media\/17870"}],"wp:attachment":[{"href":"https:\/\/www.hydraulic-cylinders.net\/pl\/wp-json\/wp\/v2\/media?parent=19517"}],"wp:term":[{"taxonomy":"product_brand","embeddable":true,"href":"https:\/\/www.hydraulic-cylinders.net\/pl\/wp-json\/wp\/v2\/product_brand?post=19517"},{"taxonomy":"product_cat","embeddable":true,"href":"https:\/\/www.hydraulic-cylinders.net\/pl\/wp-json\/wp\/v2\/product_cat?post=19517"},{"taxonomy":"product_tag","embeddable":true,"href":"https:\/\/www.hydraulic-cylinders.net\/pl\/wp-json\/wp\/v2\/product_tag?post=19517"}],"curies":[{"name":"wp","href":"https:\/\/api.w.org\/{rel}","templated":true}]}}