{"id":19519,"date":"2025-04-07T06:51:59","date_gmt":"2025-04-07T06:51:59","guid":{"rendered":"https:\/\/www.hydraulic-cylinders.net\/product\/boom-cylinder-for-carter-ct45-7b\/"},"modified":"2025-04-07T06:52:01","modified_gmt":"2025-04-07T06:52:01","slug":"boom-cylinder-for-carter-ct45-7b","status":"publish","type":"product","link":"https:\/\/www.hydraulic-cylinders.net\/pl\/produkt\/boom-cylinder-for-carter-ct45-7b\/","title":{"rendered":"Si\u0142ownik wysi\u0119gnika do Carter CT45-7B"},"content":{"rendered":"<h1>Si\u0142ownik wysi\u0119gnika do Carter CT45-7B<\/h1>\n<h2>Wprowadzenie do cylindr\u00f3w wysi\u0119gnika<\/h2>\n<p>Si\u0142ownik wysi\u0119gnika to specjalistyczny si\u0142ownik hydrauliczny przeznaczony do sterowania ruchem \u0142y\u017cek w ci\u0119\u017ckich maszynach, takich jak koparki, koparko-\u0142adowarki i \u0142adowarki czo\u0142owe. Ten kluczowy element umo\u017cliwia podnoszenie, opuszczanie i przechylanie \u0142y\u017cki, co jest niezb\u0119dne do wydajnego transportu materia\u0142\u00f3w. Wykorzystuj\u0105c ci\u015bnienie hydrauliczne, si\u0142ownik wysi\u0119gnika zapewnia niezb\u0119dn\u0105 si\u0142\u0119 do p\u0142ynnych i precyzyjnych ruch\u00f3w, umo\u017cliwiaj\u0105c operatorom \u0142atwe wykonywanie r\u00f3\u017cnych operacji. Jego konstrukcja i funkcjonalno\u015b\u0107 odgrywaj\u0105 kluczow\u0105 rol\u0119 w og\u00f3lnej wydajno\u015bci uk\u0142ad\u00f3w hydraulicznych.<\/p>\n<p><img decoding=\"async\" src=\"https:\/\/www.hydraulic-cylinders.net\/wp-content\/uploads\/2025\/04\/songte-company-1.webp\" alt=\"Si\u0142ownik wysi\u0119gnika\" \/><\/p>\n<h2>Cechy cylindra wysi\u0119gnika<\/h2>\n<ul>\n<li><strong>Wysoka wytrzyma\u0142o\u015b\u0107 i trwa\u0142o\u015b\u0107:<\/strong> Wykonany z wysokowytrzyma\u0142ej stali lub aluminium si\u0142ownik wysi\u0119gnika zosta\u0142 zaprojektowany tak, aby wytrzymywa\u0107 wysokie ci\u015bnienie i du\u017ce obci\u0105\u017cenia, dzi\u0119ki czemu nadaje si\u0119 do pracy w trudnych warunkach. Konstrukcja uwzgl\u0119dnia odporno\u015b\u0107 na zu\u017cycie i korozj\u0119, wyd\u0142u\u017caj\u0105c \u017cywotno\u015b\u0107 si\u0142ownika.<\/li>\n<li><strong>Wydajna praca uk\u0142adu hydraulicznego:<\/strong> Wykorzystuj\u0105c ci\u015bnienie p\u0142ynu hydraulicznego, si\u0142ownik wysi\u0119gnika zapewnia p\u0142ynny i responsywny ruch liniowy, generuj\u0105c znaczn\u0105 si\u0142\u0119 pchania i ci\u0105gni\u0119cia, idealn\u0105 do podnoszenia ci\u0119\u017ckich przedmiot\u00f3w i wykonywania skomplikowanych zada\u0144.<\/li>\n<li><strong>R\u00f3\u017cne typy:<\/strong> Si\u0142owniki wysi\u0119gnika s\u0105 dost\u0119pne w wersji jednostronnego dzia\u0142ania (dzia\u0142aj\u0105cej w jednym kierunku) i dwustronnego dzia\u0142ania (dzia\u0142aj\u0105cej w obu kierunkach), co pozwala na dostosowanie ich do r\u00f3\u017cnych potrzeb. Niekt\u00f3re modele s\u0105 teleskopowe, co pozwala na wi\u0119ksze wysuni\u0119cie bez zwi\u0119kszania wymiar\u00f3w zewn\u0119trznych, co idealnie sprawdza si\u0119 w zastosowaniach o ograniczonej przestrzeni.<\/li>\n<li><strong>Produkcja niestandardowa:<\/strong> Oferujemy mo\u017cliwo\u015b\u0107 produkcji tego produktu z zachowaniem precyzji, co gwarantuje, \u017ce nasze cylindry hydrauliczne mog\u0105 doskonale zast\u0105pi\u0107 istniej\u0105ce modele, spe\u0142niaj\u0105c szczeg\u00f3lne potrzeby naszych klient\u00f3w.<\/li>\n<li><strong>Kompleksowe wsparcie:<\/strong> Nasze produkty obj\u0119te s\u0105 kompleksow\u0105 obs\u0142ug\u0105 klienta, co gwarantuje optymaln\u0105 wydajno\u015b\u0107 i trwa\u0142o\u015b\u0107.<\/li>\n<\/ul>\n<p><img decoding=\"async\" src=\"https:\/\/www.hydraulic-cylinders.net\/wp-content\/uploads\/2025\/04\/songte-cylinder-head-with-all-kinds-excavator-models.webp\" alt=\"G\u0142owica cylindra hydraulicznego\" \/><\/p>\n<h2>Zastosowania cylindra wysi\u0119gnika<\/h2>\n<h3>Sprz\u0119t budowlany<\/h3>\n<p>W maszynach budowlanych, takich jak koparki, si\u0142owniki wysi\u0119gnika odgrywaj\u0105 kluczow\u0105 rol\u0119 w kopaniu, za\u0142adunku i przemieszczaniu ziemi lub gruzu. Generowane ci\u015bnienie hydrauliczne pozwala na precyzyjn\u0105 kontrol\u0119 ruchu \u0142y\u017cki, u\u0142atwiaj\u0105c sprawne wykonywanie ci\u0119\u017ckich zada\u0144. Koparko-\u0142adowarki wykorzystuj\u0105 si\u0142owniki wysi\u0119gnika nie tylko do kopania, ale tak\u017ce do podnoszenia i przemieszczania materia\u0142\u00f3w, zwi\u0119kszaj\u0105c og\u00f3ln\u0105 wydajno\u015b\u0107 operacyjn\u0105.<\/p>\n<h3>Maszyny rolnicze<\/h3>\n<p>W rolnictwie \u0142adowarki czo\u0142owe wyposa\u017cone w si\u0142owniki wysi\u0119gnika s\u0142u\u017c\u0105 do nabierania, podnoszenia i transportu gleby, siana i innych materia\u0142\u00f3w. Wydajna praca tych si\u0142ownik\u00f3w zapewnia sprawne wykonywanie zada\u0144 takich jak za\u0142adunek ziarna czy przenoszenie paszy, przyczyniaj\u0105c si\u0119 do wzrostu produktywno\u015bci i efektywno\u015bci gospodarstwa.<\/p>\n<h3>Koparki<\/h3>\n<p>Koparki w du\u017cym stopniu wykorzystuj\u0105 si\u0142owniki wysi\u0119gnika do wykonywania czynno\u015bci kopania. Uk\u0142ad hydrauliczny umo\u017cliwia wydajne zag\u0142\u0119bianie si\u0119 \u0142y\u017cki w grunt, umo\u017cliwiaj\u0105c szybkie wykopywanie gleby i innych materia\u0142\u00f3w. Precyzja i moc dostarczana przez te si\u0142owniki s\u0105 niezb\u0119dne do terminowej realizacji projekt\u00f3w, a tym samym do poprawy wydajno\u015bci na placu budowy.<\/p>\n<h3>\u0141adowarki<\/h3>\n<p>W \u0142adowarkach czo\u0142owych si\u0142owniki wysi\u0119gnika u\u0142atwiaj\u0105 podnoszenie i opr\u00f3\u017cnianie \u0142adunk\u00f3w. Funkcja ta ma kluczowe znaczenie w pracach budowlanych i przy prze\u0142adunku materia\u0142\u00f3w, zapewniaj\u0105c ich sprawne i bezpieczne przemieszczanie. Skuteczno\u015b\u0107 si\u0142ownik\u00f3w wysi\u0119gnika w \u0142adowarkach ma kluczowe znaczenie dla operacji w r\u00f3\u017cnych bran\u017cach, w tym w budownictwie i gospodarce odpadami.<\/p>\n<h2>Zagadnienia projektowe i kryteria wyboru<\/h2>\n<ul>\n<li><strong>No\u015bno\u015b\u0107:<\/strong> No\u015bno\u015b\u0107 si\u0142ownika wysi\u0119gnika jest kluczowym czynnikiem w jego konstrukcji. Musi on by\u0107 w stanie ud\u017awign\u0105\u0107 maksymaln\u0105 przewidywan\u0105 mas\u0119 podczas pracy bez ryzyka awarii. Wymaga to starannego doboru materia\u0142\u00f3w i technik konstrukcyjnych, aby zapewni\u0107, \u017ce materia\u0142y i techniki konstrukcyjne spe\u0142niaj\u0105 wymagania konkretnych zastosowa\u0144.<\/li>\n<li><strong>Opiecz\u0119towanie:<\/strong> Prawid\u0142owe uszczelnienie jest niezb\u0119dne do utrzymania ci\u015bnienia hydraulicznego i zapobiegania wyciekom. Konstrukcja musi zawiera\u0107 wysokiej jako\u015bci uszczelnienia, takie jak uszczelnienia t\u0142ok\u00f3w i t\u0142oczysk, wykonane z trwa\u0142ych materia\u0142\u00f3w, takich jak poliuretan lub kauczuk nitrylowy. Uszczelnienia te chroni\u0105 przed zanieczyszczeniami i wyd\u0142u\u017caj\u0105 \u017cywotno\u015b\u0107 uk\u0142adu hydraulicznego.<\/li>\n<li><strong>Trwa\u0142o\u015b\u0107:<\/strong> Na trwa\u0142o\u015b\u0107 si\u0142ownika wysi\u0119gnika wp\u0142ywaj\u0105 u\u017cyte materia\u0142y i jako\u015b\u0107 wykonania. Kluczowe jest dobranie komponent\u00f3w odpornych na zu\u017cycie i czynniki \u015brodowiskowe, aby zapewni\u0107 niezawodn\u0105 prac\u0119 w wymagaj\u0105cych warunkach.<\/li>\n<li><strong>Bezpiecze\u0144stwo:<\/strong> W projekcie nale\u017cy uwzgl\u0119dni\u0107 zabezpieczenia, aby zapobiec katastrofalnym awariom. Obejmuje to zapewnienie, \u017ce cylinder b\u0119dzie w stanie obs\u0142u\u017cy\u0107 nieoczekiwane obci\u0105\u017cenia oraz \u017ce mechanizmy bezpiecze\u0144stwa b\u0119d\u0105 chroni\u0107 operator\u00f3w podczas pracy.<\/li>\n<li><strong>Dost\u0119pno\u015b\u0107 konserwacyjna:<\/strong> Konstrukcja powinna umo\u017cliwia\u0107 \u0142atw\u0105 konserwacj\u0119 i kontrol\u0119. Takie elementy jak zdejmowane za\u015blepki lub otwory dost\u0119powe mog\u0105 u\u0142atwi\u0107 rutynowe kontrole i naprawy, zapewniaj\u0105c, \u017ce cylinder pozostanie w optymalnym stanie technicznym.<\/li>\n<\/ul>\n<p><img decoding=\"async\" src=\"https:\/\/www.hydraulic-cylinders.net\/wp-content\/uploads\/2025\/04\/songte-oil-pipes-and-spare-parts.webp\" alt=\"Rury hydrauliczne i cz\u0119\u015bci zamienne\" \/><\/p>\n<h2>Uszczelnianie i smarowanie si\u0142ownik\u00f3w wysi\u0119gnika<\/h2>\n<p>Skuteczne uszczelnienie i smarowanie s\u0105 kluczowe dla wydajno\u015bci i trwa\u0142o\u015bci si\u0142ownik\u00f3w wysi\u0119gnika. R\u00f3\u017cne elementy uszczelniaj\u0105ce, w tym uszczelnienia t\u0142ok\u00f3w i t\u0142oczysk, odgrywaj\u0105 kluczow\u0105 rol\u0119 w utrzymaniu ci\u015bnienia hydraulicznego. Uszczelnienia s\u0105 zazwyczaj wykonane z materia\u0142\u00f3w odpornych na zu\u017cycie, takich jak poliuretan i kauczuk nitrylowy, kt\u00f3re zapewniaj\u0105 doskona\u0142\u0105 trwa\u0142o\u015b\u0107 i ochron\u0119 przed czynnikami atmosferycznymi. Dodatkowo korpus si\u0142ownika i gwintowane ko\u0144c\u00f3wki poddawane s\u0105 precyzyjnej obr\u00f3bce w celu zwi\u0119kszenia odporno\u015bci na zu\u017cycie i zapewnienia szczelno\u015bci.<\/p>\n<p>Regularne smarowanie jest niezb\u0119dne do zminimalizowania tarcia i zu\u017cycia w uk\u0142adzie hydraulicznym. Okresowe nape\u0142nianie cylindra odpowiednim olejem hydraulicznym jest niezb\u0119dne dla utrzymania optymalnej wydajno\u015bci. Zaniedbanie smarowania mo\u017ce prowadzi\u0107 do przedwczesnego zu\u017cycia i awarii, co skutkuje kosztownymi naprawami i przestojami.<\/p>\n<h2>Regularne kontrole i konserwacja zapobiegawcza<\/h2>\n<ul>\n<li><strong>Regularne kontrole:<\/strong> Nale\u017cy przeprowadza\u0107 regularne kontrole pod k\u0105tem oznak zu\u017cycia, wyciek\u00f3w lub uszkodze\u0144. Wczesne wykrycie problem\u00f3w pozwala na terminow\u0105 napraw\u0119 i zapewnia bezpiecze\u0144stwo podczas eksploatacji.<\/li>\n<li><strong>W\u0142a\u015bciwe smarowanie:<\/strong> Smarowanie nale\u017cy przeprowadza\u0107 zgodnie z zaleceniami producenta. Dbanie o czysto\u015b\u0107 i odpowiedni poziom oleju hydraulicznego zapobiega problemom eksploatacyjnym i wyd\u0142u\u017ca \u017cywotno\u015b\u0107 cylindra.<\/li>\n<li><strong>Wymiana uszczelki:<\/strong> Uszczelki nale\u017cy wymieni\u0107, gdy widoczne s\u0105 oznaki zu\u017cycia. Prawid\u0142owo dzia\u0142aj\u0105ce uszczelki maj\u0105 kluczowe znaczenie dla wydajno\u015bci uk\u0142adu hydraulicznego, zapobiegaj\u0105c wyciekom oleju i utrzymuj\u0105c ci\u015bnienie.<\/li>\n<\/ul>\n<h2>Wytyczne dotycz\u0105ce monta\u017cu si\u0142ownik\u00f3w wysi\u0119gnika<\/h2>\n<p>Prawid\u0142owy monta\u017c si\u0142ownik\u00f3w wysi\u0119gnika jest niezb\u0119dny dla optymalnej wydajno\u015bci. Nale\u017cy upewni\u0107 si\u0119, \u017ce si\u0142ownik jest prawid\u0142owo wyosiowany podczas monta\u017cu; niew\u0142a\u015bciwa wsp\u00f3\u0142osiowo\u015b\u0107 mo\u017ce prowadzi\u0107 do przedwczesnego zu\u017cycia i awarii. Zaleca si\u0119 stosowanie odpowiednich wspornik\u00f3w monta\u017cowych, aby zabezpieczy\u0107 si\u0142ownik na miejscu, zapobiegaj\u0105c jego ruchom i wibracjom, kt\u00f3re mog\u0142yby spowodowa\u0107 uszkodzenia.<\/p>\n<p>Podczas monta\u017cu nale\u017cy zwr\u00f3ci\u0107 szczeg\u00f3ln\u0105 uwag\u0119 na parametry momentu obrotowego, aby unikn\u0105\u0107 nadmiernego dokr\u0119cenia, kt\u00f3re mo\u017ce naruszy\u0107 integralno\u015b\u0107 si\u0142ownika. Nale\u017cy upewni\u0107 si\u0119, \u017ce wszystkie po\u0142\u0105czenia hydrauliczne s\u0105 solidne i szczelne, a przed uruchomieniem sprawdzi\u0107, czy poziom p\u0142ynu hydraulicznego jest prawid\u0142owy. Przestrzeganie zalece\u0144 producenta dotycz\u0105cych monta\u017cu pomo\u017ce zmaksymalizowa\u0107 \u017cywotno\u015b\u0107 i wydajno\u015b\u0107 si\u0142ownika wysi\u0119gnika.<\/p>\n<h2>Zadania konserwacyjne si\u0142ownik\u00f3w wysi\u0119gnika<\/h2>\n<ul>\n<li><strong>Regularne monitorowanie:<\/strong> Regularnie sprawdzaj uk\u0142ad hydrauliczny i si\u0142ownik pod k\u0105tem oznak zu\u017cycia, wyciek\u00f3w lub uszkodze\u0144. Szybko identyfikuj i rozwi\u0105zuj problemy, aby zapobiec dalszym komplikacjom.<\/li>\n<li><strong>Prawid\u0142owe smarowanie:<\/strong> Przestrzegaj odpowiednich odst\u0119p\u00f3w mi\u0119dzy smarowaniami i dbaj o stosowanie wysokiej jako\u015bci oleju hydraulicznego. Regularne smarowanie zmniejsza tarcie i zu\u017cycie, poprawiaj\u0105c wydajno\u015b\u0107 podzespo\u0142\u00f3w hydraulicznych.<\/li>\n<li><strong>Wymiana uszczelki:<\/strong> Monitoruj uszczelki pod k\u0105tem oznak zu\u017cycia i wymieniaj je w razie potrzeby, aby zapobiec wyciekom i utrzyma\u0107 ci\u015bnienie hydrauliczne. Ma to kluczowe znaczenie dla zachowania sprawno\u015bci cylindra.<\/li>\n<\/ul>\n<h2>Zagadnienia bezpiecze\u0144stwa i czynniki \u015brodowiskowe<\/h2>\n<p>\u015arodki bezpiecze\u0144stwa maj\u0105 kluczowe znaczenie w przypadku uk\u0142ad\u00f3w hydraulicznych. Operatorzy powinni by\u0107 przeszkoleni w zakresie zagro\u017ce\u0144 zwi\u0105zanych z maszynami hydraulicznymi, w tym mo\u017cliwo\u015bci nag\u0142ego spadku ci\u015bnienia lub wyciek\u00f3w. Wdro\u017cenie odpowiednich protoko\u0142\u00f3w bezpiecze\u0144stwa, takich jak stosowanie \u015brodk\u00f3w ochrony indywidualnej (PPE) i zapewnienie odpowiedniego szkolenia, pomaga ograniczy\u0107 ryzyko.<\/p>\n<p>Nale\u017cy r\u00f3wnie\u017c wzi\u0105\u0107 pod uwag\u0119 wzgl\u0119dy \u015brodowiskowe. Zapewnienie prawid\u0142owego post\u0119powania z p\u0142ynami hydraulicznymi i ich utylizacji minimalizuje wp\u0142yw na \u015brodowisko i jest zgodne z przepisami. Regularna konserwacja i szybkie naprawy s\u0105 niezb\u0119dne dla bezpiecznej eksploatacji w r\u00f3\u017cnych warunkach \u015brodowiskowych.<\/p>\n<h2>Rozwi\u0105zywanie typowych problem\u00f3w<\/h2>\n<ul>\n<li><strong>Wycieki hydrauliczne:<\/strong> Wycieki mog\u0105 wynika\u0107 ze zu\u017cytych uszczelek lub uszkodzonych przewod\u00f3w. Nale\u017cy niezw\u0142ocznie sprawdzi\u0107 i wymieni\u0107 uszkodzone elementy.<\/li>\n<li><strong>Utrata mocy:<\/strong> Je\u015bli cylinder nie dzia\u0142a z odpowiedni\u0105 si\u0142\u0105, sprawd\u017a, czy nie ma zbyt niskiego poziomu p\u0142ynu hydraulicznego lub ewentualnych zator\u00f3w w przewodach hydraulicznych.<\/li>\n<li><strong>Niesp\u00f3jny ruch:<\/strong> Mo\u017ce to by\u0107 spowodowane zapowietrzeniem uk\u0142adu hydraulicznego lub niedostatecznym smarowaniem. Odpowietrz uk\u0142ad hydrauliczny, aby usun\u0105\u0107 uwi\u0119zione powietrze i zapewni\u0107 prawid\u0142owy poziom smarowania.<\/li>\n<\/ul>\n<h2>Wskaz\u00f3wki dotycz\u0105ce skutecznego rozwi\u0105zywania problem\u00f3w<\/h2>\n<p>Aby skutecznie zdiagnozowa\u0107 i rozwi\u0105za\u0107 problemy hydrauliczne, zawsze nale\u017cy zacz\u0105\u0107 od dok\u0142adnej inspekcji. Nale\u017cy zwr\u00f3ci\u0107 uwag\u0119 na widoczne oznaki zu\u017cycia, wyciek\u00f3w lub zator\u00f3w w uk\u0142adzie. Regularna konserwacja jest kluczowa dla zapobiegania problemom, zanim si\u0119 nasil\u0105. Prowadzenie rejestru czynno\u015bci konserwacyjnych i obserwacji mo\u017ce pom\u00f3c w identyfikacji schemat\u00f3w i powtarzaj\u0105cych si\u0119 problem\u00f3w.<\/p>\n<p>Wdra\u017canie \u015brodk\u00f3w zapobiegawczych, takich jak rutynowe przegl\u0105dy i terminowe naprawy, minimalizuje przestoje i zapewnia wydajn\u0105 prac\u0119 uk\u0142ad\u00f3w hydraulicznych. Zawsze nale\u017cy zapozna\u0107 si\u0119 z wytycznymi producenta, aby uzyska\u0107 szczeg\u00f3\u0142owe porady dotycz\u0105ce rozwi\u0105zywania problem\u00f3w i zalecane praktyki.<\/p>\n<p><img decoding=\"async\" src=\"https:\/\/www.hydraulic-cylinders.net\/wp-content\/uploads\/2025\/04\/songte-bushings-with-all-kinds-of-excavator-models.webp\" alt=\"Tuleje do modeli koparek\" \/><\/p>\n<h2>O naszej firmie<\/h2>\n<p>Specjalizujemy si\u0119 w produkcji zamiennych cylindr\u00f3w hydraulicznych i stali\u015bmy si\u0119 wiod\u0105cym producentem i dystrybutorem hurtowym na rynku krajowym i mi\u0119dzynarodowym. Nasze zaanga\u017cowanie w d\u0105\u017cenie do doskona\u0142o\u015bci znajduje odzwierciedlenie w precyzyjnych strategiach zarz\u0105dzania produkcj\u0105 oraz wykorzystaniu zaawansowanych technologii i wysokiej klasy maszyn.<\/p>\n<p>Dzi\u0119ki zespo\u0142owi wykwalifikowanych specjalist\u00f3w i dba\u0142o\u015bci o jako\u015b\u0107, stale udoskonalamy nasz\u0105 platform\u0119 produkcyjn\u0105, aby sprosta\u0107 zr\u00f3\u017cnicowanym potrzebom klient\u00f3w. Nasze mi\u0119dzynarodowe certyfikaty i niestandardowe us\u0142ugi dodatkowo wzmacniaj\u0105 nasz\u0105 reputacj\u0119 w bran\u017cy, gwarantuj\u0105c, \u017ce spe\u0142niamy, a nawet przewy\u017cszamy oczekiwania klient\u00f3w.<\/p>\n<p>Jeste\u015bmy dumni z tego, \u017ce zapewniamy wysok\u0105 wydajno\u015b\u0107, precyzj\u0119 i jako\u015b\u0107 ka\u017cdego produktu, kt\u00f3ry wytwarzamy, dbaj\u0105c o to, aby nasi klienci otrzymywali najlepsze dost\u0119pne rozwi\u0105zania hydrauliczne.<\/p>\n<p><img decoding=\"async\" src=\"https:\/\/www.hydraulic-cylinders.net\/wp-content\/uploads\/2025\/04\/songte-company-4.webp\" alt=\"Przegl\u0105d firmy\" \/><br \/>\n<img decoding=\"async\" src=\"https:\/\/www.hydraulic-cylinders.net\/wp-content\/uploads\/2025\/04\/songte-company-3.webp\" alt=\"Produkcja firmy\" \/><\/p>\n<p>Autor: lyl<\/p>","protected":false},"excerpt":{"rendered":"<p>Boom Cylinder For Carter CT45-7B Introduction to Boom Cylinders The Boom Cylinder is a specialized hydraulic cylinder designed for controlling the motion of buckets in heavy machinery such as excavators, backhoe loaders, and front-end loaders. This vital component enables the lifting, lowering, and tilting of the bucket, which is essential for efficient material handling tasks. [&hellip;]<\/p>","protected":false},"featured_media":17872,"comment_status":"open","ping_status":"closed","template":"","meta":{"_et_pb_use_builder":"","_et_pb_old_content":"","_et_gb_content_width":""},"product_brand":[],"product_cat":[1546],"product_tag":[1547,1496],"class_list":{"0":"post-19519","1":"product","2":"type-product","3":"status-publish","4":"has-post-thumbnail","6":"product_cat-boom-cylinders","7":"product_tag-boom-cylinders","8":"product_tag-hydraulic-cylinders","10":"first","11":"instock","12":"shipping-taxable","13":"product-type-simple"},"amp_enabled":true,"_links":{"self":[{"href":"https:\/\/www.hydraulic-cylinders.net\/pl\/wp-json\/wp\/v2\/product\/19519","targetHints":{"allow":["GET"]}}],"collection":[{"href":"https:\/\/www.hydraulic-cylinders.net\/pl\/wp-json\/wp\/v2\/product"}],"about":[{"href":"https:\/\/www.hydraulic-cylinders.net\/pl\/wp-json\/wp\/v2\/types\/product"}],"replies":[{"embeddable":true,"href":"https:\/\/www.hydraulic-cylinders.net\/pl\/wp-json\/wp\/v2\/comments?post=19519"}],"wp:featuredmedia":[{"embeddable":true,"href":"https:\/\/www.hydraulic-cylinders.net\/pl\/wp-json\/wp\/v2\/media\/17872"}],"wp:attachment":[{"href":"https:\/\/www.hydraulic-cylinders.net\/pl\/wp-json\/wp\/v2\/media?parent=19519"}],"wp:term":[{"taxonomy":"product_brand","embeddable":true,"href":"https:\/\/www.hydraulic-cylinders.net\/pl\/wp-json\/wp\/v2\/product_brand?post=19519"},{"taxonomy":"product_cat","embeddable":true,"href":"https:\/\/www.hydraulic-cylinders.net\/pl\/wp-json\/wp\/v2\/product_cat?post=19519"},{"taxonomy":"product_tag","embeddable":true,"href":"https:\/\/www.hydraulic-cylinders.net\/pl\/wp-json\/wp\/v2\/product_tag?post=19519"}],"curies":[{"name":"wp","href":"https:\/\/api.w.org\/{rel}","templated":true}]}}