{"id":19520,"date":"2025-04-07T06:52:01","date_gmt":"2025-04-07T06:52:01","guid":{"rendered":"https:\/\/www.hydraulic-cylinders.net\/product\/boom-cylinder-for-carter-ct70-8g\/"},"modified":"2025-04-07T06:52:03","modified_gmt":"2025-04-07T06:52:03","slug":"boom-cylinder-for-carter-ct70-8g","status":"publish","type":"product","link":"https:\/\/www.hydraulic-cylinders.net\/pl\/produkt\/boom-cylinder-for-carter-ct70-8g\/","title":{"rendered":"Si\u0142ownik wysi\u0119gnika do Carter CT70-8G"},"content":{"rendered":"<h1>Si\u0142ownik wysi\u0119gnika do Carter CT70-8G<\/h1>\n<h2>Zrozumienie cylindra kube\u0142kowego<\/h2>\n<p>Si\u0142ownik wysi\u0119gnika Carter CT70-8G to specjalistyczny si\u0142ownik hydrauliczny przeznaczony do sterowania ruchem \u0142y\u017cek w ci\u0119\u017ckich maszynach, takich jak koparki, koparko-\u0142adowarki i \u0142adowarki czo\u0142owe. Ten element hydrauliczny umo\u017cliwia podnoszenie, opuszczanie i przechylanie \u0142y\u017cki, u\u0142atwiaj\u0105c efektywne przenoszenie materia\u0142\u00f3w. Si\u0142ownik \u0142y\u017cki odgrywa kluczow\u0105 rol\u0119 w uk\u0142adach hydraulicznych, wykorzystuj\u0105c spr\u0119\u017cony p\u0142yn, aby zapewni\u0107 precyzyjn\u0105 kontrol\u0119 i silne ruchy niezb\u0119dne w r\u00f3\u017cnych pracach budowlanych i rolniczych.<\/p>\n<p><img decoding=\"async\" src=\"https:\/\/www.hydraulic-cylinders.net\/wp-content\/uploads\/2025\/04\/songte-company-1.webp\" alt=\"Obraz cylindra wysi\u0119gnika\"><\/p>\n<h3>G\u0142\u00f3wne cechy<\/h3>\n<ul>\n<li><strong>Wysoka wytrzyma\u0142o\u015b\u0107 i trwa\u0142o\u015b\u0107:<\/strong> Wykonane z wytrzyma\u0142ej stali lub aluminium, cylindry te wytrzymuj\u0105 wysokie ci\u015bnienie i du\u017ce obci\u0105\u017cenia, s\u0105 odpowiednie do pracy w trudnych warunkach i zapewniaj\u0105 d\u0142ugoterminow\u0105 trwa\u0142o\u015b\u0107.<\/li>\n<li><strong>Wydajna praca uk\u0142adu hydraulicznego:<\/strong> Si\u0142ownik wykorzystuje ci\u015bnienie oleju hydraulicznego do p\u0142ynnego wysuwania i wsuwania, szybko reaguje na polecenia steruj\u0105ce i generuje du\u017ce si\u0142y pchania i ci\u0105gni\u0119cia niezb\u0119dne do obs\u0142ugi ci\u0119\u017ckich i skomplikowanych zada\u0144.<\/li>\n<li><strong>R\u00f3\u017cne typy:<\/strong> Dost\u0119pne w wersji jednostronnego dzia\u0142ania (dzia\u0142a w jednym kierunku) i dwustronnego dzia\u0142ania (dzia\u0142a w obu kierunkach), co pozwala na dostosowanie do potrzeb operacyjnych. Niekt\u00f3re modele s\u0105 teleskopowe, co zapewnia wi\u0119kszy zasi\u0119g w ograniczonych przestrzeniach.<\/li>\n<\/ul>\n<p>Jeste\u015bmy producentem tego produktu i nasze cylindry mog\u0105 z powodzeniem zast\u0105pi\u0107 r\u00f3\u017cnego rodzaju cylindry hydrauliczne.<\/p>\n<p><img decoding=\"async\" src=\"https:\/\/www.hydraulic-cylinders.net\/wp-content\/uploads\/2025\/04\/songte-cylinder-head-with-all-kinds-excavator-models.webp\" alt=\"Wymiana cylindra hydraulicznego\"><\/p>\n<h2>Zastosowania cylindra wysi\u0119gnika<\/h2>\n<h3>Sprz\u0119t budowlany<\/h3>\n<p>W koparkach si\u0142owniki wysi\u0119gnika s\u0105 niezb\u0119dne do kopania, za\u0142adunku i przemieszczania ziemi lub gruzu. Odgrywaj\u0105 kluczow\u0105 rol\u0119 zar\u00f3wno podczas kopania, jak i podnoszenia w koparko-\u0142adowarkach, zapewniaj\u0105c p\u0142ynn\u0105 i wydajn\u0105 prac\u0119.<\/p>\n<h3>Maszyny rolnicze<\/h3>\n<p>Si\u0142owniki wysi\u0119gnika, stosowane w \u0142adowarkach czo\u0142owych, odgrywaj\u0105 kluczow\u0105 rol\u0119 w nabieraniu, podnoszeniu i transporcie gleby, siana i innych materia\u0142\u00f3w. Zapewniaj\u0105 one niezb\u0119dn\u0105 si\u0142\u0119 do efektywnego wykonywania r\u00f3\u017cnych zada\u0144 rolniczych.<\/p>\n<h3>Koparki<\/h3>\n<p>Cylindry wysi\u0119gnika pozwalaj\u0105 \u0142y\u017cce wnika\u0107 w gleb\u0119 podczas wykop\u00f3w, dzi\u0119ki czemu operatorzy mog\u0105 kopa\u0107 g\u0142\u0119biej i wydajniej, co jest niezwykle istotne podczas budowy i przygotowania miejsca pracy.<\/p>\n<h3>\u0141adowarki<\/h3>\n<p>W \u0142adowarkach czo\u0142owych si\u0142owniki te pomagaj\u0105 w podnoszeniu i zrzucaniu \u0142adunk\u00f3w, optymalizuj\u0105c przenoszenie materia\u0142\u00f3w i zwi\u0119kszaj\u0105c wydajno\u015b\u0107 na placu budowy.<\/p>\n<h2>Zagadnienia projektowe i kryteria wyboru<\/h2>\n<h3>No\u015bno\u015b\u0107<\/h3>\n<p>Przy wyborze si\u0142ownika wysi\u0119gnika, kluczowe jest uwzgl\u0119dnienie jego ud\u017awigu, kt\u00f3ry decyduje o tym, jaki ci\u0119\u017car si\u0142ownik mo\u017ce bezpiecznie ud\u017awign\u0105\u0107. Si\u0142ownik o odpowiednich parametrach zapewnia bezpiecze\u0144stwo i wydajno\u015b\u0107 pracy, zapobiegaj\u0105c awariom podczas operacji z du\u017cym obci\u0105\u017ceniem.<\/p>\n<h3>Opiecz\u0119towanie<\/h3>\n<p>Uszczelnienie to kolejny kluczowy aspekt, poniewa\u017c wysokiej jako\u015bci uszczelki zapobiegaj\u0105 wyciekom p\u0142ynu i zanieczyszczeniom, zapewniaj\u0105c d\u0142ugowieczno\u015b\u0107 i niezawodno\u015b\u0107 uk\u0142adu hydraulicznego. Wyb\u00f3r materia\u0142\u00f3w uszczelnie\u0144 ma wp\u0142yw na wydajno\u015b\u0107, szczeg\u00f3lnie w wymagaj\u0105cych warunkach.<\/p>\n<h3>Trwa\u0142o\u015b\u0107<\/h3>\n<p>Trwa\u0142o\u015b\u0107 jest kluczowa dla cylindr\u00f3w hydraulicznych pracuj\u0105cych w trudnych warunkach. Nale\u017cy wzi\u0105\u0107 pod uwag\u0119 takie czynniki, jak odporno\u015b\u0107 na zu\u017cycie i korozj\u0119, poniewa\u017c elementy te bezpo\u015brednio wp\u0142ywaj\u0105 na \u017cywotno\u015b\u0107 i wydajno\u015b\u0107 cylindra.<\/p>\n<h3>Bezpiecze\u0144stwo<\/h3>\n<p>Funkcje bezpiecze\u0144stwa, takie jak zawory bezpiecze\u0144stwa i solidna konstrukcja, s\u0105 niezb\u0119dne, aby zapobiega\u0107 wypadkom i urazom podczas pracy. Zapewnienie, \u017ce te funkcje s\u0105 dost\u0119pne i dzia\u0142aj\u0105 prawid\u0142owo, jest kluczowe dla ka\u017cdego uk\u0142adu hydraulicznego.<\/p>\n<h3>Konserwacja<\/h3>\n<p>\u0141atwo\u015b\u0107 konserwacji to kolejny kluczowy czynnik. Wyb\u00f3r cylindr\u00f3w umo\u017cliwiaj\u0105cych \u0142atw\u0105 inspekcj\u0119, smarowanie i wymian\u0119 cz\u0119\u015bci skr\u00f3ci przestoje i koszty konserwacji, zwi\u0119kszaj\u0105c og\u00f3ln\u0105 wydajno\u015b\u0107.<\/p>\n<p><img decoding=\"async\" src=\"https:\/\/www.hydraulic-cylinders.net\/wp-content\/uploads\/2025\/04\/songte-oil-pipes-and-spare-parts.webp\" alt=\"Rury olejowe i cz\u0119\u015bci zamienne\"><\/p>\n<h2>Uszczelnianie i smarowanie<\/h2>\n<p>Prawid\u0142owe uszczelnienie i smarowanie s\u0105 niezb\u0119dne dla trwa\u0142o\u015bci i wydajno\u015bci cylindr\u00f3w hydraulicznych. R\u00f3\u017cnego rodzaju uszczelnienia, takie jak uszczelnienia t\u0142oczysk i t\u0142oczysk, s\u0142u\u017c\u0105 do utrzymania integralno\u015bci p\u0142ynu. Uszczelnienia wykonane z trwa\u0142ych materia\u0142\u00f3w, takich jak poliuretan i kauczuk nitrylowy, zwi\u0119kszaj\u0105 odporno\u015b\u0107 na zu\u017cycie. Dodatkowo, korpus cylindra i gwintowane ko\u0144c\u00f3wki s\u0105 poddawane starannej obr\u00f3bce w celu zwi\u0119kszenia odporno\u015bci na \u015bcieranie. Regularne smarowanie olejem hydraulicznym jest niezb\u0119dne dla zapewnienia p\u0142ynnej pracy i zapobiegania zu\u017cyciu.<\/p>\n<h2>\u015arodki konserwacji zapobiegawczej<\/h2>\n<ul>\n<li>Regularnie sprawdzaj szczelno\u015b\u0107 przewod\u00f3w i po\u0142\u0105cze\u0144 hydraulicznych.<\/li>\n<li>Upewnij si\u0119, \u017ce uszczelki s\u0105 w dobrym stanie i wymie\u0144 je w razie potrzeby.<\/li>\n<li>Monitoruj poziom i jako\u015b\u0107 p\u0142ynu hydraulicznego; uzupe\u0142niaj lub wymieniaj w razie potrzeby.<\/li>\n<\/ul>\n<h2>Wytyczne dotycz\u0105ce instalacji<\/h2>\n<p>Monta\u017c si\u0142ownika wysi\u0119gnika wymaga precyzji, aby zapewni\u0107 optymaln\u0105 wydajno\u015b\u0107. Najpierw upewnij si\u0119, \u017ce miejsce pracy jest wolne i dost\u0119pne s\u0105 niezb\u0119dne narz\u0119dzia. Wyr\u00f3wnaj si\u0142ownik ze wspornikami monta\u017cowymi, upewniaj\u0105c si\u0119, \u017ce wszystkie \u015bruby i \u0142\u0105czniki s\u0105 prawid\u0142owo ustawione. U\u017cyj odpowiednich wspornik\u00f3w monta\u017cowych, aby pewnie zamocowa\u0107 si\u0142ownik. Po monta\u017cu, przed uruchomieniem sprz\u0119tu, sprawd\u017a jego wyr\u00f3wnanie i funkcjonalno\u015b\u0107. Regularne kontrole po monta\u017cu pomog\u0105 wcze\u015bnie zidentyfikowa\u0107 ewentualne problemy.<\/p>\n<h2>Typowe zadania konserwacyjne<\/h2>\n<h3>Regularne kontrole<\/h3>\n<p>Regularne przegl\u0105dy s\u0105 kluczowe dla identyfikacji potencjalnych problem\u00f3w, zanim si\u0119 nasil\u0105. Sprawd\u017a, czy nie ma oznak zu\u017cycia, wyciek\u00f3w lub uszkodze\u0144, kt\u00f3re mog\u0142yby negatywnie wp\u0142yn\u0105\u0107 na funkcjonowanie. Regularne przegl\u0105dy mog\u0105 prowadzi\u0107 do proaktywnej konserwacji, minimalizuj\u0105c nieoczekiwane przestoje.<\/p>\n<h3>Odpowiednie smarowanie<\/h3>\n<p>Prawid\u0142owe smarowanie jest kluczowe dla zapewnienia p\u0142ynnej pracy cylindra hydraulicznego. Upewnij si\u0119, \u017ce poziom oleju hydraulicznego jest na zalecanym poziomie i stosuj go regularnie, aby unikn\u0105\u0107 tarcia i zu\u017cycia ruchomych cz\u0119\u015bci. Regularne smarowanie wyd\u0142u\u017cy \u017cywotno\u015b\u0107 cylindra.<\/p>\n<h3>Wymiana uszczelki<\/h3>\n<p>Wymiana uszczelek ma kluczowe znaczenie dla zachowania integralno\u015bci uk\u0142adu. Zu\u017cycie uszczelek z czasem mo\u017ce prowadzi\u0107 do wyciek\u00f3w i spadku wydajno\u015bci. Regularna wymiana uszczelek pomo\u017ce utrzyma\u0107 optymaln\u0105 funkcjonalno\u015b\u0107 i zapobiegnie utracie p\u0142ynu hydraulicznego.<\/p>\n<p><img decoding=\"async\" src=\"https:\/\/www.hydraulic-cylinders.net\/wp-content\/uploads\/2025\/04\/songte-chushion-collar.webp\" alt=\"Obraz ko\u0142nierza poduszkowego\"><\/p>\n<h2>Zagadnienia bezpiecze\u0144stwa i czynniki \u015brodowiskowe<\/h2>\n<p>Podczas pracy z uk\u0142adami hydraulicznymi \u015brodki bezpiecze\u0144stwa s\u0105 najwa\u017cniejsze. Zawsze nale\u017cy przestrzega\u0107 zalece\u0144 producenta i u\u017cywa\u0107 sprz\u0119tu ochronnego, aby zapobiega\u0107 wypadkom. Nale\u017cy r\u00f3wnie\u017c wzi\u0105\u0107 pod uwag\u0119 wp\u0142yw p\u0142yn\u00f3w hydraulicznych na \u015brodowisko i wdro\u017cy\u0107 metody recyklingu i utylizacji, kt\u00f3re minimalizuj\u0105 szkodliwe oddzia\u0142ywanie na \u015brodowisko.<\/p>\n<h2>Rozwi\u0105zywanie typowych problem\u00f3w<\/h2>\n<ul>\n<li><strong>Przeciek:<\/strong> Sprawd\u017a, czy uszczelki i z\u0142\u0105czki nie s\u0105 uszkodzone; w razie potrzeby wymie\u0144.<\/li>\n<li><strong>Brak reakcji na operacj\u0119:<\/strong> Sprawd\u017a, czy poziom p\u0142ynu hydraulicznego jest odpowiedni i czy w uk\u0142adzie nie ma blokad.<\/li>\n<li><strong>Nadmierny ha\u0142as:<\/strong> Sprawd\u017a, czy w uk\u0142adzie nie ma powietrza lub czy podzespo\u0142y nie s\u0105 zu\u017cyte; w razie potrzeby odpowietrz uk\u0142ad i wymie\u0144 uszkodzone cz\u0119\u015bci.<\/li>\n<\/ul>\n<h2>Wskaz\u00f3wki dotycz\u0105ce rozwi\u0105zywania problem\u00f3w<\/h2>\n<p>Skuteczne rozwi\u0105zywanie problem\u00f3w obejmuje systematyczne sprawdzanie uk\u0142adu hydraulicznego. Zacznij od identyfikacji wszelkich nietypowych objaw\u00f3w i ustalenia ich potencjalnych przyczyn. Wdra\u017caj \u015brodki zapobiegawcze, takie jak regularna konserwacja i przegl\u0105dy, aby zminimalizowa\u0107 typowe problemy, zapewniaj\u0105c d\u0142ugoterminow\u0105 niezawodno\u015b\u0107 i wydajno\u015b\u0107.<\/p>\n<p><img decoding=\"async\" src=\"https:\/\/www.hydraulic-cylinders.net\/wp-content\/uploads\/2025\/04\/songte-bushings-with-all-kinds-of-excavator-models.webp\" alt=\"Obraz tulei\"><\/p>\n<h2>O naszej firmie<\/h2>\n<p>Jeste\u015bmy wiod\u0105cym producentem zamiennych si\u0142ownik\u00f3w hydraulicznych, oferuj\u0105cym szerok\u0105 gam\u0119 produkt\u00f3w na rynku krajowym i mi\u0119dzynarodowym. Nasze d\u0105\u017cenie do doskona\u0142o\u015bci przejawia si\u0119 w naszych udoskonalonych strategiach produkcyjnych oraz wykorzystaniu zaawansowanego sprz\u0119tu do produkcji cyfrowej i profesjonalnych system\u00f3w testowych. Dzi\u0119ki silnemu naciskowi na jako\u015b\u0107, nasze produkty s\u0105 projektowane tak, aby skutecznie spe\u0142nia\u0107 zr\u00f3\u017cnicowane potrzeby klient\u00f3w.<\/p>\n<h3>Ekspertyza<\/h3>\n<p>Do\u015bwiadczenie naszego zespo\u0142u w projektowaniu i produkcji cylindr\u00f3w hydraulicznych gwarantuje wysokie standardy i niezawodno\u015b\u0107 dzia\u0142ania.<\/p>\n<h3>Certyfikaty mi\u0119dzynarodowe<\/h3>\n<p>Przestrzegamy mi\u0119dzynarodowych norm, co gwarantuje, \u017ce nasze produkty spe\u0142niaj\u0105 rygorystyczne wymogi jako\u015bci i bezpiecze\u0144stwa.<\/p>\n<h3>Us\u0142ugi niestandardowe<\/h3>\n<p>Oferujemy rozwi\u0105zania dostosowane do indywidualnych potrzeb klienta, zwi\u0119kszaj\u0105c elastyczno\u015b\u0107 zastosowa\u0144.<\/p>\n<h3>Zaawansowany sprz\u0119t produkcyjny<\/h3>\n<p>Nasze najnowocze\u015bniejsze zak\u0142ady produkcyjne umo\u017cliwiaj\u0105 precyzyjn\u0105 produkcj\u0119 i kontrol\u0119 jako\u015bci.<\/p>\n<h3>Wsparcie posprzeda\u017cowe<\/h3>\n<p>Zapewniamy kompleksowe wsparcie posprzeda\u017cowe, aby zagwarantowa\u0107 zadowolenie klienta i niezawodno\u015b\u0107 produktu.<\/p>\n<p><img decoding=\"async\" src=\"https:\/\/www.hydraulic-cylinders.net\/wp-content\/uploads\/2025\/04\/songte-company-4.webp\" alt=\"Wizerunek firmy\"><br \/>\n<img decoding=\"async\" src=\"https:\/\/www.hydraulic-cylinders.net\/wp-content\/uploads\/2025\/04\/songte-company-3.webp\" alt=\"Wizerunek firmy\"><\/p>\n<p>Autor lyl<\/p>","protected":false},"excerpt":{"rendered":"<p>Boom Cylinder For Carter CT70-8G Understanding the Bucket Cylinder The Boom Cylinder for Carter CT70-8G is a specialized hydraulic cylinder designed to control the movement of buckets in heavy machinery such as excavators, backhoe loaders, and front loaders. This hydraulic component allows the bucket to lift, lower, and tilt, facilitating the efficient handling of materials. [&hellip;]<\/p>","protected":false},"featured_media":17873,"comment_status":"open","ping_status":"closed","template":"","meta":{"_et_pb_use_builder":"","_et_pb_old_content":"","_et_gb_content_width":""},"product_brand":[],"product_cat":[1546],"product_tag":[1547,1496],"class_list":{"0":"post-19520","1":"product","2":"type-product","3":"status-publish","4":"has-post-thumbnail","6":"product_cat-boom-cylinders","7":"product_tag-boom-cylinders","8":"product_tag-hydraulic-cylinders","10":"first","11":"instock","12":"shipping-taxable","13":"product-type-simple"},"amp_enabled":true,"_links":{"self":[{"href":"https:\/\/www.hydraulic-cylinders.net\/pl\/wp-json\/wp\/v2\/product\/19520","targetHints":{"allow":["GET"]}}],"collection":[{"href":"https:\/\/www.hydraulic-cylinders.net\/pl\/wp-json\/wp\/v2\/product"}],"about":[{"href":"https:\/\/www.hydraulic-cylinders.net\/pl\/wp-json\/wp\/v2\/types\/product"}],"replies":[{"embeddable":true,"href":"https:\/\/www.hydraulic-cylinders.net\/pl\/wp-json\/wp\/v2\/comments?post=19520"}],"wp:featuredmedia":[{"embeddable":true,"href":"https:\/\/www.hydraulic-cylinders.net\/pl\/wp-json\/wp\/v2\/media\/17873"}],"wp:attachment":[{"href":"https:\/\/www.hydraulic-cylinders.net\/pl\/wp-json\/wp\/v2\/media?parent=19520"}],"wp:term":[{"taxonomy":"product_brand","embeddable":true,"href":"https:\/\/www.hydraulic-cylinders.net\/pl\/wp-json\/wp\/v2\/product_brand?post=19520"},{"taxonomy":"product_cat","embeddable":true,"href":"https:\/\/www.hydraulic-cylinders.net\/pl\/wp-json\/wp\/v2\/product_cat?post=19520"},{"taxonomy":"product_tag","embeddable":true,"href":"https:\/\/www.hydraulic-cylinders.net\/pl\/wp-json\/wp\/v2\/product_tag?post=19520"}],"curies":[{"name":"wp","href":"https:\/\/api.w.org\/{rel}","templated":true}]}}