{"id":19521,"date":"2025-04-07T06:52:03","date_gmt":"2025-04-07T06:52:03","guid":{"rendered":"https:\/\/www.hydraulic-cylinders.net\/product\/boom-cylinder-for-carter-ct85-8a-8b\/"},"modified":"2025-04-07T06:52:06","modified_gmt":"2025-04-07T06:52:06","slug":"boom-cylinder-for-carter-ct85-8a-8b","status":"publish","type":"product","link":"https:\/\/www.hydraulic-cylinders.net\/pl\/produkt\/boom-cylinder-for-carter-ct85-8a-8b\/","title":{"rendered":"Si\u0142ownik wysi\u0119gnika do Carter CT85-8A-8B"},"content":{"rendered":"<h1>Si\u0142ownik wysi\u0119gnika do Carter CT85-8A-8B<\/h1>\n<h2>Wprowadzenie do cylindr\u00f3w wysi\u0119gnika<\/h2>\n<p>Ten <strong>Si\u0142ownik wysi\u0119gnika<\/strong> to kluczowy element uk\u0142ad\u00f3w hydraulicznych, zaprojektowany specjalnie do sterowania ruchem \u0142y\u017cek w r\u00f3\u017cnych maszynach ci\u0119\u017ckich, takich jak koparki, koparko-\u0142adowarki i \u0142adowarki czo\u0142owe. Si\u0142owniki te umo\u017cliwiaj\u0105 podnoszenie, opuszczanie i przechylanie \u0142y\u017cki, co u\u0142atwia przenoszenie materia\u0142\u00f3w. Funkcjonalno\u015b\u0107 si\u0142ownik\u00f3w wysi\u0119gnika jest niezb\u0119dna do wydajnej i efektywnej pracy w projektach budowlanych i wykopaliskowych.<\/p>\n<p><img decoding=\"async\" src=\"https:\/\/www.hydraulic-cylinders.net\/wp-content\/uploads\/2025\/04\/songte-company-1.webp\" alt=\"Si\u0142ownik wysi\u0119gnika\" \/><\/p>\n<h3>Czym jest cylinder wysi\u0119gnika?<\/h3>\n<p>Si\u0142ownik wysi\u0119gnika to rodzaj si\u0142ownika hydraulicznego wykorzystywanego do sterowania pionowymi i poziomymi ruchami wysi\u0119gnika lub ramienia w ci\u0119\u017ckim sprz\u0119cie. Przekszta\u0142caj\u0105c ci\u015bnienie hydrauliczne w ruch liniowy, si\u0142owniki te zapewniaj\u0105 niezb\u0119dn\u0105 moc do podnoszenia i kopania. Konstrukcja i wykonanie si\u0142ownik\u00f3w wysi\u0119gnika obejmuje materia\u0142y o wysokiej wytrzyma\u0142o\u015bci, aby wytrzyma\u0107 ekstremalne warunki pracy, zapewniaj\u0105c jednocze\u015bnie trwa\u0142o\u015b\u0107 i niezawodno\u015b\u0107.<\/p>\n<h2>Cechy cylindra wysi\u0119gnika<\/h2>\n<ul>\n<li><strong>Wysoka wytrzyma\u0142o\u015b\u0107 i trwa\u0142o\u015b\u0107:<\/strong> Wykonane z wytrzyma\u0142ej stali lub aluminium, cylindry te wytrzymuj\u0105 du\u017ce ci\u015bnienie i du\u017ce obci\u0105\u017cenia, dzi\u0119ki czemu nadaj\u0105 si\u0119 do pracy w trudnych warunkach.<\/li>\n<li><strong>Wydajna praca uk\u0142adu hydraulicznego:<\/strong> Si\u0142ownik wysi\u0119gnika dzia\u0142a p\u0142ynnie, wykorzystuj\u0105c ci\u015bnienie oleju hydraulicznego do szybkiego wysuwania i wsuwania, zapewniaj\u0105c solidn\u0105 si\u0142\u0119 pchania i ci\u0105gni\u0119cia do przenoszenia ci\u0119\u017ckich materia\u0142\u00f3w.<\/li>\n<li><strong>R\u00f3\u017cne typy:<\/strong> Cylindry s\u0105 dost\u0119pne w wariantach pojedynczego i podw\u00f3jnego dzia\u0142ania, aby spe\u0142ni\u0107 r\u00f3\u017cne wymagania operacyjne. Niekt\u00f3re modele maj\u0105 konstrukcj\u0119 teleskopow\u0105 zapewniaj\u0105c\u0105 wi\u0119kszy zasi\u0119g bez zwi\u0119kszania wymiar\u00f3w zewn\u0119trznych.<\/li>\n<li><strong>Mo\u017cliwo\u015b\u0107 dostosowania projektu:<\/strong> Si\u0142owniki wysi\u0119gnika mo\u017cna dostosowa\u0107 do konkretnych wymaga\u0144 maszyn, co zapewnia optymaln\u0105 wydajno\u015b\u0107 w r\u00f3\u017cnych zastosowaniach.<\/li>\n<li><strong>\u0141atwe w utrzymaniu:<\/strong> Zaprojektowane z my\u015bl\u0105 o \u0142atwej konserwacji, cylindry te umo\u017cliwiaj\u0105 proste kontrole i naprawy, zapewniaj\u0105c d\u0142ug\u0105 \u017cywotno\u015b\u0107.<\/li>\n<\/ul>\n<h2>Nasze mo\u017cliwo\u015bci produkcyjne<\/h2>\n<p>Specjalizujemy si\u0119 w produkcji wysokiej jako\u015bci si\u0142ownik\u00f3w wysi\u0119gnika i mo\u017cemy zapewni\u0107 doskona\u0142e zamienniki istniej\u0105cych na rynku si\u0142ownik\u00f3w hydraulicznych.<\/p>\n<p><img decoding=\"async\" src=\"https:\/\/www.hydraulic-cylinders.net\/wp-content\/uploads\/2025\/04\/songte-cylinder-head-with-all-kinds-excavator-models.webp\" alt=\"Produkcja cylindr\u00f3w hydraulicznych\" \/><\/p>\n<h2>Zastosowania cylindra wysi\u0119gnika<\/h2>\n<h3>Sprz\u0119t budowlany<\/h3>\n<p>W koparkach si\u0142owniki wysi\u0119gnika s\u0105 niezb\u0119dne do kopania, za\u0142adunku i przemieszczania gleby lub gruzu. Zapewniaj\u0105 one niezb\u0119dn\u0105 si\u0142\u0119, aby \u0142y\u017cka wbija\u0142a si\u0119 w grunt i sprawnie podnosi\u0142a ci\u0119\u017ckie \u0142adunki. Precyzyjna kontrola oferowana przez te si\u0142owniki pozwala operatorom wykonywa\u0107 skomplikowane ruchy, co czyni je nieocenionymi w pracach budowlanych.<\/p>\n<h3>Maszyny rolnicze<\/h3>\n<p>W \u0142adowarkach czo\u0142owych si\u0142owniki wysi\u0119gnika odpowiadaj\u0105 za nabieranie, podnoszenie i transport gleby, siana i innych materia\u0142\u00f3w. Mo\u017cliwo\u015b\u0107 sterowania k\u0105tem i wysoko\u015bci\u0105 \u0142y\u017cki zapewnia sprawny za\u0142adunek i roz\u0142adunek, co jest kluczowe w pracach rolniczych, gdzie czas i wydajno\u015b\u0107 maj\u0105 kluczowe znaczenie.<\/p>\n<h3>Koparki<\/h3>\n<p>Si\u0142ownik wysi\u0119gnika umo\u017cliwia koparkom penetracj\u0119 gruntu za pomoc\u0105 \u0142y\u017cki, co przyspiesza i usprawnia prace ziemne. Responsywno\u015b\u0107 uk\u0142adu hydraulicznego pozwala na precyzyjne prace ziemne, gwarantuj\u0105c realizacj\u0119 projekt\u00f3w zgodnie ze specyfikacj\u0105 i terminowo.<\/p>\n<h3>\u0141adowarki<\/h3>\n<p>W \u0142adowarkach czo\u0142owych si\u0142owniki wysi\u0119gnika wspomagaj\u0105 efektywne podnoszenie i wysypywanie materia\u0142\u00f3w. Si\u0142owniki hydrauliczne zapewniaj\u0105 \u0142atw\u0105 obs\u0142ug\u0119 ci\u0119\u017ckich materia\u0142\u00f3w, co przek\u0142ada si\u0119 na wzrost wydajno\u015bci na placu budowy.<\/p>\n<h2>Zagadnienia projektowe i kryteria wyboru<\/h2>\n<h3>No\u015bno\u015b\u0107<\/h3>\n<p>Wybieraj\u0105c si\u0142ownik wysi\u0119gnika, nale\u017cy koniecznie wzi\u0105\u0107 pod uwag\u0119 jego ud\u017awig. Si\u0142ownik musi by\u0107 w stanie unie\u015b\u0107 i utrzyma\u0107 maksymaln\u0105 mas\u0119 materia\u0142\u00f3w, kt\u00f3re b\u0119dzie transportowa\u0142, bez ryzyka awarii. Dotyczy to nie tylko masy materia\u0142\u00f3w, ale tak\u017ce si\u0142 dynamicznych wyst\u0119puj\u0105cych podczas pracy.<\/p>\n<h3>Uszczelnienie i trwa\u0142o\u015b\u0107<\/h3>\n<p>Skuteczne uszczelnienie jest kluczowe, aby zapobiec wyciekom p\u0142ynu hydraulicznego, kt\u00f3re mog\u0105 prowadzi\u0107 do obni\u017cenia wydajno\u015bci i zwi\u0119kszenia potrzeb konserwacyjnych. Aby zapewni\u0107 trwa\u0142o\u015b\u0107, nale\u017cy stosowa\u0107 wysokiej jako\u015bci uszczelki, a materia\u0142y powinny by\u0107 odporne na zu\u017cycie i uszkodzenia w \u015brodowisku pracy.<\/p>\n<h3>Funkcje bezpiecze\u0144stwa<\/h3>\n<p>Bezpiecze\u0144stwo jest priorytetem przy projektowaniu si\u0142ownik\u00f3w wysi\u0119gnika. Aby zapobiec wypadkom spowodowanym awari\u0105 uk\u0142adu hydraulicznego, nale\u017cy zastosowa\u0107 takie funkcje, jak zabezpieczenie przed przeci\u0105\u017ceniem i odpowiednie zawory bezpiecze\u0144stwa.<\/p>\n<h3>Konserwacja i naprawa<\/h3>\n<p>Dobrze zaprojektowany cylinder powinien umo\u017cliwia\u0107 \u0142atw\u0105 konserwacj\u0119 i napraw\u0119. Punkty dost\u0119pu do inspekcji oraz wymiany uszczelek i element\u00f3w mocuj\u0105cych powinny by\u0107 \u0142atwo dost\u0119pne, aby zminimalizowa\u0107 przestoje i zapewni\u0107 p\u0142ynne dzia\u0142anie.<\/p>\n<p><img decoding=\"async\" src=\"https:\/\/www.hydraulic-cylinders.net\/wp-content\/uploads\/2025\/04\/songte-oil-pipes-and-spare-parts.webp\" alt=\"Cz\u0119\u015bci cylindr\u00f3w hydraulicznych\" \/><\/p>\n<h2>Uszczelnianie i smarowanie<\/h2>\n<p>Prawid\u0142owe uszczelnienie i smarowanie maj\u0105 kluczowe znaczenie dla trwa\u0142o\u015bci i wydajno\u015bci si\u0142ownik\u00f3w wysi\u0119gnika. Aby zminimalizowa\u0107 wycieki, stosuje si\u0119 r\u00f3\u017cne uszczelnienia, takie jak uszczelnienia t\u0142oka i t\u0142oczyska. Ze wzgl\u0119du na odporno\u015b\u0107 na zu\u017cycie powszechnie stosuje si\u0119 uszczelnienia wykonane z materia\u0142\u00f3w takich jak poliuretan i kauczuk nitrylowy. Dodatkowo, korpus si\u0142ownika i gwintowane powierzchnie ko\u0144cowe s\u0105 precyzyjnie obrabiane w celu zwi\u0119kszenia odporno\u015bci na zu\u017cycie. Regularne smarowanie olejem hydraulicznym jest niezb\u0119dne dla zapewnienia p\u0142ynnej pracy i zapobiegania zu\u017cyciu.<\/p>\n<h2>\u015arodki konserwacji zapobiegawczej<\/h2>\n<ul>\n<li><strong>Regularne kontrole:<\/strong> Sprawd\u017a, czy na cylindrze i jego podzespo\u0142ach nie ma \u015blad\u00f3w zu\u017cycia, nieszczelno\u015bci lub uszkodze\u0144. Wczesne wykrycie mo\u017ce zapobiec powa\u017cnym awariom.<\/li>\n<li><strong>W\u0142a\u015bciwe smarowanie:<\/strong> Nale\u017cy regularnie uzupe\u0142nia\u0107 olej hydrauliczny i u\u017cywa\u0107 w\u0142a\u015bciwego rodzaju oleju, aby zachowa\u0107 wydajno\u015b\u0107 operacyjn\u0105.<\/li>\n<li><strong>Wymiana uszczelki:<\/strong> Monitoruj stan uszczelek i wymieniaj je w razie potrzeby, aby zapobiec wyciekom p\u0142ynu hydraulicznego i utrzyma\u0107 wydajno\u015b\u0107.<\/li>\n<\/ul>\n<h2>Przewodnik instalacji<\/h2>\n<p>Prawid\u0142owy monta\u017c si\u0142ownika wysi\u0119gnika ma kluczowe znaczenie dla optymalnej wydajno\u015bci. Na pocz\u0105tek nale\u017cy upewni\u0107 si\u0119, \u017ce powierzchnie monta\u017cowe si\u0142ownika i maszyny s\u0105 czyste i wolne od zanieczyszcze\u0144. U\u017cyj odpowiednich wspornik\u00f3w monta\u017cowych, aby zabezpieczy\u0107 si\u0142ownik na miejscu, upewniaj\u0105c si\u0119, \u017ce jest on prawid\u0142owo ustawiony wzgl\u0119dem przewod\u00f3w hydraulicznych. Przed uruchomieniem sprawd\u017a, czy wszystkie po\u0142\u0105czenia hydrauliczne s\u0105 szczelne i nie ma wyciek\u00f3w. Po monta\u017cu wa\u017cne jest, aby przetestowa\u0107 system, aby upewni\u0107 si\u0119, \u017ce si\u0142ownik dzia\u0142a p\u0142ynnie i wydajnie.<\/p>\n<h2>Typowe zadania konserwacyjne<\/h2>\n<h3>Regularne kontrole<\/h3>\n<p>Rutynowe kontrole s\u0105 kluczowe dla wczesnego wykrywania potencjalnych problem\u00f3w. Sprawd\u017a oznaki zu\u017cycia lub uszkodze\u0144 i upewnij si\u0119, \u017ce uk\u0142ad hydrauliczny dzia\u0142a prawid\u0142owo. Wczesne wykrycie mo\u017ce zapobiec kosztownym naprawom i zapewni\u0107 bezpiecze\u0144stwo.<\/p>\n<h3>Prawid\u0142owe smarowanie<\/h3>\n<p>Utrzymanie prawid\u0142owego smarowania jest kluczowe dla p\u0142ynnej pracy si\u0142ownika wysi\u0119gnika. Regularnie sprawdzaj poziom oleju hydraulicznego i upewnij si\u0119, \u017ce u\u017cywasz w\u0142a\u015bciwego rodzaju oleju, poniewa\u017c znacznie wyd\u0142u\u017cy to wydajno\u015b\u0107 i \u017cywotno\u015b\u0107 si\u0142ownika.<\/p>\n<h3>Wymiana uszczelek i kontrola kalibracji<\/h3>\n<p>Wymiana zu\u017cytych uszczelek jest niezb\u0119dna, aby zapobiec wyciekom p\u0142ynu hydraulicznego. Dodatkowo, przeprowadzanie kontroli kalibracji zapewnia optymaln\u0105 prac\u0119 si\u0142ownika, utrzymuj\u0105c wydajno\u015b\u0107 i bezpiecze\u0144stwo eksploatacji.<\/p>\n<p><img decoding=\"async\" src=\"https:\/\/www.hydraulic-cylinders.net\/wp-content\/uploads\/2025\/04\/songte-chushion-collar.webp\" alt=\"Ko\u0142nierz poduszkowy\" \/><\/p>\n<h2>Zagadnienia bezpiecze\u0144stwa i czynniki \u015brodowiskowe<\/h2>\n<p>Wdro\u017cenie \u015brodk\u00f3w bezpiecze\u0144stwa podczas u\u017cytkowania si\u0142ownik\u00f3w wysi\u0119gnika jest kluczowe. Operatorzy powinni by\u0107 przeszkoleni w zakresie prawid\u0142owego u\u017cytkowania, aby zminimalizowa\u0107 ryzyko wypadk\u00f3w. Czynniki \u015brodowiskowe, takie jak ekstremalne temperatury i wilgotno\u015b\u0107, mog\u0105 wp\u0142ywa\u0107 na wydajno\u015b\u0107 uk\u0142ad\u00f3w hydraulicznych, dlatego nale\u017cy podj\u0105\u0107 \u015brodki ochronne, aby zapewni\u0107 ich trwa\u0142o\u015b\u0107.<\/p>\n<h2>Rozwi\u0105zywanie problem\u00f3w i typowe problemy<\/h2>\n<ul>\n<li><strong>Wyciek p\u0142ynu hydraulicznego:<\/strong> Przyczyn\u0105 mo\u017ce by\u0107 zu\u017cyte uszczelki lub uszkodzone przewody. Sprawd\u017a i wymie\u0144 uszczelki w razie potrzeby.<\/li>\n<li><strong>Powolna praca:<\/strong> Je\u017celi cylinder pracuje powoli, nale\u017cy sprawdzi\u0107 poziom oleju hydraulicznego i upewni\u0107 si\u0119, \u017ce w uk\u0142adzie nie ma \u017cadnych blokad.<\/li>\n<li><strong>Nietypowe d\u017awi\u0119ki:<\/strong> Ha\u0142asy podczas pracy mog\u0105 wskazywa\u0107 na uszkodzenia wewn\u0119trzne lub brak smarowania. Nale\u017cy niezw\u0142ocznie zbada\u0107 i rozwi\u0105za\u0107 wszelkie nieprawid\u0142owo\u015bci.<\/li>\n<\/ul>\n<h2>Wskaz\u00f3wki dotycz\u0105ce rozwi\u0105zywania problem\u00f3w<\/h2>\n<p>Aby skutecznie zdiagnozowa\u0107 problemy z si\u0142ownikiem wysi\u0119gnika, nale\u017cy zacz\u0105\u0107 od sprawdzenia poziomu p\u0142ynu hydraulicznego i ewentualnego wycieku. Regularna konserwacja mo\u017ce zapobiec wielu problemom. Je\u015bli problemy nie ust\u0105pi\u0105, nale\u017cy skonsultowa\u0107 si\u0119 ze specjalist\u0105 w celu przeprowadzenia kompleksowej diagnostyki i naprawy.<\/p>\n<p><img decoding=\"async\" src=\"https:\/\/www.hydraulic-cylinders.net\/wp-content\/uploads\/2025\/04\/songte-bushings-with-all-kinds-of-excavator-models.webp\" alt=\"Tuleje koparki\" \/><\/p>\n<h2>Przegl\u0105d firmy<\/h2>\n<p>Jeste\u015bmy wiod\u0105cym producentem zamiennych cylindr\u00f3w hydraulicznych, ugruntowanym na rynku krajowym i mi\u0119dzynarodowym. Nasze zaanga\u017cowanie w d\u0105\u017cenie do doskona\u0142o\u015bci znajduje odzwierciedlenie w naszej zr\u00f3\u017cnicowanej ofercie produkt\u00f3w. Stosujemy dopracowan\u0105 strategi\u0119 produkcyjn\u0105, k\u0142ad\u0105c nacisk na jako\u015b\u0107 i precyzj\u0119. Nasi wykwalifikowani technicy i zaawansowany cyfrowy sprz\u0119t produkcyjny zwi\u0119kszaj\u0105 nasze mo\u017cliwo\u015bci produkcyjne, gwarantuj\u0105c skuteczne zaspokajanie zr\u00f3\u017cnicowanych potrzeb klient\u00f3w.<\/p>\n<h3>Profesjonalizm i mi\u0119dzynarodowa certyfikacja<\/h3>\n<p>Nasze produkty spe\u0142niaj\u0105 mi\u0119dzynarodowe standardy, zapewniaj\u0105c naszym klientom spok\u00f3j ducha. Oferujemy us\u0142ugi dostosowane do indywidualnych potrzeb i zapewniamy kontrol\u0119 jako\u015bci na ka\u017cdym etapie produkcji.<\/p>\n<h3>Sprz\u0119t produkcyjny<\/h3>\n<p>Nasz najnowocze\u015bniejszy sprz\u0119t produkcyjny gwarantuje wysok\u0105 wydajno\u015b\u0107 i precyzj\u0119 produkcji. Pozwala nam to zachowa\u0107 wysok\u0105 jako\u015b\u0107 produkt\u00f3w i dotrzymywa\u0107 termin\u00f3w realizacji.<\/p>\n<h3>Serwis posprzeda\u017cowy<\/h3>\n<p>Jeste\u015bmy dumni z naszego solidnego wsparcia posprzeda\u017cowego, gwarantuj\u0105cego satysfakcj\u0119 klienta poprzez niezawodn\u0105 obs\u0142ug\u0119 i doradztwo posprzeda\u017cowe. Nasz zesp\u00f3\u0142 jest zawsze do dyspozycji, aby odpowiedzie\u0107 na wszelkie pytania i w\u0105tpliwo\u015bci.<\/p>\n<p><img decoding=\"async\" src=\"https:\/\/www.hydraulic-cylinders.net\/wp-content\/uploads\/2025\/04\/songte-company-4.webp\" alt=\"Firma produkuj\u0105ca cylindry hydrauliczne\" \/><br \/>\n<img decoding=\"async\" src=\"https:\/\/www.hydraulic-cylinders.net\/wp-content\/uploads\/2025\/04\/songte-company-3.webp\" alt=\"Przegl\u0105d firmy\" \/><\/p>\n<p>Autor: lyl<\/p>","protected":false},"excerpt":{"rendered":"<p>Boom Cylinder For Carter CT85-8A-8B Introduction to Boom Cylinders The Boom Cylinder is a crucial component in hydraulic systems, specifically designed to control the motion of buckets in various heavy machinery, such as excavators, backhoe loaders, and front loaders. These cylinders enable the bucket to lift, lower, and tilt, which facilitates material handling tasks. The [&hellip;]<\/p>","protected":false},"featured_media":17874,"comment_status":"open","ping_status":"closed","template":"","meta":{"_et_pb_use_builder":"","_et_pb_old_content":"","_et_gb_content_width":""},"product_brand":[],"product_cat":[1546],"product_tag":[1547,1496],"class_list":{"0":"post-19521","1":"product","2":"type-product","3":"status-publish","4":"has-post-thumbnail","6":"product_cat-boom-cylinders","7":"product_tag-boom-cylinders","8":"product_tag-hydraulic-cylinders","10":"first","11":"instock","12":"shipping-taxable","13":"product-type-simple"},"amp_enabled":true,"_links":{"self":[{"href":"https:\/\/www.hydraulic-cylinders.net\/pl\/wp-json\/wp\/v2\/product\/19521","targetHints":{"allow":["GET"]}}],"collection":[{"href":"https:\/\/www.hydraulic-cylinders.net\/pl\/wp-json\/wp\/v2\/product"}],"about":[{"href":"https:\/\/www.hydraulic-cylinders.net\/pl\/wp-json\/wp\/v2\/types\/product"}],"replies":[{"embeddable":true,"href":"https:\/\/www.hydraulic-cylinders.net\/pl\/wp-json\/wp\/v2\/comments?post=19521"}],"wp:featuredmedia":[{"embeddable":true,"href":"https:\/\/www.hydraulic-cylinders.net\/pl\/wp-json\/wp\/v2\/media\/17874"}],"wp:attachment":[{"href":"https:\/\/www.hydraulic-cylinders.net\/pl\/wp-json\/wp\/v2\/media?parent=19521"}],"wp:term":[{"taxonomy":"product_brand","embeddable":true,"href":"https:\/\/www.hydraulic-cylinders.net\/pl\/wp-json\/wp\/v2\/product_brand?post=19521"},{"taxonomy":"product_cat","embeddable":true,"href":"https:\/\/www.hydraulic-cylinders.net\/pl\/wp-json\/wp\/v2\/product_cat?post=19521"},{"taxonomy":"product_tag","embeddable":true,"href":"https:\/\/www.hydraulic-cylinders.net\/pl\/wp-json\/wp\/v2\/product_tag?post=19521"}],"curies":[{"name":"wp","href":"https:\/\/api.w.org\/{rel}","templated":true}]}}