{"id":19524,"date":"2025-04-07T06:52:37","date_gmt":"2025-04-07T06:52:37","guid":{"rendered":"https:\/\/www.hydraulic-cylinders.net\/product\/boom-cylinder-for-kym-ky55\/"},"modified":"2025-04-07T06:52:45","modified_gmt":"2025-04-07T06:52:45","slug":"boom-cylinder-for-kym-ky55","status":"publish","type":"product","link":"https:\/\/www.hydraulic-cylinders.net\/pl\/produkt\/boom-cylinder-for-kym-ky55\/","title":{"rendered":"Si\u0142ownik wysi\u0119gnika do KYM KY55"},"content":{"rendered":"<h1>Si\u0142ownik wysi\u0119gnika do KYM KY55<\/h1>\n<h2>Wprowadzenie do cylindra wysi\u0119gnika<\/h2>\n<p>Si\u0142ownik wysi\u0119gnika to kluczowy element zaprojektowany specjalnie do ci\u0119\u017ckich maszyn, umo\u017cliwiaj\u0105cy sterowanie ruchami \u0142y\u017cki w takich zastosowaniach jak koparki, koparko-\u0142adowarki i \u0142adowarki czo\u0142owe. Te si\u0142owniki hydrauliczne umo\u017cliwiaj\u0105 podnoszenie, opuszczanie i przechylanie \u0142y\u017cki, u\u0142atwiaj\u0105c wydajne przenoszenie materia\u0142\u00f3w. Dzia\u0142aj\u0105c jako si\u0142ownik, si\u0142ownik wysi\u0119gnika przekszta\u0142ca energi\u0119 hydrauliczn\u0105 w si\u0142\u0119 mechaniczn\u0105, zapewniaj\u0105c p\u0142ynn\u0105 prac\u0119 nawet przy du\u017cych obci\u0105\u017ceniach. Wykorzystuj\u0105c ci\u015bnienie hydrauliczne, si\u0142ownik odgrywa kluczow\u0105 rol\u0119 w kopaniu i podnoszeniu materia\u0142\u00f3w, co czyni go niezast\u0105pionym w r\u00f3\u017cnych ga\u0142\u0119ziach przemys\u0142u, w tym w budownictwie i rolnictwie.<\/p>\n<p><img decoding=\"async\" src=\"https:\/\/www.hydraulic-cylinders.net\/wp-content\/uploads\/2025\/04\/songte-company-1.webp\" alt=\"Obraz cylindra wysi\u0119gnika\" \/><\/p>\n<h2>Cechy cylindra wysi\u0119gnika<\/h2>\n<ul>\n<li>\n<h3>Wysoka wytrzyma\u0142o\u015b\u0107 i trwa\u0142o\u015b\u0107<\/h3>\n<p>Wykonany z wysokowytrzyma\u0142ej stali lub aluminium, si\u0142ownik wysi\u0119gnika zosta\u0142 zaprojektowany tak, aby wytrzyma\u0107 wysokie ci\u015bnienie i du\u017ce obci\u0105\u017cenia. Zaprojektowano go do pracy w trudnych warunkach, a jego funkcje zwi\u0119kszaj\u0105 odporno\u015b\u0107 na zu\u017cycie i korozj\u0119, co przek\u0142ada si\u0119 na d\u0142u\u017csz\u0105 \u017cywotno\u015b\u0107.<\/p>\n<\/li>\n<li>\n<h3>Wydajna praca hydrauliczna<\/h3>\n<p>Si\u0142ownik wykorzystuje ci\u015bnienie oleju hydraulicznego, aby zapewni\u0107 p\u0142ynne i responsywne wysuwanie i wsuwanie, zapewniaj\u0105c du\u017c\u0105 si\u0142\u0119 pchania i ci\u0105gni\u0119cia. Ta wydajno\u015b\u0107 sprawia, \u017ce \u200b\u200bnadaje si\u0119 on do przenoszenia ci\u0119\u017ckich materia\u0142\u00f3w i wykonywania skomplikowanych zada\u0144.<\/p>\n<\/li>\n<li>\n<h3>Dost\u0119pne r\u00f3\u017cne typy<\/h3>\n<p>W zale\u017cno\u015bci od potrzeb eksploatacyjnych, klienci mog\u0105 wybiera\u0107 mi\u0119dzy si\u0142ownikami jednostronnego dzia\u0142ania (ci\u015bnienie hydrauliczne w jednym kierunku) lub dwustronnego dzia\u0142ania (ci\u015bnienie hydrauliczne w obu kierunkach). Niekt\u00f3re modele s\u0105 teleskopowe, co pozwala na wi\u0119ksze wyd\u0142u\u017cenie bez zwi\u0119kszania wymiar\u00f3w zewn\u0119trznych, co jest idealne w zastosowaniach o ograniczonej przestrzeni.<\/p>\n<\/li>\n<\/ul>\n<p>Jeste\u015bmy producentem tego produktu i oferujemy go jako doskona\u0142y zamiennik r\u00f3\u017cnych cylindr\u00f3w hydraulicznych.<\/p>\n<p><img decoding=\"async\" src=\"https:\/\/www.hydraulic-cylinders.net\/wp-content\/uploads\/2025\/04\/songte-cylinder-head-with-all-kinds-excavator-models.webp\" alt=\"Modele koparek\" \/><\/p>\n<h2>Zastosowania cylindra wysi\u0119gnika<\/h2>\n<ul>\n<li>\n<h3>Sprz\u0119t budowlany<\/h3>\n<p>W koparkach si\u0142owniki wysi\u0119gnika s\u0105 niezb\u0119dne do kopania, za\u0142adunku i przemieszczania ziemi lub gruzu. Umo\u017cliwiaj\u0105 one \u0142y\u017cce skuteczn\u0105 penetracj\u0119 gruntu, co przek\u0142ada si\u0119 na sprawne wykopy. Ponadto, w koparko-\u0142adowarkach, wspomagaj\u0105 one zar\u00f3wno kopanie, jak i podnoszenie, zwi\u0119kszaj\u0105c wszechstronno\u015b\u0107 i wydajno\u015b\u0107 maszyny.<\/p>\n<\/li>\n<li>\n<h3>Maszyny rolnicze<\/h3>\n<p>W \u0142adowarkach czo\u0142owych si\u0142owniki wysi\u0119gnika u\u0142atwiaj\u0105 nabieranie, podnoszenie i transport ziemi, siana i innych materia\u0142\u00f3w. Ich niezawodne dzia\u0142anie ma kluczowe znaczenie w pracach rolniczych, co czyni je niezb\u0119dnymi dla rolnik\u00f3w, kt\u00f3rzy w codziennej pracy polegaj\u0105 na ci\u0119\u017ckim sprz\u0119cie.<\/p>\n<\/li>\n<li>\n<h3>Koparki<\/h3>\n<p>Si\u0142ownik wysi\u0119gnika umo\u017cliwia koparkom wykonywanie ruch\u00f3w kopania, umo\u017cliwiaj\u0105c \u0142y\u017cce skuteczne zag\u0142\u0119bianie si\u0119 w gleb\u0119. Ta funkcjonalno\u015b\u0107 jest kluczowa w przypadku projekt\u00f3w wymagaj\u0105cych wykop\u00f3w, dlatego si\u0142ownik wysi\u0119gnika jest kluczowym elementem tych maszyn.<\/p>\n<\/li>\n<li>\n<h3>\u0141adowarki<\/h3>\n<p>W \u0142adowarkach czo\u0142owych si\u0142owniki wysi\u0119gnika pomagaj\u0105 w efektywnym podnoszeniu i opr\u00f3\u017cnianiu \u0142adunk\u00f3w. Zapewniaj\u0105 one niezb\u0119dn\u0105 si\u0142\u0119 do przechylenia \u0142y\u017cki, gwarantuj\u0105c efektywne przenoszenie materia\u0142u i optymalizuj\u0105c rozk\u0142ad \u0142adunku, co przek\u0142ada si\u0119 na bezpiecze\u0144stwo pracy.<\/p>\n<\/li>\n<\/ul>\n<h2>Zagadnienia projektowe i kryteria wyboru<\/h2>\n<ul>\n<li>\n<h3>No\u015bno\u015b\u0107<\/h3>\n<p>Wybieraj\u0105c si\u0142ownik wysi\u0119gnika, nale\u017cy wzi\u0105\u0107 pod uwag\u0119 jego ud\u017awig, aby upewni\u0107 si\u0119, \u017ce wytrzyma on zadany ci\u0119\u017car bez ryzyka awarii. Obejmuje to ocen\u0119 materia\u0142\u00f3w u\u017cytych do budowy, wymiar\u00f3w si\u0142ownika oraz ci\u015bnienia hydraulicznego, jakie mo\u017ce wytrzyma\u0107.<\/p>\n<\/li>\n<li>\n<h3>Wydajno\u015b\u0107 uszczelnienia<\/h3>\n<p>Skuteczne uszczelnienie ma kluczowe znaczenie dla zapobiegania wyciekom p\u0142ynu hydraulicznego i zapewnienia optymalnej wydajno\u015bci. Cylindry musz\u0105 by\u0107 wyposa\u017cone w wysokiej jako\u015bci uszczelki, kt\u00f3re wytrzymuj\u0105 ekstremalne ci\u015bnienie i zapewniaj\u0105 smarowanie, co wyd\u0142u\u017ca \u017cywotno\u015b\u0107 i wydajno\u015b\u0107 cylindra.<\/p>\n<\/li>\n<li>\n<h3>Trwa\u0142o\u015b\u0107<\/h3>\n<p>Trwa\u0142o\u015b\u0107 jest kluczowym czynnikiem w projektowaniu si\u0142ownik\u00f3w wysi\u0119gnika. Musz\u0105 one by\u0107 odporne na zu\u017cycie i uszkodzenia wynikaj\u0105ce z ci\u0105g\u0142ego u\u017cytkowania w trudnych warunkach. Wyb\u00f3r materia\u0142\u00f3w odpornych na korozj\u0119 i uszkodzenia spowodowane czynnikami zewn\u0119trznymi jest kluczowy dla zachowania ich d\u0142ugowieczno\u015bci.<\/p>\n<\/li>\n<li>\n<h3>Funkcje bezpiecze\u0144stwa<\/h3>\n<p>Bezpiecze\u0144stwo nigdy nie powinno by\u0107 zagro\u017cone. Si\u0142owniki wysi\u0119gnika musz\u0105 by\u0107 wyposa\u017cone w zabezpieczenia zapobiegaj\u0105ce wypadkom, takie jak zawory bezpiecze\u0144stwa i solidne konstrukcje, kt\u00f3re wytrzymuj\u0105 nieoczekiwane obci\u0105\u017cenia lub uderzenia, zapewniaj\u0105c bezpiecze\u0144stwo operator\u00f3w i maszyn.<\/p>\n<\/li>\n<li>\n<h3>Dost\u0119pno\u015b\u0107 konserwacyjna<\/h3>\n<p>\u0141atwo\u015b\u0107 konserwacji ma kluczowe znaczenie dla trwa\u0142o\u015bci cylindr\u00f3w hydraulicznych. Konstrukcja powinna umo\u017cliwia\u0107 \u0142atwy dost\u0119p do podzespo\u0142\u00f3w, takich jak uszczelki i z\u0142\u0105czki, u\u0142atwiaj\u0105c regularne kontrole, konserwacj\u0119 i naprawy, a tym samym minimalizuj\u0105c przestoje.<\/p>\n<\/li>\n<\/ul>\n<p><img decoding=\"async\" src=\"https:\/\/www.hydraulic-cylinders.net\/wp-content\/uploads\/2025\/04\/songte-oil-pipes-and-spare-parts.webp\" alt=\"Rury olejowe i cz\u0119\u015bci zamienne\" \/><\/p>\n<h2>Uszczelnianie i smarowanie<\/h2>\n<p>Prawid\u0142owe uszczelnienie i smarowanie maj\u0105 kluczowe znaczenie dla wydajno\u015bci i trwa\u0142o\u015bci si\u0142ownik\u00f3w wysi\u0119gnika. R\u00f3\u017cne uszczelnienia, takie jak uszczelnienia t\u0142oka i t\u0142oczyska, zapewniaj\u0105 utrzymanie p\u0142ynu hydraulicznego w cylindrze. Uszczelnienia wykonane z materia\u0142\u00f3w odpornych na zu\u017cycie, takich jak poliuretan i kauczuk nitrylowy, idealnie minimalizuj\u0105 zu\u017cycie. Dodatkowo korpus si\u0142ownika i gwintowane ko\u0144c\u00f3wki s\u0105 precyzyjnie obrabiane, aby zwi\u0119kszy\u0107 ich odporno\u015b\u0107 na czynniki \u015bcierne. Regularne smarowanie olejem hydraulicznym jest niezb\u0119dne dla zapewnienia p\u0142ynnej pracy, zmniejszenia tarcia i zapobiegania przegrzaniu, a tym samym wyd\u0142u\u017cenia \u017cywotno\u015bci si\u0142ownika.<\/p>\n<h2>Regularne kontrole i \u015brodki konserwacji zapobiegawczej<\/h2>\n<ul>\n<li>\n<h3>Regularne kontrole<\/h3>\n<p>Nale\u017cy regularnie przeprowadza\u0107 kontrole si\u0142ownika wysi\u0119gnika w celu wykrycia wszelkich oznak zu\u017cycia, wyciek\u00f3w lub uszkodze\u0144. Wczesne wykrycie problem\u00f3w mo\u017ce zapobiec powa\u017cniejszym awariom i kosztownym naprawom.<\/p>\n<\/li>\n<li>\n<h3>Prawid\u0142owe smarowanie<\/h3>\n<p>Utrzymanie odpowiedniego poziomu smarowania w uk\u0142adzie hydraulicznym jest kluczowe. Nale\u017cy pami\u0119ta\u0107 o uzupe\u0142nianiu oleju hydraulicznego w razie potrzeby, aby unikn\u0105\u0107 przegrzania i nadmiernego zu\u017cycia podzespo\u0142\u00f3w.<\/p>\n<\/li>\n<li>\n<h3>Wymiana uszczelki<\/h3>\n<p>Uszczelki nale\u017cy regularnie wymienia\u0107, aby zapobiec wyciekom p\u0142ynu hydraulicznego. Nale\u017cy wdro\u017cy\u0107 harmonogram kontroli i wymiany uszczelek, aby zapewni\u0107 optymaln\u0105 wydajno\u015b\u0107 si\u0142ownika wysi\u0119gnika.<\/p>\n<\/li>\n<\/ul>\n<h2>Wytyczne dotycz\u0105ce instalacji<\/h2>\n<p>Prawid\u0142owy monta\u017c si\u0142ownika wysi\u0119gnika jest niezb\u0119dny dla jego optymalnej wydajno\u015bci. Na pocz\u0105tek nale\u017cy upewni\u0107 si\u0119, \u017ce si\u0142ownik jest prawid\u0142owo ustawiony wzgl\u0119dem punkt\u00f3w mocowania, aby zapobiec problemom z jego rozbie\u017cno\u015bci\u0105. Nale\u017cy u\u017cy\u0107 odpowiednich wspornik\u00f3w monta\u017cowych, aby zabezpieczy\u0107 si\u0142ownik na miejscu, upewniaj\u0105c si\u0119, \u017ce jest on mocno dokr\u0119cony, co zapobiega jego przemieszczaniu si\u0119 podczas pracy. Kluczowe jest prawid\u0142owe pod\u0142\u0105czenie przewod\u00f3w hydraulicznych, zgodnie ze specyfikacjami producenta dotycz\u0105cymi ci\u015bnienia i przy\u0142\u0105czy p\u0142yn\u00f3w. Po monta\u017cu, przed uruchomieniem maszyny, nale\u017cy przeprowadzi\u0107 dok\u0142adn\u0105 kontrol\u0119 wszystkich po\u0142\u0105cze\u0144 i ustawie\u0144, upewniaj\u0105c si\u0119, \u017ce wszystko jest na swoim miejscu, co zapewnia bezpieczne i wydajne u\u017cytkowanie.<\/p>\n<h2>Typowe zadania konserwacyjne<\/h2>\n<ul>\n<li>\n<h3>Regularne kontrole<\/h3>\n<p>Przeprowadzanie rutynowych kontroli jest kluczowe dla identyfikacji potencjalnych problem\u00f3w, zanim si\u0119 nasil\u0105. Nale\u017cy szuka\u0107 oznak zu\u017cycia lub uszkodze\u0144 i natychmiast rozwi\u0105zywa\u0107 wszelkie problemy, aby zapewni\u0107 optymaln\u0105 prac\u0119 si\u0142ownika wysi\u0119gnika.<\/p>\n<\/li>\n<li>\n<h3>Odpowiednie smarowanie<\/h3>\n<p>Stosowanie w\u0142a\u015bciwego rodzaju i ilo\u015bci oleju hydraulicznego jest niezb\u0119dne do utrzymania wydajno\u015bci. Nale\u017cy regularnie uzupe\u0142nia\u0107 \u015brodki smarne i dba\u0107 o czysto\u015b\u0107 uk\u0142adu, aby chroni\u0107 integralno\u015b\u0107 si\u0142ownika wysi\u0119gnika.<\/p>\n<\/li>\n<li>\n<h3>Wymiana uszczelek i kontrola kalibracji<\/h3>\n<p>Regularna wymiana uszczelek i przeprowadzanie kontroli kalibracji zapewniaj\u0105 p\u0142ynn\u0105 prac\u0119 systemu. Podczas rutynowych przegl\u0105d\u00f3w konserwacyjnych nale\u017cy sprawdza\u0107 stan uszczelek pod k\u0105tem zu\u017cycia, a wszelkie niewsp\u00f3\u0142osiowo\u015bci w uk\u0142adzie hydraulicznym nale\u017cy niezw\u0142ocznie korygowa\u0107.<\/p>\n<\/li>\n<\/ul>\n<p><img decoding=\"async\" src=\"https:\/\/www.hydraulic-cylinders.net\/wp-content\/uploads\/2025\/04\/songte-chushion-collar.webp\" alt=\"Ko\u0142nierz poduszkowy\" \/><\/p>\n<h2>Zagadnienia bezpiecze\u0144stwa i czynniki \u015brodowiskowe<\/h2>\n<p>Podczas pracy z uk\u0142adami hydraulicznymi \u015brodki bezpiecze\u0144stwa s\u0105 niezwykle wa\u017cne. Odpowiednie przeszkolenie w zakresie obs\u0142ugi maszyn wyposa\u017conych w si\u0142owniki wysi\u0119gnika jest niezb\u0119dne, aby zminimalizowa\u0107 ryzyko wypadk\u00f3w. Operatorzy powinni by\u0107 \u015bwiadomi potencjalnych zagro\u017ce\u0144 zwi\u0105zanych z ci\u015bnieniem hydraulicznym i zawsze nosi\u0107 sprz\u0119t bezpiecze\u0144stwa. Nale\u017cy r\u00f3wnie\u017c wzi\u0105\u0107 pod uwag\u0119 wzgl\u0119dy \u015brodowiskowe \u2013 stosowanie ekologicznych p\u0142yn\u00f3w hydraulicznych mo\u017ce zmniejszy\u0107 negatywny wp\u0142yw na \u015brodowisko. Zu\u017cyte oleje i p\u0142yny nale\u017cy utylizowa\u0107 zgodnie z lokalnymi przepisami, aby zapobiec zanieczyszczeniu gleby lub \u017ar\u00f3de\u0142 wody.<\/p>\n<h2>Rozwi\u0105zywanie typowych problem\u00f3w<\/h2>\n<ul>\n<li>\n<h3>Przeciek<\/h3>\n<p>Wyciek p\u0142ynu hydraulicznego mo\u017ce wskazywa\u0107 na zu\u017cycie uszczelek lub uszkodzenie podzespo\u0142\u00f3w. Sprawd\u017a uszczelki pod k\u0105tem \u015blad\u00f3w zu\u017cycia i wymie\u0144 je w razie potrzeby. Sprawd\u017a szczelno\u015b\u0107 po\u0142\u0105cze\u0144, aby zapobiec wyciekom.<\/p>\n<\/li>\n<li>\n<h3>Obni\u017cona wydajno\u015b\u0107<\/h3>\n<p>Je\u015bli si\u0142ownik wysi\u0119gnika nie dzia\u0142a zgodnie z oczekiwaniami, nale\u017cy sprawdzi\u0107 poziom i jako\u015b\u0107 p\u0142ynu hydraulicznego. Niski poziom lub zanieczyszczenie p\u0142ynu mo\u017ce negatywnie wp\u0142yn\u0105\u0107 na wydajno\u015b\u0107. Dodatkowo nale\u017cy sprawdzi\u0107, czy przewody hydrauliczne nie s\u0105 zablokowane.<\/p>\n<\/li>\n<li>\n<h3>Nieoczekiwane d\u017awi\u0119ki<\/h3>\n<p>Nietypowe odg\u0142osy podczas pracy mog\u0105 \u015bwiadczy\u0107 o uszkodzeniu wewn\u0119trznym lub niskim poziomie smarowania. Nale\u017cy zbada\u0107 przyczyn\u0119 ha\u0142asu i natychmiast podj\u0105\u0107 dzia\u0142ania, aby zapobiec dalszym uszkodzeniom.<\/p>\n<\/li>\n<\/ul>\n<p>Wdra\u017canie \u015brodk\u00f3w zapobiegawczych, takich jak regularne kontrole i terminowa konserwacja, mo\u017ce znacznie zmniejszy\u0107 prawdopodobie\u0144stwo wyst\u0105pienia tych problem\u00f3w, zapewniaj\u0105c niezawodno\u015b\u0107 si\u0142ownika wysi\u0119gnika.<\/p>\n<p><img decoding=\"async\" src=\"https:\/\/www.hydraulic-cylinders.net\/wp-content\/uploads\/2025\/04\/songte-bushings-with-all-kinds-of-excavator-models.webp\" alt=\"Tuleje z modelami koparek\" \/><\/p>\n<h2>O naszej firmie<\/h2>\n<p>Jeste\u015bmy wiod\u0105cym producentem zamiennych cylindr\u00f3w hydraulicznych, znanym z bogatej oferty produkt\u00f3w i dba\u0142o\u015bci o jako\u015b\u0107. Jako jeden z czo\u0142owych producent\u00f3w i hurtownik\u00f3w na rynku krajowym i mi\u0119dzynarodowym, przestrzegamy najwy\u017cszych standard\u00f3w doskona\u0142o\u015bci. Nasze zaawansowane strategie zarz\u0105dzania produkcj\u0105, w po\u0142\u0105czeniu z wykwalifikowanym personelem technicznym i zaawansowanym sprz\u0119tem produkcyjnym, pozwalaj\u0105 nam dostarcza\u0107 wysokiej jako\u015bci cylindry hydrauliczne. Nasze procesy produkcyjne s\u0105 zoptymalizowane pod k\u0105tem wydajno\u015bci, precyzji i jako\u015bci, co gwarantuje spe\u0142nienie zr\u00f3\u017cnicowanych potrzeb naszych klient\u00f3w.<\/p>\n<ul>\n<li>\n<h3>Ekspertyza i certyfikaty bran\u017cowe<\/h3>\n<p>Posiadamy szerok\u0105 wiedz\u0119 bran\u017cow\u0105 oraz certyfikaty potwierdzaj\u0105ce nasze zaanga\u017cowanie w przestrzeganie standard\u00f3w jako\u015bci i bezpiecze\u0144stwa, co gwarantuje niezawodno\u015b\u0107 i wydajno\u015b\u0107 naszych produkt\u00f3w.<\/p>\n<\/li>\n<li>\n<h3>Us\u0142ugi niestandardowe<\/h3>\n<p>Oferujemy rozwi\u0105zania dostosowane do indywidualnych potrzeb klienta, zwi\u0119kszaj\u0105c wszechstronno\u015b\u0107 naszych produkt\u00f3w i gwarantuj\u0105c zadowolenie klienta.<\/p>\n<\/li>\n<li>\n<h3>Zaawansowany sprz\u0119t produkcyjny<\/h3>\n<p>Nasze najnowocze\u015bniejsze zak\u0142ady produkcyjne wykorzystuj\u0105 najnowocze\u015bniejsze technologie do produkcji wysokiej jako\u015bci cylindr\u00f3w hydraulicznych, gwarantuj\u0105c precyzj\u0119 i wydajno\u015b\u0107 ka\u017cdego egzemplarza.<\/p>\n<\/li>\n<li>\n<h3>Kompleksowe wsparcie posprzeda\u017cowe<\/h3>\n<p>Zapewniamy sta\u0142e wsparcie i serwis posprzeda\u017cowy, dzi\u0119ki czemu nasi klienci otrzymuj\u0105 pomoc zawsze, gdy jej potrzebuj\u0105, buduj\u0105c w ten spos\u00f3b d\u0142ugoterminowe partnerstwa.<\/p>\n<\/li>\n<\/ul>\n<p><img decoding=\"async\" src=\"https:\/\/www.hydraulic-cylinders.net\/wp-content\/uploads\/2025\/04\/songte-company-4.webp\" alt=\"Obraz firmy 1\" \/><br \/>\n<img decoding=\"async\" src=\"https:\/\/www.hydraulic-cylinders.net\/wp-content\/uploads\/2025\/04\/songte-company-3.webp\" alt=\"Obraz firmy 2\" \/><\/p>\n<p>Autor: lyl<\/p>","protected":false},"excerpt":{"rendered":"<p>Boom Cylinder For KYM KY55 Introduction to Boom Cylinder The Boom Cylinder is a vital component specifically designed for heavy machinery, enabling the control of bucket movements in applications such as excavators, backhoe loaders, and front-end loaders. These hydraulic cylinders allow the bucket to lift, lower, and tilt, facilitating efficient material handling tasks. Acting as [&hellip;]<\/p>","protected":false},"featured_media":17877,"comment_status":"open","ping_status":"closed","template":"","meta":{"_et_pb_use_builder":"","_et_pb_old_content":"","_et_gb_content_width":""},"product_brand":[],"product_cat":[1546],"product_tag":[1547,1496],"class_list":{"0":"post-19524","1":"product","2":"type-product","3":"status-publish","4":"has-post-thumbnail","6":"product_cat-boom-cylinders","7":"product_tag-boom-cylinders","8":"product_tag-hydraulic-cylinders","10":"first","11":"instock","12":"shipping-taxable","13":"product-type-simple"},"amp_enabled":true,"_links":{"self":[{"href":"https:\/\/www.hydraulic-cylinders.net\/pl\/wp-json\/wp\/v2\/product\/19524","targetHints":{"allow":["GET"]}}],"collection":[{"href":"https:\/\/www.hydraulic-cylinders.net\/pl\/wp-json\/wp\/v2\/product"}],"about":[{"href":"https:\/\/www.hydraulic-cylinders.net\/pl\/wp-json\/wp\/v2\/types\/product"}],"replies":[{"embeddable":true,"href":"https:\/\/www.hydraulic-cylinders.net\/pl\/wp-json\/wp\/v2\/comments?post=19524"}],"wp:featuredmedia":[{"embeddable":true,"href":"https:\/\/www.hydraulic-cylinders.net\/pl\/wp-json\/wp\/v2\/media\/17877"}],"wp:attachment":[{"href":"https:\/\/www.hydraulic-cylinders.net\/pl\/wp-json\/wp\/v2\/media?parent=19524"}],"wp:term":[{"taxonomy":"product_brand","embeddable":true,"href":"https:\/\/www.hydraulic-cylinders.net\/pl\/wp-json\/wp\/v2\/product_brand?post=19524"},{"taxonomy":"product_cat","embeddable":true,"href":"https:\/\/www.hydraulic-cylinders.net\/pl\/wp-json\/wp\/v2\/product_cat?post=19524"},{"taxonomy":"product_tag","embeddable":true,"href":"https:\/\/www.hydraulic-cylinders.net\/pl\/wp-json\/wp\/v2\/product_tag?post=19524"}],"curies":[{"name":"wp","href":"https:\/\/api.w.org\/{rel}","templated":true}]}}