{"id":19534,"date":"2025-04-07T06:53:11","date_gmt":"2025-04-07T06:53:11","guid":{"rendered":"https:\/\/www.hydraulic-cylinders.net\/product\/boom-cylinder-for-pengpu-sw60e\/"},"modified":"2025-04-07T06:53:13","modified_gmt":"2025-04-07T06:53:13","slug":"boom-cylinder-for-pengpu-sw60e","status":"publish","type":"product","link":"https:\/\/www.hydraulic-cylinders.net\/pl\/produkt\/boom-cylinder-for-pengpu-sw60e\/","title":{"rendered":"Si\u0142ownik wysi\u0119gnika do Pengpu SW60E"},"content":{"rendered":"<h1>Si\u0142ownik wysi\u0119gnika do Pengpu SW60E<\/h1>\n<h2>Przegl\u0105d cylindra wysi\u0119gnika<\/h2>\n<p>Si\u0142ownik wysi\u0119gnika, zaprojektowany specjalnie do Pengpu SW60E, to niezb\u0119dny element hydrauliczny stosowany w ci\u0119\u017ckich maszynach. Odgrywa on kluczow\u0105 rol\u0119 w sterowaniu ruchem \u0142y\u017cki, umo\u017cliwiaj\u0105c jej podnoszenie, opuszczanie i przechylanie. Ta funkcjonalno\u015b\u0107 jest kluczowa w przypadku r\u00f3\u017cnych zada\u0144 zwi\u0105zanych z prze\u0142adunkiem materia\u0142\u00f3w w budownictwie, rolnictwie i g\u00f3rnictwie.<\/p>\n<p>Si\u0142ownik \u0142y\u017cki to rodzaj si\u0142ownika hydraulicznego, specjalnie zaprojektowanego w celu u\u0142atwienia obs\u0142ugi \u0142y\u017cki koparek, koparko-\u0142adowarek i \u0142adowarek czo\u0142owych. Jego konstrukcja zapewnia p\u0142ynny i wydajny ruch, umo\u017cliwiaj\u0105c operatorom wykonywanie z\u0142o\u017conych zada\u0144 z precyzj\u0105. Si\u0142ownik wykorzystuje ci\u015bnienie hydrauliczne, aby zapewni\u0107 si\u0142\u0119 niezb\u0119dn\u0105 do podnoszenia, opuszczania i przechylania \u0142y\u017cki, zwi\u0119kszaj\u0105c w ten spos\u00f3b wydajno\u015b\u0107 i efektywno\u015b\u0107 pracy na placach budowy.<\/p>\n<p><img decoding=\"async\" src=\"https:\/\/www.hydraulic-cylinders.net\/wp-content\/uploads\/2025\/04\/songte-company-1.webp\" alt=\"Si\u0142ownik wysi\u0119gnika do Pengpu SW60E\"><\/p>\n<h3>G\u0142\u00f3wne cechy<\/h3>\n<ul>\n<li><strong>Wysoka wytrzyma\u0142o\u015b\u0107 i trwa\u0142o\u015b\u0107:<\/strong> Nasze si\u0142owniki wysi\u0119gnika wykonane s\u0105 zazwyczaj z wytrzyma\u0142ej stali lub aluminium i zaprojektowano je tak, aby wytrzymywa\u0142y wysokie ci\u015bnienie i du\u017ce obci\u0105\u017cenia, gwarantuj\u0105c niezawodn\u0105 prac\u0119 nawet w trudnych warunkach pracy.<\/li>\n<li><strong>Wydajna praca uk\u0142adu hydraulicznego:<\/strong> Wykorzystuj\u0105c ci\u015bnienie oleju hydraulicznego, si\u0142owniki te zapewniaj\u0105 p\u0142ynne wysuwanie i wsuwanie, szybko reaguj\u0105c na polecenia operacyjne i zapewniaj\u0105c du\u017c\u0105 si\u0142\u0119 pchania i ci\u0105gni\u0119cia.<\/li>\n<li><strong>R\u00f3\u017cne typy:<\/strong> Dost\u0119pne w konfiguracji jednostronnego dzia\u0142ania (dzia\u0142aj\u0105cej w jednym kierunku) lub dwustronnego dzia\u0142ania (dzia\u0142aj\u0105cej w obu kierunkach) nasze cylindry zaspokajaj\u0105 r\u00f3\u017cne potrzeby operacyjne, a niekt\u00f3re modele maj\u0105 konstrukcj\u0119 teleskopow\u0105 do kompaktowych zastosowa\u0144.<\/li>\n<\/ul>\n<h2>Mo\u017cliwo\u015bci produkcyjne<\/h2>\n<p>Specjalizujemy si\u0119 w produkcji si\u0142ownik\u00f3w wysi\u0119gnika, kt\u00f3re idealnie zast\u0119puj\u0105 istniej\u0105ce si\u0142owniki hydrauliczne. Nasze produkty s\u0105 projektowane tak, aby spe\u0142nia\u0142y lub przewy\u017csza\u0142y standardy bran\u017cowe, gwarantuj\u0105c kompatybilno\u015b\u0107 i niezawodno\u015b\u0107.<\/p>\n<p><img decoding=\"async\" src=\"https:\/\/www.hydraulic-cylinders.net\/wp-content\/uploads\/2025\/04\/songte-cylinder-head-with-all-kinds-excavator-models.webp\" alt=\"Modele koparek\"><\/p>\n<h2>Scenariusze zastosowa\u0144<\/h2>\n<h3>Sprz\u0119t budowlany<\/h3>\n<p>W koparkach si\u0142owniki wysi\u0119gnika s\u0105 niezb\u0119dne do kopania, za\u0142adunku i przemieszczania gleby lub gruzu. U\u0142atwiaj\u0105 kopanie, umo\u017cliwiaj\u0105c \u0142y\u017cce skuteczne zag\u0142\u0119bianie si\u0119 w grunt. W koparko-\u0142adowarkach si\u0142owniki te nie tylko wspomagaj\u0105 wykopy, ale tak\u017ce podnoszenie, co czyni je niezb\u0119dnymi do przygotowania terenu i transportu materia\u0142\u00f3w.<\/p>\n<h3>Maszyny rolnicze<\/h3>\n<p>W \u0142adowarkach czo\u0142owych si\u0142owniki wysi\u0119gnika s\u0142u\u017c\u0105 do nabierania, podnoszenia i transportu gleby, siana i innych materia\u0142\u00f3w. Ich zdolno\u015b\u0107 do zapewnienia znacznej si\u0142y ud\u017awigu pozwala rolnikom na sprawne wykonywanie operacji za\u0142adunku i roz\u0142adunku, zwi\u0119kszaj\u0105c wydajno\u015b\u0107 w r\u00f3\u017cnych pracach rolniczych.<\/p>\n<h3>Koparki<\/h3>\n<p>Si\u0142owniki wysi\u0119gnika umo\u017cliwiaj\u0105 \u0142y\u017cce zag\u0142\u0119bianie si\u0119 w gleb\u0119, u\u0142atwiaj\u0105c efektywne kopanie. Ich mocne dzia\u0142anie hydrauliczne zapewnia operatorom precyzyjne manewrowanie kopark\u0105, niezale\u017cnie od tego, czy kopi\u0105 rowy, czy przenosz\u0105 ci\u0119\u017ckie materia\u0142y.<\/p>\n<h3>\u0141adowarki<\/h3>\n<p>W \u0142adowarkach czo\u0142owych si\u0142owniki wysi\u0119gnika pomagaj\u0105 w efektywnym podnoszeniu i opr\u00f3\u017cnianiu \u0142adunk\u00f3w. Ich solidna konstrukcja pozwala im z \u0142atwo\u015bci\u0105 obs\u0142ugiwa\u0107 ci\u0119\u017ckie materia\u0142y, zapewniaj\u0105c \u0142adowarce efektywne i szybkie wykonywanie swoich funkcji.<\/p>\n<h2>Zagadnienia projektowe i kryteria wyboru<\/h2>\n<h3>No\u015bno\u015b\u0107<\/h3>\n<p>Przy wyborze si\u0142ownika wysi\u0119gnika kluczowe znaczenie ma zrozumienie jego ud\u017awigu. Si\u0142ownik musi by\u0107 w stanie wytrzyma\u0107 maksymalne obci\u0105\u017cenia spodziewane podczas pracy, bez uszczerbku dla bezpiecze\u0144stwa i wydajno\u015bci. Si\u0142ownik o odpowiednich parametrach gwarantuje d\u0142ugowieczno\u015b\u0107 i niezawodno\u015b\u0107 w terenie.<\/p>\n<h3>Mechanizmy uszczelniaj\u0105ce<\/h3>\n<p>Jako\u015b\u0107 uszczelnienia ma fundamentalne znaczenie dla wydajno\u015bci cylindr\u00f3w hydraulicznych. Konstrukcja musi obejmowa\u0107 skuteczne uszczelnienia, kt\u00f3re zapobiegaj\u0105 wyciekom p\u0142ynu, utrzymuj\u0105c jednocze\u015bnie wymagane ci\u015bnienie. Ten aspekt wp\u0142ywa na og\u00f3ln\u0105 wydajno\u015b\u0107 i bezpiecze\u0144stwo uk\u0142adu hydraulicznego.<\/p>\n<h3>Trwa\u0142o\u015b\u0107<\/h3>\n<p>Trwa\u0142o\u015b\u0107 jest kluczowym czynnikiem przy projektowaniu cylindr\u00f3w hydraulicznych. Powinny by\u0107 one wykonane z materia\u0142\u00f3w odpornych na zu\u017cycie i uszkodzenia, a tak\u017ce czynniki \u015brodowiskowe, takie jak wilgo\u0107 i substancje \u017cr\u0105ce. Wyb\u00f3r trwa\u0142ych materia\u0142\u00f3w wyd\u0142u\u017ca \u017cywotno\u015b\u0107 cylindra.<\/p>\n<h3>Funkcje bezpiecze\u0144stwa<\/h3>\n<p>Bezpiecze\u0144stwo jest priorytetem w uk\u0142adach hydraulicznych. Projekt powinien uwzgl\u0119dnia\u0107 rozwi\u0105zania zapobiegaj\u0105ce nieoczekiwanym awariom, takie jak zawory bezpiecze\u0144stwa i uk\u0142ady redukcji ci\u015bnienia. \u015arodki te chroni\u0105 zar\u00f3wno maszyny, jak i ich operator\u00f3w.<\/p>\n<h3>Dost\u0119pno\u015b\u0107 konserwacyjna<\/h3>\n<p>\u0141atwo\u015b\u0107 konserwacji ma kluczowe znaczenie dla trwa\u0142o\u015bci si\u0142ownik\u00f3w hydraulicznych. Dobrze zaprojektowany si\u0142ownik zapewnia \u0142atwy dost\u0119p do uszczelnie\u0144 i innych kluczowych podzespo\u0142\u00f3w, u\u0142atwiaj\u0105c regularne kontrole i szybkie naprawy w razie potrzeby. To minimalizuje przestoje i maksymalizuje wydajno\u015b\u0107.<\/p>\n<p><img decoding=\"async\" src=\"https:\/\/www.hydraulic-cylinders.net\/wp-content\/uploads\/2025\/04\/songte-oil-pipes-and-spare-parts.webp\" alt=\"Rury olejowe i cz\u0119\u015bci zamienne\"><\/p>\n<h2>Uszczelnianie i smarowanie<\/h2>\n<p>Skuteczne uszczelnienie i smarowanie s\u0105 niezb\u0119dne do dzia\u0142ania cylindr\u00f3w hydraulicznych. R\u00f3\u017cnego rodzaju uszczelnienia, takie jak uszczelnienia t\u0142okowe i t\u0142oczyskowe, zapewniaj\u0105 utrzymanie p\u0142ynu hydraulicznego wewn\u0105trz cylindra. Uszczelnienia te s\u0105 cz\u0119sto wykonane z materia\u0142\u00f3w odpornych na zu\u017cycie, takich jak poliuretan i kauczuk nitrylowy, kt\u00f3re zapewniaj\u0105 doskona\u0142\u0105 trwa\u0142o\u015b\u0107 i wydajno\u015b\u0107.<\/p>\n<p>Korpus cylindra i gwintowane ko\u0144c\u00f3wki s\u0105 starannie obrobione, aby zwi\u0119kszy\u0107 odporno\u015b\u0107 na zu\u017cycie i zmniejszy\u0107 ryzyko wycieku p\u0142ynu. Regularne smarowanie olejem hydraulicznym jest niezb\u0119dne, aby zapewni\u0107 p\u0142ynn\u0105 prac\u0119 cz\u0119\u015bci ruchomych i wyd\u0142u\u017cy\u0107 \u017cywotno\u015b\u0107 cylindra.<\/p>\n<h2>\u015arodki konserwacji zapobiegawczej<\/h2>\n<ul>\n<li><strong>Regularne kontrole:<\/strong> Rutynowe kontrole pod k\u0105tem oznak zu\u017cycia lub uszkodze\u0144 pomagaj\u0105 zidentyfikowa\u0107 potencjalne problemy, zanim si\u0119 nasil\u0105. Zwr\u00f3\u0107 uwag\u0119 na wycieki p\u0142yn\u00f3w, nietypowe odg\u0142osy lub oznaki przeci\u0105\u017cenia.<\/li>\n<li><strong>Planowe smarowanie:<\/strong> Wprowad\u017a harmonogram smarowania, aby mie\u0107 pewno\u015b\u0107, \u017ce wszystkie ruchome cz\u0119\u015bci b\u0119d\u0105 odpowiednio smarowane, co pomo\u017ce zmniejszy\u0107 tarcie i zu\u017cycie.<\/li>\n<li><strong>Wymiana uszczelki:<\/strong> Regularnie sprawdzaj stan uszczelek i wymieniaj je, je\u015bli to konieczne, aby zapobiega\u0107 wyciekom i utrzyma\u0107 ci\u015bnienie.<\/li>\n<\/ul>\n<h2>Wytyczne dotycz\u0105ce instalacji<\/h2>\n<p>Prawid\u0142owy monta\u017c si\u0142ownika wysi\u0119gnika ma kluczowe znaczenie dla jego wydajno\u015bci. Zacznij od upewnienia si\u0119, \u017ce wsporniki monta\u017cowe s\u0105 prawid\u0142owo ustawione, aby unikn\u0105\u0107 niewsp\u00f3\u0142osiowo\u015bci, kt\u00f3ra mog\u0142aby prowadzi\u0107 do przedwczesnego zu\u017cycia lub awarii. U\u017cyj odpowiednich wspornik\u00f3w monta\u017cowych, aby pewnie zamocowa\u0107 si\u0142ownik.<\/p>\n<p>Nast\u0119pnie nale\u017cy upewni\u0107 si\u0119, \u017ce po\u0142\u0105czenia hydrauliczne s\u0105 odpowiednio dokr\u0119cone, aby zapobiec wyciekom, a przewody hydrauliczne nie s\u0105 zagi\u0119te ani zablokowane. Na koniec nale\u017cy sprawdzi\u0107, czy poziom p\u0142ynu hydraulicznego jest odpowiedni przed uruchomieniem i przestrzega\u0107 wszystkich zalece\u0144 producenta dotycz\u0105cych procedur instalacji.<\/p>\n<h2>Typowe zadania konserwacyjne<\/h2>\n<ul>\n<li><strong>Regularne kontrole:<\/strong> Nale\u017cy regularnie sprawdza\u0107 cylinder pod k\u0105tem oznak zu\u017cycia, nieszczelno\u015bci i og\u00f3lnego stanu, aby zapewni\u0107 jego prawid\u0142owe funkcjonowanie i bezpiecze\u0144stwo.<\/li>\n<li><strong>W\u0142a\u015bciwe smarowanie:<\/strong> Regularnie smaruj cylinder i jego elementy, aby zmniejszy\u0107 tarcie i zu\u017cycie, co zapewni p\u0142ynn\u0105 prac\u0119.<\/li>\n<li><strong>Wymiana uszczelki:<\/strong> Regularnie sprawdzaj i wymieniaj uszczelki, aby zapobiec wyciekom p\u0142ynu hydraulicznego i utrzyma\u0107 optymaln\u0105 wydajno\u015b\u0107.<\/li>\n<\/ul>\n<h2>Zagadnienia bezpiecze\u0144stwa i czynniki \u015brodowiskowe<\/h2>\n<p>Podczas pracy z uk\u0142adami hydraulicznymi \u015brodki bezpiecze\u0144stwa maj\u0105 kluczowe znaczenie dla zapobiegania wypadkom i urazom. Operatorzy powinni by\u0107 przeszkoleni w zakresie prawid\u0142owych technik obs\u0142ugi i zna\u0107 potencjalne zagro\u017cenia zwi\u0105zane z urz\u0105dzeniami hydraulicznymi. Ponadto nale\u017cy przestrzega\u0107 zasad ochrony \u015brodowiska, takich jak prawid\u0142owa utylizacja p\u0142yn\u00f3w hydraulicznych i zu\u017cytych podzespo\u0142\u00f3w, aby zapewni\u0107 zgodno\u015b\u0107 z przepisami i promowa\u0107 zr\u00f3wnowa\u017cony rozw\u00f3j.<\/p>\n<h2>Rozwi\u0105zywanie problem\u00f3w i typowe problemy<\/h2>\n<ul>\n<li><strong>Wycieki p\u0142yn\u00f3w:<\/strong> Jednym z najcz\u0119stszych problem\u00f3w jest wyciek p\u0142ynu. Sprawd\u017a uszczelki i z\u0142\u0105czki pod k\u0105tem uszkodze\u0144 i wymie\u0144 zu\u017cyte elementy.<\/li>\n<li><strong>Niesp\u00f3jne dzia\u0142anie:<\/strong> Je\u015bli cylinder nie wysuwa si\u0119 lub nie chowa p\u0142ynnie, sprawd\u017a, czy w przewodach hydraulicznych nie ma blokad lub czy poziom p\u0142ynu nie jest niski.<\/li>\n<li><strong>Przegrzanie:<\/strong> Nadmierne ciep\u0142o mo\u017ce wskazywa\u0107 na problemy z kr\u0105\u017ceniem p\u0142yn\u00f3w lub przeci\u0105\u017cenie. Upewnij si\u0119, \u017ce uk\u0142ad nie jest eksploatowany ponad swoje mo\u017cliwo\u015bci.<\/li>\n<\/ul>\n<h2>Wskaz\u00f3wki dotycz\u0105ce rozwi\u0105zywania problem\u00f3w<\/h2>\n<p>Aby skutecznie diagnozowa\u0107 i rozwi\u0105zywa\u0107 problemy z si\u0142ownikiem wysi\u0119gnika, operatorzy powinni najpierw przeprowadzi\u0107 dok\u0142adn\u0105 inspekcj\u0119 w celu zidentyfikowania widocznych problem\u00f3w, takich jak nieszczelno\u015bci czy uszkodzenia uszczelnie\u0144. Utrzymanie czystego \u015brodowiska pracy mo\u017ce pom\u00f3c w zapobieganiu zanieczyszczeniom, kt\u00f3re mog\u0105 prowadzi\u0107 do problem\u00f3w z wydajno\u015bci\u0105. Wdra\u017canie regularnych \u015brodk\u00f3w zapobiegawczych, takich jak planowe przegl\u0105dy i konserwacje, mo\u017ce znacznie zmniejszy\u0107 prawdopodobie\u0144stwo wyst\u0105pienia powa\u017cnych problem\u00f3w.<\/p>\n<p><img decoding=\"async\" src=\"https:\/\/www.hydraulic-cylinders.net\/wp-content\/uploads\/2025\/04\/songte-bushings-with-all-kinds-of-excavator-models.webp\" alt=\"Tuleje z modelami koparek\"><\/p>\n<h2>O naszej firmie<\/h2>\n<p>Jeste\u015bmy wiod\u0105cym producentem i hurtowym dystrybutorem zamiennych si\u0142ownik\u00f3w hydraulicznych, oferuj\u0105cym szerok\u0105 gam\u0119 produkt\u00f3w, kt\u00f3re spe\u0142niaj\u0105 zr\u00f3\u017cnicowane potrzeby rynku. Nasze zaanga\u017cowanie w d\u0105\u017cenie do doskona\u0142o\u015bci jako\u015bci jest wspierane przez udoskonalony proces produkcyjny i wiod\u0105ce w bran\u017cy strategie zarz\u0105dzania produkcj\u0105.<\/p>\n<p>Nasz silny nacisk na wiedz\u0119 techniczn\u0105, w po\u0142\u0105czeniu z wykorzystaniem zaawansowanego cyfrowego sprz\u0119tu produkcyjnego i profesjonalnych system\u00f3w kontroli, pozwala nam stale zwi\u0119ksza\u0107 nasze mo\u017cliwo\u015bci produkcyjne. Przestrzegamy zasad wysokiej wydajno\u015bci, precyzji i jako\u015bci, gwarantuj\u0105c spe\u0142nienie zr\u00f3\u017cnicowanych wymaga\u0144 naszych klient\u00f3w.<\/p>\n<p><img decoding=\"async\" src=\"https:\/\/www.hydraulic-cylinders.net\/wp-content\/uploads\/2025\/04\/songte-company-4.webp\" alt=\"Przegl\u0105d firmy\"><br \/>\n<img decoding=\"async\" src=\"https:\/\/www.hydraulic-cylinders.net\/wp-content\/uploads\/2025\/04\/songte-company-3.webp\" alt=\"Obiekty firmy\"><\/p>\n<p>Oferujemy profesjonalne us\u0142ugi, mi\u0119dzynarodowe certyfikaty i rozwi\u0105zania szyte na miar\u0119, aby sprosta\u0107 indywidualnym potrzebom klient\u00f3w. Nasz najwy\u017cszej klasy sprz\u0119t produkcyjny i sprawna obs\u0142uga posprzeda\u017cowa gwarantuj\u0105 naszym klientom niezawodne wsparcie przez ca\u0142y okres korzystania z naszych produkt\u00f3w.<\/p>\n<p>Autor: lyl<\/p>","protected":false},"excerpt":{"rendered":"<p>Boom Cylinder For Pengpu SW60E Overview of Boom Cylinder The Boom Cylinder, specifically designed for the Pengpu SW60E, is an essential hydraulic component used in heavy machinery. It plays a critical role in controlling the movement of the bucket, enabling it to lift, lower, and tilt. This functionality is crucial for various material handling tasks [&hellip;]<\/p>","protected":false},"featured_media":17872,"comment_status":"open","ping_status":"closed","template":"","meta":{"_et_pb_use_builder":"","_et_pb_old_content":"","_et_gb_content_width":""},"product_brand":[],"product_cat":[1546],"product_tag":[1547,1496],"class_list":{"0":"post-19534","1":"product","2":"type-product","3":"status-publish","4":"has-post-thumbnail","6":"product_cat-boom-cylinders","7":"product_tag-boom-cylinders","8":"product_tag-hydraulic-cylinders","10":"first","11":"instock","12":"shipping-taxable","13":"product-type-simple"},"amp_enabled":true,"_links":{"self":[{"href":"https:\/\/www.hydraulic-cylinders.net\/pl\/wp-json\/wp\/v2\/product\/19534","targetHints":{"allow":["GET"]}}],"collection":[{"href":"https:\/\/www.hydraulic-cylinders.net\/pl\/wp-json\/wp\/v2\/product"}],"about":[{"href":"https:\/\/www.hydraulic-cylinders.net\/pl\/wp-json\/wp\/v2\/types\/product"}],"replies":[{"embeddable":true,"href":"https:\/\/www.hydraulic-cylinders.net\/pl\/wp-json\/wp\/v2\/comments?post=19534"}],"wp:featuredmedia":[{"embeddable":true,"href":"https:\/\/www.hydraulic-cylinders.net\/pl\/wp-json\/wp\/v2\/media\/17872"}],"wp:attachment":[{"href":"https:\/\/www.hydraulic-cylinders.net\/pl\/wp-json\/wp\/v2\/media?parent=19534"}],"wp:term":[{"taxonomy":"product_brand","embeddable":true,"href":"https:\/\/www.hydraulic-cylinders.net\/pl\/wp-json\/wp\/v2\/product_brand?post=19534"},{"taxonomy":"product_cat","embeddable":true,"href":"https:\/\/www.hydraulic-cylinders.net\/pl\/wp-json\/wp\/v2\/product_cat?post=19534"},{"taxonomy":"product_tag","embeddable":true,"href":"https:\/\/www.hydraulic-cylinders.net\/pl\/wp-json\/wp\/v2\/product_tag?post=19534"}],"curies":[{"name":"wp","href":"https:\/\/api.w.org\/{rel}","templated":true}]}}