{"id":19537,"date":"2025-04-07T06:53:18","date_gmt":"2025-04-07T06:53:18","guid":{"rendered":"https:\/\/www.hydraulic-cylinders.net\/product\/boom-cylinder-for-pengpu-sw230lc-5\/"},"modified":"2025-04-07T06:53:21","modified_gmt":"2025-04-07T06:53:21","slug":"boom-cylinder-for-pengpu-sw230lc-5","status":"publish","type":"product","link":"https:\/\/www.hydraulic-cylinders.net\/pl\/produkt\/boom-cylinder-for-pengpu-sw230lc-5\/","title":{"rendered":"Si\u0142ownik wysi\u0119gnika do Pengpu SW230LC-5"},"content":{"rendered":"<h1>Si\u0142ownik wysi\u0119gnika do Pengpu SW230LC-5<\/h1>\n<h2>Wprowadzenie do cylindra wysi\u0119gnika<\/h2>\n<p>Si\u0142ownik wysi\u0119gnika to niezb\u0119dny element hydrauliczny, specjalnie zaprojektowany do sterowania ruchem \u0142y\u017cek w r\u00f3\u017cnych ci\u0119\u017ckich maszynach, takich jak koparki, koparko-\u0142adowarki i \u0142adowarki czo\u0142owe. Ten si\u0142ownik hydrauliczny umo\u017cliwia podnoszenie, opuszczanie i przechylanie \u0142y\u017cki, u\u0142atwiaj\u0105c wydajne przenoszenie materia\u0142\u00f3w. Si\u0142ownik \u0142y\u017cki dzia\u0142a w uk\u0142adach hydraulicznych, w kt\u00f3rych spr\u0119\u017cony p\u0142yn hydrauliczny jest wykorzystywany do wytwarzania si\u0142y, kt\u00f3ra przek\u0142ada si\u0119 na ruch. Si\u0142owniki te s\u0105 kluczowe dla ka\u017cdej maszyny wymagaj\u0105cej precyzyjnej kontroli nad po\u0142o\u017ceniem \u0142y\u017cki, zapewniaj\u0105c operatorom bezpieczne i efektywne wykonywanie z\u0142o\u017conych zada\u0144.<\/p>\n<p><img decoding=\"async\" src=\"https:\/\/www.hydraulic-cylinders.net\/wp-content\/uploads\/2025\/04\/songte-company-1.webp\" alt=\"Obraz cylindra wysi\u0119gnika\"><\/p>\n<h2>Cechy cylindra wysi\u0119gnika<\/h2>\n<ul>\n<li>\n<h3>Wysoka wytrzyma\u0142o\u015b\u0107 i trwa\u0142o\u015b\u0107<\/h3>\n<p>Si\u0142ownik wysi\u0119gnika, zazwyczaj wykonany z wysokowytrzyma\u0142ej stali lub aluminium, zosta\u0142 zaprojektowany tak, aby wytrzyma\u0107 wysokie ci\u015bnienie i du\u017ce obci\u0105\u017cenia. Jego solidna konstrukcja zapewnia odporno\u015b\u0107 na zu\u017cycie i korozj\u0119, wyd\u0142u\u017caj\u0105c jego \u017cywotno\u015b\u0107 nawet w trudnych warunkach pracy.<\/p>\n<\/li>\n<li>\n<h3>Wydajna praca hydrauliczna<\/h3>\n<p>Si\u0142ownik wykorzystuje ci\u015bnienie oleju hydraulicznego do p\u0142ynnego wysuwania i wsuwania, umo\u017cliwiaj\u0105c szybk\u0105 reakcj\u0119 na polecenia steruj\u0105ce. Ta funkcja zapewnia du\u017c\u0105 si\u0142\u0119 pchania i ci\u0105gni\u0119cia, niezb\u0119dn\u0105 do przenoszenia ci\u0119\u017ckich przedmiot\u00f3w i wykonywania z\u0142o\u017conych zada\u0144 operacyjnych.<\/p>\n<\/li>\n<li>\n<h3>Dost\u0119pne r\u00f3\u017cne typy<\/h3>\n<p>Si\u0142ownik wysi\u0119gnika jest dost\u0119pny w r\u00f3\u017cnych wersjach, w tym jednostronnego dzia\u0142ania (wykorzystuj\u0105cego dzia\u0142anie hydrauliczne tylko w jednym kierunku) i dwustronnego dzia\u0142ania (wykorzystuj\u0105cego dzia\u0142anie hydrauliczne w obu kierunkach), co pozwala na dostosowanie go do r\u00f3\u017cnych potrzeb operacyjnych. Niekt\u00f3re modele s\u0105 teleskopowe, co pozwala na wi\u0119ksze wysuni\u0119cie bez zwi\u0119kszania wymiar\u00f3w zewn\u0119trznych, co jest idealne do zastosowa\u0144 w ograniczonej przestrzeni.<\/p>\n<\/li>\n<li>\n<h3>Produkcja niestandardowa<\/h3>\n<p>Specjalizujemy si\u0119 w produkcji si\u0142ownik\u00f3w wysi\u0119gnika, kt\u00f3re doskonale zast\u0119puj\u0105 istniej\u0105ce si\u0142owniki hydrauliczne, zapewniaj\u0105c kompatybilno\u015b\u0107 i wydajno\u015b\u0107 w r\u00f3\u017cnych zastosowaniach.<\/p>\n<\/li>\n<li>\n<h3>Wszechstronne zastosowania<\/h3>\n<p>Te cylindry zosta\u0142y zaprojektowane do szerokiego zastosowania w ci\u0119\u017ckim sprz\u0119cie i idealnie nadaj\u0105 si\u0119 do sprz\u0119tu budowlanego, maszyn rolniczych i innych zastosowa\u0144 przemys\u0142owych.<\/p>\n<\/li>\n<\/ul>\n<p><img decoding=\"async\" src=\"https:\/\/www.hydraulic-cylinders.net\/wp-content\/uploads\/2025\/04\/songte-cylinder-head-with-all-kinds-excavator-models.webp\" alt=\"Modele koparek Obraz\"><\/p>\n<h2>Scenariusze zastosowa\u0144<\/h2>\n<ul>\n<li>\n<h3>Sprz\u0119t budowlany<\/h3>\n<p>W koparkach si\u0142owniki wysi\u0119gnika s\u0105 niezb\u0119dne do kopania, za\u0142adunku i przemieszczania gleby lub gruzu. Zapewniaj\u0105 one niezb\u0119dn\u0105 si\u0142\u0119 do wydajnego wykonywania tych zada\u0144, gwarantuj\u0105c p\u0142ynny i efektywny post\u0119p prac ziemnych. Mo\u017cliwo\u015b\u0107 kontrolowania k\u0105ta nachylenia i g\u0142\u0119boko\u015bci \u0142y\u017cki jest niezb\u0119dna do precyzyjnej pracy na placach budowy.<\/p>\n<\/li>\n<li>\n<h3>Maszyny rolnicze<\/h3>\n<p>W \u0142adowarkach czo\u0142owych si\u0142owniki te u\u0142atwiaj\u0105 nabieranie, podnoszenie i transport ziemi, siana i innych materia\u0142\u00f3w. Wydajno\u015b\u0107 si\u0142ownika wysi\u0119gnika pozwala rolnikom szybko obs\u0142u\u017cy\u0107 du\u017ce ilo\u015bci materia\u0142u, co przek\u0142ada si\u0119 na wzrost wydajno\u015bci w rolnictwie.<\/p>\n<\/li>\n<li>\n<h3>Koparki<\/h3>\n<p>W koparkach si\u0142ownik wysi\u0119gnika umo\u017cliwia skuteczne zag\u0142\u0119bianie si\u0119 \u0142y\u017cki w gleb\u0119, umo\u017cliwiaj\u0105c wykonywanie g\u0142\u0119bokich wykop\u00f3w. Ta funkcja jest kluczowa podczas budowy fundament\u00f3w, wykonywania wykop\u00f3w i innych g\u0142\u0119bokich wykop\u00f3w, kt\u00f3re wymagaj\u0105 precyzji i mocy.<\/p>\n<\/li>\n<li>\n<h3>\u0141adowarki<\/h3>\n<p>W \u0142adowarkach czo\u0142owych si\u0142ownik wysi\u0119gnika wspomaga wydajne podnoszenie i opr\u00f3\u017cnianie \u0142adunk\u00f3w. Jego konstrukcja zapewnia operatorom mo\u017cliwo\u015b\u0107 obs\u0142ugi ci\u0119\u017ckich \u0142adunk\u00f3w bez nara\u017cania bezpiecze\u0144stwa i integralno\u015bci maszyny, co czyni go niezb\u0119dnym podczas prac zwi\u0105zanych z prze\u0142adunkiem materia\u0142\u00f3w.<\/p>\n<\/li>\n<\/ul>\n<h2>Zagadnienia projektowe i kryteria wyboru<\/h2>\n<ul>\n<li>\n<h3>No\u015bno\u015b\u0107<\/h3>\n<p>Przy wyborze si\u0142ownika wysi\u0119gnika kluczowe jest zrozumienie jego ud\u017awigu. Si\u0142ownik musi by\u0107 w stanie wytrzyma\u0107 maksymalne obci\u0105\u017cenie, jakiemu b\u0119dzie poddawany podczas pracy. Na wymagany ud\u017awig wp\u0142ywaj\u0105 takie czynniki, jak rodzaj maszyny i specyfika zada\u0144, jakie b\u0119dzie wykonywa\u0142. Dok\u0142adne obliczenie przewidywanych obci\u0105\u017ce\u0144 mo\u017ce zapobiec awarii si\u0142ownika i zapewni\u0107 bezpiecze\u0144stwo na miejscu pracy. Ponadto producenci cz\u0119sto podaj\u0105 wytyczne dotycz\u0105ce limit\u00f3w ud\u017awigu w oparciu o konstrukcj\u0119 si\u0142ownika i zastosowane materia\u0142y.<\/p>\n<\/li>\n<li>\n<h3>Wydajno\u015b\u0107 uszczelnienia<\/h3>\n<p>Uszczelnienie jest kluczowym czynnikiem wp\u0142ywaj\u0105cym na wydajno\u015b\u0107 cylindra hydraulicznego. Skuteczne uszczelnienia zapobiegaj\u0105 wyciekom p\u0142ynu hydraulicznego, kt\u00f3re mog\u0105 prowadzi\u0107 do obni\u017cenia wydajno\u015bci i potencjalnego uszkodzenia cylindra. Kluczowe jest dobranie uszczelnie\u0144 wykonanych z wysokiej jako\u015bci materia\u0142\u00f3w, odpornych na trudne warunki pracy. Regularna konserwacja, w tym przegl\u0105dy i wymiana uszczelnie\u0144, jest kluczowa dla zapewnienia d\u0142ugotrwa\u0142ej funkcjonalno\u015bci cylindra.<\/p>\n<\/li>\n<li>\n<h3>Trwa\u0142o\u015b\u0107<\/h3>\n<p>Trwa\u0142o\u015b\u0107 si\u0142ownika wysi\u0119gnika ma bezpo\u015bredni wp\u0142yw na jego \u017cywotno\u015b\u0107 i niezawodno\u015b\u0107. Wysokiej jako\u015bci materia\u0142y odporne na zu\u017cycie i korozj\u0119 s\u0105 niezb\u0119dne, aby si\u0142ownik wytrzyma\u0142 trudy codziennego u\u017cytkowania. Producenci cz\u0119sto testuj\u0105 swoje produkty w trudnych warunkach, aby zagwarantowa\u0107, \u017ce spe\u0142niaj\u0105 one normy trwa\u0142o\u015bci. Zaleca si\u0119 wyb\u00f3r si\u0142ownik\u00f3w, kt\u00f3re przesz\u0142y rygorystyczne testy i maj\u0105 udokumentowane do\u015bwiadczenie w terenie.<\/p>\n<\/li>\n<li>\n<h3>Funkcje bezpiecze\u0144stwa<\/h3>\n<p>Bezpiecze\u0144stwo jest najwa\u017cniejsze w przypadku cylindr\u00f3w hydraulicznych. Cechy konstrukcyjne, takie jak dopuszczalne ci\u015bnienie rozrywaj\u0105ce, zawory bezpiecze\u0144stwa i funkcje zatrzymania awaryjnego, mog\u0105 zapobiega\u0107 wypadkom podczas pracy. Wa\u017cne jest, aby szuka\u0107 cylindr\u00f3w zgodnych z normami i przepisami bezpiecze\u0144stwa. Operatorzy powinni zosta\u0107 przeszkoleni w zakresie rozpoznawania potencjalnych zagro\u017ce\u0144 bezpiecze\u0144stwa i upewniania si\u0119, \u017ce wszystkie funkcje bezpiecze\u0144stwa dzia\u0142aj\u0105 prawid\u0142owo przed u\u017cyciem.<\/p>\n<\/li>\n<li>\n<h3>Dost\u0119pno\u015b\u0107 konserwacyjna<\/h3>\n<p>Wyb\u00f3r si\u0142ownika wysi\u0119gnika, kt\u00f3ry umo\u017cliwia \u0142atw\u0105 konserwacj\u0119, jest kluczowy dla wyd\u0142u\u017cenia jego \u017cywotno\u015bci i zapewnienia optymalnej wydajno\u015bci. Podzespo\u0142y powinny by\u0107 \u0142atwo dost\u0119pne w celu przeprowadzenia kontroli, smarowania i napraw. Nale\u017cy wdro\u017cy\u0107 regularne praktyki konserwacyjne, aby utrzyma\u0107 si\u0142ownik w doskona\u0142ym stanie, a operatorzy powinni by\u0107 przeszkoleni w zakresie prawid\u0142owych procedur konserwacyjnych, aby zapobiec kosztownym przestojom.<\/p>\n<\/li>\n<\/ul>\n<p><img decoding=\"async\" src=\"https:\/\/www.hydraulic-cylinders.net\/wp-content\/uploads\/2025\/04\/songte-oil-pipes-and-spare-parts.webp\" alt=\"Rury olejowe i cz\u0119\u015bci zamienne Obraz\"><\/p>\n<h2>Uszczelnianie i smarowanie<\/h2>\n<p>Skuteczne uszczelnienie i smarowanie s\u0105 kluczowe dla prawid\u0142owego dzia\u0142ania si\u0142ownik\u00f3w wysi\u0119gnika. R\u00f3\u017cne uszczelnienia, takie jak uszczelnienia t\u0142oka i t\u0142oczyska, zapobiegaj\u0105 wyciekom p\u0142ynu hydraulicznego i zanieczyszczeniom. Uszczelnienia wykonane z trwa\u0142ych materia\u0142\u00f3w, takich jak poliuretan i kauczuk nitrylowy, zapewniaj\u0105 zwi\u0119kszon\u0105 odporno\u015b\u0107 na zu\u017cycie, gwarantuj\u0105c d\u0142ugowieczno\u015b\u0107 nawet w trudnych warunkach. Ponadto korpus si\u0142ownika i gwintowane ko\u0144c\u00f3wki poddawane s\u0105 precyzyjnej obr\u00f3bce w celu zwi\u0119kszenia odporno\u015bci na zu\u017cycie.<\/p>\n<p>Regularne smarowanie uk\u0142adu hydraulicznego jest niezb\u0119dne. Operatorzy powinni okresowo uzupe\u0142nia\u0107 poziom oleju hydraulicznego, aby utrzyma\u0107 optymaln\u0105 wydajno\u015b\u0107 i zmniejszy\u0107 tarcie mi\u0119dzy ruchomymi cz\u0119\u015bciami. Prawid\u0142owe smarowanie zapobiega nadmiernemu zu\u017cyciu i przegrzaniu, znacznie wyd\u0142u\u017caj\u0105c \u017cywotno\u015b\u0107 si\u0142ownika wysi\u0119gnika.<\/p>\n<h2>\u015arodki konserwacji zapobiegawczej<\/h2>\n<ul>\n<li>\n<h3>Regularne kontrole<\/h3>\n<p>Regularne kontrole pomagaj\u0105 wcze\u015bnie identyfikowa\u0107 potencjalne problemy. Operatorzy powinni sprawdza\u0107, czy nie ma \u015blad\u00f3w zu\u017cycia, wyciek\u00f3w lub innych nieprawid\u0142owo\u015bci, kt\u00f3re mog\u0142yby wskazywa\u0107 na problem. Ustalenie harmonogramu regularnych kontroli zapewnia optymaln\u0105 prac\u0119 cylindra i zmniejsza ryzyko nieoczekiwanych awarii.<\/p>\n<\/li>\n<li>\n<h3>Prawid\u0142owe smarowanie<\/h3>\n<p>Utrzymanie odpowiedniego poziomu smarowania jest kluczowe dla p\u0142ynnej pracy si\u0142ownika wysi\u0119gnika. Operatorzy powinni zadba\u0107 o odpowiednie nape\u0142nienie uk\u0142adu hydraulicznego olejem oraz o serwisowanie punkt\u00f3w smarowania zgodnie z zaleceniami producenta. Stosowanie odpowiedniego rodzaju oleju hydraulicznego r\u00f3wnie\u017c odgrywa kluczow\u0105 rol\u0119 w utrzymaniu wydajno\u015bci.<\/p>\n<\/li>\n<li>\n<h3>Wymiana uszczelek i kontrola kalibracji<\/h3>\n<p>Wymiana uszczelnie\u0144 w ramach konserwacji zapobiegawczej pomaga unikn\u0105\u0107 wyciek\u00f3w i utrzyma\u0107 ci\u015bnienie hydrauliczne. Operatorzy powinni zwraca\u0107 uwag\u0119 na stan uszczelnie\u0144 i wymienia\u0107 je przy pierwszych oznakach zu\u017cycia. Ponadto, przeprowadzanie kontroli kalibracji zapewnia prawid\u0142owe dzia\u0142anie si\u0142ownika i utrzymanie okre\u015blonych norm wydajno\u015bci.<\/p>\n<\/li>\n<\/ul>\n<p><img decoding=\"async\" src=\"https:\/\/www.hydraulic-cylinders.net\/wp-content\/uploads\/2025\/04\/songte-chushion-collar.webp\" alt=\"Obraz ko\u0142nierza poduszkowego\"><\/p>\n<h2>Wytyczne dotycz\u0105ce instalacji<\/h2>\n<p>Prawid\u0142owy monta\u017c si\u0142ownika wysi\u0119gnika ma kluczowe znaczenie dla jego wydajno\u015bci i trwa\u0142o\u015bci. Aby zapewni\u0107 pomy\u015blny monta\u017c, post\u0119puj zgodnie z poni\u017cszymi wskaz\u00f3wkami:<\/p>\n<ul>\n<li>Zapewnij wyr\u00f3wnanie: Prawid\u0142owe wyr\u00f3wnanie cylindra z punktami mocowania jest kluczowe. Niew\u0142a\u015bciwe wyr\u00f3wnanie mo\u017ce prowadzi\u0107 do przedwczesnego zu\u017cycia lub awarii cylindra.<\/li>\n<li>Nale\u017cy stosowa\u0107 odpowiednie wsporniki monta\u017cowe: Bezpieczne mocowanie cylindra za pomoc\u0105 zalecanych wspornik\u00f3w lub mocowa\u0144 zapobiega jego przesuwaniu si\u0119 podczas pracy, zapewniaj\u0105c stabilno\u015b\u0107 i bezpiecze\u0144stwo.<\/li>\n<li>Przestrzegaj zalece\u0144 dotycz\u0105cych momentu dokr\u0119cania: Podczas dokr\u0119cania \u015brub nale\u017cy stosowa\u0107 si\u0119 do zalece\u0144 producenta dotycz\u0105cych momentu dokr\u0119cania, aby unikn\u0105\u0107 nadmiernego dokr\u0119cenia, kt\u00f3re mo\u017ce spowodowa\u0107 uszkodzenia.<\/li>\n<li>Sprawd\u017a po\u0142\u0105czenia hydrauliczne: Przed uruchomieniem urz\u0105dzenia upewnij si\u0119, \u017ce wszystkie po\u0142\u0105czenia hydrauliczne s\u0105 szczelne i nie ma w nich wyciek\u00f3w.<\/li>\n<li>Przetestuj system: Po instalacji przeprowad\u017a jazd\u0119 pr\u00f3bn\u0105, aby sprawdzi\u0107, czy system dzia\u0142a prawid\u0142owo i upewni\u0107 si\u0119, \u017ce nie ma \u017cadnych wyciek\u00f3w.<\/li>\n<\/ul>\n<h2>Zadania konserwacyjne<\/h2>\n<ul>\n<li>\n<h3>Regularne kontrole<\/h3>\n<p>Przeprowadzanie rutynowych przegl\u0105d\u00f3w jest niezb\u0119dne do identyfikacji zu\u017cycia, potencjalnych wyciek\u00f3w lub cz\u0119\u015bci wymagaj\u0105cych wymiany. Operatorzy powinni wizualnie sprawdzi\u0107 cylinder i otaczaj\u0105ce go obszary, aby wcze\u015bnie wykry\u0107 wszelkie problemy. Dokumentowanie ustale\u0144 pomaga w utrzymaniu przejrzystej historii konserwacji.<\/p>\n<\/li>\n<li>\n<h3>Prawid\u0142owe smarowanie<\/h3>\n<p>Zapewnienie odpowiedniego smarowania cylindra zapobiega zu\u017cyciu spowodowanemu tarciem i zapewnia p\u0142ynn\u0105 prac\u0119. Operatorzy powinni \u015bledzi\u0107 harmonogramy smarowania i stosowa\u0107 si\u0119 do zalece\u0144 producenta dotycz\u0105cych rodzaju i ilo\u015bci oleju, co przyczynia si\u0119 do og\u00f3lnej sprawno\u015bci uk\u0142adu hydraulicznego.<\/p>\n<\/li>\n<li>\n<h3>Wymiana uszczelek i kontrola kalibracji<\/h3>\n<p>Regularna wymiana uszczelnie\u0144 i przeprowadzanie kontroli kalibracji mo\u017ce zapobiec wyciekom p\u0142ynu hydraulicznego i zapewni\u0107 prawid\u0142owe dzia\u0142anie si\u0142ownika. Operatorzy powinni zachowa\u0107 czujno\u015b\u0107 w zakresie integralno\u015bci uszczelnie\u0144 i przestrzega\u0107 ustalonych protoko\u0142\u00f3w dotycz\u0105cych kontroli i wymiany uszczelnie\u0144.<\/p>\n<\/li>\n<\/ul>\n<h2>Zagadnienia bezpiecze\u0144stwa i czynniki \u015brodowiskowe<\/h2>\n<p>Podczas pracy z cylindrami hydraulicznymi \u015brodki bezpiecze\u0144stwa s\u0105 niezwykle wa\u017cne. Operatorzy powinni by\u0107 \u015bwiadomi potencjalnych zagro\u017ce\u0144 zwi\u0105zanych z uk\u0142adami hydraulicznymi, w tym ryzyka wycieku p\u0142ynu lub awarii cylindra. Przestrzeganie wytycznych bezpiecze\u0144stwa, stosowanie \u015brodk\u00f3w ochrony indywidualnej (PPE) i przestrzeganie protoko\u0142\u00f3w operacyjnych minimalizuje te zagro\u017cenia. Ponadto, kwestie \u015brodowiskowe, takie jak wycieki p\u0142ynu hydraulicznego, musz\u0105 by\u0107 kontrolowane poprzez odpowiednie praktyki konserwacyjne i zabezpieczaj\u0105ce, zapewniaj\u0105ce zgodno\u015b\u0107 z przepisami i promuj\u0105ce bezpieczne \u015brodowisko pracy.<\/p>\n<h2>Rozwi\u0105zywanie typowych problem\u00f3w<\/h2>\n<ul>\n<li>\n<h3>Przeciek<\/h3>\n<p>Wycieki p\u0142ynu hydraulicznego mog\u0105 wyst\u0105pi\u0107 z powodu zu\u017cytych uszczelek lub uszkodzonych z\u0142\u0105czy. Operatorzy powinni regularnie sprawdza\u0107 wszystkie punkty po\u0142\u0105cze\u0144 i uszczelki. W przypadku wykrycia wycieku, uszczelki nale\u017cy natychmiast wymieni\u0107, aby zapobiec dalszej utracie ci\u015bnienia hydraulicznego.<\/p>\n<\/li>\n<li>\n<h3>Obni\u017cona wydajno\u015b\u0107<\/h3>\n<p>Brak reakcji lub powolny ruch mog\u0105 wskazywa\u0107 na niski poziom p\u0142ynu hydraulicznego lub uszkodzenie wewn\u0119trzne. Operatorzy powinni sprawdza\u0107 poziom p\u0142ynu i uzupe\u0142nia\u0107 go w razie potrzeby. Je\u015bli problem b\u0119dzie si\u0119 powtarza\u0142, cylinder mo\u017ce wymaga\u0107 specjalistycznej oceny.<\/p>\n<\/li>\n<li>\n<h3>Przegrzanie<\/h3>\n<p>Nadmierne nagrzewanie mo\u017ce wynika\u0107 z braku smarowania lub przeci\u0105\u017cenia cylindra. Operatorzy powinni upewni\u0107 si\u0119, \u017ce smarowanie jest odpowiednie i \u017ce cylinder nie przekracza dopuszczalnej no\u015bno\u015bci. W skrajnych przypadkach konieczne mo\u017ce by\u0107 r\u00f3wnie\u017c zastosowanie \u015brodk\u00f3w ch\u0142odz\u0105cych.<\/p>\n<\/li>\n<\/ul>\n<p><img decoding=\"async\" src=\"https:\/\/www.hydraulic-cylinders.net\/wp-content\/uploads\/2025\/04\/songte-bushings-with-all-kinds-of-excavator-models.webp\" alt=\"Obraz tulei\"><\/p>\n<h2>Diagnoza i \u015brodki zapobiegawcze<\/h2>\n<p>Aby skutecznie diagnozowa\u0107 problemy z si\u0142ownikami wysi\u0119gnika, operatorzy powinni stosowa\u0107 podej\u015bcie systematyczne. Regularne monitorowanie wska\u017anik\u00f3w wydajno\u015bci mo\u017ce pom\u00f3c w identyfikacji odchyle\u0144 od normy. Wdro\u017cenie \u015brodk\u00f3w zapobiegawczych, takich jak regularne harmonogramy konserwacji i szkolenia operator\u00f3w, mo\u017ce znacznie zmniejszy\u0107 prawdopodobie\u0144stwo wyst\u0105pienia problem\u00f3w. \u015awiadomo\u015b\u0107 potencjalnych problem\u00f3w i proaktywne zarz\u0105dzanie mog\u0105 wyd\u0142u\u017cy\u0107 \u017cywotno\u015b\u0107 si\u0142ownika hydraulicznego i poprawi\u0107 og\u00f3ln\u0105 wydajno\u015b\u0107 operacyjn\u0105.<\/p>\n<h2>Przegl\u0105d firmy<\/h2>\n<p>Jeste\u015bmy wiod\u0105cym producentem i hurtownikiem zamiennych si\u0142ownik\u00f3w hydraulicznych, oferuj\u0105cym szerok\u0105 gam\u0119 produkt\u00f3w, kt\u00f3re spe\u0142niaj\u0105 zr\u00f3\u017cnicowane potrzeby przemys\u0142u. Nasze zaanga\u017cowanie w d\u0105\u017cenie do doskona\u0142o\u015bci jako\u015bci motywuje nas do wykorzystywania zaawansowanej strategii produkcyjnej, opartej na wykwalifikowanej kadrze, zaawansowanym cyfrowym sprz\u0119cie produkcyjnym i solidnych systemach testowych. Takie podej\u015bcie pozwala nam stale rozwija\u0107 nasze mo\u017cliwo\u015bci produkcyjne, podnosi\u0107 jako\u015b\u0107 produkt\u00f3w i zaspokaja\u0107 zr\u00f3\u017cnicowane wymagania naszych klient\u00f3w.<\/p>\n<p>Stawiaj\u0105c na profesjonalizm, mi\u0119dzynarodowe certyfikaty i spersonalizowane us\u0142ugi, nasza firma wyr\u00f3\u017cnia si\u0119 na rynku cylindr\u00f3w hydraulicznych. Nasze najnowocze\u015bniejsze zak\u0142ady produkcyjne s\u0105 w stanie obs\u0142u\u017cy\u0107 produkcj\u0119 na du\u017c\u0105 skal\u0119, zachowuj\u0105c jednocze\u015bnie wysok\u0105 precyzj\u0119 i standardy jako\u015bci. Jeste\u015bmy dumni z oferowania wyj\u0105tkowej obs\u0142ugi posprzeda\u017cowej, dbaj\u0105c o zadowolenie klienta na ka\u017cdym etapie procesu zakupu.<\/p>\n<p><img decoding=\"async\" src=\"https:\/\/www.hydraulic-cylinders.net\/wp-content\/uploads\/2025\/04\/songte-company-4.webp\" alt=\"Obraz firmy 1\"><br \/>\n<img decoding=\"async\" src=\"https:\/\/www.hydraulic-cylinders.net\/wp-content\/uploads\/2025\/04\/songte-company-3.webp\" alt=\"Obraz firmy 2\"><\/p>\n<p>Autor: lyl<\/p>","protected":false},"excerpt":{"rendered":"<p>Boom Cylinder For Pengpu SW230LC-5 Introduction to Boom Cylinder The Boom Cylinder is an essential hydraulic component specifically designed for controlling the movement of buckets in various heavy machinery such as excavators, backhoes, and front loaders. This hydraulic cylinder enables the bucket to lift, lower, and tilt, facilitating efficient material handling tasks. The bucket cylinder [&hellip;]<\/p>","protected":false},"featured_media":17875,"comment_status":"open","ping_status":"closed","template":"","meta":{"_et_pb_use_builder":"","_et_pb_old_content":"","_et_gb_content_width":""},"product_brand":[],"product_cat":[1546],"product_tag":[1547,1496],"class_list":{"0":"post-19537","1":"product","2":"type-product","3":"status-publish","4":"has-post-thumbnail","6":"product_cat-boom-cylinders","7":"product_tag-boom-cylinders","8":"product_tag-hydraulic-cylinders","10":"first","11":"instock","12":"shipping-taxable","13":"product-type-simple"},"amp_enabled":true,"_links":{"self":[{"href":"https:\/\/www.hydraulic-cylinders.net\/pl\/wp-json\/wp\/v2\/product\/19537","targetHints":{"allow":["GET"]}}],"collection":[{"href":"https:\/\/www.hydraulic-cylinders.net\/pl\/wp-json\/wp\/v2\/product"}],"about":[{"href":"https:\/\/www.hydraulic-cylinders.net\/pl\/wp-json\/wp\/v2\/types\/product"}],"replies":[{"embeddable":true,"href":"https:\/\/www.hydraulic-cylinders.net\/pl\/wp-json\/wp\/v2\/comments?post=19537"}],"wp:featuredmedia":[{"embeddable":true,"href":"https:\/\/www.hydraulic-cylinders.net\/pl\/wp-json\/wp\/v2\/media\/17875"}],"wp:attachment":[{"href":"https:\/\/www.hydraulic-cylinders.net\/pl\/wp-json\/wp\/v2\/media?parent=19537"}],"wp:term":[{"taxonomy":"product_brand","embeddable":true,"href":"https:\/\/www.hydraulic-cylinders.net\/pl\/wp-json\/wp\/v2\/product_brand?post=19537"},{"taxonomy":"product_cat","embeddable":true,"href":"https:\/\/www.hydraulic-cylinders.net\/pl\/wp-json\/wp\/v2\/product_cat?post=19537"},{"taxonomy":"product_tag","embeddable":true,"href":"https:\/\/www.hydraulic-cylinders.net\/pl\/wp-json\/wp\/v2\/product_tag?post=19537"}],"curies":[{"name":"wp","href":"https:\/\/api.w.org\/{rel}","templated":true}]}}