{"id":19543,"date":"2025-04-07T06:53:38","date_gmt":"2025-04-07T06:53:38","guid":{"rendered":"https:\/\/www.hydraulic-cylinders.net\/product\/boom-cylinder-for-pushhm-pz220-8\/"},"modified":"2025-04-07T06:53:46","modified_gmt":"2025-04-07T06:53:46","slug":"boom-cylinder-for-pushhm-pz220-8","status":"publish","type":"product","link":"https:\/\/www.hydraulic-cylinders.net\/pl\/produkt\/boom-cylinder-for-pushhm-pz220-8\/","title":{"rendered":"Si\u0142ownik wysi\u0119gnika do pchacza PZ220-8"},"content":{"rendered":"<h1>Si\u0142ownik wysi\u0119gnika do pchacza PZ220-8<\/h1>\n<h2>Przegl\u0105d produktu<\/h2>\n<p>Si\u0142ownik wysi\u0119gnika Pushhm PZ220-8 to specjalistyczny si\u0142ownik hydrauliczny przeznaczony do sterowania ruchem \u0142y\u017cek w ci\u0119\u017ckich maszynach, takich jak koparki, koparko-\u0142adowarki i \u0142adowarki czo\u0142owe. Ten si\u0142ownik hydrauliczny umo\u017cliwia podnoszenie, opuszczanie i przechylanie \u0142y\u017cki, co jest niezb\u0119dne do wydajnego transportu materia\u0142\u00f3w.<\/p>\n<p>Jako si\u0142ownik hydrauliczny, dzia\u0142a on poprzez wykorzystanie ci\u015bnienia p\u0142ynu hydraulicznego do wytworzenia si\u0142y pchaj\u0105cej lub ci\u0105gn\u0105cej, umo\u017cliwiaj\u0105c precyzyjn\u0105 kontrol\u0119 w r\u00f3\u017cnych zastosowaniach. Ta funkcja jest kluczowa w budownictwie, rolnictwie i innych bran\u017cach, w kt\u00f3rych do kopania, podnoszenia i transportu materia\u0142\u00f3w u\u017cywa si\u0119 ci\u0119\u017ckiego sprz\u0119tu.<\/p>\n<p><img decoding=\"async\" src=\"https:\/\/www.hydraulic-cylinders.net\/wp-content\/uploads\/2025\/04\/songte-company-1.webp\" alt=\"Si\u0142ownik wysi\u0119gnika do Pushhm PZ220-8\" \/><\/p>\n<h2>Cechy cylindra wysi\u0119gnika<\/h2>\n<ul>\n<li><strong>Wysoka wytrzyma\u0142o\u015b\u0107 i trwa\u0142o\u015b\u0107:<\/strong> Wykonany z wysokowytrzyma\u0142ej stali lub aluminium, cylinder wytrzymuje wysokie ci\u015bnienie i du\u017ce obci\u0105\u017cenia, dzi\u0119ki czemu idealnie nadaje si\u0119 do pracy w trudnych warunkach. Konstrukcja jest odporna na zu\u017cycie i korozj\u0119, co wyd\u0142u\u017ca jego \u017cywotno\u015b\u0107.<\/li>\n<li><strong>Wydajna praca uk\u0142adu hydraulicznego:<\/strong> Si\u0142ownik wykorzystuje ci\u015bnienie p\u0142ynu hydraulicznego do p\u0142ynnego wysuwania i wsuwania, szybko reaguje na polecenia steruj\u0105ce i generuje du\u017ce si\u0142y pchania i ci\u0105gni\u0119cia, odpowiednie do wykonywania ci\u0119\u017ckich i skomplikowanych zada\u0144.<\/li>\n<li><strong>R\u00f3\u017cne typy:<\/strong> Dost\u0119pne w konfiguracji jednostronnego dzia\u0142ania (praca hydrauliczna w jednym kierunku) lub dwustronnego dzia\u0142ania (praca hydrauliczna w obu kierunkach), co pozwala na dob\u00f3r w zale\u017cno\u015bci od konkretnych potrzeb. Niekt\u00f3re modele s\u0105 teleskopowe, co umo\u017cliwia wi\u0119ksze wysuni\u0119cie bez zwi\u0119kszania wymiar\u00f3w zewn\u0119trznych, co jest idealne w zastosowaniach o ograniczonej przestrzeni.<\/li>\n<li><strong>Zaawansowana technologia uszczelniania:<\/strong> Wyposa\u017cone w wysokiej jako\u015bci uszczelki zapobiegaj\u0105ce przeciekom i gwarantuj\u0105ce optymaln\u0105 wydajno\u015b\u0107, zwi\u0119kszaj\u0105c\u0105 niezawodno\u015b\u0107 i wydajno\u015b\u0107 uk\u0142ad\u00f3w hydraulicznych.<\/li>\n<li><strong>Produkcja niestandardowa:<\/strong> Mo\u017cemy wyprodukowa\u0107 ten produkt tak, aby idealnie zast\u0105pi\u0142 istniej\u0105ce si\u0142owniki hydrauliczne, zapewniaj\u0105c jednocze\u015bnie kompatybilno\u015b\u0107 i popraw\u0119 wydajno\u015bci.<\/li>\n<\/ul>\n<p><img decoding=\"async\" src=\"https:\/\/www.hydraulic-cylinders.net\/wp-content\/uploads\/2025\/04\/songte-cylinder-head-with-all-kinds-excavator-models.webp\" alt=\"Modele koparek\" \/><\/p>\n<h2>Zastosowania cylindra wysi\u0119gnika<\/h2>\n<h3>Sprz\u0119t budowlany<\/h3>\n<p>W koparkach si\u0142owniki wysi\u0119gnika s\u0105 niezb\u0119dne do kopania, za\u0142adunku i przemieszczania gleby lub gruzu. Pomagaj\u0105 one w podnoszeniu \u0142y\u017cki w celu wydajnego kopania, zapewniaj\u0105c precyzyjn\u0105 penetracj\u0119 gleby i przenoszenie materia\u0142u.<\/p>\n<h3>Maszyny rolnicze<\/h3>\n<p>W \u0142adowarkach czo\u0142owych si\u0142owniki wysi\u0119gnika s\u0105 niezb\u0119dne do nabierania, podnoszenia i transportu gleby, siana i innych materia\u0142\u00f3w. Ich wydajna praca pozwala rolnikom szybko i efektywnie wykonywa\u0107 prace rolnicze.<\/p>\n<h3>Koparki<\/h3>\n<p>Si\u0142ownik wysi\u0119gnika umo\u017cliwia zag\u0142\u0119bianie si\u0119 \u0142y\u017cki w gleb\u0119, u\u0142atwiaj\u0105c wykopy. Zapewnia si\u0142\u0119 niezb\u0119dn\u0105 do przebijania si\u0119 przez twarde materia\u0142y gruntowe, przyczyniaj\u0105c si\u0119 do og\u00f3lnej wydajno\u015bci wykop\u00f3w.<\/p>\n<h3>\u0141adowarki<\/h3>\n<p>W \u0142adowarkach czo\u0142owych si\u0142owniki te pomagaj\u0105 efektywnie podnosi\u0107 i zrzuca\u0107 materia\u0142y. Zapewniaj\u0105 precyzj\u0119 w obs\u0142udze ci\u0119\u017ckich \u0142adunk\u00f3w, zwi\u0119kszaj\u0105c wydajno\u015b\u0107 na placach budowy.<\/p>\n<h2>Zagadnienia projektowe i kryteria wyboru<\/h2>\n<h3>No\u015bno\u015b\u0107<\/h3>\n<p>No\u015bno\u015b\u0107 si\u0142ownika wysi\u0119gnika ma kluczowe znaczenie dla zapewnienia jego bezawaryjnego ud\u017awigu. Musi on by\u0107 zaprojektowany tak, aby wytrzyma\u0107 zar\u00f3wno obci\u0105\u017cenia statyczne, jak i dynamiczne, z uwzgl\u0119dnieniem takich czynnik\u00f3w, jak marginesy bezpiecze\u0144stwa i warunki pracy.<\/p>\n<h3>Uszczelnienie i trwa\u0142o\u015b\u0107<\/h3>\n<p>Skuteczne uszczelnienie jest niezb\u0119dne, aby zapobiec wyciekom p\u0142ynu hydraulicznego, zapewniaj\u0105c wydajno\u015b\u0107 i bezpiecze\u0144stwo. Wyb\u00f3r odpowiednich materia\u0142\u00f3w uszczelniaj\u0105cych, takich jak poliuretan lub kauczuk nitrylowy, zwi\u0119ksza trwa\u0142o\u015b\u0107 i wydajno\u015b\u0107 w r\u00f3\u017cnych warunkach.<\/p>\n<h3>Funkcje bezpiecze\u0144stwa<\/h3>\n<p>Projekt uwzgl\u0119dnia kwestie bezpiecze\u0144stwa, takie jak zabezpieczenia przed przeci\u0105\u017ceniem i zabezpieczenia awaryjne, kt\u00f3re zapobiegaj\u0105 wypadkom i uszkodzeniom sprz\u0119tu. Uwzgl\u0119dnienie czynnik\u00f3w bezpiecze\u0144stwa w projekcie pomaga zapewni\u0107 niezawodn\u0105 prac\u0119 w r\u00f3\u017cnych warunkach.<\/p>\n<h3>Dost\u0119pno\u015b\u0107 konserwacyjna<\/h3>\n<p>Projektowanie z my\u015bl\u0105 o \u0142atwej konserwacji jest kluczowe. Obejmuje to uwzgl\u0119dnienie dost\u0119pno\u015bci uszczelek i podzespo\u0142\u00f3w do inspekcji i wymiany, co pozwala na przeprowadzenie rutynowej konserwacji bez znacz\u0105cych przestoj\u00f3w.<\/p>\n<p><img decoding=\"async\" src=\"https:\/\/www.hydraulic-cylinders.net\/wp-content\/uploads\/2025\/04\/songte-oil-pipes-and-spare-parts.webp\" alt=\"Rury olejowe i cz\u0119\u015bci zamienne\" \/><\/p>\n<h2>Uszczelnianie i smarowanie<\/h2>\n<p>Skuteczno\u015b\u0107 si\u0142ownika wysi\u0119gnika w du\u017cej mierze zale\u017cy od jego system\u00f3w uszczelnie\u0144 i smarowania. Do utrzymania ci\u015bnienia hydraulicznego i zapobiegania wyciekom stosuje si\u0119 r\u00f3\u017cne uszczelnienia, takie jak uszczelnienia t\u0142oka i t\u0142oczyska. Uszczelnienia wykonane z materia\u0142\u00f3w odpornych na zu\u017cycie, takich jak poliuretan i kauczuk nitrylowy, zapewniaj\u0105 trwa\u0142o\u015b\u0107 i niezawodno\u015b\u0107.<\/p>\n<p>Korpus cylindra i gwintowane ko\u0144c\u00f3wki s\u0105 precyzyjnie wyko\u0144czone w celu zwi\u0119kszenia odporno\u015bci na zu\u017cycie. Regularne smarowanie olejem hydraulicznym jest niezb\u0119dne dla optymalnej pracy, zmniejszaj\u0105c tarcie i zapobiegaj\u0105c zu\u017cyciu ruchomych cz\u0119\u015bci. Nale\u017cy przestrzega\u0107 odpowiednich odst\u0119p\u00f3w mi\u0119dzy smarowaniami, aby zapewni\u0107 p\u0142ynne dzia\u0142anie uk\u0142adu hydraulicznego.<\/p>\n<h2>\u015arodki konserwacji zapobiegawczej<\/h2>\n<ul>\n<li><strong>Regularne kontrole:<\/strong> Rutynowe kontrole zu\u017cycia, poziomu p\u0142yn\u00f3w i szczelno\u015bci uszczelnie\u0144 s\u0105 kluczowe. Wczesne wykrycie problem\u00f3w mo\u017ce zapobiec powa\u017cniejszym problemom w przysz\u0142o\u015bci.<\/li>\n<li><strong>Protoko\u0142y smarowania:<\/strong> Wdro\u017cenie prawid\u0142owego harmonogramu smarowania gwarantuje odpowiednie smarowanie wszystkich ruchomych cz\u0119\u015bci, co zmniejsza tarcie i wyd\u0142u\u017ca \u017cywotno\u015b\u0107 cylindra.<\/li>\n<li><strong>Wymiana uszczelki:<\/strong> Regularna wymiana uszczelek pomaga utrzyma\u0107 ci\u015bnienie hydrauliczne i zapobiega wyciekom. Posiadanie zapasu uszczelek zamiennych mo\u017ce u\u0142atwi\u0107 terminowe naprawy.<\/li>\n<\/ul>\n<h2>Wytyczne dotycz\u0105ce instalacji<\/h2>\n<p>Prawid\u0142owy monta\u017c si\u0142ownika wysi\u0119gnika ma kluczowe znaczenie dla jego trwa\u0142o\u015bci i funkcjonalno\u015bci. Zacznij od czystego miejsca pracy i zbierz wszystkie niezb\u0119dne narz\u0119dzia i komponenty. Ustaw si\u0142ownik prawid\u0142owo wzgl\u0119dem punkt\u00f3w mocowania maszyny, upewniaj\u0105c si\u0119, \u017ce wszystkie elementy s\u0105 kompatybilne.<\/p>\n<p>U\u017cyj odpowiednich wspornik\u00f3w monta\u017cowych, aby zabezpieczy\u0107 cylinder na miejscu, zapobiegaj\u0105c wszelkim odchyleniom podczas pracy. Sprawd\u017a, czy przewody hydrauliczne s\u0105 prawid\u0142owo pod\u0142\u0105czone, bez zagi\u0119\u0107 i skr\u0119ce\u0144. Po monta\u017cu przeprowad\u017a pr\u00f3b\u0119 ci\u015bnieniow\u0105, aby upewni\u0107 si\u0119, \u017ce nie ma wyciek\u00f3w i cylinder dzia\u0142a zgodnie z przeznaczeniem. Regularnie sprawdzaj instalacj\u0119 pod k\u0105tem oznak zu\u017cycia lub odchyle\u0144.<\/p>\n<h2>Typowe zadania konserwacyjne<\/h2>\n<h3>Regularne kontrole<\/h3>\n<p>Regularne kontrole s\u0105 kluczowe dla identyfikacji potencjalnych problem\u00f3w, zanim si\u0119 nasil\u0105. Sprawd\u017a, czy uszczelki i podzespo\u0142y nie wykazuj\u0105 oznak zu\u017cycia, oraz monitoruj poziom p\u0142ynu hydraulicznego. To proaktywne podej\u015bcie pomaga utrzyma\u0107 integralno\u015b\u0107 ca\u0142ego uk\u0142adu.<\/p>\n<h3>Prawid\u0142owe smarowanie<\/h3>\n<p>Upewnij si\u0119, \u017ce wszystkie ruchome cz\u0119\u015bci s\u0105 nasmarowane zgodnie z zaleceniami producenta. Prawid\u0142owe smarowanie zmniejsza tarcie, zapobiega korozji oraz poprawia wydajno\u015b\u0107 i \u017cywotno\u015b\u0107 uk\u0142adu hydraulicznego.<\/p>\n<h3>Wymiana uszczelek i kontrola kalibracji<\/h3>\n<p>Regularnie wymieniaj zu\u017cyte uszczelki, aby utrzyma\u0107 ci\u015bnienie hydrauliczne i wydajno\u015b\u0107. Dodatkowo, kontrole kalibracji gwarantuj\u0105, \u017ce si\u0142ownik dzia\u0142a w okre\u015blonych parametrach, zapobiegaj\u0105c problemom eksploatacyjnym i zwi\u0119kszaj\u0105c bezpiecze\u0144stwo.<\/p>\n<p><img decoding=\"async\" src=\"https:\/\/www.hydraulic-cylinders.net\/wp-content\/uploads\/2025\/04\/songte-chushion-collar.webp\" alt=\"Ko\u0142nierz poduszkowy\" \/><\/p>\n<h2>Zagadnienia bezpiecze\u0144stwa i czynniki \u015brodowiskowe<\/h2>\n<p>Wdro\u017cenie \u015brodk\u00f3w bezpiecze\u0144stwa podczas obs\u0142ugi cylindr\u00f3w hydraulicznych ma kluczowe znaczenie. Operatorzy powinni by\u0107 przeszkoleni w zakresie rozpoznawania potencjalnych zagro\u017ce\u0144 i przestrzegania protoko\u0142\u00f3w bezpiecze\u0144stwa, aby zapobiega\u0107 wypadkom. Regularna konserwacja i przegl\u0105dy s\u0105 kluczowe dla identyfikacji wszelkich problem\u00f3w, kt\u00f3re mog\u0105 zagra\u017ca\u0107 bezpiecze\u0144stwu.<\/p>\n<h2>Rozwi\u0105zywanie problem\u00f3w i typowe problemy<\/h2>\n<ul>\n<li><strong>Wyciek p\u0142ynu:<\/strong> Sprawd\u017a uszczelki pod k\u0105tem zu\u017cycia lub uszkodze\u0144. Wymie\u0144 uszkodzone uszczelki, aby zapobiec utracie p\u0142ynu hydraulicznego, kt\u00f3ra mog\u0142aby doprowadzi\u0107 do awarii uk\u0142adu.<\/li>\n<li><strong>Powolna praca:<\/strong> Sprawd\u017a poziom p\u0142ynu hydraulicznego i sprawd\u017a, czy w\u0119\u017ce lub z\u0142\u0105czki nie s\u0105 zablokowane. Upewnij si\u0119, \u017ce pompa hydrauliczna dzia\u0142a prawid\u0142owo.<\/li>\n<li><strong>Nieodpowiadaj\u0105cy cylinder:<\/strong> Sprawd\u017a, czy w uk\u0142adzie hydraulicznym nie ma p\u0119cherzyk\u00f3w powietrza i czy wszystkie po\u0142\u0105czenia s\u0105 bezpieczne.<\/li>\n<\/ul>\n<h2>Diagnostyka usterek i rozwi\u0105zania<\/h2>\n<p>Szybka identyfikacja usterek mo\u017ce zminimalizowa\u0107 przestoje i koszty napraw. Regularny monitoring i dog\u0142\u0119bna znajomo\u015b\u0107 uk\u0142adu hydraulicznego pomog\u0105 w skutecznej diagnozie problem\u00f3w. Wdra\u017canie \u015brodk\u00f3w zapobiegawczych, takich jak rutynowe przegl\u0105dy i terminowa konserwacja, pomaga zmniejszy\u0107 ryzyko awarii.<\/p>\n<p><img decoding=\"async\" src=\"https:\/\/www.hydraulic-cylinders.net\/wp-content\/uploads\/2025\/04\/songte-bushings-with-all-kinds-of-excavator-models.webp\" alt=\"Tuleje z modelami koparek\" \/><\/p>\n<h2>Przegl\u0105d firmy<\/h2>\n<p>Jeste\u015bmy wiod\u0105cym producentem i hurtownikiem si\u0142ownik\u00f3w hydraulicznych, oferuj\u0105cym szerok\u0105 gam\u0119 produkt\u00f3w, spe\u0142niaj\u0105cych potrzeby rynku krajowego i mi\u0119dzynarodowego. Nasze zaanga\u017cowanie w d\u0105\u017cenie do doskona\u0142o\u015bci jako\u015bci jest poparte zaawansowanymi strategiami produkcyjnymi, wykorzystaniem precyzyjnego sprz\u0119tu i wykwalifikowanego personelu technicznego. Stale rozwijamy nasze mo\u017cliwo\u015bci produkcyjne, aby sprosta\u0107 zr\u00f3\u017cnicowanym wymaganiom klient\u00f3w, zapewniaj\u0105c wysok\u0105 wydajno\u015b\u0107 i precyzj\u0119.<\/p>\n<p>Nasza firma oferuje us\u0142ugi dostosowane do indywidualnych potrzeb klienta, gwarantuj\u0105c, \u017ce wszystkie produkty spe\u0142niaj\u0105 rygorystyczne mi\u0119dzynarodowe standardy. Jeste\u015bmy dumni z naszego solidnego wsparcia posprzeda\u017cowego, oferuj\u0105c pomoc techniczn\u0105 i us\u0142ugi konserwacyjne, aby zapewni\u0107 d\u0142ugowieczno\u015b\u0107 naszych produkt\u00f3w.<\/p>\n<p><img decoding=\"async\" src=\"https:\/\/www.hydraulic-cylinders.net\/wp-content\/uploads\/2025\/04\/songte-company-4.webp\" alt=\"Przegl\u0105d firmy\" \/><br \/>\n<img decoding=\"async\" src=\"https:\/\/www.hydraulic-cylinders.net\/wp-content\/uploads\/2025\/04\/songte-company-3.webp\" alt=\"Firma produkcyjna\" \/><\/p>\n<p>Autor: lyl<\/p>","protected":false},"excerpt":{"rendered":"<p>Boom Cylinder For Pushhm PZ220-8 Product Overview The Boom Cylinder for Pushhm PZ220-8 is a specialized hydraulic cylinder designed to control the movement of buckets in heavy machinery such as excavators, backhoe loaders, and front-end loaders. This hydraulic cylinder enables the bucket to lift, lower, and tilt, essential for efficient material handling tasks. As a [&hellip;]<\/p>","protected":false},"featured_media":17881,"comment_status":"open","ping_status":"closed","template":"","meta":{"_et_pb_use_builder":"","_et_pb_old_content":"","_et_gb_content_width":""},"product_brand":[],"product_cat":[1546],"product_tag":[1547,1496],"class_list":{"0":"post-19543","1":"product","2":"type-product","3":"status-publish","4":"has-post-thumbnail","6":"product_cat-boom-cylinders","7":"product_tag-boom-cylinders","8":"product_tag-hydraulic-cylinders","10":"first","11":"instock","12":"shipping-taxable","13":"product-type-simple"},"amp_enabled":true,"_links":{"self":[{"href":"https:\/\/www.hydraulic-cylinders.net\/pl\/wp-json\/wp\/v2\/product\/19543","targetHints":{"allow":["GET"]}}],"collection":[{"href":"https:\/\/www.hydraulic-cylinders.net\/pl\/wp-json\/wp\/v2\/product"}],"about":[{"href":"https:\/\/www.hydraulic-cylinders.net\/pl\/wp-json\/wp\/v2\/types\/product"}],"replies":[{"embeddable":true,"href":"https:\/\/www.hydraulic-cylinders.net\/pl\/wp-json\/wp\/v2\/comments?post=19543"}],"wp:featuredmedia":[{"embeddable":true,"href":"https:\/\/www.hydraulic-cylinders.net\/pl\/wp-json\/wp\/v2\/media\/17881"}],"wp:attachment":[{"href":"https:\/\/www.hydraulic-cylinders.net\/pl\/wp-json\/wp\/v2\/media?parent=19543"}],"wp:term":[{"taxonomy":"product_brand","embeddable":true,"href":"https:\/\/www.hydraulic-cylinders.net\/pl\/wp-json\/wp\/v2\/product_brand?post=19543"},{"taxonomy":"product_cat","embeddable":true,"href":"https:\/\/www.hydraulic-cylinders.net\/pl\/wp-json\/wp\/v2\/product_cat?post=19543"},{"taxonomy":"product_tag","embeddable":true,"href":"https:\/\/www.hydraulic-cylinders.net\/pl\/wp-json\/wp\/v2\/product_tag?post=19543"}],"curies":[{"name":"wp","href":"https:\/\/api.w.org\/{rel}","templated":true}]}}