{"id":19547,"date":"2025-04-07T06:53:55","date_gmt":"2025-04-07T06:53:55","guid":{"rendered":"https:\/\/www.hydraulic-cylinders.net\/product\/boom-cylinder-for-nante-nt18\/"},"modified":"2025-04-07T06:53:57","modified_gmt":"2025-04-07T06:53:57","slug":"boom-cylinder-for-nante-nt18","status":"publish","type":"product","link":"https:\/\/www.hydraulic-cylinders.net\/pl\/produkt\/boom-cylinder-for-nante-nt18\/","title":{"rendered":"Si\u0142ownik wysi\u0119gnika do Nante NT18"},"content":{"rendered":"<h1>Si\u0142ownik wysi\u0119gnika do Nante NT18<\/h1>\n<h2>Przegl\u0105d cylindra wysi\u0119gnika<\/h2>\n<p>Si\u0142ownik wysi\u0119gnika, znany r\u00f3wnie\u017c jako si\u0142ownik \u0142y\u017cki, jest kluczowym elementem uk\u0142ad\u00f3w hydraulicznych stosowanych w ci\u0119\u017ckich maszynach. Si\u0142owniki te steruj\u0105 ruchem \u0142y\u017cki w r\u00f3\u017cnych maszynach, takich jak koparki, koparko-\u0142adowarki i \u0142adowarki czo\u0142owe. Ich g\u0142\u00f3wn\u0105 funkcj\u0105 jest umo\u017cliwienie podnoszenia, opuszczania i przechylania \u0142y\u017cki, co u\u0142atwia wydajne przenoszenie materia\u0142\u00f3w.<\/p>\n<p>Zasadniczo si\u0142ownik wysi\u0119gnika dzia\u0142a poprzez wykorzystanie p\u0142ynu hydraulicznego do wytworzenia ci\u015bnienia, kt\u00f3re porusza t\u0142ok wewn\u0105trz cylindra. Ruch ten zapewnia precyzyjn\u0105 kontrol\u0119 niezb\u0119dn\u0105 do podnoszenia ci\u0119\u017ckich \u0142adunk\u00f3w i manewrowania, co czyni go niezast\u0105pionym w budownictwie, rolnictwie i innych bran\u017cach wykorzystuj\u0105cych ci\u0119\u017cki sprz\u0119t.<\/p>\n<p><img decoding=\"async\" src=\"https:\/\/www.hydraulic-cylinders.net\/wp-content\/uploads\/2025\/04\/songte-company-1.webp\" alt=\"Obraz cylindra wysi\u0119gnika\"><\/p>\n<h2>G\u0142\u00f3wne cechy cylindra wysi\u0119gnika<\/h2>\n<ul>\n<li><strong>Wysoka wytrzyma\u0142o\u015b\u0107 i trwa\u0142o\u015b\u0107:<\/strong> Zazwyczaj wykonane z wysokowytrzyma\u0142ej stali lub aluminium, cylindry te wytrzymuj\u0105 wysokie ci\u015bnienie i du\u017ce obci\u0105\u017cenia, dzi\u0119ki czemu nadaj\u0105 si\u0119 do pracy w trudnych warunkach. Zaprojektowano je tak, aby by\u0142y odporne na zu\u017cycie i korozj\u0119, co wyd\u0142u\u017ca ich \u017cywotno\u015b\u0107.<\/li>\n<li><strong>Wydajna praca uk\u0142adu hydraulicznego:<\/strong> Si\u0142ownik wysi\u0119gnika wykorzystuje ci\u015bnienie oleju hydraulicznego do p\u0142ynnego wysuwania i wsuwania, co pozwala na szybk\u0105 reakcj\u0119 na polecenia steruj\u0105ce i zapewnia du\u017c\u0105 si\u0142\u0119 pchania i ci\u0105gni\u0119cia, idealn\u0105 do przenoszenia ci\u0119\u017ckich przedmiot\u00f3w i wykonywania skomplikowanych zada\u0144.<\/li>\n<li><strong>R\u00f3\u017cnorodno\u015b\u0107 typ\u00f3w:<\/strong> W zale\u017cno\u015bci od zastosowania, dost\u0119pne s\u0105 cylindry jednostronnego dzia\u0142ania (hydrauliczne w jednym kierunku) i dwustronnego dzia\u0142ania (hydrauliczne w obu kierunkach). Niekt\u00f3re modele s\u0105 teleskopowe, co pozwala na wi\u0119ksze wysuni\u0119cie bez zwi\u0119kszania wymiar\u00f3w zewn\u0119trznych, co jest korzystne w zastosowaniach o ograniczonej przestrzeni.<\/li>\n<li><strong>Produkcja niestandardowa:<\/strong> Nasze produkty doskonale zast\u0119puj\u0105 istniej\u0105ce si\u0142owniki hydrauliczne, zapewniaj\u0105c jednocze\u015bnie ich kompatybilno\u015b\u0107 i funkcjonalno\u015b\u0107.<\/li>\n<\/ul>\n<p><img decoding=\"async\" src=\"https:\/\/www.hydraulic-cylinders.net\/wp-content\/uploads\/2025\/04\/songte-cylinder-head-with-all-kinds-excavator-models.webp\" alt=\"Modele koparek\"><\/p>\n<h2>Zastosowania cylindra wysi\u0119gnika<\/h2>\n<h3>Sprz\u0119t budowlany<\/h3>\n<p>W maszynach budowlanych, takich jak koparki, si\u0142owniki wysi\u0119gnika s\u0105 niezb\u0119dne do kopania, za\u0142adunku i przemieszczania ziemi lub gruzu. Umo\u017cliwiaj\u0105 operatorom precyzyjne wykonywanie skomplikowanych zada\u0144. W koparko-\u0142adowarkach si\u0142owniki te nie tylko wspomagaj\u0105 kopanie, ale tak\u017ce podnoszenie. Integracja si\u0142ownik\u00f3w wysi\u0119gnika w tych maszynach zwi\u0119ksza wydajno\u015b\u0107 i efektywno\u015b\u0107 na placach budowy.<\/p>\n<h3>Maszyny rolnicze<\/h3>\n<p>W rolnictwie si\u0142owniki wysi\u0119gnika s\u0105 wykorzystywane w \u0142adowarkach czo\u0142owych do nabierania, podnoszenia i transportu gleby, siana i innych materia\u0142\u00f3w. Ich solidna konstrukcja gwarantuje, \u017ce poradz\u0105 sobie z trudnymi zadaniami, cz\u0119sto wyst\u0119puj\u0105cymi w rolnictwie, zachowuj\u0105c jednocze\u015bnie niezawodno\u015b\u0107 i \u0142atwo\u015b\u0107 obs\u0142ugi.<\/p>\n<h3>Koparki<\/h3>\n<p>W koparkach si\u0142owniki wysi\u0119gnika u\u0142atwiaj\u0105 kopanie, umo\u017cliwiaj\u0105c skuteczne zag\u0142\u0119bianie si\u0119 \u0142y\u017cki w grunt. Zapewniaj\u0105 one si\u0142\u0119 niezb\u0119dn\u0105 do przebijania si\u0119 przez tward\u0105 gleb\u0119 i ska\u0142y, co czyni je kluczowym elementem w projektach wykopaliskowych o r\u00f3\u017cnej skali.<\/p>\n<h3>\u0141adowarki<\/h3>\n<p>W \u0142adowarkach czo\u0142owych si\u0142owniki wysi\u0119gnika znacz\u0105co przyczyniaj\u0105 si\u0119 do wydajnego podnoszenia i opr\u00f3\u017cniania \u0142adunk\u00f3w. Umo\u017cliwiaj\u0105 operatorom \u0142atwe przemieszczanie ci\u0119\u017ckich materia\u0142\u00f3w, zwi\u0119kszaj\u0105c tym samym og\u00f3ln\u0105 wydajno\u015b\u0107 maszyny i skracaj\u0105c czas pracy przy r\u00f3\u017cnych zadaniach.<\/p>\n<h2>Zagadnienia projektowe i kryteria wyboru<\/h2>\n<ul>\n<li><strong>No\u015bno\u015b\u0107:<\/strong> Zrozumienie ud\u017awigu jest kluczowe przy wyborze si\u0142ownika wysi\u0119gnika. Okre\u015bla on maksymalny ci\u0119\u017car, jaki si\u0142ownik mo\u017ce ud\u017awign\u0105\u0107 bez uszczerbku dla wydajno\u015bci i bezpiecze\u0144stwa. Wyb\u00f3r si\u0142ownika o wymaganej no\u015bno\u015bci lub jej przewy\u017cszeniu gwarantuje niezawodno\u015b\u0107 i trwa\u0142o\u015b\u0107.<\/li>\n<li><strong>Mechanizmy uszczelniaj\u0105ce:<\/strong> Skuteczno\u015b\u0107 systemu uszczelnie\u0144 ma kluczowe znaczenie dla zapobiegania wyciekom p\u0142ynu hydraulicznego. Wysokiej jako\u015bci uszczelki wykonane z trwa\u0142ych materia\u0142\u00f3w, takich jak poliuretan lub kauczuk nitrylowy, pomagaj\u0105 utrzyma\u0107 ci\u015bnienie i ograniczaj\u0105 potrzeb\u0119 konserwacji.<\/li>\n<li><strong>Trwa\u0142o\u015b\u0107:<\/strong> Materia\u0142y u\u017cyte do budowy si\u0142ownik\u00f3w wysi\u0119gnika musz\u0105 by\u0107 odporne na zu\u017cycie i korozj\u0119. Jest to szczeg\u00f3lnie wa\u017cne w trudnych warunkach, gdzie nara\u017cenie na dzia\u0142anie czynnik\u00f3w atmosferycznych mo\u017ce prowadzi\u0107 do przedwczesnej awarii podzespo\u0142\u00f3w o ni\u017cszej jako\u015bci.<\/li>\n<li><strong>Funkcje bezpiecze\u0144stwa:<\/strong> Bezpiecze\u0144stwo jest najwa\u017cniejsze w uk\u0142adach hydraulicznych. Si\u0142owniki wysi\u0119gnika powinny by\u0107 wyposa\u017cone w zabezpieczenia zapobiegaj\u0105ce nadmiernemu wysuni\u0119ciu i nag\u0142ym awariom. Te mechanizmy bezpiecze\u0144stwa zapewniaj\u0105 bezpiecze\u0144stwo operatora i integralno\u015b\u0107 maszyny.<\/li>\n<li><strong>Dost\u0119pno\u015b\u0107 konserwacyjna:<\/strong> Dobra konstrukcja powinna umo\u017cliwia\u0107 \u0142atw\u0105 konserwacj\u0119 i kontrol\u0119. Funkcje umo\u017cliwiaj\u0105ce dost\u0119p do cylindra w celu regularnych kontroli mog\u0105 znacz\u0105co wyd\u0142u\u017cy\u0107 jego \u017cywotno\u015b\u0107 i poprawi\u0107 wydajno\u015b\u0107.<\/li>\n<\/ul>\n<p><img decoding=\"async\" src=\"https:\/\/www.hydraulic-cylinders.net\/wp-content\/uploads\/2025\/04\/songte-oil-pipes-and-spare-parts.webp\" alt=\"Elementy hydrauliczne\"><\/p>\n<h2>Uszczelnianie i smarowanie<\/h2>\n<p>Uszczelnienie i smarowanie to kluczowe aspekty utrzymania wydajno\u015bci si\u0142ownika wysi\u0119gnika. R\u00f3\u017cne uszczelnienia, w tym uszczelnienia t\u0142oczysk i t\u0142oczysk, zapewniaj\u0105 utrzymanie p\u0142ynu hydraulicznego wewn\u0105trz si\u0142ownika. Uszczelnienia te s\u0105 cz\u0119sto wykonane z materia\u0142\u00f3w odpornych na zu\u017cycie, takich jak poliuretan i kauczuk nitrylowy, kt\u00f3re zapewniaj\u0105 doskona\u0142\u0105 trwa\u0142o\u015b\u0107.<\/p>\n<p>Korpus cylindra i gwintowane powierzchnie ko\u0144cowe s\u0105 starannie obrabiane w celu zwi\u0119kszenia odporno\u015bci na zu\u017cycie. Regularne smarowanie odpowiednim rodzajem i ilo\u015bci\u0105 oleju hydraulicznego jest niezb\u0119dne dla zmniejszenia tarcia i zapewnienia p\u0142ynnej pracy. Zaniedbanie tych czynno\u015bci konserwacyjnych mo\u017ce prowadzi\u0107 do przedwczesnego zu\u017cycia i potencjalnych awarii systemu.<\/p>\n<h2>Regularne kontrole i konserwacja zapobiegawcza<\/h2>\n<ul>\n<li><strong>Rutynowa kontrola:<\/strong> Regularnie sprawdzaj si\u0142ownik wysi\u0119gnika pod k\u0105tem oznak zu\u017cycia, wyciek\u00f3w lub uszkodze\u0144. To proaktywne dzia\u0142anie mo\u017ce pom\u00f3c zidentyfikowa\u0107 potencjalne problemy, zanim przerodz\u0105 si\u0119 w powa\u017cne problemy, zapewniaj\u0105c ci\u0105g\u0142o\u015b\u0107 pracy.<\/li>\n<li><strong>Prawid\u0142owe smarowanie:<\/strong> Upewnij si\u0119, \u017ce poziom oleju hydraulicznego jest prawid\u0142owy i odpowiedni do warunk\u00f3w pracy. Regularna kontrola i utrzymanie odpowiedniego poziomu smarowania zapobiega zu\u017cyciu uszczelnie\u0144 i podzespo\u0142\u00f3w.<\/li>\n<li><strong>Wymiana uszczelki:<\/strong> Monitoruj stan uszczelek i wymieniaj je w razie potrzeby. Zu\u017cyte lub uszkodzone uszczelki mog\u0105 prowadzi\u0107 do wyciek\u00f3w i pogorszenia wydajno\u015bci, co mo\u017ce mie\u0107 wp\u0142yw na ca\u0142y uk\u0142ad hydrauliczny.<\/li>\n<\/ul>\n<h2>Wytyczne dotycz\u0105ce instalacji<\/h2>\n<p>Prawid\u0142owy monta\u017c si\u0142ownika wysi\u0119gnika ma kluczowe znaczenie dla optymalnej wydajno\u015bci i trwa\u0142o\u015bci. Polega on na zapewnieniu prawid\u0142owego ustawienia i dopasowania si\u0142ownika, aby unikn\u0105\u0107 nadmiernego obci\u0105\u017cenia podzespo\u0142\u00f3w. Podczas monta\u017cu:<\/p>\n<ul>\n<li>Upewnij si\u0119, \u017ce cylinder jest prawid\u0142owo wyr\u00f3wnany z punktami mocowania. Niew\u0142a\u015bciwe wyr\u00f3wnanie mo\u017ce prowadzi\u0107 do przedwczesnego zu\u017cycia i awarii.<\/li>\n<li>U\u017cyj odpowiednich uchwyt\u00f3w monta\u017cowych, aby pewnie zamocowa\u0107 cylinder. Zapewni to stabilno\u015b\u0107 podczas pracy.<\/li>\n<li>Aby zachowa\u0107 integralno\u015b\u0107 zespo\u0142u, nale\u017cy przestrzega\u0107 zalece\u0144 producenta dotycz\u0105cych ustawie\u0144 momentu obrotowego i procedury instalacji.<\/li>\n<li>Po instalacji nale\u017cy wykona\u0107 jazd\u0119 pr\u00f3bn\u0105, aby upewni\u0107 si\u0119, \u017ce cylinder dzia\u0142a p\u0142ynnie i bez \u017cadnych problem\u00f3w.<\/li>\n<\/ul>\n<p><img decoding=\"async\" src=\"https:\/\/www.hydraulic-cylinders.net\/wp-content\/uploads\/2025\/04\/songte-chushion-collar.webp\" alt=\"Monta\u017c si\u0142ownika wysi\u0119gnika\"><\/p>\n<h2>Zagadnienia bezpiecze\u0144stwa i czynniki \u015brodowiskowe<\/h2>\n<p>Podczas u\u017cytkowania si\u0142ownik\u00f3w wysi\u0119gnika, przestrzeganie zasad bezpiecze\u0144stwa jest kluczowe dla zapobiegania wypadkom i zapewnienia bezpiecze\u0144stwa operatorom oraz osobom postronnym. Odpowiednie przeszkolenie w zakresie obs\u0142ugi uk\u0142ad\u00f3w hydraulicznych i zrozumienie ogranicze\u0144 sprz\u0119tu s\u0105 kluczowe dla minimalizacji ryzyka. Ponadto, stosowanie przyjaznych dla \u015brodowiska p\u0142yn\u00f3w hydraulicznych mo\u017ce zmniejszy\u0107 wp\u0142yw na \u015brodowisko, promuj\u0105c tym samym zr\u00f3wnowa\u017cone praktyki operacyjne.<\/p>\n<h2>Rozwi\u0105zywanie problem\u00f3w i typowe problemy<\/h2>\n<ul>\n<li><strong>Wycieki p\u0142yn\u00f3w:<\/strong> Je\u015bli zauwa\u017cysz gromadzenie si\u0119 p\u0142ynu hydraulicznego wok\u00f3\u0142 cylindra, sprawd\u017a uszczelki pod k\u0105tem uszkodze\u0144 lub zu\u017cycia. Natychmiast wymie\u0144 uszczelki, aby zapobiec dalszym wyciekom.<\/li>\n<li><strong>Obni\u017cona wydajno\u015b\u0107:<\/strong> Je\u015bli si\u0142ownik wysi\u0119gnika nie reaguje zgodnie z oczekiwaniami, sprawd\u017a poziom p\u0142ynu hydraulicznego i upewnij si\u0119, \u017ce w uk\u0142adzie nie ma p\u0119cherzyk\u00f3w powietrza. Mo\u017ce by\u0107 konieczne odpowietrzenie uk\u0142adu.<\/li>\n<li><strong>Ha\u0142a\u015bliwa praca:<\/strong> Nadmierny ha\u0142as podczas pracy mo\u017ce wskazywa\u0107 na brak smarowania lub uszkodzenie podzespo\u0142\u00f3w wewn\u0119trznych. Nale\u017cy oceni\u0107 poziom smarowania i sprawdzi\u0107, czy nie wyst\u0119puj\u0105 problemy mechaniczne.<\/li>\n<\/ul>\n<h2>Wskaz\u00f3wki i rozwi\u0105zania dotycz\u0105ce rozwi\u0105zywania problem\u00f3w<\/h2>\n<p>Aby skutecznie diagnozowa\u0107 i rozwi\u0105zywa\u0107 problemy z si\u0142ownikami wysi\u0119gnika:<\/p>\n<ul>\n<li>Regularnie sprawdzaj poziom p\u0142yn\u00f3w i uzupe\u0142niaj go w razie potrzeby. Utrzymywanie prawid\u0142owego poziomu p\u0142yn\u00f3w mo\u017ce zapobiec wielu problemom eksploatacyjnym.<\/li>\n<li>Przeprowadzaj konserwacj\u0119 zapobiegawcz\u0105 uszczelnie\u0144 i uk\u0142ad\u00f3w smarowania, aby zapobiec zu\u017cyciu, kt\u00f3re mo\u017ce prowadzi\u0107 do wyciek\u00f3w lub problem\u00f3w z wydajno\u015bci\u0105.<\/li>\n<li>Dokumentuj wszelkie zmiany w wydajno\u015bci i przeprowadzaj dok\u0142adne kontrole w celu zidentyfikowania wzorc\u00f3w lub powtarzaj\u0105cych si\u0119 problem\u00f3w, kt\u00f3re mog\u0105 wskazywa\u0107 na istnienie problem\u00f3w podstawowych.<\/li>\n<\/ul>\n<p><img decoding=\"async\" src=\"https:\/\/www.hydraulic-cylinders.net\/wp-content\/uploads\/2025\/04\/songte-bushings-with-all-kinds-of-excavator-models.webp\" alt=\"Tuleje koparki\"><\/p>\n<h2>O naszej firmie<\/h2>\n<p>Jeste\u015bmy wiod\u0105cym producentem zamiennych si\u0142ownik\u00f3w hydraulicznych, oferuj\u0105cym szerok\u0105 gam\u0119 produkt\u00f3w, co plasuje nas w czo\u0142\u00f3wce dostawc\u00f3w na rynku krajowym i mi\u0119dzynarodowym. Nasze d\u0105\u017cenie do doskona\u0142o\u015bci opiera si\u0119 na udoskonalonym procesie produkcyjnym i rygorystycznych kontrolach jako\u015bci. Wykorzystuj\u0105c wykwalifikowany personel, najnowocze\u015bniejszy sprz\u0119t do produkcji cyfrowej oraz zaawansowane systemy testowe, stale udoskonalamy nasze mo\u017cliwo\u015bci produkcyjne, aby sprosta\u0107 zr\u00f3\u017cnicowanym potrzebom klient\u00f3w.<\/p>\n<p>Skupienie si\u0119 na profesjonalnej obs\u0142udze, mi\u0119dzynarodowych certyfikatach i niestandardowych rozwi\u0105zaniach pozwala nam sprosta\u0107 zr\u00f3\u017cnicowanym potrzebom rynku. Nasze zak\u0142ady produkcyjne wyposa\u017cone s\u0105 w najnowocze\u015bniejsze technologie, co gwarantuje wysok\u0105 wydajno\u015b\u0107, precyzj\u0119 i jako\u015b\u0107 ka\u017cdego dostarczanego przez nas produktu. Dodatkowo, zapewniamy doskona\u0142\u0105 obs\u0142ug\u0119 posprzeda\u017cow\u0105, wspieraj\u0105c naszych klient\u00f3w w efektywnym utrzymaniu ich uk\u0142ad\u00f3w hydraulicznych.<\/p>\n<p><img decoding=\"async\" src=\"https:\/\/www.hydraulic-cylinders.net\/wp-content\/uploads\/2025\/04\/songte-company-4.webp\" alt=\"Przegl\u0105d firmy\"><br \/>\n<img decoding=\"async\" src=\"https:\/\/www.hydraulic-cylinders.net\/wp-content\/uploads\/2025\/04\/songte-company-3.webp\" alt=\"Zak\u0142ad produkcyjny firmy\"><\/p>\n<p>Autor: lyl<\/p>","protected":false},"excerpt":{"rendered":"<p>Boom Cylinder For Nante NT18 Overview of Boom Cylinder The boom cylinder, also known as the bucket cylinder, is a critical component in hydraulic systems used in heavy machinery. These cylinders control the movement of the bucket on various machines such as excavators, backhoe loaders, and front loaders. Their primary function is to enable the [&hellip;]<\/p>","protected":false},"featured_media":17870,"comment_status":"open","ping_status":"closed","template":"","meta":{"_et_pb_use_builder":"","_et_pb_old_content":"","_et_gb_content_width":""},"product_brand":[],"product_cat":[1546],"product_tag":[1547,1496],"class_list":{"0":"post-19547","1":"product","2":"type-product","3":"status-publish","4":"has-post-thumbnail","6":"product_cat-boom-cylinders","7":"product_tag-boom-cylinders","8":"product_tag-hydraulic-cylinders","10":"first","11":"instock","12":"shipping-taxable","13":"product-type-simple"},"amp_enabled":true,"_links":{"self":[{"href":"https:\/\/www.hydraulic-cylinders.net\/pl\/wp-json\/wp\/v2\/product\/19547","targetHints":{"allow":["GET"]}}],"collection":[{"href":"https:\/\/www.hydraulic-cylinders.net\/pl\/wp-json\/wp\/v2\/product"}],"about":[{"href":"https:\/\/www.hydraulic-cylinders.net\/pl\/wp-json\/wp\/v2\/types\/product"}],"replies":[{"embeddable":true,"href":"https:\/\/www.hydraulic-cylinders.net\/pl\/wp-json\/wp\/v2\/comments?post=19547"}],"wp:featuredmedia":[{"embeddable":true,"href":"https:\/\/www.hydraulic-cylinders.net\/pl\/wp-json\/wp\/v2\/media\/17870"}],"wp:attachment":[{"href":"https:\/\/www.hydraulic-cylinders.net\/pl\/wp-json\/wp\/v2\/media?parent=19547"}],"wp:term":[{"taxonomy":"product_brand","embeddable":true,"href":"https:\/\/www.hydraulic-cylinders.net\/pl\/wp-json\/wp\/v2\/product_brand?post=19547"},{"taxonomy":"product_cat","embeddable":true,"href":"https:\/\/www.hydraulic-cylinders.net\/pl\/wp-json\/wp\/v2\/product_cat?post=19547"},{"taxonomy":"product_tag","embeddable":true,"href":"https:\/\/www.hydraulic-cylinders.net\/pl\/wp-json\/wp\/v2\/product_tag?post=19547"}],"curies":[{"name":"wp","href":"https:\/\/api.w.org\/{rel}","templated":true}]}}