{"id":19549,"date":"2025-04-07T06:54:00","date_gmt":"2025-04-07T06:54:00","guid":{"rendered":"https:\/\/www.hydraulic-cylinders.net\/product\/boom-cylinder-for-nante-nt25\/"},"modified":"2025-04-07T06:54:02","modified_gmt":"2025-04-07T06:54:02","slug":"boom-cylinder-for-nante-nt25","status":"publish","type":"product","link":"https:\/\/www.hydraulic-cylinders.net\/pl\/produkt\/boom-cylinder-for-nante-nt25\/","title":{"rendered":"Si\u0142ownik wysi\u0119gnika do Nante NT25"},"content":{"rendered":"<h1>Si\u0142ownik wysi\u0119gnika do Nante NT25<\/h1>\n<h2>Przegl\u0105d produktu<\/h2>\n<p>Si\u0142ownik wysi\u0119gnika do Nante NT25 to specjalistyczny si\u0142ownik hydrauliczny przeznaczony g\u0142\u00f3wnie do sterowania ruchem \u0142y\u017cek w r\u00f3\u017cnych maszynach ci\u0119\u017ckich, takich jak koparki, koparko-\u0142adowarki i \u0142adowarki czo\u0142owe. Ten si\u0142ownik hydrauliczny odgrywa kluczow\u0105 rol\u0119 w podnoszeniu, opuszczaniu i przechylaniu \u0142y\u017cki, u\u0142atwiaj\u0105c wydajne zadania zwi\u0105zane z prze\u0142adunkiem materia\u0142\u00f3w. Dzi\u0119ki solidnej konstrukcji i zaawansowanej technologii hydraulicznej, pozwala operatorom wykonywa\u0107 z\u0142o\u017cone operacje z precyzj\u0105 i \u0142atwo\u015bci\u0105.<\/p>\n<p><img decoding=\"async\" src=\"https:\/\/www.hydraulic-cylinders.net\/wp-content\/uploads\/2025\/04\/songte-company-1.webp\" alt=\"Si\u0142ownik wysi\u0119gnika do Nante NT25\"><\/p>\n<h3>Definicja i funkcjonalno\u015b\u0107<\/h3>\n<p>Si\u0142ownik czerpakowy to rodzaj si\u0142ownika hydraulicznego opracowanego specjalnie do stosowania w ci\u0119\u017ckich maszynach. Jego g\u0142\u00f3wn\u0105 funkcj\u0105 jest sterowanie ruchem \u0142y\u017cki, umo\u017cliwiaj\u0105c podnoszenie, opuszczanie i przechylanie, co jest niezb\u0119dne do wykonywania takich zada\u0144 jak kopanie, za\u0142adunek i transport materia\u0142\u00f3w. Wykorzystuj\u0105c moc p\u0142ynu hydraulicznego, si\u0142owniki te zapewniaj\u0105 niezb\u0119dn\u0105 si\u0142\u0119 do wydajnej obs\u0142ugi ci\u0119\u017ckiego sprz\u0119tu, co czyni je niezast\u0105pionymi w budownictwie, rolnictwie i g\u00f3rnictwie.<\/p>\n<h2>G\u0142\u00f3wne cechy cylindra wysi\u0119gnika<\/h2>\n<ul>\n<li><strong>Wysoka wytrzyma\u0142o\u015b\u0107 i trwa\u0142o\u015b\u0107:<\/strong> Si\u0142ownik wysi\u0119gnika wykonany jest zazwyczaj z wytrzyma\u0142ej stali lub aluminium. Wytrzymuje wysokie ci\u015bnienia i du\u017ce obci\u0105\u017cenia, dzi\u0119ki czemu nadaje si\u0119 do pracy w trudnych warunkach.<\/li>\n<li><strong>Wydajna praca uk\u0142adu hydraulicznego:<\/strong> Wykorzystuje ci\u015bnienie oleju hydraulicznego do p\u0142ynnego wysuwania i wsuwania, umo\u017cliwiaj\u0105c szybk\u0105 reakcj\u0119 na polecenia operatora i zapewniaj\u0105c w ten spos\u00f3b znaczn\u0105 si\u0142\u0119 pchania i ci\u0105gni\u0119cia.<\/li>\n<li><strong>R\u00f3\u017cne typy:<\/strong> Dost\u0119pne w konfiguracjach jednostronnego dzia\u0142ania (praca hydrauliczna w jednym kierunku) lub dwustronnego dzia\u0142ania (praca hydrauliczna w dw\u00f3ch kierunkach), zaspokajaj\u0105c zr\u00f3\u017cnicowane potrzeby operacyjne. Niekt\u00f3re modele s\u0105 teleskopowe, co pozwala na wi\u0119ksze wysuni\u0119cie bez zwi\u0119kszania wymiar\u00f3w zewn\u0119trznych, co jest idealne do zastosowa\u0144 w ograniczonej przestrzeni.<\/li>\n<li><strong>Produkcja niestandardowa:<\/strong> Mamy mo\u017cliwo\u015bci wytworzenia tego produktu, co gwarantuje doskona\u0142\u0105 wymian\u0119 istniej\u0105cych cylindr\u00f3w hydraulicznych.<\/li>\n<li><strong>Lepsza wydajno\u015b\u0107:<\/strong> Nasze cylindry zaprojektowano z my\u015bl\u0105 o optymalizacji wydajno\u015bci w wymagaj\u0105cych zastosowaniach, s\u0105 trwa\u0142e i zapewniaj\u0105 sp\u00f3jne rezultaty.<\/li>\n<\/ul>\n<p><img decoding=\"async\" src=\"https:\/\/www.hydraulic-cylinders.net\/wp-content\/uploads\/2025\/04\/songte-cylinder-head-with-all-kinds-excavator-models.webp\" alt=\"Modele koparek\"><\/p>\n<h2>Scenariusze zastosowa\u0144 cylindra wysi\u0119gnika<\/h2>\n<h3>Sprz\u0119t budowlany<\/h3>\n<p>W koparkach si\u0142owniki wysi\u0119gnika odgrywaj\u0105 kluczow\u0105 rol\u0119 w takich zadaniach, jak kopanie, za\u0142adunek i przenoszenie ziemi lub gruzu. Ich niezawodne dzia\u0142anie zapewnia skuteczn\u0105 penetracj\u0119 \u0142y\u017cki w grunt, u\u0142atwiaj\u0105c efektywne prace ziemne. W koparko-\u0142adowarkach si\u0142ownik \u0142y\u017cki wspomaga zar\u00f3wno kopanie, jak i podnoszenie materia\u0142\u00f3w, co czyni go wszechstronnym elementem w projektach budowlanych.<\/p>\n<h3>Maszyny rolnicze<\/h3>\n<p>\u0141adowarki czo\u0142owe wykorzystuj\u0105 si\u0142owniki wysi\u0119gnika do nabierania, podnoszenia i transportu gleby, siana i innych materia\u0142\u00f3w. Mo\u017cliwo\u015b\u0107 regulacji po\u0142o\u017cenia \u0142y\u017cki umo\u017cliwia efektywny za\u0142adunek i roz\u0142adunek, zwi\u0119kszaj\u0105c wydajno\u015b\u0107 w rolnictwie.<\/p>\n<h3>Koparki<\/h3>\n<p>W koparkach si\u0142ownik \u0142y\u017cki umo\u017cliwia jej penetracj\u0119 w g\u0142\u0105b gruntu, co jest niezb\u0119dne do efektywnego kopania. Dzi\u0119ki temu operatorzy mog\u0105 kopa\u0107 g\u0142\u0119biej i przenosi\u0107 wi\u0119cej materia\u0142u w kr\u00f3tszym czasie, co poprawia og\u00f3ln\u0105 wydajno\u015b\u0107 pracy.<\/p>\n<h3>\u0141adowarki<\/h3>\n<p>W \u0142adowarkach czo\u0142owych si\u0142owniki wysi\u0119gnika wspomagaj\u0105 efektywne podnoszenie i przechylanie \u0142adunk\u00f3w. Precyzja ruchu zapewniana przez te si\u0142owniki pozwala operatorom na precyzyjn\u0105 obs\u0142ug\u0119 r\u00f3\u017cnych materia\u0142\u00f3w, minimalizuj\u0105c rozsypywanie i maksymalizuj\u0105c wydajno\u015b\u0107.<\/p>\n<h2>Zagadnienia projektowe i standardy wyboru<\/h2>\n<h3>No\u015bno\u015b\u0107<\/h3>\n<p>Przy wyborze si\u0142ownika wysi\u0119gnika, ud\u017awig jest kluczowym czynnikiem. Si\u0142ownik musi by\u0107 w stanie wytrzyma\u0107 maksymalne obci\u0105\u017cenie przewidywane podczas pracy. Ocena ud\u017awigu i przetestowanie si\u0142ownik\u00f3w w rzeczywistych warunkach pracy zapewni bezpiecze\u0144stwo i funkcjonalno\u015b\u0107.<\/p>\n<h3>Wydajno\u015b\u0107 uszczelnienia<\/h3>\n<p>Skuteczne uszczelnienie jest kluczowe, aby zapobiec wyciekom p\u0142ynu hydraulicznego, kt\u00f3re mog\u0105 prowadzi\u0107 do problem\u00f3w z wydajno\u015bci\u0105 i zagro\u017ce\u0144 dla \u015brodowiska. Aby utrzyma\u0107 ci\u015bnienie hydrauliczne i chroni\u0107 cylinder przed brudem i zanieczyszczeniami, nale\u017cy stosowa\u0107 wysokiej jako\u015bci uszczelki.<\/p>\n<h3>Trwa\u0142o\u015b\u0107<\/h3>\n<p>Trwa\u0142o\u015b\u0107 jest kluczowa dla ka\u017cdego elementu hydraulicznego, szczeg\u00f3lnie w trudnych warunkach pracy. Dob\u00f3r materia\u0142\u00f3w i obr\u00f3bka powierzchni odgrywaj\u0105 znacz\u0105c\u0105 rol\u0119 w wyd\u0142u\u017ceniu \u017cywotno\u015bci si\u0142ownika wysi\u0119gnika, zapewniaj\u0105c jego odporno\u015b\u0107 na zu\u017cycie i uszkodzenia.<\/p>\n<h3>Funkcje bezpiecze\u0144stwa<\/h3>\n<p>Wdro\u017cenie zabezpiecze\u0144 jest niezb\u0119dne, aby zapobiega\u0107 wypadkom i awariom sprz\u0119tu. Obejmuje to mechanizmy zapobiegaj\u0105ce nadmiernemu rozci\u0105gni\u0119ciu oraz zawory bezpiecze\u0144stwa, zapobiegaj\u0105ce nadmiernemu wzrostowi ci\u015bnienia.<\/p>\n<h3>Dost\u0119pno\u015b\u0107 konserwacyjna<\/h3>\n<p>Projektowanie z my\u015bl\u0105 o dost\u0119pno\u015bci serwisowej pozwala na \u0142atw\u0105 inspekcj\u0119 i serwisowanie. Takie rozwi\u0105zania jak sworznie szybkoz\u0142\u0105czne i \u0142atwo dost\u0119pne punkty smarowania mog\u0105 znacznie skr\u00f3ci\u0107 przestoje i koszty konserwacji.<\/p>\n<p><img decoding=\"async\" src=\"https:\/\/www.hydraulic-cylinders.net\/wp-content\/uploads\/2025\/04\/songte-oil-pipes-and-spare-parts.webp\" alt=\"Rury olejowe i cz\u0119\u015bci zamienne\"><\/p>\n<h2>Uszczelnienie i smarowanie cylindra hydraulicznego<\/h2>\n<p>Skuteczne uszczelnienie i smarowanie s\u0105 kluczowe dla optymalnej pracy si\u0142ownika wysi\u0119gnika. Aby zapobiec wyciekom p\u0142ynu hydraulicznego i utrzyma\u0107 ci\u015bnienie, stosuje si\u0119 r\u00f3\u017cne uszczelnienia, takie jak uszczelnienia t\u0142oka i t\u0142oczyska. Uszczelnienia wykonane z trwa\u0142ych materia\u0142\u00f3w, takich jak poliuretan i kauczuk nitrylowy, s\u0105 dobierane ze wzgl\u0119du na ich odporno\u015b\u0107 na zu\u017cycie i trwa\u0142o\u015b\u0107.<\/p>\n<p>Korpus cylindra i gwintowane powierzchnie ko\u0144cowe s\u0105 poddawane precyzyjnej obr\u00f3bce w celu zwi\u0119kszenia odporno\u015bci na zu\u017cycie, co przek\u0142ada si\u0119 na d\u0142u\u017csz\u0105 \u017cywotno\u015b\u0107. Regularne smarowanie odpowiednim olejem hydraulicznym jest niezb\u0119dne, aby zmniejszy\u0107 tarcie i zu\u017cycie ruchomych cz\u0119\u015bci, zapewniaj\u0105c p\u0142ynn\u0105 prac\u0119 i niezawodno\u015b\u0107.<\/p>\n<h2>Regularne kontrole i \u015brodki konserwacji zapobiegawczej<\/h2>\n<ul>\n<li><strong>Regularna kontrola:<\/strong> Przeprowadzaj rutynowe kontrole, aby zidentyfikowa\u0107 wszelkie oznaki zu\u017cycia, wyciek\u00f3w lub uszkodze\u0144. Wczesne wykrycie mo\u017ce zapobiec kosztownym naprawom i zapewni\u0107 ci\u0105g\u0142o\u015b\u0107 dzia\u0142ania.<\/li>\n<li><strong>Prawid\u0142owe smarowanie:<\/strong> Upewnij si\u0119, \u017ce cylinder jest odpowiednio smarowany zalecanym olejem hydraulicznym. Niedostateczne smarowanie mo\u017ce prowadzi\u0107 do zwi\u0119kszonego tarcia i przedwczesnej awarii.<\/li>\n<li><strong>Wymiana uszczelki:<\/strong> Regularnie sprawdzaj i wymieniaj uszczelki w razie potrzeby. Zu\u017cyte uszczelki mog\u0105 prowadzi\u0107 do wyciek\u00f3w i spadku ci\u015bnienia hydraulicznego, co negatywnie wp\u0142ywa na wydajno\u015b\u0107.<\/li>\n<\/ul>\n<h2>Wytyczne dotycz\u0105ce instalacji<\/h2>\n<p>Prawid\u0142owy monta\u017c si\u0142ownika wysi\u0119gnika ma kluczowe znaczenie dla optymalnej wydajno\u015bci. Na pocz\u0105tek upewnij si\u0119, \u017ce wszystkie komponenty s\u0105 czyste i wolne od zanieczyszcze\u0144. Prawid\u0142owo ustaw si\u0142ownik w punktach mocowania, u\u017cywaj\u0105c odpowiednich wspornik\u00f3w monta\u017cowych, aby go zabezpieczy\u0107. Upewnij si\u0119, \u017ce przewody hydrauliczne s\u0105 prawid\u0142owo pod\u0142\u0105czone, unikaj\u0105c zagi\u0119\u0107 i ostrych zagi\u0119\u0107, kt\u00f3re mog\u0142yby utrudnia\u0107 przep\u0142yw cieczy.<\/p>\n<p>Po zainstalowaniu nale\u017cy sprawdzi\u0107 dzia\u0142anie si\u0142ownika, aby upewni\u0107 si\u0119, \u017ce wysuwa si\u0119 i chowa p\u0142ynnie, bez przeszk\u00f3d. Nale\u017cy monitorowa\u0107 ewentualne wycieki lub nietypowe d\u017awi\u0119ki, a wszelkie problemy nale\u017cy natychmiast rozwi\u0105za\u0107, aby utrzyma\u0107 wydajno\u015b\u0107 operacyjn\u0105.<\/p>\n<h2>Typowe zadania konserwacyjne<\/h2>\n<ul>\n<li><strong>Regularne kontrole:<\/strong> Regularne kontrole s\u0105 kluczowe dla identyfikacji potencjalnych problem\u00f3w, zanim stan\u0105 si\u0119 one powa\u017cnymi problemami. Szukaj oznak zu\u017cycia, korozji lub wyciek\u00f3w p\u0142yn\u00f3w i niezw\u0142ocznie je usuwaj.<\/li>\n<li><strong>Prawid\u0142owe smarowanie:<\/strong> Odpowiednie smarowanie jest niezb\u0119dne do utrzymania sprawno\u015bci si\u0142ownika wysi\u0119gnika. Upewnij si\u0119, \u017ce olej hydrauliczny jest nape\u0142niony do zalecanych poziom\u00f3w i wymieniaj go zgodnie z harmonogramem producenta.<\/li>\n<li><strong>Wymiana uszczelek i kontrola kalibracji:<\/strong> Regularnie sprawdzaj stan uszczelek i wymieniaj je w razie potrzeby. Kontrole kalibracyjne zapewniaj\u0105, \u017ce cylinder dzia\u0142a w okre\u015blonych parametrach, co zwi\u0119ksza bezpiecze\u0144stwo i wydajno\u015b\u0107.<\/li>\n<\/ul>\n<h2>Zagadnienia bezpiecze\u0144stwa i czynniki \u015brodowiskowe<\/h2>\n<p>Podczas u\u017cytkowania cylindr\u00f3w hydraulicznych kluczowe jest wdro\u017cenie \u015brodk\u00f3w bezpiecze\u0144stwa. Operatorzy powinni by\u0107 przeszkoleni w zakresie prawid\u0142owych technik obs\u0142ugi, aby zmniejszy\u0107 ryzyko wypadk\u00f3w. Regularne audyty bezpiecze\u0144stwa mog\u0105 pom\u00f3c w identyfikacji potencjalnych zagro\u017ce\u0144 i ulepszeniu protoko\u0142\u00f3w operacyjnych, zapewniaj\u0105c bezpieczniejsze \u015brodowisko pracy. Ponadto, kwestie \u015brodowiskowe, takie jak zapobieganie wyciekom p\u0142ynu hydraulicznego, s\u0105 kluczowe dla ochrony zar\u00f3wno sprz\u0119tu, jak i otaczaj\u0105cego ekosystemu.<\/p>\n<h2>Rozwi\u0105zywanie problem\u00f3w i typowe problemy<\/h2>\n<ul>\n<li><strong>Przeciek:<\/strong> Wycieki p\u0142ynu hydraulicznego mog\u0105 by\u0107 spowodowane zu\u017cyciem uszczelek lub uszkodzeniem cylindra. Regularna kontrola i terminowa wymiana uszczelek s\u0105 kluczowe.<\/li>\n<li><strong>Powolna praca:<\/strong> Je\u015bli cylinder porusza si\u0119 powoli, mo\u017ce to oznacza\u0107 niski poziom p\u0142ynu hydraulicznego lub zator w przewodach hydraulicznych. Sprawd\u017a poziom p\u0142ynu i sprawd\u017a, czy nie ma przeszk\u00f3d.<\/li>\n<li><strong>Nietypowe d\u017awi\u0119ki:<\/strong> Ha\u0142asy podczas pracy mog\u0105 sygnalizowa\u0107 problemy mechaniczne. Sprawd\u017a, czy nie ma lu\u017anych element\u00f3w lub uszkodze\u0144 wewn\u0119trznych cylindra.<\/li>\n<\/ul>\n<h2>Wskaz\u00f3wki dotycz\u0105ce rozwi\u0105zywania problem\u00f3w i \u015brodk\u00f3w zapobiegawczych<\/h2>\n<p>Aby skutecznie diagnozowa\u0107 i rozwi\u0105zywa\u0107 problemy, operatorzy powinni prowadzi\u0107 rejestr pracy cylindra, odnotowuj\u0105c wszelkie nieprawid\u0142owo\u015bci. Wdra\u017caj \u015brodki zapobiegawcze, takie jak rutynowa konserwacja i przegl\u0105dy, aby zminimalizowa\u0107 ryzyko wyst\u0105pienia potencjalnych problem\u00f3w. Szkolenie personelu w zakresie prawid\u0142owych technik obs\u0142ugi mo\u017ce r\u00f3wnie\u017c pom\u00f3c zmniejszy\u0107 obci\u0105\u017cenie uk\u0142adu hydraulicznego, wyd\u0142u\u017caj\u0105c jego \u017cywotno\u015b\u0107.<\/p>\n<p><img decoding=\"async\" src=\"https:\/\/www.hydraulic-cylinders.net\/wp-content\/uploads\/2025\/04\/songte-bushings-with-all-kinds-of-excavator-models.webp\" alt=\"Tuleje z modelami koparek\"><\/p>\n<h2>O naszej firmie<\/h2>\n<p>Jeste\u015bmy wiod\u0105cym producentem i hurtownikiem si\u0142ownik\u00f3w hydraulicznych, oferuj\u0105cym szerok\u0105 gam\u0119 produkt\u00f3w. Nasze d\u0105\u017cenie do doskona\u0142o\u015bci motywuje nas do przestrzegania rygorystycznych standard\u00f3w jako\u015bci w procesach produkcyjnych. Wykorzystuj\u0105c zaawansowany sprz\u0119t do produkcji cyfrowej i profesjonalne systemy testowe, stale zwi\u0119kszamy nasze mo\u017cliwo\u015bci produkcyjne.<\/p>\n<p>Nasze do\u015bwiadczenie obejmuje dostarczanie rozwi\u0105za\u0144 dostosowanych do indywidualnych potrzeb klient\u00f3w. Dzi\u0119ki zespo\u0142owi wykwalifikowanych specjalist\u00f3w i zaanga\u017cowaniu w zadowolenie klienta, gwarantujemy wysok\u0105 wydajno\u015b\u0107, precyzj\u0119 i niezawodno\u015b\u0107 naszych produkt\u00f3w. Nasze mi\u0119dzynarodowe certyfikaty odzwierciedlaj\u0105 nasze zaanga\u017cowanie w jako\u015b\u0107 i bezpiecze\u0144stwo, czyni\u0105c nas zaufanym partnerem na rynku si\u0142ownik\u00f3w hydraulicznych.<\/p>\n<p><img decoding=\"async\" src=\"https:\/\/www.hydraulic-cylinders.net\/wp-content\/uploads\/2025\/04\/songte-company-4.webp\" alt=\"Przegl\u0105d firmy\"><br \/>\n<img decoding=\"async\" src=\"https:\/\/www.hydraulic-cylinders.net\/wp-content\/uploads\/2025\/04\/songte-company-3.webp\" alt=\"Obiekty firmy\"><\/p>\n<p>Autor: lyl<\/p>","protected":false},"excerpt":{"rendered":"<p>Boom Cylinder For Nante NT25 Product Overview The Boom Cylinder for Nante NT25 is a specialized hydraulic cylinder designed primarily for controlling the movement of buckets in various heavy machinery, such as excavators, backhoe loaders, and front loaders. This hydraulic cylinder plays a critical role in enabling the bucket to lift, lower, and tilt, facilitating [&hellip;]<\/p>","protected":false},"featured_media":17872,"comment_status":"open","ping_status":"closed","template":"","meta":{"_et_pb_use_builder":"","_et_pb_old_content":"","_et_gb_content_width":""},"product_brand":[],"product_cat":[1546],"product_tag":[1547,1496],"class_list":{"0":"post-19549","1":"product","2":"type-product","3":"status-publish","4":"has-post-thumbnail","6":"product_cat-boom-cylinders","7":"product_tag-boom-cylinders","8":"product_tag-hydraulic-cylinders","10":"first","11":"instock","12":"shipping-taxable","13":"product-type-simple"},"amp_enabled":true,"_links":{"self":[{"href":"https:\/\/www.hydraulic-cylinders.net\/pl\/wp-json\/wp\/v2\/product\/19549","targetHints":{"allow":["GET"]}}],"collection":[{"href":"https:\/\/www.hydraulic-cylinders.net\/pl\/wp-json\/wp\/v2\/product"}],"about":[{"href":"https:\/\/www.hydraulic-cylinders.net\/pl\/wp-json\/wp\/v2\/types\/product"}],"replies":[{"embeddable":true,"href":"https:\/\/www.hydraulic-cylinders.net\/pl\/wp-json\/wp\/v2\/comments?post=19549"}],"wp:featuredmedia":[{"embeddable":true,"href":"https:\/\/www.hydraulic-cylinders.net\/pl\/wp-json\/wp\/v2\/media\/17872"}],"wp:attachment":[{"href":"https:\/\/www.hydraulic-cylinders.net\/pl\/wp-json\/wp\/v2\/media?parent=19549"}],"wp:term":[{"taxonomy":"product_brand","embeddable":true,"href":"https:\/\/www.hydraulic-cylinders.net\/pl\/wp-json\/wp\/v2\/product_brand?post=19549"},{"taxonomy":"product_cat","embeddable":true,"href":"https:\/\/www.hydraulic-cylinders.net\/pl\/wp-json\/wp\/v2\/product_cat?post=19549"},{"taxonomy":"product_tag","embeddable":true,"href":"https:\/\/www.hydraulic-cylinders.net\/pl\/wp-json\/wp\/v2\/product_tag?post=19549"}],"curies":[{"name":"wp","href":"https:\/\/api.w.org\/{rel}","templated":true}]}}