{"id":19556,"date":"2025-04-07T06:54:18","date_gmt":"2025-04-07T06:54:18","guid":{"rendered":"https:\/\/www.hydraulic-cylinders.net\/product\/boom-cylinder-for-yanmar-vi35-6b\/"},"modified":"2025-04-07T06:54:20","modified_gmt":"2025-04-07T06:54:20","slug":"boom-cylinder-for-yanmar-vi35-6b","status":"publish","type":"product","link":"https:\/\/www.hydraulic-cylinders.net\/pl\/produkt\/boom-cylinder-for-yanmar-vi35-6b\/","title":{"rendered":"Si\u0142ownik wysi\u0119gnika do Yanmar VI35-6B"},"content":{"rendered":"<h1>Si\u0142ownik wysi\u0119gnika do Yanmar VI35-6B<\/h1>\n<h2>Wprowadzenie do cylindr\u00f3w kube\u0142kowych<\/h2>\n<p>Si\u0142ownik wysi\u0119gnika Yanmar VI35-6B to kluczowy element uk\u0142ad\u00f3w hydraulicznych stosowanych w ci\u0119\u017ckich maszynach. Ten si\u0142ownik hydrauliczny steruje ruchem \u0142y\u017cki w r\u00f3\u017cnych maszynach ci\u0119\u017ckich, takich jak koparki, koparko-\u0142adowarki i \u0142adowarki czo\u0142owe. Umo\u017cliwia podnoszenie, opuszczanie i przechylanie \u0142y\u017cki, u\u0142atwiaj\u0105c wydajne przenoszenie materia\u0142\u00f3w. Si\u0142ownik \u0142y\u017cki zosta\u0142 zaprojektowany tak, aby wytrzymywa\u0142 wysokie ci\u015bnienia i du\u017ce obci\u0105\u017cenia podczas pracy w trudnych warunkach, co wyd\u0142u\u017ca jego \u017cywotno\u015b\u0107 i niezawodno\u015b\u0107.<\/p>\n<p><img decoding=\"async\" src=\"https:\/\/www.hydraulic-cylinders.net\/wp-content\/uploads\/2025\/04\/songte-company-1.webp\" alt=\"Obraz cylindra wysi\u0119gnika\" \/><\/p>\n<h2>Cechy cylindra wysi\u0119gnika<\/h2>\n<ul>\n<li>\n<h3>Wysoka wytrzyma\u0142o\u015b\u0107 i trwa\u0142o\u015b\u0107<\/h3>\n<p>Si\u0142ownik wysi\u0119gnika, zazwyczaj wykonany z wysokowytrzyma\u0142ej stali lub aluminium, wytrzymuje wysokie ci\u015bnienie i du\u017ce obci\u0105\u017cenia. Zosta\u0142 zaprojektowany tak, aby by\u0142 odporny na zu\u017cycie i korozj\u0119, zapewniaj\u0105c d\u0142u\u017csz\u0105 \u017cywotno\u015b\u0107 nawet w trudnych warunkach.<\/p>\n<\/li>\n<li>\n<h3>Wydajna praca hydrauliczna<\/h3>\n<p>Ten si\u0142ownik wykorzystuje ci\u015bnienie oleju hydraulicznego do p\u0142ynnego wysuwania i wsuwania. Szybko reaguje na polecenia steruj\u0105ce, zapewniaj\u0105c znaczn\u0105 si\u0142\u0119 pchania i ci\u0105gni\u0119cia, co jest idealne do przenoszenia ci\u0119\u017ckich materia\u0142\u00f3w i skomplikowanych zada\u0144.<\/p>\n<\/li>\n<li>\n<h3>R\u00f3\u017cne typy<\/h3>\n<p>Dost\u0119pny w wersji jednostronnego dzia\u0142ania (dzia\u0142aj\u0105cej w jednym kierunku) lub dwustronnego dzia\u0142ania (dzia\u0142aj\u0105cej w obu kierunkach), si\u0142ownik wysi\u0119gnika mo\u017cna dostosowa\u0107 do r\u00f3\u017cnych potrzeb operacyjnych. Niekt\u00f3re modele s\u0105 teleskopowe, co pozwala na wi\u0119ksze wysuni\u0119cie bez zwi\u0119kszania wymiar\u00f3w zewn\u0119trznych, i nadaje si\u0119 do zastosowa\u0144 w ograniczonej przestrzeni.<\/p>\n<\/li>\n<\/ul>\n<p>Nasze produkty mog\u0105 doskonale zast\u0105pi\u0107 te si\u0142owniki hydrauliczne.<\/p>\n<p><img decoding=\"async\" src=\"https:\/\/www.hydraulic-cylinders.net\/wp-content\/uploads\/2025\/04\/songte-cylinder-head-with-all-kinds-excavator-models.webp\" alt=\"Obraz g\u0142owicy cylindra\" \/><\/p>\n<h2>Zastosowania cylindra wysi\u0119gnika<\/h2>\n<ul>\n<li>\n<h3>Sprz\u0119t budowlany<\/h3>\n<p>W koparkach si\u0142owniki wysi\u0119gnika s\u0105 niezb\u0119dne do kopania, za\u0142adunku i przemieszczania gleby lub gruzu. Umo\u017cliwiaj\u0105 one kopanie \u0142y\u017cki, umo\u017cliwiaj\u0105c jej skuteczn\u0105 penetracj\u0119 gruntu. Wytrzyma\u0142o\u015b\u0107 i precyzja si\u0142ownika hydraulicznego zapewniaj\u0105 operatorom \u0142atwo\u015b\u0107 wykonywania ci\u0119\u017ckich zada\u0144.<\/p>\n<\/li>\n<li>\n<h3>Maszyny rolnicze<\/h3>\n<p>W \u0142adowarkach czo\u0142owych si\u0142owniki te s\u0142u\u017c\u0105 do nabierania, podnoszenia i transportu gleby, siana i innych materia\u0142\u00f3w. Wydajno\u015b\u0107 si\u0142ownika wysi\u0119gnika zwi\u0119ksza produktywno\u015b\u0107 w rolnictwie, czyni\u0105c go niezb\u0119dnym elementem w r\u00f3\u017cnych pracach rolniczych.<\/p>\n<\/li>\n<li>\n<h3>Koparki<\/h3>\n<p>Si\u0142ownik wysi\u0119gnika umo\u017cliwia \u0142y\u017cce penetracj\u0119 gleby, umo\u017cliwiaj\u0105c efektywne wykonywanie prac ziemnych. Ta funkcja jest kluczowa zar\u00f3wno w budownictwie, jak i rolnictwie, gwarantuj\u0105c szybk\u0105 i skuteczn\u0105 realizacj\u0119 projekt\u00f3w.<\/p>\n<\/li>\n<li>\n<h3>\u0141adowarki<\/h3>\n<p>W \u0142adowarkach czo\u0142owych si\u0142owniki wysi\u0119gnika wspomagaj\u0105 wydajne podnoszenie i zrzucanie \u0142adunk\u00f3w. Ich niezawodno\u015b\u0107 i wytrzyma\u0142o\u015b\u0107 s\u0105 kluczowe dla maksymalizacji wydajno\u015bci pracy \u0142adowarki, co czyni je niezast\u0105pionymi na placach budowy i w zastosowaniach zwi\u0105zanych z prze\u0142adunkiem materia\u0142\u00f3w.<\/p>\n<\/li>\n<\/ul>\n<h2>Zagadnienia projektowe i kryteria wyboru<\/h2>\n<ul>\n<li>\n<h3>No\u015bno\u015b\u0107<\/h3>\n<p>Przy wyborze si\u0142ownika wysi\u0119gnika kluczowe znaczenie ma ocena jego ud\u017awigu. Si\u0142ownik musi by\u0107 w stanie wytrzyma\u0107 maksymalne obci\u0105\u017cenia przewidywane podczas pracy. Przeci\u0105\u017cenie mo\u017ce prowadzi\u0107 do awarii si\u0142ownika, powoduj\u0105c przestoje w pracy i potencjalne zagro\u017cenia bezpiecze\u0144stwa. Wyb\u00f3r si\u0142ownika z odpowiednim marginesem bezpiecze\u0144stwa gwarantuje niezawodno\u015b\u0107 i wydajno\u015b\u0107 w zastosowaniach wymagaj\u0105cych du\u017cej wytrzyma\u0142o\u015bci.<\/p>\n<\/li>\n<li>\n<h3>Integralno\u015b\u0107 uszczelnienia<\/h3>\n<p>Niezawodny system uszczelnie\u0144 jest niezb\u0119dny do efektywnego dzia\u0142ania. Elementy uszczelniaj\u0105ce musz\u0105 zapobiega\u0107 wyciekom i zanieczyszczeniom p\u0142ynu hydraulicznego, kt\u00f3re mog\u0105 obni\u017cy\u0107 wydajno\u015b\u0107 systemu. Wysokiej jako\u015bci uszczelnienia wykonane z trwa\u0142ych materia\u0142\u00f3w, takich jak poliuretan i kauczuk nitrylowy, s\u0105 niezb\u0119dne do utrzymania optymalnej wydajno\u015bci i trwa\u0142o\u015bci.<\/p>\n<\/li>\n<li>\n<h3>Trwa\u0142o\u015b\u0107<\/h3>\n<p>Trwa\u0142o\u015b\u0107 jest kluczowym czynnikiem w projektowaniu si\u0142ownik\u00f3w wysi\u0119gnika. Powinny one by\u0107 odporne na trudne warunki, w tym ekstremalne temperatury i materia\u0142y \u015bcierne. Wyb\u00f3r materia\u0142\u00f3w i obr\u00f3bek powierzchni znacz\u0105co wp\u0142ywa na odporno\u015b\u0107 si\u0142ownika na zu\u017cycie i korozj\u0119, wp\u0142ywaj\u0105c na jego \u017cywotno\u015b\u0107 i wydajno\u015b\u0107 operacyjn\u0105.<\/p>\n<\/li>\n<li>\n<h3>Funkcje bezpiecze\u0144stwa<\/h3>\n<p>W\u0142\u0105czenie funkcji bezpiecze\u0144stwa do konstrukcji si\u0142ownika hydraulicznego ma kluczowe znaczenie. Nale\u017c\u0105 do nich zawory bezpiecze\u0144stwa, zapobiegaj\u0105ce nadmiernemu ci\u015bnieniu i zapewniaj\u0105ce, \u017ce si\u0142ownik poradzi sobie z nieoczekiwanymi obci\u0105\u017ceniami bez awarii. Skupienie si\u0119 na bezpiecze\u0144stwie pomaga chroni\u0107 zar\u00f3wno maszyn\u0119, jak i jej operator\u00f3w, zmniejszaj\u0105c ryzyko wypadk\u00f3w.<\/p>\n<\/li>\n<li>\n<h3>Dost\u0119pno\u015b\u0107 konserwacyjna<\/h3>\n<p>\u0141atwy dost\u0119p w celu konserwacji jest wa\u017cnym elementem konstrukcyjnym. Szybki dost\u0119p do uszczelnie\u0144, przewod\u00f3w hydraulicznych i innych podzespo\u0142\u00f3w umo\u017cliwia rutynowe kontrole i terminowe naprawy. Dobrze zaprojektowany si\u0142ownik u\u0142atwia konserwacj\u0119, skracaj\u0105c przestoje i wyd\u0142u\u017caj\u0105c \u017cywotno\u015b\u0107 sprz\u0119tu.<\/p>\n<\/li>\n<\/ul>\n<p><img decoding=\"async\" src=\"https:\/\/www.hydraulic-cylinders.net\/wp-content\/uploads\/2025\/04\/songte-oil-pipes-and-spare-parts.webp\" alt=\"Obraz cz\u0119\u015bci hydraulicznych\" \/><\/p>\n<h2>Uszczelnianie i smarowanie<\/h2>\n<p>Skuteczne uszczelnienie i smarowanie s\u0105 kluczowe dla optymalnej pracy si\u0142ownika wysi\u0119gnika. Aby zapewni\u0107 szczelno\u015b\u0107, stosuje si\u0119 r\u00f3\u017cnorodne uszczelnienia, w tym uszczelnienia t\u0142oczyska i t\u0142oczyska. Uszczelnienia wykonane z materia\u0142\u00f3w odpornych na zu\u017cycie, takich jak poliuretan i kauczuk nitrylowy, zapewniaj\u0105 trwa\u0142o\u015b\u0107 w trudnych warunkach. Korpus si\u0142ownika i gwintowane ko\u0144c\u00f3wki s\u0105 precyzyjnie obrobione, aby zwi\u0119kszy\u0107 odporno\u015b\u0107 na zu\u017cycie. Regularne smarowanie olejem hydraulicznym jest niezb\u0119dne, aby zminimalizowa\u0107 tarcie i zu\u017cycie, zapewniaj\u0105c p\u0142ynn\u0105 prac\u0119 i d\u0142ugowieczno\u015b\u0107 uk\u0142adu hydraulicznego.<\/p>\n<h2>\u015arodki konserwacji zapobiegawczej<\/h2>\n<ul>\n<li>\n<h3>Regularne kontrole<\/h3>\n<p>Regularne kontrole si\u0142ownika wysi\u0119gnika s\u0105 kluczowe dla identyfikacji zu\u017cycia i potencjalnych problem\u00f3w, zanim si\u0119 nasil\u0105. Nale\u017cy zwr\u00f3ci\u0107 uwag\u0119 na oznaki wyciek\u00f3w, korozji lub uszkodze\u0144 uszczelnie\u0144 i podzespo\u0142\u00f3w. Wczesne wykrycie mo\u017ce zapobiec kosztownym naprawom i zwi\u0119kszy\u0107 bezpiecze\u0144stwo sprz\u0119tu.<\/p>\n<\/li>\n<li>\n<h3>Prawid\u0142owe smarowanie<\/h3>\n<p>Zapewnienie prawid\u0142owego smarowania uk\u0142adu hydraulicznego jest niezb\u0119dne dla optymalnej wydajno\u015bci. Regularnie sprawdzaj i uzupe\u0142niaj poziom oleju hydraulicznego, aby zapewni\u0107 jego wydajn\u0105 prac\u0119. Niedostateczne smarowanie mo\u017ce prowadzi\u0107 do zwi\u0119kszonego zu\u017cycia i potencjalnej awarii uk\u0142adu.<\/p>\n<\/li>\n<li>\n<h3>Wymiana uszczelki<\/h3>\n<p>Z biegiem czasu uszczelki mog\u0105 si\u0119 zu\u017cywa\u0107 i wymaga\u0107 wymiany. Regularnie sprawdzaj uszczelki pod k\u0105tem uszkodze\u0144 lub zu\u017cycia. Terminowa wymiana uszczelek jest kluczowa dla zachowania integralno\u015bci hydraulicznej i zapobiegania wyciekom, zapewniaj\u0105c ci\u0105g\u0142\u0105 sprawno\u015b\u0107 systemu.<\/p>\n<\/li>\n<\/ul>\n<h2>Wytyczne dotycz\u0105ce instalacji<\/h2>\n<p>Prawid\u0142owy monta\u017c si\u0142ownika wysi\u0119gnika jest niezb\u0119dny dla optymalnej wydajno\u015bci i trwa\u0142o\u015bci. Zacznij od upewnienia si\u0119, \u017ce wszystkie elementy s\u0105 czyste i wolne od zanieczyszcze\u0144. Prawid\u0142owo ustaw si\u0142ownik wzgl\u0119dem wspornik\u00f3w monta\u017cowych, aby zapobiec nadmiernemu napr\u0119\u017ceniu si\u0142ownika. U\u017cyj odpowiednich wspornik\u00f3w monta\u017cowych, aby pewnie zamocowa\u0107 si\u0142ownik. Podczas monta\u017cu upewnij si\u0119, \u017ce przewody hydrauliczne s\u0105 prawid\u0142owo pod\u0142\u0105czone, bez zagi\u0119\u0107 i skr\u0119ce\u0144. Po monta\u017cu przeprowad\u017a dok\u0142adn\u0105 kontrol\u0119 i przetestuj system, aby zweryfikowa\u0107 jego dzia\u0142anie i sprawdzi\u0107, czy nie ma wyciek\u00f3w. Przestrzeganie tych zasad zapewni efektywne dzia\u0142anie si\u0142ownika i wyd\u0142u\u017cy jego \u017cywotno\u015b\u0107.<\/p>\n<h2>Zadania konserwacyjne<\/h2>\n<ul>\n<li>\n<h3>Regularne kontrole<\/h3>\n<p>Regularne kontrole s\u0105 niezb\u0119dne do oceny stanu uk\u0142adu hydraulicznego. Sprawd\u017a, czy nie ma wyciek\u00f3w, nietypowych d\u017awi\u0119k\u00f3w lub problem\u00f3w z wydajno\u015bci\u0105. Regularne monitorowanie pomaga we wczesnym wykrywaniu problem\u00f3w i zapobiega powa\u017cnym uszkodzeniom.<\/p>\n<\/li>\n<li>\n<h3>Smarowanie<\/h3>\n<p>Rutynowe smarowanie cylindra jest niezb\u0119dne dla zapewnienia p\u0142ynnej pracy. Regularnie sprawdzaj poziom oleju hydraulicznego i uzupe\u0142niaj go w razie potrzeby. Stosowanie odpowiedniego rodzaju oleju hydraulicznego ma kluczowe znaczenie dla utrzymania optymalnej wydajno\u015bci i zapobiegania zu\u017cyciu.<\/p>\n<\/li>\n<li>\n<h3>Wymiana uszczelki<\/h3>\n<p>Nale\u017cy regularnie sprawdza\u0107 stan uszczelek pod k\u0105tem zu\u017cycia i w razie potrzeby wymienia\u0107 je. Prawid\u0142owo konserwowane uszczelki zapobiegaj\u0105 wyciekom i zwi\u0119kszaj\u0105 wydajno\u015b\u0107 cylindra. Aby utrzyma\u0107 optymaln\u0105 wydajno\u015b\u0107, nale\u017cy upewni\u0107 si\u0119, \u017ce nowe uszczelki s\u0105 kompatybilne z typem cylindra.<\/p>\n<\/li>\n<\/ul>\n<p><img decoding=\"async\" src=\"https:\/\/www.hydraulic-cylinders.net\/wp-content\/uploads\/2025\/04\/songte-chushion-collar.webp\" alt=\"Obraz ko\u0142nierza poduszkowego\" \/><\/p>\n<h2>Zagadnienia bezpiecze\u0144stwa i czynniki \u015brodowiskowe<\/h2>\n<p>Podczas u\u017cytkowania si\u0142ownik\u00f3w hydraulicznych, wdro\u017cenie \u015brodk\u00f3w bezpiecze\u0144stwa jest niezb\u0119dne, aby zapobiec wypadkom i zapewni\u0107 bezpiecze\u0144stwo operatora. Upewnij si\u0119, \u017ce wszystkie os\u0142ony bezpiecze\u0144stwa s\u0105 na swoim miejscu, a operatorzy s\u0105 przeszkoleni w zakresie bezpiecznej obs\u0142ugi. Regularnie sprawdzaj w\u0119\u017ce hydrauliczne i po\u0142\u0105czenia pod k\u0105tem uszkodze\u0144, poniewa\u017c wycieki mog\u0105 stanowi\u0107 zagro\u017cenie dla \u015brodowiska. Ponadto, prawid\u0142owa utylizacja p\u0142yn\u00f3w hydraulicznych ma kluczowe znaczenie dla minimalizacji wp\u0142ywu na \u015brodowisko. Priorytetowo traktuj\u0105c bezpiecze\u0144stwo i kwestie \u015brodowiskowe, mo\u017cesz stworzy\u0107 bezpieczniejsze i bardziej zr\u00f3wnowa\u017cone \u015brodowisko pracy.<\/p>\n<h2>Rozwi\u0105zywanie problem\u00f3w i typowe problemy<\/h2>\n<ul>\n<li>\n<h3>Wyciek p\u0142ynu hydraulicznego<\/h3>\n<p>Wycieki mog\u0105 by\u0107 spowodowane zu\u017cytymi uszczelkami lub uszkodzonymi przewodami hydraulicznymi. Regularnie sprawdzaj stan uszczelek i wymieniaj je w razie potrzeby. Upewnij si\u0119, \u017ce wszystkie po\u0142\u0105czenia s\u0105 szczelne, aby zapobiec utracie p\u0142ynu.<\/p>\n<\/li>\n<li>\n<h3>Niesp\u00f3jny ruch cylindra<\/h3>\n<p>Je\u015bli si\u0142ownik wysi\u0119gnika nie wysuwa si\u0119 ani nie chowa p\u0142ynnie, nale\u017cy sprawdzi\u0107 poziom p\u0142ynu hydraulicznego i szczelno\u015b\u0107 uszczelek. Powietrze w uk\u0142adzie hydraulicznym mo\u017ce r\u00f3wnie\u017c powodowa\u0107 nier\u00f3wnomierne dzia\u0142anie, co wymaga odpowietrzenia uk\u0142adu.<\/p>\n<\/li>\n<li>\n<h3>Przegrzanie<\/h3>\n<p>Przegrzanie mo\u017ce by\u0107 spowodowane nadmiernym obci\u0105\u017ceniem lub niedostatecznym smarowaniem. Upewnij si\u0119, \u017ce cylinder nie jest przeci\u0105\u017cony i \u017ce poziom oleju hydraulicznego jest odpowiedni. Regularnie sprawdzaj oznaki zu\u017cycia i w razie potrzeby wymieniaj podzespo\u0142y.<\/p>\n<\/li>\n<\/ul>\n<h2>Wskaz\u00f3wki dotycz\u0105ce rozwi\u0105zywania problem\u00f3w<\/h2>\n<p>Aby skutecznie diagnozowa\u0107 i rozwi\u0105zywa\u0107 problemy z si\u0142ownikiem wysi\u0119gnika, nale\u017cy rozpocz\u0105\u0107 od systematycznej kontroli wszystkich podzespo\u0142\u00f3w. Nale\u017cy szuka\u0107 \u015blad\u00f3w zu\u017cycia, wyciek\u00f3w lub uszkodze\u0144 uszczelnie\u0144. Regularnie przeprowadzaj konserwacj\u0119, aby zapobiega\u0107 problemom, zanim si\u0119 pojawi\u0105. Je\u015bli problemy nie ust\u0105pi\u0105, nale\u017cy skonsultowa\u0107 si\u0119 z wykwalifikowanym technikiem. \u015arodki zapobiegawcze, takie jak przestrzeganie harmonogram\u00f3w konserwacji i stosowanie wysokiej jako\u015bci podzespo\u0142\u00f3w, mog\u0105 znacznie zmniejszy\u0107 prawdopodobie\u0144stwo wyst\u0105pienia problem\u00f3w.<\/p>\n<p><img decoding=\"async\" src=\"https:\/\/www.hydraulic-cylinders.net\/wp-content\/uploads\/2025\/04\/songte-bushings-with-all-kinds-of-excavator-models.webp\" alt=\"Obraz tulei\" \/><\/p>\n<h2>O naszej firmie<\/h2>\n<p>Jeste\u015bmy producentem zamiennych si\u0142ownik\u00f3w hydraulicznych, oferuj\u0105cym kompleksow\u0105 gam\u0119 produkt\u00f3w, co plasuje nas w czo\u0142\u00f3wce producent\u00f3w i hurtownik\u00f3w na rynku krajowym i mi\u0119dzynarodowym. D\u0105\u017cymy do doskona\u0142o\u015bci jako\u015bci, wspieranej przez dopracowane strategie zarz\u0105dzania produkcj\u0105. Nasza firma stale rozwija swoje mo\u017cliwo\u015bci produkcyjne dzi\u0119ki wykwalifikowanemu personelowi, zaawansowanemu sprz\u0119towi do produkcji cyfrowej oraz profesjonalnemu systemowi testowania. D\u0105\u017cymy do zapewnienia wysokiej wydajno\u015bci, precyzji i jako\u015bci, aby sprosta\u0107 zr\u00f3\u017cnicowanym potrzebom klient\u00f3w.<\/p>\n<ul>\n<li>\n<h3>Profesjonalizm<\/h3>\n<p>Nasz zesp\u00f3\u0142 sk\u0142ada si\u0119 ze specjalist\u00f3w w dziedzinie hydrauliki i in\u017cynierii, co gwarantuje, \u017ce nasze produkty spe\u0142niaj\u0105 najwy\u017csze standardy wydajno\u015bci i niezawodno\u015bci.<\/p>\n<\/li>\n<li>\n<h3>Mi\u0119dzynarodowa Certyfikacja<\/h3>\n<p>Nasze produkty posiadaj\u0105 certyfikaty potwierdzaj\u0105ce ich zgodno\u015b\u0107 z mi\u0119dzynarodowymi normami jako\u015bci, co zapewnia klientom ich trwa\u0142o\u015b\u0107 i wydajno\u015b\u0107.<\/p>\n<\/li>\n<li>\n<h3>Us\u0142ugi niestandardowe<\/h3>\n<p>Oferujemy rozwi\u0105zania dostosowane do indywidualnych potrzeb, zwi\u0119kszaj\u0105c tym samym nasz\u0105 zdolno\u015b\u0107 do obs\u0142ugi zr\u00f3\u017cnicowanych bran\u017c.<\/p>\n<\/li>\n<li>\n<h3>Zaawansowany sprz\u0119t produkcyjny<\/h3>\n<p>Nasze najnowocze\u015bniejsze zak\u0142ady produkcyjne wykorzystuj\u0105 najnowsze technologie, aby zagwarantowa\u0107 precyzj\u0119 i jako\u015b\u0107 ka\u017cdego produktu.<\/p>\n<\/li>\n<li>\n<h3>Wsparcie posprzeda\u017cowe<\/h3>\n<p>Zapewniamy kompleksowe wsparcie posprzeda\u017cowe, dzi\u0119ki czemu nasi klienci otrzymuj\u0105 pomoc zawsze, gdy jej potrzebuj\u0105, co przyczynia si\u0119 do zwi\u0119kszenia ich og\u00f3lnych wra\u017ce\u0144.<\/p>\n<\/li>\n<\/ul>\n<p><img decoding=\"async\" src=\"https:\/\/www.hydraulic-cylinders.net\/wp-content\/uploads\/2025\/04\/songte-company-4.webp\" alt=\"Obraz firmy 1\" \/><br \/>\n<img decoding=\"async\" src=\"https:\/\/www.hydraulic-cylinders.net\/wp-content\/uploads\/2025\/04\/songte-company-3.webp\" alt=\"Obraz firmy 2\" \/><\/p>\n<p>Autor: lyl<\/p>","protected":false},"excerpt":{"rendered":"<p>Boom Cylinder For Yanmar VI35-6B Introduction to Bucket Cylinders The Boom Cylinder for Yanmar VI35-6B is a crucial component in hydraulic systems used in heavy machinery. This hydraulic cylinder specifically controls the movement of the bucket on various heavy equipment such as excavators, backhoe loaders, and front loaders. It allows the bucket to lift, lower, [&hellip;]<\/p>","protected":false},"featured_media":17879,"comment_status":"open","ping_status":"closed","template":"","meta":{"_et_pb_use_builder":"","_et_pb_old_content":"","_et_gb_content_width":""},"product_brand":[],"product_cat":[1546],"product_tag":[1547,1496],"class_list":{"0":"post-19556","1":"product","2":"type-product","3":"status-publish","4":"has-post-thumbnail","6":"product_cat-boom-cylinders","7":"product_tag-boom-cylinders","8":"product_tag-hydraulic-cylinders","10":"first","11":"instock","12":"shipping-taxable","13":"product-type-simple"},"amp_enabled":true,"_links":{"self":[{"href":"https:\/\/www.hydraulic-cylinders.net\/pl\/wp-json\/wp\/v2\/product\/19556","targetHints":{"allow":["GET"]}}],"collection":[{"href":"https:\/\/www.hydraulic-cylinders.net\/pl\/wp-json\/wp\/v2\/product"}],"about":[{"href":"https:\/\/www.hydraulic-cylinders.net\/pl\/wp-json\/wp\/v2\/types\/product"}],"replies":[{"embeddable":true,"href":"https:\/\/www.hydraulic-cylinders.net\/pl\/wp-json\/wp\/v2\/comments?post=19556"}],"wp:featuredmedia":[{"embeddable":true,"href":"https:\/\/www.hydraulic-cylinders.net\/pl\/wp-json\/wp\/v2\/media\/17879"}],"wp:attachment":[{"href":"https:\/\/www.hydraulic-cylinders.net\/pl\/wp-json\/wp\/v2\/media?parent=19556"}],"wp:term":[{"taxonomy":"product_brand","embeddable":true,"href":"https:\/\/www.hydraulic-cylinders.net\/pl\/wp-json\/wp\/v2\/product_brand?post=19556"},{"taxonomy":"product_cat","embeddable":true,"href":"https:\/\/www.hydraulic-cylinders.net\/pl\/wp-json\/wp\/v2\/product_cat?post=19556"},{"taxonomy":"product_tag","embeddable":true,"href":"https:\/\/www.hydraulic-cylinders.net\/pl\/wp-json\/wp\/v2\/product_tag?post=19556"}],"curies":[{"name":"wp","href":"https:\/\/api.w.org\/{rel}","templated":true}]}}