{"id":19566,"date":"2025-04-07T06:54:57","date_gmt":"2025-04-07T06:54:57","guid":{"rendered":"https:\/\/www.hydraulic-cylinders.net\/product\/boom-cylinder-for-john-deere-e140lc\/"},"modified":"2025-04-07T06:54:59","modified_gmt":"2025-04-07T06:54:59","slug":"boom-cylinder-for-john-deere-e140lc","status":"publish","type":"product","link":"https:\/\/www.hydraulic-cylinders.net\/pl\/produkt\/boom-cylinder-for-john-deere-e140lc\/","title":{"rendered":"Si\u0142ownik wysi\u0119gnika do John Deere E140LC"},"content":{"rendered":"<h1>Si\u0142ownik wysi\u0119gnika do John Deere E140LC<\/h1>\n<h2>Wprowadzenie do cylindr\u00f3w wysi\u0119gnika<\/h2>\n<p>Si\u0142owniki wysi\u0119gnika, powszechnie znane jako si\u0142owniki \u0142y\u017cki, to specjalistyczne elementy hydrauliczne przeznaczone do sterowania ruchem \u0142y\u017cek w ci\u0119\u017ckich maszynach. S\u0105 one kluczowe w r\u00f3\u017cnych zastosowaniach, takich jak koparki, koparko-\u0142adowarki i \u0142adowarki czo\u0142owe, umo\u017cliwiaj\u0105c podnoszenie, opuszczanie i przechylanie \u0142y\u017cek w celu wydajnego transportu materia\u0142\u00f3w. Si\u0142owniki te odgrywaj\u0105 istotn\u0105 rol\u0119 w uk\u0142adach hydraulicznych, umo\u017cliwiaj\u0105c operatorom wykonywanie z\u0142o\u017conych zada\u0144 z precyzj\u0105 i \u0142atwo\u015bci\u0105.<\/p>\n<p><img decoding=\"async\" src=\"https:\/\/www.hydraulic-cylinders.net\/wp-content\/uploads\/2025\/04\/songte-company-1.webp\" alt=\"Si\u0142ownik hydrauliczny\" \/><\/p>\n<h2>Cechy cylindra wysi\u0119gnika<\/h2>\n<ul>\n<li>\n<h3>Wysoka wytrzyma\u0142o\u015b\u0107 i trwa\u0142o\u015b\u0107<\/h3>\n<p>Zazwyczaj wykonane z wysokowytrzyma\u0142ej stali lub aluminium, te cylindry s\u0105 zaprojektowane tak, aby wytrzymywa\u0107 wysokie ci\u015bnienie i du\u017ce obci\u0105\u017cenia. Ich konstrukcja uwzgl\u0119dnia odporno\u015b\u0107 na zu\u017cycie i korozj\u0119, zapewniaj\u0105c d\u0142ugowieczno\u015b\u0107 nawet w trudnych warunkach pracy.<\/p>\n<\/li>\n<li>\n<h3>Wydajna praca hydrauliczna<\/h3>\n<p>Wykorzystuj\u0105c ci\u015bnienie oleju hydraulicznego, si\u0142owniki te zapewniaj\u0105 p\u0142ynne i responsywne dzia\u0142anie podczas wysuwania i wsuwania, generuj\u0105c du\u017ce si\u0142y pchaj\u0105ce i ci\u0105gn\u0105ce, odpowiednie do podnoszenia ci\u0119\u017ckich \u0142adunk\u00f3w i skomplikowanych zada\u0144.<\/p>\n<\/li>\n<li>\n<h3>Dost\u0119pne r\u00f3\u017cne typy<\/h3>\n<p>W zale\u017cno\u015bci od potrzeb eksploatacyjnych, u\u017cytkownicy mog\u0105 wybiera\u0107 mi\u0119dzy si\u0142ownikami jednostronnego dzia\u0142ania (si\u0142a hydrauliczna przy\u0142o\u017cona w jednym kierunku) lub dwustronnego dzia\u0142ania (si\u0142a hydrauliczna przy\u0142o\u017cona w obu kierunkach). Niekt\u00f3re modele s\u0105 teleskopowe, co pozwala na wi\u0119ksze wysuni\u0119cie bez zwi\u0119kszania wymiar\u00f3w zewn\u0119trznych, co jest idealne w zastosowaniach o ograniczonej przestrzeni.<\/p>\n<\/li>\n<\/ul>\n<p>Nasze produkty mog\u0105 doskonale zast\u0105pi\u0107 te si\u0142owniki hydrauliczne.<\/p>\n<p><img decoding=\"async\" src=\"https:\/\/www.hydraulic-cylinders.net\/wp-content\/uploads\/2025\/04\/songte-cylinder-head-with-all-kinds-excavator-models.webp\" alt=\"Modele koparek Cylinder\" \/><\/p>\n<h2>Zastosowania cylindr\u00f3w wysi\u0119gnika<\/h2>\n<ul>\n<li>\n<h3>Sprz\u0119t budowlany<\/h3>\n<p>W koparkach si\u0142owniki wysi\u0119gnika s\u0105 niezb\u0119dne do kopania, za\u0142adunku i przemieszczania ziemi lub gruzu. Zwi\u0119kszaj\u0105 wydajno\u015b\u0107, umo\u017cliwiaj\u0105c precyzyjn\u0105 kontrol\u0119 ruch\u00f3w \u0142y\u017cki, umo\u017cliwiaj\u0105c operatorom szybkie i precyzyjne wykonywanie zada\u0144. W koparko-\u0142adowarkach si\u0142owniki te wspomagaj\u0105 zar\u00f3wno kopanie, jak i podnoszenie, co czyni je niezast\u0105pionymi na placach budowy.<\/p>\n<\/li>\n<li>\n<h3>Maszyny rolnicze<\/h3>\n<p>W \u0142adowarkach czo\u0142owych si\u0142owniki wysi\u0119gnika s\u0142u\u017c\u0105 do nabierania, podnoszenia i transportu gleby, siana i innych materia\u0142\u00f3w. Ich solidna konstrukcja pozwala im na wykonywanie r\u00f3\u017cnorodnych zada\u0144 rolniczych, zapewniaj\u0105c efektywne przenoszenie materia\u0142\u00f3w i redukuj\u0105c zm\u0119czenie operatora.<\/p>\n<\/li>\n<li>\n<h3>Koparki<\/h3>\n<p>W koparkach si\u0142owniki wysi\u0119gnika u\u0142atwiaj\u0105 kopanie, umo\u017cliwiaj\u0105c \u0142y\u017cce skuteczne zag\u0142\u0119bianie si\u0119 w grunt. Ta funkcja jest kluczowa podczas prac ziemnych, umo\u017cliwiaj\u0105c kopanie na du\u017c\u0105 g\u0142\u0119boko\u015b\u0107 i bez utraty stabilno\u015bci maszyny.<\/p>\n<\/li>\n<li>\n<h3>\u0141adowarki<\/h3>\n<p>W \u0142adowarkach czo\u0142owych si\u0142owniki te wspomagaj\u0105 wydajne podnoszenie i opr\u00f3\u017cnianie \u0142adunk\u00f3w. Ich zdolno\u015b\u0107 do zapewnienia znacznej si\u0142y przy jednoczesnym zachowaniu p\u0142ynnej pracy jest niezb\u0119dna dla optymalizacji wydajno\u015bci na placach budowy.<\/p>\n<\/li>\n<\/ul>\n<h2>Zagadnienia projektowe i standardy wyboru<\/h2>\n<ul>\n<li>\n<h3>No\u015bno\u015b\u0107<\/h3>\n<p>Ud\u017awig si\u0142ownika wysi\u0119gnika ma kluczowe znaczenie dla jego wydajno\u015bci. Wyb\u00f3r si\u0142ownika o odpowiednim ud\u017awigu gwarantuje, \u017ce wytrzyma on ci\u0119\u017car i obci\u0105\u017cenia zwi\u0105zane z zadaniami, kt\u00f3re b\u0119dzie wykonywa\u0142. Nale\u017cy koniecznie uwzgl\u0119dni\u0107 zar\u00f3wno obci\u0105\u017cenie maksymalne, jak i obci\u0105\u017cenia dynamiczne, kt\u00f3re mog\u0105 wyst\u0105pi\u0107 podczas pracy. Przeci\u0105\u017cenie si\u0142ownika mo\u017ce prowadzi\u0107 do przedwczesnej awarii, co wymaga oceny konkretnych zada\u0144, jakie b\u0119dzie wykonywa\u0142a maszyna.<\/p>\n<\/li>\n<li>\n<h3>Uszczelnienie i trwa\u0142o\u015b\u0107<\/h3>\n<p>Skuteczne uszczelnienie jest kluczowe dla utrzymania ci\u015bnienia hydraulicznego i zapobiegania wyciekom. Wysokiej jako\u015bci uszczelki, takie jak uszczelki t\u0142oka i t\u0142oczyska wykonane z trwa\u0142ych materia\u0142\u00f3w, takich jak poliuretan lub kauczuk nitrylowy, wyd\u0142u\u017caj\u0105 \u017cywotno\u015b\u0107 cylindra poprzez zmniejszenie zu\u017cycia. Prawid\u0142owa konstrukcja obejmuje r\u00f3wnie\u017c elementy chroni\u0105ce uszczelki przed uszkodzeniem, zwi\u0119kszaj\u0105c og\u00f3ln\u0105 trwa\u0142o\u015b\u0107 i wydajno\u015b\u0107.<\/p>\n<\/li>\n<li>\n<h3>Funkcje bezpiecze\u0144stwa<\/h3>\n<p>Bezpiecze\u0144stwo jest priorytetem w uk\u0142adach hydraulicznych. Si\u0142owniki wysi\u0119gnika musz\u0105 by\u0107 zaprojektowane z uwzgl\u0119dnieniem zabezpiecze\u0144, takich jak zawory bezpiecze\u0144stwa i solidne opcje monta\u017cu, aby zapobiec powa\u017cnym awariom. Dzi\u0119ki tym rozwi\u0105zaniom operatorzy mog\u0105 pewnie obs\u0142ugiwa\u0107 sprz\u0119t, wiedz\u0105c, \u017ce jest on przygotowany na nieoczekiwane skoki ci\u015bnienia i obci\u0105\u017cenia eksploatacyjne.<\/p>\n<\/li>\n<li>\n<h3>Utrzymywalno\u015b\u0107<\/h3>\n<p>Projektowanie z my\u015bl\u0105 o \u0142atwej konserwacji jest kluczowe w przypadku si\u0142ownik\u00f3w hydraulicznych. \u0141atwo dost\u0119pne smarowniczki, wymienne uszczelki i modu\u0142owe komponenty upraszczaj\u0105 rutynowe przegl\u0105dy i naprawy. Zapewnienie mo\u017cliwo\u015bci szybkiego i \u0142atwego wykonywania czynno\u015bci konserwacyjnych minimalizuje przestoje i zapewnia wydajn\u0105 prac\u0119 maszyn.<\/p>\n<\/li>\n<\/ul>\n<p><img decoding=\"async\" src=\"https:\/\/www.hydraulic-cylinders.net\/wp-content\/uploads\/2025\/04\/songte-oil-pipes-and-spare-parts.webp\" alt=\"Rury olejowe i cz\u0119\u015bci zamienne\" \/><\/p>\n<h2>Uszczelnianie i smarowanie<\/h2>\n<p>Prawid\u0142owe uszczelnienie i smarowanie maj\u0105 kluczowe znaczenie dla wydajno\u015bci i trwa\u0142o\u015bci si\u0142ownik\u00f3w wysi\u0119gnika. R\u00f3\u017cne uszczelnienia, w tym uszczelnienia t\u0142oczysk i t\u0142oczysk, s\u0142u\u017c\u0105 do utrzymania ci\u015bnienia hydraulicznego i zapobiegania wyciekom. Wyb\u00f3r materia\u0142u uszczelniaj\u0105cego, takiego jak poliuretan i kauczuk nitrylowy, ma kluczowe znaczenie dla zapewnienia odporno\u015bci na zu\u017cycie i trwa\u0142o\u015bci. Korpus si\u0142ownika i gwintowane ko\u0144c\u00f3wki s\u0105 poddawane starannej obr\u00f3bce mechanicznej w celu zwi\u0119kszenia odporno\u015bci na zu\u017cycie i zapewnienia prawid\u0142owego dopasowania. Regularne smarowanie olejem hydraulicznym jest niezb\u0119dne w celu zminimalizowania tarcia i zu\u017cycia, co dodatkowo wyd\u0142u\u017ca \u017cywotno\u015b\u0107 si\u0142ownika.<\/p>\n<h2>\u015arodki konserwacji zapobiegawczej<\/h2>\n<ul>\n<li>\n<h3>Regularne kontrole<\/h3>\n<p>Przeprowadzanie rutynowych kontroli jest niezb\u0119dne do identyfikacji potencjalnych problem\u00f3w, zanim si\u0119 nasil\u0105. Operatorzy powinni wizualnie sprawdza\u0107 szczelno\u015b\u0107, zu\u017cycie i wszelkie oznaki uszkodze\u0144. Regularne kontrole pomagaj\u0105 utrzyma\u0107 optymaln\u0105 wydajno\u015b\u0107 i bezpiecze\u0144stwo.<\/p>\n<\/li>\n<li>\n<h3>Odpowiednie smarowanie<\/h3>\n<p>Zapewnienie odpowiedniego smarowania uk\u0142adu hydraulicznego jest kluczowe. Regularne uzupe\u0142nianie oleju hydraulicznego nie tylko zmniejsza tarcie, ale tak\u017ce chroni przed zu\u017cyciem. Nale\u017cy bezwzgl\u0119dnie stosowa\u0107 olej hydrauliczny zalecany przez producenta i przestrzega\u0107 harmonogramu smarowania.<\/p>\n<\/li>\n<li>\n<h3>Wymiana uszczelki<\/h3>\n<p>Uszczelnienia odgrywaj\u0105 kluczow\u0105 rol\u0119 w utrzymaniu ci\u015bnienia hydraulicznego. Nale\u017cy regularnie przeprowadza\u0107 kontrole stanu uszczelnie\u0144. Szybka wymiana zu\u017cytych lub uszkodzonych uszczelnie\u0144 zapobiega wyciekom i utrzymuje optymalne funkcjonowanie.<\/p>\n<\/li>\n<\/ul>\n<h2>Wytyczne dotycz\u0105ce instalacji<\/h2>\n<p>Prawid\u0142owy monta\u017c si\u0142ownik\u00f3w wysi\u0119gnika jest niezb\u0119dny dla ich efektywnego dzia\u0142ania. Na pocz\u0105tek nale\u017cy upewni\u0107 si\u0119, \u017ce powierzchnie monta\u017cowe s\u0105 czyste i wolne od zanieczyszcze\u0144. Podczas monta\u017cu nale\u017cy prawid\u0142owo ustawi\u0107 si\u0142ownik, aby unikn\u0105\u0107 napr\u0119\u017ce\u0144 na uszczelnieniach i po\u0142\u0105czeniach. Zaleca si\u0119 stosowanie odpowiednich wspornik\u00f3w monta\u017cowych w celu skutecznego zabezpieczenia si\u0142ownika. Nale\u017cy przestrzega\u0107 zalece\u0144 producenta dotycz\u0105cych momentu obrotowego, aby zapobiec uszkodzeniom. Po monta\u017cu nale\u017cy przetestowa\u0107 dzia\u0142anie si\u0142ownika przed rozpocz\u0119ciem jego normalnego u\u017cytkowania, aby zapewni\u0107 jego prawid\u0142owe dzia\u0142anie i bezpiecze\u0144stwo.<\/p>\n<h2>Typowe zadania konserwacyjne<\/h2>\n<ul>\n<li>\n<h3>Regularne kontrole<\/h3>\n<p>Regularne sprawdzanie si\u0142ownika wysi\u0119gnika pod k\u0105tem oznak zu\u017cycia lub uszkodze\u0144 jest niezb\u0119dne. Nale\u017cy szuka\u0107 wyciek\u00f3w i wszelkich nieprawid\u0142owo\u015bci w dzia\u0142aniu. Wczesne wykrycie potencjalnych problem\u00f3w mo\u017ce zapobiec kosztownym naprawom w przysz\u0142o\u015bci.<\/p>\n<\/li>\n<li>\n<h3>Prawid\u0142owe smarowanie<\/h3>\n<p>Utrzymanie prawid\u0142owego smarowania jest kluczowe dla zapobiegania zu\u017cyciu i zapewnienia p\u0142ynnej pracy. Nale\u017cy przestrzega\u0107 zalece\u0144 producenta dotycz\u0105cych cz\u0119stotliwo\u015bci smarowania i rodzaju oleju hydraulicznego. Regularne smarowanie minimalizuje tarcie i wyd\u0142u\u017ca \u017cywotno\u015b\u0107 cylindra.<\/p>\n<\/li>\n<li>\n<h3>Wymiana uszczelek i kontrola kalibracji<\/h3>\n<p>Uszczelki nale\u017cy wymienia\u0107 w razie potrzeby, w oparciu o wyniki inspekcji. Dodatkowo, kalibracja cylindra zapewnia jego dzia\u0142anie w okre\u015blonych parametrach, zachowuj\u0105c wydajno\u015b\u0107 i bezpiecze\u0144stwo. Regularne kontrole kalibracji mog\u0105 wykry\u0107 odchylenia, kt\u00f3re mog\u0105 wymaga\u0107 dzia\u0142a\u0144 koryguj\u0105cych.<\/p>\n<\/li>\n<\/ul>\n<p><img decoding=\"async\" src=\"https:\/\/www.hydraulic-cylinders.net\/wp-content\/uploads\/2025\/04\/songte-chushion-collar.webp\" alt=\"Ko\u0142nierz poduszkowy\" \/><\/p>\n<h2>Zagadnienia bezpiecze\u0144stwa i czynniki \u015brodowiskowe<\/h2>\n<p>Podczas pracy z uk\u0142adami hydraulicznymi \u015brodki bezpiecze\u0144stwa s\u0105 najwa\u017cniejsze. Odpowiednie przeszkolenie operator\u00f3w w zakresie bezpiecznej obs\u0142ugi i eksploatacji si\u0142ownik\u00f3w wysi\u0119gnika mo\u017ce zapobiec wypadkom. Ponadto, przestrzeganie przepis\u00f3w dotycz\u0105cych ochrony \u015brodowiska w zakresie obchodzenia si\u0119 z p\u0142ynami hydraulicznymi ma kluczowe znaczenie dla minimalizacji wyciek\u00f3w i wp\u0142ywu na \u015brodowisko. Operatorzy powinni zna\u0107 protoko\u0142y bezpiecze\u0144stwa i dba\u0107 o to, aby ca\u0142y sprz\u0119t by\u0142 utrzymywany zgodnie z najwy\u017cszymi standardami.<\/p>\n<h2>Rozwi\u0105zywanie problem\u00f3w i typowe problemy<\/h2>\n<ul>\n<li>\n<h3>Wykrywanie wyciek\u00f3w hydraulicznych<\/h3>\n<p>Wycieki hydrauliczne to cz\u0119sty problem, kt\u00f3ry mo\u017ce znacz\u0105co wp\u0142yn\u0105\u0107 na wydajno\u015b\u0107. Sprawd\u017a, czy w pobli\u017cu cylindra nie ma plam oleju ani ka\u0142u\u017c, a tak\u017ce sprawd\u017a uszczelki pod k\u0105tem zu\u017cycia lub uszkodze\u0144. Szybkie usuni\u0119cie wyciek\u00f3w jest kluczowe dla utrzymania integralno\u015bci uk\u0142adu.<\/p>\n<\/li>\n<li>\n<h3>Nieprawid\u0142owy ruch cylindra<\/h3>\n<p>Je\u015bli cylinder nie porusza si\u0119 zgodnie z oczekiwaniami, nale\u017cy upewni\u0107 si\u0119, \u017ce poziom p\u0142ynu hydraulicznego jest odpowiedni i \u017ce przewody hydrauliczne nie s\u0105 zatkane. Sprawdzi\u0107, czy nie ma oznak uszkodze\u0144 wewn\u0119trznych, kt\u00f3re mog\u0142yby utrudnia\u0107 ruch.<\/p>\n<\/li>\n<li>\n<h3>Niezwyk\u0142e d\u017awi\u0119ki<\/h3>\n<p>Nietypowe odg\u0142osy podczas pracy mog\u0105 wskazywa\u0107 na problemy, takie jak zapowietrzenie uk\u0142adu hydraulicznego lub niedostateczne smarowanie. Odpowietrzenie uk\u0142adu i zapewnienie prawid\u0142owego smarowania mo\u017ce rozwi\u0105za\u0107 te problemy.<\/p>\n<\/li>\n<\/ul>\n<p>Aby skutecznie diagnozowa\u0107 i rozwi\u0105zywa\u0107 problemy, zawsze nale\u017cy zapozna\u0107 si\u0119 z instrukcj\u0105 rozwi\u0105zywania problem\u00f3w producenta i stosowa\u0107 zalecane \u015brodki zapobiegawcze, aby zminimalizowa\u0107 ryzyko ponownego wyst\u0105pienia problem\u00f3w.<\/p>\n<p><img decoding=\"async\" src=\"https:\/\/www.hydraulic-cylinders.net\/wp-content\/uploads\/2025\/04\/songte-bushings-with-all-kinds-of-excavator-models.webp\" alt=\"Tuleje do modeli koparek\" \/><\/p>\n<h2>O naszej firmie<\/h2>\n<p>Jeste\u015bmy wiod\u0105cym producentem zamiennych cylindr\u00f3w hydraulicznych, oferuj\u0105cym szerok\u0105 gam\u0119 produkt\u00f3w, co czyni nas jednym z czo\u0142owych producent\u00f3w i hurtownik\u00f3w cylindr\u00f3w hydraulicznych na rynku krajowym i mi\u0119dzynarodowym. Nasze zaanga\u017cowanie w d\u0105\u017cenie do doskona\u0142o\u015bci jako\u015bci jest wspierane przez nasze dopracowane strategie produkcyjne i zaawansowany sprz\u0119t cyfrowy. Stale podnosimy nasze mo\u017cliwo\u015bci produkcyjne dzi\u0119ki wykwalifikowanemu personelowi i profesjonalnym systemom testowym, gwarantuj\u0105c wysok\u0105 wydajno\u015b\u0107, precyzj\u0119 i jako\u015b\u0107, aby sprosta\u0107 zr\u00f3\u017cnicowanym potrzebom klient\u00f3w.<\/p>\n<p><img decoding=\"async\" src=\"https:\/\/www.hydraulic-cylinders.net\/wp-content\/uploads\/2025\/04\/songte-company-4.webp\" alt=\"Wizerunek firmy\" \/><br \/>\n<img decoding=\"async\" src=\"https:\/\/www.hydraulic-cylinders.net\/wp-content\/uploads\/2025\/04\/songte-company-3.webp\" alt=\"Wizerunek firmy\" \/><\/p>\n<p>Nasza specjalizacja obejmuje profesjonalne certyfikaty, us\u0142ugi dostosowane do potrzeb klienta, zaawansowany sprz\u0119t produkcyjny i szybk\u0105 obs\u0142ug\u0119 posprzeda\u017cow\u0105, co gwarantuje zadowolenie klienta i niezawodno\u015b\u0107 produktu.<\/p>\n<p>Autor lyl<\/p>","protected":false},"excerpt":{"rendered":"<p>Boom Cylinder For John Deere E140LC Introduction to Boom Cylinders Boom cylinders, commonly known as bucket cylinders, are specialized hydraulic components designed to control the movement of buckets on heavy machinery. They are crucial in various applications such as excavators, backhoe loaders, and front loaders, allowing the buckets to lift, lower, and tilt for efficient [&hellip;]<\/p>","protected":false},"featured_media":17874,"comment_status":"open","ping_status":"closed","template":"","meta":{"_et_pb_use_builder":"","_et_pb_old_content":"","_et_gb_content_width":""},"product_brand":[],"product_cat":[1546],"product_tag":[1547,1496],"class_list":{"0":"post-19566","1":"product","2":"type-product","3":"status-publish","4":"has-post-thumbnail","6":"product_cat-boom-cylinders","7":"product_tag-boom-cylinders","8":"product_tag-hydraulic-cylinders","10":"first","11":"instock","12":"shipping-taxable","13":"product-type-simple"},"amp_enabled":true,"_links":{"self":[{"href":"https:\/\/www.hydraulic-cylinders.net\/pl\/wp-json\/wp\/v2\/product\/19566","targetHints":{"allow":["GET"]}}],"collection":[{"href":"https:\/\/www.hydraulic-cylinders.net\/pl\/wp-json\/wp\/v2\/product"}],"about":[{"href":"https:\/\/www.hydraulic-cylinders.net\/pl\/wp-json\/wp\/v2\/types\/product"}],"replies":[{"embeddable":true,"href":"https:\/\/www.hydraulic-cylinders.net\/pl\/wp-json\/wp\/v2\/comments?post=19566"}],"wp:featuredmedia":[{"embeddable":true,"href":"https:\/\/www.hydraulic-cylinders.net\/pl\/wp-json\/wp\/v2\/media\/17874"}],"wp:attachment":[{"href":"https:\/\/www.hydraulic-cylinders.net\/pl\/wp-json\/wp\/v2\/media?parent=19566"}],"wp:term":[{"taxonomy":"product_brand","embeddable":true,"href":"https:\/\/www.hydraulic-cylinders.net\/pl\/wp-json\/wp\/v2\/product_brand?post=19566"},{"taxonomy":"product_cat","embeddable":true,"href":"https:\/\/www.hydraulic-cylinders.net\/pl\/wp-json\/wp\/v2\/product_cat?post=19566"},{"taxonomy":"product_tag","embeddable":true,"href":"https:\/\/www.hydraulic-cylinders.net\/pl\/wp-json\/wp\/v2\/product_tag?post=19566"}],"curies":[{"name":"wp","href":"https:\/\/api.w.org\/{rel}","templated":true}]}}