{"id":19569,"date":"2025-04-07T06:55:04","date_gmt":"2025-04-07T06:55:04","guid":{"rendered":"https:\/\/www.hydraulic-cylinders.net\/product\/boom-cylinder-for-john-deere-e330lc\/"},"modified":"2025-04-07T06:55:07","modified_gmt":"2025-04-07T06:55:07","slug":"boom-cylinder-for-john-deere-e330lc","status":"publish","type":"product","link":"https:\/\/www.hydraulic-cylinders.net\/pl\/produkt\/boom-cylinder-for-john-deere-e330lc\/","title":{"rendered":"Si\u0142ownik wysi\u0119gnika do John Deere E330LC"},"content":{"rendered":"<h1>Si\u0142ownik wysi\u0119gnika do John Deere E330LC<\/h1>\n<h2>Wprowadzenie do cylindr\u00f3w wysi\u0119gnika<\/h2>\n<p>Si\u0142ownik wysi\u0119gnika jest kluczowym elementem uk\u0142ad\u00f3w hydraulicznych stosowanych w r\u00f3\u017cnych maszynach ci\u0119\u017ckich, takich jak koparki, koparko-\u0142adowarki i \u0142adowarki czo\u0142owe. Te si\u0142owniki hydrauliczne steruj\u0105 ruchem wysi\u0119gnika, umo\u017cliwiaj\u0105c podnoszenie, opuszczanie i przechylanie \u0142y\u017cki w zale\u017cno\u015bci od potrzeb. Ta funkcjonalno\u015b\u0107 jest niezb\u0119dna do wydajnego transportu materia\u0142\u00f3w na placach budowy i w innych wymagaj\u0105cych warunkach. Zaprojektowane tak, aby wytrzymywa\u0142y wysokie ci\u015bnienia i du\u017ce obci\u0105\u017cenia, si\u0142owniki wysi\u0119gnika s\u0105 zazwyczaj wykonane z wysokowytrzyma\u0142ej stali lub aluminium, co zapewnia trwa\u0142o\u015b\u0107 i niezawodno\u015b\u0107 nawet w trudnych warunkach pracy.<\/p>\n<p><img decoding=\"async\" src=\"https:\/\/www.hydraulic-cylinders.net\/wp-content\/uploads\/2025\/04\/songte-company-1.webp\" alt=\"Obraz cylindra wysi\u0119gnika\"><\/p>\n<h3>Definicja i przegl\u0105d<\/h3>\n<p>Si\u0142ownik wysi\u0119gnika to rodzaj si\u0142ownika hydraulicznego zaprojektowanego specjalnie do sterowania ruchem wysi\u0119gnika w ci\u0119\u017ckich maszynach. Jego g\u0142\u00f3wnym zadaniem jest umo\u017cliwienie precyzyjnych ruch\u00f3w \u0142y\u017cki maszyny, co jest niezb\u0119dne do kopania, podnoszenia i transportu materia\u0142\u00f3w. Uk\u0142ad hydrauliczny dzia\u0142a poprzez wykorzystanie p\u0142ynu hydraulicznego do wytworzenia ci\u015bnienia, umo\u017cliwiaj\u0105c p\u0142ynne i kontrolowane ruchy. Przek\u0142ada si\u0119 to na popraw\u0119 wydajno\u015bci i produktywno\u015bci na placach budowy, gdzie mo\u017cliwo\u015b\u0107 precyzyjnego manipulowania du\u017cymi \u0142adunkami ma kluczowe znaczenie.<\/p>\n<h2>G\u0142\u00f3wne cechy si\u0142ownik\u00f3w wysi\u0119gnika<\/h2>\n<ul>\n<li><strong>Wysoka wytrzyma\u0142o\u015b\u0107 i trwa\u0142o\u015b\u0107:<\/strong> Wykonane z wytrzyma\u0142ej stali lub aluminium cylindry wysi\u0119gnika wytrzymuj\u0105 du\u017ce ci\u015bnienie i du\u017ce obci\u0105\u017cenia, dzi\u0119ki czemu nadaj\u0105 si\u0119 do trudnych warunk\u00f3w pracy.<\/li>\n<li><strong>Wydajna praca uk\u0142adu hydraulicznego:<\/strong> Wykorzystuj\u0105c ci\u015bnienie oleju hydraulicznego, si\u0142owniki te zapewniaj\u0105 p\u0142ynne wysuwanie i wsuwanie, umo\u017cliwiaj\u0105c szybk\u0105 reakcj\u0119 na polecenia operatora.<\/li>\n<li><strong>R\u00f3\u017cnorodno\u015b\u0107 typ\u00f3w:<\/strong> Dost\u0119pne w konfiguracji jednostronnego i dwustronnego dzia\u0142ania si\u0142owniki wysi\u0119gnika mog\u0105 sprosta\u0107 r\u00f3\u017cnym potrzebom operacyjnym, a niekt\u00f3re modele maj\u0105 konstrukcj\u0119 teleskopow\u0105 zapewniaj\u0105c\u0105 wi\u0119kszy zasi\u0119g.<\/li>\n<li><strong>Zwi\u0119kszona odporno\u015b\u0107 na zu\u017cycie:<\/strong> Zaprojektowane z my\u015bl\u0105 o odporno\u015bci na zu\u017cycie i korozj\u0119, te cylindry s\u0105 trwa\u0142e, minimalizuj\u0105c koszty konserwacji i wymiany.<\/li>\n<li><strong>Rozwi\u0105zania niestandardowe:<\/strong> Oferujemy produkcj\u0119 si\u0142ownik\u00f3w wysi\u0119gnika, kt\u00f3re doskonale zast\u0119puj\u0105 istniej\u0105ce si\u0142owniki hydrauliczne, zapewniaj\u0105c kompatybilno\u015b\u0107 i wydajno\u015b\u0107.<\/li>\n<\/ul>\n<p><img decoding=\"async\" src=\"https:\/\/www.hydraulic-cylinders.net\/wp-content\/uploads\/2025\/04\/songte-cylinder-head-with-all-kinds-excavator-models.webp\" alt=\"Modele koparek\"><\/p>\n<h2>Zastosowania cylindr\u00f3w wysi\u0119gnika<\/h2>\n<h3>Sprz\u0119t budowlany<\/h3>\n<p>W koparkach si\u0142owniki wysi\u0119gnika s\u0105 niezb\u0119dne do kopania, za\u0142adunku i przemieszczania ziemi lub gruzu. Umo\u017cliwiaj\u0105 one \u0142y\u017cce si\u0119gni\u0119cie g\u0142\u0119boko w grunt, u\u0142atwiaj\u0105c efektywne kopanie i przenoszenie materia\u0142u. W koparko-\u0142adowarkach si\u0142owniki te wspomagaj\u0105 nie tylko kopanie, ale tak\u017ce podnoszenie materia\u0142\u00f3w, zwi\u0119kszaj\u0105c wszechstronno\u015b\u0107 maszyny.<\/p>\n<h3>Maszyny rolnicze<\/h3>\n<p>Si\u0142owniki wysi\u0119gnika, stosowane w \u0142adowarkach czo\u0142owych, odgrywaj\u0105 kluczow\u0105 rol\u0119 w nabieraniu, podnoszeniu i transporcie gleby, siana i innych materia\u0142\u00f3w. Ich zdolno\u015b\u0107 do przenoszenia du\u017cych ci\u0119\u017car\u00f3w sprawia, \u017ce \u200b\u200bs\u0105 niezast\u0105pione w pracach rolniczych, pomagaj\u0105c rolnikom efektywnie wykonywa\u0107 swoje zadania.<\/p>\n<h3>Koparki<\/h3>\n<p>W koparkach si\u0142ownik \u0142y\u017cki umo\u017cliwia kopanie, umo\u017cliwiaj\u0105c jej skuteczne zag\u0142\u0119bianie si\u0119 w gleb\u0119. Ta funkcjonalno\u015b\u0107 jest kluczowa w przypadku r\u00f3\u017cnych projekt\u00f3w budowlanych i ogrodniczych, gdzie wymagana jest precyzja kopania.<\/p>\n<h3>\u0141adowarki<\/h3>\n<p>W \u0142adowarkach czo\u0142owych si\u0142owniki wysi\u0119gnika przyczyniaj\u0105 si\u0119 do wydajnego podnoszenia i opr\u00f3\u017cniania \u0142adunk\u00f3w. Ich precyzyjna kontrola i si\u0142a pozwalaj\u0105 operatorom efektywnie zarz\u0105dza\u0107 materia\u0142ami, zapewniaj\u0105c p\u0142ynn\u0105 prac\u0119 na placach budowy.<\/p>\n<h2>Zagadnienia projektowe i kryteria wyboru<\/h2>\n<ul>\n<li><strong>No\u015bno\u015b\u0107:<\/strong> Konstrukcja si\u0142ownik\u00f3w wysi\u0119gnika musi uwzgl\u0119dnia\u0107 maksymalne obci\u0105\u017cenie, jakiemu b\u0119d\u0105 poddawane podczas pracy. Obejmuje to ocen\u0119 masy przenoszonych materia\u0142\u00f3w i upewnienie si\u0119, \u017ce si\u0142ownik jest w stanie bezpiecznie ud\u017awign\u0105\u0107 te obci\u0105\u017cenia.<\/li>\n<li><strong>Integralno\u015b\u0107 uszczelnienia:<\/strong> Prawid\u0142owe uszczelnienie jest kluczowe dla zapobiegania wyciekom p\u0142ynu hydraulicznego, kt\u00f3re mog\u0105 prowadzi\u0107 do awarii uk\u0142adu. Wysokiej jako\u015bci uszczelki wykonane z trwa\u0142ych materia\u0142\u00f3w s\u0105 niezb\u0119dne dla zachowania funkcjonalno\u015bci i bezpiecze\u0144stwa.<\/li>\n<li><strong>Trwa\u0142o\u015b\u0107:<\/strong> Materia\u0142y u\u017cyte do produkcji powinny by\u0107 odporne na zu\u017cycie i uszkodzenia wynikaj\u0105ce z ci\u0105g\u0142ego u\u017cytkowania w trudnych warunkach. Oznacza to odporno\u015b\u0107 na korozj\u0119 i \u015bcieranie, co gwarantuje d\u0142ug\u0105 \u017cywotno\u015b\u0107.<\/li>\n<li><strong>Funkcje bezpiecze\u0144stwa:<\/strong> Zastosowanie mechanizm\u00f3w bezpiecze\u0144stwa, takich jak zawory bezpiecze\u0144stwa, mo\u017ce zapobiec wypadkom i uszkodzeniom sprz\u0119tu w ekstremalnych warunkach.<\/li>\n<li><strong>Dost\u0119pno\u015b\u0107 konserwacyjna:<\/strong> Zaprojektowanie cylindr\u00f3w w spos\u00f3b umo\u017cliwiaj\u0105cy \u0142atwy dost\u0119p podczas kontroli konserwacyjnych sprawia, \u017ce \u200b\u200boperatorzy mog\u0105 wykonywa\u0107 niezb\u0119dne czynno\u015bci konserwacyjne bez nadmiernych przestoj\u00f3w.<\/li>\n<\/ul>\n<p><img decoding=\"async\" src=\"https:\/\/www.hydraulic-cylinders.net\/wp-content\/uploads\/2025\/04\/songte-oil-pipes-and-spare-parts.webp\" alt=\"Cz\u0119\u015bci hydrauliczne\"><\/p>\n<h2>Uszczelnianie i smarowanie<\/h2>\n<p>Prawid\u0142owe uszczelnienie i smarowanie s\u0105 kluczowe dla efektywnego dzia\u0142ania si\u0142ownik\u00f3w wysi\u0119gnika. R\u00f3\u017cne rodzaje uszczelnie\u0144, takie jak uszczelnienia t\u0142okowe i t\u0142oczyskowe, s\u0142u\u017c\u0105 do stworzenia niezawodnej bariery przed wyciekami p\u0142ynu hydraulicznego. Uszczelnienia te s\u0105 zazwyczaj wykonane z materia\u0142\u00f3w odpornych na zu\u017cycie, takich jak poliuretan i kauczuk nitrylowy, co zwi\u0119ksza ich trwa\u0142o\u015b\u0107. Dodatkowo, korpus si\u0142ownika i gwintowane ko\u0144c\u00f3wki s\u0105 poddawane precyzyjnej obr\u00f3bce mechanicznej w celu zwi\u0119kszenia odporno\u015bci na zu\u017cycie.<\/p>\n<p>Regularne smarowanie olejem hydraulicznym jest niezb\u0119dne dla zapewnienia p\u0142ynnej pracy i zapobiegania nadmiernemu zu\u017cyciu. Operatorzy powinni przestrzega\u0107 zalece\u0144 producenta dotycz\u0105cych harmonogramu i ilo\u015bci smarowania, poniewa\u017c niedostateczne smarowanie mo\u017ce prowadzi\u0107 do awarii cylindra i kosztownych napraw.<\/p>\n<h2>Regularne kontrole i konserwacja zapobiegawcza<\/h2>\n<ul>\n<li><strong>Kontrole rutynowe:<\/strong> Nale\u017cy przeprowadza\u0107 regularne kontrole w celu wykrycia wszelkich oznak zu\u017cycia lub uszkodze\u0144. Obejmuje to sprawdzenie szczelno\u015bci uszczelek i upewnienie si\u0119, \u017ce wszystkie podzespo\u0142y dzia\u0142aj\u0105 prawid\u0142owo.<\/li>\n<li><strong>W\u0142a\u015bciwe smarowanie:<\/strong> Zapewnienie odpowiedniego smarowania cylindra mo\u017ce zapobiec tarciu i zu\u017cyciu. Operatorzy powinni stosowa\u0107 zalecany olej hydrauliczny i przestrzega\u0107 harmonogramu smarowania.<\/li>\n<li><strong>Wymiana uszczelki:<\/strong> Z biegiem czasu uszczelki mog\u0105 ulec degradacji i wymaga\u0107 wymiany. Regularne kontrole pomagaj\u0105 okre\u015bli\u0107, kiedy uszczelki wymagaj\u0105 wymiany, zanim spowoduj\u0105 powa\u017cne problemy.<\/li>\n<\/ul>\n<h2>Wytyczne dotycz\u0105ce instalacji<\/h2>\n<p>Prawid\u0142owy monta\u017c si\u0142ownik\u00f3w wysi\u0119gnika ma kluczowe znaczenie dla zapewnienia ich wydajnego dzia\u0142ania. Przed monta\u017cem nale\u017cy upewni\u0107 si\u0119, \u017ce uk\u0142ad hydrauliczny jest rozhermetyzowany. Dok\u0142adnie wyr\u00f3wnaj si\u0142ownik z punktami mocowania, aby zapobiec jego rozbie\u017cno\u015bciom, kt\u00f3re mog\u0105 prowadzi\u0107 do przedwczesnego zu\u017cycia lub awarii. Zaleca si\u0119 u\u017cycie odpowiednich wspornik\u00f3w monta\u017cowych, aby zabezpieczy\u0107 si\u0142ownik na miejscu i zapewni\u0107 stabilno\u015b\u0107 podczas pracy.<\/p>\n<p>Po monta\u017cu sprawd\u017a szczelno\u015b\u0107 wszystkich po\u0142\u0105cze\u0144 i upewnij si\u0119, \u017ce uszczelki s\u0105 nienaruszone. Po zamontowaniu wszystkich element\u00f3w nape\u0142nij uk\u0142ad hydrauliczny odpowiednim olejem i odpowietrz przewody, aby zapewni\u0107 p\u0142ynn\u0105 prac\u0119. Regularnie monitoruj dzia\u0142anie si\u0142ownika i sprawdzaj, czy nie wyst\u0119puj\u0105 wycieki lub nietypowe odg\u0142osy po monta\u017cu.<\/p>\n<h2>Typowe zadania konserwacyjne<\/h2>\n<ul>\n<li><strong>Regularne kontrole:<\/strong> Przeprowadzaj okresowe kontrole wizualne cylindra pod k\u0105tem uszkodze\u0144, zu\u017cycia lub nieszczelno\u015bci. Wczesne wykrycie mo\u017ce zapobiec powa\u017cniejszym problemom.<\/li>\n<li><strong>Prawid\u0142owe smarowanie:<\/strong> Stosuj sta\u0142y harmonogram smarowania, aby zapewni\u0107 p\u0142ynn\u0105 prac\u0119 cylindra, zapobiega\u0107 zu\u017cyciu i wyd\u0142u\u017ca\u0107 jego \u017cywotno\u015b\u0107.<\/li>\n<li><strong>Wymiana uszczelki:<\/strong> Regularnie sprawdzaj stan uszczelek i wymieniaj je w razie potrzeby. Pomaga to utrzyma\u0107 ci\u015bnienie hydrauliczne i zapobiega wyciekom.<\/li>\n<\/ul>\n<h2>Zagadnienia bezpiecze\u0144stwa i czynniki \u015brodowiskowe<\/h2>\n<p>Podczas pracy z si\u0142ownikami wysi\u0119gnika \u015brodki bezpiecze\u0144stwa s\u0105 niezwykle istotne. Operatorzy powinni by\u0107 \u015bwiadomi potencjalnych zagro\u017ce\u0144 zwi\u0105zanych z uk\u0142adami hydraulicznymi, w tym wyciek\u00f3w p\u0142yn\u00f3w pod wysokim ci\u015bnieniem oraz ryzyka awarii sprz\u0119tu. Stosowanie odpowiednich \u015brodk\u00f3w ochrony indywidualnej (PPE) i przestrzeganie protoko\u0142\u00f3w bezpiecze\u0144stwa jest niezb\u0119dne do minimalizacji ryzyka. Ponadto, utrzymanie bezpiecznego dla \u015brodowiska miejsca pracy poprzez prawid\u0142ow\u0105 utylizacj\u0119 p\u0142yn\u00f3w hydraulicznych i zapobieganie wyciekom mo\u017ce pom\u00f3c chroni\u0107 zar\u00f3wno pracownik\u00f3w, jak i \u015brodowisko.<\/p>\n<h2>Rozwi\u0105zywanie problem\u00f3w i typowe problemy<\/h2>\n<ul>\n<li><strong>Wycieki p\u0142yn\u00f3w:<\/strong> Wycieki p\u0142ynu, b\u0119d\u0105ce cz\u0119stym problemem w przypadku si\u0142ownik\u00f3w hydraulicznych, mog\u0105 wskazywa\u0107 na zu\u017cycie uszczelnie\u0144 lub uszkodzenie podzespo\u0142\u00f3w. Regularne kontrole mog\u0105 pom\u00f3c we wczesnym wykryciu tych problem\u00f3w.<\/li>\n<li><strong>S\u0142aba wydajno\u015b\u0107:<\/strong> Je\u015bli cylinder dzia\u0142a powoli lub nie reaguje, mo\u017ce by\u0107 konieczne dolanie dodatkowej ilo\u015bci p\u0142ynu hydraulicznego lub mo\u017ce by\u0107 przyczyn\u0105 zablokowania przewod\u00f3w hydraulicznych.<\/li>\n<li><strong>Ha\u0142a\u015bliwa praca:<\/strong> Nietypowe d\u017awi\u0119ki podczas pracy mog\u0105 sygnalizowa\u0107 uszkodzenie wewn\u0119trzne lub konieczno\u015b\u0107 smarowania. Nale\u017cy natychmiast zwr\u00f3ci\u0107 uwag\u0119 na wszelkie nietypowe d\u017awi\u0119ki, aby zapobiec dalszym uszkodzeniom.<\/li>\n<\/ul>\n<p>Aby rozwi\u0105za\u0107 te problemy, operatorzy powinni najpierw sprawdzi\u0107 szczelno\u015b\u0107 i upewni\u0107 si\u0119, \u017ce wszystkie po\u0142\u0105czenia s\u0105 bezpieczne. Je\u015bli problemy z wydajno\u015bci\u0105 nie ust\u0105pi\u0105, konieczna mo\u017ce by\u0107 konsultacja ze specjalist\u0105 od hydrauliki w celu zdiagnozowania i usuni\u0119cia przyczyny.<\/p>\n<p><img decoding=\"async\" src=\"https:\/\/www.hydraulic-cylinders.net\/wp-content\/uploads\/2025\/04\/songte-bushings-with-all-kinds-of-excavator-models.webp\" alt=\"Tuleje koparki\"><\/p>\n<h2>O naszej firmie<\/h2>\n<p>Jeste\u015bmy wiod\u0105cym producentem i hurtownikiem zamiennych si\u0142ownik\u00f3w hydraulicznych, znanym z szerokiej gamy produkt\u00f3w. Nasze zaanga\u017cowanie w d\u0105\u017cenie do doskona\u0142o\u015bci wynika z koncentracji na jako\u015bci, wspieranej przez zaawansowane strategie zarz\u0105dzania produkcj\u0105. Dzi\u0119ki zespo\u0142owi wykwalifikowanych specjalist\u00f3w technicznych i najnowocze\u015bniejszemu cyfrowemu sprz\u0119towi produkcyjnemu, stale zwi\u0119kszamy nasze mo\u017cliwo\u015bci produkcyjne.<\/p>\n<p>Nasze zaanga\u017cowanie w wysok\u0105 wydajno\u015b\u0107, precyzj\u0119 i jako\u015b\u0107 pozwala nam sprosta\u0107 zr\u00f3\u017cnicowanym potrzebom klient\u00f3w. Oferujemy profesjonalne us\u0142ugi niestandardowe i posiadamy mi\u0119dzynarodowe certyfikaty, co gwarantuje, \u017ce nasze produkty spe\u0142niaj\u0105 \u015bwiatowe standardy. Nasze kompleksowe wsparcie posprzeda\u017cowe zapewnia klientom wsparcie przez ca\u0142y cykl \u017cycia naszych produkt\u00f3w.<\/p>\n<p><img decoding=\"async\" src=\"https:\/\/www.hydraulic-cylinders.net\/wp-content\/uploads\/2025\/04\/songte-company-4.webp\" alt=\"Obiekt firmy\"><br \/>\n<img decoding=\"async\" src=\"https:\/\/www.hydraulic-cylinders.net\/wp-content\/uploads\/2025\/04\/songte-company-3.webp\" alt=\"Produkcja firmy\"><\/p>\n<p>Autor: lyl<\/p>","protected":false},"excerpt":{"rendered":"<p>Boom Cylinder For John Deere E330LC Introduction to Boom Cylinders The boom cylinder is a crucial component in hydraulic systems used by various heavy machinery, including excavators, backhoe loaders, and front-end loaders. These hydraulic cylinders control the movement of the boom, allowing the bucket to rise, lower, and tilt as needed. This functionality is essential [&hellip;]<\/p>","protected":false},"featured_media":17877,"comment_status":"open","ping_status":"closed","template":"","meta":{"_et_pb_use_builder":"","_et_pb_old_content":"","_et_gb_content_width":""},"product_brand":[],"product_cat":[1546],"product_tag":[1547,1496],"class_list":{"0":"post-19569","1":"product","2":"type-product","3":"status-publish","4":"has-post-thumbnail","6":"product_cat-boom-cylinders","7":"product_tag-boom-cylinders","8":"product_tag-hydraulic-cylinders","10":"first","11":"instock","12":"shipping-taxable","13":"product-type-simple"},"amp_enabled":true,"_links":{"self":[{"href":"https:\/\/www.hydraulic-cylinders.net\/pl\/wp-json\/wp\/v2\/product\/19569","targetHints":{"allow":["GET"]}}],"collection":[{"href":"https:\/\/www.hydraulic-cylinders.net\/pl\/wp-json\/wp\/v2\/product"}],"about":[{"href":"https:\/\/www.hydraulic-cylinders.net\/pl\/wp-json\/wp\/v2\/types\/product"}],"replies":[{"embeddable":true,"href":"https:\/\/www.hydraulic-cylinders.net\/pl\/wp-json\/wp\/v2\/comments?post=19569"}],"wp:featuredmedia":[{"embeddable":true,"href":"https:\/\/www.hydraulic-cylinders.net\/pl\/wp-json\/wp\/v2\/media\/17877"}],"wp:attachment":[{"href":"https:\/\/www.hydraulic-cylinders.net\/pl\/wp-json\/wp\/v2\/media?parent=19569"}],"wp:term":[{"taxonomy":"product_brand","embeddable":true,"href":"https:\/\/www.hydraulic-cylinders.net\/pl\/wp-json\/wp\/v2\/product_brand?post=19569"},{"taxonomy":"product_cat","embeddable":true,"href":"https:\/\/www.hydraulic-cylinders.net\/pl\/wp-json\/wp\/v2\/product_cat?post=19569"},{"taxonomy":"product_tag","embeddable":true,"href":"https:\/\/www.hydraulic-cylinders.net\/pl\/wp-json\/wp\/v2\/product_tag?post=19569"}],"curies":[{"name":"wp","href":"https:\/\/api.w.org\/{rel}","templated":true}]}}