{"id":19574,"date":"2025-04-07T06:55:18","date_gmt":"2025-04-07T06:55:18","guid":{"rendered":"https:\/\/www.hydraulic-cylinders.net\/product\/boom-cylinder-for-yuchai-yc08-8\/"},"modified":"2025-04-07T06:55:20","modified_gmt":"2025-04-07T06:55:20","slug":"boom-cylinder-for-yuchai-yc08-8","status":"publish","type":"product","link":"https:\/\/www.hydraulic-cylinders.net\/pl\/produkt\/boom-cylinder-for-yuchai-yc08-8\/","title":{"rendered":"Si\u0142ownik wysi\u0119gnika do Yuchai YC08-8"},"content":{"rendered":"<h1>Si\u0142ownik wysi\u0119gnika do Yuchai YC08-8<\/h1>\n<h2>Przegl\u0105d produktu<\/h2>\n<p>Si\u0142ownik wysi\u0119gnika Yuchai YC08-8 to niezb\u0119dny element uk\u0142ad\u00f3w hydraulicznych stosowanych w ci\u0119\u017ckich maszynach. Jako rodzaj si\u0142ownika hydraulicznego, zosta\u0142 on zaprojektowany specjalnie do sterowania ruchem \u0142y\u017cek w r\u00f3\u017cnych maszynach, takich jak koparki, koparko-\u0142adowarki i \u0142adowarki czo\u0142owe. Podstawow\u0105 funkcj\u0105 si\u0142ownika wysi\u0119gnika jest podnoszenie, opuszczanie i przechylanie \u0142y\u017cki, co u\u0142atwia wydajne zadania zwi\u0105zane z prze\u0142adunkiem materia\u0142\u00f3w.<\/p>\n<p>Dzia\u0142anie si\u0142ownika wysi\u0119gnika ma kluczowe znaczenie w maszynach budowlanych i rolniczych, gdzie wymagana jest precyzyjna kontrola i du\u017ca moc. Umo\u017cliwia on p\u0142ynne ruchy i zapewnia niezb\u0119dn\u0105 si\u0142\u0119 do efektywnego przenoszenia du\u017cych obci\u0105\u017ce\u0144. Uk\u0142ad hydrauliczny wykorzystuje ci\u015bnienie oleju, co umo\u017cliwia p\u0142ynne wysuwanie i wsuwanie si\u0142ownika wysi\u0119gnika. Ta funkcjonalno\u015b\u0107 jest niezb\u0119dna do wykonywania r\u00f3\u017cnych operacji, takich jak kopanie, podnoszenie i transport materia\u0142\u00f3w.<\/p>\n<p><img decoding=\"async\" src=\"https:\/\/www.hydraulic-cylinders.net\/wp-content\/uploads\/2025\/04\/songte-company-1.webp\" alt=\"Si\u0142ownik wysi\u0119gnika\"><\/p>\n<h2>G\u0142\u00f3wne cechy<\/h2>\n<ul>\n<li>\n<h3>Wysoka wytrzyma\u0142o\u015b\u0107 i trwa\u0142o\u015b\u0107<\/h3>\n<p>Wykonany z wysokowytrzyma\u0142ej stali lub aluminium si\u0142ownik wysi\u0119gnika zosta\u0142 zaprojektowany tak, aby wytrzymywa\u0107 wysokie ci\u015bnienie i du\u017ce obci\u0105\u017cenia. Jego konstrukcja uwzgl\u0119dnia odporno\u015b\u0107 na zu\u017cycie i korozj\u0119, zapewniaj\u0105c d\u0142ug\u0105 \u017cywotno\u015b\u0107 nawet w trudnych warunkach pracy.<\/p>\n<\/li>\n<li>\n<h3>Wydajna praca hydrauliczna<\/h3>\n<p>Si\u0142ownik wysi\u0119gnika wykorzystuje ci\u015bnienie oleju hydraulicznego, aby zapewni\u0107 p\u0142ynne wysuwanie i wsuwanie. Szybko reaguje na polecenia operatora, zapewniaj\u0105c solidne si\u0142y pchania i ci\u0105gni\u0119cia, odpowiednie do podnoszenia ci\u0119\u017ckich przedmiot\u00f3w i wykonywania skomplikowanych zada\u0144.<\/p>\n<\/li>\n<li>\n<h3>R\u00f3\u017cnorodno\u015b\u0107 typ\u00f3w<\/h3>\n<p>W zale\u017cno\u015bci od potrzeb, si\u0142ownik wysi\u0119gnika mo\u017ce by\u0107 wybrany jako si\u0142ownik jednostronnego dzia\u0142ania (dzia\u0142aj\u0105cy w jednym kierunku) lub dwustronnego dzia\u0142ania (dzia\u0142aj\u0105cy w dw\u00f3ch kierunkach). Niekt\u00f3re modele s\u0105 teleskopowe, co pozwala na wi\u0119ksze wysuni\u0119cie bez zwi\u0119kszania wymiar\u00f3w zewn\u0119trznych, dzi\u0119ki czemu nadaj\u0105 si\u0119 do pracy w ograniczonej przestrzeni.<\/p>\n<\/li>\n<li>\n<h3>Produkcja niestandardowa<\/h3>\n<p>Nasza firma specjalizuje si\u0119 w produkcji si\u0142ownik\u00f3w wysi\u0119gnika dostosowanych do konkretnych wymaga\u0144. Nasze produkty doskonale zast\u0119puj\u0105 istniej\u0105ce si\u0142owniki hydrauliczne, zapewniaj\u0105c kompatybilno\u015b\u0107 i wydajno\u015b\u0107.<\/p>\n<\/li>\n<li>\n<h3>Zaawansowana integracja technologii<\/h3>\n<p>W naszych procesach produkcyjnych wykorzystujemy najnowocze\u015bniejsze technologie, co pozwala nam zwi\u0119kszy\u0107 precyzj\u0119 i jako\u015b\u0107 naszych cylindr\u00f3w wysi\u0119gnika.<\/p>\n<\/li>\n<\/ul>\n<p><img decoding=\"async\" src=\"https:\/\/www.hydraulic-cylinders.net\/wp-content\/uploads\/2025\/04\/songte-cylinder-head-with-all-kinds-excavator-models.webp\" alt=\"G\u0142owica cylindra hydraulicznego\"><\/p>\n<h2>Scenariusze zastosowa\u0144<\/h2>\n<h3>Sprz\u0119t budowlany<\/h3>\n<p>W koparkach si\u0142owniki wysi\u0119gnika odgrywaj\u0105 kluczow\u0105 rol\u0119 w kopaniu, \u0142adowaniu i przemieszczaniu gleby lub gruzu. Umo\u017cliwiaj\u0105 one skuteczne zag\u0142\u0119bianie si\u0119 \u0142y\u017cki w grunt, umo\u017cliwiaj\u0105c operatorom sprawne wykonywanie prac wykopaliskowych. W koparko-\u0142adowarkach si\u0142owniki te wspomagaj\u0105 nie tylko kopanie, ale tak\u017ce podnoszenie materia\u0142\u00f3w, zapewniaj\u0105c wszechstronno\u015b\u0107 prac budowlanych.<\/p>\n<h3>Maszyny rolnicze<\/h3>\n<p>W \u0142adowarkach czo\u0142owych si\u0142owniki wysi\u0119gnika s\u0105 niezb\u0119dne do nabierania, podnoszenia i transportu gleby, siana i innych materia\u0142\u00f3w. Ich moc hydrauliczna zapewnia szybkie i efektywne przemieszczanie du\u017cych obj\u0119to\u015bci, zwi\u0119kszaj\u0105c wydajno\u015b\u0107 w gospodarstwach rolnych i na terenach rolniczych.<\/p>\n<h3>Koparki<\/h3>\n<p>Koparki wykorzystuj\u0105 si\u0142owniki wysi\u0119gnika, aby u\u0142atwi\u0107 kopanie, umo\u017cliwiaj\u0105c \u0142y\u017cce skuteczne zag\u0142\u0119bianie si\u0119 w gleb\u0119. Ta funkcja jest niezb\u0119dna do r\u00f3\u017cnych zada\u0144, takich jak kopanie row\u00f3w, niwelacja terenu i przygotowanie terenu, gdzie precyzja i moc s\u0105 niezb\u0119dne.<\/p>\n<h3>\u0141adowarki<\/h3>\n<p>W \u0142adowarkach czo\u0142owych si\u0142owniki wysi\u0119gnika znacz\u0105co przyczyniaj\u0105 si\u0119 do wydajnego podnoszenia i opr\u00f3\u017cniania \u0142adunk\u00f3w. Zaprojektowano je z my\u015bl\u0105 o podnoszeniu du\u017cych ci\u0119\u017car\u00f3w, zachowuj\u0105c jednocze\u015bnie stabilno\u015b\u0107 i kontrol\u0119, co czyni je niezb\u0119dnymi w operacjach transportu bliskiego.<\/p>\n<h2>Rozwa\u017cania projektowe<\/h2>\n<h3>No\u015bno\u015b\u0107<\/h3>\n<p>No\u015bno\u015b\u0107 si\u0142ownika wysi\u0119gnika jest kluczowym czynnikiem w jego konstrukcji. Musi on by\u0107 zaprojektowany tak, aby ud\u017awign\u0105\u0107 maksymaln\u0105 mas\u0119, na jak\u0105 b\u0119dzie nara\u017cony, bez uszczerbku dla bezpiecze\u0144stwa i wydajno\u015bci. Wymaga to doboru odpowiednich materia\u0142\u00f3w i wymiar\u00f3w, aby zapewni\u0107 integralno\u015b\u0107 konstrukcji pod obci\u0105\u017ceniem.<\/p>\n<h3>Opiecz\u0119towanie<\/h3>\n<p>Skuteczne uszczelnienie jest niezb\u0119dne w cylindrach hydraulicznych, aby zapobiec wyciekom p\u0142ynu i zanieczyszczeniom. Aby utrzyma\u0107 ci\u015bnienie w uk\u0142adzie, konieczne jest zastosowanie wysokiej jako\u015bci uszczelnie\u0144, co zapewnia optymaln\u0105 wydajno\u015b\u0107 i trwa\u0142o\u015b\u0107 cylindra. Konstrukcja powinna uwzgl\u0119dnia\u0107 r\u00f3\u017cne rodzaje uszczelnie\u0144, aby dostosowa\u0107 si\u0119 do specyficznych warunk\u00f3w pracy.<\/p>\n<h3>Trwa\u0142o\u015b\u0107<\/h3>\n<p>Trwa\u0142o\u015b\u0107 ma kluczowe znaczenie dla cylindr\u00f3w wysi\u0119gnika, poniewa\u017c pracuj\u0105 one w trudnych warunkach. Zastosowane materia\u0142y powinny by\u0107 odporne na zu\u017cycie i korozj\u0119, co wyd\u0142u\u017ca \u017cywotno\u015b\u0107 cylindra. Regularna konserwacja i kontrole jako\u015bci na etapie produkcji pomagaj\u0105 zapewni\u0107, \u017ce cylindry spe\u0142niaj\u0105 standardy trwa\u0142o\u015bci.<\/p>\n<h3>Bezpiecze\u0144stwo<\/h3>\n<p>W\u0142\u0105czenie zabezpiecze\u0144 do konstrukcji cylindr\u00f3w hydraulicznych jest niezb\u0119dne, aby zapobiega\u0107 wypadkom i zapewni\u0107 bezpieczn\u0105 eksploatacj\u0119 ci\u0119\u017ckiego sprz\u0119tu. Obejmuje to zawory bezpiecze\u0144stwa i mechanizmy bezpiecze\u0144stwa, kt\u00f3re aktywuj\u0105 si\u0119 w przypadku awarii.<\/p>\n<h3>Utrzymywalno\u015b\u0107<\/h3>\n<p>Konstrukcja si\u0142ownik\u00f3w wysi\u0119gnika powinna u\u0142atwia\u0107 konserwacj\u0119 i naprawy. Obejmuje to dost\u0119pno\u015b\u0107 w celu wymiany uszczelnie\u0144 i smarowania cz\u0119\u015bci, a tak\u017ce jasne wytyczne dotycz\u0105ce serwisowania. Dobrze opracowane procedury konserwacyjne pomagaj\u0105 wyd\u0142u\u017cy\u0107 \u017cywotno\u015b\u0107 uk\u0142adu hydraulicznego.<\/p>\n<p><img decoding=\"async\" src=\"https:\/\/www.hydraulic-cylinders.net\/wp-content\/uploads\/2025\/04\/songte-oil-pipes-and-spare-parts.webp\" alt=\"Cz\u0119\u015bci hydrauliczne\"><\/p>\n<h2>Uszczelnianie i smarowanie<\/h2>\n<p>Uszczelnienie i smarowanie to kluczowe elementy utrzymania wydajno\u015bci cylindr\u00f3w hydraulicznych. R\u00f3\u017cne elementy uszczelniaj\u0105ce, takie jak uszczelnienia t\u0142ok\u00f3w i t\u0142oczysk, zapobiegaj\u0105 wyciekom p\u0142ynu, utrzymuj\u0105c ci\u015bnienie w uk\u0142adzie. Preferowane s\u0105 uszczelnienia wykonane z materia\u0142\u00f3w takich jak poliuretan i kauczuk nitrylowy ze wzgl\u0119du na ich odporno\u015b\u0107 na zu\u017cycie i trwa\u0142o\u015b\u0107.<\/p>\n<p>Korpus cylindra i gwintowane powierzchnie ko\u0144cowe s\u0105 zazwyczaj precyzyjnie obrabiane w celu zwi\u0119kszenia odporno\u015bci na zu\u017cycie. Regularne smarowanie odpowiednim olejem hydraulicznym jest niezb\u0119dne, aby zminimalizowa\u0107 tarcie i zu\u017cycie cz\u0119\u015bci ruchomych, zapewniaj\u0105c tym samym p\u0142ynn\u0105 prac\u0119. Regularne smarowanie jest kluczowe dla utrzymania wydajno\u015bci i trwa\u0142o\u015bci uk\u0142adu hydraulicznego.<\/p>\n<h2>Regularne kontrole i konserwacja zapobiegawcza<\/h2>\n<ul>\n<li>\n<h3>Rutynowe kontrole<\/h3>\n<p>Regularne kontrole si\u0142ownika wysi\u0119gnika s\u0105 kluczowe dla identyfikacji potencjalnych problem\u00f3w, zanim si\u0119 nasil\u0105. Operatorzy powinni sprawdza\u0107, czy nie ma \u015blad\u00f3w wyciek\u00f3w, korozji lub zu\u017cycia uszczelek i innych podzespo\u0142\u00f3w. Wczesne wykrycie mo\u017ce zapobiec kosztownym naprawom i wyd\u0142u\u017cy\u0107 \u017cywotno\u015b\u0107 sprz\u0119tu.<\/p>\n<\/li>\n<li>\n<h3>Prawid\u0142owe smarowanie<\/h3>\n<p>Zapewnienie odpowiedniego smarowania si\u0142ownika wysi\u0119gnika jest niezb\u0119dne dla jego wydajnej pracy. Operatorzy powinni przestrzega\u0107 zalece\u0144 producenta dotycz\u0105cych cz\u0119stotliwo\u015bci smarowania i rodzaj\u00f3w oleju hydraulicznego. Niedostateczne smarowanie mo\u017ce prowadzi\u0107 do zwi\u0119kszonego tarcia i przedwczesnego zu\u017cycia.<\/p>\n<\/li>\n<li>\n<h3>Wymiana uszczelki<\/h3>\n<p>Z biegiem czasu uszczelki mog\u0105 ulec degradacji i wymaga\u0107 wymiany w celu zachowania integralno\u015bci systemu. Regularna konserwacja powinna obejmowa\u0107 sprawdzanie stanu uszczelek pod k\u0105tem zu\u017cycia i ich wymian\u0119 w razie potrzeby, aby zapobiec wyciekom p\u0142yn\u00f3w i zapewni\u0107 optymaln\u0105 wydajno\u015b\u0107.<\/p>\n<\/li>\n<\/ul>\n<h2>Wytyczne dotycz\u0105ce instalacji<\/h2>\n<p>Prawid\u0142owy monta\u017c si\u0142ownika wysi\u0119gnika ma kluczowe znaczenie dla zapewnienia jego optymalnej wydajno\u015bci i trwa\u0142o\u015bci. Zacznij od upewnienia si\u0119, \u017ce miejsce pracy jest czyste i wolne od zanieczyszcze\u0144. Dok\u0142adnie wyr\u00f3wnaj si\u0142ownik z punktami mocowania, u\u017cywaj\u0105c odpowiednich mocowa\u0144, aby go zabezpieczy\u0107. Nale\u017cy koniecznie sprawdzi\u0107, czy wszystkie po\u0142\u0105czenia s\u0105 szczelne, a przewody hydrauliczne prawid\u0142owo poprowadzone, aby unikn\u0105\u0107 zagi\u0119\u0107 i spadk\u00f3w ci\u015bnienia.<\/p>\n<p>Podczas pod\u0142\u0105czania w\u0119\u017cy, upewnij si\u0119, \u017ce nie ma wyciek\u00f3w, sprawdzaj\u0105c wszystkie z\u0142\u0105czki i po\u0142\u0105czenia. Po monta\u017cu przetestuj cylinder, uruchamiaj\u0105c go w pe\u0142nym zakresie ruchu, aby upewni\u0107 si\u0119, \u017ce dzia\u0142a p\u0142ynnie i bez \u017cadnych przeszk\u00f3d. Regularnie sprawdzaj ustawienie i bezpiecze\u0144stwo monta\u017cu, aby unikn\u0105\u0107 problem\u00f3w z dzia\u0142aniem.<\/p>\n<h2>Typowe zadania konserwacyjne<\/h2>\n<ul>\n<li>\n<h3>Regularne kontrole<\/h3>\n<p>Nale\u017cy przeprowadza\u0107 planowe kontrole w celu monitorowania stanu si\u0142ownika wysi\u0119gnika. Obejmuj\u0105 one sprawdzenie pod k\u0105tem oznak zu\u017cycia, ocen\u0119 poziomu p\u0142yn\u00f3w oraz upewnienie si\u0119, \u017ce wszystkie podzespo\u0142y s\u0105 dobrze zabezpieczone i dzia\u0142aj\u0105 prawid\u0142owo.<\/p>\n<\/li>\n<li>\n<h3>Prawid\u0142owe smarowanie<\/h3>\n<p>Ustalenie harmonogramu smarowania jest niezb\u0119dne. U\u017cywaj zalecanych olej\u00f3w hydraulicznych i upewnij si\u0119, \u017ce si\u0142ownik jest smarowany zgodnie ze specyfikacj\u0105 producenta, aby zapobiec nadmiernemu zu\u017cyciu i utrzyma\u0107 wydajno\u015b\u0107.<\/p>\n<\/li>\n<li>\n<h3>Wymiana uszczelek i kontrola kalibracji<\/h3>\n<p>Sprawdzaj uszczelki pod k\u0105tem oznak zu\u017cycia. Podczas wymiany uszczelek upewnij si\u0119, \u017ce wszystkie komponenty s\u0105 prawid\u0142owo skalibrowane, aby utrzyma\u0107 optymaln\u0105 wydajno\u015b\u0107 uk\u0142adu hydraulicznego.<\/p>\n<\/li>\n<\/ul>\n<p><img decoding=\"async\" src=\"https:\/\/www.hydraulic-cylinders.net\/wp-content\/uploads\/2025\/04\/songte-chushion-collar.webp\" alt=\"Hydrauliczny ko\u0142nierz amortyzuj\u0105cy\"><\/p>\n<h2>Zagadnienia bezpiecze\u0144stwa i czynniki \u015brodowiskowe<\/h2>\n<p>Podczas obs\u0142ugi uk\u0142ad\u00f3w hydraulicznych \u015brodki bezpiecze\u0144stwa s\u0105 najwa\u017cniejsze. Operatorzy powinni nosi\u0107 odpowiedni sprz\u0119t ochrony osobistej i dba\u0107 o przestrzeganie wszystkich protoko\u0142\u00f3w bezpiecze\u0144stwa podczas obs\u0142ugi i konserwacji. Regularne szkolenia i \u0107wiczenia bezpiecze\u0144stwa mog\u0105 pom\u00f3c zmniejszy\u0107 ryzyko wypadk\u00f3w w miejscu pracy. Ponadto nale\u017cy zadba\u0107 o ochron\u0119 \u015brodowiska, aby zapobiec wyciekom i rozlaniom p\u0142ynu hydraulicznego, kt\u00f3re mog\u0105 zaszkodzi\u0107 otoczeniu.<\/p>\n<h2>Diagnostyka usterek i typowe problemy<\/h2>\n<ul>\n<li>\n<h3>Wycieki p\u0142yn\u00f3w<\/h3>\n<p>Wycieki p\u0142ynu to jeden z najcz\u0119stszych problem\u00f3w spotykanych w si\u0142ownikach hydraulicznych. Objawami s\u0105 ka\u0142u\u017ce pod maszyn\u0105 lub spadek ci\u015bnienia hydraulicznego. Sprawd\u017a uszczelki, z\u0142\u0105czki i przewody, aby zidentyfikowa\u0107 i usun\u0105\u0107 \u017ar\u00f3d\u0142o wycieku.<\/p>\n<\/li>\n<li>\n<h3>Obni\u017cona wydajno\u015b\u0107<\/h3>\n<p>Je\u015bli si\u0142ownik wysi\u0119gnika nie podnosi si\u0119 lub nie dzia\u0142a zgodnie z oczekiwaniami, nale\u017cy sprawdzi\u0107, czy nie wyst\u0119puje niski poziom p\u0142ynu hydraulicznego, zatory w w\u0119\u017cach lub zu\u017cyte uszczelki. Zapewnienie prawid\u0142owego poziomu p\u0142ynu hydraulicznego i sprawdzenie, czy nie ma przeszk\u00f3d, cz\u0119sto mo\u017ce rozwi\u0105za\u0107 problemy z wydajno\u015bci\u0105.<\/p>\n<\/li>\n<li>\n<h3>Przegrzanie<\/h3>\n<p>Przegrzanie mo\u017ce wyst\u0105pi\u0107 z powodu nadmiernego u\u017cytkowania, niedostatecznego smarowania lub niesprawnego uk\u0142adu hydraulicznego. Aby unikn\u0105\u0107 problem\u00f3w z przegrzaniem, nale\u017cy regularnie przeprowadza\u0107 konserwacj\u0119 i wymienia\u0107 olej hydrauliczny zgodnie z zaleceniami producenta.<\/p>\n<\/li>\n<\/ul>\n<p>Aby skutecznie diagnozowa\u0107 i rozwi\u0105zywa\u0107 problemy, operatorzy powinni by\u0107 przeszkoleni w zakresie rozpoznawania objaw\u00f3w i wykonywania podstawowych czynno\u015bci naprawczych. \u015arodki zapobiegawcze, takie jak regularna konserwacja i monitorowanie poziomu p\u0142yn\u00f3w, mog\u0105 pom\u00f3c zminimalizowa\u0107 potencjalne problemy.<\/p>\n<p><img decoding=\"async\" src=\"https:\/\/www.hydraulic-cylinders.net\/wp-content\/uploads\/2025\/04\/songte-bushings-with-all-kinds-of-excavator-models.webp\" alt=\"Tuleje hydrauliczne\"><\/p>\n<h2>O naszej firmie<\/h2>\n<p>Jeste\u015bmy wiod\u0105cym producentem zamiennych si\u0142ownik\u00f3w hydraulicznych, oferuj\u0105cym szerok\u0105 gam\u0119 produkt\u00f3w na rynek krajowy i mi\u0119dzynarodowy. Nasze zaanga\u017cowanie w d\u0105\u017cenie do doskona\u0142o\u015bci jako\u015bci jest wspierane przez nasze dopracowane strategie zarz\u0105dzania produkcj\u0105. Stale podnosimy nasze mo\u017cliwo\u015bci produkcyjne, wykorzystuj\u0105c zaawansowane technologie, wykwalifikowany personel i profesjonalne systemy testowe, gwarantuj\u0105c wysok\u0105 wydajno\u015b\u0107, precyzj\u0119 i jako\u015b\u0107, kt\u00f3re spe\u0142niaj\u0105 zr\u00f3\u017cnicowane potrzeby klient\u00f3w.<\/p>\n<p>Nasza specjalizacja obejmuje profesjonalne us\u0142ugi, mi\u0119dzynarodowe certyfikaty oraz rozwi\u0105zania dostosowane do zr\u00f3\u017cnicowanych wymaga\u0144 bran\u017cowych. Nasz najnowocze\u015bniejszy sprz\u0119t produkcyjny i solidny serwis posprzeda\u017cowy dodatkowo wzmacniaj\u0105 nasze zaanga\u017cowanie w satysfakcj\u0119 klienta.<\/p>\n<p><img decoding=\"async\" src=\"https:\/\/www.hydraulic-cylinders.net\/wp-content\/uploads\/2025\/04\/songte-company-4.webp\" alt=\"Obiekt firmy\"><br \/>\n<img decoding=\"async\" src=\"https:\/\/www.hydraulic-cylinders.net\/wp-content\/uploads\/2025\/04\/songte-company-3.webp\" alt=\"Produkcja firmy\"><\/p>\n<p>Autor: lyl<\/p>","protected":false},"excerpt":{"rendered":"<p>Boom Cylinder For Yuchai YC08-8 Product Overview The Boom Cylinder for Yuchai YC08-8 is an essential component in hydraulic systems used in heavy machinery. As a type of hydraulic cylinder, it is specifically designed to control the movement of buckets in various equipment such as excavators, backhoe loaders, and front-end loaders. The primary function of [&hellip;]<\/p>","protected":false},"featured_media":17867,"comment_status":"open","ping_status":"closed","template":"","meta":{"_et_pb_use_builder":"","_et_pb_old_content":"","_et_gb_content_width":""},"product_brand":[],"product_cat":[1546],"product_tag":[1547,1496],"class_list":{"0":"post-19574","1":"product","2":"type-product","3":"status-publish","4":"has-post-thumbnail","6":"product_cat-boom-cylinders","7":"product_tag-boom-cylinders","8":"product_tag-hydraulic-cylinders","10":"first","11":"instock","12":"shipping-taxable","13":"product-type-simple"},"amp_enabled":true,"_links":{"self":[{"href":"https:\/\/www.hydraulic-cylinders.net\/pl\/wp-json\/wp\/v2\/product\/19574","targetHints":{"allow":["GET"]}}],"collection":[{"href":"https:\/\/www.hydraulic-cylinders.net\/pl\/wp-json\/wp\/v2\/product"}],"about":[{"href":"https:\/\/www.hydraulic-cylinders.net\/pl\/wp-json\/wp\/v2\/types\/product"}],"replies":[{"embeddable":true,"href":"https:\/\/www.hydraulic-cylinders.net\/pl\/wp-json\/wp\/v2\/comments?post=19574"}],"wp:featuredmedia":[{"embeddable":true,"href":"https:\/\/www.hydraulic-cylinders.net\/pl\/wp-json\/wp\/v2\/media\/17867"}],"wp:attachment":[{"href":"https:\/\/www.hydraulic-cylinders.net\/pl\/wp-json\/wp\/v2\/media?parent=19574"}],"wp:term":[{"taxonomy":"product_brand","embeddable":true,"href":"https:\/\/www.hydraulic-cylinders.net\/pl\/wp-json\/wp\/v2\/product_brand?post=19574"},{"taxonomy":"product_cat","embeddable":true,"href":"https:\/\/www.hydraulic-cylinders.net\/pl\/wp-json\/wp\/v2\/product_cat?post=19574"},{"taxonomy":"product_tag","embeddable":true,"href":"https:\/\/www.hydraulic-cylinders.net\/pl\/wp-json\/wp\/v2\/product_tag?post=19574"}],"curies":[{"name":"wp","href":"https:\/\/api.w.org\/{rel}","templated":true}]}}