{"id":19581,"date":"2025-04-07T06:55:51","date_gmt":"2025-04-07T06:55:51","guid":{"rendered":"https:\/\/www.hydraulic-cylinders.net\/product\/boom-cylinder-for-yuchai-yc13-8\/"},"modified":"2025-04-07T06:55:53","modified_gmt":"2025-04-07T06:55:53","slug":"boom-cylinder-for-yuchai-yc13-8","status":"publish","type":"product","link":"https:\/\/www.hydraulic-cylinders.net\/pl\/produkt\/boom-cylinder-for-yuchai-yc13-8\/","title":{"rendered":"Si\u0142ownik wysi\u0119gnika do Yuchai YC13-8"},"content":{"rendered":"<h1>Si\u0142ownik wysi\u0119gnika do Yuchai YC13-8<\/h1>\n<h2>Wprowadzenie do cylindra wysi\u0119gnika<\/h2>\n<p>Si\u0142ownik wysi\u0119gnika to kluczowy element uk\u0142ad\u00f3w hydraulicznych, zaprojektowany specjalnie do sterowania ruchem \u0142y\u017cek w r\u00f3\u017cnych maszynach ci\u0119\u017ckich, takich jak koparki, koparko-\u0142adowarki i \u0142adowarki czo\u0142owe. Ten si\u0142ownik hydrauliczny umo\u017cliwia podnoszenie, opuszczanie i przechylanie \u0142y\u017cki, u\u0142atwiaj\u0105c wydajne przenoszenie materia\u0142\u00f3w. Si\u0142ownik \u0142y\u017cki ma kluczowe znaczenie dla efektywnej pracy w budownictwie i rolnictwie, umo\u017cliwiaj\u0105c operatorom precyzyjne i \u0142atwe manewrowanie ci\u0119\u017ckimi \u0142adunkami.<\/p>\n<p><img decoding=\"async\" src=\"https:\/\/www.hydraulic-cylinders.net\/wp-content\/uploads\/2025\/04\/songte-company-1.webp\" alt=\"Obraz cylindra wysi\u0119gnika\"><\/p>\n<h2>Cechy cylindra wysi\u0119gnika<\/h2>\n<ul>\n<li>\n<h3>Wysoka wytrzyma\u0142o\u015b\u0107 i trwa\u0142o\u015b\u0107<\/h3>\n<p>Wykonany z wysokowytrzyma\u0142ej stali lub aluminium si\u0142ownik wysi\u0119gnika zosta\u0142 zaprojektowany tak, aby wytrzyma\u0107 wysokie ci\u015bnienia i du\u017ce obci\u0105\u017cenia. Jego solidna konstrukcja gwarantuje trwa\u0142o\u015b\u0107 w trudnych warunkach pracy, oferuj\u0105c odporno\u015b\u0107 na zu\u017cycie i korozj\u0119, co wyd\u0142u\u017ca jego \u017cywotno\u015b\u0107.<\/p>\n<\/li>\n<li>\n<h3>Wydajna praca hydrauliczna<\/h3>\n<p>Si\u0142ownik wykorzystuje ci\u015bnienie oleju hydraulicznego, aby zapewni\u0107 p\u0142ynne wysuwanie i wsuwanie. Szybko reaguje na polecenia operatora, zapewniaj\u0105c du\u017c\u0105 si\u0142\u0119 pchania i ci\u0105gni\u0119cia, odpowiedni\u0105 do przenoszenia ci\u0119\u017ckich przedmiot\u00f3w i skomplikowanych zada\u0144.<\/p>\n<\/li>\n<li>\n<h3>R\u00f3\u017cne typy<\/h3>\n<p>Si\u0142ownik wysi\u0119gnika jest dost\u0119pny w r\u00f3\u017cnych konfiguracjach, umo\u017cliwiaj\u0105c wyb\u00f3r mi\u0119dzy si\u0142ownikami jednostronnego dzia\u0142ania (dzia\u0142aj\u0105cymi w jednym kierunku) lub dwustronnego dzia\u0142ania (dzia\u0142aj\u0105cymi w obu kierunkach) w zale\u017cno\u015bci od wymaga\u0144 operacyjnych. Niekt\u00f3re modele posiadaj\u0105 konstrukcj\u0119 teleskopow\u0105, umo\u017cliwiaj\u0105c\u0105 wi\u0119ksze wysuni\u0119cie bez zwi\u0119kszania wymiar\u00f3w zewn\u0119trznych, co jest idealne w zastosowaniach o ograniczonej przestrzeni.<\/p>\n<\/li>\n<li>\n<h3>Produkcja niestandardowa<\/h3>\n<p>Nasza firma specjalizuje si\u0119 w produkcji zamiennych si\u0142ownik\u00f3w hydraulicznych, co gwarantuje, \u017ce nasze produkty stanowi\u0105 idealne zamienniki dla r\u00f3\u017cnych modeli. Jeste\u015bmy dumni z dostarczania wysokiej jako\u015bci zamiennik\u00f3w, kt\u00f3re spe\u0142niaj\u0105 lub przewy\u017cszaj\u0105 standardy oryginalnego wyposa\u017cenia.<\/p>\n<\/li>\n<li>\n<h3>Wszechstronne zastosowania<\/h3>\n<p>Wszechstronno\u015b\u0107 si\u0142ownika wysi\u0119gnika sprawia, \u017ce \u200b\u200bnadaje si\u0119 on do wielu zastosowa\u0144 w r\u00f3\u017cnych bran\u017cach, od budownictwa po rolnictwo, zwi\u0119kszaj\u0105c wydajno\u015b\u0107 i efektywno\u015b\u0107 zada\u0144 zwi\u0105zanych z transportem materia\u0142\u00f3w.<\/p>\n<\/li>\n<\/ul>\n<p><img decoding=\"async\" src=\"https:\/\/www.hydraulic-cylinders.net\/wp-content\/uploads\/2025\/04\/songte-cylinder-head-with-all-kinds-excavator-models.webp\" alt=\"Obraz zastosowa\u0144 si\u0142ownika wysi\u0119gnika\"><\/p>\n<h2>Scenariusze zastosowa\u0144 cylindra wysi\u0119gnika<\/h2>\n<ul>\n<li>\n<h3>Sprz\u0119t budowlany<\/h3>\n<p>W koparkach si\u0142owniki wysi\u0119gnika odgrywaj\u0105 kluczow\u0105 rol\u0119 w kopaniu, \u0142adowaniu i przemieszczaniu ziemi lub gruzu. Umo\u017cliwiaj\u0105 one precyzyjn\u0105 kontrol\u0119 ruchu \u0142y\u017cki, usprawniaj\u0105c procesy wykop\u00f3w. W koparko-\u0142adowarkach si\u0142owniki te wspomagaj\u0105 zar\u00f3wno kopanie, jak i podnoszenie, optymalizuj\u0105c og\u00f3ln\u0105 funkcjonalno\u015b\u0107 i wszechstronno\u015b\u0107 maszyny na placu budowy.<\/p>\n<\/li>\n<li>\n<h3>Maszyny rolnicze<\/h3>\n<p>W \u0142adowarkach czo\u0142owych si\u0142owniki wysi\u0119gnika s\u0105 niezb\u0119dne do nabierania, podnoszenia i transportu gleby, siana i innych materia\u0142\u00f3w. Ich zdolno\u015b\u0107 do zapewnienia du\u017cej si\u0142y ud\u017awigu zwi\u0119ksza wydajno\u015b\u0107 operacyjn\u0105, czyni\u0105c je niezast\u0105pionymi w pracach rolniczych, takich jak za\u0142adunek i roz\u0142adunek.<\/p>\n<\/li>\n<li>\n<h3>Koparki<\/h3>\n<p>W przypadku koparek, si\u0142owniki wysi\u0119gnika umo\u017cliwiaj\u0105 \u0142y\u017cce penetracj\u0119 gruntu, co pozwala na efektywne wykonywanie prac kopania. Ta funkcjonalno\u015b\u0107 pozwala operatorom na prac\u0119 w zr\u00f3\u017cnicowanym terenie i precyzyjne wykonywanie wykop\u00f3w, co jest kluczowe w projektach budowlanych i ogrodniczych.<\/p>\n<\/li>\n<li>\n<h3>\u0141adowarki<\/h3>\n<p>W \u0142adowarkach czo\u0142owych si\u0142owniki te wspomagaj\u0105 efektywne podnoszenie i zrzucanie materia\u0142\u00f3w. Zapewniaj\u0105 p\u0142ynne i kontrolowane ruchy, kluczowe dla operacji za\u0142adunku w budownictwie i transporcie materia\u0142\u00f3w, przyczyniaj\u0105c si\u0119 do og\u00f3lnej wydajno\u015bci.<\/p>\n<\/li>\n<\/ul>\n<h2>Zagadnienia projektowe i kryteria wyboru<\/h2>\n<ul>\n<li>\n<h3>No\u015bno\u015b\u0107<\/h3>\n<p>Konstrukcja si\u0142ownika wysi\u0119gnika musi uwzgl\u0119dnia\u0107 ud\u017awig, aby zapewni\u0107 jego wytrzyma\u0142o\u015b\u0107 na maksymalne obci\u0105\u017cenia wyst\u0119puj\u0105ce w warunkach operacyjnych. Prawid\u0142owe obliczenia i dob\u00f3r materia\u0142\u00f3w maj\u0105 kluczowe znaczenie dla unikni\u0119cia awarii i zapewnienia bezpiecze\u0144stwa u\u017cytkowania. Obejmuje to ocen\u0119 zastosowanych materia\u0142\u00f3w, a tak\u017ce geometrii konstrukcji, w celu optymalizacji wytrzyma\u0142o\u015bci i wydajno\u015bci w warunkach obci\u0105\u017cenia.<\/p>\n<\/li>\n<li>\n<h3>Uszczelnienie i trwa\u0142o\u015b\u0107<\/h3>\n<p>Skuteczne uszczelnienie ma kluczowe znaczenie dla cylindr\u00f3w hydraulicznych, zapobiegaj\u0105c wyciekom p\u0142ynu i utrzymuj\u0105c ci\u015bnienie. Dob\u00f3r uszczelnie\u0144, takich jak uszczelnienia t\u0142ok\u00f3w i t\u0142oczysk, powinien obejmowa\u0107 materia\u0142y o wysokiej odporno\u015bci na zu\u017cycie, takie jak poliuretan lub kauczuk nitrylowy. Dodatkowo, korpus cylindra i gwinty musz\u0105 by\u0107 starannie wyko\u0144czone, aby zwi\u0119kszy\u0107 odporno\u015b\u0107 na zu\u017cycie i zapewni\u0107 d\u0142ugotrwa\u0142\u0105 eksploatacj\u0119.<\/p>\n<\/li>\n<li>\n<h3>Funkcje bezpiecze\u0144stwa<\/h3>\n<p>W celu zminimalizowania ryzyka podczas pracy, kluczowe znaczenie w projektowaniu si\u0142ownik\u00f3w wysi\u0119gnika ma zastosowanie zabezpiecze\u0144. Nale\u017c\u0105 do nich zawory bezpiecze\u0144stwa zapobiegaj\u0105ce nadmiernemu ci\u015bnieniu, solidna konstrukcja odporna na przypadkowe uderzenia oraz blokady zabezpieczaj\u0105ce po\u0142o\u017cenie si\u0142ownika, gdy nie jest on u\u017cywany. Takie rozwi\u0105zania zwi\u0119kszaj\u0105 bezpiecze\u0144stwo operatora i niezawodno\u015b\u0107 sprz\u0119tu.<\/p>\n<\/li>\n<li>\n<h3>Dost\u0119pno\u015b\u0107 konserwacyjna<\/h3>\n<p>Konstrukcja powinna umo\u017cliwia\u0107 \u0142atwy dost\u0119p do newralgicznych punkt\u00f3w konserwacji, u\u0142atwiaj\u0105c rutynowe kontrole i naprawy. Takie rozwi\u0105zania, jak zdejmowane os\u0142ony czy \u0142atwo dost\u0119pne punkty smarowania, s\u0105 niezb\u0119dne dla zapewnienia efektywnej konserwacji, minimalizacji przestoj\u00f3w i zwi\u0119kszenia wydajno\u015bci.<\/p>\n<\/li>\n<\/ul>\n<p><img decoding=\"async\" src=\"https:\/\/www.hydraulic-cylinders.net\/wp-content\/uploads\/2025\/04\/songte-oil-pipes-and-spare-parts.webp\" alt=\"Obraz projektu cylindra hydraulicznego\"><\/p>\n<h2>Uszczelnienie i smarowanie cylindra hydraulicznego<\/h2>\n<p>Prawid\u0142owe uszczelnienie jest kluczowe dla prawid\u0142owego dzia\u0142ania cylindr\u00f3w hydraulicznych. R\u00f3\u017cne rodzaje uszczelnie\u0144, w tym uszczelnienia t\u0142oczysk i t\u0142oczysk, s\u0105 niezb\u0119dne do zapobiegania wyciekom p\u0142ynu hydraulicznego. Wyb\u00f3r uszczelnie\u0144 wykonanych z trwa\u0142ych materia\u0142\u00f3w, takich jak poliuretan i kauczuk nitrylowy, zwi\u0119ksza odporno\u015b\u0107 na zu\u017cycie i wyd\u0142u\u017ca \u017cywotno\u015b\u0107. Korpus cylindra i powierzchnie gwintowane poddawane s\u0105 precyzyjnej obr\u00f3bce w celu zwi\u0119kszenia odporno\u015bci na zu\u017cycie i trwa\u0142o\u015bci. Regularne smarowanie olejem hydraulicznym jest r\u00f3wnie\u017c niezb\u0119dne dla zapewnienia p\u0142ynnej pracy i zapobiegania zu\u017cyciu, co wymaga okresowych kontroli i uzupe\u0142niania oleju w celu utrzymania optymalnej wydajno\u015bci.<\/p>\n<h2>\u015arodki konserwacji zapobiegawczej<\/h2>\n<ul>\n<li>\n<h3>Regularne kontrole<\/h3>\n<p>Regularne kontrole si\u0142ownika wysi\u0119gnika s\u0105 kluczowe dla wczesnego wykrycia oznak zu\u017cycia lub uszkodze\u0144. Zaleca si\u0119 regularne sprawdzanie szczelno\u015bci, nietypowych d\u017awi\u0119k\u00f3w i niesp\u00f3jno\u015bci w dzia\u0142aniu. Takie proaktywne podej\u015bcie pomaga w rozwi\u0105zywaniu problem\u00f3w, zanim si\u0119 nasil\u0105, zapewniaj\u0105c niezawodno\u015b\u0107 sprz\u0119tu.<\/p>\n<\/li>\n<li>\n<h3>Odpowiednie smarowanie<\/h3>\n<p>Utrzymanie prawid\u0142owego smarowania jest niezb\u0119dne dla d\u0142ugiej \u017cywotno\u015bci si\u0142ownika hydraulicznego. Stosowanie odpowiedniego rodzaju i ilo\u015bci oleju hydraulicznego zapobiega tarciu i zu\u017cyciu, zapewniaj\u0105c p\u0142ynn\u0105 prac\u0119. Operatorzy powinni przestrzega\u0107 harmonogramu smarowania, uwzgl\u0119dniaj\u0105cego spos\u00f3b u\u017cytkowania i warunki otoczenia, aby zapewni\u0107 wydajn\u0105 prac\u0119 si\u0142ownika.<\/p>\n<\/li>\n<li>\n<h3>Wymiana uszczelki<\/h3>\n<p>Z biegiem czasu uszczelnienia mog\u0105 ulec degradacji i wymaga\u0107 wymiany. Regularna ocena stanu uszczelnie\u0144 i ich wymiana w razie potrzeby jest kluczowa dla utrzymania ci\u015bnienia hydraulicznego i wydajno\u015bci. Operatorzy powinni przestrzega\u0107 zalece\u0144 producenta dotycz\u0105cych cz\u0119stotliwo\u015bci wymiany uszczelnie\u0144, aby zapewni\u0107 optymalne dzia\u0142anie.<\/p>\n<\/li>\n<\/ul>\n<h2>Wytyczne dotycz\u0105ce instalacji<\/h2>\n<p>Prawid\u0142owy monta\u017c si\u0142ownika wysi\u0119gnika ma kluczowe znaczenie dla jego wydajno\u015bci i trwa\u0142o\u015bci. Zacznij od upewnienia si\u0119, \u017ce wszystkie elementy s\u0105 czyste i wolne od zanieczyszcze\u0144. Dok\u0142adnie wyr\u00f3wnaj si\u0142ownik z punktami mocowania, u\u017cywaj\u0105c odpowiednich wspornik\u00f3w, aby zapewni\u0107 bezpieczne mocowanie. Konieczne jest dokr\u0119cenie wszystkich \u015brub zgodnie ze specyfikacj\u0105 producenta, aby unikn\u0105\u0107 rozbie\u017cno\u015bci lub poluzowania podczas pracy. Po monta\u017cu przeprowad\u017a dok\u0142adn\u0105 kontrol\u0119, aby upewni\u0107 si\u0119, \u017ce wszystkie po\u0142\u0105czenia s\u0105 bezpieczne, oraz wykonaj jazd\u0119 pr\u00f3bn\u0105, aby potwierdzi\u0107 prawid\u0142owe dzia\u0142anie. Regularne kontrole po monta\u017cu pomog\u0105 wcze\u015bnie zidentyfikowa\u0107 potencjalne problemy, zapewniaj\u0105c p\u0142ynn\u0105 prac\u0119.<\/p>\n<h2>Typowe zadania konserwacyjne<\/h2>\n<ul>\n<li>\n<h3>Regularne kontrole<\/h3>\n<p>Regularne kontrole s\u0105 kluczowe dla prawid\u0142owego dzia\u0142ania si\u0142ownika hydraulicznego. Kontrola pod k\u0105tem wyciek\u00f3w, zu\u017cycia i og\u00f3lnego stanu mo\u017ce pom\u00f3c we wczesnym wykryciu problem\u00f3w, zapobiegaj\u0105c kosztownym naprawom w przysz\u0142o\u015bci. Prowadzenie dziennika konserwacji mo\u017ce pom\u00f3c w monitorowaniu wydajno\u015bci i stanu si\u0142ownika w d\u0142u\u017cszej perspektywie.<\/p>\n<\/li>\n<li>\n<h3>Prawid\u0142owe smarowanie<\/h3>\n<p>Zapewnienie odpowiedniego smarowania si\u0142ownika hydraulicznego jest kluczowe dla jego p\u0142ynnej pracy. Stosowanie odpowiedniego oleju hydraulicznego i utrzymywanie prawid\u0142owego poziomu oleju zmniejsza tarcie i zu\u017cycie, wyd\u0142u\u017caj\u0105c \u017cywotno\u015b\u0107 si\u0142ownika. Operatorzy powinni ustali\u0107 harmonogram smarowania dostosowany do cz\u0119stotliwo\u015bci u\u017cytkowania.<\/p>\n<\/li>\n<li>\n<h3>Wymiana uszczelek i kontrola kalibracji<\/h3>\n<p>Regularna wymiana uszczelek i przeprowadzanie kontroli kalibracji s\u0105 niezb\u0119dne dla utrzymania integralno\u015bci eksploatacyjnej si\u0142ownika hydraulicznego. Obejmuje to zapewnienie prawid\u0142owego dzia\u0142ania si\u0142ownika w zakresie zaprojektowanych parametr\u00f3w oraz nienaruszalno\u015bci wszystkich uszczelek, aby zapobiec wyciekom.<\/p>\n<\/li>\n<\/ul>\n<p><img decoding=\"async\" src=\"https:\/\/www.hydraulic-cylinders.net\/wp-content\/uploads\/2025\/04\/songte-chushion-collar.webp\" alt=\"Obraz zada\u0144 konserwacyjnych\"><\/p>\n<h2>Zagadnienia bezpiecze\u0144stwa i czynniki \u015brodowiskowe<\/h2>\n<p>\u015arodki bezpiecze\u0144stwa maj\u0105 kluczowe znaczenie podczas obs\u0142ugi cylindr\u00f3w hydraulicznych. Operatorzy powinni by\u0107 \u015bwiadomi potencjalnych zagro\u017ce\u0144 zwi\u0105zanych z uk\u0142adami hydraulicznymi, w tym ryzyka wycieku p\u0142ynu hydraulicznego i nag\u0142ych ruch\u00f3w cylindra. Wdro\u017cenie odpowiednich szkole\u0144 i protoko\u0142\u00f3w bezpiecze\u0144stwa mo\u017ce ograniczy\u0107 te zagro\u017cenia, zapewniaj\u0105c bezpieczne \u015brodowisko pracy. Ponadto, uwzgl\u0119dnienie czynnik\u00f3w \u015brodowiskowych, takich jak potencjalne zanieczyszczenie spowodowane wyciekiem p\u0142ynu hydraulicznego, ma kluczowe znaczenie dla utrzymania bezpiecze\u0144stwa w miejscu pracy i zgodno\u015bci z przepisami ochrony \u015brodowiska.<\/p>\n<h2>Rozwi\u0105zywanie problem\u00f3w i typowe problemy<\/h2>\n<ul>\n<li>\n<h3>Przeciek<\/h3>\n<p>Wyciek to cz\u0119sty problem w przypadku si\u0142ownik\u00f3w hydraulicznych. Mo\u017ce on wyst\u0105pi\u0107 z powodu zu\u017cycia uszczelnie\u0144 lub uszkodzenia podzespo\u0142\u00f3w. Operatorzy powinni sprawdzi\u0107 stan uszczelnie\u0144 i w razie potrzeby wymieni\u0107 je, upewniaj\u0105c si\u0119, \u017ce wszystkie podzespo\u0142y s\u0105 nienaruszone i dzia\u0142aj\u0105 prawid\u0142owo.<\/p>\n<\/li>\n<li>\n<h3>Utrata ci\u015bnienia<\/h3>\n<p>Spadek ci\u015bnienia hydraulicznego mo\u017ce znacz\u0105co wp\u0142yn\u0105\u0107 na wydajno\u015b\u0107 cylindra. Mo\u017ce to by\u0107 spowodowane nieszczelno\u015bciami, zatorami w przewodzie hydraulicznym lub wadliwymi pompami. Rozwi\u0105zywanie problem\u00f3w obejmuje sprawdzenie szczelno\u015bci, upewnienie si\u0119, \u017ce poziom p\u0142ynu hydraulicznego jest prawid\u0142owy oraz sprawdzenie ca\u0142ego uk\u0142adu hydraulicznego pod k\u0105tem zator\u00f3w lub usterek.<\/p>\n<\/li>\n<li>\n<h3>Powolny ruch<\/h3>\n<p>Je\u015bli si\u0142ownik wysi\u0119gnika pracuje powoli, mo\u017ce to oznacza\u0107 niedob\u00f3r p\u0142ynu hydraulicznego lub zatkanie filtr\u00f3w. Regularna konserwacja i kontrole mog\u0105 zapobiec takim problemom. Operatorzy powinni upewni\u0107 si\u0119, \u017ce poziom p\u0142ynu hydraulicznego jest na zalecanym poziomie, a filtry s\u0105 czyste i sprawne.<\/p>\n<\/li>\n<\/ul>\n<h2>Wskaz\u00f3wki i rozwi\u0105zania dotycz\u0105ce rozwi\u0105zywania problem\u00f3w<\/h2>\n<p>Aby skutecznie rozwi\u0105zywa\u0107 problemy z si\u0142ownikiem wysi\u0119gnika, operatorzy powinni zacz\u0105\u0107 od systematycznego podej\u015bcia. Przeprowad\u017a kontrol\u0119 wzrokow\u0105, aby zidentyfikowa\u0107 wszelkie widoczne oznaki zu\u017cycia lub uszkodzenia. Sprawd\u017a poziom p\u0142yn\u00f3w i poszukaj wyciek\u00f3w w uk\u0142adzie hydraulicznym. W przypadku podejrzenia spadku ci\u015bnienia, sprawd\u017a, czy pompa hydrauliczna dzia\u0142a prawid\u0142owo i czy \u017cadne zatory nie utrudniaj\u0105 przep\u0142ywu p\u0142ynu. Regularna konserwacja i przestrzeganie zalecanych harmonogram\u00f3w serwisowych mo\u017ce dodatkowo zapobiec wyst\u0105pieniu tych problem\u00f3w, zapewniaj\u0105c wydajn\u0105 prac\u0119 si\u0142ownika.<\/p>\n<p><img decoding=\"async\" src=\"https:\/\/www.hydraulic-cylinders.net\/wp-content\/uploads\/2025\/04\/songte-bushings-with-all-kinds-of-excavator-models.webp\" alt=\"Rozwi\u0105zywanie problem\u00f3w z obrazem\"><\/p>\n<h2>Przegl\u0105d firmy<\/h2>\n<p>Jeste\u015bmy producentem specjalizuj\u0105cym si\u0119 w produkcji zamiennych cylindr\u00f3w hydraulicznych, oferuj\u0105cym szerok\u0105 gam\u0119 produkt\u00f3w. Nasza firma ugruntowa\u0142a swoj\u0105 pozycj\u0119 wiod\u0105cego producenta i hurtowego dystrybutora cylindr\u00f3w hydraulicznych na rynku krajowym i mi\u0119dzynarodowym. Kierujemy si\u0119 zasadami doskona\u0142o\u015bci i opieramy si\u0119 na dopracowanych strategiach produkcyjnych, wykorzystuj\u0105c zaawansowany sprz\u0119t do produkcji cyfrowej oraz profesjonalne systemy testowe, aby zwi\u0119kszy\u0107 nasze mo\u017cliwo\u015bci produkcyjne. Nasze silne zdolno\u015bci kreatywne oraz zaanga\u017cowanie w wysok\u0105 wydajno\u015b\u0107, precyzj\u0119 i jako\u015b\u0107 pozwalaj\u0105 nam sprosta\u0107 zr\u00f3\u017cnicowanym potrzebom klient\u00f3w.<\/p>\n<p><img decoding=\"async\" src=\"https:\/\/www.hydraulic-cylinders.net\/wp-content\/uploads\/2025\/04\/songte-company-4.webp\" alt=\"Obraz przegl\u0105du firmy\"><br \/>\n<img decoding=\"async\" src=\"https:\/\/www.hydraulic-cylinders.net\/wp-content\/uploads\/2025\/04\/songte-company-3.webp\" alt=\"Obraz produkcyjny firmy\"><\/p>\n<h2>Wniosek<\/h2>\n<p>Podsumowuj\u0105c, si\u0142ownik wysi\u0119gnika Yuchai YC13-8 jest niezb\u0119dnym elementem uk\u0142ad\u00f3w hydraulicznych, odgrywaj\u0105cym kluczow\u0105 rol\u0119 w funkcjonowaniu ci\u0119\u017ckich maszyn. Zrozumienie jego funkcji, zastosowa\u0144 i wymaga\u0144 konserwacyjnych jest kluczowe dla optymalnej wydajno\u015bci i trwa\u0142o\u015bci. Przestrzegaj\u0105c prawid\u0142owych procedur instalacji i konserwacji, operatorzy mog\u0105 zapewni\u0107 wydajn\u0105 prac\u0119 i zmniejszy\u0107 prawdopodobie\u0144stwo wyst\u0105pienia problem\u00f3w.<\/p>\n<p>Autor: lyl<\/p>","protected":false},"excerpt":{"rendered":"<p>Boom Cylinder For Yuchai YC13-8 Introduction to Boom Cylinder The Boom Cylinder is a vital component in hydraulic systems, specifically designed for controlling the movement of buckets in various heavy machinery such as excavators, backhoe loaders, and front loaders. This hydraulic cylinder enables the bucket to lift, lower, and tilt, facilitating efficient material handling tasks. [&hellip;]<\/p>","protected":false},"featured_media":17874,"comment_status":"open","ping_status":"closed","template":"","meta":{"_et_pb_use_builder":"","_et_pb_old_content":"","_et_gb_content_width":""},"product_brand":[],"product_cat":[1546],"product_tag":[1547,1496],"class_list":{"0":"post-19581","1":"product","2":"type-product","3":"status-publish","4":"has-post-thumbnail","6":"product_cat-boom-cylinders","7":"product_tag-boom-cylinders","8":"product_tag-hydraulic-cylinders","10":"first","11":"instock","12":"shipping-taxable","13":"product-type-simple"},"amp_enabled":true,"_links":{"self":[{"href":"https:\/\/www.hydraulic-cylinders.net\/pl\/wp-json\/wp\/v2\/product\/19581","targetHints":{"allow":["GET"]}}],"collection":[{"href":"https:\/\/www.hydraulic-cylinders.net\/pl\/wp-json\/wp\/v2\/product"}],"about":[{"href":"https:\/\/www.hydraulic-cylinders.net\/pl\/wp-json\/wp\/v2\/types\/product"}],"replies":[{"embeddable":true,"href":"https:\/\/www.hydraulic-cylinders.net\/pl\/wp-json\/wp\/v2\/comments?post=19581"}],"wp:featuredmedia":[{"embeddable":true,"href":"https:\/\/www.hydraulic-cylinders.net\/pl\/wp-json\/wp\/v2\/media\/17874"}],"wp:attachment":[{"href":"https:\/\/www.hydraulic-cylinders.net\/pl\/wp-json\/wp\/v2\/media?parent=19581"}],"wp:term":[{"taxonomy":"product_brand","embeddable":true,"href":"https:\/\/www.hydraulic-cylinders.net\/pl\/wp-json\/wp\/v2\/product_brand?post=19581"},{"taxonomy":"product_cat","embeddable":true,"href":"https:\/\/www.hydraulic-cylinders.net\/pl\/wp-json\/wp\/v2\/product_cat?post=19581"},{"taxonomy":"product_tag","embeddable":true,"href":"https:\/\/www.hydraulic-cylinders.net\/pl\/wp-json\/wp\/v2\/product_tag?post=19581"}],"curies":[{"name":"wp","href":"https:\/\/api.w.org\/{rel}","templated":true}]}}