{"id":19585,"date":"2025-04-07T06:56:01","date_gmt":"2025-04-07T06:56:01","guid":{"rendered":"https:\/\/www.hydraulic-cylinders.net\/product\/boom-cylinder-for-yuchai-yc60-8\/"},"modified":"2025-04-07T06:56:03","modified_gmt":"2025-04-07T06:56:03","slug":"boom-cylinder-for-yuchai-yc60-8","status":"publish","type":"product","link":"https:\/\/www.hydraulic-cylinders.net\/pl\/produkt\/boom-cylinder-for-yuchai-yc60-8\/","title":{"rendered":"Si\u0142ownik wysi\u0119gnika do Yuchai YC60-8"},"content":{"rendered":"<h1>Si\u0142ownik wysi\u0119gnika do Yuchai YC60-8<\/h1>\n<h2>Przegl\u0105d produktu<\/h2>\n<p>Si\u0142ownik wysi\u0119gnika Yuchai YC60-8 to niezb\u0119dny element hydrauliczny zaprojektowany specjalnie do sterowania ruchem \u0142y\u017cek r\u00f3\u017cnych maszyn ci\u0119\u017ckich, takich jak koparki, koparko-\u0142adowarki i \u0142adowarki czo\u0142owe. Ten si\u0142ownik hydrauliczny umo\u017cliwia podnoszenie, opuszczanie i przechylanie \u0142y\u017cki, u\u0142atwiaj\u0105c wydajne przenoszenie materia\u0142\u00f3w. Znaczenie niezawodnego si\u0142ownika \u0142y\u017cki jest nie do przecenienia, poniewa\u017c ma on bezpo\u015bredni wp\u0142yw na mo\u017cliwo\u015bci operacyjne i wydajno\u015b\u0107 sprz\u0119tu budowlanego i rolniczego.<\/p>\n<p><img decoding=\"async\" src=\"https:\/\/www.hydraulic-cylinders.net\/wp-content\/uploads\/2025\/04\/songte-company-1.webp\" alt=\"Si\u0142ownik wysi\u0119gnika\"><\/p>\n<h3>Definicja i funkcja<\/h3>\n<p>Si\u0142ownik \u0142y\u017cki to rodzaj si\u0142ownika hydraulicznego dostosowanego do specyficznych wymaga\u0144 ci\u0119\u017ckiego sprz\u0119tu. Dzia\u0142a on poprzez wykorzystanie oleju hydraulicznego do wytworzenia ci\u015bnienia, kt\u00f3re umo\u017cliwia p\u0142ynne wysuwanie i wsuwanie si\u0142ownika. Ta funkcjonalno\u015b\u0107 jest kluczowa w zastosowaniach wymagaj\u0105cych podnoszenia ci\u0119\u017ckich \u0142adunk\u00f3w i precyzyjnego manewrowania materia\u0142ami. Na przyk\u0142ad w przypadku koparek si\u0142ownik \u0142y\u017cki odgrywa kluczow\u0105 rol\u0119 w operacjach kopania i czerpania, zwi\u0119kszaj\u0105c og\u00f3ln\u0105 wydajno\u015b\u0107.<\/p>\n<h2>G\u0142\u00f3wne cechy<\/h2>\n<ul>\n<li><strong>Wysoka wytrzyma\u0142o\u015b\u0107 i trwa\u0142o\u015b\u0107:<\/strong> Cylindry te, wykonane zazwyczaj z wytrzyma\u0142ej stali lub aluminium, wytrzymuj\u0105 wysokie ci\u015bnienia i du\u017ce obci\u0105\u017cenia, dzi\u0119ki czemu nadaj\u0105 si\u0119 do pracy w trudnych warunkach.<\/li>\n<li><strong>Wydajna praca uk\u0142adu hydraulicznego:<\/strong> Wykorzystuj\u0105c ci\u015bnienie oleju hydraulicznego, si\u0142owniki te umo\u017cliwiaj\u0105 p\u0142ynn\u0105 i szybk\u0105 reakcj\u0119 na polecenia operacyjne, zapewniaj\u0105c znaczn\u0105 si\u0142\u0119 pchania i ci\u0105gni\u0119cia.<\/li>\n<li><strong>R\u00f3\u017cne typy:<\/strong> Dost\u0119pne s\u0105 opcje si\u0142ownik\u00f3w jednostronnego dzia\u0142ania (wykorzystuj\u0105cych hydraulik\u0119 w jednym kierunku) lub dwustronnego dzia\u0142ania (wykorzystuj\u0105cych hydraulik\u0119 w obu kierunkach), kt\u00f3re zaspokajaj\u0105 r\u00f3\u017cne potrzeby operacyjne.<\/li>\n<li><strong>Konstrukcje oszcz\u0119dzaj\u0105ce miejsce:<\/strong> Niekt\u00f3re modele s\u0105 teleskopowe, co pozwala na wi\u0119ksze wysuni\u0119cie konstrukcji bez zwi\u0119kszania jej wymiar\u00f3w zewn\u0119trznych, co jest idealnym rozwi\u0105zaniem w przypadku ograniczonej przestrzeni.<\/li>\n<\/ul>\n<p>Nasze mo\u017cliwo\u015bci produkcyjne pozwalaj\u0105 nam wytwarza\u0107 te cylindry idealnie nadaj\u0105ce si\u0119 do wymiany istniej\u0105cych cylindr\u00f3w hydraulicznych, zapewniaj\u0105c bezproblemow\u0105 integracj\u0119 z Pa\u0144stwa maszynami.<\/p>\n<p><img decoding=\"async\" src=\"https:\/\/www.hydraulic-cylinders.net\/wp-content\/uploads\/2025\/04\/songte-cylinder-head-with-all-kinds-excavator-models.webp\" alt=\"Modele koparek\"><\/p>\n<h2>Aplikacje<\/h2>\n<h3>Sprz\u0119t budowlany<\/h3>\n<p>W budownictwie si\u0142ownik wysi\u0119gnika jest integraln\u0105 cz\u0119\u015bci\u0105 pracy koparek, u\u0142atwiaj\u0105c takie zadania, jak kopanie, za\u0142adunek i przenoszenie ziemi lub gruzu. Precyzyjna kontrola ruchu \u0142y\u017cki zapewnia efektywne i wydajne przenoszenie materia\u0142u, zwi\u0119kszaj\u0105c tym samym wydajno\u015b\u0107 pracy na placu budowy.<\/p>\n<h3>Maszyny rolnicze<\/h3>\n<p>W przypadku \u0142adowarek czo\u0142owych si\u0142ownik wysi\u0119gnika jest niezb\u0119dny do nabierania, podnoszenia i transportu gleby, siana i innych materia\u0142\u00f3w. Mo\u017cliwo\u015b\u0107 regulacji po\u0142o\u017cenia \u0142y\u017cki pozwala rolnikom z \u0142atwo\u015bci\u0105 wykonywa\u0107 r\u00f3\u017cnorodne zadania, zwi\u0119kszaj\u0105c wydajno\u015b\u0107 prac rolniczych.<\/p>\n<h3>Koparki<\/h3>\n<p>Cylinder \u0142y\u017cki w koparkach umo\u017cliwia efektywne kopanie, umo\u017cliwiaj\u0105c \u0142y\u017cce penetracj\u0119 gruntu. Dzia\u0142anie to jest kluczowe podczas prac ziemnych, u\u0142atwiaj\u0105c wykonywanie wykop\u00f3w, fundament\u00f3w i innych niezb\u0119dnych konstrukcji.<\/p>\n<h3>\u0141adowarki<\/h3>\n<p>W \u0142adowarkach czo\u0142owych si\u0142owniki wysi\u0119gnika wspomagaj\u0105 wydajne podnoszenie i zrzucanie \u0142adunk\u00f3w. Ta funkcja jest kluczowa w transporcie materia\u0142\u00f3w w budownictwie i gospodarce odpadami, umo\u017cliwiaj\u0105c operatorom maksymalizacj\u0119 wydajno\u015bci przy mniejszym wysi\u0142ku fizycznym.<\/p>\n<h2>Zagadnienia projektowe i kryteria wyboru<\/h2>\n<h3>No\u015bno\u015b\u0107<\/h3>\n<p>Przy wyborze si\u0142ownika wysi\u0119gnika, ud\u017awig jest kluczowym czynnikiem. Si\u0142ownik musi by\u0107 w stanie utrzyma\u0107 maksymaln\u0105 mas\u0119 przenoszonego \u0142adunku bez ryzyka awarii. Prawid\u0142owa ocena wymaga\u0144 dotycz\u0105cych ud\u017awigu zapewnia trwa\u0142o\u015b\u0107 i bezpiecze\u0144stwo operacji.<\/p>\n<h3>Jako\u015b\u0107 uszczelnienia<\/h3>\n<p>Uszczelnienie ma kluczowe znaczenie dla wydajno\u015bci si\u0142ownik\u00f3w hydraulicznych. Wysokiej jako\u015bci uszczelki zapobiegaj\u0105 wyciekom p\u0142ynu hydraulicznego, kt\u00f3re mog\u0105 obni\u017cy\u0107 wydajno\u015b\u0107 uk\u0142adu i prowadzi\u0107 do kosztownych napraw. Dobrze uszczelniony si\u0142ownik zwi\u0119ksza niezawodno\u015b\u0107 i bezpiecze\u0144stwo eksploatacji.<\/p>\n<h3>Trwa\u0142o\u015b\u0107<\/h3>\n<p>Trwa\u0142o\u015b\u0107 jest kluczowa, poniewa\u017c si\u0142owniki hydrauliczne pracuj\u0105 w trudnych warunkach. Materia\u0142y powinny by\u0107 odporne na zu\u017cycie, korozj\u0119 i zm\u0119czenie, aby zapewni\u0107 sprawno\u015b\u0107 si\u0142ownika przez d\u0142ugi czas, nawet w trudnych warunkach.<\/p>\n<h3>Funkcje bezpiecze\u0144stwa<\/h3>\n<p>Projektowanie z my\u015bl\u0105 o bezpiecze\u0144stwie obejmuje zastosowanie rozwi\u0105za\u0144 minimalizuj\u0105cych ryzyko podczas eksploatacji. Nale\u017c\u0105 do nich zawory bezpiecze\u0144stwa i solidna konstrukcja odporna na nieprzewidziane obci\u0105\u017cenia, zapewniaj\u0105ca ochron\u0119 zar\u00f3wno sprz\u0119tu, jak i operator\u00f3w.<\/p>\n<h3>Dost\u0119pno\u015b\u0107 konserwacyjna<\/h3>\n<p>Wreszcie, \u0142atwo\u015b\u0107 konserwacji jest kluczowym czynnikiem konstrukcyjnym. Cylindry powinny by\u0107 zaprojektowane tak, aby umo\u017cliwi\u0107 szybkie przegl\u0105dy i naprawy, minimalizuj\u0105c przestoje. Dost\u0119pno\u015b\u0107 mo\u017ce znacz\u0105co wp\u0142yn\u0105\u0107 na wydajno\u015b\u0107 operacyjn\u0105 i koszty konserwacji.<\/p>\n<p><img decoding=\"async\" src=\"https:\/\/www.hydraulic-cylinders.net\/wp-content\/uploads\/2025\/04\/songte-oil-pipes-and-spare-parts.webp\" alt=\"Rury olejowe i cz\u0119\u015bci zamienne\"><\/p>\n<h2>Uszczelnianie i smarowanie<\/h2>\n<p>Skuteczne uszczelnienie i smarowanie maj\u0105 kluczowe znaczenie dla trwa\u0142o\u015bci i wydajno\u015bci cylindr\u00f3w hydraulicznych. R\u00f3\u017cne elementy uszczelniaj\u0105ce, takie jak uszczelnienia t\u0142ok\u00f3w i t\u0142oczysk, wykonane z trwa\u0142ych materia\u0142\u00f3w, takich jak poliuretan i kauczuk nitrylowy, s\u0105 stosowane w celu zwi\u0119kszenia odporno\u015bci na zu\u017cycie. Korpus cylindra i gwintowane powierzchnie ko\u0144cowe s\u0105 poddawane precyzyjnej obr\u00f3bce w celu poprawy odporno\u015bci na zu\u017cycie. Regularne smarowanie olejem hydraulicznym jest niezb\u0119dne dla zapewnienia p\u0142ynnej pracy i zapobiegania zu\u017cyciu spowodowanemu tarciem.<\/p>\n<h2>\u015arodki konserwacji zapobiegawczej<\/h2>\n<ul>\n<li><strong>Regularne kontrole:<\/strong> Przeprowad\u017a dok\u0142adne kontrole, aby zidentyfikowa\u0107 wszelkie oznaki zu\u017cycia, uszkodze\u0144 lub wyciek\u00f3w. Wczesne wykrycie mo\u017ce zapobiec powa\u017cnym awariom i kosztownym naprawom.<\/li>\n<li><strong>Prawid\u0142owe smarowanie:<\/strong> Upewnij si\u0119, \u017ce smarowanie jest wykonywane zgodnie ze specyfikacj\u0105 producenta. Odpowiednie smarowanie minimalizuje tarcie i wyd\u0142u\u017ca \u017cywotno\u015b\u0107 ruchomych cz\u0119\u015bci.<\/li>\n<li><strong>Wymiana uszczelki:<\/strong> Okresowo sprawdzaj stan uszczelek i wymieniaj je w razie potrzeby. Dobrze utrzymane uszczelki s\u0105 niezb\u0119dne do zapobiegania wyciekom p\u0142ynu hydraulicznego i utrzymania wydajno\u015bci operacyjnej.<\/li>\n<\/ul>\n<h2>Wytyczne dotycz\u0105ce instalacji<\/h2>\n<p>Podczas monta\u017cu si\u0142ownika wysi\u0119gnika nale\u017cy upewni\u0107 si\u0119, \u017ce jest on prawid\u0142owo ustawiony wzgl\u0119dem punkt\u00f3w mocowania, aby zapobiec nadmiernym napr\u0119\u017ceniom podczas pracy. Nale\u017cy u\u017cy\u0107 odpowiednich wspornik\u00f3w monta\u017cowych, aby pewnie zamocowa\u0107 si\u0142ownik. Przed uruchomieniem nale\u017cy sprawdzi\u0107, czy wszystkie po\u0142\u0105czenia s\u0105 szczelne i czy uk\u0142ad hydrauliczny jest szczelny. Nale\u017cy przestrzega\u0107 zalece\u0144 producenta dotycz\u0105cych procedur monta\u017cu, aby unikn\u0105\u0107 potencjalnych problem\u00f3w i zapewni\u0107 optymaln\u0105 wydajno\u015b\u0107.<\/p>\n<h2>Typowe zadania konserwacyjne<\/h2>\n<h3>Regularne kontrole<\/h3>\n<p>Regularne kontrole s\u0105 kluczowe dla identyfikacji potencjalnych problem\u00f3w, zanim si\u0119 nasil\u0105. Sprawd\u017a, czy nie ma uszkodze\u0144 zewn\u0119trznych, nieszczelno\u015bci oraz zu\u017cycia uszczelek i po\u0142\u0105cze\u0144. Wczesne wykrycie pozwala na terminowe naprawy, co mo\u017ce zaoszcz\u0119dzi\u0107 na d\u0142ugich przestojach i kosztach napraw.<\/p>\n<h3>Prawid\u0142owe smarowanie<\/h3>\n<p>Upewnij si\u0119, \u017ce poziom p\u0142ynu hydraulicznego jest na zalecanym poziomie i \u017ce jest on odpowiedni dla Twojego cylindra. Odpowiednie smarowanie zmniejsza tarcie i zu\u017cycie element\u00f3w wewn\u0119trznych, co wyd\u0142u\u017ca \u017cywotno\u015b\u0107 cylindra.<\/p>\n<h3>Wymiana uszczelki<\/h3>\n<p>Rutynowa kontrola uszczelnie\u0144 jest niezb\u0119dna. W przypadku jakichkolwiek oznak zu\u017cycia lub uszkodzenia, nale\u017cy niezw\u0142ocznie wymieni\u0107 uszczelnienia, aby zapobiec wyciekom p\u0142ynu hydraulicznego. Regularna wymiana uszczelnie\u0144 to niewielka inwestycja, kt\u00f3ra w d\u0142u\u017cszej perspektywie mo\u017ce zaoszcz\u0119dzi\u0107 na kosztach wi\u0119kszych napraw.<\/p>\n<p><img decoding=\"async\" src=\"https:\/\/www.hydraulic-cylinders.net\/wp-content\/uploads\/2025\/04\/songte-chushion-collar.webp\" alt=\"Ko\u0142nierz poduszkowy\"><\/p>\n<h2>Zagadnienia bezpiecze\u0144stwa i czynniki \u015brodowiskowe<\/h2>\n<p>Podczas obs\u0142ugi cylindr\u00f3w hydraulicznych \u015brodki bezpiecze\u0144stwa s\u0105 najwa\u017cniejsze. Zawsze upewnij si\u0119, \u017ce operatorzy s\u0105 przeszkoleni w zakresie protoko\u0142\u00f3w bezpiecze\u0144stwa i \u017ce sprz\u0119t spe\u0142nia normy bezpiecze\u0144stwa. Prawid\u0142owa obs\u0142uga i eksploatacja zmniejszaj\u0105 ryzyko wypadk\u00f3w i sprzyjaj\u0105 bezpieczniejszym warunkom pracy.<\/p>\n<h2>Diagnostyka usterek i typowe problemy<\/h2>\n<ul>\n<li><strong>Przeciek:<\/strong> Wyciek mo\u017ce wyst\u0105pi\u0107 z powodu zu\u017cytych uszczelek lub uszkodze\u0144 armatury. Regularne kontrole mog\u0105 pom\u00f3c we wczesnym wykryciu i usuni\u0119ciu wyciek\u00f3w.<\/li>\n<li><strong>Obni\u017cona wydajno\u015b\u0107:<\/strong> Je\u015bli cylinder nie reaguje zgodnie z oczekiwaniami, mo\u017ce to oznacza\u0107 niski poziom p\u0142ynu hydraulicznego lub uszkodzenie wewn\u0119trzne. Sprawd\u017a poziom p\u0142ynu i sprawd\u017a cylinder pod k\u0105tem zu\u017cycia wewn\u0119trznego.<\/li>\n<li><strong>Przegrzanie:<\/strong> Przegrzanie mo\u017ce prowadzi\u0107 do uszkodzenia p\u0142ynu, dlatego monitorowanie temperatury roboczej jest niezb\u0119dne. Odpowiednia wentylacja i w\u0142a\u015bciwy poziom p\u0142ynu mog\u0105 pom\u00f3c zapobiec przegrzaniu.<\/li>\n<\/ul>\n<h2>Wskaz\u00f3wki dotycz\u0105ce rozwi\u0105zywania problem\u00f3w<\/h2>\n<p>Aby skutecznie rozwi\u0105za\u0107 problemy z si\u0142ownikiem wysi\u0119gnika, nale\u017cy zacz\u0105\u0107 od sprawdzenia poziomu p\u0142ynu hydraulicznego i ewentualnego sprawdzenia szczelno\u015bci. Stosowanie prawid\u0142owego p\u0142ynu hydraulicznego i dbanie o jego czysto\u015b\u0107 zminimalizuje ryzyko wyst\u0105pienia problem\u00f3w. Regularna konserwacja, w tym terminowa wymiana uszczelnie\u0144 i smarowanie, jest kluczowa dla zapobiegania powstawaniu problem\u00f3w. Wdro\u017cenie proaktywnej strategii konserwacji mo\u017ce znacznie zmniejszy\u0107 prawdopodobie\u0144stwo wyst\u0105pienia powa\u017cnych usterek.<\/p>\n<p><img decoding=\"async\" src=\"https:\/\/www.hydraulic-cylinders.net\/wp-content\/uploads\/2025\/04\/songte-bushings-with-all-kinds-of-excavator-models.webp\" alt=\"Tuleje z modelami koparek\"><\/p>\n<h2>Przegl\u0105d firmy<\/h2>\n<p>Jeste\u015bmy wiod\u0105cym producentem si\u0142ownik\u00f3w hydraulicznych, oferuj\u0105cym szerok\u0105 gam\u0119 produkt\u00f3w, zar\u00f3wno na rynku krajowym, jak i mi\u0119dzynarodowym. Nasze zaanga\u017cowanie w d\u0105\u017cenie do doskona\u0142o\u015bci jako\u015bci jest poparte zaawansowan\u0105 strategi\u0105 zarz\u0105dzania produkcj\u0105, kt\u00f3ra obejmuje wykwalifikowany personel techniczny i zaawansowany sprz\u0119t do produkcji cyfrowej. Dzi\u0119ki ci\u0105g\u0142emu doskonaleniu naszych proces\u00f3w produkcyjnych, gwarantujemy, \u017ce spe\u0142niamy oczekiwania klient\u00f3w, zapewniaj\u0105c wysok\u0105 wydajno\u015b\u0107, precyzj\u0119 i jako\u015b\u0107.<\/p>\n<p><img decoding=\"async\" src=\"https:\/\/www.hydraulic-cylinders.net\/wp-content\/uploads\/2025\/04\/songte-company-4.webp\" alt=\"Przegl\u0105d firmy\"><br \/>\n<img decoding=\"async\" src=\"https:\/\/www.hydraulic-cylinders.net\/wp-content\/uploads\/2025\/04\/songte-company-3.webp\" alt=\"Zak\u0142ad produkcyjny\"><\/p>\n<h3>Profesjonalizm i certyfikaty<\/h3>\n<p>Nasze produkty spe\u0142niaj\u0105 mi\u0119dzynarodowe standardy, a my oferujemy us\u0142ugi dostosowane do indywidualnych potrzeb naszych klient\u00f3w. Nasz zaawansowany sprz\u0119t produkcyjny i rygorystyczne procesy kontroli jako\u015bci gwarantuj\u0105 niezawodno\u015b\u0107 i wysok\u0105 jako\u015b\u0107 ka\u017cdego wyprodukowanego produktu.<\/p>\n<h3>Serwis posprzeda\u017cowy<\/h3>\n<p>Nasz\u0105 dum\u0105 jest r\u00f3wnie\u017c \u015bwiadczenie doskona\u0142ej obs\u0142ugi posprzeda\u017cowej, dzi\u0119ki czemu nasi klienci otrzymuj\u0105 niezb\u0119dne wsparcie w zakresie instalacji, konserwacji i rozwi\u0105zywania wszelkich problem\u00f3w, kt\u00f3re mog\u0105 pojawi\u0107 si\u0119 po zakupie.<\/p>\n<p>Autor: lyl<\/p>","protected":false},"excerpt":{"rendered":"<p>Boom Cylinder For Yuchai YC60-8 Product Overview The Boom Cylinder for Yuchai YC60-8 is a vital hydraulic component designed specifically for controlling the movement of various heavy machinery buckets, such as excavators, backhoe loaders, and front loaders. This hydraulic cylinder enables the bucket to lift, lower, and tilt, facilitating efficient material handling tasks. The importance [&hellip;]<\/p>","protected":false},"featured_media":17878,"comment_status":"open","ping_status":"closed","template":"","meta":{"_et_pb_use_builder":"","_et_pb_old_content":"","_et_gb_content_width":""},"product_brand":[],"product_cat":[1546],"product_tag":[1547,1496],"class_list":{"0":"post-19585","1":"product","2":"type-product","3":"status-publish","4":"has-post-thumbnail","6":"product_cat-boom-cylinders","7":"product_tag-boom-cylinders","8":"product_tag-hydraulic-cylinders","10":"first","11":"instock","12":"shipping-taxable","13":"product-type-simple"},"amp_enabled":true,"_links":{"self":[{"href":"https:\/\/www.hydraulic-cylinders.net\/pl\/wp-json\/wp\/v2\/product\/19585","targetHints":{"allow":["GET"]}}],"collection":[{"href":"https:\/\/www.hydraulic-cylinders.net\/pl\/wp-json\/wp\/v2\/product"}],"about":[{"href":"https:\/\/www.hydraulic-cylinders.net\/pl\/wp-json\/wp\/v2\/types\/product"}],"replies":[{"embeddable":true,"href":"https:\/\/www.hydraulic-cylinders.net\/pl\/wp-json\/wp\/v2\/comments?post=19585"}],"wp:featuredmedia":[{"embeddable":true,"href":"https:\/\/www.hydraulic-cylinders.net\/pl\/wp-json\/wp\/v2\/media\/17878"}],"wp:attachment":[{"href":"https:\/\/www.hydraulic-cylinders.net\/pl\/wp-json\/wp\/v2\/media?parent=19585"}],"wp:term":[{"taxonomy":"product_brand","embeddable":true,"href":"https:\/\/www.hydraulic-cylinders.net\/pl\/wp-json\/wp\/v2\/product_brand?post=19585"},{"taxonomy":"product_cat","embeddable":true,"href":"https:\/\/www.hydraulic-cylinders.net\/pl\/wp-json\/wp\/v2\/product_cat?post=19585"},{"taxonomy":"product_tag","embeddable":true,"href":"https:\/\/www.hydraulic-cylinders.net\/pl\/wp-json\/wp\/v2\/product_tag?post=19585"}],"curies":[{"name":"wp","href":"https:\/\/api.w.org\/{rel}","templated":true}]}}