{"id":19588,"date":"2025-04-07T06:56:10","date_gmt":"2025-04-07T06:56:10","guid":{"rendered":"https:\/\/www.hydraulic-cylinders.net\/product\/boom-cylinder-for-yuchai-yc240lc-8\/"},"modified":"2025-04-07T06:56:12","modified_gmt":"2025-04-07T06:56:12","slug":"boom-cylinder-for-yuchai-yc240lc-8","status":"publish","type":"product","link":"https:\/\/www.hydraulic-cylinders.net\/pl\/produkt\/boom-cylinder-for-yuchai-yc240lc-8\/","title":{"rendered":"Si\u0142ownik wysi\u0119gnika do Yuchai YC240LC-8"},"content":{"rendered":"<h1>Si\u0142ownik wysi\u0119gnika do Yuchai YC240LC-8<\/h1>\n<h2>Przegl\u0105d produktu<\/h2>\n<p>Si\u0142ownik wysi\u0119gnika Yuchai YC240LC-8 to kluczowy element uk\u0142ad\u00f3w hydraulicznych, zaprojektowany specjalnie do sterowania ruchem \u0142y\u017cki w r\u00f3\u017cnych maszynach ci\u0119\u017ckich, takich jak koparki, koparko-\u0142adowarki i \u0142adowarki czo\u0142owe. Ten si\u0142ownik hydrauliczny umo\u017cliwia podnoszenie, opuszczanie i przechylanie \u0142y\u017cki, u\u0142atwiaj\u0105c wydajne przenoszenie materia\u0142\u00f3w. Si\u0142ownik \u0142y\u017cki jest niezb\u0119dnym elementem uk\u0142adu hydraulicznego, wykorzystuj\u0105cym p\u0142yn hydrauliczny do generowania ruch\u00f3w o du\u017cej mocy i precyzji.<\/p>\n<p><img decoding=\"async\" src=\"https:\/\/www.hydraulic-cylinders.net\/wp-content\/uploads\/2025\/04\/songte-company-1.webp\" alt=\"Obraz cylindra wysi\u0119gnika\" \/><\/p>\n<h3>Definicja i cel<\/h3>\n<p>Si\u0142ownik czerpakowy to rodzaj si\u0142ownika hydraulicznego, kt\u00f3ry przekszta\u0142ca energi\u0119 hydrauliczn\u0105 w energi\u0119 mechaniczn\u0105, umo\u017cliwiaj\u0105c ci\u0119\u017ckim maszynom \u0142atwe wykonywanie r\u00f3\u017cnych funkcji. Si\u0142owniki te s\u0105 zaprojektowane tak, aby wytrzymywa\u0142y wysokie ci\u015bnienia i du\u017ce obci\u0105\u017cenia, dzi\u0119ki czemu nadaj\u0105 si\u0119 do wymagaj\u0105cych warunk\u00f3w pracy. Funkcjonalno\u015b\u0107 si\u0142ownika czerpakowego zwi\u0119ksza wydajno\u015b\u0107 operacyjn\u0105, skraca przestoje i zapewnia bezpiecze\u0144stwo operatorom podczas podnoszenia i przenoszenia ci\u0119\u017ckich \u0142adunk\u00f3w.<\/p>\n<h2>Cechy cylindra wysi\u0119gnika<\/h2>\n<ul>\n<li><strong>Wysoka wytrzyma\u0142o\u015b\u0107 i trwa\u0142o\u015b\u0107:<\/strong> Wykonane z wysokowytrzyma\u0142ej stali lub aluminium, wytrzymuj\u0105 du\u017ce ci\u015bnienia i obci\u0105\u017cenia, zaprojektowane tak, aby wytrzymywa\u0107 trudne warunki pracy, a tak\u017ce odporne na zu\u017cycie i korozj\u0119, co zapewnia im d\u0142u\u017csz\u0105 \u017cywotno\u015b\u0107.<\/li>\n<li><strong>Wydajna praca uk\u0142adu hydraulicznego:<\/strong> Wykorzystuje ci\u015bnienie p\u0142ynu hydraulicznego w celu uzyskania p\u0142ynnego wysuwania i wsuwania, szybko reaguje na polecenia operatora, zapewniaj\u0105c du\u017c\u0105 si\u0142\u0119 pchania i ci\u0105gni\u0119cia, idealn\u0105 do obs\u0142ugi ci\u0119\u017ckich i skomplikowanych zada\u0144.<\/li>\n<li><strong>R\u00f3\u017cne typy:<\/strong> Dost\u0119pne jako cylindry jednostronnego dzia\u0142ania (pracuj\u0105ce z p\u0142ynem hydraulicznym w jednym kierunku) lub dwustronnego dzia\u0142ania (pracuj\u0105ce w obu kierunkach), aby sprosta\u0107 r\u00f3\u017cnym potrzebom operacyjnym. Niekt\u00f3re modele s\u0105 teleskopowe, co pozwala na wi\u0119ksz\u0105 d\u0142ugo\u015b\u0107 bez zwi\u0119kszania wymiar\u00f3w zewn\u0119trznych, co jest idealne w przypadku zastosowa\u0144 o ograniczonej przestrzeni.<\/li>\n<li><strong>Rozwi\u0105zania niestandardowe:<\/strong> Nasze produkty mog\u0105 z powodzeniem zast\u0105pi\u0107 r\u00f3\u017cnego rodzaju si\u0142owniki hydrauliczne, zapewniaj\u0105c kompatybilno\u015b\u0107 i wydajno\u015b\u0107.<\/li>\n<\/ul>\n<p><img decoding=\"async\" src=\"https:\/\/www.hydraulic-cylinders.net\/wp-content\/uploads\/2025\/04\/songte-cylinder-head-with-all-kinds-excavator-models.webp\" alt=\"Zgodno\u015b\u0107 cylindr\u00f3w hydraulicznych\" \/><\/p>\n<h2>Zastosowania cylindra wysi\u0119gnika<\/h2>\n<h3>Sprz\u0119t budowlany<\/h3>\n<p>In excavators, boom cylinders play a vital role in digging, loading, and moving soil or debris. They provide the necessary force for the bucket to penetrate the ground efficiently, enhancing the machine&#8217;s overall productivity. The precise control offered by these cylinders ensures that operators can perform complex tasks with accuracy and ease. Additionally, in backhoe loaders, bucket cylinders assist in both digging and lifting operations, making them indispensable for construction projects.<\/p>\n<h3>Maszyny rolnicze<\/h3>\n<p>W \u0142adowarkach czo\u0142owych si\u0142owniki wysi\u0119gnika odgrywaj\u0105 kluczow\u0105 rol\u0119 w nabieraniu, podnoszeniu i transporcie gleby, siana i innych materia\u0142\u00f3w. Ich solidna konstrukcja pozwala im sprosta\u0107 wymagaj\u0105cym zadaniom, cz\u0119sto wyst\u0119puj\u0105cym w rolnictwie, zapewniaj\u0105c niezawodno\u015b\u0107 i trwa\u0142o\u015b\u0107. U\u0142atwiaj\u0105c sprawne przenoszenie materia\u0142\u00f3w, si\u0142owniki te znacz\u0105co przyczyniaj\u0105 si\u0119 do wzrostu wydajno\u015bci w gospodarstwach rolnych i gospodarstwach rolnych.<\/p>\n<h3>Koparki<\/h3>\n<p>W koparkach cylindry \u0142y\u017cki umo\u017cliwiaj\u0105 jej penetracj\u0119 w g\u0142\u0105b gruntu, co jest niezb\u0119dne do efektywnego kopania. Si\u0142owniki hydrauliczne zapewniaj\u0105 moc hydrauliczn\u0105, kt\u00f3ra pozwala na wykonywanie g\u0142\u0119bokich wykop\u00f3w przy minimalnym wysi\u0142ku operatora, co poprawia wydajno\u015b\u0107 operacyjn\u0105 i skraca czas realizacji projekt\u00f3w.<\/p>\n<h3>\u0141adowarki<\/h3>\n<p>W \u0142adowarkach czo\u0142owych si\u0142owniki wysi\u0119gnika wspomagaj\u0105 efektywne podnoszenie i roz\u0142adowywanie \u0142adunk\u00f3w. Ich du\u017ca si\u0142a podnoszenia umo\u017cliwia sprawny za\u0142adunek i roz\u0142adunek ci\u0119\u017ckich materia\u0142\u00f3w, przyczyniaj\u0105c si\u0119 do p\u0142ynnej pracy w budownictwie, g\u00f3rnictwie i transporcie materia\u0142\u00f3w.<\/p>\n<h2>Zagadnienia projektowe i kryteria wyboru<\/h2>\n<h3>No\u015bno\u015b\u0107<\/h3>\n<p>Przy wyborze si\u0142ownika wysi\u0119gnika, ud\u017awig jest kluczowym czynnikiem. Si\u0142ownik musi by\u0107 zaprojektowany tak, aby ud\u017awign\u0105\u0107 maksymaln\u0105 mas\u0119, jaka b\u0119dzie wyst\u0119powa\u0107 podczas pracy. Zapewnia to bezpiecze\u0144stwo i wydajno\u015b\u0107, poniewa\u017c si\u0142ownik o nieodpowiedniej mocy mo\u017ce ulec awarii pod wp\u0142ywem napr\u0119\u017ce\u0144, co mo\u017ce prowadzi\u0107 do uszkodzenia sprz\u0119tu lub wypadk\u00f3w. Producenci zazwyczaj podaj\u0105 szczeg\u00f3\u0142owe specyfikacje dotycz\u0105ce ud\u017awigu, umo\u017cliwiaj\u0105c operatorom podejmowanie \u015bwiadomych decyzji w oparciu o ich indywidualne potrzeby.<\/p>\n<h3>Uszczelnienie i trwa\u0142o\u015b\u0107<\/h3>\n<p>Effective sealing is vital for ensuring the longevity of the boom cylinder. High-quality seals prevent hydraulic fluid leakage, which can compromise performance and safety. Various materials, such as polyurethane and nitrile rubber, are used to create seals that resist wear and degradation. Proper sealing also enhances the cylinder&#8217;s ability to withstand harsh environmental conditions, ensuring consistent performance over time.<\/p>\n<h3>Funkcje bezpiecze\u0144stwa<\/h3>\n<p>Bezpiecze\u0144stwo jest priorytetem w projektowaniu si\u0142ownik\u00f3w wysi\u0119gnika. Funkcje takie jak zawory bezpiecze\u0144stwa i zabezpieczenia przeci\u0105\u017ceniowe s\u0105 niezb\u0119dne do zapobiegania awariom i zapewnienia bezpiecznej pracy. Operatorzy powinni zna\u0107 te zabezpieczenia i rozumie\u0107 ich dzia\u0142anie w uk\u0142adzie hydraulicznym. Ponadto, regularne przegl\u0105dy i konserwacje s\u0105 niezb\u0119dne w celu identyfikacji potencjalnych problem\u00f3w bezpiecze\u0144stwa, zanim doprowadz\u0105 one do incydent\u00f3w.<\/p>\n<h3>\u0141atwo\u015b\u0107 konserwacji<\/h3>\n<p>Projektowanie si\u0142ownik\u00f3w wysi\u0119gnika z my\u015bl\u0105 o \u0142atwo\u015bci konserwacji mo\u017ce znacz\u0105co wyd\u0142u\u017cy\u0107 ich \u017cywotno\u015b\u0107. Dost\u0119p do podzespo\u0142\u00f3w w celu kontroli i napraw, co skraca czas przestoj\u00f3w i obni\u017ca koszty konserwacji, a tak\u017ce przyczynia si\u0119 do wzrostu og\u00f3lnej wydajno\u015bci, gwarantuj\u0105c sprawn\u0105 i wydajn\u0105 prac\u0119 sprz\u0119tu.<\/p>\n<p><img decoding=\"async\" src=\"https:\/\/www.hydraulic-cylinders.net\/wp-content\/uploads\/2025\/04\/songte-oil-pipes-and-spare-parts.webp\" alt=\"Elementy hydrauliczne\" \/><\/p>\n<h2>Uszczelnianie i smarowanie<\/h2>\n<p>Uszczelnienie i smarowanie si\u0142ownik\u00f3w wysi\u0119gnika ma kluczowe znaczenie dla ich wydajno\u015bci i trwa\u0142o\u015bci. R\u00f3\u017cne elementy uszczelniaj\u0105ce, takie jak uszczelnienia t\u0142oka i t\u0142oczyska, s\u0142u\u017c\u0105 do utrzymania ci\u015bnienia hydraulicznego i zapobiegania wyciekom p\u0142ynu. Uszczelnienia wykonane z trwa\u0142ych materia\u0142\u00f3w, takich jak poliuretan i kauczuk nitrylowy, s\u0105 odporne na \u015bcieranie i degradacj\u0119 chemiczn\u0105, wyd\u0142u\u017caj\u0105c \u017cywotno\u015b\u0107 si\u0142ownika.<\/p>\n<p>Dodatkowo, korpus cylindra i gwintowane powierzchnie ko\u0144cowe s\u0105 precyzyjnie obrobione, aby zwi\u0119kszy\u0107 odporno\u015b\u0107 na zu\u017cycie, zapewniaj\u0105c p\u0142ynn\u0105 prac\u0119 podzespo\u0142\u00f3w przez d\u0142ugi czas. Regularne smarowanie jest niezb\u0119dne; operatorzy powinni okresowo uzupe\u0142nia\u0107 olej hydrauliczny, aby utrzyma\u0107 optymaln\u0105 wydajno\u015b\u0107 i zmniejszy\u0107 zu\u017cycie, wyd\u0142u\u017caj\u0105c tym samym \u017cywotno\u015b\u0107 uk\u0142adu hydraulicznego. Prawid\u0142owe smarowanie minimalizuje r\u00f3wnie\u017c ryzyko przegrzania i zmniejsza tarcie, zapewniaj\u0105c p\u0142ynniejsz\u0105 prac\u0119.<\/p>\n<h2>Regularne kontrole i konserwacja zapobiegawcza<\/h2>\n<ul>\n<li><strong>Rutynowe kontrole:<\/strong> Regularne kontrole cylindr\u00f3w hydraulicznych s\u0105 niezb\u0119dne do wczesnego wykrywania potencjalnych problem\u00f3w. Sprawd\u017a szczelno\u015b\u0107, zu\u017cycie i inne oznaki uszkodze\u0144. Wczesne wykrycie mo\u017ce zapobiec kosztownym naprawom i zapewni\u0107 bezpiecze\u0144stwo.<\/li>\n<li><strong>Prawid\u0142owe smarowanie:<\/strong> Nale\u017cy zadba\u0107 o utrzymanie odpowiedniego poziomu oleju hydraulicznego i regularn\u0105 konserwacj\u0119 punkt\u00f3w smarowania. Prawid\u0142owe smarowanie zmniejsza tarcie i zu\u017cycie, poprawiaj\u0105c wydajno\u015b\u0107 i \u017cywotno\u015b\u0107 cylindra.<\/li>\n<li><strong>Wymiana uszczelki:<\/strong> Z biegiem czasu uszczelki mog\u0105 ulec degradacji i wymaga\u0107 wymiany. Regularnie sprawdzaj stan uszczelek i wymieniaj je w razie potrzeby, aby zapobiec wyciekom i zachowa\u0107 integralno\u015b\u0107 systemu.<\/li>\n<\/ul>\n<h2>Wytyczne dotycz\u0105ce instalacji<\/h2>\n<p>Prawid\u0142owy monta\u017c si\u0142ownika wysi\u0119gnika ma kluczowe znaczenie dla jego wydajno\u015bci i bezpiecze\u0144stwa. Na pocz\u0105tek nale\u017cy upewni\u0107 si\u0119, \u017ce miejsce monta\u017cu jest czyste i wolne od zanieczyszcze\u0144. Nale\u017cy prawid\u0142owo ustawi\u0107 si\u0142ownik, aby unikn\u0105\u0107 jego niewsp\u00f3\u0142osiowo\u015bci, kt\u00f3ra mo\u017ce prowadzi\u0107 do przedwczesnego zu\u017cycia lub awarii. Nale\u017cy u\u017cy\u0107 odpowiednich wspornik\u00f3w monta\u017cowych, aby zabezpieczy\u0107 si\u0142ownik na miejscu, upewniaj\u0105c si\u0119, \u017ce jest on mocno zamocowany i stabilny.<\/p>\n<p>Follow the manufacturer&#8217;s specifications for torque settings and use high-quality fasteners to avoid loosening over time. After installation, perform a test run to check for leaks and ensure that the cylinder operates smoothly. Pay attention to any unusual noises or movements that may indicate a problem. Finally, document the installation process to maintain records for future reference.<\/p>\n<h2>Typowe zadania konserwacyjne<\/h2>\n<h3>Rutynowe kontrole<\/h3>\n<p>Regularne przegl\u0105dy s\u0105 kluczowe dla utrzymania uk\u0142ad\u00f3w hydraulicznych. Technicy powinni sprawdza\u0107 je pod k\u0105tem oznak zu\u017cycia, wyciek\u00f3w i innych potencjalnych problem\u00f3w. Cz\u0119ste przegl\u0105dy pomagaj\u0105 zapewni\u0107 szybk\u0105 napraw\u0119 lub wymian\u0119, minimalizuj\u0105c przestoje i zwi\u0119kszaj\u0105c bezpiecze\u0144stwo. Regularne dokumentowanie wynik\u00f3w przegl\u0105d\u00f3w mo\u017ce r\u00f3wnie\u017c pom\u00f3c w monitorowaniu stanu sprz\u0119tu w czasie.<\/p>\n<h3>Odpowiednie smarowanie<\/h3>\n<p>Ensuring that hydraulic cylinders are properly lubricated is vital for their longevity. Technicians should establish a lubrication schedule that aligns with the manufacturer&#8217;s recommendations. This not only prevents wear and overheating but also contributes to the overall efficiency of the hydraulic system. Regularly checking fluid levels and replacing fluids as necessary is essential for maintaining optimal performance.<\/p>\n<h3>Wymiana uszczelek i kontrola kalibracji<\/h3>\n<p>Z biegiem czasu uszczelnienia ulegaj\u0105 degradacji i wymagaj\u0105 wymiany, aby zachowa\u0107 integralno\u015b\u0107 uk\u0142adu. Technicy powinni by\u0107 przeszkoleni w zakresie rozpoznawania oznak zu\u017cycia uszczelnie\u0144 i rozumie\u0107 proces ich wymiany. Dodatkowo, regularne kontrole kalibracji zapewniaj\u0105, \u017ce uk\u0142ad hydrauliczny dzia\u0142a w okre\u015blonych parametrach, zapobiegaj\u0105c problemom z wydajno\u015bci\u0105 i zwi\u0119kszaj\u0105c bezpiecze\u0144stwo. Odpowiednie szkolenie i przestrzeganie harmonogram\u00f3w konserwacji maj\u0105 kluczowe znaczenie dla wyd\u0142u\u017cenia \u017cywotno\u015bci si\u0142ownik\u00f3w hydraulicznych.<\/p>\n<p><img decoding=\"async\" src=\"https:\/\/www.hydraulic-cylinders.net\/wp-content\/uploads\/2025\/04\/songte-chushion-collar.webp\" alt=\"Instalacja i konserwacja\" \/><\/p>\n<h2>Zagadnienia bezpiecze\u0144stwa i czynniki \u015brodowiskowe<\/h2>\n<p>Podczas pracy z si\u0142ownikami wysi\u0119gnika \u015brodki bezpiecze\u0144stwa s\u0105 niezb\u0119dne. Operatorzy musz\u0105 przestrzega\u0107 protoko\u0142\u00f3w bezpiecze\u0144stwa, w tym nosi\u0107 odpowiedni sprz\u0119t ochrony osobistej (PPE) i rozumie\u0107 specyficzne zagro\u017cenia zwi\u0105zane z uk\u0142adami hydraulicznymi. Regularne szkolenia z zakresu bezpiecznych procedur obs\u0142ugi mog\u0105 pom\u00f3c zminimalizowa\u0107 ryzyko. Ponadto, kluczowe znaczenie ma przestrzeganie przepis\u00f3w ochrony \u015brodowiska, zapewniaj\u0105c bezpieczne obchodzenie si\u0119 z p\u0142ynami hydraulicznymi i innymi materia\u0142ami oraz ich utylizacj\u0119.<\/p>\n<h2>Rozwi\u0105zywanie problem\u00f3w i typowe problemy<\/h2>\n<ul>\n<li><strong>Przeciek:<\/strong> Wycieki p\u0142ynu hydraulicznego mog\u0105 wyst\u0105pi\u0107 z powodu zu\u017cytych uszczelek lub uszkodzonych podzespo\u0142\u00f3w. Zidentyfikowanie \u017ar\u00f3d\u0142a wycieku i szybka wymiana uszczelek lub uszkodzonych cz\u0119\u015bci jest niezb\u0119dna dla zachowania integralno\u015bci uk\u0142adu.<\/li>\n<li><strong>Nietypowe d\u017awi\u0119ki:<\/strong> Je\u015bli si\u0142ownik wysi\u0119gnika wydaje nietypowe d\u017awi\u0119ki podczas pracy, mo\u017ce to oznacza\u0107 niedostateczne smarowanie lub uszkodzenie wewn\u0119trzne. Wy\u0142\u0105cz sprz\u0119t i przeprowad\u017a dok\u0142adn\u0105 kontrol\u0119, aby zidentyfikowa\u0107 i rozwi\u0105za\u0107 problem.<\/li>\n<li><strong>Niesp\u00f3jna wydajno\u015b\u0107:<\/strong> Je\u015bli cylinder nie pracuje p\u0142ynnie lub wykazuje nier\u00f3wnomiern\u0105 wydajno\u015b\u0107, przyczyn\u0105 mo\u017ce by\u0107 powietrze w przewodach hydraulicznych lub niski poziom p\u0142ynu. Odpowietrzenie uk\u0142adu hydraulicznego i sprawdzenie poziomu p\u0142ynu mo\u017ce rozwi\u0105za\u0107 te problemy.<\/li>\n<\/ul>\n<h3>Wskaz\u00f3wki dotycz\u0105ce rozwi\u0105zywania problem\u00f3w<\/h3>\n<p>Aby skutecznie diagnozowa\u0107 i rozwi\u0105zywa\u0107 problemy z si\u0142ownikami wysi\u0119gnika, operatorzy powinni prowadzi\u0107 szczeg\u00f3\u0142ow\u0105 dokumentacj\u0119 czynno\u015bci konserwacyjnych i przegl\u0105d\u00f3w. Regularne przegl\u0105danie tej dokumentacji mo\u017ce pom\u00f3c w identyfikacji wzorc\u00f3w i potencjalnych problem\u00f3w. Wdro\u017cenie \u015brodk\u00f3w zapobiegawczych, takich jak rutynowa konserwacja i przegl\u0105dy, mo\u017ce zminimalizowa\u0107 wyst\u0119powanie problem\u00f3w i poprawi\u0107 og\u00f3ln\u0105 wydajno\u015b\u0107 systemu.<\/p>\n<p><img decoding=\"async\" src=\"https:\/\/www.hydraulic-cylinders.net\/wp-content\/uploads\/2025\/04\/songte-bushings-with-all-kinds-of-excavator-models.webp\" alt=\"Rozwi\u0105zywanie problem\u00f3w z cylindrami hydraulicznymi\" \/><\/p>\n<h2>O naszej firmie<\/h2>\n<p>Jeste\u015bmy wiod\u0105cym producentem zamiennych si\u0142ownik\u00f3w hydraulicznych, oferuj\u0105cym szerok\u0105 gam\u0119 produkt\u00f3w, dzi\u0119ki kt\u00f3rym stali\u015bmy si\u0119 jednym z czo\u0142owych producent\u00f3w i hurtownik\u00f3w na rynku krajowym i mi\u0119dzynarodowym. D\u0105\u017c\u0105c do doskona\u0142o\u015bci, opieramy si\u0119 na dopracowanej strategii produkcyjnej, kt\u00f3ra k\u0142adzie nacisk na przemys\u0142owe zarz\u0105dzanie produkcj\u0105. Nasza firma stale udoskonala swoj\u0105 platform\u0119 produkcyjn\u0105 poprzez integracj\u0119 wiedzy technicznej, zaawansowanego sprz\u0119tu do produkcji cyfrowej oraz profesjonalnych system\u00f3w testowych.<\/p>\n<p>Nasze rozbudowane mo\u017cliwo\u015bci pozwalaj\u0105 nam skutecznie sprosta\u0107 zr\u00f3\u017cnicowanym potrzebom klient\u00f3w, koncentruj\u0105c si\u0119 na wysokiej wydajno\u015bci, precyzji i jako\u015bci. Oferujemy rozwi\u0105zania dostosowane do indywidualnych potrzeb, gwarantuj\u0105c naszym klientom produkty dopasowane do ich specyficznych potrzeb. Ponadto, posiadamy mi\u0119dzynarodowe certyfikaty potwierdzaj\u0105ce nasze zaanga\u017cowanie w przestrzeganie standard\u00f3w jako\u015bci i bezpiecze\u0144stwa.<\/p>\n<p><img decoding=\"async\" src=\"https:\/\/www.hydraulic-cylinders.net\/wp-content\/uploads\/2025\/04\/songte-company-4.webp\" alt=\"Przegl\u0105d firmy\" \/><br \/>\n<img decoding=\"async\" src=\"https:\/\/www.hydraulic-cylinders.net\/wp-content\/uploads\/2025\/04\/songte-company-3.webp\" alt=\"Nasz zak\u0142ad produkcyjny\" \/><\/p>\n<p>Autor: lyl<\/p>","protected":false},"excerpt":{"rendered":"<p>Boom Cylinder For Yuchai YC240LC-8 Product Overview The Boom Cylinder for Yuchai YC240LC-8 is a critical component in hydraulic systems, designed specifically for controlling the movement of the bucket in various heavy machinery, such as excavators, backhoe loaders, and front loaders. This hydraulic cylinder enables the bucket to lift, lower, and tilt, facilitating efficient material [&hellip;]<\/p>","protected":false},"featured_media":17881,"comment_status":"open","ping_status":"closed","template":"","meta":{"_et_pb_use_builder":"","_et_pb_old_content":"","_et_gb_content_width":""},"product_brand":[],"product_cat":[1546],"product_tag":[1547,1496],"class_list":{"0":"post-19588","1":"product","2":"type-product","3":"status-publish","4":"has-post-thumbnail","6":"product_cat-boom-cylinders","7":"product_tag-boom-cylinders","8":"product_tag-hydraulic-cylinders","10":"first","11":"instock","12":"shipping-taxable","13":"product-type-simple"},"amp_enabled":true,"_links":{"self":[{"href":"https:\/\/www.hydraulic-cylinders.net\/pl\/wp-json\/wp\/v2\/product\/19588","targetHints":{"allow":["GET"]}}],"collection":[{"href":"https:\/\/www.hydraulic-cylinders.net\/pl\/wp-json\/wp\/v2\/product"}],"about":[{"href":"https:\/\/www.hydraulic-cylinders.net\/pl\/wp-json\/wp\/v2\/types\/product"}],"replies":[{"embeddable":true,"href":"https:\/\/www.hydraulic-cylinders.net\/pl\/wp-json\/wp\/v2\/comments?post=19588"}],"wp:featuredmedia":[{"embeddable":true,"href":"https:\/\/www.hydraulic-cylinders.net\/pl\/wp-json\/wp\/v2\/media\/17881"}],"wp:attachment":[{"href":"https:\/\/www.hydraulic-cylinders.net\/pl\/wp-json\/wp\/v2\/media?parent=19588"}],"wp:term":[{"taxonomy":"product_brand","embeddable":true,"href":"https:\/\/www.hydraulic-cylinders.net\/pl\/wp-json\/wp\/v2\/product_brand?post=19588"},{"taxonomy":"product_cat","embeddable":true,"href":"https:\/\/www.hydraulic-cylinders.net\/pl\/wp-json\/wp\/v2\/product_cat?post=19588"},{"taxonomy":"product_tag","embeddable":true,"href":"https:\/\/www.hydraulic-cylinders.net\/pl\/wp-json\/wp\/v2\/product_tag?post=19588"}],"curies":[{"name":"wp","href":"https:\/\/api.w.org\/{rel}","templated":true}]}}