{"id":19595,"date":"2025-04-07T06:56:28","date_gmt":"2025-04-07T06:56:28","guid":{"rendered":"https:\/\/www.hydraulic-cylinders.net\/product\/boom-cylinder-for-xinyuan-crawler-excavator-xy90\/"},"modified":"2025-04-07T06:56:30","modified_gmt":"2025-04-07T06:56:30","slug":"boom-cylinder-for-xinyuan-crawler-excavator-xy90","status":"publish","type":"product","link":"https:\/\/www.hydraulic-cylinders.net\/pl\/produkt\/boom-cylinder-for-xinyuan-crawler-excavator-xy90\/","title":{"rendered":"Si\u0142ownik wysi\u0119gnika do koparki g\u0105sienicowej Xinyuan XY90"},"content":{"rendered":"<h1>Si\u0142ownik wysi\u0119gnika do koparki g\u0105sienicowej Xinyuan XY90<\/h1>\n<h2>Przegl\u0105d produktu<\/h2>\n<p>Si\u0142ownik wysi\u0119gnika koparki g\u0105sienicowej Xinyuan XY90 to kluczowy element zaprojektowany w celu zwi\u0119kszenia wydajno\u015bci operacyjnej ci\u0119\u017ckiego sprz\u0119tu. Si\u0142owniki te zosta\u0142y specjalnie zaprojektowane do sterowania ruchem r\u00f3\u017cnego osprz\u0119tu, takiego jak \u0142y\u017cki, w koparkach, koparko-\u0142adowarkach i \u0142adowarkach czo\u0142owych. Umo\u017cliwiaj\u0105c podnoszenie, opuszczanie i przechylanie wysi\u0119gnika, si\u0142owniki te skutecznie u\u0142atwiaj\u0105 zadania zwi\u0105zane z prze\u0142adunkiem materia\u0142\u00f3w.<\/p>\n<p><img decoding=\"async\" src=\"https:\/\/www.hydraulic-cylinders.net\/wp-content\/uploads\/2025\/04\/songte-company-1.webp\" alt=\"Si\u0142ownik wysi\u0119gnika do koparki\" \/><\/p>\n<h3>Zrozumienie cylindr\u00f3w kube\u0142kowych<\/h3>\n<p>Si\u0142owniki \u0142y\u017cki to si\u0142owniki hydrauliczne, kt\u00f3re odgrywaj\u0105 kluczow\u0105 rol\u0119 w uk\u0142adach hydraulicznych sprz\u0119tu budowlanego. Umo\u017cliwiaj\u0105 precyzyjne poruszanie \u0142y\u017cki, umo\u017cliwiaj\u0105c operatorom \u0142atwe kopanie, podnoszenie i transport materia\u0142\u00f3w. Wykonane z wytrzyma\u0142ych materia\u0142\u00f3w, si\u0142owniki te zapewniaj\u0105 niezawodno\u015b\u0107 i wydajno\u015b\u0107 w trudnych warunkach, co czyni je niezb\u0119dnymi podczas wszelkich prac ziemnych.<\/p>\n<h2>Cechy cylindra wysi\u0119gnika<\/h2>\n<ul>\n<li><strong>Wysoka wytrzyma\u0142o\u015b\u0107 i trwa\u0142o\u015b\u0107:<\/strong> Wykonane z wytrzyma\u0142ej stali lub aluminium, cylindry te wytrzymuj\u0105 wysokie ci\u015bnienie i du\u017ce obci\u0105\u017cenia, s\u0105 zaprojektowane tak, aby doskonale sprawdza\u0107 si\u0119 w trudnych warunkach, a jednocze\u015bnie s\u0105 odporne na zu\u017cycie i zabezpieczone przed korozj\u0105, co wyd\u0142u\u017ca ich \u017cywotno\u015b\u0107.<\/li>\n<li><strong>Wydajna praca uk\u0142adu hydraulicznego:<\/strong> Wykorzystuj\u0105c ci\u015bnienie oleju hydraulicznego do p\u0142ynnego wysuwania i wsuwania, si\u0142ownik wysi\u0119gnika zapewnia szybk\u0105 reakcj\u0119 na polecenia steruj\u0105ce, generuj\u0105c znaczn\u0105 si\u0142\u0119 pchania i ci\u0105gni\u0119cia, idealn\u0105 do podnoszenia ci\u0119\u017ckich \u0142adunk\u00f3w i skomplikowanych zada\u0144.<\/li>\n<li><strong>R\u00f3\u017cne typy:<\/strong> Dost\u0119pne opcje obejmuj\u0105 cylindry jednostronnego dzia\u0142ania (wykorzystuj\u0105ce si\u0142\u0119 hydrauliczn\u0105 w jednym kierunku) lub dwustronnego dzia\u0142ania (wykorzystuj\u0105ce si\u0142\u0119 hydrauliczn\u0105 w obu kierunkach), aby sprosta\u0107 zr\u00f3\u017cnicowanym potrzebom operacyjnym. Niekt\u00f3re modele s\u0105 teleskopowe, co pozwala na wi\u0119ksze wysuni\u0119cie bez zwi\u0119kszania wymiar\u00f3w zewn\u0119trznych, co idealnie sprawdza si\u0119 w zastosowaniach o ograniczonej przestrzeni.<\/li>\n<\/ul>\n<p>Produkujemy wysokiej jako\u015bci si\u0142owniki wysi\u0119gnika, kt\u00f3re doskonale zast\u0105pi\u0105 istniej\u0105ce si\u0142owniki hydrauliczne, zapewniaj\u0105c bezproblemow\u0105 integracj\u0119 i wydajno\u015b\u0107.<\/p>\n<p><img decoding=\"async\" src=\"https:\/\/www.hydraulic-cylinders.net\/wp-content\/uploads\/2025\/04\/songte-cylinder-head-with-all-kinds-excavator-models.webp\" alt=\"Wymiana cylindra hydraulicznego\" \/><\/p>\n<h2>Zastosowania cylindra wysi\u0119gnika<\/h2>\n<h3>Sprz\u0119t budowlany<\/h3>\n<p>W koparkach si\u0142ownik wysi\u0119gnika jest niezb\u0119dny do kopania, za\u0142adunku i przemieszczania gleby lub gruzu. Umo\u017cliwia operatorom wydajne wykonywanie zada\u0144, niezale\u017cnie od tego, czy chodzi o kopanie row\u00f3w, czy przygotowanie terenu pod budow\u0119.<\/p>\n<h3>Maszyny rolnicze<\/h3>\n<p>W \u0142adowarkach czo\u0142owych si\u0142owniki wysi\u0119gnika pomagaj\u0105 w nabieraniu, podnoszeniu i transporcie gleby, siana i innych materia\u0142\u00f3w, odgrywaj\u0105c kluczow\u0105 rol\u0119 w zwi\u0119kszaniu wydajno\u015bci w gospodarstwach rolnych.<\/p>\n<h3>Koparki<\/h3>\n<p>Si\u0142ownik \u0142y\u017cki umo\u017cliwia skuteczn\u0105 penetracj\u0119 gleby przez \u0142y\u017ck\u0119 koparki, dzi\u0119ki czemu prace wykopaliskowe przebiegaj\u0105 sprawniej i s\u0105 bardziej wydajne.<\/p>\n<h3>\u0141adowarki<\/h3>\n<p>W \u0142adowarkach czo\u0142owych si\u0142owniki wysi\u0119gnika u\u0142atwiaj\u0105 podnoszenie i opr\u00f3\u017cnianie \u0142adunk\u00f3w, gwarantuj\u0105c efektywny transport materia\u0142\u00f3w i wydajno\u015b\u0107 pracy.<\/p>\n<h2>Zagadnienia projektowe i kryteria wyboru<\/h2>\n<h3>No\u015bno\u015b\u0107<\/h3>\n<p>Wyb\u00f3r si\u0142ownika wysi\u0119gnika wymaga starannego rozwa\u017cenia jego ud\u017awigu. Musi on odpowiada\u0107 wymaganiom eksploatacyjnym koparki, aby zapewni\u0107 bezpieczn\u0105 i wydajn\u0105 prac\u0119. Ud\u017awig zale\u017cy od \u015brednicy i materia\u0142u si\u0142ownika, a tak\u017ce od jego specyfikacji konstrukcyjnych.<\/p>\n<h3>Opiecz\u0119towanie<\/h3>\n<p>Skuteczne uszczelnienie jest kluczowe dla cylindr\u00f3w hydraulicznych, zapobiegaj\u0105c wyciekom i utrzymuj\u0105c ci\u015bnienie. Wysokiej jako\u015bci uszczelki wykonane z materia\u0142\u00f3w takich jak poliuretan lub kauczuk nitrylowy s\u0105 niezb\u0119dne dla zapewnienia trwa\u0142o\u015bci i wydajno\u015bci, poniewa\u017c s\u0105 odporne na trudne warunki i zu\u017cycie.<\/p>\n<h3>Trwa\u0142o\u015b\u0107<\/h3>\n<p>Trwa\u0142o\u015b\u0107 jest kluczowym czynnikiem w projektowaniu cylindr\u00f3w hydraulicznych. Musz\u0105 one by\u0107 odporne nie tylko na obci\u0105\u017cenia eksploatacyjne, ale tak\u017ce na warunki \u015brodowiskowe, na jakie b\u0119d\u0105 nara\u017cone, takie jak wahania temperatury i nara\u017cenie na zanieczyszczenia. Odpowiednie materia\u0142y i pow\u0142oki ochronne mog\u0105 znacz\u0105co zwi\u0119kszy\u0107 trwa\u0142o\u015b\u0107.<\/p>\n<h3>Bezpiecze\u0144stwo<\/h3>\n<p>W konstrukcji si\u0142ownik\u00f3w wysi\u0119gnika kluczowe znaczenie maj\u0105 zabezpieczenia. Nale\u017c\u0105 do nich zawory bezpiecze\u0144stwa zapobiegaj\u0105ce nadmiernemu ci\u015bnieniu oraz mechanizmy zapewniaj\u0105ce stabilno\u015b\u0107 podczas pracy. W\u0142a\u015bciwe wzgl\u0119dy bezpiecze\u0144stwa zmniejszaj\u0105 ryzyko wypadk\u00f3w i awarii sprz\u0119tu.<\/p>\n<h3>Utrzymywalno\u015b\u0107<\/h3>\n<p>Projektowanie z my\u015bl\u0105 o \u0142atwo\u015bci konserwacji gwarantuje \u0142atw\u0105 obs\u0142ug\u0119 serwisow\u0105 cylindr\u00f3w. Obejmuje to dost\u0119pno\u015b\u0107 do inspekcji, punkt\u00f3w smarowania oraz mo\u017cliwo\u015b\u0107 wymiany uszczelnie\u0144 i innych podzespo\u0142\u00f3w bez znacz\u0105cych przestoj\u00f3w.<\/p>\n<p><img decoding=\"async\" src=\"https:\/\/www.hydraulic-cylinders.net\/wp-content\/uploads\/2025\/04\/songte-oil-pipes-and-spare-parts.webp\" alt=\"Cz\u0119\u015bci cylindr\u00f3w hydraulicznych\" \/><\/p>\n<h2>Uszczelnianie i smarowanie<\/h2>\n<p>Si\u0142owniki hydrauliczne wykorzystuj\u0105 r\u00f3\u017cne metody uszczelniania, aby utrzyma\u0107 ci\u015bnienie i zapobiec wyciekom p\u0142ynu. Elementy takie jak uszczelnienia t\u0142oka i t\u0142oczyska odgrywaj\u0105 w tym procesie kluczow\u0105 rol\u0119. Uszczelnienia wykonane z trwa\u0142ych materia\u0142\u00f3w, takich jak poliuretan i kauczuk nitrylowy, zapewniaj\u0105 trwa\u0142o\u015b\u0107 i skuteczne uszczelnienie pod ci\u015bnieniem. Ponadto powierzchnia korpusu cylindra i gwintowane ko\u0144c\u00f3wki s\u0105 precyzyjnie obrabiane w celu zwi\u0119kszenia odporno\u015bci na zu\u017cycie.<\/p>\n<p>Regularne smarowanie jest niezb\u0119dne dla optymalnej wydajno\u015bci. Olej hydrauliczny nale\u017cy okresowo uzupe\u0142nia\u0107, aby zapewni\u0107 smarowanie element\u00f3w wewn\u0119trznych, zapobiega\u0107 ich zu\u017cyciu i zapewnia\u0107 p\u0142ynn\u0105 prac\u0119. Prawid\u0142owe smarowanie zmniejsza r\u00f3wnie\u017c tarcie, zwi\u0119kszaj\u0105c wydajno\u015b\u0107 i \u017cywotno\u015b\u0107 uk\u0142adu hydraulicznego.<\/p>\n<h2>\u015arodki konserwacji zapobiegawczej<\/h2>\n<ul>\n<li><strong>Regularne kontrole:<\/strong> Rutynowe kontrole uk\u0142adu hydraulicznego pomagaj\u0105 wcze\u015bnie zidentyfikowa\u0107 potencjalne problemy. Sprawd\u017a szczelno\u015b\u0107, zu\u017cycie i poprawno\u015b\u0107 dzia\u0142ania cylindra.<\/li>\n<li><strong>Prawid\u0142owe smarowanie:<\/strong> Ensure that the cylinders are adequately lubricated according to the manufacturer&#8217;s recommendations. This helps minimize wear and tear on the internal components.<\/li>\n<li><strong>Wymiana uszczelki:<\/strong> Regularnie sprawdzaj uszczelki pod k\u0105tem \u015blad\u00f3w zu\u017cycia lub uszkodze\u0144. Szybka wymiana mo\u017ce zapobiec wyciekom i utrzyma\u0107 wydajno\u015b\u0107 systemu.<\/li>\n<\/ul>\n<h2>Wytyczne dotycz\u0105ce instalacji<\/h2>\n<p>Prawid\u0142owy monta\u017c si\u0142ownika wysi\u0119gnika ma kluczowe znaczenie dla optymalnej wydajno\u015bci. Zacznij od upewnienia si\u0119, \u017ce powierzchnie monta\u017cowe s\u0105 czyste i wolne od zanieczyszcze\u0144. Prawid\u0142owo ustaw si\u0142ownik wzgl\u0119dem sprz\u0119tu, aby unikn\u0105\u0107 problem\u00f3w z niewsp\u00f3\u0142osiowo\u015bci\u0105, kt\u00f3re mog\u0105 prowadzi\u0107 do przedwczesnego zu\u017cycia lub awarii.<\/p>\n<p>U\u017cyj odpowiednich uchwyt\u00f3w monta\u017cowych, aby zabezpieczy\u0107 cylinder na miejscu. Upewnij si\u0119, \u017ce przewody hydrauliczne s\u0105 prawid\u0142owo pod\u0142\u0105czone i wszystkie przy\u0142\u0105cza s\u0105 dobrze dokr\u0119cone. Po monta\u017cu przeprowad\u017a dok\u0142adn\u0105 kontrol\u0119, aby upewni\u0107 si\u0119, \u017ce cylinder dzia\u0142a p\u0142ynnie, bez \u017cadnych przeszk\u00f3d i wyciek\u00f3w.<\/p>\n<h2>Typowe zadania konserwacyjne<\/h2>\n<ul>\n<li><strong>Regularne kontrole:<\/strong> Cz\u0119ste kontrole pomagaj\u0105 wykry\u0107 problemy, zanim si\u0119 nasil\u0105. Sprawd\u017a oznaki zu\u017cycia, wycieki i upewnij si\u0119, \u017ce wszystkie podzespo\u0142y dzia\u0142aj\u0105 prawid\u0142owo.<\/li>\n<li><strong>Prawid\u0142owe smarowanie:<\/strong> Przestrzegaj harmonogram\u00f3w smarowania, aby zapewni\u0107 p\u0142ynn\u0105 prac\u0119 i zapobiec przedwczesnemu zu\u017cyciu. Stosuj zalecany olej hydrauliczny i przestrzegaj wytycznych dotycz\u0105cych cz\u0119stotliwo\u015bci uzupe\u0142niania.<\/li>\n<li><strong>Wymiana uszczelki:<\/strong> Monitoruj uszczelki pod k\u0105tem oznak zu\u017cycia i wymieniaj je w razie potrzeby. Jest to kluczowe dla zachowania integralno\u015bci uk\u0142adu hydraulicznego i unikni\u0119cia wyciek\u00f3w.<\/li>\n<\/ul>\n<p>Proper alignment during installation is essential to prevent undue stress on the cylinder. Utilize appropriate mounts to secure the cylinder, ensuring it operates within its design specifications. Regular checks for alignment and calibration will prolong the cylinder&#8217;s life.<\/p>\n<p><img decoding=\"async\" src=\"https:\/\/www.hydraulic-cylinders.net\/wp-content\/uploads\/2025\/04\/songte-chushion-collar.webp\" alt=\"Ko\u0142nierz poduszkowy\" \/><\/p>\n<h2>Zagadnienia bezpiecze\u0144stwa i czynniki \u015brodowiskowe<\/h2>\n<p>Podczas pracy z cylindrami hydraulicznymi kluczowe znaczenie ma zrozumienie zasad bezpiecze\u0144stwa. Operatorzy powinni zawsze nosi\u0107 odpowiedni sprz\u0119t ochrony osobistej (PPE) i dba\u0107 o przestrzeganie wszystkich protoko\u0142\u00f3w bezpiecze\u0144stwa. Odpowiednie szkolenie z obs\u0142ugi uk\u0142ad\u00f3w hydraulicznych zmniejsza ryzyko wypadk\u00f3w i poprawia og\u00f3lne bezpiecze\u0144stwo w miejscu pracy.<\/p>\n<h2>Diagnostyka usterek i typowe problemy<\/h2>\n<ul>\n<li><strong>Przeciek:<\/strong> Jednym z najcz\u0119stszych problem\u00f3w jest wyciek p\u0142ynu hydraulicznego, kt\u00f3ry mo\u017ce wynika\u0107 ze zu\u017cycia uszczelek lub uszkodzenia z\u0142\u0105czy. Regularne kontrole pomagaj\u0105 wcze\u015bnie zidentyfikowa\u0107 i rozwi\u0105za\u0107 te problemy.<\/li>\n<li><strong>Powolna reakcja:<\/strong> Je\u017celi cylinder reaguje powoli, mo\u017ce to oznacza\u0107 problem z uk\u0142adem hydraulicznym, np. niski poziom p\u0142ynu lub niesprawn\u0105 pomp\u0119.<\/li>\n<li><strong>Nadmierne zu\u017cycie:<\/strong> Nietypowe wzorce zu\u017cycia mog\u0105 wskazywa\u0107 na niewsp\u00f3\u0142osiowo\u015b\u0107, niew\u0142a\u015bciwe smarowanie lub nadmierne obci\u0105\u017cenie. Regularna konserwacja pomaga monitorowa\u0107 i korygowa\u0107 te czynniki.<\/li>\n<\/ul>\n<h2>Wskaz\u00f3wki dotycz\u0105ce rozwi\u0105zywania problem\u00f3w<\/h2>\n<p>Aby skutecznie diagnozowa\u0107 i rozwi\u0105zywa\u0107 problemy hydrauliczne, nale\u017cy zacz\u0105\u0107 od sprawdzenia poziomu p\u0142yn\u00f3w i sprawdzenia szczelno\u015bci. Nale\u017cy upewni\u0107 si\u0119, \u017ce wszystkie po\u0142\u0105czenia s\u0105 szczelne, a uszczelki w dobrym stanie. Regularna konserwacja mo\u017ce znacznie ograniczy\u0107 wyst\u0119powanie tych problem\u00f3w.<\/p>\n<p>Wdra\u017canie \u015brodk\u00f3w zapobiegawczych, takich jak przestrzeganie harmonogram\u00f3w konserwacji i wymiana zu\u017cytych cz\u0119\u015bci, pomaga zminimalizowa\u0107 potencjalne problemy i wyd\u0142u\u017cy\u0107 \u017cywotno\u015b\u0107 uk\u0142adu hydraulicznego.<\/p>\n<p><img decoding=\"async\" src=\"https:\/\/www.hydraulic-cylinders.net\/wp-content\/uploads\/2025\/04\/songte-bushings-with-all-kinds-of-excavator-models.webp\" alt=\"Modele koparek\" \/><\/p>\n<h2>Przegl\u0105d firmy<\/h2>\n<p>Jeste\u015bmy wiod\u0105cym producentem i hurtownikiem si\u0142ownik\u00f3w hydraulicznych, specjalizuj\u0105cym si\u0119 w wysokiej jako\u015bci cz\u0119\u015bciach zamiennych. Nasza kompleksowa oferta produktowa ugruntowa\u0142a nasz\u0105 pozycj\u0119 lidera na rynku krajowym i mi\u0119dzynarodowym. Kierujemy si\u0119 strategi\u0105 doskona\u0142o\u015bci, wykorzystuj\u0105c zaawansowane procesy produkcyjne i najnowocze\u015bniejsze technologie, aby zwi\u0119kszy\u0107 nasze mo\u017cliwo\u015bci produkcyjne.<\/p>\n<p>Nasze nastawienie na jako\u015b\u0107 jest wspierane przez zesp\u00f3\u0142 wykwalifikowanych specjalist\u00f3w, kt\u00f3rzy d\u0105\u017c\u0105 do ci\u0105g\u0142ego rozwoju. Oferujemy us\u0142ugi dostosowane do indywidualnych potrzeb naszych klient\u00f3w, zapewniaj\u0105c skuteczne rozwi\u0105zania dopasowane do konkretnych zastosowa\u0144.<\/p>\n<p><img decoding=\"async\" src=\"https:\/\/www.hydraulic-cylinders.net\/wp-content\/uploads\/2025\/04\/songte-company-4.webp\" alt=\"Przegl\u0105d firmy\" \/><br \/>\n<img decoding=\"async\" src=\"https:\/\/www.hydraulic-cylinders.net\/wp-content\/uploads\/2025\/04\/songte-company-3.webp\" alt=\"Zak\u0142ad produkcyjny\" \/><\/p>\n<p>Autor: lyl<\/p>","protected":false},"excerpt":{"rendered":"<p>Boom Cylinder For Xinyuan Crawler Excavator XY90 Product Overview The Boom Cylinder for the Xinyuan Crawler Excavator XY90 is a vital component designed to enhance the operational efficiency of heavy machinery. These cylinders are specifically engineered to control the movement of various attachments, such as buckets, on excavators, backhoe loaders, and front loaders. By allowing [&hellip;]<\/p>","protected":false},"featured_media":17873,"comment_status":"open","ping_status":"closed","template":"","meta":{"_et_pb_use_builder":"","_et_pb_old_content":"","_et_gb_content_width":""},"product_brand":[],"product_cat":[1546],"product_tag":[1547,1496],"class_list":{"0":"post-19595","1":"product","2":"type-product","3":"status-publish","4":"has-post-thumbnail","6":"product_cat-boom-cylinders","7":"product_tag-boom-cylinders","8":"product_tag-hydraulic-cylinders","10":"first","11":"instock","12":"shipping-taxable","13":"product-type-simple"},"amp_enabled":true,"_links":{"self":[{"href":"https:\/\/www.hydraulic-cylinders.net\/pl\/wp-json\/wp\/v2\/product\/19595","targetHints":{"allow":["GET"]}}],"collection":[{"href":"https:\/\/www.hydraulic-cylinders.net\/pl\/wp-json\/wp\/v2\/product"}],"about":[{"href":"https:\/\/www.hydraulic-cylinders.net\/pl\/wp-json\/wp\/v2\/types\/product"}],"replies":[{"embeddable":true,"href":"https:\/\/www.hydraulic-cylinders.net\/pl\/wp-json\/wp\/v2\/comments?post=19595"}],"wp:featuredmedia":[{"embeddable":true,"href":"https:\/\/www.hydraulic-cylinders.net\/pl\/wp-json\/wp\/v2\/media\/17873"}],"wp:attachment":[{"href":"https:\/\/www.hydraulic-cylinders.net\/pl\/wp-json\/wp\/v2\/media?parent=19595"}],"wp:term":[{"taxonomy":"product_brand","embeddable":true,"href":"https:\/\/www.hydraulic-cylinders.net\/pl\/wp-json\/wp\/v2\/product_brand?post=19595"},{"taxonomy":"product_cat","embeddable":true,"href":"https:\/\/www.hydraulic-cylinders.net\/pl\/wp-json\/wp\/v2\/product_cat?post=19595"},{"taxonomy":"product_tag","embeddable":true,"href":"https:\/\/www.hydraulic-cylinders.net\/pl\/wp-json\/wp\/v2\/product_tag?post=19595"}],"curies":[{"name":"wp","href":"https:\/\/api.w.org\/{rel}","templated":true}]}}