{"id":19600,"date":"2025-04-07T06:56:44","date_gmt":"2025-04-07T06:56:44","guid":{"rendered":"https:\/\/www.hydraulic-cylinders.net\/product\/boom-cylinder-for-volwa-small-excavator-dls160-8b-9\/"},"modified":"2025-04-07T06:56:52","modified_gmt":"2025-04-07T06:56:52","slug":"boom-cylinder-for-volwa-small-excavator-dls160-8b-9","status":"publish","type":"product","link":"https:\/\/www.hydraulic-cylinders.net\/pl\/produkt\/boom-cylinder-for-volwa-small-excavator-dls160-8b-9\/","title":{"rendered":"Si\u0142ownik wysi\u0119gnika do ma\u0142ej koparki Volwa DLS160-8B-9"},"content":{"rendered":"<h1>Si\u0142ownik wysi\u0119gnika do ma\u0142ej koparki Volwa DLS160-8B-9<\/h1>\n<h2>Przegl\u0105d cylindra wysi\u0119gnika<\/h2>\n<p>Si\u0142ownik wysi\u0119gnika to kluczowy element hydrauliczny zaprojektowany specjalnie do sterowania ruchem \u0142y\u017cki w ci\u0119\u017ckich maszynach, takich jak koparki, koparko-\u0142adowarki i \u0142adowarki czo\u0142owe. U\u0142atwia on podnoszenie, opuszczanie i przechylanie \u0142y\u017cki, umo\u017cliwiaj\u0105c wydajne przenoszenie materia\u0142\u00f3w. W przypadku ma\u0142ej koparki Volwa DLS160-8B-9 si\u0142ownik wysi\u0119gnika odgrywa kluczow\u0105 rol\u0119 w og\u00f3lnej wydajno\u015bci i funkcjonalno\u015bci maszyny.<\/p>\n<p><img decoding=\"async\" src=\"https:\/\/www.hydraulic-cylinders.net\/wp-content\/uploads\/2025\/04\/songte-company-1.webp\" alt=\"Si\u0142ownik wysi\u0119gnika\" \/><\/p>\n<h3>Definicja i funkcjonalno\u015b\u0107<\/h3>\n<p>Si\u0142ownik \u0142y\u017cki to rodzaj si\u0142ownika hydraulicznego specjalnie zaprojektowanego do sterowania ruchem \u0142y\u017cki w r\u00f3\u017cnych maszynach ci\u0119\u017ckich. Si\u0142owniki te wykorzystuj\u0105 ci\u015bnienie hydrauliczne do wytwarzania si\u0142y, umo\u017cliwiaj\u0105c p\u0142ynne podnoszenie i manewrowanie ci\u0119\u017ckimi \u0142adunkami. W zastosowaniach takich jak wykopaliska, budownictwo i rolnictwo, wydajno\u015b\u0107 i niezawodno\u015b\u0107 si\u0142ownika wysi\u0119gnika maj\u0105 kluczowe znaczenie. S\u0105 one zaprojektowane tak, aby wytrzymywa\u0107 wysokie ci\u015bnienia i obci\u0105\u017cenia, zapewniaj\u0105c optymaln\u0105 wydajno\u015b\u0107 nawet w trudnych warunkach pracy.<\/p>\n<h2>Cechy cylindra wysi\u0119gnika<\/h2>\n<ul>\n<li><strong>Wysoka wytrzyma\u0142o\u015b\u0107 i trwa\u0142o\u015b\u0107:<\/strong> Si\u0142ownik wysi\u0119gnika, zazwyczaj wykonany z wytrzyma\u0142ej stali lub aluminium, wytrzymuje du\u017ce ci\u015bnienie i obci\u0105\u017cenia, dzi\u0119ki czemu nadaje si\u0119 do pracy w trudnych warunkach i wyd\u0142u\u017ca \u017cywotno\u015b\u0107 produktu.<\/li>\n<li><strong>Wydajna praca uk\u0142adu hydraulicznego:<\/strong> Si\u0142ownik wykorzystuje ci\u015bnienie p\u0142ynu hydraulicznego do p\u0142ynnego wysuwania i wsuwania, szybko reaguj\u0105c na polecenia operatora, zapewniaj\u0105c znaczn\u0105 si\u0142\u0119 pchania i ci\u0105gni\u0119cia.<\/li>\n<li><strong>Dost\u0119pne r\u00f3\u017cne typy:<\/strong> W zale\u017cno\u015bci od konkretnych potrzeb eksploatacyjnych, klienci mog\u0105 wybiera\u0107 mi\u0119dzy cylindrami jednostronnego dzia\u0142ania (dzia\u0142aj\u0105cymi w jednym kierunku) lub dwustronnego dzia\u0142ania (dzia\u0142aj\u0105cymi w obu kierunkach). Niekt\u00f3re modele posiadaj\u0105 konstrukcj\u0119 teleskopow\u0105, umo\u017cliwiaj\u0105c\u0105 wi\u0119kszy zasi\u0119g bez zwi\u0119kszania wymiar\u00f3w zewn\u0119trznych.<\/li>\n<li><strong>Odporno\u015b\u0107 na korozj\u0119:<\/strong> Si\u0142ownik wysi\u0119gnika zosta\u0142 wykonany z materia\u0142\u00f3w odpornych na korozj\u0119, co gwarantuje d\u0142u\u017csz\u0105 \u017cywotno\u015b\u0107 i niezawodno\u015b\u0107 w r\u00f3\u017cnych warunkach \u015brodowiskowych.<\/li>\n<li><strong>Opcje dostosowywania:<\/strong> Mo\u017cliwo\u015b\u0107 dostosowania specyfikacji pozwala u\u017cytkownikom dostosowa\u0107 cylinder do konkretnych maszyn i wymaga\u0144 operacyjnych.<\/li>\n<\/ul>\n<h2>Zastosowania cylindra wysi\u0119gnika<\/h2>\n<h3>Sprz\u0119t budowlany<\/h3>\n<p>W koparkach si\u0142owniki wysi\u0119gnika s\u0105 niezb\u0119dne do kopania, za\u0142adunku i przemieszczania ziemi i gruzu. Ich rola jest kluczowa nie tylko podczas wykop\u00f3w, ale tak\u017ce przy podnoszeniu ci\u0119\u017ckich \u0142adunk\u00f3w, co mo\u017ce znacz\u0105co zwi\u0119kszy\u0107 wydajno\u015b\u0107 na placach budowy.<\/p>\n<h3>Maszyny rolnicze<\/h3>\n<p>Stosowane w \u0142adowarkach czo\u0142owych si\u0142owniki wysi\u0119gnika u\u0142atwiaj\u0105 nabieranie, podnoszenie i transport ziemi, siana i innych materia\u0142\u00f3w. Ich wydajno\u015b\u0107 bezpo\u015brednio wp\u0142ywa na szybko\u015b\u0107 prac rolniczych, pozwalaj\u0105c rolnikom maksymalizowa\u0107 czas pracy.<\/p>\n<h3>Koparki<\/h3>\n<p>W koparkach cylindry wysi\u0119gnika umo\u017cliwiaj\u0105 skuteczne zag\u0142\u0119bianie si\u0119 \u0142y\u017cki w gleb\u0119, zapewniaj\u0105c wydajne kopanie. Precyzja i responsywno\u015b\u0107 cylindra wysi\u0119gnika mog\u0105 znacznie poprawi\u0107 og\u00f3ln\u0105 wydajno\u015b\u0107 koparki.<\/p>\n<h3>\u0141adowarki<\/h3>\n<p>W \u0142adowarkach czo\u0142owych si\u0142owniki te wspomagaj\u0105 efektywne podnoszenie i opr\u00f3\u017cnianie \u0142adunk\u00f3w. Ich konstrukcja zapewnia du\u017c\u0105 si\u0142\u0119 podnoszenia, umo\u017cliwiaj\u0105c operatorom \u0142atwe i wydajne przenoszenie ci\u0119\u017ckich materia\u0142\u00f3w.<\/p>\n<h2>Zagadnienia projektowe i kryteria wyboru<\/h2>\n<ul>\n<li><strong>No\u015bno\u015b\u0107:<\/strong> Kluczowe jest oszacowanie ud\u017awigu si\u0142ownika wysi\u0119gnika, aby upewni\u0107 si\u0119, \u017ce wytrzyma on oczekiwane obci\u0105\u017cenia podczas pracy. Konstrukcja musi uwzgl\u0119dnia\u0107 obci\u0105\u017cenia szczytowe bez uszczerbku dla bezpiecze\u0144stwa i funkcjonalno\u015bci.<\/li>\n<li><strong>Mechanizmy uszczelniaj\u0105ce:<\/strong> Integralno\u015b\u0107 uszczelnie\u0144 jest kluczowa dla zapobiegania wyciekom p\u0142ynu hydraulicznego, kt\u00f3re mog\u0105 prowadzi\u0107 do spadku wydajno\u015bci i zagro\u017cenia bezpiecze\u0144stwa. Dobrze zaprojektowany system uszczelnie\u0144 zapewni wydajn\u0105 prac\u0119 i d\u0142ugowieczno\u015b\u0107.<\/li>\n<li><strong>Trwa\u0142o\u015b\u0107:<\/strong> Materia\u0142y u\u017cyte do budowy si\u0142ownika wysi\u0119gnika musz\u0105 by\u0107 na tyle trwa\u0142e, aby by\u0142y odporne na zu\u017cycie i korozj\u0119, zw\u0142aszcza w trudnych warunkach, w kt\u00f3rych powszechnie wyst\u0119puje nara\u017cenie na dzia\u0142anie warunk\u00f3w atmosferycznych i substancji chemicznych.<\/li>\n<li><strong>Funkcje bezpiecze\u0144stwa:<\/strong> W celu zapobiegania wypadkom i awariom sprz\u0119tu podczas pracy niezb\u0119dne jest zastosowanie zabezpiecze\u0144, takich jak zawory bezpiecze\u0144stwa i blokady bezpiecze\u0144stwa.<\/li>\n<li><strong>Dost\u0119pno\u015b\u0107 konserwacyjna:<\/strong> Konstrukcja powinna umo\u017cliwia\u0107 \u0142atw\u0105 konserwacj\u0119 i naprawy, dzi\u0119ki czemu operatorzy b\u0119d\u0105 mogli szybko rozwi\u0105za\u0107 wszelkie problemy, bez konieczno\u015bci d\u0142ugiego przestoju.<\/li>\n<\/ul>\n<p><img decoding=\"async\" src=\"https:\/\/www.hydraulic-cylinders.net\/wp-content\/uploads\/2025\/04\/songte-oil-pipes-and-spare-parts.webp\" alt=\"Elementy hydrauliczne\" \/><\/p>\n<h2>Uszczelnianie i smarowanie<\/h2>\n<p>Skuteczno\u015b\u0107 dzia\u0142ania si\u0142ownika wysi\u0119gnika w du\u017cej mierze zale\u017cy od zastosowanych system\u00f3w uszczelnie\u0144 i smarowania. R\u00f3\u017cne uszczelnienia, takie jak uszczelnienia t\u0142oka i t\u0142oczyska, odgrywaj\u0105 kluczow\u0105 rol\u0119 w utrzymaniu integralno\u015bci p\u0142ynu hydraulicznego. Wyb\u00f3r uszczelnie\u0144 wykonanych z trwa\u0142ych materia\u0142\u00f3w, takich jak poliuretan i kauczuk nitrylowy, zapewnia odporno\u015b\u0107 na zu\u017cycie. Dodatkowo, korpus si\u0142ownika i gwintowane ko\u0144c\u00f3wki musz\u0105 zosta\u0107 poddane precyzyjnej obr\u00f3bce mechanicznej w celu zwi\u0119kszenia odporno\u015bci na zu\u017cycie. Regularne smarowanie odpowiednim olejem hydraulicznym jest niezb\u0119dne dla zmniejszenia tarcia i wyd\u0142u\u017cenia \u017cywotno\u015bci si\u0142ownika.<\/p>\n<h2>\u015arodki konserwacji zapobiegawczej<\/h2>\n<ul>\n<li><strong>Regularne kontrole:<\/strong> Przeprowadzaj rutynowe kontrole si\u0142ownika wysi\u0119gnika, aby wcze\u015bnie wykry\u0107 wszelkie oznaki zu\u017cycia, wyciek\u00f3w lub uszkodze\u0144. Wczesne wykrycie mo\u017ce zapobiec kosztownym naprawom i wyd\u0142u\u017cy\u0107 \u017cywotno\u015b\u0107 sprz\u0119tu.<\/li>\n<li><strong>Smarowanie:<\/strong> Upewnij si\u0119, \u017ce cylinder jest zawsze odpowiednio smarowany. Zaniedbanie smarowania mo\u017ce prowadzi\u0107 do zwi\u0119kszonego tarcia i przedwczesnego zu\u017cycia, co ostatecznie negatywnie wp\u0142ynie na wydajno\u015b\u0107 cylindra.<\/li>\n<li><strong>Wymiana uszczelki:<\/strong> Regularnie sprawdzaj i wymieniaj uszczelki w razie potrzeby. Zu\u017cyte uszczelki mog\u0105 powodowa\u0107 wycieki p\u0142ynu, co wp\u0142ywa na wydajno\u015b\u0107 i osi\u0105gi cylindra.<\/li>\n<\/ul>\n<h2>Wytyczne dotycz\u0105ce instalacji<\/h2>\n<p>Prawid\u0142owy monta\u017c si\u0142ownika wysi\u0119gnika ma kluczowe znaczenie dla zapewnienia optymalnej wydajno\u015bci. Rozpocznij od dok\u0142adnego wyr\u00f3wnania si\u0142ownika z punktami mocowania maszyny, aby zapobiec napr\u0119\u017ceniom i niewsp\u00f3\u0142osiowo\u015bci. Zastosuj odpowiednie wsporniki monta\u017cowe, aby zabezpieczy\u0107 si\u0142ownik na miejscu i zapewni\u0107 jego swobodny, niezak\u0142\u00f3cony ruch. Zaleca si\u0119 u\u017cycie narz\u0119dzi do ustawiania po\u0142o\u017cenia, aby zagwarantowa\u0107 precyzyjne pozycjonowanie przed sfinalizowaniem monta\u017cu. Zawsze post\u0119puj zgodnie z zaleceniami producenta dotycz\u0105cymi momentu obrotowego i procedur pod\u0142\u0105czania, sprawdzaj\u0105c wszystkie po\u0142\u0105czenia hydrauliczne pod k\u0105tem szczelno\u015bci po monta\u017cu.<\/p>\n<h2>Typowe zadania konserwacyjne<\/h2>\n<ul>\n<li><strong>Regularne kontrole:<\/strong> Rutynowe kontrole pomagaj\u0105 zidentyfikowa\u0107 problemy, zanim si\u0119 nasil\u0105. Szukaj oznak zu\u017cycia lub wyciek\u00f3w i natychmiast je usuwaj, aby unikn\u0105\u0107 dalszych komplikacji.<\/li>\n<li><strong>Prawid\u0142owe smarowanie:<\/strong> Nale\u017cy regularnie smarowa\u0107 si\u0142ownik wysi\u0119gnika, aby zapewni\u0107 jego p\u0142ynn\u0105 prac\u0119. Nale\u017cy u\u017cywa\u0107 odpowiedniego rodzaju p\u0142ynu hydraulicznego i uzupe\u0142nia\u0107 uk\u0142ad do poziomu zalecanego przez producenta.<\/li>\n<li><strong>Wymiana uszczelki:<\/strong> Monitoruj stan uszczelek i wymieniaj je w razie potrzeby. Jest to kluczowe dla utrzymania ci\u015bnienia hydraulicznego i zapobiegania wyciekom.<\/li>\n<\/ul>\n<p><img decoding=\"async\" src=\"https:\/\/www.hydraulic-cylinders.net\/wp-content\/uploads\/2025\/04\/songte-chushion-collar.webp\" alt=\"Monta\u017c cylindra\" \/><\/p>\n<h2>Zagadnienia bezpiecze\u0144stwa i czynniki \u015brodowiskowe<\/h2>\n<p>Podczas u\u017cytkowania si\u0142ownik\u00f3w hydraulicznych, wdro\u017cenie \u015brodk\u00f3w bezpiecze\u0144stwa jest kluczowe dla ochrony operator\u00f3w i sprz\u0119tu. Nale\u017cy upewni\u0107 si\u0119, \u017ce wszystkie zabezpieczenia dzia\u0142aj\u0105 prawid\u0142owo, a personel jest przeszkolony w zakresie bezpiecznych procedur obs\u0142ugi. Prawid\u0142owe post\u0119powanie z p\u0142ynami hydraulicznymi jest r\u00f3wnie\u017c kluczowe dla zminimalizowania wp\u0142ywu na \u015brodowisko. Regularnie sprawdzaj szczelno\u015b\u0107 uk\u0142ad\u00f3w hydraulicznych i dopilnuj, aby wszelkie wycieki by\u0142y niezw\u0142ocznie usuwane, aby zapobiec zanieczyszczeniu.<\/p>\n<h2>Rozwi\u0105zywanie problem\u00f3w i typowe problemy<\/h2>\n<ul>\n<li><strong>Przeciek:<\/strong> Wycieki p\u0142ynu hydraulicznego mog\u0105 wskazywa\u0107 na zu\u017cycie uszczelek lub uszkodzone po\u0142\u0105czenia. Sprawd\u017a wszystkie uszczelki i z\u0142\u0105czki, natychmiast wymieniaj\u0105c uszkodzone elementy.<\/li>\n<li><strong>S\u0142aba wydajno\u015b\u0107:<\/strong> Je\u015bli si\u0142ownik wysi\u0119gnika nie dzia\u0142a p\u0142ynnie, nale\u017cy sprawdzi\u0107 poziom i jako\u015b\u0107 p\u0142ynu hydraulicznego. Zanieczyszczony lub niski poziom p\u0142ynu mo\u017ce znacznie obni\u017cy\u0107 wydajno\u015b\u0107.<\/li>\n<li><strong>Nietypowe d\u017awi\u0119ki:<\/strong> Nietypowe d\u017awi\u0119ki podczas pracy mog\u0105 sugerowa\u0107 problemy mechaniczne. Zbadaj \u017ar\u00f3d\u0142o ha\u0142asu i przeprowad\u017a niezb\u0119dne naprawy, aby unikn\u0105\u0107 dalszych uszkodze\u0144.<\/li>\n<\/ul>\n<p>Aby skutecznie diagnozowa\u0107 problemy, nale\u017cy prowadzi\u0107 szczeg\u00f3\u0142owy rejestr wszystkich parametr\u00f3w operacyjnych i wszelkich nieprawid\u0142owo\u015bci zaobserwowanych podczas u\u017cytkowania. Takie zapisy pomog\u0105 w identyfikacji wzorc\u00f3w i potencjalnych problem\u00f3w, zanim stan\u0105 si\u0119 one powa\u017cne. Podejmowanie dzia\u0142a\u0144 proaktywnych mo\u017ce znacznie skr\u00f3ci\u0107 przestoje i wyd\u0142u\u017cy\u0107 \u017cywotno\u015b\u0107 sprz\u0119tu.<\/p>\n<p><img decoding=\"async\" src=\"https:\/\/www.hydraulic-cylinders.net\/wp-content\/uploads\/2025\/04\/songte-bushings-with-all-kinds-of-excavator-models.webp\" alt=\"Cz\u0119\u015bci do koparek\" \/><\/p>\n<h2>Przegl\u0105d firmy<\/h2>\n<p>Jeste\u015bmy wiod\u0105cym producentem zamiennych si\u0142ownik\u00f3w hydraulicznych, znanym z szerokiej gamy produkt\u00f3w na rynku krajowym i mi\u0119dzynarodowym. Nasze zaanga\u017cowanie w d\u0105\u017cenie do doskona\u0142o\u015bci znajduje odzwierciedlenie w naszych zaawansowanych strategiach zarz\u0105dzania produkcj\u0105. Stale udoskonalamy nasz\u0105 platform\u0119 produkcyjn\u0105 poprzez rekrutacj\u0119 wykwalifikowanego personelu technicznego, inwestycje w wysokiej klasy sprz\u0119t do produkcji cyfrowej oraz wdra\u017canie profesjonalnych system\u00f3w testowych. Pozwala nam to zapewnia\u0107 wysok\u0105 wydajno\u015b\u0107, precyzj\u0119 i jako\u015b\u0107, spe\u0142niaj\u0105c zr\u00f3\u017cnicowane potrzeby klient\u00f3w.<\/p>\n<p><img decoding=\"async\" src=\"https:\/\/www.hydraulic-cylinders.net\/wp-content\/uploads\/2025\/04\/songte-company-4.webp\" alt=\"Obiekty firmy\" \/><br \/>\n<img decoding=\"async\" src=\"https:\/\/www.hydraulic-cylinders.net\/wp-content\/uploads\/2025\/04\/songte-company-3.webp\" alt=\"Sprz\u0119t firmowy\" \/><\/p>\n<h2>Wniosek<\/h2>\n<p>Podsumowuj\u0105c, si\u0142ownik wysi\u0119gnika do ma\u0142ej koparki Volwa DLS160-8B-9 to niezb\u0119dny element zaprojektowany w celu zwi\u0119kszenia wydajno\u015bci i efektywno\u015bci ci\u0119\u017ckich maszyn. Dzi\u0119ki solidnym konstrukcjom, r\u00f3\u017cnorodnym zastosowaniom i mo\u017cliwo\u015bciom personalizacji, nasze si\u0142owniki hydrauliczne s\u0105 idealnym wyborem dla operator\u00f3w poszukuj\u0105cych niezawodno\u015bci i trwa\u0142o\u015bci w swoim sprz\u0119cie.<\/p>\n<p>Autor: lyl<\/p>","protected":false},"excerpt":{"rendered":"<p>Boom Cylinder For Volwa Small Excavator DLS160-8B-9 Overview of the Boom Cylinder The boom cylinder is a crucial hydraulic component designed specifically to control the movement of the bucket in heavy machinery such as excavators, backhoes, and front loaders. It facilitates the lifting, lowering, and tilting of the bucket, enabling efficient material handling tasks. In [&hellip;]<\/p>","protected":false},"featured_media":17878,"comment_status":"open","ping_status":"closed","template":"","meta":{"_et_pb_use_builder":"","_et_pb_old_content":"","_et_gb_content_width":""},"product_brand":[],"product_cat":[1546],"product_tag":[1547,1496],"class_list":{"0":"post-19600","1":"product","2":"type-product","3":"status-publish","4":"has-post-thumbnail","6":"product_cat-boom-cylinders","7":"product_tag-boom-cylinders","8":"product_tag-hydraulic-cylinders","10":"first","11":"instock","12":"shipping-taxable","13":"product-type-simple"},"amp_enabled":true,"_links":{"self":[{"href":"https:\/\/www.hydraulic-cylinders.net\/pl\/wp-json\/wp\/v2\/product\/19600","targetHints":{"allow":["GET"]}}],"collection":[{"href":"https:\/\/www.hydraulic-cylinders.net\/pl\/wp-json\/wp\/v2\/product"}],"about":[{"href":"https:\/\/www.hydraulic-cylinders.net\/pl\/wp-json\/wp\/v2\/types\/product"}],"replies":[{"embeddable":true,"href":"https:\/\/www.hydraulic-cylinders.net\/pl\/wp-json\/wp\/v2\/comments?post=19600"}],"wp:featuredmedia":[{"embeddable":true,"href":"https:\/\/www.hydraulic-cylinders.net\/pl\/wp-json\/wp\/v2\/media\/17878"}],"wp:attachment":[{"href":"https:\/\/www.hydraulic-cylinders.net\/pl\/wp-json\/wp\/v2\/media?parent=19600"}],"wp:term":[{"taxonomy":"product_brand","embeddable":true,"href":"https:\/\/www.hydraulic-cylinders.net\/pl\/wp-json\/wp\/v2\/product_brand?post=19600"},{"taxonomy":"product_cat","embeddable":true,"href":"https:\/\/www.hydraulic-cylinders.net\/pl\/wp-json\/wp\/v2\/product_cat?post=19600"},{"taxonomy":"product_tag","embeddable":true,"href":"https:\/\/www.hydraulic-cylinders.net\/pl\/wp-json\/wp\/v2\/product_tag?post=19600"}],"curies":[{"name":"wp","href":"https:\/\/api.w.org\/{rel}","templated":true}]}}