{"id":19604,"date":"2025-04-07T06:57:00","date_gmt":"2025-04-07T06:57:00","guid":{"rendered":"https:\/\/www.hydraulic-cylinders.net\/product\/boom-cylinder-for-volwa-small-excavator-dls130-9\/"},"modified":"2025-04-07T06:57:03","modified_gmt":"2025-04-07T06:57:03","slug":"boom-cylinder-for-volwa-small-excavator-dls130-9","status":"publish","type":"product","link":"https:\/\/www.hydraulic-cylinders.net\/pl\/produkt\/boom-cylinder-for-volwa-small-excavator-dls130-9\/","title":{"rendered":"Si\u0142ownik wysi\u0119gnika do ma\u0142ej koparki Volwa DLS130-9"},"content":{"rendered":"<h1>Si\u0142ownik wysi\u0119gnika do ma\u0142ej koparki Volwa DLS130-9<\/h1>\n<h2>Przegl\u0105d produktu<\/h2>\n<p>Si\u0142ownik wysi\u0119gnika do ma\u0142ej koparki Volwa DLS130-9 to kluczowy element uk\u0142ad\u00f3w hydraulicznych, zaprojektowany specjalnie do sterowania ruchem \u0142y\u017cki w r\u00f3\u017cnych ci\u0119\u017ckich maszynach, takich jak koparki, koparko-\u0142adowarki i \u0142adowarki czo\u0142owe. Ten si\u0142ownik hydrauliczny u\u0142atwia podnoszenie, opuszczanie i przechylanie \u0142y\u017cki, co czyni j\u0105 niezb\u0119dnym narz\u0119dziem do zada\u0144 zwi\u0105zanych z prze\u0142adunkiem materia\u0142\u00f3w.<\/p>\n<p>Jako rodzaj si\u0142ownika hydraulicznego, si\u0142ownik \u0142y\u017cki dzia\u0142a na zasadzie ci\u015bnienia cieczy. Pompowanie oleju hydraulicznego do si\u0142ownika powoduje powstanie ci\u015bnienia, kt\u00f3re porusza t\u0142ok, a ten z kolei porusza \u0142y\u017ck\u0105. Mechanizm ten pozwala na precyzyjn\u0105 kontrol\u0119 po\u0142o\u017cenia \u0142y\u017cki, umo\u017cliwiaj\u0105c operatorom wydajne wykonywanie z\u0142o\u017conych zada\u0144. Konstrukcja si\u0142ownika wysi\u0119gnika gwarantuje, \u017ce sprosta on wyzwaniom zwi\u0105zanym z podnoszeniem ci\u0119\u017ckich \u0142adunk\u00f3w i prac\u0105 w trudnych warunkach, co czyni go niezawodnym wyborem do sprz\u0119tu budowlanego i rolniczego.<\/p>\n<p><img decoding=\"async\" src=\"https:\/\/www.hydraulic-cylinders.net\/wp-content\/uploads\/2025\/04\/songte-company-1.webp\" alt=\"Si\u0142ownik wysi\u0119gnika do koparki\"><\/p>\n<h2>Cechy cylindra wysi\u0119gnika<\/h2>\n<ul>\n<li><strong>Wysoka wytrzyma\u0142o\u015b\u0107 i trwa\u0142o\u015b\u0107:<\/strong> Zazwyczaj wykonane z wysokowytrzyma\u0142ej stali lub aluminium, te cylindry wytrzymuj\u0105 wysokie ci\u015bnienie i du\u017ce obci\u0105\u017cenia, dzi\u0119ki czemu nadaj\u0105 si\u0119 do pracy w trudnych warunkach. Zaprojektowano je z my\u015bl\u0105 o odporno\u015bci na zu\u017cycie i korozj\u0119, co wyd\u0142u\u017ca ich \u017cywotno\u015b\u0107.<\/li>\n<li><strong>Wydajna praca uk\u0142adu hydraulicznego:<\/strong> Si\u0142ownik wykorzystuje ci\u015bnienie oleju hydraulicznego do p\u0142ynnego wysuwania i wsuwania, zapewniaj\u0105c szybk\u0105 reakcj\u0119 na polecenia steruj\u0105ce i generuj\u0105c du\u017ce si\u0142y pchania i ci\u0105gni\u0119cia, idealne do przenoszenia ci\u0119\u017ckich przedmiot\u00f3w i wykonywania skomplikowanych zada\u0144.<\/li>\n<li><strong>R\u00f3\u017cne typy:<\/strong> Dost\u0119pne s\u0105 si\u0142owniki jednostronnego dzia\u0142ania (wykorzystuj\u0105ce ci\u015bnienie hydrauliczne w jednym kierunku) i dwustronnego dzia\u0142ania (wykorzystuj\u0105ce ci\u015bnienie hydrauliczne w obu kierunkach), aby sprosta\u0107 zr\u00f3\u017cnicowanym potrzebom operacyjnym. Niekt\u00f3re modele s\u0105 teleskopowe, co pozwala na wi\u0119ksze wysuni\u0119cie bez zwi\u0119kszania wymiar\u00f3w zewn\u0119trznych, dzi\u0119ki czemu nadaj\u0105 si\u0119 do zastosowa\u0144 w ograniczonej przestrzeni.<\/li>\n<li><strong>Produkcja niestandardowa:<\/strong> Nasza firma specjalizuje si\u0119 w produkcji tego produktu, co gwarantuje, \u017ce nasze cylindry mog\u0105 doskonale zast\u0105pi\u0107 istniej\u0105ce cylindry hydrauliczne.<\/li>\n<li><strong>Wszechstronne zastosowania:<\/strong> Zaprojektowane do obs\u0142ugi r\u00f3\u017cnych maszyn, zwi\u0119kszaj\u0105ce produktywno\u015b\u0107 w r\u00f3\u017cnych sektorach.<\/li>\n<\/ul>\n<p><img decoding=\"async\" src=\"https:\/\/www.hydraulic-cylinders.net\/wp-content\/uploads\/2025\/04\/songte-cylinder-head-with-all-kinds-excavator-models.webp\" alt=\"Modele koparek\"><\/p>\n<h2>Zastosowania cylindra wysi\u0119gnika<\/h2>\n<h3>Sprz\u0119t budowlany<\/h3>\n<p>W maszynach budowlanych si\u0142owniki wysi\u0119gnika odgrywaj\u0105 kluczow\u0105 rol\u0119 w kopaniu, za\u0142adunku i przemieszczaniu ziemi lub gruzu. Pomagaj\u0105 kontrolowa\u0107 ruch \u0142y\u017cki, umo\u017cliwiaj\u0105c wydajne kopanie i za\u0142adunek. W koparko-\u0142adowarkach si\u0142ownik wysi\u0119gnika wspomaga zar\u00f3wno kopanie, jak i podnoszenie, zapewniaj\u0105c elastyczno\u015b\u0107 w r\u00f3\u017cnych zadaniach.<\/p>\n<h3>Maszyny rolnicze<\/h3>\n<p>W \u0142adowarkach czo\u0142owych si\u0142owniki wysi\u0119gnika s\u0142u\u017c\u0105 do nabierania, podnoszenia i transportu gleby, siana i innych materia\u0142\u00f3w. Zapewniaj\u0105 one skuteczne chwytanie materia\u0142u przez \u0142y\u017ck\u0119, umo\u017cliwiaj\u0105c p\u0142ynn\u0105 prac\u0119 w rolnictwie i transporcie materia\u0142\u00f3w.<\/p>\n<h3>Koparki<\/h3>\n<p>Koparki wykorzystuj\u0105 cylinder \u0142y\u017cki do penetracji gleby podczas kopania. Jego konstrukcja pozwala na precyzyjn\u0105 kontrol\u0119 k\u0105ta nachylenia i g\u0142\u0119boko\u015bci \u0142y\u017cki, dzi\u0119ki czemu idealnie nadaje si\u0119 do prac wykopaliskowych w zr\u00f3\u017cnicowanych warunkach glebowych.<\/p>\n<h3>\u0141adowarki<\/h3>\n<p>W \u0142adowarkach czo\u0142owych si\u0142owniki wysi\u0119gnika wspomagaj\u0105 wydajne podnoszenie i opr\u00f3\u017cnianie \u0142adunk\u00f3w. Ich solidna konstrukcja umo\u017cliwia podnoszenie du\u017cych ci\u0119\u017car\u00f3w, zapewniaj\u0105c operatorom efektywne zarz\u0105dzanie materia\u0142ami bez uszczerbku dla bezpiecze\u0144stwa.<\/p>\n<h2>Zagadnienia projektowe i standardy wyboru<\/h2>\n<h3>No\u015bno\u015b\u0107<\/h3>\n<p>Przy wyborze si\u0142ownika wysi\u0119gnika, ud\u017awig jest najwa\u017cniejszym czynnikiem. Si\u0142ownik musi by\u0107 wystarczaj\u0105co wytrzyma\u0142y, aby wytrzyma\u0107 maksymalne obci\u0105\u017cenia przewidywane podczas pracy. Czynniki takie jak masa przenoszonych materia\u0142\u00f3w i rodzaj u\u017cywanej maszyny odgrywaj\u0105 istotn\u0105 rol\u0119 w okre\u015bleniu odpowiedniego ud\u017awigu.<\/p>\n<h3>Integralno\u015b\u0107 uszczelnienia<\/h3>\n<p>Uszczelnienie si\u0142ownika wysi\u0119gnika ma kluczowe znaczenie dla utrzymania ci\u015bnienia hydraulicznego i zapobiegania wyciekom. Wysokiej jako\u015bci uszczelnienia s\u0105 niezb\u0119dne dla zapewnienia d\u0142ugotrwa\u0142ej wydajno\u015bci. Uszczelnienia nale\u017cy dobiera\u0107 pod k\u0105tem kompatybilno\u015bci z olejami hydraulicznymi i odporno\u015bci na zu\u017cycie, aby zapewni\u0107 optymaln\u0105 wydajno\u015b\u0107.<\/p>\n<h3>Trwa\u0142o\u015b\u0107<\/h3>\n<p>Trwa\u0142o\u015b\u0107 jest kluczowym czynnikiem w konstrukcji si\u0142ownika wysi\u0119gnika. Musi on wytrzyma\u0107 trudne warunki pracy, w tym nara\u017cenie na kurz, brud i wilgo\u0107. Materia\u0142y u\u017cyte do produkcji powinny by\u0107 odporne na zu\u017cycie i korozj\u0119, aby zapewni\u0107 efektywne dzia\u0142anie si\u0142ownika przez d\u0142ugi czas.<\/p>\n<h3>Funkcje bezpiecze\u0144stwa<\/h3>\n<p>Bezpiecze\u0144stwo jest priorytetem przy wyborze si\u0142ownik\u00f3w hydraulicznych. Konstrukcja powinna uwzgl\u0119dnia\u0107 zabezpieczenia zapobiegaj\u0105ce przeci\u0105\u017ceniom i zapewniaj\u0105ce stabiln\u0105 prac\u0119. Mog\u0105 to by\u0107 zawory bezpiecze\u0144stwa i mechanizmy zabezpieczaj\u0105ce, chroni\u0105ce zar\u00f3wno operatora, jak i maszyn\u0119.<\/p>\n<h3>Dost\u0119pno\u015b\u0107 konserwacyjna<\/h3>\n<p>Konstrukcja si\u0142ownika wysi\u0119gnika powinna umo\u017cliwia\u0107 \u0142atw\u0105 konserwacj\u0119 i napraw\u0119. Dost\u0119p do kluczowych podzespo\u0142\u00f3w w celu ich kontroli, smarowania i wymiany mo\u017ce znacznie skr\u00f3ci\u0107 przestoje i obni\u017cy\u0107 koszty konserwacji, zwi\u0119kszaj\u0105c og\u00f3ln\u0105 wydajno\u015b\u0107.<\/p>\n<p><img decoding=\"async\" src=\"https:\/\/www.hydraulic-cylinders.net\/wp-content\/uploads\/2025\/04\/songte-oil-pipes-and-spare-parts.webp\" alt=\"Rury olejowe i cz\u0119\u015bci zamienne\"><\/p>\n<h2>Uszczelnianie i smarowanie<\/h2>\n<p>Skuteczne uszczelnienie i smarowanie s\u0105 kluczowe dla wydajno\u015bci si\u0142ownik\u00f3w wysi\u0119gnika. R\u00f3\u017cne uszczelnienia, takie jak uszczelnienia t\u0142oka i t\u0142oczyska, s\u0105 niezb\u0119dne do utrzymania ci\u015bnienia hydraulicznego i zapobiegania wyciekom. Uszczelnienia te s\u0105 cz\u0119sto wykonane z trwa\u0142ych materia\u0142\u00f3w, takich jak poliuretan lub kauczuk nitrylowy, kt\u00f3re zapewniaj\u0105 doskona\u0142\u0105 odporno\u015b\u0107 na zu\u017cycie. Dodatkowo, korpus si\u0142ownika i gwintowane ko\u0144c\u00f3wki s\u0105 precyzyjnie obrobione, co zwi\u0119ksza ich trwa\u0142o\u015b\u0107.<\/p>\n<p>Regularne smarowanie olejem hydraulicznym jest niezb\u0119dne dla zapewnienia p\u0142ynnej pracy i zapobiegania przedwczesnemu zu\u017cyciu. Prawid\u0142owe smarowanie zmniejsza tarcie mi\u0119dzy ruchomymi cz\u0119\u015bciami, przyczyniaj\u0105c si\u0119 do wyd\u0142u\u017cenia \u017cywotno\u015bci cylindra.<\/p>\n<h2>\u015arodki konserwacji zapobiegawczej<\/h2>\n<ul>\n<li><strong>Regularne kontrole:<\/strong> Przeprowadzaj rutynowe kontrole, aby zidentyfikowa\u0107 wszelkie oznaki zu\u017cycia lub wyciek\u00f3w. Wczesne wykrycie mo\u017ce zapobiec powa\u017cnym awariom i kosztownym naprawom.<\/li>\n<li><strong>W\u0142a\u015bciwe smarowanie:<\/strong> Upewnij si\u0119, \u017ce poziom oleju hydraulicznego jest na zalecanym poziomie i odpowiedni do warunk\u00f3w pracy. Regularnie sprawdzaj poziom oleju pod k\u0105tem zanieczyszcze\u0144.<\/li>\n<li><strong>Wymiana uszczelki:<\/strong> W razie potrzeby wymieniaj uszczelki, aby utrzyma\u0107 szczelno\u015b\u0107 i zapobiec wyciekom. Powinno to by\u0107 cz\u0119\u015bci\u0105 regularnego harmonogramu konserwacji.<\/li>\n<\/ul>\n<h2>Wytyczne dotycz\u0105ce instalacji<\/h2>\n<p>Prawid\u0142owy monta\u017c si\u0142ownika wysi\u0119gnika ma kluczowe znaczenie dla optymalnej wydajno\u015bci. Na pocz\u0105tek nale\u017cy upewni\u0107 si\u0119, \u017ce si\u0142ownik i jego punkty mocowania s\u0105 czyste i wolne od zanieczyszcze\u0144. U\u017cyj odpowiednich narz\u0119dzi do ustawiania, aby zapewni\u0107 prawid\u0142owe ustawienie si\u0142ownika podczas monta\u017cu. Niezb\u0119dne jest u\u017cycie odpowiednich wspornik\u00f3w monta\u017cowych, aby zabezpieczy\u0107 si\u0142ownik i zapobiec jego rozregulowaniu podczas pracy.<\/p>\n<p>Nale\u017cy \u015bci\u015ble przestrzega\u0107 instrukcji monta\u017cu producenta, upewniaj\u0105c si\u0119, \u017ce wszystkie elementy mocuj\u0105ce s\u0105 dokr\u0119cone z wymaganym momentem obrotowym. Po monta\u017cu nale\u017cy przeprowadzi\u0107 dok\u0142adn\u0105 kontrol\u0119, aby upewni\u0107 si\u0119, \u017ce wszystkie elementy s\u0105 prawid\u0142owo zamontowane i dzia\u0142aj\u0105 zgodnie z przeznaczeniem.<\/p>\n<h2>Typowe zadania konserwacyjne<\/h2>\n<ul>\n<li><strong>Regularne kontrole:<\/strong> Przeprowadzaj cz\u0119ste kontrole, aby oceni\u0107 stan si\u0142ownika wysi\u0119gnika, sprawdzaj\u0105c, czy nie ma \u015blad\u00f3w zu\u017cycia, przeciek\u00f3w i czy sprawdza si\u0119 jego og\u00f3lna funkcjonalno\u015b\u0107.<\/li>\n<li><strong>Prawid\u0142owe smarowanie:<\/strong> Nale\u017cy zapewni\u0107 sta\u0142e smarowanie uk\u0142adu hydraulicznego w celu zmniejszenia tarcia i zu\u017cycia ruchomych cz\u0119\u015bci, co ma kluczowe znaczenie dla utrzymania wydajno\u015bci i wyd\u0142u\u017cenia \u017cywotno\u015bci cylindra.<\/li>\n<li><strong>Wymiana uszczelki:<\/strong> Monitoruj stan uszczelek i wymieniaj je w razie potrzeby, aby utrzyma\u0107 ci\u015bnienie hydrauliczne i zapobiec wyciekom p\u0142ynu. Terminowa wymiana jest kluczowa dla wydajnej pracy uk\u0142adu hydraulicznego.<\/li>\n<\/ul>\n<h2>Zagadnienia bezpiecze\u0144stwa i czynniki \u015brodowiskowe<\/h2>\n<p>Podczas pracy z cylindrami hydraulicznymi \u015brodki bezpiecze\u0144stwa maj\u0105 pierwszorz\u0119dne znaczenie. Operatorzy powinni by\u0107 przeszkoleni w zakresie ogranicze\u0144 eksploatacyjnych i zabezpiecze\u0144 sprz\u0119tu. Zawsze nale\u017cy nosi\u0107 odpowiedni sprz\u0119t ochrony osobistej (PPE) i upewni\u0107 si\u0119, \u017ce maszyna nie jest u\u017cywana ponad jej mo\u017cliwo\u015bci. Regularne audyty bezpiecze\u0144stwa i przestrzeganie przepis\u00f3w bezpiecze\u0144stwa mog\u0105 znacznie zminimalizowa\u0107 ryzyko zwi\u0105zane z maszynami hydraulicznymi.<\/p>\n<h2>Rozwi\u0105zywanie typowych problem\u00f3w<\/h2>\n<ul>\n<li><strong>Przeciek:<\/strong> W przypadku zauwa\u017cenia wyciek\u00f3w p\u0142ynu, nale\u017cy sprawdzi\u0107 uszczelki i z\u0142\u0105czki pod k\u0105tem uszkodze\u0144 i w razie potrzeby wymieni\u0107. Upewni\u0107 si\u0119, \u017ce poziom oleju hydraulicznego jest sta\u0142y.<\/li>\n<li><strong>Utrata mocy:<\/strong> Spadek si\u0142y ud\u017awigu mo\u017ce wskazywa\u0107 na zu\u017cycie wewn\u0119trznego cylindra lub zanieczyszczenie p\u0142ynu hydraulicznego. Sprawd\u017a jako\u015b\u0107 oleju hydraulicznego i wymie\u0144 go w razie potrzeby.<\/li>\n<li><strong>Nietypowe d\u017awi\u0119ki:<\/strong> Nietypowe d\u017awi\u0119ki podczas pracy mog\u0105 wskazywa\u0107 na problemy mechaniczne lub niedostateczne smarowanie. Przeprowad\u017a dok\u0142adn\u0105 kontrol\u0119, aby zidentyfikowa\u0107 i rozwi\u0105za\u0107 problem.<\/li>\n<\/ul>\n<p>Podejmowanie proaktywnych dzia\u0142a\u0144 w zakresie konserwacji i szybkie rozwi\u0105zywanie problem\u00f3w mo\u017ce pom\u00f3c w unikni\u0119ciu powa\u017cniejszych problem\u00f3w w przysz\u0142o\u015bci.<\/p>\n<p><img decoding=\"async\" src=\"https:\/\/www.hydraulic-cylinders.net\/wp-content\/uploads\/2025\/04\/songte-bushings-with-all-kinds-of-excavator-models.webp\" alt=\"Tuleje koparki\"><\/p>\n<h2>O naszej firmie<\/h2>\n<p>Jeste\u015bmy producentem zamiennych si\u0142ownik\u00f3w hydraulicznych, oferuj\u0105cym szerok\u0105 gam\u0119 produkt\u00f3w, co czyni nas jednym z wiod\u0105cych producent\u00f3w i dystrybutor\u00f3w hurtowych na rynku krajowym i mi\u0119dzynarodowym. D\u0105\u017cymy do doskona\u0142o\u015bci w zakresie jako\u015bci i opieramy si\u0119 na dopracowanej strategii zarz\u0105dzania warsztatem produkcyjnym. Nasza firma stale udoskonala swoj\u0105 platform\u0119 produkcyjn\u0105, wykorzystuj\u0105c talent techniczny, wysokiej klasy sprz\u0119t do produkcji cyfrowej oraz profesjonalne systemy testowe.<\/p>\n<p>Koncentrujemy si\u0119 na podnoszeniu jako\u015bci linii produkcyjnych i rozwin\u0119li\u015bmy silne mo\u017cliwo\u015bci kreatywne. Nasze zasady wysokiej wydajno\u015bci, precyzji i jako\u015bci pozwalaj\u0105 nam sprosta\u0107 zr\u00f3\u017cnicowanym potrzebom klient\u00f3w.<\/p>\n<p><img decoding=\"async\" src=\"https:\/\/www.hydraulic-cylinders.net\/wp-content\/uploads\/2025\/04\/songte-company-4.webp\" alt=\"Przegl\u0105d firmy\"><br \/>\n<img decoding=\"async\" src=\"https:\/\/www.hydraulic-cylinders.net\/wp-content\/uploads\/2025\/04\/songte-company-3.webp\" alt=\"Firma produkcyjna\"><\/p>\n<p>Autor: lyl<\/p>","protected":false},"excerpt":{"rendered":"<p>Boom Cylinder For Volwa Small Excavator DLS130-9 Product Overview The Boom Cylinder for the Volwa Small Excavator DLS130-9 is a critical component in hydraulic systems, specifically designed to control the movement of the bucket on various heavy machinery, including excavators, backhoe loaders, and front loaders. This hydraulic cylinder facilitates the lifting, lowering, and tilting of [&hellip;]<\/p>","protected":false},"featured_media":17867,"comment_status":"open","ping_status":"closed","template":"","meta":{"_et_pb_use_builder":"","_et_pb_old_content":"","_et_gb_content_width":""},"product_brand":[],"product_cat":[1546],"product_tag":[1547,1496],"class_list":{"0":"post-19604","1":"product","2":"type-product","3":"status-publish","4":"has-post-thumbnail","6":"product_cat-boom-cylinders","7":"product_tag-boom-cylinders","8":"product_tag-hydraulic-cylinders","10":"first","11":"instock","12":"shipping-taxable","13":"product-type-simple"},"amp_enabled":true,"_links":{"self":[{"href":"https:\/\/www.hydraulic-cylinders.net\/pl\/wp-json\/wp\/v2\/product\/19604","targetHints":{"allow":["GET"]}}],"collection":[{"href":"https:\/\/www.hydraulic-cylinders.net\/pl\/wp-json\/wp\/v2\/product"}],"about":[{"href":"https:\/\/www.hydraulic-cylinders.net\/pl\/wp-json\/wp\/v2\/types\/product"}],"replies":[{"embeddable":true,"href":"https:\/\/www.hydraulic-cylinders.net\/pl\/wp-json\/wp\/v2\/comments?post=19604"}],"wp:featuredmedia":[{"embeddable":true,"href":"https:\/\/www.hydraulic-cylinders.net\/pl\/wp-json\/wp\/v2\/media\/17867"}],"wp:attachment":[{"href":"https:\/\/www.hydraulic-cylinders.net\/pl\/wp-json\/wp\/v2\/media?parent=19604"}],"wp:term":[{"taxonomy":"product_brand","embeddable":true,"href":"https:\/\/www.hydraulic-cylinders.net\/pl\/wp-json\/wp\/v2\/product_brand?post=19604"},{"taxonomy":"product_cat","embeddable":true,"href":"https:\/\/www.hydraulic-cylinders.net\/pl\/wp-json\/wp\/v2\/product_cat?post=19604"},{"taxonomy":"product_tag","embeddable":true,"href":"https:\/\/www.hydraulic-cylinders.net\/pl\/wp-json\/wp\/v2\/product_tag?post=19604"}],"curies":[{"name":"wp","href":"https:\/\/api.w.org\/{rel}","templated":true}]}}